{"id":11,"date":"2022-01-11T03:21:20","date_gmt":"2022-01-11T03:21:20","guid":{"rendered":"http:\/\/taizyagromachine.local\/?page_id=11"},"modified":"2022-01-24T06:09:57","modified_gmt":"2022-01-24T06:09:57","slug":"about-us","status":"publish","type":"page","link":"https:\/\/taizyagromachine.com\/af\/about-us\/","title":{"rendered":"Oor ons"},"content":{"rendered":"<div class=\"wp-block-media-text alignwide is-stacked-on-mobile\"><figure class=\"wp-block-media-text__media\"><img loading=\"lazy\" decoding=\"async\" width=\"720\" height=\"540\" src=\"https:\/\/taizyagromachine.com\/wp-content\/uploads\/2022\/01\/cooperation-with-government.jpg\" alt=\"samewerking\" class=\"wp-image-1801 size-full\"\/><\/figure><div class=\"wp-block-media-text__content\"> <p class=\"translation-block\">As \u2019n toonaangewende en professionele landboumasjienentreprener en diensverskaffer, Taizy Agro Machine Co., Ltd, sien ons \u201c<strong><em>Vir Boere<\/em>, <em>Vir Landbou, Vir \u2019n Beter Lewe<\/em><\/strong>\u201d as ons slagspreuk om ons kliente te dien.  Benewens, het ons ryk ondervinding in die uitvoer van landboumasjiene vir meer as 15 jaar. Ons hoofprodukte sluit in <strong><em>Rysmeul, Mieliesemotor, Rys en koringmasjien, Amandelmasjien, Hooi- en silagemasjien, Somer- en strooiers, Nursery saaiwerkers, Groenteverplantmasjien, Visvoer Pelletmasjien, Dierevoer Pelletmasjien<\/em><\/strong>, ens. Wat meer is, ons is kundig in die uitvoering van tenderprojekte van <strong><em>NGO, FAO, UNDP, en Regeringsverkryging<\/em><\/strong>.\" <\/p>    <p class=\"translation-block\">Welkom om ons via WhatsApp\/Wechat\/Tel te kontak via: <strong><em>+86 13673689272<\/em><\/strong> vir meer inligting.<\/p> <\/div><\/div>    <h2 class=\"has-huge-font-size wp-block-heading\">Hoekom ons kies<\/h2>    <div class=\"wp-block-columns is-layout-flex wp-container-core-columns-is-layout-9d6595d7 wp-block-columns-is-layout-flex\"> <div class=\"wp-block-column is-layout-flow wp-block-column-is-layout-flow\"> <ul class=\"wp-block-list\"><li>Sterk fabriekskrag vir vervaardigermasjiene<\/li><li>Ryk ervarings in uitvoer oorsee<\/li><li>Groot voorverkoop, te koop, na-verkope dienste wat aan kli\u00ebnte gebied word<\/li><li>Betroubare handelsmerk om waardig te wees om te koop<\/li><li>Gewaarborgde kwaliteit om masjienprestasie en eiendom te verseker<\/li><li>Verskeie landboumasjiene om aan verskillende kli\u00ebnte se vereistes te voldoen<\/li><li>Mededingende prys tot voordeel van kli\u00ebnte<\/li><\/ul> <\/div>    <div class=\"wp-block-column is-layout-flow wp-block-column-is-layout-flow\"> <figure class=\"wp-block-gallery aligncenter columns-2 is-cropped wp-block-gallery-2 is-layout-flex wp-block-gallery-is-layout-flex\"><ul class=\"blocks-gallery-grid\"><li class=\"blocks-gallery-item\"><figure><img loading=\"lazy\" decoding=\"async\" width=\"720\" height=\"540\" src=\"https:\/\/taizyagromachine.com\/wp-content\/uploads\/2022\/01\/factory-display-why-choose-us.jpg\" alt=\"fabriek vertoon\" data-id=\"1809\" data-full-url=\"https:\/\/taizyagromachine.com\/wp-content\/uploads\/2022\/01\/factory-display-why-choose-us.jpg\" data-link=\"https:\/\/taizyagromachine.com\/about\/factory-display-why-choose-us\/\" class=\"wp-image-1809\"\/><figcaption class=\"blocks-gallery-item__caption\">fabriek vertoon<\/figcaption><\/figure><\/li><li class=\"blocks-gallery-item\"><figure><img loading=\"lazy\" decoding=\"async\" width=\"720\" height=\"540\" src=\"https:\/\/taizyagromachine.com\/wp-content\/uploads\/2022\/01\/150pcs-corn-sheller-to-Zimbabwe.jpg\" alt=\"150 stuks mieliedop na Zimbabwe\" data-id=\"1810\" data-full-url=\"https:\/\/taizyagromachine.com\/wp-content\/uploads\/2022\/01\/150pcs-corn-sheller-to-Zimbabwe.jpg\" data-link=\"https:\/\/taizyagromachine.com\/about\/150pcs-corn-sheller-to-zimbabwe\/\" class=\"wp-image-1810\"\/><figcaption class=\"blocks-gallery-item__caption\">mieliedop na Zimbabwe<\/figcaption><\/figure><\/li><\/ul><\/figure> <\/div> <\/div>    <h2 class=\"wp-block-heading\">Gebeurtenisse<\/h2>    <p>As\u00a0een\u00a0van\u00a0die\u00a0professioneelste\u00a0landboumasjienverskaffers\u00a0in die Henan-provinsie, ondersoek ons \u200b\u200bdie ontwikkelende lande se mark in diepte en\u00a0kies die mees geskikte landboumasjiene\u00a0om aan die plaaslike vraag te voldoen. Ons word ook uitgenooi om aan baie bekende geleenthede in China en oorsee deel te neem.  Soos, 2018 in Nigeri\u00eb, 2018 in Yiwu, 2019 in Nigeri\u00eb, 2019 in Vi\u00ebtnam, ens.<\/p>    <div class=\"wp-block-image\"><figure class=\"aligncenter size-full\"><img loading=\"lazy\" decoding=\"async\" width=\"1200\" height=\"600\" src=\"https:\/\/taizyagromachine.com\/wp-content\/uploads\/2022\/01\/events.jpg\" alt=\"gebeure\" class=\"wp-image-1820\"\/><figcaption>gebeure<\/figcaption><\/figure><\/div>    <h2 class=\"wp-block-heading\">Voetspoor<\/h2>    <p>Ons het ondervinding in die uitvoer van meer as 15 jaar. Ons produkte het groot gewildheid geniet in Afrika, Suidoos-Asi\u00eb en Suid-Amerika, soos Nigeri\u00eb, Ghana, Peru, Indonesi\u00eb, \u00a0Kongo, Ethiopi\u00eb, Namibi\u00eb, Marokko, Botswana, ens. <\/p>    <div class=\"wp-block-image\"><figure class=\"aligncenter size-full\"><img loading=\"lazy\" decoding=\"async\" width=\"1024\" height=\"486\" src=\"https:\/\/taizyagromachine.com\/wp-content\/uploads\/2022\/01\/footprints-Taizy-Agro.jpg\" alt=\"voetspore\" class=\"wp-image-1805\"\/><figcaption>voetspore<\/figcaption><\/figure><\/div>    <h2 class=\"wp-block-heading\">Sertifikaat<\/h2>    <p>Ons maatskappy het 'n ISO 9001-sertifikaat en die meeste produkte het 'n CE-sertifikaat. Ons kan ook PVOC, SONCAP, SABER, en Voorkeur C\/O kry om kli\u00ebnte te help om maklik invoeruitklaring te doen. Ons verbind onsself om behoorlike produkte en volledige diens te verskaf vir elke binnelandse en oorsese klant.<\/p>    <div class=\"wp-block-columns is-layout-flex wp-container-core-columns-is-layout-9d6595d7 wp-block-columns-is-layout-flex\"> <div class=\"wp-block-column is-layout-flow wp-block-column-is-layout-flow\"> <div class=\"wp-block-image\"><figure class=\"aligncenter size-full\"><img loading=\"lazy\" decoding=\"async\" width=\"2468\" height=\"3425\" src=\"https:\/\/taizyagromachine.com\/wp-content\/uploads\/2022\/01\/PVOC-.jpg\" alt=\"PVOC\" class=\"wp-image-1832\"\/><figcaption>PVOC<\/figcaption><\/figure><\/div> <\/div>    <div class=\"wp-block-column is-layout-flow wp-block-column-is-layout-flow\"> <div class=\"wp-block-image\"><figure class=\"aligncenter size-full\"><img loading=\"lazy\" decoding=\"async\" width=\"2468\" height=\"3425\" src=\"https:\/\/taizyagromachine.com\/wp-content\/uploads\/2022\/01\/SONCAP-.jpg\" alt=\"SONCAP\" class=\"wp-image-1833\"\/><figcaption>SONCAP<\/figcaption><\/figure><\/div> <\/div>    <div class=\"wp-block-column is-layout-flow wp-block-column-is-layout-flow\"> <div class=\"wp-block-image\"><figure class=\"aligncenter size-full\"><img loading=\"lazy\" decoding=\"async\" width=\"2468\" height=\"3425\" src=\"https:\/\/taizyagromachine.com\/wp-content\/uploads\/2022\/01\/ISO9001-.jpg\" alt=\"ISO9001\" class=\"wp-image-1834\"\/><figcaption>ISO9001<\/figcaption><\/figure><\/div> <\/div> <\/div>    <p><\/p>","protected":false},"excerpt":{"rendered":"<p>As a leading and professional agricultural machines manufacturer and provider, Taizy Agro Machine Co., Ltd, we consider &#8220;For Farmers, For Agriculture, For Better Life&#8221; as our slogan to serve our customers. Besides, we have rich experience in exporting agricultural machines for more than 15 years. Our main products include Rice Mill, Corn Machine, Rice and [&hellip;]<\/p>\n","protected":false},"author":1,"featured_media":0,"parent":0,"menu_order":0,"comment_status":"closed","ping_status":"closed","template":"","meta":{"footnotes":""},"class_list":["post-11","page","type-page","status-publish","hentry"],"_links":{"self":[{"href":"https:\/\/taizyagromachine.com\/af\/wp-json\/wp\/v2\/pages\/11","targetHints":{"allow":["GET"]}}],"collection":[{"href":"https:\/\/taizyagromachine.com\/af\/wp-json\/wp\/v2\/pages"}],"about":[{"href":"https:\/\/taizyagromachine.com\/af\/wp-json\/wp\/v2\/types\/page"}],"author":[{"embeddable":true,"href":"https:\/\/taizyagromachine.com\/af\/wp-json\/wp\/v2\/users\/1"}],"replies":[{"embeddable":true,"href":"https:\/\/taizyagromachine.com\/af\/wp-json\/wp\/v2\/comments?post=11"}],"version-history":[{"count":0,"href":"https:\/\/taizyagromachine.com\/af\/wp-json\/wp\/v2\/pages\/11\/revisions"}],"wp:attachment":[{"href":"https:\/\/taizyagromachine.com\/af\/wp-json\/wp\/v2\/media?parent=11"}],"curies":[{"name":"wp","href":"https:\/\/api.w.org\/{rel}","templated":true}]}}