{"id":1125,"date":"2021-12-01T09:40:28","date_gmt":"2021-12-01T09:40:28","guid":{"rendered":"https:\/\/taizyagromachine.com\/?p=1125"},"modified":"2025-02-26T13:56:50","modified_gmt":"2025-02-26T05:56:50","slug":"15tpd-rice-mill-plant","status":"publish","type":"product","link":"https:\/\/taizyagromachine.com\/af\/product\/15tpd-rice-mill-plant\/","title":{"rendered":"15TPD Rysmeul Plant"},"content":{"rendered":"<p class=\"translation-block\">Taizy se <strong>15TPD-rysmeulplant<\/strong> is klein-skaalse rysmeultoerusting wat rou rys in gemaalde wit rys verander. Dit het 'n kapasiteit van 15 ton rys daagliks (600-700 kg per uur) en is geskik vir begin- en klein &amp; medium-grootte rysverwerkingsaanlegte.<\/p>    <p>Dit is volledig outomaties, en voltooi die prosesse van die bestemming, skuil, skeiding, frees en sifting. Hierdie rysmeule -plant het 'n redelike struktuur, supergehalte en ho\u00eb werkdoeltreffendheid. Ons is na Ghana, die VSA, Nigeri\u00eb, Kenia, Peru, Burkina Faso, Cote d\u2019Ivoire en ander lande uitgevoer.<\/p>    <p>As u belangstel in hierdie rysfrees -eenheid, kontak ons \u200b\u200bdan, en ons bied oplossings aan u op grond van u werklike eise.<\/p>    <figure class=\"wp-block-embed is-type-video is-provider-youtube wp-block-embed-youtube wp-embed-aspect-16-9 wp-has-aspect-ratio\"><div class=\"wp-block-embed__wrapper\"> <iframe loading=\"lazy\" title=\"Wys hoe 15tpd-rysmaalaanleg in die fabriek werk | Perfekte keuse vir die verwerking van paddy-rys\" width=\"500\" height=\"281\" src=\"https:\/\/www.youtube.com\/embed\/3wunOYAxBNM?feature=oembed\" frameborder=\"0\" allow=\"accelerometer; autoplay; clipboard-write; encrypted-media; gyroscope; picture-in-picture; web-share\" referrerpolicy=\"strict-origin-when-cross-origin\" allowfullscreen><\/iframe> <\/div><figcaption class=\"wp-element-caption\">werkende video van 15tpd rysmaaleenheid<\/figcaption><\/figure>    <h2 class=\"wp-block-heading\" id=\"h-working-flow-of-15tpd-automatic-rice-mill-plant\"><strong>15TPD rysmeule plantproduksieproses<\/strong><\/h2>    <p class=\"translation-block\">Soos hierbo genoem, is die basiese stappe vir hierdie basiese weergawe van die rysmeul-eenheid <strong>ontsteen \u2192 rysdop \u2192 rys en bruinrys skei \u2192 rysmeul \u2192 wit rys sif<\/strong>. Elke stap en die toerusting wat in daardie stap gebruik word, sal hieronder in detail beskryf word.<\/p>    <div class=\"wp-block-columns is-layout-flex wp-container-core-columns-is-layout-9d6595d7 wp-block-columns-is-layout-flex\"> <div class=\"wp-block-column is-layout-flow wp-block-column-is-layout-flow\"> <figure class=\"wp-block-image size-full\"><img loading=\"lazy\" decoding=\"async\" width=\"720\" height=\"540\" src=\"https:\/\/taizyagromachine.com\/wp-content\/uploads\/2021\/12\/paddy-rice-destoner.webp\" alt=\"Paddy Rice Destoner\" class=\"wp-image-7679\" srcset=\"https:\/\/taizyagromachine.com\/wp-content\/uploads\/2021\/12\/paddy-rice-destoner.webp 720w, https:\/\/taizyagromachine.com\/wp-content\/uploads\/2021\/12\/paddy-rice-destoner-16x12.webp 16w\" sizes=\"auto, (max-width: 720px) 100vw, 720px\" \/><figcaption class=\"wp-element-caption\">Paddy Rice Destoner<\/figcaption><\/figure> <\/div>    <div class=\"wp-block-column is-vertically-aligned-center is-layout-flow wp-block-column-is-layout-flow\"> <p class=\"has-text-align-center translation-block\"><strong>Ontsteenmasjien<\/strong><\/p>    <p>Hierdie masjien verwyder hoofsaaklik die klip, groot grond, 'n bietjie groter strooi as paddy -rys, en klein sand of stof in die paddy -rys.<\/p>    <ul class=\"wp-block-list\"> <li>Model: ZQS50<\/li>    <li>Krag: 0,75+0,75 kW<\/li> <\/ul> <\/div> <\/div>    <div class=\"wp-block-columns is-layout-flex wp-container-core-columns-is-layout-9d6595d7 wp-block-columns-is-layout-flex\"> <div class=\"wp-block-column is-layout-flow wp-block-column-is-layout-flow\"> <figure class=\"wp-block-image size-full\"><img loading=\"lazy\" decoding=\"async\" width=\"720\" height=\"540\" src=\"https:\/\/taizyagromachine.com\/wp-content\/uploads\/2021\/12\/rice-husker.webp\" alt=\"rysdopper\" class=\"wp-image-7680\" srcset=\"https:\/\/taizyagromachine.com\/wp-content\/uploads\/2021\/12\/rice-husker.webp 720w, https:\/\/taizyagromachine.com\/wp-content\/uploads\/2021\/12\/rice-husker-16x12.webp 16w\" sizes=\"auto, (max-width: 720px) 100vw, 720px\" \/><figcaption class=\"wp-element-caption\">rysdopper<\/figcaption><\/figure> <\/div>    <div class=\"wp-block-column is-vertically-aligned-center is-layout-flow wp-block-column-is-layout-flow\"> <p class=\"has-text-align-center translation-block\"><strong>Rysdopmasjien (6-duim rubberrol)<\/strong><\/p>    <p>Dit verwyder die buitenste skil om bruinrys te kry.<\/p>    <ul class=\"wp-block-list\"> <li>Model: LG15<\/li>    <li>Krag: 4kw<\/li> <\/ul> <\/div> <\/div>    <div class=\"wp-block-columns is-layout-flex wp-container-core-columns-is-layout-9d6595d7 wp-block-columns-is-layout-flex\"> <div class=\"wp-block-column is-layout-flow wp-block-column-is-layout-flow\"> <figure class=\"wp-block-image size-full\"><img loading=\"lazy\" decoding=\"async\" width=\"720\" height=\"540\" src=\"https:\/\/taizyagromachine.com\/wp-content\/uploads\/2021\/12\/gravity-paddy-separator.webp\" alt=\"swaartekrag paddy separator\" class=\"wp-image-7681\" srcset=\"https:\/\/taizyagromachine.com\/wp-content\/uploads\/2021\/12\/gravity-paddy-separator.webp 720w, https:\/\/taizyagromachine.com\/wp-content\/uploads\/2021\/12\/gravity-paddy-separator-16x12.webp 16w\" sizes=\"auto, (max-width: 720px) 100vw, 720px\" \/><figcaption class=\"wp-element-caption\">swaartekrag paddy separator<\/figcaption><\/figure> <\/div>    <div class=\"wp-block-column is-vertically-aligned-center is-layout-flow wp-block-column-is-layout-flow\"> <p class=\"has-text-align-center translation-block\"><strong>Swaartekragskeier vir rys<\/strong><\/p>    <p>Die masjien skei die bruinrys van padie deur die verskil van swaartekrag en wrywing op die oppervlak.<\/p>    <ul class=\"wp-block-list\"> <li>Model: MGC270*5<\/li>    <li>Krag: 0.75kw<\/li> <\/ul> <\/div> <\/div>    <div class=\"wp-block-columns is-layout-flex wp-container-core-columns-is-layout-9d6595d7 wp-block-columns-is-layout-flex\"> <div class=\"wp-block-column is-layout-flow wp-block-column-is-layout-flow\"> <figure class=\"wp-block-image size-full\"><img loading=\"lazy\" decoding=\"async\" width=\"720\" height=\"540\" src=\"https:\/\/taizyagromachine.com\/wp-content\/uploads\/2021\/12\/rice-milling-machine.webp\" alt=\"rys maalmasjien\" class=\"wp-image-7677\" srcset=\"https:\/\/taizyagromachine.com\/wp-content\/uploads\/2021\/12\/rice-milling-machine.webp 720w, https:\/\/taizyagromachine.com\/wp-content\/uploads\/2021\/12\/rice-milling-machine-16x12.webp 16w\" sizes=\"auto, (max-width: 720px) 100vw, 720px\" \/><figcaption class=\"wp-element-caption\">rys maalmasjien<\/figcaption><\/figure> <\/div>    <div class=\"wp-block-column is-vertically-aligned-center is-layout-flow wp-block-column-is-layout-flow\"> <p class=\"has-text-align-center translation-block\"><strong>Rysmeulmasjien (emeryrol)<\/strong><\/p>    <p>Ons masjien reom die bruin velle om witrys te kry.<\/p>    <ul class=\"wp-block-list\"> <li>Model: NS150<\/li>    <li>Krag: 15kw<\/li> <\/ul> <\/div> <\/div>    <div class=\"wp-block-columns is-layout-flex wp-container-core-columns-is-layout-9d6595d7 wp-block-columns-is-layout-flex\"> <div class=\"wp-block-column is-layout-flow wp-block-column-is-layout-flow\"> <figure class=\"wp-block-image size-full\"><img loading=\"lazy\" decoding=\"async\" width=\"720\" height=\"540\" src=\"https:\/\/taizyagromachine.com\/wp-content\/uploads\/2021\/12\/rice-grader.webp\" alt=\"rys gradeerder\" class=\"wp-image-7682\" srcset=\"https:\/\/taizyagromachine.com\/wp-content\/uploads\/2021\/12\/rice-grader.webp 720w, https:\/\/taizyagromachine.com\/wp-content\/uploads\/2021\/12\/rice-grader-16x12.webp 16w\" sizes=\"auto, (max-width: 720px) 100vw, 720px\" \/><figcaption class=\"wp-element-caption\">rys gradeerder<\/figcaption><\/figure> <\/div>    <div class=\"wp-block-column is-vertically-aligned-center is-layout-flow wp-block-column-is-layout-flow\"> <p class=\"has-text-align-center translation-block\"><strong>Rysgrader<\/strong><\/p>    <p>Dit skei die hele rys en gebreekte rys op die skerm.<\/p>    <ul class=\"wp-block-list\"> <li>Model: 40<\/li>    <li>Krag: 0,55 kW<\/li> <\/ul> <\/div> <\/div>    <p>Tydens hierdie rysfreesproses is twee hysbakke nodig.  Die hysbakke word gebruik as die onderstaande foto.<\/p>   <div class=\"wp-block-image\"> <figure class=\"aligncenter size-full\"><img loading=\"lazy\" decoding=\"async\" width=\"720\" height=\"540\" src=\"https:\/\/taizyagromachine.com\/wp-content\/uploads\/2022\/01\/structure-of-15TPD-rice-milling-plant.jpg\" alt=\"struktuur van 15TPD rys maal plant\" class=\"wp-image-1745\"\/><figcaption class=\"wp-element-caption\">struktuur van 15TPD rys maal plant<\/figcaption><\/figure> <\/div>   <figure class=\"wp-block-table\"><table class=\"has-fixed-layout\"><tbody><tr><td><strong>Item<\/strong><strong><\/strong><\/td><td><strong>Model<\/strong><strong><\/strong><\/td><td><strong>Krag (kw)<\/strong><\/td><td><strong>Funksie <\/strong><strong><\/strong><\/td><\/tr><tr><td>Hysbak 1<\/td><td>TDTG18\/07<\/td><td>0.75<\/td><td>Dra die paddy -rys in Paddy Rice Destoner<\/td><\/tr><tr><td>Hysbak 2<\/td><td>TDTG18\/07*2<\/td><td>0.75*2<\/td><td>Kanaal 1: Dra die skoon padie -rys aan Paddy Rice Husker.<br>Kanaal 2: herwin bruinrys en paddy -rysmengsel terug na die swaartekrag -skewer.<\/td><\/tr><\/tbody><\/table><figcaption class=\"wp-element-caption\">hysbak gebruik in 15tpd rysmeuleplant<\/figcaption><\/figure>    <h2 class=\"wp-block-heading\"><strong>Tegniese parameters van 15TPD mini -rysmeuleplant<\/strong><\/h2>    <p>Uit die onderstaande tabel weet u dat die model van hierdie basiese weergawe gekombineerde rysmeule MCTP15 is. Die kapasiteit is 15ton\/dag, en die gewig is 1400 kg. U kan ook weet wat die totale grootte en verpakkingsvolume is. Welkom om ons te kontak vir meer besonderhede!<\/p>    <figure class=\"wp-block-table\"><table class=\"has-fixed-layout\"><tbody><tr><td><strong>Model<\/strong><strong><\/strong><\/td><td><strong>Totale krag<\/strong><\/td><td><strong>Kapasiteit<\/strong><strong><\/strong><\/td><td><strong>&nbsp;Algehele grootte&nbsp;<\/strong><\/td><td><strong>Gewig<\/strong><strong><\/strong><\/td><td><strong>Verpakking volume<\/strong><\/td><\/tr><tr><td>MCTP15<\/td><td>23.3kw<\/td><td>15ton\/dag (600-800 kg\/h)<\/td><td>&nbsp;3000*3000*3000mm&nbsp;<\/td><td>1400kg<\/td><td>8.5 cbm<\/td><\/tr><\/tbody><\/table><figcaption class=\"wp-element-caption\">Spesifikasies van 15ton\/dag rysfreesseenheid<\/figcaption><\/figure>    <h2 class=\"wp-block-heading\" id=\"h-advantages-of-15t-complete-rice-milling-plant\"><strong>Voordele van 15TPD outomatiese rysmeuleplant<\/strong><\/h2>    <ul class=\"wp-block-list\"> <li>Dit het 'n verwerking <strong>uitset van 600-800 kg per uur<\/strong>, wat aan die produksievraag van klein en mediumgrootte verwerkingsaanlegte voldoen.<\/li>    <li>Die <strong>Maalsnelheid bereik 68-72%<\/strong>, wat die produksie van voltooide rys effektief verbeter en die verlies verminder.<\/li>    <li>Die <strong>Gebreekte rystempo word binne 2% beheer<\/strong>, wat die kwaliteit van rys verseker en die mededingendheid van die mark verhoog.<\/li>    <li>Hierdie rysfreesmasjienplant <strong>Gebruik altesaam 23,3 kW krag<\/strong>, minder kragverbruik.<\/li>    <li>Ons hele stel toerusting <strong>Integreer die funksies van de-staling, romp, skeiding, rysfrees, gradering<\/strong>, ens., wat die handbediening verminder en die produksiedoeltreffendheid verbeter.<\/li>    <li>Dit het 'n <strong>Klein voetspoor<\/strong>, en a <strong>Redelike uitleg<\/strong>, geskik vir verskillende groottes rysfrees en verwerkingsplante.<\/li> <\/ul>   <div class=\"wp-block-image\"> <figure class=\"aligncenter size-full\"><img loading=\"lazy\" decoding=\"async\" width=\"720\" height=\"540\" src=\"https:\/\/taizyagromachine.com\/wp-content\/uploads\/2021\/12\/hot-selling-15tpd-rice-milling-plant-machine.webp\" alt=\"Hotverkoper 15TPD rysfreeplantmasjien\" class=\"wp-image-7720\" srcset=\"https:\/\/taizyagromachine.com\/wp-content\/uploads\/2021\/12\/hot-selling-15tpd-rice-milling-plant-machine.webp 720w, https:\/\/taizyagromachine.com\/wp-content\/uploads\/2021\/12\/hot-selling-15tpd-rice-milling-plant-machine-16x12.webp 16w\" sizes=\"auto, (max-width: 720px) 100vw, 720px\" \/><figcaption class=\"wp-element-caption\">Hotverkoper 15TPD rysfreeplantmasjien<\/figcaption><\/figure> <\/div>   <h2 class=\"wp-block-heading\"><strong>Rysmeule -plantuitlegontwerp<\/strong><\/h2>    <p>Redelike uitlegontwerp van rysmeule -eenhede is van kardinale belang om die produksiedoeltreffendheid te verbeter en energieverbruik te verminder. Hierdie moderne rysfreesaanleg bevat gewoonlik die opbergarea van die grondstowwe, die skoonmaak- en ontstekingsarea, romparea, rysfreesarea en graderingsarea. U kan ook die kleursorteerarea en die verpakkingsarea vir die finale produk voorberei. <\/p>    <p>'N Wetenskaplike uitleg kan die produksieproses optimaliseer en die doeltreffendheid verbeter, terwyl die toerusting glad is en die koste van die handbediening verminder. Ons kan die rysfreesplantuitleg bied vir u gerieflike gebruike en daaropvolgende uitbreidende onderneming.<\/p>   <div class=\"wp-block-image\"> <figure class=\"aligncenter size-full\"><img loading=\"lazy\" decoding=\"async\" width=\"1048\" height=\"754\" src=\"https:\/\/taizyagromachine.com\/wp-content\/uploads\/2021\/12\/15tpd-basic-rice-milling-unit-with-packaging-machine.webp\" alt=\"15TPD Basiese rysfreesseenheid met verpakkingsmasjien\" class=\"wp-image-7715\" srcset=\"https:\/\/taizyagromachine.com\/wp-content\/uploads\/2021\/12\/15tpd-basic-rice-milling-unit-with-packaging-machine.webp 1048w, https:\/\/taizyagromachine.com\/wp-content\/uploads\/2021\/12\/15tpd-basic-rice-milling-unit-with-packaging-machine-18x12.webp 18w\" sizes=\"auto, (max-width: 1048px) 100vw, 1048px\" \/><figcaption class=\"wp-element-caption\">15TPD Basiese rysfreesseenheid met verpakkingsmasjien<\/figcaption><\/figure> <\/div>   <figure class=\"wp-block-gallery has-nested-images columns-default is-cropped wp-block-gallery-2 is-layout-flex wp-block-gallery-is-layout-flex\"> <figure class=\"wp-block-image size-full\"><img loading=\"lazy\" decoding=\"async\" width=\"720\" height=\"540\" data-id=\"7728\" src=\"https:\/\/taizyagromachine.com\/wp-content\/uploads\/2021\/12\/automatic-rice-mill-unit.webp\" alt=\"Outomatiese rysmeule -eenheid\" class=\"wp-image-7728\" srcset=\"https:\/\/taizyagromachine.com\/wp-content\/uploads\/2021\/12\/automatic-rice-mill-unit.webp 720w, https:\/\/taizyagromachine.com\/wp-content\/uploads\/2021\/12\/automatic-rice-mill-unit-16x12.webp 16w\" sizes=\"auto, (max-width: 720px) 100vw, 720px\" \/><figcaption class=\"wp-element-caption\">Outomatiese rysmeule -eenheid<\/figcaption><\/figure>    <figure class=\"wp-block-image size-full\"><img loading=\"lazy\" decoding=\"async\" width=\"720\" height=\"540\" data-id=\"7729\" src=\"https:\/\/taizyagromachine.com\/wp-content\/uploads\/2021\/12\/mini-rice-mill-plant-machinery.webp\" alt=\"Mini -rysmeule -plantmasjinerie\" class=\"wp-image-7729\" srcset=\"https:\/\/taizyagromachine.com\/wp-content\/uploads\/2021\/12\/mini-rice-mill-plant-machinery.webp 720w, https:\/\/taizyagromachine.com\/wp-content\/uploads\/2021\/12\/mini-rice-mill-plant-machinery-16x12.webp 16w\" sizes=\"auto, (max-width: 720px) 100vw, 720px\" \/><figcaption class=\"wp-element-caption\">Mini -rysmeule -plantmasjinerie<\/figcaption><\/figure> <\/figure>    <h2 class=\"wp-block-heading\"><strong>Wat is die prys van die rysmeule?<\/strong><\/h2>    <p>Die prys van 'n 15TPD -rysmeule -masjienaanleg hang af van die kapasiteit, konfigurasie, outomatisering en ekstra funksies van die toerusting. Byvoorbeeld, 'n klein rysfrees-eenheid het 'n laer prys en is geskik vir kleinskaalse verwerkingsaanlegte, terwyl 'n volledig outomatiese produksielyn van die rysfrees 'n ho\u00ebr prys het, maar 'n ho\u00ebr produksiedoeltreffendheid het en geskik is vir grootskaalse verwerkingsaanlegte. <\/p>    <p>Die spesifieke kwotasie moet volgens die behoeftes van die kli\u00ebnt aangepas word en gekombineer word met vervoer, installasie en ander koste vir 'n omvattende berekening.<\/p>   <div class=\"wp-block-image\"> <figure class=\"aligncenter size-full\"><img loading=\"lazy\" decoding=\"async\" width=\"720\" height=\"540\" src=\"https:\/\/taizyagromachine.com\/wp-content\/uploads\/2021\/12\/rice-and-paddy-processing-plant.webp\" alt=\"Rys- en padieverwerkingsaanleg\" class=\"wp-image-7726\" srcset=\"https:\/\/taizyagromachine.com\/wp-content\/uploads\/2021\/12\/rice-and-paddy-processing-plant.webp 720w, https:\/\/taizyagromachine.com\/wp-content\/uploads\/2021\/12\/rice-and-paddy-processing-plant-16x12.webp 16w\" sizes=\"auto, (max-width: 720px) 100vw, 720px\" \/><figcaption class=\"wp-element-caption\">Rys- en padieverwerkingsaanleg<\/figcaption><\/figure> <\/div>   <h2 class=\"wp-block-heading\"><strong>Waarom kies Taizy as 15TPD Basci Rice Mill -plantverskaffer?<\/strong><\/h2>    <p>Taizy het uitgebreide ervaring in die rysfreesbedryf, wat doeltreffende en duursame rysfrees -eenhede aan kli\u00ebnte w\u00eareldwyd bied. Die redes vir die keuse van Taizy sluit in:<\/p>    <ul class=\"wp-block-list\"> <li><strong>Betroubare kwaliteit<\/strong>: Die eenhede is van materiale van ho\u00eb gehalte om langtermynstabiele werking te verseker.<\/li>    <li><strong>Koste-effektiwiteit<\/strong>: Redelike prys en vinnige opbrengs op belegging, geskik vir klein en mediumgrootte verwerkingsaanlegte.<\/li>    <li><strong>Perfekte na-verkope diens<\/strong>: Ons bied installasie -leiding, operasionele opleiding en tegniese ondersteuning op afstand.<\/li>    <li><strong>Vertrou deur w\u00eareldwye kli\u00ebnte<\/strong>: Ons rysfreesaanleg is na baie lande uitgevoer en word wyd geprys.<\/li> <\/ul>    <figure class=\"wp-block-gallery has-nested-images columns-default is-cropped wp-block-gallery-3 is-layout-flex wp-block-gallery-is-layout-flex\"> <figure class=\"wp-block-image size-full\"><img loading=\"lazy\" decoding=\"async\" width=\"720\" height=\"540\" data-id=\"7724\" src=\"https:\/\/taizyagromachine.com\/wp-content\/uploads\/2021\/12\/rice-mill-plant-factory.webp\" alt=\"Rysmeule plantfabriek\" class=\"wp-image-7724\" srcset=\"https:\/\/taizyagromachine.com\/wp-content\/uploads\/2021\/12\/rice-mill-plant-factory.webp 720w, https:\/\/taizyagromachine.com\/wp-content\/uploads\/2021\/12\/rice-mill-plant-factory-16x12.webp 16w\" sizes=\"auto, (max-width: 720px) 100vw, 720px\" \/><figcaption class=\"wp-element-caption\">Rysmeule plantfabriek<\/figcaption><\/figure>    <figure class=\"wp-block-image size-full\"><img loading=\"lazy\" decoding=\"async\" width=\"720\" height=\"540\" data-id=\"7725\" src=\"https:\/\/taizyagromachine.com\/wp-content\/uploads\/2021\/12\/rice-mill-plant-manufacturer.webp\" alt=\"Rice Mill Plant vervaardiger\" class=\"wp-image-7725\" srcset=\"https:\/\/taizyagromachine.com\/wp-content\/uploads\/2021\/12\/rice-mill-plant-manufacturer.webp 720w, https:\/\/taizyagromachine.com\/wp-content\/uploads\/2021\/12\/rice-mill-plant-manufacturer-16x12.webp 16w\" sizes=\"auto, (max-width: 720px) 100vw, 720px\" \/><figcaption class=\"wp-element-caption\">Rice Mill Plant vervaardiger<\/figcaption><\/figure> <\/figure>    <h2 class=\"wp-block-heading\"><strong>Rysmeule -plantbesoek van w\u00eareldwye kli\u00ebnte<\/strong><\/h2>    <p>Taizy se kleinskaalse rysfreesaanleg het kli\u00ebnte van oor die hele w\u00eareld gelok om die plant te besoek. Kli\u00ebnte besoek die aanleg om meer te wete te kom oor die vervaardigingsproses, produksievloei en kwaliteitsbeheerstelsel, sowel as om die toerusting te toets om te verseker dat dit aan hul behoeftes voldoen. Hierdie besoeke verhoog nie net die vertroue van die kli\u00ebnt nie, maar dryf ook ons \u200b\u200btegnologiese innovasie en produkoptimalisering.<\/p>    <p class=\"translation-block\"><strong>Nigeriese kli\u00ebnt besoek Taizy rysmeul fabriek<\/strong><\/p>    <figure class=\"wp-block-gallery has-nested-images columns-default is-cropped wp-block-gallery-4 is-layout-flex wp-block-gallery-is-layout-flex\"> <figure class=\"wp-block-image size-full\"><img loading=\"lazy\" decoding=\"async\" width=\"720\" height=\"540\" data-id=\"7721\" src=\"https:\/\/taizyagromachine.com\/wp-content\/uploads\/2021\/12\/automatic-rice-milling-plant-customer-visit.webp\" alt=\"Outomatiese rysfreeplantkli\u00ebntbesoek\" class=\"wp-image-7721\" srcset=\"https:\/\/taizyagromachine.com\/wp-content\/uploads\/2021\/12\/automatic-rice-milling-plant-customer-visit.webp 720w, https:\/\/taizyagromachine.com\/wp-content\/uploads\/2021\/12\/automatic-rice-milling-plant-customer-visit-16x12.webp 16w\" sizes=\"auto, (max-width: 720px) 100vw, 720px\" \/><figcaption class=\"wp-element-caption\">Outomatiese rysfreeplantkli\u00ebntbesoek<\/figcaption><\/figure>    <figure class=\"wp-block-image size-full\"><img loading=\"lazy\" decoding=\"async\" width=\"720\" height=\"540\" data-id=\"7722\" src=\"https:\/\/taizyagromachine.com\/wp-content\/uploads\/2021\/12\/combined-rice-mill-plant-factory-visit.webp\" alt=\"Gekombineerde rysmeule -fabrieksbesoek\" class=\"wp-image-7722\" srcset=\"https:\/\/taizyagromachine.com\/wp-content\/uploads\/2021\/12\/combined-rice-mill-plant-factory-visit.webp 720w, https:\/\/taizyagromachine.com\/wp-content\/uploads\/2021\/12\/combined-rice-mill-plant-factory-visit-16x12.webp 16w\" sizes=\"auto, (max-width: 720px) 100vw, 720px\" \/><figcaption class=\"wp-element-caption\">Gekombineerde rysmeule -fabrieksbesoek<\/figcaption><\/figure> <\/figure>    <figure class=\"wp-block-embed is-type-video is-provider-youtube wp-block-embed-youtube wp-embed-aspect-16-9 wp-has-aspect-ratio\"><div class=\"wp-block-embed__wrapper\"> <iframe loading=\"lazy\" title=\"Nigeriese klante-rysmeulfabriektoer | Hoe werk rysverwerkingsaanleg? #ricemill\" width=\"500\" height=\"281\" src=\"https:\/\/www.youtube.com\/embed\/FsL7ptuqR8k?list=PLP5ViHIceNN1PrkekT1ao8Z8y18o85AYA\" frameborder=\"0\" allow=\"accelerometer; autoplay; clipboard-write; encrypted-media; gyroscope; picture-in-picture; web-share\" referrerpolicy=\"strict-origin-when-cross-origin\" allowfullscreen><\/iframe> <\/div><figcaption class=\"wp-element-caption\">Rysmaalplantkli\u00ebntbesoek<\/figcaption><\/figure>    <p class=\"translation-block\"><strong>Ghanaanse kli\u00ebnt besoek ons rysmeulplant fabriek<\/strong><\/p>    <figure class=\"wp-block-embed is-type-video is-provider-youtube wp-block-embed-youtube wp-embed-aspect-16-9 wp-has-aspect-ratio\"><div class=\"wp-block-embed__wrapper\"> <iframe loading=\"lazy\" title=\"Ghana -kli\u00ebnt het Rice Mill Plant Factory besoek: Great Rice Milling Factory Tour! Rysverwerkingseenheid\" width=\"500\" height=\"281\" src=\"https:\/\/www.youtube.com\/embed\/OfQeK81Pr9Q?list=PLP5ViHIceNN1PrkekT1ao8Z8y18o85AYA\" frameborder=\"0\" allow=\"accelerometer; autoplay; clipboard-write; encrypted-media; gyroscope; picture-in-picture; web-share\" referrerpolicy=\"strict-origin-when-cross-origin\" allowfullscreen><\/iframe> <\/div><figcaption class=\"wp-element-caption\">Gekombineerde rysmeule fabrieksbesoek<\/figcaption><\/figure>    <p class=\"translation-block\"><strong>Kubaanse kli\u00ebnt besoek Taizy outomatiese rysmeul eenheid fabriek<\/strong><\/p>    <figure class=\"wp-block-embed is-type-video is-provider-youtube wp-block-embed-youtube wp-embed-aspect-16-9 wp-has-aspect-ratio\"><div class=\"wp-block-embed__wrapper\"> <iframe loading=\"lazy\" title=\"Kubaanse klante besoek ons \u200b\u200brysmeule-aanleg! Diep verstaan \u200b\u200bdoeltreffende rys verwerking toerusting\" width=\"500\" height=\"281\" src=\"https:\/\/www.youtube.com\/embed\/q5mItZ9zNmQ?feature=oembed\" frameborder=\"0\" allow=\"accelerometer; autoplay; clipboard-write; encrypted-media; gyroscope; picture-in-picture; web-share\" referrerpolicy=\"strict-origin-when-cross-origin\" allowfullscreen><\/iframe> <\/div><figcaption class=\"wp-element-caption\">Rysfreesseenheid Fabrieksbesoek<\/figcaption><\/figure>    <h2 class=\"wp-block-heading\" id=\"h-related-machines\"><strong>Kontak ons \u200b\u200bnou vir meer besonderhede!<\/strong><\/h2>    <p class=\"translation-block\">As jy belangstel in rysmeul-eenhede, kontak ons asseblief vrylik! Benewens 15tpd gekombineerde rysmeul, het ons ook 20tpd rysmeulplant, 30tpd rysmeulplant, <a href=\"https:\/\/taizyagromachine.com\/af\/product\/15tpd-complete-rice-mill-production-line\/\">15tpd volledige rysmeulproduksielyn<\/a>, ens. beskikbaar vir jou keuse.<\/p>    <p class=\"translation-block\">Ons sal jou voorsien van professionele oplossings volgens jou spesifieke behoeftes, asook gedetailleerde kwotasies, tegniese ondersteuning en na-verkope diens. Kom ons help jou <a href=\"https:\/\/en.wikipedia.org\/wiki\/Rice_mill\" target=\"_blank\" rel=\"noopener\">rysmeul<\/a> besigheid saam!<\/p>    <figure class=\"wp-block-gallery has-nested-images columns-default is-cropped wp-block-gallery-5 is-layout-flex wp-block-gallery-is-layout-flex\"> <figure class=\"wp-block-image size-large\"><img loading=\"lazy\" decoding=\"async\" width=\"720\" height=\"540\" data-id=\"1768\" src=\"https:\/\/taizyagromachine.com\/wp-content\/uploads\/2022\/01\/20t-rice-milling-standard-1.jpg\" alt=\"20tpd rys maal plant\" class=\"wp-image-1768\"\/><figcaption class=\"wp-element-caption\">20tpd rys maal plant<\/figcaption><\/figure>    <figure class=\"wp-block-image size-large\"><img loading=\"lazy\" decoding=\"async\" width=\"720\" height=\"540\" data-id=\"1758\" src=\"https:\/\/taizyagromachine.com\/wp-content\/uploads\/2022\/01\/30tpd-rice-milling.jpg\" alt=\"30tpd rys maal plant\" class=\"wp-image-1758\"\/><figcaption class=\"wp-element-caption\">30tpd rys maal plant<\/figcaption><\/figure> <\/figure>","protected":false},"excerpt":{"rendered":"<p>Taizy 15tpd rysmeuleplant verander rou padie in gemaalde witrys met 600-700 kg\/h kapasiteit, geskik vir opstart en klein en mediumgrootte plante.<\/p>","protected":false},"author":1,"featured_media":2169,"parent":0,"template":"","tags":[36,47,49,35,37,48],"product-type":[18],"class_list":["post-1125","product","type-product","status-publish","has-post-thumbnail","hentry","tag-15tpd-rice-mill","tag-automatic-rice-mill-plant","tag-complete-rice-milling-plant","tag-rice-mill","tag-rice-mill-plant","tag-rice-milling-plant-for-sale","product-type-rice-mill"],"_links":{"self":[{"href":"https:\/\/taizyagromachine.com\/af\/wp-json\/wp\/v2\/product\/1125","targetHints":{"allow":["GET"]}}],"collection":[{"href":"https:\/\/taizyagromachine.com\/af\/wp-json\/wp\/v2\/product"}],"about":[{"href":"https:\/\/taizyagromachine.com\/af\/wp-json\/wp\/v2\/types\/product"}],"author":[{"embeddable":true,"href":"https:\/\/taizyagromachine.com\/af\/wp-json\/wp\/v2\/users\/1"}],"wp:featuredmedia":[{"embeddable":true,"href":"https:\/\/taizyagromachine.com\/af\/wp-json\/wp\/v2\/media\/2169"}],"wp:attachment":[{"href":"https:\/\/taizyagromachine.com\/af\/wp-json\/wp\/v2\/media?parent=1125"}],"wp:term":[{"taxonomy":"post_tag","embeddable":true,"href":"https:\/\/taizyagromachine.com\/af\/wp-json\/wp\/v2\/tags?post=1125"},{"taxonomy":"product-type","embeddable":true,"href":"https:\/\/taizyagromachine.com\/af\/wp-json\/wp\/v2\/product-type?post=1125"}],"curies":[{"name":"wp","href":"https:\/\/api.w.org\/{rel}","templated":true}]}}