{"id":2028,"date":"2022-02-14T07:07:09","date_gmt":"2022-02-14T07:07:09","guid":{"rendered":"https:\/\/taizyagromachine.com\/"},"modified":"2024-01-03T17:49:47","modified_gmt":"2024-01-03T09:49:47","slug":"animal-feed-pellet-machine","status":"publish","type":"product","link":"https:\/\/taizyagromachine.com\/af\/product\/animal-feed-pellet-machine\/","title":{"rendered":"Veevoerkorrelmasjien vir beeste, hoendervee"},"content":{"rendered":"<p class=\"translation-block\"><strong>Diereste-pelletmasjien<\/strong> produseer spesiaal diereste vir beeste, bokke en pluimvee, soos hoender en eend. Hierdie pelletmeulmasjien het 'n eenvoudige struktuur, stabiele werkverrigting en maklike bediening. Daarbenewens is die rou materiale van die diereste-pelletmeul gras en graan, soos mielies, sojabone, rysdoppe en ander. <\/p>    <p>Wat meer is, ons voerkorrelmeule is na baie lande en streke uitgevoer en het gewildheid van ons klante ontvang. As gevolg van die klein voerkorrelmasjien, is gewilde lande soos Filippyne, Nigeri\u00eb, Pakistan, Maleisi\u00eb, Nepal, Australi\u00eb, Ghana, ens. Sien uit na jou navrae!<\/p>    <figure class=\"wp-block-embed is-type-video is-provider-youtube wp-block-embed-youtube wp-embed-aspect-16-9 wp-has-aspect-ratio\"><div class=\"wp-block-embed__wrapper\"> <iframe loading=\"lazy\" title=\"Veevoerkorrelmeule - Hoe om dro\u00eb gras te gebruik om korrels as veevoer te maak? #animalfeed #pellets\" width=\"500\" height=\"281\" src=\"https:\/\/www.youtube.com\/embed\/0ziMguB0ahU?feature=oembed\" frameborder=\"0\" allow=\"accelerometer; autoplay; clipboard-write; encrypted-media; gyroscope; picture-in-picture; web-share\" referrerpolicy=\"strict-origin-when-cross-origin\" allowfullscreen><\/iframe> <\/div><figcaption class=\"wp-element-caption\">veevoer maak masjien werk video<\/figcaption><\/figure>    <h2 class=\"wp-block-heading\" id=\"technical-specifications-of-animal-feed-pellet-machine\"><strong>Tegniese spesifikasies van voerkorrelmasjien<\/strong><\/h2>    <p>Die prys vir die vervaardiging van veevoer verskil op grond van die verskillende konfigurasies. Ons klassifiseer die masjienmodel volgens die vormplantdeursnee. Saam met die groter vormplaat neem die kapasiteit toe. <\/p>    <p>Boonop, hoe meer kapasiteit, ons beveel die elektriese motor of dieselenjin aan. Jy kan ons kontak vir meer besonderhede. Ons sal binnekort na jou terugkom.<\/p>    <figure class=\"wp-block-table is-style-stripes\"><table><tbody><tr><td>Model&nbsp;<\/td><td>Kapasiteit<\/td><td>Krag<\/td><td>Diameter van die vormplaat<\/td><td>Grootte<\/td><td>Gewig<\/td><\/tr><tr><td>KL-120<\/td><td>120 kg\/h<\/td><td>3 kW<\/td><td>120 mm<\/td><td>750*320*610 mm<\/td><td>100 kg<\/td><\/tr><tr><td>KL-150<\/td><td>150 kg\/h<\/td><td>3 kW<\/td><td>150 mm<\/td><td>750*350*650 mm<\/td><td>190 kg<\/td><\/tr><tr><td>KL-210<\/td><td>400 kg\/h<\/td><td>7,5 kW<\/td><td>210 mm<\/td><td>1000*450*960mm<\/td><td>230 kg<\/td><\/tr><tr><td>KBL-260<\/td><td>800 kg\/h<\/td><td>15 kW<\/td><td>260 mm<\/td><td>1460*460*1150mm<\/td><td>360 kg<\/td><\/tr><tr><td>KBL-300<\/td><td>1000-1200kg\/h<\/td><td>22kW<\/td><td>300 mm<\/td><td>1360*570*1150mm<\/td><td>450 kg<\/td><\/tr><\/tbody><\/table><figcaption class=\"wp-element-caption\">tegniese parameters van veevoer maak masjien<\/figcaption><\/figure>    <figure class=\"wp-block-embed is-type-video is-provider-youtube wp-block-embed-youtube wp-embed-aspect-16-9 wp-has-aspect-ratio\"><div class=\"wp-block-embed__wrapper\"> <iframe loading=\"lazy\" title=\"Warmverkope voerkorrelmeule vir pluimveevoer, beesvoer, konynvoer: veevoermaakmasjien\" width=\"500\" height=\"281\" src=\"https:\/\/www.youtube.com\/embed\/9AQQHeaSnsM?start=11&#038;feature=oembed\" frameborder=\"0\" allow=\"accelerometer; autoplay; clipboard-write; encrypted-media; gyroscope; picture-in-picture; web-share\" referrerpolicy=\"strict-origin-when-cross-origin\" allowfullscreen><\/iframe> <\/div><figcaption class=\"wp-element-caption\">korrelmasjien vir veevoer werk video<\/figcaption><\/figure>    <h2 class=\"wp-block-heading\" id=\"reasonable-structure-of-feed-pelleting-machine\"><strong>Redelike struktuur van voerkorrelmasjien<\/strong><\/h2>    <p>As 'n professionele vervaardiger en verskaffer van veevoerkorrelmasjiene ontwerp tegnici die voerkorrelmasjien wat vir die mark voorsiening maak. Dit bestaan \u200b\u200buit die voerbak, werkkamer, kragstelsel en ratkas.<\/p>    <p>In die werkkamer is die roller en die vormplaat die verbruikbare dele.<\/p>   <div class=\"wp-block-image\"> <figure class=\"aligncenter size-full\"><img loading=\"lazy\" decoding=\"async\" width=\"720\" height=\"540\" src=\"https:\/\/taizyagromachine.com\/wp-content\/uploads\/2022\/02\/structure-animal-feed-pellet-mill.jpg\" alt=\"struktuur-hoender-voer-korrel-meule te koop\" class=\"wp-image-2051\" srcset=\"https:\/\/taizyagromachine.com\/wp-content\/uploads\/2022\/02\/structure-animal-feed-pellet-mill.jpg 720w, https:\/\/taizyagromachine.com\/wp-content\/uploads\/2022\/02\/structure-animal-feed-pellet-mill-300x225.jpg 300w\" sizes=\"auto, (max-width: 720px) 100vw, 720px\" \/><figcaption class=\"wp-element-caption\">struktuur van veevoerkorrelmeule te koop<\/figcaption><\/figure> <\/div>   <h2 class=\"wp-block-heading\" id=\"working-principle-of-animal-feed-pellet-machine\"><strong>Werksbeginsel van dierevoerkorrelmasjien<\/strong><strong><\/strong><\/h2>    <p>Die werkkamer is die gees van die veevoergranuleerder. Dit het persroller, vormplaat en snyer. Die maaltoevoertempo\u00a0en korrellengte kan aangepas word.<\/p>   <div class=\"wp-block-image\"> <figure class=\"aligncenter size-full\"><img loading=\"lazy\" decoding=\"async\" width=\"720\" height=\"540\" src=\"https:\/\/taizyagromachine.com\/wp-content\/uploads\/2022\/02\/roller-and-mill-plate-of-animal-feed-pelllet-machine.jpg\" alt=\"roller-en-meul-plaat-van-dierevoer-korrelmasjien\" class=\"wp-image-2056\" srcset=\"https:\/\/taizyagromachine.com\/wp-content\/uploads\/2022\/02\/roller-and-mill-plate-of-animal-feed-pelllet-machine.jpg 720w, https:\/\/taizyagromachine.com\/wp-content\/uploads\/2022\/02\/roller-and-mill-plate-of-animal-feed-pelllet-machine-300x225.jpg 300w\" sizes=\"auto, (max-width: 720px) 100vw, 720px\" \/><figcaption class=\"wp-element-caption\">roller en meulplaat<\/figcaption><\/figure> <\/div>   <p>Gooi eers die grondstowwe in die voerbak. Hulle sal op s stel roterende rollers oor die vormplaat val.<\/p>    <p>Dan sal materiaal tussen die oppervlak van die vormplaat en die roterende rollers gedruk word. Korrels sal uit die dobbelsteen kom en met 'n skerp mes in spesifieke lengtes gesny word. &nbsp;<\/p>    <figure class=\"wp-block-embed is-type-video is-provider-youtube wp-block-embed-youtube wp-embed-aspect-16-9 wp-has-aspect-ratio\"><div class=\"wp-block-embed__wrapper\"> <iframe loading=\"lazy\" title=\"Verander mieliepitte in premium dierevoerkorrels! \ud83c\udf3d\ud83d\udc13 Veevoerkorrelmasjien te koop\" width=\"500\" height=\"281\" src=\"https:\/\/www.youtube.com\/embed\/F8roiuXcgoc?feature=oembed\" frameborder=\"0\" allow=\"accelerometer; autoplay; clipboard-write; encrypted-media; gyroscope; picture-in-picture; web-share\" referrerpolicy=\"strict-origin-when-cross-origin\" allowfullscreen><\/iframe> <\/div><figcaption class=\"wp-element-caption\">die maak van veevoer deur mielies<\/figcaption><\/figure>    <h2 class=\"wp-block-heading\" id=\"features-of-animal-feed-pellet-machine\"><strong>Kenmerke van dierevoerkorrelmasjien te koop<\/strong><\/h2>    <ul class=\"wp-block-list\"> <li><strong>Drie kragbronne<\/strong>. Elektriese motor, dieselenjin en petrolenjin is beskikbaar. Hierdie plat-korrelmeule kan oral in die w\u00eareld gebruik word, veral\u00a0gewild\u00a0vir\u00a0gebiede\u00a0met\u00a0'n tekort\u00a0aan\u00a0elektrisiteit.<\/li>    <li><strong>Maklik om te gebruik en skoon te maak<\/strong>. Slegs\u00a01\u00a0of\u00a02\u00a0werkers\u00a0is genoeg.<\/li>    <li>Onderdele\u00a0is\u00a0maklik\u00a0om\u00a0te\u00a0verander,\u00a0minder\u00a0koste\u00a0vir\u00a0roller\u00a0en\u00a0matrye.<\/li>    <li>Kompakte\u00a0struktuur\u00a0en\u00a0liggewig, gerieflik om te beweeg en geskik vir klein korrelproduksie.<\/li>    <li>Eenvormige korrelsamestelling en netjiese vorm.\u00a0Die partikeldeursnee kan verdeel word in: \u03c62, \u03c62.5, \u03c63, \u03c63.5, \u03c64, \u03c65, \u03c66, \u03c67, \u03c68 ensovoorts.<\/li> <\/ul>    <figure class=\"wp-block-gallery has-nested-images columns-default is-cropped wp-block-gallery-2 is-layout-flex wp-block-gallery-is-layout-flex\"> <figure class=\"wp-block-image size-large\"><img loading=\"lazy\" decoding=\"async\" width=\"720\" height=\"540\" data-id=\"2052\" src=\"https:\/\/taizyagromachine.com\/wp-content\/uploads\/2022\/02\/animal-feed-pellet-machine-with-motor.jpg\" alt=\"voerkorrelmeule met motor\" class=\"wp-image-2052\" srcset=\"https:\/\/taizyagromachine.com\/wp-content\/uploads\/2022\/02\/animal-feed-pellet-machine-with-motor.jpg 720w, https:\/\/taizyagromachine.com\/wp-content\/uploads\/2022\/02\/animal-feed-pellet-machine-with-motor-300x225.jpg 300w\" sizes=\"auto, (max-width: 720px) 100vw, 720px\" \/><figcaption class=\"wp-element-caption\">voerkorrelmeule met motor<\/figcaption><\/figure>    <figure class=\"wp-block-image size-large\"><img loading=\"lazy\" decoding=\"async\" width=\"720\" height=\"540\" data-id=\"2053\" src=\"https:\/\/taizyagromachine.com\/wp-content\/uploads\/2022\/02\/feed-pellet-mill-with-diesel.jpg\" alt=\"voerkorrelmeule met dieselenjin\" class=\"wp-image-2053\" srcset=\"https:\/\/taizyagromachine.com\/wp-content\/uploads\/2022\/02\/feed-pellet-mill-with-diesel.jpg 720w, https:\/\/taizyagromachine.com\/wp-content\/uploads\/2022\/02\/feed-pellet-mill-with-diesel-300x225.jpg 300w\" sizes=\"auto, (max-width: 720px) 100vw, 720px\" \/><figcaption class=\"wp-element-caption\">voerkorrelmeule met dieselenjin<\/figcaption><\/figure> <\/figure>    <h2 class=\"wp-block-heading\" id=\"applications-of-animal-feed-pelleting-machine\"><strong>Toepassings van veevoerkorrelmasjien<\/strong><strong><\/strong><\/h2>    <p>Hierdie voerkorrelmaakmasjien kan mielies, rysdop, katoenstingel, katoensaadvelle, koringsemels en alle soorte graanpoeier, ens. gebruik. Na verwerking deur hierdie veevoerkorrelmasjien kan dit beeste, bokke, varke, hoenders, eend, ens. <\/p>    <p>Verwys byvoorbeeld na die beesvoerkorrelformule, dan kan jy duidelik weet hoe om die grondstowwe te meng. En gebruik dan hierdie masjien om die vereiste korrels te vervaardig.<\/p>   <div class=\"wp-block-image\"> <figure class=\"aligncenter size-full\"><img loading=\"lazy\" decoding=\"async\" width=\"720\" height=\"400\" src=\"https:\/\/taizyagromachine.com\/wp-content\/uploads\/2022\/02\/applications-of-animal-feed-mill.jpg\" alt=\"toedienings-van-diere-voer-meule\" class=\"wp-image-2054\" srcset=\"https:\/\/taizyagromachine.com\/wp-content\/uploads\/2022\/02\/applications-of-animal-feed-mill.jpg 720w, https:\/\/taizyagromachine.com\/wp-content\/uploads\/2022\/02\/applications-of-animal-feed-mill-300x167.jpg 300w\" sizes=\"auto, (max-width: 720px) 100vw, 720px\" \/><figcaption class=\"wp-element-caption\">toepassings van veevoermeule<\/figcaption><\/figure> <\/div>   <h2 class=\"wp-block-heading\" id=\"working-principle-of-animal-feed-pellet-machine\"><strong>Werksbeginsel van dierevoerkorrelmasjien<\/strong><strong><\/strong><\/h2>    <p>Die werkkamer is die gees van die veevoergranuleerder. Dit het persroller, vormplaat en snyer. Die maaltoevoertempo\u00a0en korrellengte kan aangepas word.<\/p>   <div class=\"wp-block-image\"> <figure class=\"aligncenter size-full\"><img loading=\"lazy\" decoding=\"async\" width=\"720\" height=\"540\" src=\"https:\/\/taizyagromachine.com\/wp-content\/uploads\/2022\/02\/roller-and-mill-plate-of-animal-feed-pelllet-machine.jpg\" alt=\"roller-en-meul-plaat-van-dierevoer-korrelmasjien\" class=\"wp-image-2056\" srcset=\"https:\/\/taizyagromachine.com\/wp-content\/uploads\/2022\/02\/roller-and-mill-plate-of-animal-feed-pelllet-machine.jpg 720w, https:\/\/taizyagromachine.com\/wp-content\/uploads\/2022\/02\/roller-and-mill-plate-of-animal-feed-pelllet-machine-300x225.jpg 300w\" sizes=\"auto, (max-width: 720px) 100vw, 720px\" \/><figcaption class=\"wp-element-caption\">roller en meulplaat<\/figcaption><\/figure> <\/div>   <p>Gooi eers die grondstowwe in die voerbak. Hulle sal op s stel roterende rollers oor die vormplaat val.<\/p>    <p>Dan sal materiaal tussen die oppervlak van die vormplaat en die roterende rollers gedruk word. Korrels sal uit die dobbelsteen kom en met 'n skerp mes in spesifieke lengtes gesny word. &nbsp;<\/p>    <h2 class=\"wp-block-heading\" id=\"advantages-of-pellets-processed-by-feed-pellet-mill\"><strong>Voordele van korrels verwerk deur voerkorrelmeule<\/strong><strong><\/strong><\/h2>    <p>Tydens verwerking is die temperatuur ongeveer 70\u00b0C, dus vries die prote\u00efen. Die voedingswaarde neem toe en vir diere is dit maklik om te absorbeer. Vir korrels wat deur die veevoerkorrelmasjien gemaak word, word die binnekant daarvan ryp, die buitekant is styf genoeg. As gevolg van hierdie eienskappe is dit geskik vir langtermynberging.<\/p>    <h2 class=\"wp-block-heading\"><strong>Voerkorrelaanleg vir massaveevoerproduksie<\/strong><\/h2>    <p>Ons verskaf volledige stelle plat-korrelmeulens vir veevoerkorrelproduksie, wat volledige oplossings bied vir verskillende uitsetvlakke van 500kg, 1000kg en 2000kg. <\/p>    <figure class=\"wp-block-gallery aligncenter has-nested-images columns-default is-cropped wp-block-gallery-3 is-layout-flex wp-block-gallery-is-layout-flex\"> <figure class=\"wp-block-image size-large\"><img loading=\"lazy\" decoding=\"async\" width=\"720\" height=\"540\" data-id=\"6374\" src=\"https:\/\/taizyagromachine.com\/wp-content\/uploads\/2022\/02\/small-animal-feed-pellet-machine-plant.webp\" alt=\"klein veevoerkorrelmasjienaanleg\" class=\"wp-image-6374\"\/><figcaption class=\"wp-element-caption\">klein veevoerkorrelmasjienaanleg<\/figcaption><\/figure>    <figure class=\"wp-block-image size-large\"><img loading=\"lazy\" decoding=\"async\" width=\"720\" height=\"540\" data-id=\"6373\" src=\"https:\/\/taizyagromachine.com\/wp-content\/uploads\/2022\/02\/animal-feed-pellet-processing-line.webp\" alt=\"veevoerkorrelverwerkingslyn\" class=\"wp-image-6373\"\/><figcaption class=\"wp-element-caption\">veevoerkorrelverwerkingslyn<\/figcaption><\/figure> <\/figure>    <p>Van grondstofdruk, vermenging tot korrelpers en verkoelingsverpakking, dit realiseer ho\u00eb-doeltreffendheid outomatiese produksie en voldoen aan die behoeftes van alle soorte plaasskaal.<\/p>    <figure class=\"wp-block-gallery aligncenter has-nested-images columns-default is-cropped wp-block-gallery-4 is-layout-flex wp-block-gallery-is-layout-flex\"> <figure class=\"wp-block-image size-large\"><img loading=\"lazy\" decoding=\"async\" width=\"720\" height=\"540\" data-id=\"6376\" src=\"https:\/\/taizyagromachine.com\/wp-content\/uploads\/2022\/02\/large-feed-pellet-machine-plant.webp\" alt=\"groot voerkorrelmasjienaanleg\" class=\"wp-image-6376\"\/><figcaption class=\"wp-element-caption\">groot voerkorrelmasjienaanleg<\/figcaption><\/figure>    <figure class=\"wp-block-image size-large\"><img loading=\"lazy\" decoding=\"async\" width=\"720\" height=\"540\" data-id=\"6375\" src=\"https:\/\/taizyagromachine.com\/wp-content\/uploads\/2022\/02\/feed-pellet-mill-for-mass-animal-feed-production.webp\" alt=\"voerkorrelmeule vir massaveevoerproduksie\" class=\"wp-image-6375\"\/><figcaption class=\"wp-element-caption\">voerkorrelmeule vir massaveevoerproduksie<\/figcaption><\/figure> <\/figure>    <h2 class=\"wp-block-heading\"><strong>Diens aangebied aan Veevoerkorrelmeule<\/strong><\/h2>    <p class=\"translation-block\">As 'n bekende vervaardiger van diereste-pelletmasjiene, bied ons u 'n volledige reeks dienste vir pluimvee- en diereste-produksie, hoofsaaklik insluitend die volgende:<\/p>    <ul class=\"wp-block-list\"> <li><strong>Toerusting verskaffing<\/strong>: Ons verskaf plat-korrelmeulens van verskillende spesifikasies en kapasiteit (120-1200kg\/h), insluitend volledige stelle voerproduksietoerusting op verskillende uitsetvlakke, soos 500kg, 1000kg en 2000kg.<\/li>    <li><strong>Gehalteversekering<\/strong>: Alle produkte het streng gehaltetoetse geslaag om te verseker dat die voerkorrelmeule voortreflike werkverrigting, duursaamheid en betroubaarheid het, om kli\u00ebnte te help om ekonomiese doeltreffendheid te verbeter.<\/li>    <li><strong>Pasgemaakte oplossings<\/strong>: Pasgemaakte veevoerkorrelmasjien of produksielynontwerpoplossings volgens jou spesifieke behoeftes en boerderyskaal om 'n doeltreffende en stabiele veevoerkorrelproduksieproses te verseker.<\/li>    <li><strong>Tegniese ondersteuning<\/strong>: Toegerus met 'n professionele tegniese span, verskaf ons toerusting installasie en ingebruikneming, bedryfsopleiding, instandhouding en ander volledige tegniese ondersteuningsdienste.<\/li>    <li><strong>Grondstof formule leiding<\/strong>: Ons werk saam met kundiges in die bedryf, doen navorsing oor en ontwikkel voerformules wat aan die voedingsbehoeftes van diere vir jou voldoen, en gee professionele advies oor die keuse van grondstowwe.<\/li>    <li><strong>Na-verkope diens<\/strong>: Taizy het 'n perfekte naverkoopdiensstelsel gevestig om 'n vinnige reaksie op u behoeftes te verseker, en om allerhande probleme in die proses van toerusting se werking vinnig op te los.<\/li> <\/ul>    <h2 class=\"wp-block-heading\" id=\"related-machines\"><strong>Verwante masjiene<\/strong><\/h2>    <p class=\"translation-block\">Nog iets om te noem, ons het die masjien vir visvoer, genaamd <a href=\"https:\/\/taizyagromachine.com\/af\/product\/fish-feed-extruder\/\" target=\"_blank\" rel=\"noreferrer noopener\">visvoer-pelletmasjien<\/a>. Ons bied ook die diereste-pelletproduksie-lyn aan, insluitend die stoppelkerwer, vergruiser, menger, diereste-pelletmasjien. Wanneer u die masjien gaan koop, kontak ons asseblief. Ons sal die mees geskikte een vir u aanbeveel op grond van u werklike behoeftes.<\/p>    <h2 class=\"wp-block-heading\"><strong>Navrae oor Dierevoerkorrelmasjien!<\/strong><\/h2>    <p class=\"translation-block\">Wil u allerhande <a href=\"https:\/\/en.wikipedia.org\/wiki\/Animal_feed\" target=\"_blank\" rel=\"noopener\">diereste<\/a> produseer? Ons het 'n wye reeks plat matrys-pelletmeultipes om aan u behoeftes te voldoen. Kontak ons, ons sal die beste oplossing vir u ontwerp en die beste kwotasie verskaf.<\/p>","protected":false},"excerpt":{"rendered":"<p>Dierevoerkorrelmasjien is veral om veevoer vir beeste, bokke, pluimvee, konyne, ens., met 'n kapasiteit van 120-1200 kg\/h te produseer. Hierdie artikel het die verskillende modelle van plat-korrelmeul en die verskillende dienste wat ons kan verskaf, welkom om te raadpleeg.<\/p>","protected":false},"author":1,"featured_media":2157,"parent":0,"template":"","tags":[72,68,63,64,71,70,67,69,62,65,74,66,73],"product-type":[29],"class_list":["post-2028","product","type-product","status-publish","has-post-thumbnail","hentry","tag-animal-feed-granulator","tag-animal-feed-making-machine-price","tag-animal-feed-pellet-machine","tag-animal-feed-pellet-mill","tag-applications-of-animal-feed-pelleting-machine","tag-cattle-feed-pellet-formula","tag-feed-pellet-machine","tag-feed-pellet-making-machine","tag-feed-pellet-mill","tag-feed-pellet-mill-machine","tag-feed-pellet-mill-production-line","tag-feed-pelleting-machine","tag-fish-feed-pellet-machine","product-type-feed-pellet-machine"],"_links":{"self":[{"href":"https:\/\/taizyagromachine.com\/af\/wp-json\/wp\/v2\/product\/2028","targetHints":{"allow":["GET"]}}],"collection":[{"href":"https:\/\/taizyagromachine.com\/af\/wp-json\/wp\/v2\/product"}],"about":[{"href":"https:\/\/taizyagromachine.com\/af\/wp-json\/wp\/v2\/types\/product"}],"author":[{"embeddable":true,"href":"https:\/\/taizyagromachine.com\/af\/wp-json\/wp\/v2\/users\/1"}],"wp:featuredmedia":[{"embeddable":true,"href":"https:\/\/taizyagromachine.com\/af\/wp-json\/wp\/v2\/media\/2157"}],"wp:attachment":[{"href":"https:\/\/taizyagromachine.com\/af\/wp-json\/wp\/v2\/media?parent=2028"}],"wp:term":[{"taxonomy":"post_tag","embeddable":true,"href":"https:\/\/taizyagromachine.com\/af\/wp-json\/wp\/v2\/tags?post=2028"},{"taxonomy":"product-type","embeddable":true,"href":"https:\/\/taizyagromachine.com\/af\/wp-json\/wp\/v2\/product-type?post=2028"}],"curies":[{"name":"wp","href":"https:\/\/api.w.org\/{rel}","templated":true}]}}