{"id":2029,"date":"2022-02-14T05:56:23","date_gmt":"2022-02-14T05:56:23","guid":{"rendered":"https:\/\/taizyagromachine.com\/"},"modified":"2025-01-02T13:53:53","modified_gmt":"2025-01-02T05:53:53","slug":"paddy-dryer","status":"publish","type":"product","link":"https:\/\/taizyagromachine.com\/af\/product\/paddy-dryer\/","title":{"rendered":"Paddy Dro\u00ebr vir graan, mielies, rys, koring"},"content":{"rendered":"<p class=\"translation-block\"><strong>Paddy dryer<\/strong>\u00a0is ideal equipment that mainly functions to dry various grains, such as corn, rice, wheat, soybean, etc. The grain dryer belongs to batch circulation dryer, low temperature, and energy saving. It has a reasonable structure, easy operation, and low noise. <\/p>    <p>Oor die algemeen het graandro\u00ebrs te koop van Taizy Company 5H-15 en 5H-32 beskikbaar. Boonop is die verhittingsmetode opsioneel. Die toringdro\u00ebr is algemeen vir kommersi\u00eble gebruik. <\/p>    <p>Byvoorbeeld, in die rysmeule-aanleg word hierdie masjien as rysdro\u00ebr gebruik om bevredigde rys te kry. Volgens dieselfde teorie kan dit ook as mieliedro\u00ebr toegepas word. Welkom om ons te kontak vir meer besonderhede!<\/p>    <figure class=\"wp-block-embed is-type-video is-provider-youtube wp-block-embed-youtube wp-embed-aspect-16-9 wp-has-aspect-ratio\"><div class=\"wp-block-embed__wrapper\"> <iframe loading=\"lazy\" title=\"Industri\u00eble vertikale graandro\u00ebr wat gebruik word vir paddyrys, koring, mielies, sojabone, sorghum, raapsaad, ens.\" width=\"500\" height=\"281\" src=\"https:\/\/www.youtube.com\/embed\/7hceHg7rS_k?feature=oembed\" frameborder=\"0\" allow=\"accelerometer; autoplay; clipboard-write; encrypted-media; gyroscope; picture-in-picture; web-share\" referrerpolicy=\"strict-origin-when-cross-origin\" allowfullscreen><\/iframe> <\/div><figcaption class=\"wp-element-caption\">paddy dryer werk video<\/figcaption><\/figure>    <h2 class=\"wp-block-heading\"><strong>Tegniese parameters van Paddy Dryer te koop<\/strong><\/h2>    <figure class=\"wp-block-table\"><table><tbody><tr><td>Model<\/td><td>5H-15<\/td><td>5H-32<\/td><\/tr><tr><td>Droog kapasiteit<\/td><td>15-20t\u00b7%\/h<\/td><td>25-35t\u00b7%\/h<\/td><\/tr><tr><td>Voeding tyd<\/td><td>Ongeveer 63min<\/td><td>Ongeveer 58min<\/td><\/tr><tr><td>Ontslag tyd<\/td><td>Ongeveer 69 min<\/td><td>Ongeveer 64min<\/td><\/tr><tr><td>Krag<\/td><td>6.5kW (82\/3HP)<\/td><td>12,65 kW<\/td><\/tr><tr><td>Totale gewig<\/td><td>3200kg<\/td><td>7500kg<\/td><\/tr><\/tbody><\/table><figcaption class=\"wp-element-caption\">tegniese data van graandro\u00ebr<\/figcaption><\/figure>    <figure class=\"wp-block-gallery aligncenter has-nested-images columns-default is-cropped wp-block-gallery-2 is-layout-flex wp-block-gallery-is-layout-flex\"> <figure class=\"wp-block-image size-large\"><img loading=\"lazy\" decoding=\"async\" width=\"640\" height=\"640\" data-id=\"6420\" src=\"https:\/\/taizyagromachine.com\/wp-content\/uploads\/2022\/02\/corn-dryer-for-sale.webp\" alt=\"mieliedro\u00ebr te koop\" class=\"wp-image-6420\"\/><figcaption class=\"wp-element-caption\">mieliedro\u00ebr te koop<\/figcaption><\/figure>    <figure class=\"wp-block-image size-large\"><img loading=\"lazy\" decoding=\"async\" width=\"640\" height=\"640\" data-id=\"6421\" src=\"https:\/\/taizyagromachine.com\/wp-content\/uploads\/2022\/02\/grain-dryer-for-sale.webp\" alt=\"graandro\u00ebr te koop\" class=\"wp-image-6421\"\/><figcaption class=\"wp-element-caption\">graandro\u00ebr te koop<\/figcaption><\/figure>    <figure class=\"wp-block-image size-large\"><img loading=\"lazy\" decoding=\"async\" width=\"640\" height=\"640\" data-id=\"6422\" src=\"https:\/\/taizyagromachine.com\/wp-content\/uploads\/2022\/02\/paddy-dryer-in-batches.webp\" alt=\"paddy dro\u00ebr in bondels\" class=\"wp-image-6422\"\/><figcaption class=\"wp-element-caption\">paddy dro\u00ebr in bondels<\/figcaption><\/figure> <\/figure>    <h2 class=\"wp-block-heading\" id=\"machine-details\"><strong>Lae-temperatuur sirkelvormige paddy-dro\u00ebrontwerp<\/strong><\/h2>    <div class=\"wp-block-columns is-layout-flex wp-container-core-columns-is-layout-9d6595d7 wp-block-columns-is-layout-flex\"> <div class=\"wp-block-column is-layout-flow wp-block-column-is-layout-flow\"> <figure class=\"wp-block-image size-full\"><img loading=\"lazy\" decoding=\"async\" width=\"720\" height=\"540\" src=\"https:\/\/taizyagromachine.com\/wp-content\/uploads\/2022\/02\/PLC-tower-grain-dryer.jpg\" alt=\"PLC beheer kabinet\" class=\"wp-image-2042\" srcset=\"https:\/\/taizyagromachine.com\/wp-content\/uploads\/2022\/02\/PLC-tower-grain-dryer.jpg 720w, https:\/\/taizyagromachine.com\/wp-content\/uploads\/2022\/02\/PLC-tower-grain-dryer-300x225.jpg 300w\" sizes=\"auto, (max-width: 720px) 100vw, 720px\" \/><figcaption class=\"wp-element-caption\">PLC beheer kabinet<\/figcaption><\/figure> <\/div>    <div class=\"wp-block-column is-vertically-aligned-center is-layout-flow wp-block-column-is-layout-flow\"> <p class=\"has-text-align-center translation-block\"><strong>PLC beheer kabinet<\/strong><\/p>    <p>Siemens elektries, raakskermwerking, akkurate foutvertoning<\/p> <\/div> <\/div>    <div class=\"wp-block-columns is-layout-flex wp-container-core-columns-is-layout-9d6595d7 wp-block-columns-is-layout-flex\"> <div class=\"wp-block-column is-vertically-aligned-center is-layout-flow wp-block-column-is-layout-flow\"> <p class=\"has-text-align-center translation-block\"><strong>Verhitting metodes<\/strong><\/p>    <p>Verskeie hittebronne is vir jou keuse: biomassa-warmblaasstoof, dieselstoof, aardgas, elektriese brander. Om een \u200b\u200bte kies, maksimeer jou voordele.&nbsp;&nbsp;<\/p> <\/div>    <div class=\"wp-block-column is-layout-flow wp-block-column-is-layout-flow\"> <figure class=\"wp-block-image size-full\"><img loading=\"lazy\" decoding=\"async\" width=\"720\" height=\"540\" src=\"https:\/\/taizyagromachine.com\/wp-content\/uploads\/2022\/02\/heating-method-grain-dryer.jpg\" alt=\"verhittingsmetodes van graandro\u00ebr\" class=\"wp-image-2043\" srcset=\"https:\/\/taizyagromachine.com\/wp-content\/uploads\/2022\/02\/heating-method-grain-dryer.jpg 720w, https:\/\/taizyagromachine.com\/wp-content\/uploads\/2022\/02\/heating-method-grain-dryer-300x225.jpg 300w\" sizes=\"auto, (max-width: 720px) 100vw, 720px\" \/><figcaption class=\"wp-element-caption\">verhittingsmetodes van graandro\u00ebr<\/figcaption><\/figure> <\/div> <\/div>    <div class=\"wp-block-columns is-layout-flex wp-container-core-columns-is-layout-9d6595d7 wp-block-columns-is-layout-flex\"> <div class=\"wp-block-column is-layout-flow wp-block-column-is-layout-flow\"> <figure class=\"wp-block-image size-full\"><img loading=\"lazy\" decoding=\"async\" width=\"720\" height=\"540\" src=\"https:\/\/taizyagromachine.com\/wp-content\/uploads\/2022\/02\/elevator-corn-dryer.jpg\" alt=\"hysbak van mieliedro\u00ebr\" class=\"wp-image-2044\" srcset=\"https:\/\/taizyagromachine.com\/wp-content\/uploads\/2022\/02\/elevator-corn-dryer.jpg 720w, https:\/\/taizyagromachine.com\/wp-content\/uploads\/2022\/02\/elevator-corn-dryer-300x225.jpg 300w\" sizes=\"auto, (max-width: 720px) 100vw, 720px\" \/><figcaption class=\"wp-element-caption\">hysbak van mieliedro\u00ebr<\/figcaption><\/figure> <\/div>    <div class=\"wp-block-column is-vertically-aligned-center is-layout-flow wp-block-column-is-layout-flow\"> <p class=\"has-text-align-center translation-block\"><strong>Hyser<\/strong><\/p>    <p>Die gordel is gemaak van suiwer nylon seilgordel, die emmer gebruik maagd nylon plastiek met goeie taaiheid en geen brosheid nie.<\/p> <\/div> <\/div>    <div class=\"wp-block-columns is-layout-flex wp-container-core-columns-is-layout-9d6595d7 wp-block-columns-is-layout-flex\"> <div class=\"wp-block-column is-vertically-aligned-center is-layout-flow wp-block-column-is-layout-flow\"> <p class=\"has-text-align-center translation-block\"><strong>Paddy dryer ontwerp berekening<\/strong><\/p>    <p>Hoek-inname, fasiliteer om korrels te droog. &nbsp;&nbsp;<\/p> <\/div>    <div class=\"wp-block-column is-layout-flow wp-block-column-is-layout-flow\"> <figure class=\"wp-block-image size-full\"><img loading=\"lazy\" decoding=\"async\" width=\"750\" height=\"416\" src=\"https:\/\/taizyagromachine.com\/wp-content\/uploads\/2022\/02\/circulation-drying-dryer.jpg\" alt=\"sirkulasiedroging van graandro\u00ebr\" class=\"wp-image-2045\" srcset=\"https:\/\/taizyagromachine.com\/wp-content\/uploads\/2022\/02\/circulation-drying-dryer.jpg 750w, https:\/\/taizyagromachine.com\/wp-content\/uploads\/2022\/02\/circulation-drying-dryer-300x166.jpg 300w\" sizes=\"auto, (max-width: 750px) 100vw, 750px\" \/><figcaption class=\"wp-element-caption\">sirkulasiedroging van graandro\u00ebr<\/figcaption><\/figure> <\/div> <\/div>    <p><\/p>    <h2 class=\"wp-block-heading\" id=\"advantages-of-rice-dryer-for-sale\"><strong>Voordele van Rysdro\u00ebr te koop<\/strong><\/h2>    <ul class=\"wp-block-list\"> <li><strong>Gerieflike gebruik<\/strong>. Omdat hierdie paddy-dro\u00ebr nie enige dele hoef te vervang nie, pas dit direk aan by dro\u00eb mielies, rys, koring, raapsaad, sojabone, ens.<\/li>    <li><strong>Gevorderde graandroogtegnologie<\/strong>. Hierdie tegnologie verhit korrels eweredig, vinnige ontwateringstempo en lae droogkoste.<\/li>    <li><strong>Vlekvrye staal materiaal<\/strong>. Sleuteldele van die graandro\u00ebr binne neem vlekvrye staalmateriaal aan, wat die lewensduur van die toerusting effektief verleng.<\/li>    <li>Die mieliedro\u00ebr het sy <strong>eie koellugverspreidingstelsel<\/strong>, wat die kwaliteit van gedroogde graan effektief kan verseker en die bewaring van graan vergemaklik.<\/li>    <li>Maklike werking, ho\u00eb droogdoeltreffendheid, besoedelingvry.<\/li>    <li><strong>Opsionele verhittingsmetodes<\/strong>. Biomassa-warmontploffingsstoof, dieselstoof, aardgas, elektriese brander\u00a0is beskikbaar.<\/li> <\/ul>    <h2 class=\"wp-block-heading\" id=\"wide-applications-of-vertical-grain-dryer\"><strong>Wye toepassings van vertikale graandro\u00ebr<\/strong><\/h2>    <p class=\"translation-block\">Hierdie vertikale graandroog het 'n verskeidenheid van toepassings. Dit kan graan droog, soos <strong>rys, koring, mielies, soja, sorghum, gort, raapsaad, sonneblom saad<\/strong>, ens. in bondel tipe. <\/p>   <div class=\"wp-block-image\"> <figure class=\"aligncenter size-full\"><img loading=\"lazy\" decoding=\"async\" width=\"720\" height=\"540\" src=\"https:\/\/taizyagromachine.com\/wp-content\/uploads\/2022\/02\/applications-tower-grain-dryer.jpg\" alt=\"toepassing van die paddy dro\u00ebr\" class=\"wp-image-2046\" srcset=\"https:\/\/taizyagromachine.com\/wp-content\/uploads\/2022\/02\/applications-tower-grain-dryer.jpg 720w, https:\/\/taizyagromachine.com\/wp-content\/uploads\/2022\/02\/applications-tower-grain-dryer-300x225.jpg 300w\" sizes=\"auto, (max-width: 720px) 100vw, 720px\" \/><figcaption class=\"wp-element-caption\">toepassing van die paddy dro\u00ebr<\/figcaption><\/figure> <\/div>   <h2 class=\"wp-block-heading\" id=\"how-does-a-paddy-dryer-work\"><strong>Hoe werk 'n Raw Paddy Dryer?<\/strong><\/h2>   <div id=\"rank-math-howto\" class=\"rank-math-block\" > <div class=\"rank-math-howto-description\">  <\/div>  <div class=\"rank-math-steps\"> <div id=\"howto-step-1704706129384\" class=\"rank-math-step\"> <h3 class=\"rank-math-step-title\"><strong>Voeding stadium<\/strong><\/h3> <div class=\"rank-math-step-content\"><p>Voordat die rysdroogproses begin word, word die geoesde nat padie eers vanaf die opstelarea na die inlaat van die rysdro\u00ebr gevoer deur die hystoerusting (bv. emmerhysbak of bandvervoerband) om die aanvanklike laai van die graan te voltooi.<\/p> <\/div> <\/div> <div id=\"howto-step-1704706148500\" class=\"rank-math-step\"> <h3 class=\"rank-math-step-title\"><strong>Voorverhitting voorbereiding<\/strong><\/h3> <div class=\"rank-math-step-content\"><p>Voordat die dro\u00ebr heeltemal met paddy gevul is, moet die operateur die brander binne die dro\u00ebr aanskakel. Afhangende van die tipe toerusting, kan olie, gas, biomassa of ander vorme van energie gebruik word om te verseker dat die brander bestendig brand en voldoende hitte genereer om 'n hittebron vir die droogbewerking te verskaf.<\/p> <\/div> <\/div> <div id=\"howto-step-1704706186044\" class=\"rank-math-step\"> <h3 class=\"rank-math-step-title\"><strong>Sirkelvormige droogproses<\/strong><\/h3> <div class=\"rank-math-step-content\"><p>Wanneer die verbrandingsoond 'n voorafbepaalde temperatuur bereik en hitte bestendig begin verskaf, word die sirkulasiestelsel van die dro\u00ebr begin. <br \/>Dit maak hoofsaaklik staat op die hitte wat in die oondkamer gegenereer word om hitte met die padie uit te ruil. Die warm lug sirkuleer binne-in die dro\u00ebr en verhit die paddy eenvormig deur die meerlaagse droogplate of spesiaal ontwerpte droogkanale om die vog daaruit te verwyder.<\/p> <\/div> <\/div> <div id=\"howto-step-1704706222538\" class=\"rank-math-step\"> <h3 class=\"rank-math-step-title\"><strong>Einde van droog en ontlading<\/strong><\/h3> <div class=\"rank-math-step-content\"><p>Die droogbewerking word voltooi wanneer die vog in die padie verminder word tot 'n standaard wat geskik is vir berging. Skakel die verbrandingsoond af, pas die afvoertoestel van die dro\u00ebr aan, beheer die paddy wat ordelik vanaf die onderkant van die dro\u00ebr of die spesifieke uitlaat afgevoer word volgens die vasgestelde spoed. <br \/>Nadat dit gedroog is, word die padie afgekoel en gereed vir die volgende stap van berging of verwerking.<\/p> <\/div> <\/div> <\/div> <\/div>       <figure class=\"wp-block-gallery aligncenter has-nested-images columns-default is-cropped wp-block-gallery-3 is-layout-flex wp-block-gallery-is-layout-flex\"> <figure class=\"wp-block-image size-large\"><img loading=\"lazy\" decoding=\"async\" width=\"640\" height=\"640\" data-id=\"6424\" src=\"https:\/\/taizyagromachine.com\/wp-content\/uploads\/2022\/02\/paddy-dryer-machine-for-corn.webp\" alt=\"paddy dro\u00ebr masjien vir mielies\" class=\"wp-image-6424\"\/><figcaption class=\"wp-element-caption\">paddy dro\u00ebr masjien vir mielies<\/figcaption><\/figure>    <figure class=\"wp-block-image size-large\"><img loading=\"lazy\" decoding=\"async\" width=\"640\" height=\"640\" data-id=\"6425\" src=\"https:\/\/taizyagromachine.com\/wp-content\/uploads\/2022\/02\/rice-dryer-on-site.webp\" alt=\"rysdro\u00ebr op die perseel\" class=\"wp-image-6425\"\/><figcaption class=\"wp-element-caption\">rysdro\u00ebr op die perseel<\/figcaption><\/figure> <\/figure>    <h2 class=\"wp-block-heading\" id=\"four-questions-we-should-confirm\"><strong>Gereelde vrae wanneer u Graan Paddy Dryer koop<\/strong><\/h2>   <div id=\"rank-math-faq\" class=\"rank-math-block\"> <div class=\"rank-math-list\"> <div id=\"faq-question-1704705433446\" class=\"rank-math-list-item\"> <h3 class=\"rank-math-question\"><strong>Watter soort korrels wil jy droogmaak? Rys, mielies, sorghum, koring of ander graansoorte?<\/strong><\/h3> <div class=\"rank-math-answer\">  <p>Ons graandro\u00ebr kan al die bogenoemde droogmaak.<\/p>  <\/div> <\/div> <div id=\"faq-question-1704705476297\" class=\"rank-math-list-item\"> <h3 class=\"rank-math-question\"><strong>Hoeveel\u00a0ton\u00a0wil jy per bondel of dag droogmaak?<\/strong><\/h3> <div class=\"rank-math-answer\">  <p>Ons graandroogmasjien werk in groepe, gewoonlik 15 ton\/batch of 32 ton\/batch. As jy groter kapasiteit benodig, kan ons dit ook vir jou toerus.<\/p>  <\/div> <\/div> <div id=\"faq-question-1704705577780\" class=\"rank-math-list-item\"> <h3 class=\"rank-math-question\"><strong>Wat is die humiditeit voor droog? Watter humiditeit wil jy kry nadat jy gedroog het?<\/strong><\/h3> <div class=\"rank-math-answer\">  <p>Gewoonlik, voor droog, is die humiditeit\u00a040%;\u00a0nadat dit gedroog is,\u00a0wil jy h\u00ea dit moet 20% wees.<\/p>  <\/div> <\/div> <div id=\"faq-question-1704705597446\" class=\"rank-math-list-item\"> <h3 class=\"rank-math-question\"><strong>Vir die brandende oond kan jy steenkool, diesel en biomassa as brandstof kies. Watter een verkies jy?\u00a0<\/strong><\/h3> <div class=\"rank-math-answer\">  <p>Ons mieliedro\u00ebr kan dit alles gebruik.<\/p>  <\/div> <\/div> <\/div> <\/div>   <p>Bogenoemde vier vrae is basiese inligting om ons te help om jou vereistes beter te verstaan. Ons kan 'n geskikte kommersi\u00eble paddy-dro\u00ebr vir jou besigheid aanbeveel. Kontak ons \u200b\u200ben ons sal so gou moontlik na jou terugkom!<\/p>    <figure class=\"wp-block-gallery aligncenter has-nested-images columns-default is-cropped wp-block-gallery-4 is-layout-flex wp-block-gallery-is-layout-flex\"> <figure class=\"wp-block-image size-large\"><img loading=\"lazy\" decoding=\"async\" width=\"3000\" height=\"4000\" data-id=\"6427\" src=\"https:\/\/taizyagromachine.com\/wp-content\/uploads\/2022\/02\/grain-drying-machine-in-stock.webp\" alt=\"graan droogmasjien in voorraad\" class=\"wp-image-6427\"\/><figcaption class=\"wp-element-caption\">graan droogmasjien in voorraad<\/figcaption><\/figure>    <figure class=\"wp-block-image size-large\"><img loading=\"lazy\" decoding=\"async\" width=\"3000\" height=\"4000\" data-id=\"6428\" src=\"https:\/\/taizyagromachine.com\/wp-content\/uploads\/2022\/02\/paddy-grain-dryer.webp\" alt=\"paddy graan dro\u00ebr\" class=\"wp-image-6428\"\/><figcaption class=\"wp-element-caption\">paddy graan dro\u00ebr<\/figcaption><\/figure>    <figure class=\"wp-block-image size-large\"><img loading=\"lazy\" decoding=\"async\" width=\"3000\" height=\"4000\" data-id=\"6429\" src=\"https:\/\/taizyagromachine.com\/wp-content\/uploads\/2022\/02\/paddy-rice-dryer-factory.webp\" alt=\"rysdro\u00ebrfabriek\" class=\"wp-image-6429\"\/><figcaption class=\"wp-element-caption\">rysdro\u00ebrfabriek<\/figcaption><\/figure> <\/figure>    <h2 class=\"wp-block-heading\"><strong>Kontak ons \u200b\u200bvir Graan Dryer Prys!<\/strong><\/h2>    <p class=\"translation-block\">Kom en kontak ons vir die droog vir <a href=\"https:\/\/en.wikipedia.org\/wiki\/Maize\" target=\"_blank\" rel=\"noopener\">mielies<\/a>, rys, koring en soja! Ons mieliedroog masjien kan jou help om jou graan vinnig en in bondels te droog. En ons masjien het 'n mededingende prys, wat jou lok! <\/p>","protected":false},"excerpt":{"rendered":"<p>Paddy dryer&nbsp;is ideal equipment that mainly functions to dry various grains, such as corn, rice, wheat, soybean, etc. The grain dryer belongs to batch circulation dryer, low temperature, and energy saving. It has a reasonable structure, easy operation, and low noise. Generally speaking, grain dryers for sale from Taizy Company have 5H-15 and 5H-32 available. [&hellip;]<\/p>\n","protected":false},"author":1,"featured_media":2158,"parent":0,"template":"","tags":[223],"product-type":[30],"class_list":["post-2029","product","type-product","status-publish","has-post-thumbnail","hentry","tag-grain-drying","product-type-grain-dryer"],"_links":{"self":[{"href":"https:\/\/taizyagromachine.com\/af\/wp-json\/wp\/v2\/product\/2029","targetHints":{"allow":["GET"]}}],"collection":[{"href":"https:\/\/taizyagromachine.com\/af\/wp-json\/wp\/v2\/product"}],"about":[{"href":"https:\/\/taizyagromachine.com\/af\/wp-json\/wp\/v2\/types\/product"}],"author":[{"embeddable":true,"href":"https:\/\/taizyagromachine.com\/af\/wp-json\/wp\/v2\/users\/1"}],"wp:featuredmedia":[{"embeddable":true,"href":"https:\/\/taizyagromachine.com\/af\/wp-json\/wp\/v2\/media\/2158"}],"wp:attachment":[{"href":"https:\/\/taizyagromachine.com\/af\/wp-json\/wp\/v2\/media?parent=2029"}],"wp:term":[{"taxonomy":"post_tag","embeddable":true,"href":"https:\/\/taizyagromachine.com\/af\/wp-json\/wp\/v2\/tags?post=2029"},{"taxonomy":"product-type","embeddable":true,"href":"https:\/\/taizyagromachine.com\/af\/wp-json\/wp\/v2\/product-type?post=2029"}],"curies":[{"name":"wp","href":"https:\/\/api.w.org\/{rel}","templated":true}]}}