{"id":2333,"date":"2022-03-31T01:53:37","date_gmt":"2022-03-31T01:53:37","guid":{"rendered":"https:\/\/taizyagromachine.com\/?post_type=product&#038;p=2333"},"modified":"2022-11-16T10:28:06","modified_gmt":"2022-11-16T02:28:06","slug":"hand-corn-planter-walk-behind-corn-planter-1-row-corn-planter","status":"publish","type":"product","link":"https:\/\/taizyagromachine.com\/af\/product\/hand-corn-planter-walk-behind-corn-planter-1-row-corn-planter\/","title":{"rendered":"Hand mielieplanter | Stap agter mielieplanter | 1 Ry mielieplanter"},"content":{"rendered":"<p class=\"translation-block\">Mielies is een van die belangrikste gewasse ter w\u00eareld. Daarom, van die begin van plant tot oes, is dit onafskeidbaar van die relevante mieliemasjinerie. Die <strong>handmielieplanter<\/strong> wat vandag bekendgestel gaan word, is spesiaal ontwerp vir mieliesaaiery. Natuurlik kan dit ook koring, grondboontjies, bone, sorghum, raapsaad, katoen, ens. saai. Hierdie handmieliesaaimasjien is geskik vir saai in heuwels, berge, ens. Ons handry-planter is baie gewild in Nigeri\u00eb, Kenia en ander streke. Welkom om enige tyd te konsulteer.<\/p>    <h2 class=\"wp-block-heading\" id=\"h-type-one-walk-behind-corn-planter\"><strong>Tipe Een: Stap agter mielieplanter<\/strong><\/h2>    <p class=\"translation-block\">Hierdie soort handmielieplanter het 'n baie eenvoudige struktuur en maklike werking. Trouens, hierdie<a href=\"https:\/\/cornmachines.com\/manual-seed-planter\/\" target=\"_blank\" rel=\"noreferrer noopener\"> eenry-planter<\/a> benodig twee persone om saam te werk. Een persoon moet aan die tou trek en dan vorentoe beweeg, en 'n ander persoon hou die mielieplanter om te beweeg. Vanuit sy struktuur kan ons duidelik sien dat die handmieliesaai-planter kan bemes en saai, maar nie terselfdertyd kan doen nie. Hierdie klein mielieplanter gebruik geen krag nie, slegs arbeid. Daarom is dit veral geskik vir hulpprosjekte in sommige lande, wat gerief bring aan mense in arm gebiede.<\/p>   <div class=\"wp-block-image\"> <figure class=\"aligncenter size-full\"><img loading=\"lazy\" decoding=\"async\" width=\"720\" height=\"540\" src=\"https:\/\/taizyagromachine.com\/wp-content\/uploads\/2022\/03\/walk-behind-corn-planter.jpg\" alt=\"loop agter mielieplanter aan\" class=\"wp-image-2369\" srcset=\"https:\/\/taizyagromachine.com\/wp-content\/uploads\/2022\/03\/walk-behind-corn-planter.jpg 720w, https:\/\/taizyagromachine.com\/wp-content\/uploads\/2022\/03\/walk-behind-corn-planter-300x225.jpg 300w\" sizes=\"auto, (max-width: 720px) 100vw, 720px\" \/><figcaption class=\"wp-element-caption\">loop agter mielieplanter aan<\/figcaption><\/figure> <\/div>   <h3 class=\"wp-block-heading\"><strong>Werksvideo van Handmielieplanters te koop<\/strong><\/h3>    <figure class=\"wp-block-embed aligncenter is-type-video is-provider-youtube wp-block-embed-youtube wp-embed-aspect-16-9 wp-has-aspect-ratio\"><div class=\"wp-block-embed__wrapper\"> <iframe loading=\"lazy\" title=\"Handbediende mieliesaaier handbediende mieliesaadplanter grondboontjieboontjies sorghum raapplanter\" width=\"500\" height=\"281\" src=\"https:\/\/www.youtube.com\/embed\/1PT06n0p09I?feature=oembed\" frameborder=\"0\" allow=\"accelerometer; autoplay; clipboard-write; encrypted-media; gyroscope; picture-in-picture; web-share\" referrerpolicy=\"strict-origin-when-cross-origin\" allowfullscreen><\/iframe> <\/div><\/figure>    <h3 class=\"wp-block-heading\"><strong>Tegniese spesifikasies<\/strong><\/h3>    <figure class=\"wp-block-table\"><table><tbody><tr><td>Model<\/td><td>TZY-100<\/td><\/tr><tr><td>Kapasiteit<\/td><td>0,5 hektaar\/h<\/td><\/tr><tr><td>Grootte<\/td><td>1370*420*900mm<\/td><\/tr><tr><td>Gewig<\/td><td>12 kg<\/td><\/tr><\/tbody><\/table><\/figure>    <h2 class=\"wp-block-heading\"><strong>Tipe twee: 1 ry mielieplanter met petrolenjin<\/strong><\/h2>    <p>Hierdie handleiding mielieplanter is 'n opgradering gebaseer op die outydse saadplanter, 'n petrolenjin wat toegerus is. Hierdie hand mielieplanter kan saad deur een persoon saai, en het die petrolenjin as krag, wat baie mannekrag kan bespaar en doeltreffendheid kan verbeter. <\/p>   <div class=\"wp-block-image\"> <figure class=\"aligncenter size-full\"><img loading=\"lazy\" decoding=\"async\" width=\"720\" height=\"540\" src=\"https:\/\/taizyagromachine.com\/wp-content\/uploads\/2022\/03\/gasoline-engine-equipped-walk-behind-planter.jpg\" alt=\"petrol enjin hand mielie planter\" class=\"wp-image-2371\" srcset=\"https:\/\/taizyagromachine.com\/wp-content\/uploads\/2022\/03\/gasoline-engine-equipped-walk-behind-planter.jpg 720w, https:\/\/taizyagromachine.com\/wp-content\/uploads\/2022\/03\/gasoline-engine-equipped-walk-behind-planter-300x225.jpg 300w\" sizes=\"auto, (max-width: 720px) 100vw, 720px\" \/><figcaption class=\"wp-element-caption\">petrol enjin hand mielie planter<\/figcaption><\/figure> <\/div>   <p>In vergelyking met die tipe een-masjien, behalwe vir die petrolenjin, is die res basies dieselfde. As jy enige vrae het, kan jy ons enige tyd kontak.<\/p>    <h3 class=\"wp-block-heading\"><strong>Toegerus met petrolenjin<\/strong><\/h3>    <p>In ons fabriek is daar twee soorte petrolenjins. Een is 'n 170F petrolenjin, en die ander is 'n 152F petrolenjin. Die spesifieke vorm van die masjien word in die figuur hieronder getoon.<\/p>   <div class=\"wp-block-image\"> <figure class=\"aligncenter size-full\"><img loading=\"lazy\" decoding=\"async\" width=\"720\" height=\"540\" src=\"https:\/\/taizyagromachine.com\/wp-content\/uploads\/2022\/03\/1-row-corn-planter-with-the-gasoline-engine.jpg\" alt=\"stap agter planter met die petrolenjin\" class=\"wp-image-2373\" srcset=\"https:\/\/taizyagromachine.com\/wp-content\/uploads\/2022\/03\/1-row-corn-planter-with-the-gasoline-engine.jpg 720w, https:\/\/taizyagromachine.com\/wp-content\/uploads\/2022\/03\/1-row-corn-planter-with-the-gasoline-engine-300x225.jpg 300w\" sizes=\"auto, (max-width: 720px) 100vw, 720px\" \/><figcaption class=\"wp-element-caption\">twee verskillende petrolenjins<\/figcaption><\/figure> <\/div>   <h2 class=\"wp-block-heading\"><strong>Tipe Drie: Eenry Hand Mielieplanter<\/strong><\/h2>    <p>Die hand mielieplanter het 'n eendbek, wat vir die ooreenstemmende gewasse gebruik kan word deur die saadwiel te verander. Daar is altesaam 8 soorte saadwiele. Daarbenewens bepaal die aantal eendbekke die grootte van die plantspasi\u00ebring. Hoe meer eendbekke, hoe kleiner is die plantspasi\u00ebring. En daar is hoogstens 12 eendsnawels. Die saaidiepte daarvan is 3,5-7,8 cm. Ons het 'n klein kabinet van hierdie masjien na Zambi\u00eb uitgevoer.<\/p>   <div class=\"wp-block-image\"> <figure class=\"aligncenter size-large\"><img loading=\"lazy\" decoding=\"async\" width=\"1024\" height=\"384\" src=\"https:\/\/taizyagromachine.com\/wp-content\/uploads\/2022\/03\/different-colors-of-1-row-hand-corn-planter-1024x384.jpg\" alt=\"verskillende kleure van 1 ry hand mielieplanter\" class=\"wp-image-2376\" srcset=\"https:\/\/taizyagromachine.com\/wp-content\/uploads\/2022\/03\/different-colors-of-1-row-hand-corn-planter-1024x384.jpg 1024w, https:\/\/taizyagromachine.com\/wp-content\/uploads\/2022\/03\/different-colors-of-1-row-hand-corn-planter-300x113.jpg 300w, https:\/\/taizyagromachine.com\/wp-content\/uploads\/2022\/03\/different-colors-of-1-row-hand-corn-planter-768x288.jpg 768w, https:\/\/taizyagromachine.com\/wp-content\/uploads\/2022\/03\/different-colors-of-1-row-hand-corn-planter.jpg 1440w\" sizes=\"auto, (max-width: 1024px) 100vw, 1024px\" \/><figcaption class=\"wp-element-caption\">verskillende kleure van 1 ry hand mielieplanter<\/figcaption><\/figure> <\/div>   <h3 class=\"wp-block-heading\"><strong>Struktuur van mielieryplanter<\/strong><\/h3>    <p>Eintlik is daar 'n armleuning om vorentoe te stoot. Die saadkas is om die sade te hou en dan deur die eendbek te saai. Die wiel is om die grond te bedek. Boonop het ons verskillende kleure vir hierdie hand mielieplanter. Jy kan kies wat jy verkies.<\/p>   <div class=\"wp-block-image\"> <figure class=\"aligncenter size-full\"><img loading=\"lazy\" decoding=\"async\" width=\"720\" height=\"540\" src=\"https:\/\/taizyagromachine.com\/wp-content\/uploads\/2022\/03\/structure-of-hand-pushed-corn-seeder.jpg\" alt=\"struktuur van handgestoot mieliesaaier\" class=\"wp-image-2379\" srcset=\"https:\/\/taizyagromachine.com\/wp-content\/uploads\/2022\/03\/structure-of-hand-pushed-corn-seeder.jpg 720w, https:\/\/taizyagromachine.com\/wp-content\/uploads\/2022\/03\/structure-of-hand-pushed-corn-seeder-300x225.jpg 300w\" sizes=\"auto, (max-width: 720px) 100vw, 720px\" \/><figcaption class=\"wp-element-caption\">struktuur van handgestoot mieliesaaier<\/figcaption><\/figure> <\/div>   <h3 class=\"wp-block-heading\"><strong>Tegniese parameters<\/strong><\/h3>    <figure class=\"wp-block-table\"><table><tbody><tr><td>Saaidiepte<\/td><td>3,5-7,8 cm<\/td><\/tr><tr><td>Saaihoeveelheid<\/td><td>1-3 stuks, verstelbaar<\/td><\/tr><tr><td>Eendbek<\/td><td>Maks. 12 stuks<\/td><\/tr><tr><td>Gewig<\/td><td>11 kg<\/td><\/tr><tr><td>Verpakkingsgrootte<\/td><td>58*58*25\u00a0mm<\/td><\/tr><\/tbody><\/table><\/figure>    <h2 class=\"wp-block-heading\" id=\"h-highlights-of-single-row-walk-behind-corn-planter\"><strong>Hoogtepunte van enkelry loop agter mielieplanter<\/strong> <\/h2>    <ol class=\"wp-block-list\"> <li>Maklike werking, eenvoudige struktuur, goeie gehalte.<\/li>    <li>Liggewig, maklik om te beweeg.<\/li>    <li>Geskik vir heuwelagtige, bergagtige gebiede.<\/li>    <li>Gerieflik om verskeie gewasse te saai, soos koring, katoen, sorghum, koring, bone, mielies, raapsaad, ens.<\/li>    <li>Omgewingsbeskerming. Handmatige werking, vriendelik vir die omgewing.<\/li> <\/ol>    <h2 class=\"wp-block-heading\" id=\"h-why-choose-taizy-as-top-choice\"><strong>Waarom Taizy as topkeuse kies?<\/strong><\/h2>    <p class=\"translation-block\"><strong>ISO-sertifikaat<\/strong>. Ons handmielieplanter het die ISO-sertifikaat, wat voldoen aan die relevante regulasies en re\u00ebls. Dus, masjiene is van goeie gehalte en bereik nasionale standaarde. <\/p>    <p class=\"translation-block\"><strong>Ryk ervaring in uitvoer.<\/strong> Ons het ons verskeie landboumasjiene, soos mielie-oesmasjien, <a href=\"https:\/\/taizyagromachine.com\/af\/product\/maize-thresher\/\" target=\"_blank\" rel=\"noreferrer noopener\">mieliedorser<\/a> na baie lande en streke uitgevoer. Soos Zambi\u00eb, Afrika, Suid-Amerika, Nigeri\u00eb, Peru, ens. Daarom het ons baie ervaring met uitvoer. <\/p>    <p class=\"translation-block\"><strong>Deurdagte na-verkope diens.<\/strong> Nadat ons masjiene ontvang het, volg ons steeds ons kli\u00ebnte se situasie. Wat meer is, ons bied 'n 24-uur aanlyn diens om alle navrae van kli\u00ebnte te beantwoord. <\/p>   <div class=\"wp-block-image\"> <figure class=\"aligncenter size-full\"><img loading=\"lazy\" decoding=\"async\" width=\"720\" height=\"540\" src=\"https:\/\/taizyagromachine.com\/wp-content\/uploads\/2022\/03\/professional-team.jpg\" alt=\"professionele span\" class=\"wp-image-2304\" srcset=\"https:\/\/taizyagromachine.com\/wp-content\/uploads\/2022\/03\/professional-team.jpg 720w, https:\/\/taizyagromachine.com\/wp-content\/uploads\/2022\/03\/professional-team-300x225.jpg 300w\" sizes=\"auto, (max-width: 720px) 100vw, 720px\" \/><figcaption class=\"wp-element-caption\">professionele span<\/figcaption><\/figure> <\/div>   <h2 class=\"wp-block-heading\"><strong>Suksesvolle geval: Hand-aangedrewe mielieplanter na Peru uitgevoer<\/strong><\/h2>    <p>Ons het die opmerking van ons Google-webwerf ontvang. Ons Peru-kli\u00ebnt het ges\u00ea hy wil 20 stuks 1-ry mieliesaaier met die petrolenjin h\u00ea. Omdat hy 'n groot plaaseienaar is, wou hy koop vir sy arbeid. Ons verkoopsbestuurder Coco het dienste aan hom gelewer. Die Peru-kli\u00ebnt het een keer 20 stuks bestel en was bekommerd oor die afleweringstyd. Coco het aan hom verduidelik dat ons fabriek die masjien betyds sal vervaardig, en 'n vorderingsplan vir hom gemaak. Boonop sou Coco die vordering aan hom stuur. Nadat hy dit gelees het, het die Peru-kli\u00ebnt op sy gemak gevoel en 'n kontrak geteken en volle betaling vinnig betaal.<\/p>    <h2 class=\"wp-block-heading\"><strong>Gereelde vrae van Hand Corn Planter<\/strong><\/h2>   <div id=\"rank-math-faq\" class=\"rank-math-block\"> <div class=\"rank-math-list\"> <div id=\"faq-question-1668565608199\" class=\"rank-math-list-item\"> <h3 class=\"rank-math-question\"><strong>V: Hoeveel stukke moet een keer bestel word?<\/strong><\/h3> <div class=\"rank-math-answer\">  <p>A: Die minimum bestelling is 20 stuks.<\/p>  <\/div> <\/div> <div id=\"faq-question-1668565613558\" class=\"rank-math-list-item\"> <h3 class=\"rank-math-question\"><strong>V: Watter gewasse kan deur hierdie planter geplant word?<\/strong><\/h3> <div class=\"rank-math-answer\">  <p>A: Baie gewasse is beskikbaar. Byvoorbeeld, koring, katoen, sorghum, grondboontjies, bone, raapsaad, ens.<\/p>  <\/div> <\/div> <div id=\"faq-question-1668565623984\" class=\"rank-math-list-item\"> <h3 class=\"rank-math-question\"><strong>V: Hoe waarborg u die produksie as u een keer 100 stuks bestel?<\/strong><\/h3> <div class=\"rank-math-answer\">  <p>A: Ons is ge\u00efntegreerde vervaardiging en handel. Daarom het ons 'n sterk vermo\u00eb om jou vereiste goedere betyds te produseer. Ook sal ons 'n vooruitgangsplan opstel om jou regte te verseker.<\/p>  <\/div> <\/div> <div id=\"faq-question-1668565639991\" class=\"rank-math-list-item\"> <h3 class=\"rank-math-question\"><strong>V: Hoe lank kan u masjiene aflewer?<\/strong><\/h3> <div class=\"rank-math-answer\">  <p>A: Oor die algemeen, nadat ons die deposito ontvang het, het ons een week nodig om die goedere te re\u00ebl. Dus, as alles glad verloop, begin ons die masjiene na een week aflewer.<\/p>  <\/div> <\/div> <div id=\"faq-question-1668565653725\" class=\"rank-math-list-item\"> <h3 class=\"rank-math-question\"><strong>V: Watter vervoermetode gebruik jy?<\/strong><\/h3> <div class=\"rank-math-answer\">  <p>A: Gewoonlik, per see. As jy ander vereistes het, stel ons asseblief in kennis. En ons sal die mees geskikte vervoermetode re\u00ebl.<\/p>  <\/div> <\/div> <\/div> <\/div>   <p><\/p>","protected":false},"excerpt":{"rendered":"<p>Corn is one of the most important crops in the world. Therefore, from the beginning of planting to harvesting, it is inseparable from the relevant corn machinery. The hand corn planter to be introduced today is specially designed for corn sowing. Of course, it can also sow wheat, peanuts, beans, sorghum, rape, cotton, etc. This [&hellip;]<\/p>\n","protected":false},"author":1,"featured_media":2368,"parent":0,"template":"","tags":[],"product-type":[17],"class_list":["post-2333","product","type-product","status-publish","has-post-thumbnail","hentry","product-type-corn-machine"],"_links":{"self":[{"href":"https:\/\/taizyagromachine.com\/af\/wp-json\/wp\/v2\/product\/2333","targetHints":{"allow":["GET"]}}],"collection":[{"href":"https:\/\/taizyagromachine.com\/af\/wp-json\/wp\/v2\/product"}],"about":[{"href":"https:\/\/taizyagromachine.com\/af\/wp-json\/wp\/v2\/types\/product"}],"author":[{"embeddable":true,"href":"https:\/\/taizyagromachine.com\/af\/wp-json\/wp\/v2\/users\/1"}],"wp:featuredmedia":[{"embeddable":true,"href":"https:\/\/taizyagromachine.com\/af\/wp-json\/wp\/v2\/media\/2368"}],"wp:attachment":[{"href":"https:\/\/taizyagromachine.com\/af\/wp-json\/wp\/v2\/media?parent=2333"}],"wp:term":[{"taxonomy":"post_tag","embeddable":true,"href":"https:\/\/taizyagromachine.com\/af\/wp-json\/wp\/v2\/tags?post=2333"},{"taxonomy":"product-type","embeddable":true,"href":"https:\/\/taizyagromachine.com\/af\/wp-json\/wp\/v2\/product-type?post=2333"}],"curies":[{"name":"wp","href":"https:\/\/api.w.org\/{rel}","templated":true}]}}