{"id":2620,"date":"2022-05-10T03:11:54","date_gmt":"2022-05-10T03:11:54","guid":{"rendered":"https:\/\/taizyagromachine.com\/?post_type=product&#038;p=2620"},"modified":"2025-01-02T13:55:15","modified_gmt":"2025-01-02T05:55:15","slug":"straw-cutter-and-grain-grinder","status":"publish","type":"product","link":"https:\/\/taizyagromachine.com\/af\/product\/straw-cutter-and-grain-grinder\/","title":{"rendered":"Strooisnyer en Graanmasjien"},"content":{"rendered":"<p class=\"translation-block\">Hierdie reeks strooysnyer en graanmeul bereik veelsydige gebruik, wat guillotine en graanvergruising moontlik maak. Hierdie guillotine beskik oor ho\u00eb werkverrigting, lae geraas, ho\u00eb opbrengs, veiligheid en stabiliteit, ho\u00eb doeltreffendheid, lae energiekonsumptie, stewigheid en duursaamheid. Die <a href=\"https:\/\/taizyagromachine.com\/af\/product\/chaff-cutter-and-grain-grinder\/\" target=\"_blank\" rel=\"noreferrer noopener\">strooisnyer en meul gekombineerde masjien<\/a> kan nie net dro\u00eb en nat strooi, rysstrooi, koringstrooi, katoostrooi, verskillende grasse sny nie, maar ook graan soos graan, grondboontjiebolsters, mieliepitte, soetstrooikoppe, ens. Die gekneusde voltooide produk kan as dierevoer gebruik word. Daarom is die masjien geskik vir klein en medium-grootte fabrieke, maar ook vir huishoudelike gebruik.<br>Ons masjiene is ook baie gewild in die buiteland, byvoorbeeld in Kenia, Zimbabwe, Peru, Dubai, Suid-Afrika, Lesotho, ens.<\/p>    <h2 class=\"wp-block-heading\" id=\"h-type-one-9zf-500b-new-type-chaff-cutter-and-grinder-machine\"><strong>Tipe Een: 9ZF-500B (nuwe tipe) kafsnyer en slypmasjien<\/strong><\/h2>    <p>Hierdie guillotine-slyper het vyf poorte, waarvan drie uitlate is en waarvan twee inlate is. Hierdie masjien is maklik om te bedryf, het 'n wye verwerkingsreeks en is in staat om 'n wye reeks gewasse te verpletter. Dit het 'n goeie verpletterende effek op die materiaal en het 'n lang bergingstyd. Daarom is dit ideaal vir gebruik op plase.<\/p>   <div class=\"wp-block-image\"> <figure class=\"aligncenter size-full\"><img loading=\"lazy\" decoding=\"async\" width=\"720\" height=\"540\" src=\"https:\/\/taizyagromachine.com\/wp-content\/uploads\/2022\/05\/combined-hay-cutter-and-grain-grinder.jpg\" alt=\"gekombineerde hooisnyer en graanmeul\" class=\"wp-image-2635\"\/><figcaption class=\"wp-element-caption\">gekombineerde hooisnyer en graanmeul<\/figcaption><\/figure> <\/div>   <h3 class=\"wp-block-heading\"><strong>Struktuur van strooibreker en graanmolen <\/strong><\/h3>    <p class=\"translation-block\">Hierdie <a href=\"https:\/\/silagebaler.com\/combined-chaff-cutter-and-grain-crusher\/\" target=\"_blank\" rel=\"noreferrer noopener\">gras sny- en meulmasjien<\/a> bestaan uit drie uitlaate, een aan die bokant, een in die middel en een aan die onderkant, en inlaate vir gras en graan onderskeidelik. Die masjien is toegerus met 'n suiwer koperen motor en bewegende wiele om die beweging van die masjien te vergemaklik. Van die drie uitlaate is die boonste vir dro\u00eb gras, die middelste vir nat gras en die onderste vir graan. Die sif kan teruggetrek word wanneer die gras apart gesny word.<\/p>   <div class=\"wp-block-image\"> <figure class=\"aligncenter size-full\"><img loading=\"lazy\" decoding=\"async\" width=\"720\" height=\"540\" src=\"https:\/\/taizyagromachine.com\/wp-content\/uploads\/2022\/05\/structure-of-straw-cutting-and-grain-grinding-machine.jpg\" alt=\"struktuur van strooi sny en graan maal masjien\" class=\"wp-image-2632\"\/><figcaption class=\"wp-element-caption\">struktuur van strooi sny en graan maal masjien<\/figcaption><\/figure> <\/div>   <h3 class=\"wp-block-heading\"><strong>Tegniese spesifikasies van die strooisnyer en graansnyer<\/strong><\/h3>    <figure class=\"wp-block-table\"><table><tbody><tr><td>Model<\/td><td>9ZF-500B (nuwe tipe)<\/td><\/tr><tr><td>Bypassende skerms<\/td><td>4 stuks (2\/3\/10\/30)<\/td><\/tr><tr><td>Bypassende krag<\/td><td>3kW motor<\/td><\/tr><tr><td>Motorspoed<\/td><td>2800rpm<\/td><\/tr><tr><td>Masjien gewig<\/td><td>68 kg (motor uitgesluit)<\/td><\/tr><tr><td>Gegradeerde spanning<\/td><td>220V<\/td><\/tr><tr><td>Masjien uitset<\/td><td>1200 kg\/h<\/td><\/tr><tr><td>Algehele afmetings<\/td><td>1220*1070*1190mm<\/td><\/tr><\/tbody><\/table><\/figure>    <h2 class=\"wp-block-heading\"><strong>Tipe twee: 9ZF-500B kafsnyer en breker <\/strong><\/h2>    <p>In vergelyking met die bogenoemde masjien, is hierdie een eenvoudiger en sy werkverrigting is dieselfde. Die grofheid van die fyngemaakte materiaal word beheer deur die grootte van die sifgate wanneer hierdie strooisnyer en graanmeulmasjien fyngedruk word. En die sif kan vervang word. Dit is ook moontlik om die skerms volgens klantvereistes aan te pas.<\/p>   <div class=\"wp-block-image\"> <figure class=\"aligncenter size-full\"><img loading=\"lazy\" decoding=\"async\" width=\"720\" height=\"540\" src=\"https:\/\/taizyagromachine.com\/wp-content\/uploads\/2022\/05\/chaff-cutter-and-grain-crusher-machine.jpg\" alt=\"kafsnyer en graanbrekermasjien\" class=\"wp-image-2637\"\/><figcaption class=\"wp-element-caption\">kafsnyer en graanbrekermasjien<\/figcaption><\/figure> <\/div>   <h3 class=\"wp-block-heading\"><strong>Struktuur van kafsny- en graansnymasjien <\/strong><\/h3>    <p>Die strooisnyermasjien en graanbreker bestaan \u200b\u200buit 'n guillotine-inlaat, 'n graan-inlaat, 'n ho\u00eb spuituitlaat, 'n drukuitlaat, en 'n bandbeskermer, 'n suiwer koperkernmotor en mobiele wiele. Sommige konfigurasies kan volgens klantvereistes aangepas word. Skakel asseblief vir besonderhede.<\/p>   <div class=\"wp-block-image\"> <figure class=\"aligncenter size-full\"><img loading=\"lazy\" decoding=\"async\" width=\"720\" height=\"540\" src=\"https:\/\/taizyagromachine.com\/wp-content\/uploads\/2022\/05\/construction-of-combined-chaff-cutter.jpg\" alt=\"konstruksie van gekombineerde kafsnyer\" class=\"wp-image-2633\"\/><figcaption class=\"wp-element-caption\">konstruksie van gekombineerde kafsnyer<\/figcaption><\/figure> <\/div>   <h3 class=\"wp-block-heading\"><strong>Tegniese parameters van die strooisnyer en graansnyer<\/strong><\/h3>    <figure class=\"wp-block-table\"><table><tbody><tr><td>Model<\/td><td>9ZF-500B<\/td><\/tr><tr><td>Bypassende skerms<\/td><td>4 stuks<\/td><\/tr><tr><td>Bypassende krag<\/td><td>3kW motor<\/td><\/tr><tr><td>Motorspoed<\/td><td>2800rpm<\/td><\/tr><tr><td>Masjien gewig<\/td><td>55 kg (motor uitgesluit)<\/td><\/tr><tr><td>Algehele afmetings<\/td><td>920*930*1250 mm<\/td><\/tr><tr><td>Masjien uitset<\/td><td>1200 kg\/h<\/td><\/tr><tr><td>Verpletterende doeltreffendheid<\/td><td>300-500 kg\/h<\/td><\/tr><tr><td>Aantal lemme<\/td><td>3 stuks<\/td><\/tr><tr><td>Slinger messe<\/td><td>24 stuks<\/td><\/tr><tr><td>Driehoekige vryfmesse<\/td><td>18 stuks<\/td><\/tr><tr><td>Voedingsmetode<\/td><td>handvoeding<\/td><\/tr><tr><td>Ontslag effek<\/td><td>Sagte syagtige\/poeier<\/td><\/tr><\/tbody><\/table><\/figure>    <h2 class=\"wp-block-heading\"><strong>Tipe Drie: 9ZF-1800 gekombineerde strooisnyer en slypmasjien<\/strong><\/h2>    <p>Uit die vorm is dit duidelik dat hierdie strooisnymasjien 'n ho\u00ebr uitlaatopening het as die ander twee modelle. Hierdie masjien is baie maerder en langer en het 'n ho\u00ebr raam in vergelyking. Dit is ook baie maklik om te bedryf.<\/p>   <div class=\"wp-block-image\"> <figure class=\"aligncenter size-full\"><img loading=\"lazy\" decoding=\"async\" width=\"720\" height=\"540\" src=\"https:\/\/taizyagromachine.com\/wp-content\/uploads\/2022\/05\/multifunctional-chaff-cutter.jpg\" alt=\"multifunksionele kafsnyer\" class=\"wp-image-2638\"\/><figcaption class=\"wp-element-caption\">multifunksionele kafsnyer<\/figcaption><\/figure> <\/div>   <h3 class=\"wp-block-heading\"><strong>Struktuur van gekombineerde strooisnyer en brekermasjien<\/strong><\/h3>    <p>Hierdie strooisnyer en graanmeul is saamgestel uit 'n ho\u00eb uitlaatpoort, 'n lae uitlaatpoort, 'n graaninlaat, 'n kaf-inlaat, motor en beweegbare wiele. <\/p>   <div class=\"wp-block-image\"> <figure class=\"aligncenter size-full\"><img loading=\"lazy\" decoding=\"async\" width=\"720\" height=\"540\" src=\"https:\/\/taizyagromachine.com\/wp-content\/uploads\/2022\/05\/structure-details-of-grass-cutting-machine.jpg\" alt=\"struktuurbesonderhede van grassnymasjien\" class=\"wp-image-2634\"\/><figcaption class=\"wp-element-caption\">struktuurbesonderhede van grassnymasjien<\/figcaption><\/figure> <\/div>   <h3 class=\"wp-block-heading\"><strong>Tegniese spesifikasies van die strooisnyer en graansnyer<\/strong><\/h3>    <figure class=\"wp-block-table\"><table><tbody><tr><td>Model<\/td><td>9ZF-1800<\/td><\/tr><tr><td>Bypassende krag<\/td><td>3kW enkelfase motor<\/td><\/tr><tr><td>Motorspoed<\/td><td>2800rpm<\/td><\/tr><tr><td>Masjien gewig<\/td><td>75 kg (motor uitgesluit)<\/td><\/tr><tr><td>Gegradeerde spanning<\/td><td>220V<\/td><\/tr><tr><td>Masjien uitset<\/td><td>1800 kg\/h<\/td><\/tr><tr><td>Toepaslike omvang<\/td><td>koeie, skape, varke, hoenders, eende, hase en ander vee<\/td><\/tr><\/tbody><\/table><\/figure>    <h2 class=\"wp-block-heading\" id=\"h-how-does-straw-cutting-and-corn-grinding-machine-mill-grains\"><strong>Hoe werk strooisny- en mieliemaalmasjien graan?<\/strong><\/h2>    <figure class=\"wp-block-embed is-type-video is-provider-youtube wp-block-embed-youtube wp-embed-aspect-16-9 wp-has-aspect-ratio\"><div class=\"wp-block-embed__wrapper\"> <iframe loading=\"lazy\" title=\"Kafsnyer en Graanmasjien | Hoe werk &#039;n gekombineerde strooisnyer en -slyper? #maal #maal\" width=\"500\" height=\"281\" src=\"https:\/\/www.youtube.com\/embed\/Wafde3zwTtA?feature=oembed\" frameborder=\"0\" allow=\"accelerometer; autoplay; clipboard-write; encrypted-media; gyroscope; picture-in-picture; web-share\" referrerpolicy=\"strict-origin-when-cross-origin\" allowfullscreen><\/iframe> <\/div><\/figure>    <h2 class=\"wp-block-heading\"><strong>Voordele van grassny en graansnyer<\/strong><\/h2>    <ul class=\"wp-block-list\"> <li>Verdikte mangaanstaallem, sterk en stewig en duursaam.<\/li>    <li>Suiwer koperkernmotor wat volle krag en lang lewensduur bied.<\/li>    <li>As gevolg van stewige staander is die motor stewiger geplaas en werk dit meer stabiel.<\/li>    <li>Verdikte strooivoerder, langer en bre\u00ebr, maak voeding geriefliker en vinniger.<\/li>    <li>Graaninlaat, dikker en sterker, duursaamer.<\/li>    <li>Wye verskeidenheid materiale wat vir voeding vervaardig word, perde, beeste, skape, varke, hase, hoenders, eende en ganse, ens.<\/li> <\/ul>    <h2 class=\"wp-block-heading\"><strong>Installasie en ingebruikneming van die strooisnyer en graansnyer<\/strong><\/h2>    <ol class=\"wp-block-list\"> <li>Die strooisnyer en graanmeulmasjien moet op 'n plat en soliede terrein ge\u00efnstalleer word.<\/li>    <li>Rus en installeer die motor volgens die gespesifiseerde vereistes.<\/li>    <li>Voordat jy die band installeer, kyk of die draairigting van die indekskrag ooreenstem met die snyrigting van die kafsnyer. Bevestig dat dit korrek is en pas dan die installasiegordel aan en maak dit behoorlik styf.<\/li>    <li>Voor die aanvang van die strooibreker en maalmasjien, kontroleer en verstel die gaping tussen die bewegende en vaste messe, sodat die gaping verstel en beheer word op 0,8 mm of minder sonder om te stamp, en sluit dan die boute.<\/li>    <li>Nadat alle onderdele normaal aangepas is en bevestig is dat dit korrek is, skakel die krag aan vir proefwerking. En kyk of daar enige losheid in die hegstukverbinding van elke deel is en of daar enige abnormale klank in elke roterende deel is.<\/li> <\/ol>    <h2 class=\"wp-block-heading\"><strong>Suksesvolle geval: 20 stelle strooisnyer en graanbreker na Peru uitgevoer<\/strong><\/h2>    <p>Die Peruaanse klant het 'n groot plaas wat beeste en hoenders grootmaak. Hy wou die strooisnyer en graanmeul vir diereteling koop. Ons verkoopsbestuurder, Emily, het vir hom die relevante parameters van die masjien, video's en foto's, ens. gestuur. Nadat hy na hierdie inligting gekyk het, het die Peruaanse kli\u00ebnt 'n paar wysigings aan die masjien voorgestel (4 groot wiele, bak met skuins). Ons het 'n monster gemaak en vir hom foto's en 'n video gestuur om te bevestig. Op die ou end het die Peruaanse klant vir ons 'n bestelling van 20 eenhede gegee, wat ons volgens sy vereistes by sy bestemming afgelewer het.<\/p>    <div class=\"wp-block-columns is-layout-flex wp-container-core-columns-is-layout-9d6595d7 wp-block-columns-is-layout-flex\"> <div class=\"wp-block-column is-layout-flow wp-block-column-is-layout-flow\"><div class=\"wp-block-image\"> <figure class=\"aligncenter size-full\"><img loading=\"lazy\" decoding=\"async\" width=\"720\" height=\"540\" src=\"https:\/\/taizyagromachine.com\/wp-content\/uploads\/2022\/05\/customized-straw-cutter-and-grinder.jpg\" alt=\"pasgemaakte strooisnyer en -slyper\" class=\"wp-image-2654\"\/><figcaption class=\"wp-element-caption\">pasgemaakte strooisnyer en -slyper<\/figcaption><\/figure> <\/div><\/div>    <div class=\"wp-block-column is-layout-flow wp-block-column-is-layout-flow\"><div class=\"wp-block-image\"> <figure class=\"aligncenter size-full\"><img loading=\"lazy\" decoding=\"async\" width=\"720\" height=\"540\" src=\"https:\/\/taizyagromachine.com\/wp-content\/uploads\/2022\/05\/package-straw-cutter-and-grain-grinder-machine.jpg\" alt=\"pakket-strooi snyer en graan slypmasjien\" class=\"wp-image-2657\"\/><figcaption class=\"wp-element-caption\">pakket<\/figcaption><\/figure> <\/div><\/div> <\/div>    <h2 class=\"wp-block-heading\"><strong>Gereelde vrae<\/strong><\/h2>   <div id=\"rank-math-faq\" class=\"rank-math-block\"> <div class=\"rank-math-list\"> <div id=\"faq-question-1666246094471\" class=\"rank-math-list-item\"> <h3 class=\"rank-math-question\"><strong>V: Watter soort motivering is nodig vir die strooisnyer en graanmeul?<\/strong><\/h3> <div class=\"rank-math-answer\">  <p>A: Dieselmotor, elektriese motor, petrolenjin. Dit is toegerus op grond van die masjien.<\/p>  <\/div> <\/div> <div id=\"faq-question-1666246100452\" class=\"rank-math-list-item\"> <h3 class=\"rank-math-question\"><strong>V: Intern met 4 skerms, kan die skerms verander word?<\/strong><\/h3> <div class=\"rank-math-answer\">  <p>A: Die skerms kan aangepas word volgens die vereistes van die kli\u00ebnt.<\/p>  <\/div> <\/div> <div id=\"faq-question-1666246109190\" class=\"rank-math-list-item\"> <h3 class=\"rank-math-question\"><strong>V: 9ZF-500 (nuwe tipe) gekombineerde grasgraanslyper het drie uitlate, hoe kom die voer uit?<\/strong><\/h3> <div class=\"rank-math-answer\">  <p>A: Die gras kom uit die boonste en middelste uitlate, en die graan kom uit die onderste uitlaat.<\/p>  <\/div> <\/div> <div id=\"faq-question-1666246122276\" class=\"rank-math-list-item\"> <h3 class=\"rank-math-question\"><strong>V: Watter onderdele is as opsies beskikbaar?<\/strong><\/h3> <div class=\"rank-math-answer\">  <p>A: Wiele en beskermende omhulsel.<\/p>  <\/div> <\/div> <div id=\"faq-question-1666246133492\" class=\"rank-math-list-item\"> <h3 class=\"rank-math-question\"><strong>V: Waarom is die masjienraam beweegbaar?<\/strong><\/h3> <div class=\"rank-math-answer\">  <p>A: Omdat die band los raak met langdurige gebruik, en die skuif van die raam kan die band styf maak.<\/p>  <\/div> <\/div> <\/div> <\/div>   <h2 class=\"wp-block-heading\"><strong>Werksvideo van Taizy strooisnyer en graansnyer<\/strong><\/h2>    <figure class=\"wp-block-embed is-type-video is-provider-youtube wp-block-embed-youtube wp-embed-aspect-16-9 wp-has-aspect-ratio\"><div class=\"wp-block-embed__wrapper\"> <iframe loading=\"lazy\" title=\"2022 Taizy Gekombineerde Kafsnyer GrInder vir stingels, strooitjies, gras, graan #chaffcutter #grinder\" width=\"500\" height=\"281\" src=\"https:\/\/www.youtube.com\/embed\/qBfLwxNCu6k?feature=oembed\" frameborder=\"0\" allow=\"accelerometer; autoplay; clipboard-write; encrypted-media; gyroscope; picture-in-picture; web-share\" referrerpolicy=\"strict-origin-when-cross-origin\" allowfullscreen><\/iframe> <\/div><\/figure>","protected":false},"excerpt":{"rendered":"<p>This series of straw cutter and grain grinder achieves multi-purpose use, allowing for guillotine and grain crushing. This guillotine features high performance, low noise, high output, safety and stability, high efficiency, low energy consumption, sturdiness and durability. The chaff cutter and grinder combined machine can not only crush dry and wet straw, rice straw, wheat [&hellip;]<\/p>\n","protected":false},"author":1,"featured_media":2629,"parent":0,"template":"","tags":[],"product-type":[19],"class_list":["post-2620","product","type-product","status-publish","has-post-thumbnail","hentry","product-type-silage-machine"],"_links":{"self":[{"href":"https:\/\/taizyagromachine.com\/af\/wp-json\/wp\/v2\/product\/2620","targetHints":{"allow":["GET"]}}],"collection":[{"href":"https:\/\/taizyagromachine.com\/af\/wp-json\/wp\/v2\/product"}],"about":[{"href":"https:\/\/taizyagromachine.com\/af\/wp-json\/wp\/v2\/types\/product"}],"author":[{"embeddable":true,"href":"https:\/\/taizyagromachine.com\/af\/wp-json\/wp\/v2\/users\/1"}],"wp:featuredmedia":[{"embeddable":true,"href":"https:\/\/taizyagromachine.com\/af\/wp-json\/wp\/v2\/media\/2629"}],"wp:attachment":[{"href":"https:\/\/taizyagromachine.com\/af\/wp-json\/wp\/v2\/media?parent=2620"}],"wp:term":[{"taxonomy":"post_tag","embeddable":true,"href":"https:\/\/taizyagromachine.com\/af\/wp-json\/wp\/v2\/tags?post=2620"},{"taxonomy":"product-type","embeddable":true,"href":"https:\/\/taizyagromachine.com\/af\/wp-json\/wp\/v2\/product-type?post=2620"}],"curies":[{"name":"wp","href":"https:\/\/api.w.org\/{rel}","templated":true}]}}