{"id":4122,"date":"2022-11-23T18:15:43","date_gmt":"2022-11-23T10:15:43","guid":{"rendered":"https:\/\/taizyagromachine.com\/?post_type=product&#038;p=4122"},"modified":"2024-01-09T16:59:21","modified_gmt":"2024-01-09T08:59:21","slug":"rice-transplanter-planting-machine","status":"publish","type":"product","link":"https:\/\/taizyagromachine.com\/af\/product\/rice-transplanter-planting-machine\/","title":{"rendered":"Rysoorplanter vir die plant van padie-saailinge"},"content":{"rendered":"<p class=\"translation-block\">Die <strong>rysplanter<\/strong> is 'n gespesialiseerde masjien vir die plant van rys-saailinge in rysvelde, wat arbeid bespaar en die gladde verloop van daaropvolgende werk fasiliteer. <\/p>    <p>Ons het drie soorte rysoorplanters: 4-ry, 6-ry en 8-ry. Die 4-ry en 6-ry padie-oorplantmasjiene is semi-outomaties terwyl die 8-ry rys plantmasjien ten volle outomaties is. <\/p>    <p>Taizy paddy-oorplanter is van uitstekende gehalte en ho\u00eb doeltreffendheid, wat dit 'n onontbeerlike meganiese assistent vir rysprodusente maak.<\/p>    <p>Indien jy belangstel, kontak ons \u200b\u200basseblief en ons sal jou so gou moontlik kontak met die optimale oplossing vir jou behoeftes!<\/p>    <figure class=\"wp-block-embed is-type-video is-provider-youtube wp-block-embed-youtube wp-embed-aspect-16-9 wp-has-aspect-ratio\"><div class=\"wp-block-embed__wrapper\"> <iframe loading=\"lazy\" title=\"Outomatiese rysoorplanter vir trekker| padie oorplanter masjien | rys oorplanter prys\" width=\"500\" height=\"281\" src=\"https:\/\/www.youtube.com\/embed\/xBPZr90CwV0?feature=oembed\" frameborder=\"0\" allow=\"accelerometer; autoplay; clipboard-write; encrypted-media; gyroscope; picture-in-picture; web-share\" referrerpolicy=\"strict-origin-when-cross-origin\" allowfullscreen><\/iframe> <\/div><figcaption class=\"wp-element-caption\">padie rys plant masjien werk video<\/figcaption><\/figure>    <h2 class=\"wp-block-heading\"><strong>Tipe 1: 4-ry handleiding rys saailinge oorplanter<\/strong><\/h2>    <p>Hierdie 4-ry handmatige rys-oorplantmasjien word deur 'n petrolenjin aangedryf en moet met die hand aangedryf word, wat dit geskik maak vir kleinskaalse rysverbouing. Dit is ook 'n arbeidsbesparende masjien wat akkurate plant moontlik maak en vermiste oorplantings voorkom. As jy klein landerye het om die rys saailinge te plant, sal hierdie rys-oorplanter 'n goeie keuse vir jou wees.<\/p>    <figure class=\"wp-block-gallery aligncenter has-nested-images columns-default is-cropped wp-block-gallery-2 is-layout-flex wp-block-gallery-is-layout-flex\"> <figure class=\"wp-block-image size-large\"><img loading=\"lazy\" decoding=\"async\" width=\"720\" height=\"540\" data-id=\"4130\" src=\"https:\/\/taizyagromachine.com\/wp-content\/uploads\/2022\/11\/4-row-paddy-transplanter.webp\" alt=\"4-ry padie-oorplanter\" class=\"wp-image-4130\"\/><figcaption class=\"wp-element-caption\">4-ry padie-oorplanter<\/figcaption><\/figure>    <figure class=\"wp-block-image size-large\"><img loading=\"lazy\" decoding=\"async\" width=\"720\" height=\"540\" data-id=\"4131\" src=\"https:\/\/taizyagromachine.com\/wp-content\/uploads\/2022\/11\/4-row-rice-transplanter.webp\" alt=\"4-ry rysoorplanter\" class=\"wp-image-4131\"\/><figcaption class=\"wp-element-caption\">4-ry rysoorplanter<\/figcaption><\/figure> <\/figure>    <h3 class=\"wp-block-heading\"><strong>Struktuur van 4-ry rys planter masjien<\/strong><\/h3>    <p>Oor die algemeen is daar verskeie dele om die struktuur te vorm vir rysboere om makliker en geriefliker te werk. <\/p>    <p>Vir die saailinge moet die saaibak en die saaibakraam hulle vashou. As gevolg van werk in die watervelde, moet die wiel die ryswiel wees om maklik te beweeg. Vir die kragstelsel gebruik dit gewoonlik die petrolenjin om die masjien se werk te ondersteun. <\/p>    <p>Hierdie is net 'n paar dele, as jy meer wil weet, verwys asseblief na die onderstaande struktuurfoto of kontak ons \u200b\u200bvir meer besonderhede!<\/p>   <div class=\"wp-block-image\"> <figure class=\"aligncenter size-full\"><img loading=\"lazy\" decoding=\"async\" width=\"720\" height=\"540\" src=\"https:\/\/taizyagromachine.com\/wp-content\/uploads\/2022\/11\/4-row-rice-transplanter-machine-structure.webp\" alt=\"4-ry rysoorplantermasjienstruktuur\" class=\"wp-image-4128\"\/><figcaption class=\"wp-element-caption\">4-ry rysoorplantermasjienstruktuur<\/figcaption><\/figure> <\/div>   <h3 class=\"wp-block-heading\"><strong>Kenmerke van 4-ry plantmasjien vir rys<\/strong><\/h3>    <ol class=\"wp-block-list\"> <li>Die afstand kan aangepas word wanneer ryssaailinge uitgeplant word deur die spoed- en afstandaanpassingshandvatsel te gebruik, waarvan die omvang 12-14cm of 16-19 cm is.<\/li>    <li>Wanneer die masjien in ryslande werk, moet die modderdiepte 15-35 cm wees.<\/li>    <li>Met hierdie masjien kan rysoorplanting vinnig en doeltreffend uitgevoer word, wat arbeid bespaar en daar is geen foute of weglatings in oorplanting nie.<\/li> <\/ol>    <h3 class=\"wp-block-heading\"><strong>Tegniese parameters van die 4-ry rys plant masjien<\/strong><\/h3>    <figure class=\"wp-block-table\"><table><tbody><tr><td>Model<\/td><td>CY-4<\/td><\/tr><tr><td>Aantal oorplantingsrye<\/td><td>4<\/td><\/tr><tr><td>Krag<\/td><td>YAMAHA \u00a0petrolenjin<\/td><\/tr><tr><td>Afmeting L*W*H(mm)<\/td><td>1950*1250*1300<\/td><\/tr><tr><td>Enjin se rotasiespoed (r\/min)<\/td><td>1800<\/td><\/tr><tr><td>Ry tot ry afstand (mm)<\/td><td>300<\/td><\/tr><tr><td>Plant-tot-plant-afstand (mm)<\/td><td>120\/140\/160\/180\/210<\/td><\/tr><tr><td>Oorplantingsdoeltreffendheid<\/td><td>0,5 hektaar\/h<\/td><\/tr><tr><td>Bruto gewig<\/td><td>165 kg<\/td><\/tr><\/tbody><\/table><figcaption class=\"wp-element-caption\">tegniese data van 4-ry loop-agter rysoorplanter <\/figcaption><\/figure>    <h2 class=\"wp-block-heading\"><strong>Tipes 2: 6-ry loop tipe rys oorplanter masjien<\/strong><\/h2>    <p>Hierdie 6-ry rys-uitplanttoerusting kan vir mediumgrootte ryslande gebruik word, wat meer kostedoeltreffend vir boere is. Ons 6-ry rys plantmasjien is ook handmatig, en een persoon moet die masjien beheer wanneer hy werk. Sodoende bereik dit die kombinasiewerk van mens en masjien. As jy belangstel, is welkom om met ons in aanraking te kom vir meer besonderhede! <\/p>   <div class=\"wp-block-image\"> <figure class=\"aligncenter size-full\"><img loading=\"lazy\" decoding=\"async\" width=\"720\" height=\"540\" src=\"https:\/\/taizyagromachine.com\/wp-content\/uploads\/2022\/11\/6-row-hand-paddy-rice-transplanter.webp\" alt=\"6-ry hand rys oorplanter\" class=\"wp-image-4132\"\/><figcaption class=\"wp-element-caption\">6-ry hand rys oorplanter<\/figcaption><\/figure> <\/div>   <h3 class=\"wp-block-heading\"><strong>Kenmerke van 6-ry paddy-oorplantmasjien<\/strong><\/h3>    <ol class=\"wp-block-list\"> <li>Hierdie tipe rysoorplanter het 'n verstelbereik van 12-14cm\u00a0of 16\u00a0-21cm.<\/li>    <li>Hierdie masjien kan werk in velde waar die modderdiepte 15-35cm is.<\/li>    <li>Ho\u00eb doeltreffendheid, ho\u00eb presisie plant. <\/li> <\/ol>    <h3 class=\"wp-block-heading\"><strong>Tegniese parameters van die 6-ry hand paddy-oorplanter<\/strong><\/h3>    <figure class=\"wp-block-table\"><table><tbody><tr><td>Model<\/td><td>2ZS-6<\/td><\/tr><tr><td>Aantal oorplantingsrye<\/td><td>6<\/td><\/tr><tr><td>Struktuur tipe<\/td><td>Met die hand stap<\/td><\/tr><tr><td>Diameter van wiel (mm)<\/td><td>660<\/td><\/tr><tr><td>Wiel<\/td><td>Impeller<\/td><\/tr><tr><td>Krag<\/td><td>Vierslag petrolenjin<\/td><\/tr><tr><td>Uitsetkrag van enjin (kW\/rpm)<\/td><td>3.3\/3600<\/td><\/tr><tr><td>Afmeting L*W*H(mm)<\/td><td>2370*2280*910<\/td><\/tr><tr><td>Ry tot ry afstand (mm)<\/td><td>300<\/td><\/tr><tr><td>Plantspasi\u00ebring (mm)<\/td><td>210\/180\/160\/140\/120<\/td><\/tr><tr><td>Oorplantingsdiepte (mm)<\/td><td>15-37<\/td><\/tr><tr><td>Oorplantingsdoeltreffendheid (akker\/h)<\/td><td>0.1-0.25<\/td><\/tr><tr><td>Plantspoed (m\/s)<\/td><td>0.28-0.5<\/td><\/tr><tr><td>Verpakkingsgrootte (mm)<\/td><td>2810*1760*600<\/td><\/tr><tr><td>Bruto gewig (kg)<\/td><td>187<\/td><\/tr><tr><td>Eenhede per 40HQ-houer<\/td><td>12\u00a0stelle<\/td><\/tr><\/tbody><\/table><figcaption class=\"wp-element-caption\">handleiding rysveld plant masjien spesifikasies<\/figcaption><\/figure>    <h2 class=\"wp-block-heading\"><strong>Tipes 3: 8-ry meganiese rysoorplantermasjien<\/strong><\/h2>    <p>Taizy 8-ry ry tipe rysoorplanter is 'n ten volle outomatiese rys plantmasjien, met 'n groot kapasiteit, geskik vir die grootskaalse plase. Wanneer hierdie masjien gebruik word, kan die operateur sit om die masjien te beheer, wat baie tyd en krag bespaar, baie geriefliker om rys-saailinge te plant. <\/p>    <figure class=\"wp-block-gallery aligncenter has-nested-images columns-default is-cropped wp-block-gallery-3 is-layout-flex wp-block-gallery-is-layout-flex\"> <figure class=\"wp-block-image size-large\"><img loading=\"lazy\" decoding=\"async\" width=\"720\" height=\"540\" data-id=\"4133\" src=\"https:\/\/taizyagromachine.com\/wp-content\/uploads\/2022\/11\/8-row-rice-planting-machine.webp\" alt=\"8-ry rys plant masjien\" class=\"wp-image-4133\"\/><figcaption class=\"wp-element-caption\">8-ry rys plant masjien<\/figcaption><\/figure>    <figure class=\"wp-block-image size-large\"><img loading=\"lazy\" decoding=\"async\" width=\"720\" height=\"540\" data-id=\"4134\" src=\"https:\/\/taizyagromachine.com\/wp-content\/uploads\/2022\/11\/8-row-rice-transplanter.webp\" alt=\"8-ry rysoorplanter\" class=\"wp-image-4134\"\/><figcaption class=\"wp-element-caption\">8-ry rysoorplanter<\/figcaption><\/figure> <\/figure>    <h3 class=\"wp-block-heading\"><strong>Eienskappe van 8-ry rys-uitplanttoerusting<\/strong><\/h3>    <ol class=\"wp-block-list\"> <li>Die uitplantafstand kan deur die handvatsel aangepas word om aan jou veld se behoeftes te voldoen. <\/li>    <li>Die modderdiepte is 15-35 cm wanneer die masjien in die rysveld werk.<\/li>    <li>Groot kapasiteit, liggewig masjien, om aan die behoeftes van boere te voldoen.<\/li> <\/ol>    <h3 class=\"wp-block-heading\"><strong>Spesifikasies van 8-ry rysoorplanter te koop<\/strong><\/h3>    <figure class=\"wp-block-table\"><table><tbody><tr><td>Model<\/td><td>CY-8<\/td><\/tr><tr><td>Aantal oorplantingsrye<\/td><td>8<\/td><\/tr><tr><td>Diesel enjin model<\/td><td>178F<\/td><\/tr><tr><td>Afmeting L*W*H(mm)<\/td><td>2410*2165*1300mm<\/td><\/tr><tr><td>Dieselenjin se uitset (kW\/HP)<\/td><td>4.05\/5.5<\/td><\/tr><tr><td>Dieselenjin se rotasiespoed (r\/min)<\/td><td>1800<\/td><\/tr><tr><td>Ry tot ry afstand (mm)<\/td><td>238<\/td><\/tr><tr><td>Heuwel tot heuwel afstand (mm)<\/td><td>120\/140<\/td><\/tr><tr><td>Oorplantingsdoeltreffendheid<\/td><td>0,5-0,75 hektaar\/h<\/td><\/tr><tr><td>Verpakkingsgrootte<\/td><td>2810*1760*600mm<\/td><\/tr><tr><td>Bruto gewig<\/td><td>460 kg<\/td><\/tr><tr><td>Eenhede per 20ft houer<\/td><td>9 stelle<\/td><\/tr><\/tbody><\/table><figcaption class=\"wp-element-caption\">tegniese data van 8-ry paddy-oorplanter <\/figcaption><\/figure>    <h2 class=\"wp-block-heading\"><strong>Hoe om rys uit te plant in rysvelde?<\/strong><\/h2>   <div id=\"rank-math-howto\" class=\"rank-math-block\" > <div class=\"rank-math-howto-description\">  <\/div>  <div class=\"rank-math-steps\"> <div id=\"howto-step-1704785977534\" class=\"rank-math-step\"> <h3 class=\"rank-math-step-title\"><strong>Toerusting voorbeginkontrole<\/strong><\/h3> <div class=\"rank-math-step-content\"><p>Voordat die operasie begin word, maak seker dat al die funksies van die rysoorplanter ongeskonde is, die enjinolievlak en watertenkkoelmiddel voldoende is, en die brandstof voldoende en vry van onsuiwerhede is. <br \/>Kyk of die dele styf verbind is en of die saailingnaalde en uitplantvurke normaal is.<\/p> <\/div> <\/div> <div id=\"howto-step-1704786004293\" class=\"rank-math-step\"> <h3 class=\"rank-math-step-title\"><strong>Begin en verstel<\/strong><\/h3> <div class=\"rank-math-step-content\"><p>Sit op die bestuurdersitplek, hang die rem op en plaas die hoofratskakelhandvatsel in \"saailingaanvulling\" of neutrale posisie, en begin die enjin met die planthandvatsel in die neutrale posisie. <br \/>Nadat jy seker gemaak het dat die masjien glad loop, pas die plantdiepte en ryspasi\u00ebring aan volgens die grondtoestande en die spasi\u00ebring tussen rysplante.<\/p> <\/div> <\/div> <div id=\"howto-step-1704786042269\" class=\"rank-math-step\"> <h3 class=\"rank-math-step-title\"><strong>Paddy veld voorbereiding en posisionering<\/strong><\/h3> <div class=\"rank-math-step-content\"><p>Maak seker dat die rysveld gelyk is en geskikte vog het, en plaas dan die rysplanter akkuraat deur die stuur- en hystoestel op die masjien, sodat dit langs die voorafbeplande plantlyn beweeg.<\/p> <\/div> <\/div> <div id=\"howto-step-1704786076693\" class=\"rank-math-step\"> <h3 class=\"rank-math-step-title\"><strong>Rys plant en ontfouting<\/strong><\/h3> <div class=\"rank-math-step-content\"><p>Plaas die verpleegde rys saailinge netjies in die saailing boks, en pas die hoeveelheid saailing pluk aan om eweredig en konsekwent te wees. Begin die saailingdeur en saailingvoedingmeganisme, let op of die saailing glad opgesuig en ingesit word, en verfyn die verwante dele betyds indien nodig.<\/p> <\/div> <\/div> <div id=\"howto-step-1704786105818\" class=\"rank-math-step\"> <h3 class=\"rank-math-step-title\"><strong>Begin oorplantingsoperasie<\/strong><\/h3> <div class=\"rank-math-step-content\"><p>Wanneer alle instellings en verstellings voltooi is, laat die rem stadig los en versnel die rysoorplanter geleidelik na normale werkende toestand. Die operateur moet goed oplet na die uitplant-effek en enige tyd aanpassings maak.<\/p> <\/div> <\/div> <div id=\"howto-step-1704786138253\" class=\"rank-math-step\"> <h3 class=\"rank-math-step-title\"><strong>Halfweg onderhoud en inspeksie<\/strong><\/h3> <div class=\"rank-math-step-content\"><p>Tydens deurlopende werking, stop die masjien gereeld om die toevoer van saailinge in die saailingkas na te gaan, verwyder enige wortels of ander puin wat in die dele verstrengel kan wees, en hou die toerusting skoon en in 'n goeie werkende toestand.<\/p> <\/div> <\/div> <div id=\"howto-step-1704786153477\" class=\"rank-math-step\"> <h3 class=\"rank-math-step-title\"><strong>Saailing aanvulling en afronding<\/strong><\/h3> <div class=\"rank-math-step-content\"><p>Jy kan die \"vul saailing aan\"-funksie gebruik om die ontbrekende of yl areas aan te vul. Nadat u alle uitplanttake voltooi het, skakel die enjin af, maak die oorblyfsels van die toerusting skoon en doen die roetine-instandhoudingswerk om te verseker dat die volgende operasie glad verloop.<\/p> <\/div> <\/div> <\/div> <\/div>       <h2 class=\"wp-block-heading\"><strong>Stap-agter rys-oorplanter onderdele lys<\/strong><\/h2>    <figure class=\"wp-block-table\"><table><tbody><tr><td>S\/N<\/td><td>Naam van die slytende dele<\/td><td>Prentjie<\/td><\/tr><tr><td>1<\/td><td>vergasser&nbsp;<\/td><td><img loading=\"lazy\" decoding=\"async\" width=\"150\" height=\"200\" class=\"wp-image-4165\" style=\"width: 150px;\" src=\"https:\/\/taizyagromachine.com\/wp-content\/uploads\/2022\/11\/carburetter.webp\" alt=\"vergasser\"><\/td><\/tr><tr><td>2<\/td><td>Gordel SB-33<\/td><td><img loading=\"lazy\" decoding=\"async\" width=\"150\" height=\"129\" class=\"wp-image-4167\" style=\"width: 150px;\" src=\"https:\/\/taizyagromachine.com\/wp-content\/uploads\/2022\/11\/Belt-SB-33.webp\" alt=\"Gordel SB-33\"><\/td><\/tr><tr><td>3<\/td><td>olie se\u00ebl 20\u00d732\u00d77<\/td><td><img loading=\"lazy\" decoding=\"async\" width=\"150\" height=\"139\" class=\"wp-image-4168\" style=\"width: 150px;\" src=\"https:\/\/taizyagromachine.com\/wp-content\/uploads\/2022\/11\/oilseal.webp\" alt=\"oliese\u00ebl\"><\/td><\/tr><tr><td>4<\/td><td>oliese\u00ebl monteer30\u00d752\u00d712<\/td><td><img loading=\"lazy\" decoding=\"async\" width=\"150\" height=\"140\" class=\"wp-image-4169\" style=\"width: 150px;\" src=\"https:\/\/taizyagromachine.com\/wp-content\/uploads\/2022\/11\/oil-seal-assemble.webp\" alt=\"olie se\u00ebl monteer\"><\/td><\/tr><tr><td>5<\/td><td>oliese\u00ebl monteer15\u00d735\u00d711.5<\/td><td><img loading=\"lazy\" decoding=\"async\" width=\"150\" height=\"142\" class=\"wp-image-4171\" style=\"width: 150px;\" src=\"https:\/\/taizyagromachine.com\/wp-content\/uploads\/2022\/11\/oil-seal-assemble15.webp\" alt=\"oliese\u00ebl monteer15\"><\/td><\/tr><tr><td>6<\/td><td>gasdraad&nbsp;<\/td><td><img loading=\"lazy\" decoding=\"async\" width=\"150\" height=\"110\" class=\"wp-image-4172\" style=\"width: 150px;\" src=\"https:\/\/taizyagromachine.com\/wp-content\/uploads\/2022\/11\/throttle-wire.webp\" alt=\"gasdraad\"><\/td><\/tr><tr><td>7<\/td><td>Stuurkoppelaardraad<\/td><td><img loading=\"lazy\" decoding=\"async\" width=\"150\" height=\"84\" class=\"wp-image-4178\" style=\"width: 150px;\" src=\"https:\/\/taizyagromachine.com\/wp-content\/uploads\/2022\/11\/Steering-clutch-wire.webp\" alt=\"Stuurkoppelaardraad\"><\/td><\/tr><tr><td>8<\/td><td>verstik draad<\/td><td><img loading=\"lazy\" decoding=\"async\" width=\"150\" height=\"92\" class=\"wp-image-4177\" style=\"width: 150px;\" src=\"https:\/\/taizyagromachine.com\/wp-content\/uploads\/2022\/11\/choke-wire.webp\" alt=\"verstik draad\"><\/td><\/tr><tr><td>9<\/td><td>transmissieband<\/td><td><img loading=\"lazy\" decoding=\"async\" width=\"150\" height=\"128\" class=\"wp-image-4176\" style=\"width: 150px;\" src=\"https:\/\/taizyagromachine.com\/wp-content\/uploads\/2022\/11\/transmission-belt.webp\" alt=\"transmissieband\"><\/td><\/tr><tr><td>10<\/td><td>plantarm&nbsp;<\/td><td><img loading=\"lazy\" decoding=\"async\" width=\"150\" height=\"116\" class=\"wp-image-4175\" style=\"width: 150px;\" src=\"https:\/\/taizyagromachine.com\/wp-content\/uploads\/2022\/11\/planting-arm-.webp\" alt=\"plantarm&nbsp;\"><\/td><\/tr><tr><td>11<\/td><td>plantnaald<\/td><td><img loading=\"lazy\" decoding=\"async\" width=\"150\" height=\"113\" class=\"wp-image-4174\" style=\"width: 150px;\" src=\"https:\/\/taizyagromachine.com\/wp-content\/uploads\/2022\/11\/planting-needle.webp\" alt=\"plantnaald\"><\/td><\/tr><\/tbody><\/table><figcaption class=\"wp-element-caption\">spaarlys van plantmasjien vir rys<\/figcaption><\/figure>    <p>Bogenoemde is 'n lys van die draonderdele van die semi-outomatiese rysoorplantermasjien. Die verskillende dele en funksies van die rysoorplanter kan in sy naam gesien word. Wanneer jy 'n masjien koop, kan jy ook 'n paar ekstra stelle slytonderdele koop om te verseker dat die masjien behoorlik sal werk.<\/p>    <h2 class=\"wp-block-heading\"><strong>Suksesvolle gevalle van die veelvuldige rysoorplantermasjien<\/strong><\/h2>    <p>Ons rysoorplanters is van uitstekende gehalte, goeie werkverrigting en langdurige masjiene. Dit is hoekom hulle so gewild is by die huis en in die buiteland. <\/p>    <p>Ons masjiene word dikwels na die buiteland uitgevoer, byvoorbeeld na Togo en Pakistan. Gewoonlik pak ons \u200b\u200bdie masjiene in houtkratte voordat ons dit laai en per see na die kli\u00ebnt se bestemming stuur (indien die klant 'n ander afleweringsmetode vereis, is dit ook moontlik).<\/p>    <figure class=\"wp-block-gallery aligncenter has-nested-images columns-default is-cropped wp-block-gallery-4 is-layout-flex wp-block-gallery-is-layout-flex\"> <figure class=\"wp-block-image size-large\"><img loading=\"lazy\" decoding=\"async\" width=\"720\" height=\"540\" data-id=\"4163\" src=\"https:\/\/taizyagromachine.com\/wp-content\/uploads\/2022\/11\/package-rice-planting-machine-in-the-wooden-case.webp\" alt=\"pak rys plantmasjien in die houtkas\" class=\"wp-image-4163\"\/><figcaption class=\"wp-element-caption\">pak rys plantmasjien in die houtkas<\/figcaption><\/figure>    <figure class=\"wp-block-image size-large\"><img loading=\"lazy\" decoding=\"async\" width=\"720\" height=\"540\" data-id=\"4164\" src=\"https:\/\/taizyagromachine.com\/wp-content\/uploads\/2022\/11\/rice-transplanter-in-the-wooden-case.webp\" alt=\"rysoorplanter in die houtkas\" class=\"wp-image-4164\"\/><figcaption class=\"wp-element-caption\">rysoorplanter in die houtkas<\/figcaption><\/figure> <\/figure>    <h2 class=\"wp-block-heading\"><strong>Hoe om Taizy meganiese rysoorplanter te bestel?<\/strong><\/h2>    <ul class=\"wp-block-list\"> <li><strong>Produkbegrip en eisbevestiging<\/strong>: Deur ons te kontak, sal ons verkoopspersoneel jou help om die tegniese parameters, prestasie-eienskappe en toepassingsgebied van verskillende modelle van rysoorplanters in detail te verstaan, en die regte model te kies volgens jou eie landbougrondgrootte, plantbehoeftes en begroting.<\/li>    <li><strong>Konfigurasiekeuse en pasgemaakte diens<\/strong>: Bepaal volgens die werklike plantbehoeftes of jy addisionele bykomstighede (soos saailingbakkies, kunsmistoestelle, ens.) moet aanskaf of spesiale aanpassingsvereistes voor te stel, soos die aanpassing van ryspasi\u00ebring, plantspasi\u00ebring en ander parameters.<\/li>    <li><strong>Kwotasie en kontrak onderhandeling<\/strong>: Ons sal die kwotasie stuur, en in-diepte kommunikasie en onderhandeling voer oor die koopprys, afleweringsdatum, betaalmetode en naverkoopdiens, ens. Ons sal 'n koop- en verkoopskontrak opstel nadat ons 'n ooreenkoms bereik het.<\/li>    <li><strong>Teken die kontrak en betaal die deposito<\/strong>: Die twee kante het die verkoopskontrak formeel onderteken, jy betaal 'n sekere bedrag voorafbetaling of deposito volgens die ooreenkoms, om te verseker dat die bestelling in werking tree en die produksieproses betree.<\/li>    <li><strong>Toerusting aflewering en installering en ingebruikneming<\/strong>: Ons vervaardig die masjien volgens die ooreengekome tyd en toets die masjien, en u betaal die oorblywende betaling volgens die kontrak na aanvaarding. Daarna sal ons die rysoorplanter betyds aflewer.<\/li> <\/ul>    <h2 class=\"wp-block-heading\"><strong>Kontak ons \u200b\u200bvir jou rysplanting!<\/strong><\/h2>    <p class=\"translation-block\">Wil jy die doeltreffendheid van rys-saailing oorplanting in rysvelde verbeter? Indien wel, kontak ons.<\/p>    <p class=\"translation-block\">As 'n omvattende landbou vervaardiger en verskaffer, het ons ook groenteplanter en <a href=\"https:\/\/taizyagromachine.com\/af\/product\/nursery-seedling-machine\/\">saadbeddingsmasjien<\/a> vir allerhande vrugte en groente saailinge. Ons sal u voorsien van die optimale oplossing en kwotasie volgens u behoeftes, om die koste-effektiwiteit van die masjien te verseker, terselfdertyd om u rysaanplantingskoers te verseker!<\/p>","protected":false},"excerpt":{"rendered":"<p>Rysoorplanter is spesiaal vir rysplanting in die ryslande, met ho\u00eb presisie plant, goeie doeltreffendheid, met 4-ry, 6-ry, 8-ry tipes. Ons stel elke tipe breedvoerig in hierdie artikel bekend vir u verwysing.<\/p>","protected":false},"author":1,"featured_media":4146,"parent":0,"template":"","tags":[202,201,203],"product-type":[31],"class_list":["post-4122","product","type-product","status-publish","has-post-thumbnail","hentry","tag-rice-planting-machine","tag-rice-transplanter","tag-vegetable-transplanter","product-type-nursery-transplanter"],"_links":{"self":[{"href":"https:\/\/taizyagromachine.com\/af\/wp-json\/wp\/v2\/product\/4122","targetHints":{"allow":["GET"]}}],"collection":[{"href":"https:\/\/taizyagromachine.com\/af\/wp-json\/wp\/v2\/product"}],"about":[{"href":"https:\/\/taizyagromachine.com\/af\/wp-json\/wp\/v2\/types\/product"}],"author":[{"embeddable":true,"href":"https:\/\/taizyagromachine.com\/af\/wp-json\/wp\/v2\/users\/1"}],"wp:featuredmedia":[{"embeddable":true,"href":"https:\/\/taizyagromachine.com\/af\/wp-json\/wp\/v2\/media\/4146"}],"wp:attachment":[{"href":"https:\/\/taizyagromachine.com\/af\/wp-json\/wp\/v2\/media?parent=4122"}],"wp:term":[{"taxonomy":"post_tag","embeddable":true,"href":"https:\/\/taizyagromachine.com\/af\/wp-json\/wp\/v2\/tags?post=4122"},{"taxonomy":"product-type","embeddable":true,"href":"https:\/\/taizyagromachine.com\/af\/wp-json\/wp\/v2\/product-type?post=4122"}],"curies":[{"name":"wp","href":"https:\/\/api.w.org\/{rel}","templated":true}]}}