{"id":4448,"date":"2023-01-03T15:20:28","date_gmt":"2023-01-03T07:20:28","guid":{"rendered":"https:\/\/taizyagromachine.com\/?post_type=product&#038;p=4448"},"modified":"2025-03-20T14:03:30","modified_gmt":"2025-03-20T06:03:30","slug":"hydraulic-hay-baler","status":"publish","type":"product","link":"https:\/\/taizyagromachine.com\/af\/product\/hydraulic-hay-baler\/","title":{"rendered":"2-silinder hidrouliese hooibaler vir die pers van vierkante bale"},"content":{"rendered":"<p class=\"translation-block\">Hierdie hidrouliese hooi-baler word gebruik om verskeie kuilvoer-materiale soos strooi, denne-strooi, gras, ens. te bal om vierkantige balies te vorm. Dit word dikwels 'n 2-silinder <a href=\"https:\/\/taizyagromachine.com\/af\/product\/3-cylinder-hydraulic-silage-baler\/\" target=\"_blank\" rel=\"noreferrer noopener\">hidrouliese kuilvoer-baler masjien<\/a> genoem omdat dit 2 hidrouliese silinders het. Die kuilvoer-baler kan met \u00f3f elektriese \u00f3f diesel-enjins gebruik word, wat dit 'n buigsame keuse maak.<\/p>   <div class=\"wp-block-image\"> <figure class=\"aligncenter size-full\"><img loading=\"lazy\" decoding=\"async\" width=\"720\" height=\"300\" src=\"https:\/\/taizyagromachine.com\/wp-content\/uploads\/2023\/01\/hydraulic-silage-press-baler-machine.webp\" alt=\"hidrouliese kuilvoer pers baler masjien\" class=\"wp-image-4461\"\/><figcaption class=\"wp-element-caption\">hidrouliese kuilvoer pers baler masjien<\/figcaption><\/figure> <\/div>   <p>Hierbenewens moet die vierkantige bale wat deur hierdie vierkantige kuilvoerbaalmasjien gevorm word in geweefde PE\/PP-sakke gepak word. Die sakketting keer dat die kuilvoer muf word.<\/p>    <figure class=\"wp-block-embed is-type-video is-provider-youtube wp-block-embed-youtube wp-embed-aspect-16-9 wp-has-aspect-ratio\"><div class=\"wp-block-embed__wrapper\"> <iframe loading=\"lazy\" title=\"Hidrouliese perskuilvoerbalermasjien vir vierkante kuilvoerbaal - kuilvoerverpakkingsmasjinerie #silage\" width=\"500\" height=\"281\" src=\"https:\/\/www.youtube.com\/embed\/hkYSZuUMRCA?feature=oembed\" frameborder=\"0\" allow=\"accelerometer; autoplay; clipboard-write; encrypted-media; gyroscope; picture-in-picture; web-share\" referrerpolicy=\"strict-origin-when-cross-origin\" allowfullscreen><\/iframe> <\/div><figcaption class=\"wp-element-caption\">Hidrouliese kuilvoerbaler vir vierkantige bale<\/figcaption><\/figure>    <h2 class=\"wp-block-heading\"><strong>Struktuur van <a href=\"https:\/\/silagebaler.com\/double-cylinder-hydraulic-silage-baler\/\" target=\"_blank\" rel=\"noreferrer noopener\">2-silinder hidrouliese hooibalermasjien<\/a><\/strong><\/h2>    <p>Ons hidrouliese dennestrooibaler is voortdurend opgedateer en is nou 'n masjien met beter werkverrigting en kwaliteit.<\/p>   <div class=\"wp-block-image\"> <figure class=\"aligncenter size-full\"><img loading=\"lazy\" decoding=\"async\" width=\"720\" height=\"540\" src=\"https:\/\/taizyagromachine.com\/wp-content\/uploads\/2023\/01\/structure-2-cylinder-hydraulic-hay-baler.webp\" alt=\"struktuur van 2-silinder hidrouliese hooibaler\" class=\"wp-image-4457\"\/><figcaption class=\"wp-element-caption\">struktuur van 2-silinder hidrouliese hooibaler<\/figcaption><\/figure> <\/div>   <figure class=\"wp-block-table\"><table><tbody><tr><td>S\/N<\/td><td>Masjienonderdeelnaam<\/td><td>S\/N<\/td><td>Masjienonderdeelnaam<\/td><\/tr><tr><td>&nbsp;1<\/td><td>&nbsp;Inlaat<\/td><td>&nbsp;4<\/td><td>&nbsp;Beheerkas<\/td><\/tr><tr><td>&nbsp;2<\/td><td>&nbsp;Olie berging<\/td><td>&nbsp;5<\/td><td>&nbsp;Hidrouliese silinder (totaal 2 silinders)<\/td><\/tr><tr><td>&nbsp;3<\/td><td>&nbsp;Dieselenjin (kan ook die elektriese motor gebruik)<\/td><td>&nbsp;6<\/td><td>Afvoergat<\/td><\/tr><\/tbody><\/table><\/figure>    <h2 class=\"wp-block-heading\"><strong>Voordele van Taizy Hydraulic Press Silage Hay Baler<\/strong><\/h2>    <ol class=\"wp-block-list\"> <li>Hierdie masjien kan alle soorte kuilvoer (dro\u00eb en nat strooitjies, hooi, kuilvoer) in vierkantige bale uitdruk vir langtermynberging.<\/li>    <li>Die masjien kan buigsaam aangedryf word deur 'n elektriese motor of dieselenjin, wat baie vriendelik is vir gebiede met onstabiele elektrisiteit.<\/li>    <li>Die hidrouliese pers hooibaalmasjien word hoofsaaklik hidroulies aangedryf vir die voerpers, wat baie goed en doeltreffend is.<\/li>    <li>Die masjien kan ook toegerus word met bande en staanders (volgens die kli\u00ebnt se behoeftes) vir maklike mobiliteit.<\/li>    <li>Die hidrouliese hooibaler is toegerus met 'n hidrouliese sonde om die werking van die masjien op te spoor.<\/li> <\/ol>    <h2 class=\"wp-block-heading\"><strong>Werksbeginsel van hidrouliese hooibaler <\/strong><\/h2>    <p>Die masjien is gebaseer op hidroulika om verskeie aktiwiteite uit te voer. Eerstens word die masjien aangeskakel en die kuilvoer word deur die inlaat ingesit, gewoonlik deur middel van 'n vervoerband. Dan druk die hidrouliese silinders die kuilvoer om 'n vierkantige baal te vorm. Vervolgens word die vierkantige baal deur die uitlaat afgevoer en met 'n geweefde sak in sakke gepak. Die hele proses is voltooi.<\/p>   <div class=\"wp-block-image\"> <figure class=\"aligncenter size-full\"><img loading=\"lazy\" decoding=\"async\" width=\"720\" height=\"400\" src=\"https:\/\/taizyagromachine.com\/wp-content\/uploads\/2023\/01\/hydraulic-hay-baler-manufacturer-supplier.webp\" alt=\"hidrouliese hooibaler vervaardiger en verskaffer\" class=\"wp-image-4469\"\/><figcaption class=\"wp-element-caption\">hidrouliese hooibaler vervaardiger en verskaffer<\/figcaption><\/figure> <\/div>   <p>Voordat u die masjien gebruik, maak seker dat die hidrouliese olie en hidrouliese pype in 'n goeie toestand is. Dit is veral belangrik aangesien die hele masjien eintlik hidroulies aangedryf word.<\/p>    <h2 class=\"wp-block-heading\"><strong>Opsionele masjiene beskikbaar vir hidrouliese hooibalermasjien<\/strong><\/h2>    <p class=\"translation-block\"><strong>1. Vervoerband en voermenger.<\/strong><\/p>   <div class=\"wp-block-image\"> <figure class=\"aligncenter size-full\"><img loading=\"lazy\" decoding=\"async\" width=\"720\" height=\"300\" src=\"https:\/\/taizyagromachine.com\/wp-content\/uploads\/2023\/01\/hydraulic-press-hay-baler-with-the-conveyor-belt-and-feed-mixer.webp\" alt=\"hidrouliese pers hooibaler met die vervoerband en voermenger\" class=\"wp-image-4465\"\/><figcaption class=\"wp-element-caption\">hidrouliese pers hooibaler met die vervoerband en voermenger<\/figcaption><\/figure> <\/div>   <p class=\"translation-block\"><strong>2. Groot bande en staanders.<\/strong><\/p>    <figure class=\"wp-block-gallery aligncenter has-nested-images columns-default is-cropped wp-block-gallery-2 is-layout-flex wp-block-gallery-is-layout-flex\"> <figure class=\"wp-block-image size-large\"><img loading=\"lazy\" decoding=\"async\" width=\"720\" height=\"540\" data-id=\"4466\" src=\"https:\/\/taizyagromachine.com\/wp-content\/uploads\/2023\/01\/diesel-engine-hydraulic-silage-baling-machine.webp\" alt=\"diesel-enjin hidrouliese kuilvoer baalmasjien met bande en ondersteunings\" class=\"wp-image-4466\"\/><figcaption class=\"wp-element-caption\">diesel-enjin hidrouliese kuilvoer baalmasjien met bande en ondersteunings<\/figcaption><\/figure>    <figure class=\"wp-block-image size-large\"><img loading=\"lazy\" decoding=\"async\" width=\"720\" height=\"540\" data-id=\"4467\" src=\"https:\/\/taizyagromachine.com\/wp-content\/uploads\/2023\/01\/electric-motor-hydraulic-press-hay-baling-machine.webp\" alt=\"elektriese-motor hidrouliese persbaler met bande en staanders\" class=\"wp-image-4467\"\/><figcaption class=\"wp-element-caption\">elektriese-motor hidrouliese persbaler met bande en staanders<\/figcaption><\/figure> <\/figure>    <p>Hierbenewens, voor die vervoerband, kan dit saam met 'n kafsnyer gebruik word, dit wil s\u00ea 'n grassnymasjien \u2014- vervoerband \u2014- hidrouliese kuilvoerbaler.<\/p>    <h2 class=\"wp-block-heading\"><strong>Suksesvolle gevalle van Taizy-hidrouliese hooistrooibaler<\/strong><\/h2>    <p>Taizy se hidrouliese hooibaler is 'n groot arbeidsbespaarder en die hele proses is gemeganiseer, daarom is hulle geliefd onder baie oorsese klante. Ons voer gereeld ons masjiene uit na lande soos Kenia, Bangladesj, Nigeri\u00eb en Jordani\u00eb. Ons laai die masjiene in houers en lewer dit per see af by ons kli\u00ebnte se bestemmingshawens.<\/p>    <h2 class=\"wp-block-heading\"><strong>Parameters van 2-silinder Hidrouliese Hooibaler te koop<\/strong><\/h2>    <figure class=\"wp-block-table\"><table><tbody><tr><td>Model<\/td><td>9YF-5B<\/td><\/tr><tr><td>Krag<\/td><td>15kw elektriese motor of 28hp dieselenjin<\/td><\/tr><tr><td>Silinder deursnee<\/td><td>2*168mm<\/td><\/tr><tr><td>Aantal silinders<\/td><td>2 stuks<\/td><\/tr><tr><td>Kapasiteit<\/td><td>90-120 bale\/h<\/td><\/tr><tr><td>Vierkantige baalgewig (vars strooi)<\/td><td>60-70kg\/baal<\/td><\/tr><tr><td>Hidrouliese olie 46#<\/td><td>230kg (berei self voor)<\/td><\/tr><tr><td>Hidrouliese olie verkoeling metode<\/td><td>water verkoeling<\/td><\/tr><tr><td>Elektriese verspreidingskasbeheer<\/td><td>PLC<\/td><\/tr><tr><td>Aantal bande<\/td><td>2 stuks<\/td><\/tr><tr><td>Aantal baal wat gestoot moet word<\/td><td>1-3 nrs (verstelbaar)<\/td><\/tr><tr><td>Masjien gewig<\/td><td>1500 kg<\/td><\/tr><tr><td>Grootte van afvoergat<\/td><td>70*28*38 cm<\/td><\/tr><tr><td>Masjienafmetings (L<em>W<\/em>H)<\/td><td>3450*2700*2800mm<\/td><\/tr><\/tbody><\/table><figcaption class=\"wp-element-caption\">Spesifikasies van 2-silinder hidrouliese kuilvoerpers<\/figcaption><\/figure>    <h2 class=\"wp-block-heading\"><strong>Video van hidrouliese hooibaler \u2013 hoe om vierkantige bale te maak?<\/strong><\/h2>    <figure class=\"wp-block-embed is-type-video is-provider-youtube wp-block-embed-youtube wp-embed-aspect-16-9 wp-has-aspect-ratio\"><div class=\"wp-block-embed__wrapper\"> <iframe loading=\"lazy\" title=\"Dubbel-silinder hidrouliese kuilvoerskaal Baler dro\u00eb strooi baalplek | Ho\u00eb doeltreffendheid vierkantige baal druk\" width=\"500\" height=\"281\" src=\"https:\/\/www.youtube.com\/embed\/XL54NXQ-9i8?feature=oembed\" frameborder=\"0\" allow=\"accelerometer; autoplay; clipboard-write; encrypted-media; gyroscope; picture-in-picture; web-share\" referrerpolicy=\"strict-origin-when-cross-origin\" allowfullscreen><\/iframe> <\/div><figcaption class=\"wp-element-caption\">dro\u00eb kuilvoerhidrouliese balermasjien<\/figcaption><\/figure>","protected":false},"excerpt":{"rendered":"<p>This hydraulic hay baler is used for baling various silage materials such as straw, pine straws, grass, etc. to form square bales. It is often called a 2-cylinder hydraulic silage baler machine because it has 2 hydraulic cylinders. The silage baler can be used with either electric or diesel engines, making it a flexible choice. [&hellip;]<\/p>\n","protected":false},"author":1,"featured_media":4449,"parent":0,"template":"","tags":[209,168],"product-type":[19],"class_list":["post-4448","product","type-product","status-publish","has-post-thumbnail","hentry","tag-hydraulic-hay-baler","tag-silage-baler","product-type-silage-machine"],"_links":{"self":[{"href":"https:\/\/taizyagromachine.com\/af\/wp-json\/wp\/v2\/product\/4448","targetHints":{"allow":["GET"]}}],"collection":[{"href":"https:\/\/taizyagromachine.com\/af\/wp-json\/wp\/v2\/product"}],"about":[{"href":"https:\/\/taizyagromachine.com\/af\/wp-json\/wp\/v2\/types\/product"}],"author":[{"embeddable":true,"href":"https:\/\/taizyagromachine.com\/af\/wp-json\/wp\/v2\/users\/1"}],"wp:featuredmedia":[{"embeddable":true,"href":"https:\/\/taizyagromachine.com\/af\/wp-json\/wp\/v2\/media\/4449"}],"wp:attachment":[{"href":"https:\/\/taizyagromachine.com\/af\/wp-json\/wp\/v2\/media?parent=4448"}],"wp:term":[{"taxonomy":"post_tag","embeddable":true,"href":"https:\/\/taizyagromachine.com\/af\/wp-json\/wp\/v2\/tags?post=4448"},{"taxonomy":"product-type","embeddable":true,"href":"https:\/\/taizyagromachine.com\/af\/wp-json\/wp\/v2\/product-type?post=4448"}],"curies":[{"name":"wp","href":"https:\/\/api.w.org\/{rel}","templated":true}]}}