{"id":4641,"date":"2023-02-16T15:50:08","date_gmt":"2023-02-16T07:50:08","guid":{"rendered":"https:\/\/taizyagromachine.com\/?post_type=product&#038;p=4641"},"modified":"2025-01-02T13:49:29","modified_gmt":"2025-01-02T05:49:29","slug":"brick-making-machine-for-sale","status":"publish","type":"product","link":"https:\/\/taizyagromachine.com\/af\/product\/brick-making-machine-for-sale\/","title":{"rendered":"Sement baksteen maak masjien te koop"},"content":{"rendered":"<p class=\"translation-block\">Die <strong>baksteenmasjien<\/strong> is spesiaal ontwerp vir die produksie van verskillende soorte stene. Dit word geliefd by klante van regoor die w\u00eareld vanwe\u00eb sy eenvoudige struktuur, maklike werking en ho\u00eb kosteverhuring. As <a href=\"https:\/\/taizyagromachine.com\/af\/\" target=\"_blank\" rel=\"noreferrer noopener\">'n senior baksteenmasjienvervaardiger en -verskaffer<\/a>, het ons 'n wye reeks baksteenmasjiemodelle.<\/p>    <p>Oor die algemeen kan die blokmaakmasjien te koop verdeel word in die kleisteenmasjien en die sementbaksteenmasjien. Daar is verskillende konfigurasies onder elke tipe baksteenmasjien, lees asseblief verder vir meer inligting.<\/p>    <h2 class=\"wp-block-heading\"><strong>Tipe 1: Sementbaksteenmaakmasjien te koop<\/strong><\/h2>    <p>Die sementbaksteenmaakmasjien is die gewildste model in die mark, en baie kli\u00ebnte kom terug om te vra oor die sementblokmasjien. Ons baksteenmasjien het uiteenlopende modelle en is maklik om te leer, en die prys is geskik, is 'n goeie keuse vir belegging vir baksteenproduksie.<\/p>    <p>Boonop word ons masjiene dikwels op groot skaal uitgevoer weens hul uitstekende werkverrigting, so as jy belangstel in baksteenmasjiene, kontak ons \u200b\u200basseblief!<\/p>    <h3 class=\"wp-block-heading\"><strong>Verskeie voorbeeldstene en bakstenevorms<\/strong><\/h3>    <figure class=\"wp-block-gallery aligncenter has-nested-images columns-default is-cropped wp-block-gallery-2 is-layout-flex wp-block-gallery-is-layout-flex\"> <figure class=\"wp-block-image size-full\"><img loading=\"lazy\" decoding=\"async\" width=\"540\" height=\"600\" data-id=\"4674\" src=\"https:\/\/taizyagromachine.com\/wp-content\/uploads\/2023\/02\/various-sample-bricks.webp\" alt=\"verskeie voorbeeldstene\" class=\"wp-image-4674\"\/><figcaption class=\"wp-element-caption\">verskeie voorbeeldstene<\/figcaption><\/figure>    <figure class=\"wp-block-image size-full\"><img loading=\"lazy\" decoding=\"async\" width=\"540\" height=\"600\" data-id=\"4675\" src=\"https:\/\/taizyagromachine.com\/wp-content\/uploads\/2023\/02\/all-kinds-of-moulds.webp\" alt=\"allerhande vorms\" class=\"wp-image-4675\"\/><figcaption class=\"wp-element-caption\">allerhande vorms<\/figcaption><\/figure> <\/figure>    <p>Die vorms van stene wat geproduseer kan word sowel as die tipes stene wat geproduseer kan word soos in die prentjie hierbo genoem, kan deur ons baksteenmaakmasjien vervaardig word.<\/p>    <p>Plaveiselblokke, kleurblokke, grasstene, hellingsbeskermingsblokke, blokkies, blokke wat langs die pad gebruik word, ens. kan deur Taizy-blokmaakmasjien vervaardig word. <\/p>    <h3 class=\"wp-block-heading\"><strong>Gedetailleerde parameters van sementbaksteenmasjien te koop<\/strong><\/h3>    <p>Ons het 10 modelle van sement baksteen masjiene te koop, elk met verskillende kapasiteit en konfigurasie besonderhede, die spesifieke parameters kan hieronder gevind word.<\/p>    <figure class=\"wp-block-table\"><table><tbody><tr><td>Model<\/td><td>Masjien prentjie<\/td><td>Vorm siklus<\/td><td>Toegerus met krag<\/td><td>Kapasiteit<\/td><td>Plaat grootte<\/td><td>Algehele grootte<\/td><td>Gewig<\/td><td>Operator benodig<\/td><\/tr><tr><td>DF2-45<\/td><td><img loading=\"lazy\" decoding=\"async\" width=\"150\" height=\"158\" class=\"wp-image-4650\" style=\"width: 150px;\" src=\"https:\/\/taizyagromachine.com\/wp-content\/uploads\/2023\/02\/DF2-45-block-machine.webp\" alt=\"\"><\/td><td>45s<\/td><td>1.1kw<\/td><td>Standaard baksteen 240*53 *115mm 3600PCS<br>Hol stene 390*190 *190mm 600STK<\/td><td>\/<\/td><td>900*700*1150mm<\/td><td>200 kg<\/td><td>1-2<\/td><\/tr><tr><td>DF3-45<\/td><td><img loading=\"lazy\" decoding=\"async\" width=\"150\" height=\"203\" class=\"wp-image-4654\" style=\"width: 150px;\" src=\"https:\/\/taizyagromachine.com\/wp-content\/uploads\/2023\/02\/DF3-45-brick-machine.webp\" alt=\"\"><\/td><td>45s<\/td><td>1.1kw<\/td><td>Standaard baksteen 240*53 *115mm 8000PCS<br>Hol stene 390*190 *190mm 1000STK<\/td><td>\/<\/td><td>1100*1050*1300mm<\/td><td>300 kg<\/td><td>1-2<\/td><\/tr><tr><td>DF4-45<\/td><td><img loading=\"lazy\" decoding=\"async\" width=\"150\" height=\"158\" class=\"wp-image-4655\" style=\"width: 150px;\" src=\"https:\/\/taizyagromachine.com\/wp-content\/uploads\/2023\/02\/DF4-45.webp\" alt=\"\"><\/td><td>45s<\/td><td>3.7kw<\/td><td>Standaard baksteen 240*53 *115mm 12000PCS<br>Hol stene 390*190 *190mm 1800STK<\/td><td>\/<\/td><td>1250*1350*1550mm<\/td><td>750 kg<\/td><td>2-3<\/td><\/tr><tr><td>DF-dieselenjin<\/td><td><img loading=\"lazy\" decoding=\"async\" width=\"150\" height=\"247\" class=\"wp-image-4656\" style=\"width: 150px;\" src=\"https:\/\/taizyagromachine.com\/wp-content\/uploads\/2023\/02\/DF.webp\" alt=\"\"><\/td><td>45s<\/td><td>8 pk<\/td><td>Standaard baksteen 240*53 *115mm 3600PCS<br>Hol stene 390*190 *190mm 600STK<\/td><td>\/<\/td><td>1900*1000*1550mm<\/td><td>250 kg<\/td><td>1-2<\/td><\/tr><tr><td>DF4-35A sonder hopper<\/td><td><img loading=\"lazy\" decoding=\"async\" width=\"150\" height=\"171\" class=\"wp-image-4657\" style=\"width: 150px;\" src=\"https:\/\/taizyagromachine.com\/wp-content\/uploads\/2023\/02\/DF4-35A-without-hopper.webp\" alt=\"\"><\/td><td>35s<\/td><td>4.8kw<\/td><td>Standaard baksteen 240*53 *115mm 15000PCS<br>Hol stene 390*190 *190mm 2400STK<\/td><td>850*550*30mm<\/td><td>1250*1350*1550mm<\/td><td>750 kg<\/td><td>2-3<\/td><\/tr><tr><td>DF4-35A met hopper<\/td><td><img loading=\"lazy\" decoding=\"async\" width=\"150\" height=\"229\" class=\"wp-image-4658\" style=\"width: 150px;\" src=\"https:\/\/taizyagromachine.com\/wp-content\/uploads\/2023\/02\/DF4-35A-with-hopper.webp\" alt=\"\"><\/td><td>35s<\/td><td>4.8kw<\/td><td>Standaard baksteen 240*53 *115mm 20000 STKS<br>Hol stene 390*190 *190mm 3200STK<\/td><td>850*550*30mm<\/td><td>1200*1280*1950mm<\/td><td>780kg<\/td><td>2-3<\/td><\/tr><tr><td>DF4-35B sonder hopper<\/td><td><img loading=\"lazy\" decoding=\"async\" width=\"150\" height=\"186\" class=\"wp-image-4659\" style=\"width: 150px;\" src=\"https:\/\/taizyagromachine.com\/wp-content\/uploads\/2023\/02\/DF4-35B-without-hopper.webp\" alt=\"\"><\/td><td>35s<\/td><td>6,3kw<\/td><td>Standaard baksteen 240*53 *115mm 15000PCS<br>Hol stene 390*190 *190mm 2400STK<\/td><td>850*550*30mm<\/td><td>1250*1350*1550mm<\/td><td>800 kg<\/td><td>2-3<\/td><\/tr><tr><td>DF4-35B met hopper<\/td><td><img loading=\"lazy\" decoding=\"async\" width=\"150\" height=\"244\" class=\"wp-image-4660\" style=\"width: 150px;\" src=\"https:\/\/taizyagromachine.com\/wp-content\/uploads\/2023\/02\/DF4-35B-with-hopper.webp\" alt=\"\"><\/td><td>35s<\/td><td>6,3kw<\/td><td>Standaard baksteen 240*53 *115mm 20000 STKS<br>Hol stene 390*190 *190mm 3200STK<\/td><td>850*550*30mm<\/td><td>1200*1280*1950mm<\/td><td>830 kg<\/td><td>2-3<\/td><\/tr><tr><td>DF4-40A sonder hopper<\/td><td><img loading=\"lazy\" decoding=\"async\" width=\"150\" height=\"194\" class=\"wp-image-4661\" style=\"width: 150px;\" src=\"https:\/\/taizyagromachine.com\/wp-content\/uploads\/2023\/02\/DF4-40A-without-hopper.webp\" alt=\"\"><\/td><td>35s<\/td><td>7.5kw<\/td><td>Standaard baksteen 240*53 *115mm 20000 STKS<br>Hol stene 390*190 *190mm 3200STK<\/td><td>850*550*30mm<\/td><td>1500*1300*1800mm<\/td><td>1100 kg<\/td><td>2-3<\/td><\/tr><tr><td>DF4-40A outomatiese baksteen masjien<\/td><td><img loading=\"lazy\" decoding=\"async\" width=\"150\" height=\"137\" class=\"wp-image-4662\" style=\"width: 150px;\" src=\"https:\/\/taizyagromachine.com\/wp-content\/uploads\/2023\/02\/DF4-40A-automatic-brick-machine.webp\" alt=\"\"><\/td><td>35s<\/td><td>7.5kw<\/td><td>Standaard baksteen 240*53 *115mm 24000PCS<br>Hol stene 390*190 *190mm 3600STK<\/td><td>850*550*30mm<\/td><td>1600*1300*2300mm<\/td><td>1150 kg<\/td><td>2-3<\/td><\/tr><\/tbody><\/table><figcaption class=\"wp-element-caption\">alle soorte sement baksteen maak masjien te koop<\/figcaption><\/figure>    <h2 class=\"wp-block-heading\"><strong>Tipe 2: Clay Brick Making Machine - GRATIS Buring -blokmasjien<\/strong><\/h2>    <p>Hierdie baksteenmasjien is 'n kleisteenmasjien, dit wil s\u00ea 'n nie-brand-baksteenmasjien, wat hoofsaaklik klei gebruik vir die vervaardiging van bakstene wat gemaak kan word. Hierdie baksteenmasjien kan saam met ander masjiene gebruik word om klei stene ten volle outomaties te vervaardig.<\/p>    <h3 class=\"wp-block-heading\"><strong>Struktuur van ten volle outomatiese ineensluitende baksteenmasjien<\/strong><\/h3>    <div class=\"wp-block-columns is-layout-flex wp-container-core-columns-is-layout-9d6595d7 wp-block-columns-is-layout-flex\"> <div class=\"wp-block-column is-layout-flow wp-block-column-is-layout-flow\"><div class=\"wp-block-image\"> <figure class=\"aligncenter size-full\"><img loading=\"lazy\" decoding=\"async\" width=\"720\" height=\"540\" src=\"https:\/\/taizyagromachine.com\/wp-content\/uploads\/2023\/02\/clay-block-machine-structure.webp\" alt=\"klei blok masjien struktuur\" class=\"wp-image-4642\"\/><figcaption class=\"wp-element-caption\">klei blok masjien struktuur<\/figcaption><\/figure> <\/div><\/div>    <div class=\"wp-block-column is-layout-flow wp-block-column-is-layout-flow\"> <p>Hierdie pasmaat help kopers om die kleiblok baie gerieflik en doeltreffend te produseer, wat baie prakties in die baksteenproduksiebedryf is. <\/p>    <p>As u belangstel, is welkom om ons te kontak!<\/p>    <figure class=\"wp-block-table\"><table><tbody><tr><td>Nee.<\/td><td>Masjienonderdeelnaam<\/td><\/tr><tr><td>1<\/td><td>Menger<\/td><\/tr><tr><td>2<\/td><td>Bandvervoerband<\/td><\/tr><tr><td>3<\/td><td>Hidrouliese olie silinder<\/td><\/tr><tr><td>4<\/td><td>Hoofblok masjien<\/td><\/tr><\/tbody><\/table><figcaption class=\"wp-element-caption\">tabellys van outomatiese kleiblokmasjien<\/figcaption><\/figure> <\/div> <\/div>    <h3 class=\"wp-block-heading\"><strong>Kleiblokke-vorms en masjienproduktiwiteit<\/strong><\/h3>    <figure class=\"wp-block-table\"><table><tbody><tr><td>Tipes<\/td><td>Baksteen prentjie<\/td><td>Grootte<\/td><td>Vorm siklus<\/td><td>Aantal\/vorm<\/td><td>Hoeveelheid\/uur<\/td><td>Hoeveelheid\/8 uur<\/td><\/tr><tr><td>Klei baksteen<\/td><td><img loading=\"lazy\" decoding=\"async\" width=\"150\" height=\"94\" class=\"wp-image-4647\" style=\"width: 150px;\" src=\"https:\/\/taizyagromachine.com\/wp-content\/uploads\/2023\/02\/Clay-brick.png\" alt=\"\"><\/td><td>300*150*100mm<\/td><td>10s<\/td><td>7 stuks<\/td><td>2520 stuks<\/td><td>20160 stuks<\/td><\/tr><\/tbody><\/table><\/figure>    <h2 class=\"wp-block-heading\"><strong>Wat is die prys van die Vliegsteenmaakmasjien?<\/strong><\/h2>    <p>Wanneer jy besluit om \u2019n baksteenmasjien te koop, sal jy beslis die prys van die baksteenmasjien oorweeg. En die prys van baksteenmasjien word deur verskeie aspekte be\u00efnvloed. Byvoorbeeld, die prys van die handmatige sementbaksteenmaakmasjien verskil van die prys van 'n ten volle outomatiese kleisteenmasjien. Die prys van die motormodel van die baksteenmasjien en die dieselmodel van die blokmasjien sal ook verskil. Daarbenewens moet die tipe stene wat die kli\u00ebnt wil maak, oorweeg word. Omdat verskillende tipes vorms gebruik word, verskil die prys ook.<\/p>    <p>Dus, wanneer jy 'n masjien wil koop, kan jy ons verkoopsbestuurder vertel van die vorm van die stene wat jy wil produseer en jou begroting, ens. Ons verkoopsbestuurder kan die regte oplossing vir jou aanbeveel volgens jou behoeftes.<\/p>    <h2 class=\"wp-block-heading\"><strong>Pakket en aflewering van Taizy Brick Making Machine<\/strong><\/h2>    <figure class=\"wp-block-gallery aligncenter has-nested-images columns-default is-cropped wp-block-gallery-3 is-layout-flex wp-block-gallery-is-layout-flex\"> <figure class=\"wp-block-image size-large\"><img loading=\"lazy\" decoding=\"async\" width=\"540\" height=\"540\" data-id=\"4679\" src=\"https:\/\/taizyagromachine.com\/wp-content\/uploads\/2023\/02\/package-of-the-cement-block-machine.webp\" alt=\"pakket-van-die-sement-blok-masjien\" class=\"wp-image-4679\"\/><figcaption class=\"wp-element-caption\">pakket van die sementblokmasjien<\/figcaption><\/figure>    <figure class=\"wp-block-image size-large\"><img loading=\"lazy\" decoding=\"async\" width=\"540\" height=\"540\" data-id=\"4680\" src=\"https:\/\/taizyagromachine.com\/wp-content\/uploads\/2023\/02\/package-of-the-cement-brick-machine.webp\" alt=\"pakket-van-die-sement-baksteen-masjien\" class=\"wp-image-4680\"\/><figcaption class=\"wp-element-caption\">pakket van die sement baksteen masjien<\/figcaption><\/figure> <\/figure>    <p>Nadat kli\u00ebnte die baksteenmasjien by ons koop, pak ons \u200b\u200bdie masjien na produksie. Omdat dit normaalweg per see na die bestemming van die kli\u00ebnt gestuur word, en verskillende probleme op see kan voorkom. Die doel van die inpak van die vlie\u00ebnde as -baksteenmasjien in houtkaste is om die blokmasjien tydens die seebodem beter te beskerm en om die masjien skade te vermy voordat dit sy bestemming bereik. Die foto hierbo is die verpakking van die baksteenmasjien.<\/p>    <h2 class=\"wp-block-heading\"><strong>Video van Taizy Cement Brick Making Machine<\/strong><\/h2>    <figure class=\"wp-block-embed is-type-video is-provider-youtube wp-block-embed-youtube wp-embed-aspect-16-9 wp-has-aspect-ratio\"><div class=\"wp-block-embed__wrapper\"> <iframe loading=\"lazy\" title=\"Top 3 baksteen maak masjien te koop - sement blok maak masjien vervaardiger en verskaffer #bricks\" width=\"500\" height=\"281\" src=\"https:\/\/www.youtube.com\/embed\/Jt3gWnMqpbc?feature=oembed\" frameborder=\"0\" allow=\"accelerometer; autoplay; clipboard-write; encrypted-media; gyroscope; picture-in-picture; web-share\" referrerpolicy=\"strict-origin-when-cross-origin\" allowfullscreen><\/iframe> <\/div><\/figure>","protected":false},"excerpt":{"rendered":"<p>The brick making machine is specially designed for the production of various types of bricks. It is loved by customers from all over the world because of its simple structure, easy operation and high cost performance. As a senior brick machine manufacturer and supplier, we have a wide range of brick machine models. In general, [&hellip;]<\/p>\n","protected":false},"author":1,"featured_media":4683,"parent":0,"template":"","tags":[212],"product-type":[22],"class_list":["post-4641","product","type-product","status-publish","has-post-thumbnail","hentry","tag-brick-making-machine","product-type-others"],"_links":{"self":[{"href":"https:\/\/taizyagromachine.com\/af\/wp-json\/wp\/v2\/product\/4641","targetHints":{"allow":["GET"]}}],"collection":[{"href":"https:\/\/taizyagromachine.com\/af\/wp-json\/wp\/v2\/product"}],"about":[{"href":"https:\/\/taizyagromachine.com\/af\/wp-json\/wp\/v2\/types\/product"}],"author":[{"embeddable":true,"href":"https:\/\/taizyagromachine.com\/af\/wp-json\/wp\/v2\/users\/1"}],"wp:featuredmedia":[{"embeddable":true,"href":"https:\/\/taizyagromachine.com\/af\/wp-json\/wp\/v2\/media\/4683"}],"wp:attachment":[{"href":"https:\/\/taizyagromachine.com\/af\/wp-json\/wp\/v2\/media?parent=4641"}],"wp:term":[{"taxonomy":"post_tag","embeddable":true,"href":"https:\/\/taizyagromachine.com\/af\/wp-json\/wp\/v2\/tags?post=4641"},{"taxonomy":"product-type","embeddable":true,"href":"https:\/\/taizyagromachine.com\/af\/wp-json\/wp\/v2\/product-type?post=4641"}],"curies":[{"name":"wp","href":"https:\/\/api.w.org\/{rel}","templated":true}]}}