{"id":6061,"date":"2023-12-04T17:45:32","date_gmt":"2023-12-04T09:45:32","guid":{"rendered":"https:\/\/taizyagromachine.com\/?post_type=product&#038;p=6061"},"modified":"2023-12-04T17:45:34","modified_gmt":"2023-12-04T09:45:34","slug":"rice-combine-harvester","status":"publish","type":"product","link":"https:\/\/taizyagromachine.com\/af\/product\/rice-combine-harvester\/","title":{"rendered":"Rys-stroper vir koringpadrys met dorsmasjien"},"content":{"rendered":"<p class=\"translation-block\">Hierdie <strong>rys-kombinasieoogster<\/strong> (ook genoem koring-kombinasieoogster, klein kombinasieoogster) is multifunksionele landboutoerusting wat nie net gewasse soos rys en koring doeltreffend oes nie, maar ook 'n doringfunksie het wat die saad van die doppie skei met behulp van 'n ingeboude doringmasjien. Hierdie masjien verbeter landbouproduktiwiteit as gevolg van sy buigsame verstelbaarheid wat dit in staat stel om aan te pas by oes in heuwellandskappe. Benewens hierdie klein oesmasjien, het ons ook <a href=\"https:\/\/taizyagromachine.com\/af\/product\/wheat-thresher\/\">doringmasjien vir koring en rys<\/a>. Indien belangstel, welkom om ons te kontak vir meer besonderhede!<\/p>    <h2 class=\"wp-block-heading\"><strong>Ken jy die dele en funksies van die rysstroperstroper?<\/strong><\/h2>    <figure class=\"wp-block-gallery aligncenter has-nested-images columns-default is-cropped wp-block-gallery-2 is-layout-flex wp-block-gallery-is-layout-flex\"> <figure class=\"wp-block-image size-large\"><img loading=\"lazy\" decoding=\"async\" width=\"720\" height=\"540\" data-id=\"6064\" src=\"https:\/\/taizyagromachine.com\/wp-content\/uploads\/2023\/12\/rice-wheat-combine-harvester-structure.webp\" alt=\"rys koring stroper struktuur\" class=\"wp-image-6064\"\/><figcaption class=\"wp-element-caption\">rys koring stroper struktuur<\/figcaption><\/figure>    <figure class=\"wp-block-image size-large\"><img loading=\"lazy\" decoding=\"async\" width=\"720\" height=\"540\" data-id=\"6063\" src=\"https:\/\/taizyagromachine.com\/wp-content\/uploads\/2023\/12\/rice-combine-harvester-parts.webp\" alt=\"rys stroper dele\" class=\"wp-image-6063\"\/><figcaption class=\"wp-element-caption\">rys stroper dele<\/figcaption><\/figure> <\/figure>    <figure class=\"wp-block-table\"><table><tbody><tr><td>Masjienonderdele<\/td><td>Funksie<\/td><\/tr><tr><td><strong>Kragstelsel<\/strong><\/td><td>Gepas by dieselenjin van w\u00eareldmerk<br>Ho\u00eb krag, sterk krag<br>Ho\u00eb doeltreffendheid in oes, dors en reis<\/td><\/tr><tr><td><strong>Reisstelsel<\/strong><\/td><td>Langer en bre\u00ebr spore, meer uitstaande anti-vasval\/anti-gly effek<br>Toegerus met superhelder LED-koplig vir nag-oes<br>Waterdig en sanddig, duursaam<\/td><\/tr><tr><td><strong>Vervoerbandstelsel<\/strong><\/td><td>Ho\u00ebr voerdrom vir die vermindering van mors<br>Snytafel met 8 cm verlaag vir maklike oes van dwergrys en koring<br>Voer- en vervoerstruktuur, vermy terugspoeg en vervoer van konfyte<\/td><\/tr><tr><td><strong>Dorsstelsel<\/strong><\/td><td>Dorsdrom neem geleidelike ontwerp aan, geen vassteek nie en ho\u00ebr dorsdoeltreffendheid<br>Groot strooi-afvoer-opening-ontwerp, gladder strooi-afvoer<br>Gegradueerde formaat skermontwerp, verminder mors, verlaag die onsuiwerheidskoers<\/td><\/tr><tr><td><strong>Bedryfstelsel<\/strong><\/td><td>Unieke ontwerp, eenvoudige struktuur, veiliger werking<br>Multi-spoed struktuur, makliker om te bedryf<br>Steil hellings parkering effek is beter, geen gly wanneer jy op hellings klim nie<\/td><\/tr><\/tbody><\/table><figcaption class=\"wp-element-caption\">komponente en funksies van rys koring stroper<\/figcaption><\/figure>    <h2 class=\"wp-block-heading\"><strong>Rys stroper spesifikasies<\/strong><\/h2>    <p>As 'n professionele vervaardiger van landboutoerusting is ons mini stroper vir koringrys in verskillende modelle verdeel volgens die verskillende spore, maar almal kan gebruik word vir die oes en dors van rys en koring, die volgende is die spesifieke parameters vir jou verwysing.<\/p>    <figure class=\"wp-block-table\"><table><tbody><tr><td>Model<\/td><td>4LZ-1.05C<\/td><td>4LZ-1.05D<\/td><\/tr><tr><td>Kruiper tipe<\/td><td>Platkruiper<\/td><td>Driehoekkruiper<\/td><\/tr><tr><td>Snywydte<\/td><td>1100 mm<\/td><td>1100 mm<\/td><\/tr><tr><td>Min grondvryhoogte<\/td><td>190 mm<\/td><td>190 mm<\/td><\/tr><tr><td>Gemiddelde gronddruk<\/td><td>10.9KPA<\/td><td>10.9KPA<\/td><\/tr><tr><td>Voedingsvolume<\/td><td>1,05 kg\/s<\/td><td>1,05 kg\/s<\/td><\/tr><tr><td>Grootte <\/td><td>3100*1440*1630mm<\/td><td>3100*1440*1630mm<\/td><\/tr><tr><td>Gewig<\/td><td>570 kg<\/td><td>570 kg<\/td><\/tr><tr><td>Enjin model<\/td><td>KD1100FB DIESEL<\/td><td>KD1100FB DIESEL<\/td><\/tr><tr><td>Begin metode<\/td><td>Elektriese aansit<\/td><td>Elektriese aansit<\/td><\/tr><\/tbody><\/table><figcaption class=\"wp-element-caption\">mini koring rys stroper<\/figcaption><\/figure>    <figure class=\"wp-block-gallery aligncenter has-nested-images columns-default is-cropped wp-block-gallery-3 is-layout-flex wp-block-gallery-is-layout-flex\"> <figure class=\"wp-block-image size-large\"><img loading=\"lazy\" decoding=\"async\" width=\"720\" height=\"540\" data-id=\"6066\" src=\"https:\/\/taizyagromachine.com\/wp-content\/uploads\/2023\/12\/wheat-combine-harvester-for-sale.webp\" alt=\"koring stroper te koop\" class=\"wp-image-6066\"\/><figcaption class=\"wp-element-caption\">koring stroper te koop<\/figcaption><\/figure>    <figure class=\"wp-block-image size-large\"><img loading=\"lazy\" decoding=\"async\" width=\"720\" height=\"540\" data-id=\"6065\" src=\"https:\/\/taizyagromachine.com\/wp-content\/uploads\/2023\/12\/rice-combine-harvester-for-sale.webp\" alt=\"rys stroper te koop\" class=\"wp-image-6065\"\/><figcaption class=\"wp-element-caption\">rys stroper te koop<\/figcaption><\/figure> <\/figure>    <h2 class=\"wp-block-heading\"><strong>Kenmerke van 'n klein stroper vir ryskoring<\/strong><\/h2>    <ul class=\"wp-block-list\"> <li><strong>Kompakte ontwerp<\/strong>: As gevolg van klein stroper, pas hierdie stroper by beperkte bewerkbare grond aan. Sy relatief liggewig konstruksie maak dit maklik om in beperkte velde te gebruik.<\/li>    <li><strong>Veelsydigheid<\/strong>: Hierdie mini-stroperrysstroper is multifunksioneel en kan gebruik word om rys en koring te oes, wat die benutting van die masjien verhoog.<\/li>    <li><strong>Doeltreffende vermo\u00eb<\/strong>: Ten spyte van sy klein grootte, is 'n klein rysstroper gewoonlik hoogs doeltreffend. Dit kan die oes in 'n relatief kort tydperk voltooi, wat produktiwiteit verhoog.<\/li>    <li><strong>Maklik om te bedryf<\/strong>: Klein stroper is dikwels ontwerp om maklik te bedryf vir boere wat nie gespesialiseerde vaardighede het nie. Vereenvoudigde kontroles en bedryfstelsels verminder die las op die gebruiker.<\/li>    <li><strong>Aanpasbaar<\/strong>: Danksy hul relatiewe ligtheid en beweeglikheid presteer stropers goed op verskillende tipes grond en terrein, wat hul buigsaamheid van toediening verhoog.<\/li>    <li><strong>Bekostigbaar<\/strong>: In vergelyking met groter gekombineerde stropers is hierdie rystropermasjien gewoonlik meer bekostigbaar. Dit maak die toerusting meer toeganklik vir boere en verbeter die tegnologievlak van klein plase.<\/li>    <li><strong>Lae onderhoudskoste<\/strong>: As gevolg van sy relatief eenvoudige meganiese struktuur, het mini-stroper vir koringrys gewoonlik lae onderhoudskoste, wat die las op boere verminder.<\/li> <\/ul>    <figure class=\"wp-block-gallery aligncenter has-nested-images columns-default is-cropped wp-block-gallery-4 is-layout-flex wp-block-gallery-is-layout-flex\"> <figure class=\"wp-block-image size-large\"><img loading=\"lazy\" decoding=\"async\" width=\"720\" height=\"540\" data-id=\"6067\" src=\"https:\/\/taizyagromachine.com\/wp-content\/uploads\/2023\/12\/mini-rice-combine-harvester-working-scene.webp\" alt=\"mini-rysstroper-werktoneel\" class=\"wp-image-6067\"\/><figcaption class=\"wp-element-caption\">mini-rysstroper-werktoneel<\/figcaption><\/figure>    <figure class=\"wp-block-image size-large\"><img loading=\"lazy\" decoding=\"async\" width=\"720\" height=\"540\" data-id=\"6068\" src=\"https:\/\/taizyagromachine.com\/wp-content\/uploads\/2023\/12\/rice-combine-harvester-machine-working-in-the-paddy-field.webp\" alt=\"rysstropermasjien wat in die rysveld werk\" class=\"wp-image-6068\"\/><figcaption class=\"wp-element-caption\">rysstropermasjien wat in die rysveld werk<\/figcaption><\/figure> <\/figure>    <h2 class=\"wp-block-heading\"><strong>Hoe om koringrys met 'n klein stroper te oes?<\/strong><\/h2>   <div id=\"rank-math-howto\" class=\"rank-math-block\" > <div class=\"rank-math-howto-description\">  <\/div>  <div class=\"rank-math-steps\"> <div id=\"howto-step-1701671535865\" class=\"rank-math-step\"> <h3 class=\"rank-math-step-title\">Begin die rys koring stroper<\/h3> <div class=\"rank-math-step-content\"><p>Die operateur begin die klein stroper vir rys en verseker dat alle stelsels behoorlik funksioneer. Dit sluit die enjin, snystelsel, vervoerband, ens.<\/p> <\/div> <\/div> <div id=\"howto-step-1701671671829\" class=\"rank-math-step\"> <h3 class=\"rank-math-step-title\">Navigeer na veld<\/h3> <div class=\"rank-math-step-content\"><p>Navigeer die mini-rysstroper na die veld om geoes te word. Tydens die beweging moet die operateur versigtig wees om hindernisse te vermy en te verseker dat die masjien glad loop.<\/p> <\/div> <\/div> <div id=\"howto-step-1701671710110\" class=\"rank-math-step\"> <h3 class=\"rank-math-step-title\">Begin oes<\/h3> <div class=\"rank-math-step-content\"><p>Sodra die masjien die toepaslike posisie bereik het, begin die operateur oes. \u2019n Stroper oes gewoonlik die plante deur die snykop sywaarts te beweeg en binne die masjien oor te plaas vir verdere verwerking.<\/p> <\/div> <\/div> <div id=\"howto-step-1701671788720\" class=\"rank-math-step\"> <h3 class=\"rank-math-step-title\">Dors en skoonmaak<\/h3> <div class=\"rank-math-step-content\"><p class=\"translation-block\">Binne die masjien gaan die koring of <a href=\"https:\/\/en.wikipedia.org\/wiki\/Rice\" target=\"_blank\" rel=\"noopener\">rys<\/a> deur 'n doringstelsel wat die graan van die plant skei. Die oorblywende strooi en onkruid word gewoonlik deur 'n skoonmaakstelsel uitgestoot.<\/p> <\/div> <\/div> <div id=\"howto-step-1701671966245\" class=\"rank-math-step\"> <h3 class=\"rank-math-step-title\">Versameling en berging<\/h3> <div class=\"rank-math-step-content\"><p>Die gedorste graan word versamel en in vooraf voorbereide sakke gestoor. Wanneer dit vol is, kan die korrels afgelaai word vir oordrag na stoorfasiliteite of vervoervoertuie.<\/p> <\/div> <\/div> <div id=\"howto-step-1701672719682\" class=\"rank-math-step\"> <h3 class=\"rank-math-step-title\">Monitering en aanpassing<\/h3> <div class=\"rank-math-step-content\"><p>Operateur moet voortdurend die werkverrigting van die masjien monitor en aanpassings maak soos nodig om 'n doeltreffende oesproses te verseker.<\/p> <\/div> <\/div> <div id=\"howto-step-1701672734499\" class=\"rank-math-step\"> <h3 class=\"rank-math-step-title\">Einde van oes<\/h3> <div class=\"rank-math-step-content\"><p>Wanneer die land heeltemal geoes is, stop die operateur die masjien om finale skoonmaak- en instandhoudingstake uit te voer.<\/p> <\/div> <\/div> <\/div> <\/div>       <h2 class=\"wp-block-heading\"><strong>Hoe gaan dit met die prys van die rystroperstroper?<\/strong><\/h2>    <p>Die prys van die ryskoringstroper word be\u00efnvloed deur handelsmerk, model, werkverrigting, opset en markarea. Oor die algemeen is groter, meer gevorderde ryskombinasiemasjiene relatief duur, terwyl kleiner of basiese modelle meer ekonomies is. Net so kos kwaliteitversekerde masjiene gewoonlik meer. <\/p>    <figure class=\"wp-block-gallery aligncenter has-nested-images columns-default is-cropped wp-block-gallery-5 is-layout-flex wp-block-gallery-is-layout-flex\"> <figure class=\"wp-block-image size-large\"><img loading=\"lazy\" decoding=\"async\" width=\"720\" height=\"540\" data-id=\"6069\" src=\"https:\/\/taizyagromachine.com\/wp-content\/uploads\/2023\/12\/flat-crawler-combine-harvester-for-rice-wheat.webp\" alt=\"platkruipstroper vir ryskoring\" class=\"wp-image-6069\"\/><figcaption class=\"wp-element-caption\">platkruipstroper vir ryskoring<\/figcaption><\/figure>    <figure class=\"wp-block-image size-large\"><img loading=\"lazy\" decoding=\"async\" width=\"720\" height=\"540\" data-id=\"6070\" src=\"https:\/\/taizyagromachine.com\/wp-content\/uploads\/2023\/12\/triangular-crawler-small-rice-combine-harvester.webp\" alt=\"driehoekige kruiper klein rys stroper\" class=\"wp-image-6070\"\/><figcaption class=\"wp-element-caption\">driehoekige kruiper klein rys stroper<\/figcaption><\/figure> <\/figure>    <p>Ons mini-rysstropermasjien word byvoorbeeld verskillend geprys vir verskillende konfigurasies van dieselfde model. Die prys is ook anders as gevolg van die verskil in die spore, een plat kruiper en een driehoekige kruiper. So om die presiese prys van rysstroper te kry, kontak ons \u200b\u200bdirek en ons sal 'n gedetailleerde kwotasie verskaf en die beskikbare modelle en hul kenmerke verstaan.<\/p>    <h2 class=\"wp-block-heading\"><strong>Betroubare vervaardiger en verskaffer van mini-stroperrysstroper<\/strong><\/h2>    <p>Ons is 'n betroubare vervaardiger en verskaffer van mini-rysstroper, wat toegewy is om betroubare landbou-oplossings aan jou te verskaf. Bekend vir hul ho\u00eb doeltreffendheid, energiedoeltreffendheid en duursaamheid, is ons produkte noukeurig ontwerp om by 'n wye reeks boerderytoestande te pas. Daarbenewens fokus ons op die kwaliteit van ons produkte en gebruik gevorderde tegnologie en kwaliteit materiale om voortreflike werkverrigting en lang lewe van ons masjiene te verseker.<\/p>    <figure class=\"wp-block-gallery aligncenter has-nested-images columns-default is-cropped wp-block-gallery-6 is-layout-flex wp-block-gallery-is-layout-flex\"> <figure class=\"wp-block-image size-large\"><img loading=\"lazy\" decoding=\"async\" width=\"720\" height=\"540\" data-id=\"6074\" src=\"https:\/\/taizyagromachine.com\/wp-content\/uploads\/2023\/12\/small-rice-combine-harvester-machine-manufacturer.webp\" alt=\"klein rys stroper masjien vervaardiger\" class=\"wp-image-6074\"\/><figcaption class=\"wp-element-caption\">klein rys stroper masjien vervaardiger<\/figcaption><\/figure>    <figure class=\"wp-block-image size-large\"><img loading=\"lazy\" decoding=\"async\" width=\"720\" height=\"540\" data-id=\"6073\" src=\"https:\/\/taizyagromachine.com\/wp-content\/uploads\/2023\/12\/mini-combine-harvester-for-wheat-rice-in-stock.webp\" alt=\"mini stroper vir koringrys in voorraad\" class=\"wp-image-6073\"\/><figcaption class=\"wp-element-caption\">mini stroper vir koringrys in voorraad<\/figcaption><\/figure> <\/figure>    <p>Ons bied ook omvattende na-verkope diens. Ons diensspan bestaan \u200b\u200buit ervare tegnici wat altyd gereed is om jou te ondersteun en probleme op te los. Ons verskaf gereelde instandhoudingsdienste om te verseker dat die masjiene vir 'n lang tyd stabiel werk. Vir kli\u00ebnte se behoeftes en probleme, neem ons tydige reaksie en oplossings, en is daartoe verbind om kli\u00ebnte die beste ervaring te bied.<\/p>    <h2 class=\"wp-block-heading\"><strong>Pakket en aflewering van rys stropermasjien te koop<\/strong><\/h2>    <p>Nadat die kli\u00ebnt samewerking met ons aangegaan het, neem ons 'n reeks inisiatiewe om te verseker dat die stroper vir rys veilig en onbeskadig is tydens vervoer. Ons kan die masjien \u00f3f in 'n houtkrat pak \u00f3f dit direk versend, afhangende van die kli\u00ebnt se behoeftes.<\/p>    <figure class=\"wp-block-gallery aligncenter has-nested-images columns-default is-cropped wp-block-gallery-7 is-layout-flex wp-block-gallery-is-layout-flex\"> <figure class=\"wp-block-image size-large\"><img loading=\"lazy\" decoding=\"async\" width=\"720\" height=\"540\" data-id=\"6072\" src=\"https:\/\/taizyagromachine.com\/wp-content\/uploads\/2023\/12\/wooden-package-of-mini-wheat-rice-combine-harvester.webp\" alt=\"houtpakkie mini-koringrys-stroper\" class=\"wp-image-6072\"\/><figcaption class=\"wp-element-caption\">houtpakkie mini-koringrys-stroper<\/figcaption><\/figure>    <figure class=\"wp-block-image size-large\"><img loading=\"lazy\" decoding=\"async\" width=\"720\" height=\"540\" data-id=\"6071\" src=\"https:\/\/taizyagromachine.com\/wp-content\/uploads\/2023\/12\/loading-combine-harvester-machine-to-the-truck.webp\" alt=\"laai stropermasjien na die vragmotor\" class=\"wp-image-6071\"\/><figcaption class=\"wp-element-caption\">laai stropermasjien na die vragmotor<\/figcaption><\/figure> <\/figure>    <p class=\"translation-block\"><strong>Houtkis pakket<\/strong>: Ons span pak versigtig om te verseker dat elke kritieke deel behoorlik beskerm word. Vir houtkiste pak ons span versigtig en verseker dat elke kritieke deel behoorlik beskerm word. Ons merk duidelike etikette en berei die nodige dokumentasie voor om 'n gladde doeane-uitklaring proses te verseker.<\/p>    <p class=\"translation-block\"><strong>Aflewering<\/strong>: Die vervoermetode word gere\u00ebl volgens die klant se behoeftes, insluitend land-, see- of lugvrag. Ons verskaf versendingopsporingsinligting om te verseker dat die klant bewus is van die masjien se ligging en aankomstyd.<\/p>    <p>Ons doelwit is om 'n veilige en doeltreffende verpakkings- en versendingdiens te verskaf om te verseker dat ons kli\u00ebnte die kwaliteit rysstroper ontvang.<\/p>    <h2 class=\"wp-block-heading\"><strong>Wenke vir die keuse van paddy stroper<\/strong><\/h2>   <div class=\"wp-block-image\"> <figure class=\"aligncenter size-full\"><img loading=\"lazy\" decoding=\"async\" width=\"720\" height=\"540\" src=\"https:\/\/taizyagromachine.com\/wp-content\/uploads\/2023\/12\/paddy-rice-fields.webp\" alt=\"rysvelde\" class=\"wp-image-6075\"\/><figcaption class=\"wp-element-caption\">rysvelde<\/figcaption><\/figure> <\/div>   <p>Kies noukeurig die regte paddy-stroper op grond van werklike plaastoestande en behoeftes. Jy moet die omgewing waarin die rys verbou word in ag neem wanneer jy jou keuse maak om te verseker dat die rysstroper in verskillende toestande goed sal presteer. Hier is 'n paar voorstelle wat u kan oorweeg, gebaseer op die verskillende eienskappe van ons masjienkruipers:<\/p>    <p>As jou lande oorwegend droog en nie te modderig is nie, is die driehoekkruiptipe dalk 'n goeie keuse aangesien dit beter stabiliteit bied.<\/p>    <p>In modderige of diep moddervoetige gebiede is die platbaantipe meer geskik aangesien dit die impak van goedheid op die grond verminder en die risiko vir jou masjien verminder.<\/p>    <h2 class=\"wp-block-heading\"><strong>Bestelproses van stropermasjien<\/strong><\/h2>    <ol class=\"wp-block-list\"> <li><strong>Kontak ons \u200b\u200bom 'n prys te vra<\/strong>: Jy moet ons eers kontak om ons van jou behoeftes te vertel en ons sal vir jou 'n professionele bestuurder aanwys om gedetailleerde inligting te verskaf.<\/li>    <li><strong>Leer die masjien in detail ken<\/strong>: Tydens jou gesprekke met die professionele bestuurder sal jy geleidelik meer vertroud raak met die ryskombinasiemasjien en insig in jou behoeftes kry.<\/li>    <li><strong>Bepaal die masjien<\/strong>: Op grond van bogenoemde kan u ons baie duidelik vertel watter tipe masjien u wil h\u00ea, die masjienbesonderhede, ens.<\/li>    <li><strong>Teken die kontrak en betaal die deposito<\/strong>: Nadat ons besluit het om die bestelling te plaas, sal ons beide die kontrak onderteken en jy sal die vooruitbetaling moet betaal (gewoonlik 30%).<\/li>    <li><strong>Masjienproduksie<\/strong>: Nadat ons die deposito ontvang het, begin ons fabriek om die masjien te vervaardig, en ons sal u op hoogte hou van die vordering van die masjienproduksie.<\/li>    <li><strong>Masjien voltooiing bevestiging en finale betaling<\/strong>: Wanneer jy die mini-rysstropermasjien voltooi, sal ons jou foto's en videobevestiging gee en jy moet die balans betaal en dan die masjien inboks vir aflewering.<\/li>    <li><strong>Pakket en versending<\/strong>: Die masjiene word gewoonlik per see verpak en na jou bestemming gestuur (in spesiale gevalle kan dit tussen die twee partye geko\u00f6rdineer word).<\/li> <\/ol>","protected":false},"excerpt":{"rendered":"<p>This rice combine harvester (also called wheat combine harvester, small combine harvester )is multifunctional agricultural equipment that not only efficiently harvests crops such as rice and wheat, but also has a threshing function that separates the seeds from the husk using an inbuilt thresher. This machine improves agricultural productivity due to its flexible adjustability that [&hellip;]<\/p>\n","protected":false},"author":1,"featured_media":6062,"parent":0,"template":"","tags":[218,219],"product-type":[20],"class_list":["post-6061","product","type-product","status-publish","has-post-thumbnail","hentry","tag-rice","tag-wheat","product-type-rice-and-wheat-machine"],"_links":{"self":[{"href":"https:\/\/taizyagromachine.com\/af\/wp-json\/wp\/v2\/product\/6061","targetHints":{"allow":["GET"]}}],"collection":[{"href":"https:\/\/taizyagromachine.com\/af\/wp-json\/wp\/v2\/product"}],"about":[{"href":"https:\/\/taizyagromachine.com\/af\/wp-json\/wp\/v2\/types\/product"}],"author":[{"embeddable":true,"href":"https:\/\/taizyagromachine.com\/af\/wp-json\/wp\/v2\/users\/1"}],"wp:featuredmedia":[{"embeddable":true,"href":"https:\/\/taizyagromachine.com\/af\/wp-json\/wp\/v2\/media\/6062"}],"wp:attachment":[{"href":"https:\/\/taizyagromachine.com\/af\/wp-json\/wp\/v2\/media?parent=6061"}],"wp:term":[{"taxonomy":"post_tag","embeddable":true,"href":"https:\/\/taizyagromachine.com\/af\/wp-json\/wp\/v2\/tags?post=6061"},{"taxonomy":"product-type","embeddable":true,"href":"https:\/\/taizyagromachine.com\/af\/wp-json\/wp\/v2\/product-type?post=6061"}],"curies":[{"name":"wp","href":"https:\/\/api.w.org\/{rel}","templated":true}]}}