{"id":6523,"date":"2024-01-26T16:59:23","date_gmt":"2024-01-26T08:59:23","guid":{"rendered":"https:\/\/taizyagromachine.com\/?post_type=product&#038;p=6523"},"modified":"2025-11-04T13:50:08","modified_gmt":"2025-11-04T05:50:08","slug":"mobile-grain-dryer","status":"publish","type":"product","link":"https:\/\/taizyagromachine.com\/af\/product\/mobile-grain-dryer\/","title":{"rendered":"Mobiele graandro\u00ebr vir rys koring mielie droog"},"content":{"rendered":"<p class=\"translation-block\">Ons <strong>mobiele graandro\u00ebr<\/strong> is spesiaal ontwerp vir die droging van verskeie gewasse, soos rys, koring, mielies, soja, ens. Die hoof funksie is om water vinnig en effektief uit pas geoeste graan te verwyder om te verseker dat die graan 'n veilige voginhoud bereik voor pakhuis en berging om verliese soos vorm, ontkieming en insekbeskadiging te voorkom.<\/p>    <p>Ons draagbare graandroogmasjien is beskikbaar in enkel- en dubbelbakke, met uitsette wat wissel van 10t tot 240t per 24 uur. As jy meer inligting wil weet, is jy welkom om ons nou te kontak!<\/p>    <figure class=\"wp-block-embed is-type-video is-provider-youtube wp-block-embed-youtube wp-embed-aspect-16-9 wp-has-aspect-ratio\"><div class=\"wp-block-embed__wrapper\"> <iframe loading=\"lazy\" title=\"Mobiele graandro\u00ebr in aksie: doeltreffende droog van mielies op die plaas | Mieliedro\u00ebr #dro\u00ebr #graindro\u00ebr\" width=\"500\" height=\"281\" src=\"https:\/\/www.youtube.com\/embed\/AJ6ZaE6ASIE?feature=oembed\" frameborder=\"0\" allow=\"accelerometer; autoplay; clipboard-write; encrypted-media; gyroscope; picture-in-picture; web-share\" referrerpolicy=\"strict-origin-when-cross-origin\" allowfullscreen><\/iframe> <\/div><figcaption class=\"wp-element-caption\">werkende video van mobiele graandro\u00ebr<\/figcaption><\/figure>    <h2 class=\"wp-block-heading\"><strong>Beskikbare tipes mobiele graandro\u00ebrmasjien te koop<\/strong><\/h2>    <p class=\"translation-block\"><strong>Graandro\u00ebr met enkele silo<\/strong><\/p>    <figure class=\"wp-block-table\"><table class=\"has-fixed-layout\"><tbody><tr><td><strong>Silo <\/strong><strong>Volume <\/strong><strong><\/strong><\/td><td><strong>Algehele Grootte (L*W*H)mm<\/strong><\/td><td><strong>Gewig (ton)<\/strong><\/td><td><strong>Skroefvoerkrag<\/strong><\/td><td><strong>Hoofventilatorkrag<\/strong><\/td><td><strong>Induseer-ventilator<\/strong><\/td><td><strong>Dit is 'n ho\u00eb standaardkonfigurasie, wat waterpoetser wat gebaseer is op MCTP15-B byvoeg, geskik vir klein en mediumgrootte kli\u00ebnte wat ho\u00ebkosteprestasie en ho\u00eb gehalte nastreef.Sy besienswaardighede is:<\/strong><\/td><\/tr><tr><td>2 Ton<\/td><td>4000*1800*3800<\/td><td>2.8<\/td><td>4KW<\/td><td>3kw<\/td><td>0.75KW<\/td><td>: sy struktuur is eenvoudig, maklik om te bedryf en in stand te hou,geskik vir kli\u00ebnte wat vir die eerste keer die graanverwerkingsbedryf betree.<\/td><\/tr><tr><td>4 Ton<\/td><td>4200*2200*4600<\/td><td>4.5<\/td><td>7.5kw<\/td><td>5.5kw<\/td><td>0.75KW<\/td><td>40HQ<\/td><\/tr><tr><td>6 Ton<\/td><td>4600*2400*5000<\/td><td>5.3<\/td><td>7.5kw<\/td><td>7.5kw<\/td><td>0.75KW<\/td><td>40HQ<\/td><\/tr><tr><td>8 Ton<\/td><td>4800*2400*5600<\/td><td>6.5<\/td><td>7.5kw<\/td><td>7.5kw<\/td><td>0.75KW<\/td><td>40HQ<\/td><\/tr><tr><td>10 Ton<\/td><td>4800*2500*6200<\/td><td>7.4<\/td><td>7.5kw<\/td><td>11 kw<\/td><td>1.5KW<\/td><td>40HQ<\/td><\/tr><\/tbody><\/table><figcaption class=\"wp-element-caption\">tegniese spesifikasies van kleingraandro\u00ebrs met enkelbak<\/figcaption><\/figure>    <p>\u00a0Let wel: hierdie graan-droogmasjien kan steenkool, diesel, gas, of elektrisiteit as brandstof gebruik vir die brandtoring<\/p>   <div class=\"wp-block-image\"> <figure class=\"aligncenter size-full\"><img loading=\"lazy\" decoding=\"async\" width=\"720\" height=\"540\" src=\"https:\/\/taizyagromachine.com\/wp-content\/uploads\/2024\/01\/mobile-corn-maize-drying-machine.webp\" alt=\"mobiele mielie-mielies droogmasjien\" class=\"wp-image-6528\"\/><figcaption class=\"wp-element-caption\">mobiele mielie-mielies droogmasjien<\/figcaption><\/figure> <\/div>   <p class=\"translation-block\"><strong>Verskil tussen enkele bak en dubbel bakke<\/strong>:<\/p>    <ul class=\"wp-block-list\"> <li><strong>Enkelbak<\/strong>: Die droogtyd vir elke bak is 2,5-3 uur, (omdat daar 'n graantoevoer- en -afvoertyd is). Elke bak sal oortollige hitte mors. Die koste van droog is effens ho\u00ebr. Dit beslaan 'n klein area, is klein in grootte, kompak en liggewig.<\/li>    <li><strong>Dubbelbakke<\/strong>: Die droogtyd vir elke bak is 2 uur. Twee houers laai en los graan afwisselend sonder enige tussenpose. Die uitset is hoog en die hitte word ten volle benut, wat die droogkoste aansienlik verlaag.<\/li> <\/ul>    <h2 class=\"wp-block-heading\"><strong>Toepaslike gewasse om met 'n mobiele graandroogmasjien gedroog te word<\/strong><\/h2>    <p>Ons bondel graandro\u00ebr te koop is stuibale om koring, sorghum, mielies, rys, grane, raapsaad en bone te droog.<\/p>   <div class=\"wp-block-image\"> <figure class=\"aligncenter size-full\"><img loading=\"lazy\" decoding=\"async\" width=\"720\" height=\"540\" src=\"https:\/\/taizyagromachine.com\/wp-content\/uploads\/2024\/01\/crops-that-can-be-dried-by-small-grain-dryer.webp\" alt=\"gewasse wat met &#039;n kleingraandro\u00ebr gedroog kan word\" class=\"wp-image-6527\"\/><figcaption class=\"wp-element-caption\">gewasse wat met 'n kleingraandro\u00ebr gedroog kan word<\/figcaption><\/figure> <\/div>   <h2 class=\"wp-block-heading\"><strong><strong>Aanbevole droogtemperatuur vir verskeie gewasse<\/strong><\/strong><\/h2>    <figure class=\"wp-block-table\"><table class=\"has-fixed-layout\"><tbody><tr><td><strong>Graan <\/strong><strong><\/strong><\/td><td><strong>Droogtemperatuur<\/strong><strong><\/strong><\/td><\/tr><tr><td>Koring<\/td><td>100-140\u2103<\/td><\/tr><tr><td>Koring<\/td><td>80\u201390\u2103<\/td><\/tr><tr><td>Rys<\/td><td>60-70\u2103<\/td><\/tr><tr><td>Sorghum<\/td><td>100-140\u2103<\/td><\/tr><tr><td>Boontjies<\/td><td>100\u2103<\/td><\/tr><tr><td>Gierst<\/td><td>80\u2103<\/td><\/tr><tr><td>Rapsaad<\/td><td>100\u2103<\/td><\/tr><\/tbody><\/table><figcaption class=\"wp-element-caption\">oesdroogtemperatuur<\/figcaption><\/figure>    <h2 class=\"wp-block-heading\"><strong>Kommersi\u00eble gewas dro\u00ebr ontwerp<\/strong><\/h2>    <p>Hierdie soort mobiele graandro\u00ebr bestaan \u200b\u200buit silo's, leer, voerpoort, oond, sikloon, traller, kas, wiele, waaiers, ens.<\/p>   <div class=\"wp-block-image\"> <figure class=\"aligncenter size-full\"><img loading=\"lazy\" decoding=\"async\" width=\"720\" height=\"540\" src=\"https:\/\/taizyagromachine.com\/wp-content\/uploads\/2024\/01\/structure-of-mobile-grain-drying-machine.jpg\" alt=\"struktuur van mobiele graandroogmasjien\" class=\"wp-image-6526\"\/><figcaption class=\"wp-element-caption\">struktuur van mobiele graandroogmasjien<\/figcaption><\/figure> <\/div>   <p>Die graanbakke is almal vlekvrye staal, die voordele van vlekvrye staal silo's:<\/p>    <ul class=\"wp-block-list\"> <li>Nie bang vir mis en waterkorrosie, ho\u00eb hardheid en slytasieweerstand nie.<\/li>    <li>Dit sal nie roes nie en roesvlekke met groot oppervlakte veroorsaak, en sal nie die kwaliteit van die graan be\u00efnvloed nie.<\/li>    <li>Nadat dit vir een jaar gebruik is, is die vlekvrye staal vir die nesjaar steeds so nuut soos altyd!<br><\/li> <\/ul>    <h2 class=\"wp-block-heading\"><strong>Verskille tussen mobiele graandroogmasjien en toringgraandro\u00ebr<\/strong><\/h2>    <figure class=\"wp-block-table\"><table><tbody><tr><td>Tipes<\/td><td>Mobiele oesdro\u00ebr<\/td><td><a href=\"https:\/\/taizyagromachine.com\/af\/product\/paddy-dryer\/\">Toring graan dro\u00ebr<\/a><\/td><\/tr><tr><td>Geraas tydens werk<\/td><td>Klein<\/td><td>Groot<\/td><\/tr><tr><td>Ruimte beset<\/td><td>Laag<\/td><td>Hoog<\/td><\/tr><tr><td>Gerieflik om te beweeg<\/td><td>Dit het wiele, maklik om te beweeg<\/td><td>Sodra dit ge\u00efnstalleer is, is dit moeilik om te beweeg<\/td><\/tr><tr><td>Onderhoudskoste<\/td><td>Maklik om te beweeg, beskerm teen wind en re\u00ebn, relatief laag<\/td><td>Dit word die hele jaar aan wind en son blootgestel, en die jaarlikse onderhoudskoste is baie hoog.<\/td><\/tr><\/tbody><\/table><figcaption class=\"wp-element-caption\">verskille lys van twee tipes graandro\u00ebrs<\/figcaption><\/figure>    <figure class=\"wp-block-gallery aligncenter has-nested-images columns-default is-cropped wp-block-gallery-2 is-layout-flex wp-block-gallery-is-layout-flex\"> <figure class=\"wp-block-image size-full\"><img loading=\"lazy\" decoding=\"async\" width=\"720\" height=\"750\" data-id=\"6533\" src=\"https:\/\/taizyagromachine.com\/wp-content\/uploads\/2024\/01\/Taizy-crop-dryer-for-sale.webp\" alt=\"Taizy oesdro\u00ebr te koop\" class=\"wp-image-6533\"\/><figcaption class=\"wp-element-caption\">Taizy oesdro\u00ebr te koop<\/figcaption><\/figure>    <figure class=\"wp-block-image size-large\"><img loading=\"lazy\" decoding=\"async\" width=\"640\" height=\"640\" data-id=\"6424\" src=\"https:\/\/taizyagromachine.com\/wp-content\/uploads\/2022\/02\/paddy-dryer-machine-for-corn.webp\" alt=\"paddy dro\u00ebr masjien vir mielies\" class=\"wp-image-6424\"\/><figcaption class=\"wp-element-caption\">paddy dro\u00ebr masjien vir mielies<\/figcaption><\/figure> <\/figure>    <h2 class=\"wp-block-heading\"><strong>Hoe gaan dit met die prys van mobiele graandro\u00ebrs?<\/strong><\/h2>    <p>Die prys van 'n mobiele graandro\u00ebr word be\u00efnvloed deur verskeie faktore, waarvan die belangrikste masjienmodel, produksiekapasiteit, brandertipe en of dit pasgemaak is of nie, insluit.<\/p>    <ul class=\"wp-block-list\"> <li><strong>Modelle en kapasiteite: <\/strong>Die prys van verskillende modelle en vermo\u00ebns van mieliedro\u00ebrs verskil aansienlik vanwe\u00eb die koste van vervaardigingsmateriaal, tegniese vlak en verwerkingskapasiteit. Oor die algemeen sal groot en ho\u00ebproduksie-rysdro\u00ebrs 'n ho\u00ebr verkoopprys h\u00ea as gevolg van hul ho\u00eb doeltreffendheid en groot kapasiteit ontwerp.<\/li>    <li><strong>Brandstof vir brandende oond<\/strong>: Die keuse van brander tipe sal ook die prys be\u00efnvloed, soos die gebruik van gas, diesel, elektrisiteit of biomassa brandstof brander, daar is 'n verskil in bedryfskoste, omgewing prestasie en toerusting verkryging koste.<\/li>    <li><strong>Pasmaak<\/strong>: Of die mobiele graandro\u00ebr persoonlike aanpassingsdiens lewer, is ook 'n belangrike aanwyser om die prys daarvan te bepaal. Bykomende aanpassingsopsies soos 'n intelligente beheerstelsel, akkurate humiditeitsmoniteringstelsel of duursame materiale vir spesiale gebruik-omgewings sal die prys laat styg.<\/li> <\/ul>    <figure class=\"wp-block-gallery aligncenter has-nested-images columns-default is-cropped wp-block-gallery-3 is-layout-flex wp-block-gallery-is-layout-flex\"> <figure class=\"wp-block-image size-large\"><img loading=\"lazy\" decoding=\"async\" width=\"720\" height=\"750\" data-id=\"6529\" src=\"https:\/\/taizyagromachine.com\/wp-content\/uploads\/2024\/01\/mobile-grain-dryer-machine.webp\" alt=\"mobiele graandro\u00ebrmasjien\" class=\"wp-image-6529\"\/><figcaption class=\"wp-element-caption\">mobiele graandro\u00ebrmasjien<\/figcaption><\/figure>    <figure class=\"wp-block-image size-large\"><img loading=\"lazy\" decoding=\"async\" width=\"720\" height=\"750\" data-id=\"6530\" src=\"https:\/\/taizyagromachine.com\/wp-content\/uploads\/2024\/01\/small-batch-grain-dryer-for-sale.webp\" alt=\"klein bondel graan dro\u00ebr te koop\" class=\"wp-image-6530\"\/><figcaption class=\"wp-element-caption\">klein bondel graan dro\u00ebr te koop<\/figcaption><\/figure> <\/figure>    <p>Om op te som, wanneer jy mobiele graandro\u00ebrs koop, moet jy jou eie produksiebehoeftes, verwagte doeltreffendheid, energieverbruikskoste en persoonlike konfigurasies in ag neem om te verseker dat jy aan die werklike behoeftes voldoen terwyl jy beleggingskoste redelik beheer.<\/p>    <h2 class=\"wp-block-heading\"><strong>Taizy: 'n gekrediteerde graandro\u00ebrvervaardiger<\/strong><\/h2>    <p>Met sy professionele tegnologie, ryk produkreeks, ho\u00eb gehalte standaarde, buigsame aanpassingsvermo\u00eb en omvattende naverkoopdiensstelsel word ons 'n betroubare verskaffer van graandro\u00ebrs in die plaaslike en internasionale landbouvelde.<\/p>    <ul class=\"wp-block-list\"> <li><strong>Professionele tegniese sterkte<\/strong>: Taizy het 'n sterk tegniese navorsing- en ontwikkelingspan en gevorderde vervaardigingsproses, deurlopende innovasie en optimalisering van produkontwerp, om te verseker dat die produksie van mobiele graandro\u00ebrs in terme van werkverrigting, doeltreffendheid en energiebesparing die bedryf se toonaangewende vlak bereik het.<\/li>    <li><strong>Persoonlike pasgemaakte diens<\/strong>: Ons is goed met pasgemaakte ontwerp volgens klante se spesifieke omstandighede en behoeftes, insluitend brandertipe keuse, hittebronpassing, intelligente beheerstelselkonfigurasie, ens., om aan die behoeftes van gediversifiseerde markte te voldoen.<\/li>    <li><strong>Perfekte na-verkope diens<\/strong>: Taizy beloof om kli\u00ebnte 'n kommervrye dienservaring te bied, insluitend maar nie beperk nie tot installasie en ingebruikneming, bedryfsopleiding, na-verkope onderhoud en tegniese ondersteuning, om te verseker dat die mieliedro\u00ebr doeltreffend en stabiel werk deur die hele gebruiksiklus.<\/li>    <li><strong>Internasionale erkenning en samewerking<\/strong>: As 'n betroubare handelsmerk het Taizy nie net 'n stewige posisie in die plaaslike mark gevestig nie, maar het ook groot lof in die internasionale mark gewen. Dit het langtermyn samewerking met ondernemings in baie lande en streke gevestig, wat die mededingendheid van sy produkte en internasionale visie bewys.<\/li> <\/ul>    <figure class=\"wp-block-gallery aligncenter has-nested-images columns-default is-cropped wp-block-gallery-4 is-layout-flex wp-block-gallery-is-layout-flex\"> <figure class=\"wp-block-image size-large\"><img loading=\"lazy\" decoding=\"async\" width=\"720\" height=\"750\" data-id=\"6531\" src=\"https:\/\/taizyagromachine.com\/wp-content\/uploads\/2024\/01\/mobile-grain-dryer-for-rice-wheat-corn.webp\" alt=\"mobiele graandro\u00ebr vir rys koringmielies\" class=\"wp-image-6531\"\/><figcaption class=\"wp-element-caption\">mobiele graandro\u00ebr vir rys koringmielies<\/figcaption><\/figure>    <figure class=\"wp-block-image size-large\"><img loading=\"lazy\" decoding=\"async\" width=\"720\" height=\"750\" data-id=\"6532\" src=\"https:\/\/taizyagromachine.com\/wp-content\/uploads\/2024\/01\/portable-grain-dryer-for-maize.webp\" alt=\"draagbare graandro\u00ebr vir mielies\" class=\"wp-image-6532\"\/><figcaption class=\"wp-element-caption\">draagbare graandro\u00ebr vir mielies<\/figcaption><\/figure> <\/figure>    <h2 class=\"wp-block-heading\"><strong>Gereelde vrae oor mobiele graandroogmasjien<\/strong><\/h2>   <div id=\"rank-math-faq\" class=\"rank-math-block\"> <div class=\"rank-math-list\"> <div id=\"faq-question-1706252443000\" class=\"rank-math-list-item\"> <h3 class=\"rank-math-question\"><strong>Watter materiaal is die graandro\u00ebr?<\/strong><\/h3> <div class=\"rank-math-answer\">  <p>Die mobiele graanbak is vlekvrye staal. Die verwarmingsdeel is koolstofstaal.<\/p>  <\/div> <\/div> <div id=\"faq-question-1706252513798\" class=\"rank-math-list-item\"> <h3 class=\"rank-math-question\"><strong>Wat van die voordele van vlekvrye staal en gegalvaniseerde staal?<\/strong><\/h3> <div class=\"rank-math-answer\">  <p class=\"translation-block\"><strong>Voordele van vlekvrye staal<\/strong>: Wanneer die masjien loop, sal waterdamp uitkom. Vlekvrye staal is nie bang vir korrosie nie en sal nie roesvlekke h\u00ea nie. Selfs al word dit hierdie jaar gebruik, sal dit goed wees vir die tweede jaar nadat die masjien weggesit is.<br><strong>Voordele van gegalvaniseerde staal<\/strong>: Dit is goedkoop, maar dit sal roes.<\/p>  <\/div> <\/div> <div id=\"faq-question-1706255494220\" class=\"rank-math-list-item\"> <h3 class=\"rank-math-question\"><strong>Watter gewasse kan droog word? Hoeveel grade is die temperatuur? Kan temperatuur beheer beheer?<\/strong><\/h3> <div class=\"rank-math-answer\">  <p class=\"translation-block\">Ons mobiele graandro\u00ebr kan mielies, koring, bone, rys, sorghum en raapsaad droog.\nOns dro\u00ebrs is warm lug droging, en sal nie die kwaliteit van graan vernietig nie. Be\u00efnvloed nie die kleur nie. <a href=\"https:\/\/en.wikipedia.org\/wiki\/Grain\" target=\"_blank\" rel=\"noopener\">Graan<\/a> kan ge\u00ebet word.\n<strong>Mielie temperatuur<\/strong>: 100-140 grade\n<strong>Koring temperatuur<\/strong>: 80-90 grade\n<strong>Rys temperatuur<\/strong>: 60-70 grade\n<strong>Sorghum temperatuur<\/strong>: 100-140 grade\n<strong>Bone temperatuur<\/strong>: 100 grade\n<strong>Graan temperatuur<\/strong>: 80 grade (met 1mm gaas)\n<strong>Raapsaad temperatuur<\/strong>: 100 grade (met 1mm gaas)<\/p>  <\/div> <\/div> <div id=\"faq-question-1706256407163\" class=\"rank-math-list-item\"> <h3 class=\"rank-math-question\"><strong>Wat kan vir die hittebron gebruik word?<\/strong><\/h3> <div class=\"rank-math-answer\">  <p>Steenkool, diesel, metanol, biomassa, elektrisiteit.<\/p>  <\/div> <\/div> <div id=\"faq-question-1706256430292\" class=\"rank-math-list-item\"> <h3 class=\"rank-math-question\"><strong>Hoe lank is die waarborg?<\/strong><\/h3> <div class=\"rank-math-answer\">  <p>Die hele masjienwaarborg van een jaar.<\/p>  <\/div> <\/div> <div id=\"faq-question-1706256454820\" class=\"rank-math-list-item\"> <h3 class=\"rank-math-question\"><strong>As ek nie weet hoe om dit te gebruik nie, kan jy na my fabriek kom om dit te installeer?<\/strong><\/h3> <div class=\"rank-math-answer\">  <p>As jy nie weet hoe om dit te gebruik nie, is ons deur-tot-deur installasie en ontfouting, maar om die reiskoste en basiese kos en verblyf te vergoed.<\/p>  <\/div> <\/div> <\/div> <\/div>","protected":false},"excerpt":{"rendered":"<p>Our mobile grain dryer is specially designed for various crops drying, such as rice, wheat, maize, soybeans, etc. The main function is to quickly and effectively remove water from newly harvested grain to ensure that the grain reaches a safe moisture content before warehousing and storage to prevent losses such as mould, germination and insect [&hellip;]<\/p>\n","protected":false},"author":1,"featured_media":6524,"parent":0,"template":"","tags":[223],"product-type":[30],"class_list":["post-6523","product","type-product","status-publish","has-post-thumbnail","hentry","tag-grain-drying","product-type-grain-dryer"],"_links":{"self":[{"href":"https:\/\/taizyagromachine.com\/af\/wp-json\/wp\/v2\/product\/6523","targetHints":{"allow":["GET"]}}],"collection":[{"href":"https:\/\/taizyagromachine.com\/af\/wp-json\/wp\/v2\/product"}],"about":[{"href":"https:\/\/taizyagromachine.com\/af\/wp-json\/wp\/v2\/types\/product"}],"author":[{"embeddable":true,"href":"https:\/\/taizyagromachine.com\/af\/wp-json\/wp\/v2\/users\/1"}],"wp:featuredmedia":[{"embeddable":true,"href":"https:\/\/taizyagromachine.com\/af\/wp-json\/wp\/v2\/media\/6524"}],"wp:attachment":[{"href":"https:\/\/taizyagromachine.com\/af\/wp-json\/wp\/v2\/media?parent=6523"}],"wp:term":[{"taxonomy":"post_tag","embeddable":true,"href":"https:\/\/taizyagromachine.com\/af\/wp-json\/wp\/v2\/tags?post=6523"},{"taxonomy":"product-type","embeddable":true,"href":"https:\/\/taizyagromachine.com\/af\/wp-json\/wp\/v2\/product-type?post=6523"}],"curies":[{"name":"wp","href":"https:\/\/api.w.org\/{rel}","templated":true}]}}