{"id":6571,"date":"2024-02-22T17:50:35","date_gmt":"2024-02-22T09:50:35","guid":{"rendered":"https:\/\/taizyagromachine.com\/?post_type=product&#038;p=6571"},"modified":"2024-02-22T17:52:05","modified_gmt":"2024-02-22T09:52:05","slug":"tmr-feed-mixer-silage-mixer","status":"publish","type":"product","link":"https:\/\/taizyagromachine.com\/af\/product\/tmr-feed-mixer-silage-mixer\/","title":{"rendered":"TMR voermenger vir veevoervermenging | Kuilvoermenger"},"content":{"rendered":"<p class=\"translation-block\">TMR <strong>voermenger<\/strong>, ook genoem TMR-menger, is 'n soort voerverwerkingsuitrusting wat vergruising, vermenging en blanding integreer. Tans word dit meestal in beesplase, skaapplase en ander diereplase gebruik. <\/p>    <p>Volgens die verskillende volumes mengkajuite kan elke voermenger 200-2000 koeie per dag voer, wat die werk van meer as 20 werkers kan vervang, die arbeidsintensiteit van werkers kan verminder, mannekrag en finansi\u00eble hulpbronne aansienlik kan bespaar, en voerdoeltreffendheid kan verbeter .<\/p>    <p>Gebaseer op die ontwerpstruktuur, klassifiseer ons hierdie veevoermenger in horisontale voermenger en vertikale voermenger. Volgens die gebruik van metodes is daar vaste kuilvoermenger en mobiele TMR-menger. Stel u belang? welkom om ons te kontak vir meer masjienbesonderhede!<\/p>    <h2 class=\"wp-block-heading\"><strong>Soorte veevoermengers te koop<\/strong><\/h2>    <p class=\"translation-block\"><strong>Vertikale voermenger te koop<\/strong><\/p>    <p>Hierdie tipe masjien word hoofsaaklik gebruik vir poeier, korrelmateriaal meng en roer, met behulp van vertikale asstruktuur, spiraallem wat die materiaal ophef vir gedwonge vermenging, beslaan 'n klein area, maklik om te voer en is geskik vir klein- en mediumskaalse produksie.<\/p>    <figure class=\"wp-block-gallery aligncenter has-nested-images columns-default is-cropped wp-block-gallery-2 is-layout-flex wp-block-gallery-is-layout-flex\"> <figure class=\"wp-block-image size-large\"><img loading=\"lazy\" decoding=\"async\" width=\"720\" height=\"540\" data-id=\"6572\" src=\"https:\/\/taizyagromachine.com\/wp-content\/uploads\/2024\/02\/feed-mixing-equipment.webp\" alt=\"voermengtoerusting\" class=\"wp-image-6572\"\/><figcaption class=\"wp-element-caption\">voermengtoerusting<\/figcaption><\/figure>    <figure class=\"wp-block-image size-large\"><img loading=\"lazy\" decoding=\"async\" width=\"720\" height=\"540\" data-id=\"6573\" src=\"https:\/\/taizyagromachine.com\/wp-content\/uploads\/2024\/02\/internal-structure-of-vertical-TMR-mixer.webp\" alt=\"interne struktuur van vertikale TMR menger\" class=\"wp-image-6573\"\/><figcaption class=\"wp-element-caption\">interne struktuur van vertikale TMR menger<\/figcaption><\/figure> <\/figure>    <p class=\"translation-block\"><strong>Horisontale voermenger vir beeste<\/strong><\/p>    <p>Dit is geskik vir die eenvormige vermenging van verskeie voer, chemiese grondstowwe, ens. Dit word gekenmerk deur die ontwerp van dubbellaagspiraalbande of spane in die horisontale silinder, wat verseker dat die materiale volledig gemeng is en minder oorblyfsels het, en dit is geskik vir die deurlopende werking van groot hoeveelhede.<\/p>    <figure class=\"wp-block-gallery aligncenter has-nested-images columns-default is-cropped wp-block-gallery-3 is-layout-flex wp-block-gallery-is-layout-flex\"> <figure class=\"wp-block-image size-large\"><img loading=\"lazy\" decoding=\"async\" width=\"720\" height=\"540\" data-id=\"6579\" src=\"https:\/\/taizyagromachine.com\/wp-content\/uploads\/2024\/02\/animal-feed-mixer-for-sale.webp\" alt=\"veevoermenger te koop\" class=\"wp-image-6579\"\/><figcaption class=\"wp-element-caption\">veevoermenger te koop<\/figcaption><\/figure>    <figure class=\"wp-block-image size-large\"><img loading=\"lazy\" decoding=\"async\" width=\"720\" height=\"540\" data-id=\"6580\" src=\"https:\/\/taizyagromachine.com\/wp-content\/uploads\/2024\/02\/horizontal-TMR-mixer-for-cattle-feed.webp\" alt=\"horisontale TMR menger vir beesvoer\" class=\"wp-image-6580\"\/><figcaption class=\"wp-element-caption\">horisontale TMR menger vir beesvoer<\/figcaption><\/figure> <\/figure>    <p class=\"translation-block\"><strong>Pasgemaakte voermenger met verspreiding<\/strong><\/p>    <p class=\"translation-block\">Soortgelyk aan die <a href=\"https:\/\/taizyagromachine.com\/af\/product\/silage-spreader-feed-spreader-mixer\/\">strooier menger<\/a>, is hierdie een ontwerp en vervaardig volgens die kli\u00ebnt se spesiale vereistes, wat die ge\u00efntegreerde funksies van voeding, vermenging en strooi kombineer, wat akkurate proportionering en doeltreffende vermenging kan bewerkstellig, wyd gebruik in pasgemaakte produksielyne. <\/p>    <figure class=\"wp-block-gallery aligncenter has-nested-images columns-default is-cropped wp-block-gallery-4 is-layout-flex wp-block-gallery-is-layout-flex\"> <figure class=\"wp-block-image size-large\"><img loading=\"lazy\" decoding=\"async\" width=\"720\" height=\"540\" data-id=\"6583\" src=\"https:\/\/taizyagromachine.com\/wp-content\/uploads\/2024\/02\/customized-silage-feeder-mixer.webp\" alt=\"pasgemaakte kuilvoervoermenger\" class=\"wp-image-6583\"\/><figcaption class=\"wp-element-caption\">pasgemaakte kuilvoervoermenger<\/figcaption><\/figure>    <figure class=\"wp-block-image size-large\"><img loading=\"lazy\" decoding=\"async\" width=\"720\" height=\"540\" data-id=\"6584\" src=\"https:\/\/taizyagromachine.com\/wp-content\/uploads\/2024\/02\/machine-with-mixing-and-feeding-function.webp\" alt=\"masjien met meng- en voerfunksie\" class=\"wp-image-6584\"\/><figcaption class=\"wp-element-caption\">masjien met meng- en voerfunksie<\/figcaption><\/figure> <\/figure>    <h2 class=\"wp-block-heading\"><strong>Tegniese parameters van kuilvoermengermasjien vir beeste<\/strong><\/h2>    <figure class=\"wp-block-table\"><table><tbody><tr><td>Model<\/td><td>TMR-5<\/td><td>TMR-9<\/td><td>TMR-12<\/td><\/tr><tr><td>Kapasiteit (m\u00b3)<\/td><td>5<\/td><td>9<\/td><td>12<\/td><\/tr><tr><td>Awegaarspoed (R\/min)<\/td><td>23.5<\/td><td>23.5<\/td><td>23.5<\/td><\/tr><tr><td>Gewig (kg)<\/td><td>1600<\/td><td>3300<\/td><td>4500<\/td><\/tr><tr><td>Afmeting (mm)<\/td><td>3930*1850*2260<\/td><td>4820*2130*2480<\/td><td>5600*2400*2500<\/td><\/tr><tr><td>Strukturele vorm<\/td><td>Vaste<\/td><td>Vaste<\/td><td>Selfoon<\/td><\/tr><tr><td>Gepasde drywing (kW)<\/td><td>11-15<\/td><td>22-30<\/td><td>50-75<\/td><\/tr><tr><td>Bladhoeveelheid (st.)<\/td><td>Vaste lemme: 7<br>Mobiele lemme: 34 <\/td><td>Vaste lemme: 9<br>Mobiele lemme: 56<\/td><td>totaal 192<\/td><\/tr><\/tbody><\/table><figcaption class=\"wp-element-caption\">spesifikasies van kuilvoermenger vir beeste<\/figcaption><\/figure>    <h2 class=\"wp-block-heading\"><strong>Werksbeginsel van mengwa<\/strong><\/h2>    <p>TMR volgemengde rantsoen kuilvoermenger is hoofsaaklik saamgestel uit een of twee awegaars. Die spiraalawegare word in linker- en regterkant verdeel. Tydens vermenging word die materiale geroteer en gelyktydig van albei kante van die mengwa tot in die middel van die menger gemeng.<\/p>    <figure class=\"wp-block-gallery aligncenter has-nested-images columns-default is-cropped wp-block-gallery-5 is-layout-flex wp-block-gallery-is-layout-flex\"> <figure class=\"wp-block-image size-large\"><img loading=\"lazy\" decoding=\"async\" width=\"720\" height=\"540\" data-id=\"6581\" src=\"https:\/\/taizyagromachine.com\/wp-content\/uploads\/2024\/02\/internal-of-TMR-mixer-machine.webp\" alt=\"interne van TMR mengmasjien\" class=\"wp-image-6581\"\/><figcaption class=\"wp-element-caption\">interne van TMR mengmasjien<\/figcaption><\/figure>    <figure class=\"wp-block-image size-large\"><img loading=\"lazy\" decoding=\"async\" width=\"720\" height=\"540\" data-id=\"6582\" src=\"https:\/\/taizyagromachine.com\/wp-content\/uploads\/2024\/02\/working-core-of-cattle-feed-mixing-plant.webp\" alt=\"werkende kern van beesvoer mengaanleg\" class=\"wp-image-6582\"\/><figcaption class=\"wp-element-caption\">werkende kern van beesvoer mengaanleg<\/figcaption><\/figure> <\/figure>    <p>Elke spiraalleiding op die awegaarspiraalliggaam is toegerus met 'n bewegende lem, wat snywerk met die vaste tande op die middellyn van die voermenger verrig. Dit sny en meng die verskillende veselagtige voer en strooitjies wat daardeur gaan, sodat dit eweredig fyngedruk en vermeng word met die effek van volgemengde rantsoenvoeding.<\/p>    <h2 class=\"wp-block-heading\"><strong>Voordele van TMR menger te koop<\/strong><\/h2>    <ul class=\"wp-block-list\"> <li>Gevorderde en redelike ontwerp en die onderkant van die toevoersilo is gemaak van ho\u00eb-gehalte legeringstaal, geskik vir gebruik in enige omgewing, veilige en betroubare werk.<\/li>    <li>Die snylem is gemaak van ho\u00eb slytvaste materiaal met uitstekende vakmanskap, en ho\u00eb gehalte ho\u00eb legeringstaal, wat die dienslewe en werkdoeltreffendheid van die produk aansienlik verbeter.<\/li>    <li>Buigsaam en gerieflik, veilig en betroubaar.<\/li>    <li>Dit kan kuilvoer en verskeie soorte strooibale, strooi en ander veselvoere direk in die mengkajuit sit om gekap en gemeng te word, en die mengspoed is vinnig.<\/li>    <li><\/li> <\/ul>    <figure class=\"wp-block-gallery aligncenter has-nested-images columns-default is-cropped wp-block-gallery-6 is-layout-flex wp-block-gallery-is-layout-flex\"> <figure class=\"wp-block-image size-large\"><img loading=\"lazy\" decoding=\"async\" width=\"540\" height=\"720\" data-id=\"6578\" src=\"https:\/\/taizyagromachine.com\/wp-content\/uploads\/2024\/02\/strengths-of-feed-mixing-machine.webp\" alt=\"sterkte van voermengmasjien\" class=\"wp-image-6578\"\/><figcaption class=\"wp-element-caption\">sterkte van voermengmasjien<\/figcaption><\/figure>    <figure class=\"wp-block-image size-large\"><img loading=\"lazy\" decoding=\"async\" width=\"540\" height=\"720\" data-id=\"6577\" src=\"https:\/\/taizyagromachine.com\/wp-content\/uploads\/2024\/02\/internal-display-of-small-tmr-mixer.webp\" alt=\"interne vertoning van klein tmr-menger\" class=\"wp-image-6577\"\/><figcaption class=\"wp-element-caption\">interne vertoning van klein tmr-menger<\/figcaption><\/figure>    <figure class=\"wp-block-image size-large\"><img loading=\"lazy\" decoding=\"async\" width=\"540\" height=\"720\" data-id=\"6576\" src=\"https:\/\/taizyagromachine.com\/wp-content\/uploads\/2024\/02\/finer-silage-produced-by-cattle-feed-mixers.webp\" alt=\"fyner kuilvoer wat deur beesvoermengers geproduseer word\" class=\"wp-image-6576\"\/><figcaption class=\"wp-element-caption\">fyner kuilvoer wat deur beesvoermengers geproduseer word<\/figcaption><\/figure> <\/figure>    <h2 class=\"wp-block-heading\"><strong>Toepaslike diere van melkbeeste voer masjien<\/strong><\/h2>    <p>Ons voermenger is geskik vir beeste, koeie, skape, varke, konyne, ens voeding, veral vir veeboerdery of veeteelt. <\/p>   <div class=\"wp-block-image\"> <figure class=\"aligncenter size-full\"><img loading=\"lazy\" decoding=\"async\" width=\"540\" height=\"720\" src=\"https:\/\/taizyagromachine.com\/wp-content\/uploads\/2024\/02\/applications-of-silage-mixing-machine.webp\" alt=\"toepassings van kuilvoermengmasjien\" class=\"wp-image-6575\"\/><figcaption class=\"wp-element-caption\">toepassings van kuilvoermengmasjien<\/figcaption><\/figure> <\/div>   <h2 class=\"wp-block-heading\"><strong>Waarom TMR-veevoermenger gebruik om kuilvoer te meng?<\/strong><\/h2>    <ul class=\"wp-block-list\"> <li>Vermo\u00eb om voldoende voedingstowwe te verskaf om aan die voedingsbehoeftes van koeie te voldoen en melkproduksie te verhoog;<\/li>    <li>Verhoog die inname van dro\u00ebmateriaal van koeie, sluit die selektiewe pluk van koeie vir 'n sekere soort voer uit, wat bevorderlik is om die koste van voerformulering te verminder;<\/li>    <li>Verminder die af en toe voorkoms van spoorelemente, vitamientekorte of vergiftiging aansienlik;<\/li>    <li>Verminder die voorkoms van koeiesiektes en verhoog die reproduksietempo van melkkoeie;<\/li>    <li>Bespaar baie arbeidstyd en verbeter ekonomiese doeltreffendheid.<\/li> <\/ul>    <h2 class=\"wp-block-heading\"><strong>Hoe gaan dit met die prys van kuilvoervoermenger?<\/strong><\/h2>    <p>Die prys sal wissel volgens faktore soos modelspesifikasie, verwerkingskapasiteit, outomatiseringsgraad en aanpassingsvereistes. U kan ons verkoopspan kontak vir 'n gedetailleerde produkkwotasie en ondersteunende diensprogram om te verseker dat u in bevredigende kuilvoermengtoerusting teen 'n billike prys bel\u00ea.<\/p>    <h2 class=\"wp-block-heading\"><strong>Kontak ons \u200b\u200bvir meer masjienbesonderhede!<\/strong><\/h2>    <p class=\"translation-block\">Wil jy jou <a href=\"https:\/\/en.wikipedia.org\/wiki\/Animal_feed\" target=\"_blank\" rel=\"noopener\">voer<\/a> meer diervriendelik maak? Kontak ons, ons voermenger kan jou help om hierdie doel beter te bereik, kontak ons ons sal jou die beste aanbod verskaf volgens jou behoeftes.<\/p>","protected":false},"excerpt":{"rendered":"<p>TMR feed mixer, also called TMR mixer, is a kind of feed processing equipment integrating crushing, mixing and blending. At present, it is mostly used in cattle farms, sheep farms and other animal farms. According to the different volumes of mixing cabins, each feed mixer can feed 200-2000 cows per day, which can replace the [&hellip;]<\/p>\n","protected":false},"author":1,"featured_media":6574,"parent":0,"template":"","tags":[],"product-type":[19],"class_list":["post-6571","product","type-product","status-publish","has-post-thumbnail","hentry","product-type-silage-machine"],"_links":{"self":[{"href":"https:\/\/taizyagromachine.com\/af\/wp-json\/wp\/v2\/product\/6571","targetHints":{"allow":["GET"]}}],"collection":[{"href":"https:\/\/taizyagromachine.com\/af\/wp-json\/wp\/v2\/product"}],"about":[{"href":"https:\/\/taizyagromachine.com\/af\/wp-json\/wp\/v2\/types\/product"}],"author":[{"embeddable":true,"href":"https:\/\/taizyagromachine.com\/af\/wp-json\/wp\/v2\/users\/1"}],"wp:featuredmedia":[{"embeddable":true,"href":"https:\/\/taizyagromachine.com\/af\/wp-json\/wp\/v2\/media\/6574"}],"wp:attachment":[{"href":"https:\/\/taizyagromachine.com\/af\/wp-json\/wp\/v2\/media?parent=6571"}],"wp:term":[{"taxonomy":"post_tag","embeddable":true,"href":"https:\/\/taizyagromachine.com\/af\/wp-json\/wp\/v2\/tags?post=6571"},{"taxonomy":"product-type","embeddable":true,"href":"https:\/\/taizyagromachine.com\/af\/wp-json\/wp\/v2\/product-type?post=6571"}],"curies":[{"name":"wp","href":"https:\/\/api.w.org\/{rel}","templated":true}]}}