{"id":8405,"date":"2025-10-31T15:27:26","date_gmt":"2025-10-31T07:27:26","guid":{"rendered":"https:\/\/taizyagromachine.com\/?post_type=product&#038;p=8405"},"modified":"2025-11-03T17:14:15","modified_gmt":"2025-11-03T09:14:15","slug":"self-propelled-forage-harvester-machine","status":"publish","type":"product","link":"https:\/\/taizyagromachine.com\/af\/product\/self-propelled-forage-harvester-machine\/","title":{"rendered":"Selfaangedrewe voer-oesmasjien\u00a0"},"content":{"rendered":"<p class=\"translation-block\">Taizy<strong>voer-oesmasjien<\/strong>\u00a0is spesifiek ontwerp om silagegewasse soos mieliestokke, olifantsgras, naipergras en Sudan-gras te sny, kap en laai. Dit voltooi sny, kap, vervoer en laai in \u2019n enkele operasie, wat silage-inzameling aansienlik verhoog terwyl handwerk verminder word. Die gekapte silage lengte is ongeveer 15mm, verstelbaar tussen 10-40mm. In Taizy is daar twee tipes mieliesilage-oesmasjiene beskikbaar: kruipertype en wieltipe. As jy belangstel, lees verder vir meer inligting!<\/p>    <figure class=\"wp-block-embed is-type-video is-provider-youtube wp-block-embed-youtube wp-embed-aspect-16-9 wp-has-aspect-ratio\"><div class=\"wp-block-embed__wrapper\"> <iframe loading=\"lazy\" title=\"Doeltreffende silagehark werk in die veld | Mielies en gras silage-snymasjien vir beeste\" width=\"500\" height=\"281\" src=\"https:\/\/www.youtube.com\/embed\/oQGKm1c9ynQ?feature=oembed\" frameborder=\"0\" allow=\"accelerometer; autoplay; clipboard-write; encrypted-media; gyroscope; picture-in-picture; web-share\" referrerpolicy=\"strict-origin-when-cross-origin\" allowfullscreen><\/iframe> <\/div><figcaption class=\"wp-element-caption\">Video van selfaangedrewe silagehark<\/figcaption><\/figure>    <h2 class=\"wp-block-heading\"><strong>Tipes voer-oesmasjiene te koop<\/strong><\/h2>    <p>As \u2019n professionele landboutoerustingvervaardiger en -verskaffer, word Taizy selfaangedrewe voer-oesmasjiene hoofsaaklik in twee tipes gekategoriseer: <\/p>    <ul class=\"wp-block-list\"> <li>Gepantserde silagesnyer (met sonskerm of ingeslote kabine)<\/li>    <li>Wiel-voersnyer (met sonskerm of ingeslote kabine)<\/li> <\/ul>    <p>Gemer: In die toegeslote bestuurderkajuit kan die lugversorger toegerus word.<\/p>    <figure class=\"wp-block-gallery has-nested-images columns-default is-cropped wp-block-gallery-2 is-layout-flex wp-block-gallery-is-layout-flex\"> <figure class=\"wp-block-image size-large\"><img loading=\"lazy\" decoding=\"async\" width=\"540\" height=\"670\" data-id=\"8419\" src=\"https:\/\/taizyagromachine.com\/wp-content\/uploads\/2025\/10\/silage-harvester-with-sunshed.webp\" alt=\"silagehark met sonshed\" class=\"wp-image-8419\" srcset=\"https:\/\/taizyagromachine.com\/wp-content\/uploads\/2025\/10\/silage-harvester-with-sunshed.webp 540w, https:\/\/taizyagromachine.com\/wp-content\/uploads\/2025\/10\/silage-harvester-with-sunshed-10x12.webp 10w\" sizes=\"auto, (max-width: 540px) 100vw, 540px\" \/><figcaption class=\"wp-element-caption\">silagehark met sonshed<\/figcaption><\/figure>    <figure class=\"wp-block-image size-large\"><img loading=\"lazy\" decoding=\"async\" width=\"540\" height=\"720\" data-id=\"8420\" src=\"https:\/\/taizyagromachine.com\/wp-content\/uploads\/2025\/10\/self-propelled-forage-harvester-with-enclosed-cab.webp\" alt=\"selfaangedrewe voerhark met ingeslote kabien\" class=\"wp-image-8420\" srcset=\"https:\/\/taizyagromachine.com\/wp-content\/uploads\/2025\/10\/self-propelled-forage-harvester-with-enclosed-cab.webp 540w, https:\/\/taizyagromachine.com\/wp-content\/uploads\/2025\/10\/self-propelled-forage-harvester-with-enclosed-cab-9x12.webp 9w\" sizes=\"auto, (max-width: 540px) 100vw, 540px\" \/><figcaption class=\"wp-element-caption\">selfaangedrewe voerhark met ingeslote kabien<\/figcaption><\/figure> <\/figure>    <p>Hierdie twee modelle is onderskeidelik geskik vir verskillende operasionele omgewings en plaasvereistes, en kan verskeie werktoestande hanteer, van vlaktes tot heuwels, en van dro\u00eb tot modderige terrein. Lees verder vir meer besonderhede.<\/p>    <h3 class=\"wp-block-heading\"><strong>Tipe 1: Kruipertipe silagesnyer<\/strong><\/h3>    <p>Die kruipertipe mieliesilage-oeser is ideaal vir komplekse terrein soos modderige, gladde en heuwelagtige gebiede in Suidoos-Asi\u00eb, Sentraal-Afrika en dele van Suid-Amerika. Met sterk trekkracht en ho\u00eb selfherstelvermo\u00eb is hierdie model die perfekte oplossing vir re\u00ebnseisoene en ho\u00eb humiditeit omgewings.<\/p>    <figure class=\"wp-block-gallery aligncenter has-nested-images columns-default is-cropped wp-block-gallery-3 is-layout-flex wp-block-gallery-is-layout-flex\"> <figure class=\"wp-block-image size-full\"><img loading=\"lazy\" decoding=\"async\" width=\"720\" height=\"540\" data-id=\"8417\" src=\"https:\/\/taizyagromachine.com\/wp-content\/uploads\/2025\/10\/tracked-forage-harvester-machine-for-grass-cutting.webp\" alt=\"getrapte voerharkmasjien vir gras sny\" class=\"wp-image-8417\" srcset=\"https:\/\/taizyagromachine.com\/wp-content\/uploads\/2025\/10\/tracked-forage-harvester-machine-for-grass-cutting.webp 720w, https:\/\/taizyagromachine.com\/wp-content\/uploads\/2025\/10\/tracked-forage-harvester-machine-for-grass-cutting-16x12.webp 16w\" sizes=\"auto, (max-width: 720px) 100vw, 720px\" \/><figcaption class=\"wp-element-caption\">getrapte voerharkmasjien vir gras sny<\/figcaption><\/figure>    <figure class=\"wp-block-image size-full\"><img loading=\"lazy\" decoding=\"async\" width=\"720\" height=\"540\" data-id=\"8425\" src=\"https:\/\/taizyagromachine.com\/wp-content\/uploads\/2025\/10\/crawler-type-corn-silage-forage-harvesting-machine.webp\" alt=\"kruipertipe mieliesilage-voerharkmasjien\" class=\"wp-image-8425\" srcset=\"https:\/\/taizyagromachine.com\/wp-content\/uploads\/2025\/10\/crawler-type-corn-silage-forage-harvesting-machine.webp 720w, https:\/\/taizyagromachine.com\/wp-content\/uploads\/2025\/10\/crawler-type-corn-silage-forage-harvesting-machine-16x12.webp 16w\" sizes=\"auto, (max-width: 720px) 100vw, 720px\" \/><figcaption class=\"wp-element-caption\">kruipertipe mieliesilage-voerharkmasjien<\/figcaption><\/figure> <\/figure>    <h4 class=\"wp-block-heading\"><strong>Kenmerke van getrapte voerharkmasjien<\/strong><\/h4>    <ul class=\"wp-block-list\"> <li>Kragtige prestasie: Uitgerus met 100HP-160HP ho\u00ebkrag enjin met langsg\u00e5ende dryfvervoer sonder riemverlies.<\/li>    <li>Uitsonderlike terrein-aanpasbaarheid: 350mm-breed spoorstelsels maak werking op modderige, skuins en sandagtige oppervlaktes moontlik.<\/li>    <li>Ho\u00eb bedryfdoeltreffendheid: Ge\u00efntegreerde sny, kap en laai funksies.<\/li>    <li>Verstelbare kaplengte: Vari\u00ebrend van 10-40mm, wat \u2019n eweredige voersegmenteering verseker.<\/li>    <li>Hydrauliese beheerstelsel: Volhoubaar hydrauliese aanpassing van kophoogte, ry en loslating.<\/li>    <li>Stabiel en betroubaar: Lae sentrum van swaartekrag en sterk skokweerstand maak langdurige deurlopende werking moontlik.<\/li> <\/ul>    <h4 class=\"wp-block-heading\"><strong>Tegniese parameters van hierdie mieliesilage-oeser<\/strong><\/h4>    <p>Hierdie model is 4QZL-1600 met \u2019n toegeslote bestuurderkajuit. Die geskikte gewasse sluit mielies, olifantsgras, Sudan-gras, sorghum, en voergrasse in. Raadpleeg die tabel hieronder vir masjienparameters.<\/p>    <figure class=\"wp-block-table\"><table class=\"has-fixed-layout\"><tbody><tr><td>Model<\/td><td>4QZL-1600<\/td><\/tr><tr><td>Tipe<\/td><td>Selfaangedrewe<\/td><\/tr><tr><td>Krag<\/td><td>110,3 kW(150 pk)<\/td><\/tr><tr><td>Enjin se rated snelheid<\/td><td>2400 r\/min<\/td><\/tr><tr><td>Snywydte<\/td><td>1550 mm<\/td><\/tr><tr><td>Header sny tipe<\/td><td>Skijfkapper<\/td><\/tr><tr><td>Strawkapmechanisme tipe<\/td><td>Skijf tipe<\/td><\/tr><tr><td>Kabinet tipe<\/td><td>Standaard kabienetjie<\/td><\/tr><tr><td>Transmissie metode<\/td><td>Handbediening<\/td><\/tr><tr><td>Aandryfmethode<\/td><td>Hydrauliese aandrywing<\/td><\/tr><tr><td>Spoorwydte<\/td><td>350 mm<\/td><\/tr><tr><td>Spoorgrondkontaklengte<\/td><td>1400 mm<\/td><\/tr><tr><td>Spoorgaping<\/td><td>1240 mm<\/td><\/tr><tr><td>Bedryfsnelheidbereik<\/td><td>1-3 km\/h<\/td><\/tr><tr><td>Ontwerpte snylengte<\/td><td>15 mm<\/td><\/tr><tr><td>Opbergbak<\/td><td>3.1 m\u00b3<\/td><\/tr><tr><td>Grootte wanneer die masjien werk<\/td><td>5200\u00d71680\u00d74200 mm<\/td><\/tr><\/tbody><\/table><figcaption class=\"wp-element-caption\">spesifikasies van getrapte voerharkmasjien<\/figcaption><\/figure>    <figure class=\"wp-block-gallery has-nested-images columns-default is-cropped wp-block-gallery-4 is-layout-flex wp-block-gallery-is-layout-flex\"> <figure class=\"wp-block-image size-large\"><img loading=\"lazy\" decoding=\"async\" width=\"720\" height=\"540\" data-id=\"8423\" src=\"https:\/\/taizyagromachine.com\/wp-content\/uploads\/2025\/10\/corn-silage-harvester-for-forage.webp\" alt=\"mieliesilage oesmasjien vir voer\" class=\"wp-image-8423\" srcset=\"https:\/\/taizyagromachine.com\/wp-content\/uploads\/2025\/10\/corn-silage-harvester-for-forage.webp 720w, https:\/\/taizyagromachine.com\/wp-content\/uploads\/2025\/10\/corn-silage-harvester-for-forage-16x12.webp 16w\" sizes=\"auto, (max-width: 720px) 100vw, 720px\" \/><figcaption class=\"wp-element-caption\">mieliesilage oesmasjien vir voer<\/figcaption><\/figure>    <figure class=\"wp-block-image size-large\"><img loading=\"lazy\" decoding=\"async\" width=\"720\" height=\"540\" data-id=\"8424\" src=\"https:\/\/taizyagromachine.com\/wp-content\/uploads\/2025\/10\/maize-forage-harvester-machine-for-silage-making.webp\" alt=\"mieliesilage-voerharkmasjien vir silagemaking\" class=\"wp-image-8424\" srcset=\"https:\/\/taizyagromachine.com\/wp-content\/uploads\/2025\/10\/maize-forage-harvester-machine-for-silage-making.webp 720w, https:\/\/taizyagromachine.com\/wp-content\/uploads\/2025\/10\/maize-forage-harvester-machine-for-silage-making-16x12.webp 16w\" sizes=\"auto, (max-width: 720px) 100vw, 720px\" \/><figcaption class=\"wp-element-caption\">mieliesilage-voerharkmasjien vir silagemaking<\/figcaption><\/figure> <\/figure>    <h3 class=\"wp-block-heading\"><strong>Tipe 2: Wiel-tipe mieliesilage-oesmasjien<\/strong><\/h3>    <p>Taizy ire-gemonteerde mieliesilage-oeser bied ho\u00eb mobiliteit en buigsame verskuiwing, wat dit ideaal maak vir vlak terrein of plase met verspreide perke, soos in Afrika, Suid-Amerika en die Midde-Ooste. Dit lewer ho\u00eb doeltreffendheid terwyl dit eenvoudige instandhouding en laer bedryfskoste het.<\/p>    <h4 class=\"wp-block-heading\"> <strong>Kenmerke van mieliesilage-oesmasjien<\/strong><\/h4>    <ul class=\"wp-block-list\"> <li>Maklike verskuiwing: Maksimum reisnelheid van 20 km\/h maak vinnige beweging tussen lande moontlik.<\/li>    <li>Eenvoudige werking: Outomatiese beheerstelsel verseker maklike bestuur.<\/li>    <li>Lae instandhoudingkoste: Kompakte struktuur met ho\u00eb komponent-ruilbaarheid.<\/li>    <li>Eenvormige kap: Hoogsnelheid lemontwerp verseker silagekwaliteit.<\/li>    <li>Ho\u00eb betroubaarheid: Stabiele hidrouliese stelsel verseker ononderbroke werking.<\/li> <\/ul>   <div class=\"wp-block-image\"> <figure class=\"aligncenter size-full\"><img loading=\"lazy\" decoding=\"async\" width=\"720\" height=\"540\" src=\"https:\/\/taizyagromachine.com\/wp-content\/uploads\/2025\/10\/commercial-corn-silage-harvester-machine-for-sale.webp\" alt=\"kommersi\u00eble mieliesilagesnymasjien te koop\" class=\"wp-image-8413\" srcset=\"https:\/\/taizyagromachine.com\/wp-content\/uploads\/2025\/10\/commercial-corn-silage-harvester-machine-for-sale.webp 720w, https:\/\/taizyagromachine.com\/wp-content\/uploads\/2025\/10\/commercial-corn-silage-harvester-machine-for-sale-16x12.webp 16w\" sizes=\"auto, (max-width: 720px) 100vw, 720px\" \/><figcaption class=\"wp-element-caption\">kommersi\u00eble mieliesilagesnymasjien te koop<\/figcaption><\/figure> <\/div>   <h4 class=\"wp-block-heading\"><strong>Tegniese data van wiel-voer-oesmasjien<\/strong><\/h4>    <p>Dit is \u2019n 4QZ-1800 mieliestro-oesmasjien met \u2019n toegeslote kajuit, en dit kan Napier-gras, mielies, ens. oes. Hieronder is die parameterbesonderhede van hierdie self-gedrewe silage-oesmasjien. <\/p>    <figure class=\"wp-block-table\"><table class=\"has-fixed-layout\"><tbody><tr><td>Model<\/td><td>4QZ-1800<\/td><\/tr><tr><td>Tipe<\/td><td>Selfaangedrewe<\/td><\/tr><tr><td>Krag<\/td><td>150 pk<\/td><\/tr><tr><td>Enjin se rated snelheid<\/td><td>2400 r\/min<\/td><\/tr><tr><td>Snywydte<\/td><td>1800 mm<\/td><\/tr><tr><td>Header sny tipe<\/td><td>Skijfkapper<\/td><\/tr><tr><td>Strawkapmechanisme tipe<\/td><td>Skijf tipe<\/td><\/tr><tr><td>Kabinet tipe<\/td><td>Standaard kabienetjie<\/td><\/tr><tr><td>Transmissie metode<\/td><td>Handbediening<\/td><\/tr><tr><td>Aandryfmethode<\/td><td>Hydrauliese aandrywing<\/td><\/tr><tr><td>Gidswielspoorwydte<\/td><td>1290 mm<\/td><\/tr><tr><td>Gidswielbandspesifikasie<\/td><td>27\u00d78.5-15<\/td><\/tr><tr><td>Aandryfwielspoorwydte<\/td><td>1290 mm<\/td><\/tr><tr><td>Aandryfwielbandspesifikasie<\/td><td>12-16.5<\/td><\/tr><tr><td>Asafstand<\/td><td>2200 mm<\/td><\/tr><tr><td>Bedryfsnelheidbereik<\/td><td>2-5 km\/h<\/td><\/tr><tr><td>Ontwerpte snylengte<\/td><td>15 mm<\/td><\/tr><tr><td>Opbergbak<\/td><td>3.1 m\u00b3<\/td><\/tr><tr><td>Grootte wanneer die masjien werk<\/td><td>5400\u00d71900\u00d73800 mm<\/td><\/tr><\/tbody><\/table><figcaption class=\"wp-element-caption\">Spesifikasies van wiel-tipe voer-oesmasjien<\/figcaption><\/figure>    <figure class=\"wp-block-gallery has-nested-images columns-default is-cropped wp-block-gallery-5 is-layout-flex wp-block-gallery-is-layout-flex\"> <figure class=\"wp-block-image size-large\"><img loading=\"lazy\" decoding=\"async\" width=\"720\" height=\"540\" data-id=\"8415\" src=\"https:\/\/taizyagromachine.com\/wp-content\/uploads\/2025\/10\/maize-forage-harvester-for-silage-chopping.webp\" alt=\"mieliesvoerhark vir silagesny\" class=\"wp-image-8415\" srcset=\"https:\/\/taizyagromachine.com\/wp-content\/uploads\/2025\/10\/maize-forage-harvester-for-silage-chopping.webp 720w, https:\/\/taizyagromachine.com\/wp-content\/uploads\/2025\/10\/maize-forage-harvester-for-silage-chopping-16x12.webp 16w\" sizes=\"auto, (max-width: 720px) 100vw, 720px\" \/><figcaption class=\"wp-element-caption\">mieliesvoerhark vir silagesny<\/figcaption><\/figure>    <figure class=\"wp-block-image size-large\"><img loading=\"lazy\" decoding=\"async\" width=\"720\" height=\"540\" data-id=\"8414\" src=\"https:\/\/taizyagromachine.com\/wp-content\/uploads\/2025\/10\/corn-forage-harvester-for-silage-cutting.webp\" alt=\"mieliesvoerhark vir silagesny\" class=\"wp-image-8414\" srcset=\"https:\/\/taizyagromachine.com\/wp-content\/uploads\/2025\/10\/corn-forage-harvester-for-silage-cutting.webp 720w, https:\/\/taizyagromachine.com\/wp-content\/uploads\/2025\/10\/corn-forage-harvester-for-silage-cutting-16x12.webp 16w\" sizes=\"auto, (max-width: 720px) 100vw, 720px\" \/><figcaption class=\"wp-element-caption\">mieliesvoerhark vir silagesny<\/figcaption><\/figure> <\/figure>    <h2 class=\"wp-block-heading\"><strong>Struktuur van die mieliesilagesnymasjien<\/strong><\/h2>    <p>In werklikheid is die struktuur duidelik en eenvoudig, insluitend snysisteem, bedryfdeel, versamelsisteem, en loopmodus. Neem die getrapte voerharkmasjien as voorbeeld:<\/p>    <figure class=\"wp-block-table\"><table class=\"has-fixed-layout\"><tbody><tr><td>Masjienonderdeelnaam<\/td><td>Funksie<\/td><\/tr><tr><td>Snystelsel<\/td><td>Sny mielies, Napiergras, of sorghum doeltreffend en eweredig met die skyfskaar.<\/td><\/tr><tr><td>Bedryfdeel<\/td><td>'n Gerieflike bestuurderstoel met 'n hidrouliese beheerpaneel, wat maklike aanpassing van snithoogte, voersnelheid, en losrigting moontlik maak.<\/td><\/tr><tr><td>Versamelsisteem<\/td><td>Versamel en vervoer die gekapte voer vlot na die bergingsbak deur 'n spuitkanaal.<\/td><\/tr><tr><td>Loopmodus<\/td><td>'n 350mm-wye rubberband wat uitstekende stabiliteit en grip verseker, selfs in modderige of ongelyke velde.<\/td><\/tr><\/tbody><\/table><figcaption class=\"wp-element-caption\">struktuurlis van selfaangedrewe voergras-hark <\/figcaption><\/figure>   <div class=\"wp-block-image\"> <figure class=\"aligncenter size-full\"><img loading=\"lazy\" decoding=\"async\" width=\"720\" height=\"540\" src=\"https:\/\/taizyagromachine.com\/wp-content\/uploads\/2025\/10\/structure-of-self-propelled-forage-harvester-machine.webp\" alt=\"Struktuur van selfaangedrewe voerharkmasjien\" class=\"wp-image-8408\" srcset=\"https:\/\/taizyagromachine.com\/wp-content\/uploads\/2025\/10\/structure-of-self-propelled-forage-harvester-machine.webp 720w, https:\/\/taizyagromachine.com\/wp-content\/uploads\/2025\/10\/structure-of-self-propelled-forage-harvester-machine-16x12.webp 16w\" sizes=\"auto, (max-width: 720px) 100vw, 720px\" \/><figcaption class=\"wp-element-caption\">Struktuur van selfaangedrewe voerharkmasjien<\/figcaption><\/figure> <\/div>   <h2 class=\"wp-block-heading\"><strong>Toepassings van <strong>self-propelled<\/strong> veevoermasjien<\/strong><\/h2>    <p>Hierdie mieliesilage-oesmasjien word wyd gebruik in:<\/p>    <ul class=\"wp-block-list\"> <li>Groot plaas vir veeteelbedryf <ul class=\"wp-block-list\"> <li>Soos melkplase, beesboerderye, skaapplase, ens., vir oes en berging van silagevoer.<\/li> <\/ul> <\/li>    <li>Voerverwerkingsaanlegte <ul class=\"wp-block-list\"> <li>Direk produkteer silagevoer deur voer te kap.<\/li> <\/ul> <\/li>    <li>Landboukooperasies <ul class=\"wp-block-list\"> <li>Verskaf silagesnydienste aan omliggende plase.<\/li> <\/ul> <\/li>    <li>Regeringslandbouprojekte <ul class=\"wp-block-list\"> <li>Vir landboumasjinerie-subsidie en bemarkingsdemonstrasieprogramme.<\/li> <\/ul> <\/li> <\/ul>    <p>Geskikte gewasse: Mieliestokke, olifantsgras, Sudan-gras, sorghum, voergrasse, hawer, naipergras, ens.<\/p>    <figure class=\"wp-block-gallery has-nested-images columns-default is-cropped wp-block-gallery-6 is-layout-flex wp-block-gallery-is-layout-flex\"> <figure class=\"wp-block-image size-large\"><img loading=\"lazy\" decoding=\"async\" width=\"720\" height=\"540\" data-id=\"8429\" src=\"https:\/\/taizyagromachine.com\/wp-content\/uploads\/2025\/10\/chopped-silage.webp\" alt=\"gekapte silage\" class=\"wp-image-8429\" srcset=\"https:\/\/taizyagromachine.com\/wp-content\/uploads\/2025\/10\/chopped-silage.webp 720w, https:\/\/taizyagromachine.com\/wp-content\/uploads\/2025\/10\/chopped-silage-16x12.webp 16w\" sizes=\"auto, (max-width: 720px) 100vw, 720px\" \/><figcaption class=\"wp-element-caption\">gekapte silage<\/figcaption><\/figure>    <figure class=\"wp-block-image size-large\"><img loading=\"lazy\" decoding=\"async\" width=\"720\" height=\"540\" data-id=\"8430\" src=\"https:\/\/taizyagromachine.com\/wp-content\/uploads\/2025\/10\/silage-cutting-effect.webp\" alt=\"effek van silage-sny\" class=\"wp-image-8430\" srcset=\"https:\/\/taizyagromachine.com\/wp-content\/uploads\/2025\/10\/silage-cutting-effect.webp 720w, https:\/\/taizyagromachine.com\/wp-content\/uploads\/2025\/10\/silage-cutting-effect-16x12.webp 16w\" sizes=\"auto, (max-width: 720px) 100vw, 720px\" \/><figcaption class=\"wp-element-caption\">effek van silage-sny<\/figcaption><\/figure> <\/figure>    <h2 class=\"wp-block-heading\"><strong>Wat is die prys van Taizy silagehark?<\/strong><\/h2>    <p>Die pryse van voer-oesmasjiene wissel op grond van model, konfigurasie en enjinkrag. Oor die algemeen vereis groter modelle met ho\u00ebr spesifikasies ho\u00ebr algehele pryse.<\/p>    <p>Byvoorbeeld, vir gepantserde selfaangedrewe silagesnyers is die volledig ingeslote kabinestel duurder as die met \u2019n sonskerm. Klante kan ook verskillende konfigurasies kies volgens hul behoeftes (bv. aantal lemme, enjinkrag, hopperkapasiteit).<\/p>    <p>Taizy bied konsekwent fabriek-prys, omvattende masjienwaarborg en onderdeleverskaffing. Ons verskaf ook alle uitvoerdokumente (bv. Vryhandelsertifikate, Oorsprongsertifikate).<\/p>   <div class=\"wp-block-image\"> <figure class=\"aligncenter size-full\"><img loading=\"lazy\" decoding=\"async\" width=\"720\" height=\"540\" src=\"https:\/\/taizyagromachine.com\/wp-content\/uploads\/2025\/10\/Taizy-self-propelled-silage-forage-harvester-machine-for-sale.webp\" alt=\"Taizy selfaangedrewe silagevoerharkmasjien te koop\" class=\"wp-image-8427\" srcset=\"https:\/\/taizyagromachine.com\/wp-content\/uploads\/2025\/10\/Taizy-self-propelled-silage-forage-harvester-machine-for-sale.webp 720w, https:\/\/taizyagromachine.com\/wp-content\/uploads\/2025\/10\/Taizy-self-propelled-silage-forage-harvester-machine-for-sale-16x12.webp 16w\" sizes=\"auto, (max-width: 720px) 100vw, 720px\" \/><figcaption class=\"wp-element-caption\">Taizy selfaangedrewe silagevoerharkmasjien te koop<\/figcaption><\/figure> <\/div>   <h2 class=\"wp-block-heading\"><strong>Hoe kry ek \u2019n geskikte mieliesilage-oesmasjien?<\/strong><\/h2>    <p>Wanneer jy \u2019n mieliesilage-oeser kies, oorweeg die volgende faktore:<\/p>    <ul class=\"wp-block-list\"> <li>Terreintoestande: Beveel wielmodelle aan vir vlak vlaktes; kies gepantserde modelle vir heuwelagtige of modderige gebiede.<\/li>    <li>Gewas tipe en opbrengs: Kies verskillende enjinkrag op grond van mielies of voeropbrengs.<\/li>    <li>Begroting en gebruiksfrekwensie: Kies middekragmodelle vir daaglikse gebruik; beveel ho\u00eb-spesifikasie modelle aan vir kommersi\u00eble toepassings.<\/li>    <li>Naverkoopdiens: Kies vervaardigers soos Taizy met uitgebreide ervaring, langtermynonderdeleverskaffing en tegniese ondersteuning.<\/li> <\/ul>    <p class=\"translation-block\">Taizy Masjinerie spog met 22 jaar se ondervinding in die vervaardiging van landboutoerusting. Ons produkte word na meer as 40 lande in Afrika, Suidoos-Asi\u00eb, Suid-Amerika, en verder uitgevoer, en verdien sterk kli\u00ebntvertroue. Ons het ook 'n alles-in-een oplossing vir silage: kap tot balvorming en toebinding deur die<a href=\"https:\/\/taizyagromachine.com\/af\/product\/silage-baler\/\">silagebaltoebindingmasjien<\/a>.<\/p>    <p>As jy belangstel, kontak ons gerus onmiddellik!<\/p>","protected":false},"excerpt":{"rendered":"<p>Taizy bied professionele silage-oesmasjiene vir plase en voerfabrieke. Kies tussen wiel- of rups-tye vir doeltreffende en betroubare voerinsameling. Ontwerp vir ho\u00eb doeltreffendheid, duursaamheid en kwaliteit voerproduksie.<\/p>","protected":false},"author":1,"featured_media":8406,"parent":0,"template":"","tags":[235,116],"product-type":[19],"class_list":["post-8405","product","type-product","status-publish","has-post-thumbnail","hentry","tag-corn","tag-silage","product-type-silage-machine"],"_links":{"self":[{"href":"https:\/\/taizyagromachine.com\/af\/wp-json\/wp\/v2\/product\/8405","targetHints":{"allow":["GET"]}}],"collection":[{"href":"https:\/\/taizyagromachine.com\/af\/wp-json\/wp\/v2\/product"}],"about":[{"href":"https:\/\/taizyagromachine.com\/af\/wp-json\/wp\/v2\/types\/product"}],"author":[{"embeddable":true,"href":"https:\/\/taizyagromachine.com\/af\/wp-json\/wp\/v2\/users\/1"}],"wp:featuredmedia":[{"embeddable":true,"href":"https:\/\/taizyagromachine.com\/af\/wp-json\/wp\/v2\/media\/8406"}],"wp:attachment":[{"href":"https:\/\/taizyagromachine.com\/af\/wp-json\/wp\/v2\/media?parent=8405"}],"wp:term":[{"taxonomy":"post_tag","embeddable":true,"href":"https:\/\/taizyagromachine.com\/af\/wp-json\/wp\/v2\/tags?post=8405"},{"taxonomy":"product-type","embeddable":true,"href":"https:\/\/taizyagromachine.com\/af\/wp-json\/wp\/v2\/product-type?post=8405"}],"curies":[{"name":"wp","href":"https:\/\/api.w.org\/{rel}","templated":true}]}}