{"id":8567,"date":"2025-11-19T16:53:20","date_gmt":"2025-11-19T08:53:20","guid":{"rendered":"https:\/\/taizyagromachine.com\/?post_type=product&#038;p=8567"},"modified":"2025-11-19T17:25:01","modified_gmt":"2025-11-19T09:25:01","slug":"hay-bale-shredder","status":"publish","type":"product","link":"https:\/\/taizyagromachine.com\/af\/product\/hay-bale-shredder\/","title":{"rendered":"Hooibalmasnyder"},"content":{"rendered":"<p class=\"translation-block\">Taizy <strong>hooibaleverpletteraar<\/strong> kan hooibale, strooibale, of strooi in klein stukkies van 3-10cm verpletter en maal. Dit word gebruik op groot veeboerderyplase om hooivleis en strooi te verwerk met 'n kapasiteit van 2-18t per uur. Hierdie hooibaleverpletteraar gebruik algemeen 'n elektriese motor as krag, en het twee afvoermetodes (bo- of onderafvoer). Ook het die masjien 'n trekraam en bande, maklik om te beweeg. Vir veeboerdery is dit ideaal vir balenverwerking.<\/p>    <figure class=\"wp-block-embed is-type-video is-provider-youtube wp-block-embed-youtube wp-embed-aspect-16-9 wp-has-aspect-ratio\"><div class=\"wp-block-embed__wrapper\"> <iframe loading=\"lazy\" title=\"Hay bale crusher | Grass bale shredder working test: complete straw &amp; hay bale crusher solution\" width=\"500\" height=\"281\" src=\"https:\/\/www.youtube.com\/embed\/22SeCz3fZuo?feature=oembed\" frameborder=\"0\" allow=\"accelerometer; autoplay; clipboard-write; encrypted-media; gyroscope; picture-in-picture; web-share\" referrerpolicy=\"strict-origin-when-cross-origin\" allowfullscreen><\/iframe> <\/div><figcaption class=\"wp-element-caption\">werk video van hooi bal vergruiser<\/figcaption><\/figure>    <h2 class=\"wp-block-heading\"><strong>Toepassings van Taizy elektriese hooi bal versnipper<\/strong><\/h2>    <p>Die stro bal versnipper word hoofsaaklik gebruik om vinnig ronde of vierkantige balies van voer in uniforme voer af te breek en te versnipper. Dit is geskik vir:<\/p>    <ul class=\"wp-block-list\"> <li>Voeding van herkouers soos beeste, skape, perde, en kamele<\/li>    <li>Voorverwerking vir silage, hooi, alfalfa, stro, en ander materiale<\/li>    <li>Voorbehandeling voor TMR mengers<\/li>    <li>Gras poeier verwerking en voer meelmateriaal vergruising<\/li> <\/ul>    <p>Taizy klein hooi bal verknipperaar kan 2000\u201318000kg van balies op 'n slag verwerk, dit in 3-10cm stukkies versnipper, sonder om die hooi vesels te beskadig, wat lei tot beter palatabiliteit.<\/p>   <div class=\"wp-block-image\"> <figure class=\"aligncenter size-full\"><img loading=\"lazy\" decoding=\"async\" width=\"720\" height=\"540\" src=\"https:\/\/taizyagromachine.com\/wp-content\/uploads\/2025\/11\/applications-of-straw-hay-bale-grinder.webp\" alt=\"toepassings van stro hooi bal vergruiser\" class=\"wp-image-8571\" srcset=\"https:\/\/taizyagromachine.com\/wp-content\/uploads\/2025\/11\/applications-of-straw-hay-bale-grinder.webp 720w, https:\/\/taizyagromachine.com\/wp-content\/uploads\/2025\/11\/applications-of-straw-hay-bale-grinder-16x12.webp 16w\" sizes=\"auto, (max-width: 720px) 100vw, 720px\" \/><figcaption class=\"wp-element-caption\">toepassings van stro hooi bal vergruiser<\/figcaption><\/figure> <\/div>   <p>Ook, hierdie skyf vergruiser word wyd gebruik in:<\/p>    <ul class=\"wp-block-list\"> <li>Groot skaal plase (beesplase, skapeplase, kameelplase) <ul class=\"wp-block-list\"> <li>Daaglikse verwerking van groot hoeveelhede voer vereis spoed en arbeid besparings.<\/li> <\/ul> <\/li>    <li>Voerverwerkingsaanlegte <ul class=\"wp-block-list\"> <li>As 'n voorlopige stap vir voer vergruising en voer meng.<\/li> <\/ul> <\/li>    <li>Landboukooperasies <ul class=\"wp-block-list\"> <li>Verskaf bal vergruising dienste aan plaaslike veeboere.<\/li> <\/ul> <\/li>    <li>TMR voer menger integrasie <ul class=\"wp-block-list\"> <li>Die inkorporering van vergruisde voer in TMR mengsels verbeter voedingsdoeltreffendheid.<\/li> <\/ul> <\/li> <\/ul>    <h2 class=\"wp-block-heading\"><strong>Voordele van skyf gras &amp; hooi bal vergruiser<\/strong><\/h2>    <ul class=\"wp-block-list\"> <li>Dit kan <strong>hanteer ronde &amp; vierkantige balies, stro, stingels, ens.<\/strong>, en akkommodeer alle balie tipes met sterk aanpasbaarheid, wat aan al die voer verwerking behoeftes op die plaas met 'n enkele masjien voldoen.<\/li>    <li>Die hammers binne die masjien is <strong>gemaak van 65Mn<\/strong>, ho\u00eb-hardheid en slijtvaste, wat lewer <strong>meer as 30% vinniger versnippering<\/strong> as gevolg van tradisionele masjiene.<\/li>    <li>Ons hooi bal versnipper het 'n <strong>vat voer inlaat<\/strong>, en sy <strong>swaar-diens ketting vervoerband<\/strong> moeiteloos deur digte balies skeur.<\/li>    <li>Die hele eenheid het <strong>versterkte staalplate (5mm)<\/strong> en vervangbare hammers, wat dit geskik maak vir langtermyn, ho\u00eb-intensiteit gebruik.<\/li>    <li>Die finale produk meet <strong>3-10cm<\/strong>, verstelbaar volgens die tipe dier. Byvoorbeeld, 2\u20133cm (skape), 3\u20135cm (beeste), 5\u20138cm (perde), ens.<\/li>    <li>Dit is <strong>uitset wissel van 2 tot 18 ton per uur<\/strong>, en jy kan kies op grond van jou behoeftes.<\/li> <\/ul>    <figure class=\"wp-block-gallery has-nested-images columns-default is-cropped wp-block-gallery-2 is-layout-flex wp-block-gallery-is-layout-flex\"> <figure class=\"wp-block-image size-large\"><img loading=\"lazy\" decoding=\"async\" width=\"720\" height=\"540\" data-id=\"8578\" src=\"https:\/\/taizyagromachine.com\/wp-content\/uploads\/2025\/11\/quality-hay-bale-chopper-for-sale.webp\" alt=\"kwaliteit ho\u00ebbal kapper te koop\" class=\"wp-image-8578\" srcset=\"https:\/\/taizyagromachine.com\/wp-content\/uploads\/2025\/11\/quality-hay-bale-chopper-for-sale.webp 720w, https:\/\/taizyagromachine.com\/wp-content\/uploads\/2025\/11\/quality-hay-bale-chopper-for-sale-16x12.webp 16w\" sizes=\"auto, (max-width: 720px) 100vw, 720px\" \/><figcaption class=\"wp-element-caption\">kwaliteit ho\u00ebbal kapper te koop<\/figcaption><\/figure>    <figure class=\"wp-block-image size-large\"><img loading=\"lazy\" decoding=\"async\" width=\"720\" height=\"540\" data-id=\"8579\" src=\"https:\/\/taizyagromachine.com\/wp-content\/uploads\/2025\/11\/straw-bale-shredder-from-Taizy.webp\" alt=\"strooibal shredder van Taizy\" class=\"wp-image-8579\" srcset=\"https:\/\/taizyagromachine.com\/wp-content\/uploads\/2025\/11\/straw-bale-shredder-from-Taizy.webp 720w, https:\/\/taizyagromachine.com\/wp-content\/uploads\/2025\/11\/straw-bale-shredder-from-Taizy-16x12.webp 16w\" sizes=\"auto, (max-width: 720px) 100vw, 720px\" \/><figcaption class=\"wp-element-caption\">strooibal shredder van Taizy<\/figcaption><\/figure> <\/figure>    <h2 class=\"wp-block-heading\"><strong>Tegniese parameters van ronde stro bal versnipper<\/strong><\/h2>    <figure class=\"wp-block-table\"><table class=\"has-fixed-layout\"><tbody><tr><td>Model<\/td><td>Ooreenstemmende krag<\/td><td>Kapasiteit<\/td><td>Vergruis grootte<\/td><td>Gewig<\/td><\/tr><tr><td>9FL-200<\/td><td>22KW<\/td><td>2-3t\/h<\/td><td>3-10cm<\/td><td>1.1T<\/td><\/tr><tr><td>9FL-240<\/td><td>37KW<\/td><td>5-8t\/h<\/td><td>3-10cm<\/td><td>2T<\/td><\/tr><tr><td>9FL-260<\/td><td>75KW<\/td><td>6-10t\/h<\/td><td>3-10cm<\/td><td>3T<\/td><\/tr><tr><td>9FL-300<\/td><td>90-110KW<\/td><td>8-12t\/h<\/td><td>3-10cm<\/td><td>6T<\/td><\/tr><tr><td>9FL-350<\/td><td>55KW (dubbel)<\/td><td>12-18t\/h<\/td><td>3-10cm<\/td><td>8T<\/td><\/tr><\/tbody><\/table><figcaption class=\"wp-element-caption\">spesifikasies van hooi bal vergruiser<\/figcaption><\/figure>    <h2 class=\"wp-block-heading\"><strong>Verskillende tipes stro hooi bal versnipper<\/strong><\/h2>    <p>Gebaseer op verskillende konfigurasies, kan dit in verskeie tipes verdeel word:<\/p>    <ul class=\"wp-block-list\"> <li>Stro hooi bal vergruiser met boonste afvoer<\/li>    <li>Hooi bal vergruiser met onderafvoer<\/li>    <li>Hooi bal versnipper met sikloon<\/li>    <li>Hooi bal versnipper met trekraam en bande<\/li> <\/ul>    <div class=\"wp-block-columns is-layout-flex wp-container-core-columns-is-layout-9d6595d7 wp-block-columns-is-layout-flex\"> <div class=\"wp-block-column is-layout-flow wp-block-column-is-layout-flow\"> <figure class=\"wp-block-image size-full\"><img loading=\"lazy\" decoding=\"async\" width=\"720\" height=\"540\" src=\"https:\/\/taizyagromachine.com\/wp-content\/uploads\/2025\/11\/hay-bale-crusher-with-upper-discharge.webp\" alt=\"ho\u00ebbalverpletter met boonste afvoer\" class=\"wp-image-8573\" srcset=\"https:\/\/taizyagromachine.com\/wp-content\/uploads\/2025\/11\/hay-bale-crusher-with-upper-discharge.webp 720w, https:\/\/taizyagromachine.com\/wp-content\/uploads\/2025\/11\/hay-bale-crusher-with-upper-discharge-16x12.webp 16w\" sizes=\"auto, (max-width: 720px) 100vw, 720px\" \/><figcaption class=\"wp-element-caption\">ho\u00ebbalverpletter met boonste afvoer<\/figcaption><\/figure> <\/div>    <div class=\"wp-block-column is-layout-flow wp-block-column-is-layout-flow\"> <figure class=\"wp-block-image size-full\"><img loading=\"lazy\" decoding=\"async\" width=\"720\" height=\"540\" src=\"https:\/\/taizyagromachine.com\/wp-content\/uploads\/2025\/11\/hay-bale-shredder-with-bottom-discharge.webp\" alt=\"ho\u00ebbal shredder met onderafvoer\" class=\"wp-image-8574\" srcset=\"https:\/\/taizyagromachine.com\/wp-content\/uploads\/2025\/11\/hay-bale-shredder-with-bottom-discharge.webp 720w, https:\/\/taizyagromachine.com\/wp-content\/uploads\/2025\/11\/hay-bale-shredder-with-bottom-discharge-16x12.webp 16w\" sizes=\"auto, (max-width: 720px) 100vw, 720px\" \/><figcaption class=\"wp-element-caption\">ho\u00ebbal shredder met onderafvoer<\/figcaption><\/figure> <\/div> <\/div>    <div class=\"wp-block-columns is-layout-flex wp-container-core-columns-is-layout-9d6595d7 wp-block-columns-is-layout-flex\"> <div class=\"wp-block-column is-layout-flow wp-block-column-is-layout-flow\"> <figure class=\"wp-block-image size-full\"><img loading=\"lazy\" decoding=\"async\" width=\"720\" height=\"540\" src=\"https:\/\/taizyagromachine.com\/wp-content\/uploads\/2025\/11\/hay-bale-grinder-with-cyclone.webp\" alt=\"ho\u00ebbalverbrander met cyclone\" class=\"wp-image-8576\" srcset=\"https:\/\/taizyagromachine.com\/wp-content\/uploads\/2025\/11\/hay-bale-grinder-with-cyclone.webp 720w, https:\/\/taizyagromachine.com\/wp-content\/uploads\/2025\/11\/hay-bale-grinder-with-cyclone-16x12.webp 16w\" sizes=\"auto, (max-width: 720px) 100vw, 720px\" \/><figcaption class=\"wp-element-caption\">ho\u00ebbalverbrander met cyclone<\/figcaption><\/figure> <\/div>    <div class=\"wp-block-column is-layout-flow wp-block-column-is-layout-flow\"> <figure class=\"wp-block-image size-full\"><img loading=\"lazy\" decoding=\"async\" width=\"720\" height=\"540\" src=\"https:\/\/taizyagromachine.com\/wp-content\/uploads\/2025\/11\/straw-bale-crusher-with-traction-and-tires.webp\" alt=\"strooibalverpletter met trek en bande\" class=\"wp-image-8577\" srcset=\"https:\/\/taizyagromachine.com\/wp-content\/uploads\/2025\/11\/straw-bale-crusher-with-traction-and-tires.webp 720w, https:\/\/taizyagromachine.com\/wp-content\/uploads\/2025\/11\/straw-bale-crusher-with-traction-and-tires-16x12.webp 16w\" sizes=\"auto, (max-width: 720px) 100vw, 720px\" \/><figcaption class=\"wp-element-caption\">strooibalverpletter met trek en bande<\/figcaption><\/figure> <\/div> <\/div>    <h2 class=\"wp-block-heading\"><strong>Hoe werk Taizy rond stro bal verknipperaar?<\/strong><\/h2>    <p>Taizy ronde hooi bal versnipper gebruik 'n ho\u00eb-doeltreffendheid skeur- en versnipperingstelsel om vinnig digte balies in uniforme voer af te breek. Die algehele werkvloei is soos volg:<\/p>    <ol class=\"wp-block-list\"> <li>Voer balies of stro in die voerinlaat.<\/li>    <li>Vergruis en knie balies\/stro met hammers.<\/li>    <li>Afvoer klein stukkies vanaf die uitlaat.<\/li> <\/ol>    <h2 class=\"wp-block-heading\"><strong>Wat is die prys van die hooibaleverpletteraar?<\/strong><\/h2>    <p>Die prys van 'n hooi bal versnipper word be\u00efnvloed deur die volgende faktore:<\/p>    <ul class=\"wp-block-list\"> <li>Hooi bal grootte kapasiteit<\/li>    <li>Kragsbron tipe (elektriese motor\/diesel enjin)<\/li>    <li>Vereiste vir sleepraam, vervoerband, pasgemaakte kleur, of spanning<\/li>    <li>Integrasie met TMR of ander toerusting<\/li> <\/ul>    <p>Selfs 'n enkele verskil in spesifikasies sal die masjien se prys be\u00efnvloed. Vir gedetailleerde prysinligting, voel asseblief vry om ons te kontak. Ons sal vir jou 'n gedetailleerde kwotasie voorsien gebaseer op jou spesifieke vereistes.<\/p>    <h2 class=\"wp-block-heading\"><strong>Kli\u00ebnt besoek: Taizy hooi bal vergruiser fabriek toer<\/strong><\/h2>    <p>Onlangs het oorsese kli\u00ebnte die Taizy-fabriek besoek, met hul toer gefokus op ons hooibaleverpletteraar-produksielyn. Op die terrein het hulle sleutelbesonderhede soos toerustingstruktuur, lemmasmateriaal, en kragkonfigurasies ondersoek, en lewendige snydemonstrasies waargeneem. Hulle het ho\u00eb tevredenheid uitgespreek oor die masjien se doeltreffendheid en die fynheid van die voltooide produk. Hierdie besoek het verder die kli\u00ebnte se erkenning van Taizy se vervaardigingsvermo\u00eb versterk, en 'n sterk grondslag gel\u00ea vir toekomstige samewerking.<\/p>    <figure class=\"wp-block-gallery has-nested-images columns-default is-cropped wp-block-gallery-3 is-layout-flex wp-block-gallery-is-layout-flex\"> <figure class=\"wp-block-image size-large\"><img loading=\"lazy\" decoding=\"async\" width=\"720\" height=\"540\" data-id=\"8582\" src=\"https:\/\/taizyagromachine.com\/wp-content\/uploads\/2025\/11\/hay-bale-tub-grinder-customer-visit.webp\" alt=\"ho\u00ebbalbuisverbrander kli\u00ebntbesoek\" class=\"wp-image-8582\" srcset=\"https:\/\/taizyagromachine.com\/wp-content\/uploads\/2025\/11\/hay-bale-tub-grinder-customer-visit.webp 720w, https:\/\/taizyagromachine.com\/wp-content\/uploads\/2025\/11\/hay-bale-tub-grinder-customer-visit-16x12.webp 16w\" sizes=\"auto, (max-width: 720px) 100vw, 720px\" \/><figcaption class=\"wp-element-caption\">ho\u00ebbalbuisverbrander kli\u00ebntbesoek<\/figcaption><\/figure>    <figure class=\"wp-block-image size-large\"><img loading=\"lazy\" decoding=\"async\" width=\"720\" height=\"540\" data-id=\"8583\" src=\"https:\/\/taizyagromachine.com\/wp-content\/uploads\/2025\/11\/straw-hay-bale-shredder-factory-visit.webp\" alt=\"strooibal shredder fabriekbesoek\" class=\"wp-image-8583\" srcset=\"https:\/\/taizyagromachine.com\/wp-content\/uploads\/2025\/11\/straw-hay-bale-shredder-factory-visit.webp 720w, https:\/\/taizyagromachine.com\/wp-content\/uploads\/2025\/11\/straw-hay-bale-shredder-factory-visit-16x12.webp 16w\" sizes=\"auto, (max-width: 720px) 100vw, 720px\" \/><figcaption class=\"wp-element-caption\">strooibal shredder fabriekbesoek<\/figcaption><\/figure> <\/figure>    <h2 class=\"wp-block-heading\"><strong>Toerustingkonfigurasie vir klein ho\u00ebbalbuisverbrander<\/strong><\/h2>    <p>As 'n professionele landbou masjinerie vervaardiger en verskaffer, kan ons verskillende konfigurasies verskaf vir maklike bal verwerking, soos<\/p>    <ul class=\"wp-block-list\"> <li>Hooi bal versnipper\u2192baler<\/li>    <li>Hooi bal vergruiser\u2192<a href=\"https:\/\/taizyagromachine.com\/af\/product\/silage-spreader-feed-spreader-mixer\/\">kuilvoervoerstrooier<\/a><\/li>    <li>Ho\u00ebbalverbrander\u2192stofversamelaar<\/li> <\/ul>   <div class=\"wp-block-image\"> <figure class=\"aligncenter size-full\"><img loading=\"lazy\" decoding=\"async\" width=\"720\" height=\"290\" src=\"https:\/\/taizyagromachine.com\/wp-content\/uploads\/2025\/11\/hay-bale-shredder-and-hydraulic-bagging-machine.webp\" alt=\"hooi bal versnipper en hidrouliese sakmasjien\" class=\"wp-image-8572\" srcset=\"https:\/\/taizyagromachine.com\/wp-content\/uploads\/2025\/11\/hay-bale-shredder-and-hydraulic-bagging-machine.webp 720w, https:\/\/taizyagromachine.com\/wp-content\/uploads\/2025\/11\/hay-bale-shredder-and-hydraulic-bagging-machine-18x7.webp 18w\" sizes=\"auto, (max-width: 720px) 100vw, 720px\" \/><figcaption class=\"wp-element-caption\">hooi bal versnipper en hidrouliese sakmasjien<\/figcaption><\/figure> <\/div>  <div class=\"wp-block-image\"> <figure class=\"aligncenter size-full\"><img loading=\"lazy\" decoding=\"async\" width=\"720\" height=\"290\" src=\"https:\/\/taizyagromachine.com\/wp-content\/uploads\/2025\/11\/straw-bale-chopper-with-dust-collector.webp\" alt=\"strooibal kapper met stofversamelaar\" class=\"wp-image-8581\" srcset=\"https:\/\/taizyagromachine.com\/wp-content\/uploads\/2025\/11\/straw-bale-chopper-with-dust-collector.webp 720w, https:\/\/taizyagromachine.com\/wp-content\/uploads\/2025\/11\/straw-bale-chopper-with-dust-collector-18x7.webp 18w\" sizes=\"auto, (max-width: 720px) 100vw, 720px\" \/><figcaption class=\"wp-element-caption\">strooibal kapper met stofversamelaar<\/figcaption><\/figure> <\/div>   <h2 class=\"wp-block-heading\"><strong>Waarom ons hooi bal versnipper kies?<\/strong><\/h2>    <ul class=\"wp-block-list\"> <li>\u2714 22 jaar van masjinerie kundigheid, uitgevoer na 80  lande w\u00eareldwyd<\/li>    <li>\u2714 Pasgemaakte beskikbaar (kleur, spanning, kragsbron, afvoer struktuur)<\/li>    <li>\u2714 Verskaf toets werking video's   fabriek toets verslae<\/li>    <li>\u2714 Voldoende spaaronderdele verskaffing en vinnige na-verkope reaksie<\/li>    <li>\u2714 Dit kan gekoppel word met volledige silage toerusting stelle (baler, voer verspreider, ens.)<\/li> <\/ul>    <figure class=\"wp-block-gallery aligncenter has-nested-images columns-default is-cropped wp-block-gallery-4 is-layout-flex wp-block-gallery-is-layout-flex\"> <figure class=\"wp-block-image size-full\"><img loading=\"lazy\" decoding=\"async\" width=\"720\" height=\"540\" data-id=\"8587\" src=\"https:\/\/taizyagromachine.com\/wp-content\/uploads\/2025\/11\/round-hay-bale-crusher-manufacturer.webp\" alt=\"ronde ho\u00ebbalverpletterfabrikant\" class=\"wp-image-8587\" srcset=\"https:\/\/taizyagromachine.com\/wp-content\/uploads\/2025\/11\/round-hay-bale-crusher-manufacturer.webp 720w, https:\/\/taizyagromachine.com\/wp-content\/uploads\/2025\/11\/round-hay-bale-crusher-manufacturer-16x12.webp 16w\" sizes=\"auto, (max-width: 720px) 100vw, 720px\" \/><figcaption class=\"wp-element-caption\">ronde ho\u00ebbalverpletterfabrikant<\/figcaption><\/figure>    <figure class=\"wp-block-image size-full\"><img loading=\"lazy\" decoding=\"async\" width=\"720\" height=\"540\" data-id=\"8585\" src=\"https:\/\/taizyagromachine.com\/wp-content\/uploads\/2025\/11\/hay-grass-straw-bale-shredder-delivery.webp\" alt=\"ho\u00ebgras strooibal shredder aflewering\" class=\"wp-image-8585\" srcset=\"https:\/\/taizyagromachine.com\/wp-content\/uploads\/2025\/11\/hay-grass-straw-bale-shredder-delivery.webp 720w, https:\/\/taizyagromachine.com\/wp-content\/uploads\/2025\/11\/hay-grass-straw-bale-shredder-delivery-16x12.webp 16w\" sizes=\"auto, (max-width: 720px) 100vw, 720px\" \/><figcaption class=\"wp-element-caption\">ho\u00ebgras strooibal shredder aflewering<\/figcaption><\/figure> <\/figure>    <h2 class=\"wp-block-heading\"><strong>Hoe om Taizy vierkantige &amp; ronde hooi bal vergruiser te koop?<\/strong><\/h2>    <p>Vir prys, spesifikasies, versendingskoste, of video's, kontak ons asseblief:<\/p>    <ul class=\"wp-block-list\"> <li>\ud83d\udce9 E-pos: info@taizyagromachine.com<\/li>    <li>\ud83d\udcde WhatsApp: <a href=\"https:\/\/wa.me\/+8613673689272\" target=\"_blank\" rel=\"noopener\">+86 136 7368 9272<\/a><\/li>    <li>\ud83c\udf10 Webwerf: <a href=\"https:\/\/taizyagromachine.com\/af\/\">www.taizyagromachine.com<\/a><\/li> <\/ul>    <p>Ons sal binne 1 uur met 'n kwotasie en tegniese voorstel antwoordgee.<\/p>","protected":false},"excerpt":{"rendered":"<p>Taizy ho\u00ebbal shredder verpletter en maal ho\u00ebbal, strooibal, of strooi in klein stukkies van 3-10cm, met 'n kapasiteit van 2-18t per uur, gebruik op groot veeboerderye.<\/p>","protected":false},"author":1,"featured_media":8570,"parent":0,"template":"","tags":[116],"product-type":[19],"class_list":["post-8567","product","type-product","status-publish","has-post-thumbnail","hentry","tag-silage","product-type-silage-machine"],"_links":{"self":[{"href":"https:\/\/taizyagromachine.com\/af\/wp-json\/wp\/v2\/product\/8567","targetHints":{"allow":["GET"]}}],"collection":[{"href":"https:\/\/taizyagromachine.com\/af\/wp-json\/wp\/v2\/product"}],"about":[{"href":"https:\/\/taizyagromachine.com\/af\/wp-json\/wp\/v2\/types\/product"}],"author":[{"embeddable":true,"href":"https:\/\/taizyagromachine.com\/af\/wp-json\/wp\/v2\/users\/1"}],"wp:featuredmedia":[{"embeddable":true,"href":"https:\/\/taizyagromachine.com\/af\/wp-json\/wp\/v2\/media\/8570"}],"wp:attachment":[{"href":"https:\/\/taizyagromachine.com\/af\/wp-json\/wp\/v2\/media?parent=8567"}],"wp:term":[{"taxonomy":"post_tag","embeddable":true,"href":"https:\/\/taizyagromachine.com\/af\/wp-json\/wp\/v2\/tags?post=8567"},{"taxonomy":"product-type","embeddable":true,"href":"https:\/\/taizyagromachine.com\/af\/wp-json\/wp\/v2\/product-type?post=8567"}],"curies":[{"name":"wp","href":"https:\/\/api.w.org\/{rel}","templated":true}]}}