{"id":11,"date":"2022-01-11T03:21:20","date_gmt":"2022-01-11T03:21:20","guid":{"rendered":"http:\/\/taizyagromachine.local\/?page_id=11"},"modified":"2022-01-24T06:09:57","modified_gmt":"2022-01-24T06:09:57","slug":"about-us","status":"publish","type":"page","link":"https:\/\/taizyagromachine.com\/de\/about-us\/","title":{"rendered":"\u00dcber uns"},"content":{"rendered":"<div class=\"wp-block-media-text alignwide is-stacked-on-mobile\"><figure class=\"wp-block-media-text__media\"><img loading=\"lazy\" decoding=\"async\" width=\"720\" height=\"540\" src=\"https:\/\/taizyagromachine.com\/wp-content\/uploads\/2022\/01\/cooperation-with-government.jpg\" alt=\"Zusammenarbeit\" class=\"wp-image-1801 size-full\"\/><\/figure><div class=\"wp-block-media-text__content\"> <p class=\"translation-block\">Als f\u00fchrender und professioneller Hersteller und Anbieter von Landmaschinen betrachten wir von Taizy Agro Machine Co., Ltd \"<strong><em>F\u00fcr Landwirte<\/em>, <em>F\u00fcr die Landwirtschaft, F\u00fcr ein besseres Leben<\/em><\/strong>\" als unseren Slogan, um unsere Kunden zu bedienen. Dar\u00fcber hinaus verf\u00fcgen wir \u00fcber mehr als 15 Jahre Erfahrung im Export von Landmaschinen. Unsere Hauptprodukte umfassen <strong><em>Reism\u00fchlen, Maismaschinen, Reis- und Weizenmaschinen, Erdnussmaschinen, Silagemaschinen, H\u00e4ckselmaschinen, S\u00e4mlingsmaschinen, Gem\u00fcsepflanzmaschinen, Fischfutterpelletmaschinen, Tierfutterpelletmaschinen<\/em><\/strong> usw. Dar\u00fcber hinaus sind wir Experten f\u00fcr Ausschreibungsprojekte von <strong><em>NGOs, FAO, UNDP und staatlichen Beschaffungsstellen<\/em><\/strong>. <\/p>    <p class=\"translation-block\">Willkommen, um uns f\u00fcr weitere Informationen \u00fcber WhatsApp\/Wechat\/Tel: <strong><em>+86 13673689272<\/em><\/strong> zu kontaktieren.<\/p> <\/div><\/div>    <h2 class=\"has-huge-font-size wp-block-heading\">Warum sollten Sie sich f\u00fcr uns entscheiden?<\/h2>    <div class=\"wp-block-columns is-layout-flex wp-container-core-columns-is-layout-9d6595d7 wp-block-columns-is-layout-flex\"> <div class=\"wp-block-column is-layout-flow wp-block-column-is-layout-flow\"> <ul class=\"wp-block-list\"><li>Starke Fabrikst\u00e4rke zur Herstellung von Maschinen<\/li><li>Umfangreiche Erfahrungen im Export nach \u00dcbersee<\/li><li>Gro\u00dfartige Vorverkaufs-, Vorverkaufs- und After-Sales-Services f\u00fcr Kunden<\/li><li>Eine zuverl\u00e4ssige Marke, deren Kauf sich lohnt<\/li><li>Garantierte Qualit\u00e4t zur Gew\u00e4hrleistung der Maschinenleistung und -eigenschaften<\/li><li>Verschiedene Agrarmaschinen, um den unterschiedlichen Kundenanforderungen gerecht zu werden<\/li><li>Wettbewerbsf\u00e4higer Preis zum Nutzen der Kunden<\/li><\/ul> <\/div>    <div class=\"wp-block-column is-layout-flow wp-block-column-is-layout-flow\"> <figure class=\"wp-block-gallery aligncenter columns-2 is-cropped wp-block-gallery-2 is-layout-flex wp-block-gallery-is-layout-flex\"><ul class=\"blocks-gallery-grid\"><li class=\"blocks-gallery-item\"><figure><img loading=\"lazy\" decoding=\"async\" width=\"720\" height=\"540\" src=\"https:\/\/taizyagromachine.com\/wp-content\/uploads\/2022\/01\/factory-display-why-choose-us.jpg\" alt=\"Werksanzeige\" data-id=\"1809\" data-full-url=\"https:\/\/taizyagromachine.com\/wp-content\/uploads\/2022\/01\/factory-display-why-choose-us.jpg\" data-link=\"https:\/\/taizyagromachine.com\/about\/factory-display-why-choose-us\/\" class=\"wp-image-1809\"\/><figcaption class=\"blocks-gallery-item__caption\">Werksanzeige<\/figcaption><\/figure><\/li><li class=\"blocks-gallery-item\"><figure><img loading=\"lazy\" decoding=\"async\" width=\"720\" height=\"540\" src=\"https:\/\/taizyagromachine.com\/wp-content\/uploads\/2022\/01\/150pcs-corn-sheller-to-Zimbabwe.jpg\" alt=\"150 St\u00fcck Maissch\u00e4ler nach Simbabwe\" data-id=\"1810\" data-full-url=\"https:\/\/taizyagromachine.com\/wp-content\/uploads\/2022\/01\/150pcs-corn-sheller-to-Zimbabwe.jpg\" data-link=\"https:\/\/taizyagromachine.com\/about\/150pcs-corn-sheller-to-zimbabwe\/\" class=\"wp-image-1810\"\/><figcaption class=\"blocks-gallery-item__caption\">Maissch\u00e4ler nach Simbabwe<\/figcaption><\/figure><\/li><\/ul><\/figure> <\/div> <\/div>    <h2 class=\"wp-block-heading\">Veranstaltungen<\/h2>    <p>Als einer der professionellsten Landmaschinenlieferanten in der Provinz Henan untersuchen wir den Markt der Entwicklungsl\u00e4nder eingehend und w\u00e4hlen die am besten geeigneten Landmaschinen aus, um die lokale Nachfrage zu befriedigen. Au\u00dferdem sind wir eingeladen, an vielen ber\u00fchmten Veranstaltungen in China und im Ausland teilzunehmen.  Zum Beispiel 2018 in Nigeria, 2018 in Yiwu, 2019 in Nigeria, 2019 in Vietnam usw.<\/p>    <div class=\"wp-block-image\"><figure class=\"aligncenter size-full\"><img loading=\"lazy\" decoding=\"async\" width=\"1200\" height=\"600\" src=\"https:\/\/taizyagromachine.com\/wp-content\/uploads\/2022\/01\/events.jpg\" alt=\"Ereignisse\" class=\"wp-image-1820\"\/><figcaption>Ereignisse<\/figcaption><\/figure><\/div>    <h2 class=\"wp-block-heading\">Fu\u00dfabdruck<\/h2>    <p>Wir haben mehr als 15 Jahre Erfahrung im Export. Unsere Produkte erfreuen sich gro\u00dfer Beliebtheit in Afrika, S\u00fcdostasien und S\u00fcdamerika, beispielsweise in Nigeria, Ghana, Peru, Indonesien, Kongo, \u00c4thiopien, Namibia, Marokko, Botswana usw. <\/p>    <div class=\"wp-block-image\"><figure class=\"aligncenter size-full\"><img loading=\"lazy\" decoding=\"async\" width=\"1024\" height=\"486\" src=\"https:\/\/taizyagromachine.com\/wp-content\/uploads\/2022\/01\/footprints-Taizy-Agro.jpg\" alt=\"Fu\u00dfabdr\u00fccke\" class=\"wp-image-1805\"\/><figcaption>Fu\u00dfabdr\u00fccke<\/figcaption><\/figure><\/div>    <h2 class=\"wp-block-heading\">Zertifikat<\/h2>    <p>Unser Unternehmen verf\u00fcgt \u00fcber ein ISO 9001-Zertifikat und die meisten Produkte verf\u00fcgen \u00fcber ein CE-Zertifikat. Wir k\u00f6nnen auch PVOC, SONCAP, SABRE und Preferential C\/O erhalten, um Kunden bei der einfachen Importabfertigung zu unterst\u00fctzen. Wir verpflichten uns, jedem Kunden im In- und Ausland geeignete Produkte und umfassenden Service zu bieten.<\/p>    <div class=\"wp-block-columns is-layout-flex wp-container-core-columns-is-layout-9d6595d7 wp-block-columns-is-layout-flex\"> <div class=\"wp-block-column is-layout-flow wp-block-column-is-layout-flow\"> <div class=\"wp-block-image\"><figure class=\"aligncenter size-full\"><img loading=\"lazy\" decoding=\"async\" width=\"2468\" height=\"3425\" src=\"https:\/\/taizyagromachine.com\/wp-content\/uploads\/2022\/01\/PVOC-.jpg\" alt=\"PVOC\" class=\"wp-image-1832\"\/><figcaption>PVOC<\/figcaption><\/figure><\/div> <\/div>    <div class=\"wp-block-column is-layout-flow wp-block-column-is-layout-flow\"> <div class=\"wp-block-image\"><figure class=\"aligncenter size-full\"><img loading=\"lazy\" decoding=\"async\" width=\"2468\" height=\"3425\" src=\"https:\/\/taizyagromachine.com\/wp-content\/uploads\/2022\/01\/SONCAP-.jpg\" alt=\"SONCAP\" class=\"wp-image-1833\"\/><figcaption>SONCAP<\/figcaption><\/figure><\/div> <\/div>    <div class=\"wp-block-column is-layout-flow wp-block-column-is-layout-flow\"> <div class=\"wp-block-image\"><figure class=\"aligncenter size-full\"><img loading=\"lazy\" decoding=\"async\" width=\"2468\" height=\"3425\" src=\"https:\/\/taizyagromachine.com\/wp-content\/uploads\/2022\/01\/ISO9001-.jpg\" alt=\"ISO9001\" class=\"wp-image-1834\"\/><figcaption>ISO9001<\/figcaption><\/figure><\/div> <\/div> <\/div>    <p><\/p>","protected":false},"excerpt":{"rendered":"<p>As a leading and professional agricultural machines manufacturer and provider, Taizy Agro Machine Co., Ltd, we consider &#8220;For Farmers, For Agriculture, For Better Life&#8221; as our slogan to serve our customers. Besides, we have rich experience in exporting agricultural machines for more than 15 years. Our main products include Rice Mill, Corn Machine, Rice and [&hellip;]<\/p>\n","protected":false},"author":1,"featured_media":0,"parent":0,"menu_order":0,"comment_status":"closed","ping_status":"closed","template":"","meta":{"footnotes":""},"class_list":["post-11","page","type-page","status-publish","hentry"],"_links":{"self":[{"href":"https:\/\/taizyagromachine.com\/de\/wp-json\/wp\/v2\/pages\/11","targetHints":{"allow":["GET"]}}],"collection":[{"href":"https:\/\/taizyagromachine.com\/de\/wp-json\/wp\/v2\/pages"}],"about":[{"href":"https:\/\/taizyagromachine.com\/de\/wp-json\/wp\/v2\/types\/page"}],"author":[{"embeddable":true,"href":"https:\/\/taizyagromachine.com\/de\/wp-json\/wp\/v2\/users\/1"}],"replies":[{"embeddable":true,"href":"https:\/\/taizyagromachine.com\/de\/wp-json\/wp\/v2\/comments?post=11"}],"version-history":[{"count":0,"href":"https:\/\/taizyagromachine.com\/de\/wp-json\/wp\/v2\/pages\/11\/revisions"}],"wp:attachment":[{"href":"https:\/\/taizyagromachine.com\/de\/wp-json\/wp\/v2\/media?parent=11"}],"curies":[{"name":"wp","href":"https:\/\/api.w.org\/{rel}","templated":true}]}}