{"id":1131,"date":"2021-12-01T09:41:24","date_gmt":"2021-12-01T09:41:24","guid":{"rendered":"https:\/\/taizyagromachine.com\/?p=1131"},"modified":"2022-09-29T11:31:03","modified_gmt":"2022-09-29T03:31:03","slug":"18tpd-automatic-rice-mill-production-line","status":"publish","type":"product","link":"https:\/\/taizyagromachine.com\/de\/product\/18tpd-automatic-rice-mill-production-line\/","title":{"rendered":"18TPD Automatische Reism\u00fchlen-Produktionslinie"},"content":{"rendered":"<p class=\"translation-block\"><strong>18TPD automatische Reis-M\u00fchlen-Produktionslinie<\/strong> ist eine praktische Produktionslinie zur Verarbeitung von Rohreis zu wei\u00dfem Reis. Ihre Leistung betr\u00e4gt 700-800 kg pro Stunde. Es handelt sich um eine komplette Reis-M\u00fchlen-Anlage, die vollst\u00e4ndige Automatisierung erm\u00f6glicht. Sowohl rund- als auch langk\u00f6rniger Rohreis kann verwendet werden, man muss nur die unterschiedlichen Reis-M\u00fchlen ausw\u00e4hlen. Sie kann reinigen, entsteinen, sch\u00e4len, trennen, mahlen, polieren, sortieren, klassifizieren, lagern und verpacken \u2013 alles in einem. Sind Sie interessiert? Bitte kontaktieren Sie uns. Wir bieten geeignete L\u00f6sungen basierend auf Ihren tats\u00e4chlichen Anforderungen an.<\/p>   <div class=\"wp-block-image\"> <figure class=\"aligncenter size-full\"><img loading=\"lazy\" decoding=\"async\" width=\"720\" height=\"540\" src=\"https:\/\/taizyagromachine.com\/wp-content\/uploads\/2022\/01\/18t-rice-mill-production-line.jpg\" alt=\"Produktionslinie f\u00fcr Reism\u00fchlen mit 18 Tonnen pro Tag\" class=\"wp-image-1780\"\/><figcaption>Produktionslinie f\u00fcr Reism\u00fchlen mit 18 Tonnen pro Tag<\/figcaption><\/figure> <\/div>   <h2 class=\"wp-block-heading\" id=\"overview-of-modern-18tpd-rice-mill-production-line\"><strong>\u00dcberblick \u00fcber die moderne 18TPD-Reism\u00fchlen-Produktionslinie<\/strong><\/h2>   <div class=\"wp-block-image\"> <figure class=\"aligncenter size-full\"><img loading=\"lazy\" decoding=\"async\" width=\"720\" height=\"400\" src=\"https:\/\/taizyagromachine.com\/wp-content\/uploads\/2022\/01\/18t-display.jpg\" alt=\"Komplette Produktionslinie mit 18 Tonnen pro Tag \" class=\"wp-image-1781\"\/><figcaption>Komplette Produktionslinie mit 18 Tonnen pro Tag <\/figcaption><\/figure> <\/div>   <h2 class=\"wp-block-heading\" id=\"structure-of-18tpd-fully-automatic-rice-mill-production-line\"><strong>Struktur der vollautomatischen Reism\u00fchlen-Produktionslinie 18TPD<\/strong><\/h2>    <p class=\"translation-block\">Diese Reis-M\u00fchlen-Produktionslinie umfasst einen kombinierten Reiniger und Entsteiner, einen Reisentspelzer, einen Schwerkraftseparator, die erste Reis-M\u00fchle, einen Magnetseparator, die zweite Reis-M\u00fchle, einen Reispolierer mit Wasser, <a href=\"https:\/\/en.wikipedia.org\/wiki\/Colour_sorter\" target=\"_blank\" rel=\"noreferrer noopener\">Farbsortierer<\/a>, Reisgrader, Lagerbeh\u00e4lter, Waage und Verpackungsmaschine.<\/p>   <div class=\"wp-block-image\"> <figure class=\"aligncenter size-full\"><img loading=\"lazy\" decoding=\"async\" width=\"720\" height=\"300\" src=\"https:\/\/taizyagromachine.com\/wp-content\/uploads\/2022\/01\/18t-drawing.jpg\" alt=\"Struktur-18tpd automatische Reism\u00fchlenanlage\" class=\"wp-image-1783\"\/><figcaption>Struktur-18tpd automatische Reism\u00fchlenanlage<\/figcaption><\/figure> <\/div>   <h2 class=\"wp-block-heading\" id=\"why-choose-rice-mill-machine-twice\"><strong>Warum sollten Sie sich zweimal f\u00fcr eine Reism\u00fchle entscheiden?<\/strong><\/h2>    <p>In der kompletten automatischen Reism\u00fchlen-Produktionslinie 18T\/D finden wir, dass sie \u00fcber eine erste Reismahlung und eine zweite Reismahlung verf\u00fcgt. Die Gr\u00fcnde sind wie folgt:<\/p>    <ol class=\"wp-block-list\" type=\"1\"><li>Geringer Bruch. Durch die doppelte Reismahlung wird die Bruchreisrate erheblich reduziert und Sie k\u00f6nnen hochwertigen wei\u00dfen Reis erhalten.<\/li><li>Gro\u00dfe Leistung. Zwei Reism\u00fchlen k\u00f6nnen Reis ohne Unterbrechung mahlen.<\/li><\/ol>    <h2 class=\"wp-block-heading\" id=\"spare-parts-list-necessary-parts-for-1-production-line-in-one-year\"><strong>Ersatzteilliste (Notwendige Teile f\u00fcr 1 automatische Reism\u00fchlen-Produktionslinie in einem Jahr)<\/strong><\/h2>    <figure class=\"wp-block-table is-style-stripes\"><table><tbody><tr><td>Seriennummer<\/td><td>Maschine<\/td><td>Name<\/td><td>MENGE<\/td><\/tr><tr><td>1<\/td><td>Ersatzteile f\u00fcr Paddy Rice Husker<\/td><td>Gummiwalze<\/td><td>4 Stk<\/td><\/tr><tr><td>2<\/td><td>Ersatzteile f\u00fcr die erste Reism\u00fchle<\/td><td>Sieb<\/td><td>8\u00a0Stk<\/td><\/tr><tr><td>3<\/td><td>Ersatzteile f\u00fcr die erste Reism\u00fchle<\/td><td>Dr\u00fccken Sie die Leiste<\/td><td>16\u00a0Stk<\/td><\/tr><tr><td>4<\/td><td>Ersatzteile f\u00fcr die erste Reism\u00fchle<\/td><td>Schmirgelrolle<\/td><td>1\u00a0Stk<\/td><\/tr><tr><td>5<\/td><td>Ersatzteile f\u00fcr die erste Reism\u00fchle<\/td><td>Schrauben<\/td><td>2\u00a0Stk<\/td><\/tr><tr><td>6<\/td><td>Ersatzteile f\u00fcr die zweite Reism\u00fchle<\/td><td>Sieb<\/td><td>12 Stk<\/td><\/tr><tr><td>7<\/td><td>Ersatzteile f\u00fcr die zweite Reism\u00fchle<\/td><td>Dr\u00fccken Sie die Leiste<\/td><td>6\u00a0Stk<\/td><\/tr><tr><td>8<\/td><td>Ersatzteile f\u00fcr die zweite Reism\u00fchle<\/td><td>Schmirgelrolle<\/td><td>1\u00a0Stk<\/td><\/tr><tr><td>9<\/td><td>Ersatzteile f\u00fcr die zweite Reism\u00fchle<\/td><td>Schrauben<\/td><td>2\u00a0Stk<\/td><\/tr><\/tbody><\/table><\/figure>    <h2 class=\"wp-block-heading\" id=\"features-of-18t-rice-mill-plant-production-line\"><strong>Merkmale der Produktionslinie f\u00fcr 18-Tonnen-Reism\u00fchlen<\/strong><\/h2>    <ul class=\"wp-block-list\" type=\"1\"><li>Stabile Leistung, kompakte Struktur und super Qualit\u00e4t.<\/li><li>Weniger Bruchreis. Weil diese automatische Produktionslinie f\u00fcr Reism\u00fchlen zwei Reismahlmaschinen verwendet.<\/li><li>Einfache Bedienung, hohe Reispr\u00e4zision und bequeme Wartung.<\/li><li>Alle Ersatzteile sind aus hochwertigen Materialien gefertigt, langlebig und zuverl\u00e4ssig.<\/li><li>Sparen Sie Arbeit und verbessern Sie die Arbeitseffizienz. Dank des Lagerbeh\u00e4lters m\u00fcssen die Arbeiter nicht lange mit dem Verpacken warten. Nach der Lagerung einer bestimmten Menge kann die Verpackungsarbeit effizient beginnen.<\/li><\/ul>    <h2 class=\"wp-block-heading\" id=\"differences-between-15t-and-18t-rice-mill-production-line\"><strong>Unterschiede zwischen der automatischen 15-t- und 18-t-Reism\u00fchlen-Produktionslinie<\/strong><\/h2>    <ol class=\"wp-block-list\" type=\"1\"><li>Ausgabe. Offensichtlich ist die Ausgabe unterschiedlich. Einer wiegt 15 Tonnen pro Tag, der andere 18 Tonnen pro Tag.<\/li><li>Reispolierer mit Wasser. Im Vergleich zu <a href=\"https:\/\/taizyagromachine.com\/de\/product\/15tpd-complete-rice-mill-production-line\/\" target=\"_blank\" rel=\"noreferrer noopener\">Produktionslinie f\u00fcr 15-Tonnen-Reism\u00fchlen<\/a>Die 18-Tonnen-Komplettproduktionslinie verf\u00fcgt \u00fcber die Reispolierer mit Wasser. Es poliert den wei\u00dfen Reis durch Spr\u00fchen von Wasser und macht ihn wei\u00dfer und heller.<\/li><\/ol>    <h2 class=\"wp-block-heading\" id=\"why-choose-us\"><strong>Warum uns w\u00e4hlen?<\/strong><strong><\/strong><\/h2>    <p class=\"translation-block\">Wir, <a href=\"https:\/\/taizyagromachine.com\/de\/\" target=\"_blank\" rel=\"noreferrer noopener\">Taizy Company<\/a>, sind ein erfahrenes Unternehmen f\u00fcr landwirtschaftliche Maschinen und Lieferant. Wir bieten nicht nur eine Reihe von Reis-M\u00fchlen-Anlagen an, sondern auch Heuballenpressen, Maissaatmaschinen, <a href=\"https:\/\/taizyagromachine.com\/de\/product\/nursery-transplanter\/\" target=\"_blank\" rel=\"noreferrer noopener\">Gem\u00fcsepflanzer<\/a> usw. Das liegt daran, dass wir die folgenden Vorteile haben:<\/p>    <ol class=\"wp-block-list\" type=\"1\"><li>Markenwirkung.<\/li><li>Kundendienst.<\/li><li>Professionelle und qualifizierte Offiziere.<\/li><\/ol>   <div class=\"wp-block-image\"> <figure class=\"aligncenter size-full\"><img loading=\"lazy\" decoding=\"async\" width=\"720\" height=\"400\" src=\"https:\/\/taizyagromachine.com\/wp-content\/uploads\/2022\/01\/18t-company-factory-strength.jpg\" alt=\"St\u00e4rke der Fabrik des Unternehmens\" class=\"wp-image-1784\"\/><figcaption>St\u00e4rke der Fabrik des Unternehmens<\/figcaption><\/figure> <\/div>   <h2 class=\"wp-block-heading\" id=\"successful-case-4-sets-18tpd-rice-mill-plants-to-burkina-faso\"><strong>Erfolgreicher Fall: 4 verlegt 18TPD-Reism\u00fchlenanlagen nach Burkina Faso<\/strong><\/h2>    <p>In diesem Jahr fragte ein Kunde aus Burkina Faso nach der automatischen Produktionslinie f\u00fcr Reism\u00fchlen. Er betreibt eine gro\u00dfe Fabrik und die erforderliche Produktion lag bei 700\u2013800 kg pro Stunde. Au\u00dferdem wollte er hochwertigen wei\u00dfen Reis zum Verkauf anbieten. Daher empfahl unsere Vertriebsleiterin Emily die 18TPD-Reism\u00fchlen-Produktionslinie, um seinem Gesch\u00e4ft gerecht zu werden. Er \u00fcberpr\u00fcfte die Produktionslinie und war sehr zufrieden. Er hat einmal 4 Sets bestellt. Und im September haben wir erfolgreich in sein Land, Burkina Faso, exportiert. Er erhielt die Maschinen und es kam ein gutes Feedback zu uns.<\/p>   <div class=\"wp-block-image\"> <figure class=\"aligncenter size-full\"><img loading=\"lazy\" decoding=\"async\" width=\"720\" height=\"540\" src=\"https:\/\/taizyagromachine.com\/wp-content\/uploads\/2022\/01\/loading-into-container-18t.jpg\" alt=\"Laden\" class=\"wp-image-1786\"\/><figcaption>Laden<\/figcaption><\/figure> <\/div>","protected":false},"excerpt":{"rendered":"<p>18TPD automatic rice mill production line\u00a0is a practical production line to process the paddy rice into white rice. Its output is 700-800kg per hour. It\u2019s a complete rice mill plant, realizing full automation. Both round-shaped and long-shaped paddy rice can use, just choosing different rice millers. It can clean, de-stone, hull, separate, mill, polish, sort, [&hellip;]<\/p>\n","protected":false},"author":1,"featured_media":2077,"parent":0,"template":"","tags":[54,58,53,49,35,56,37,57,48],"product-type":[27],"class_list":["post-1131","product","type-product","status-publish","has-post-thumbnail","hentry","tag-18tpd","tag-18tpd-rice-mill-production-line","tag-automatic-rice-mill-production-line","tag-complete-rice-milling-plant","tag-rice-mill","tag-rice-mill-machine","tag-rice-mill-plant","tag-rice-milling-machine","tag-rice-milling-plant-for-sale","product-type-solutions"],"_links":{"self":[{"href":"https:\/\/taizyagromachine.com\/de\/wp-json\/wp\/v2\/product\/1131","targetHints":{"allow":["GET"]}}],"collection":[{"href":"https:\/\/taizyagromachine.com\/de\/wp-json\/wp\/v2\/product"}],"about":[{"href":"https:\/\/taizyagromachine.com\/de\/wp-json\/wp\/v2\/types\/product"}],"author":[{"embeddable":true,"href":"https:\/\/taizyagromachine.com\/de\/wp-json\/wp\/v2\/users\/1"}],"wp:featuredmedia":[{"embeddable":true,"href":"https:\/\/taizyagromachine.com\/de\/wp-json\/wp\/v2\/media\/2077"}],"wp:attachment":[{"href":"https:\/\/taizyagromachine.com\/de\/wp-json\/wp\/v2\/media?parent=1131"}],"wp:term":[{"taxonomy":"post_tag","embeddable":true,"href":"https:\/\/taizyagromachine.com\/de\/wp-json\/wp\/v2\/tags?post=1131"},{"taxonomy":"product-type","embeddable":true,"href":"https:\/\/taizyagromachine.com\/de\/wp-json\/wp\/v2\/product-type?post=1131"}],"curies":[{"name":"wp","href":"https:\/\/api.w.org\/{rel}","templated":true}]}}