{"id":1133,"date":"2021-12-01T09:41:58","date_gmt":"2021-12-01T09:41:58","guid":{"rendered":"https:\/\/taizyagromachine.com\/?p=1133"},"modified":"2022-09-29T13:55:04","modified_gmt":"2022-09-29T05:55:04","slug":"20tpd-rice-mill-plant","status":"publish","type":"product","link":"https:\/\/taizyagromachine.com\/de\/product\/20tpd-rice-mill-plant\/","title":{"rendered":"20TPD Reism\u00fchlenanlage"},"content":{"rendered":"<p class=\"translation-block\"><strong>20TPD Reism\u00fchle<\/strong> verarbeitet den Rohreis zu Wei\u00dfreis mit einer Produktionskapazit\u00e4t von 20 Tonnen pro Tag. Dies ist der Basistyp, der den Einf\u00fclltrichter, Aufzug, Steinabscheider, Reissch\u00e4ler, Gravitationsabscheider und die<strong> <\/strong>Reism\u00fchle umfasst. Es ist eine vollautomatische Reism\u00fchle, die zufriedenstellenden Speisewei\u00dfreis produziert. Es ist eine grundlegende Produktionslinie f\u00fcr die Verarbeitung von Wei\u00dfreis, die besonders in Nigeria gut angenommen wird. Landwirte, Unternehmen oder Fabriken k\u00f6nnen diese kombinierte Reism\u00fchle zum Nutzen ihrer Gesch\u00e4fte erwerben. Sind Sie an dieser Art von Maschine interessiert? Wir freuen uns auf Ihre Anfrage!<\/p>    <h2 class=\"wp-block-heading\" id=\"h-working-flow\"><strong>Arbeitsablauf<\/strong><strong><\/strong><\/h2>    <ol class=\"wp-block-list\" type=\"1\"><li>Geben Sie den Rohreis in den Trichter. Und dann durch den Reiniger die Verunreinigungen entfernen. Per Aufzug gelangt der Rohreis zum Entsteiner.<\/li><li>Der Entsteiner entfernt die im Rohreis vorhandenen Steine \u200b\u200bund Verunreinigungen. Anschlie\u00dfend gelangt der Rohreis durch den Doppelelevator in den <a href=\"https:\/\/en.wikipedia.org\/wiki\/Rice_huller\" target=\"_blank\" rel=\"noreferrer noopener\">Reissch\u00e4ler<\/a>.<\/li><li>Der Reissch\u00e4ler entfernt die Schale vom Rohreis. Der n\u00e4chste Schritt ist der Schwerkraftabscheider, der Rohreis und braunen Reis trennt. Der braune Reis gelangt zur Reism\u00fchle, w\u00e4hrend der Rohreis zur Reissch\u00e4lmaschine zur\u00fcckkommt.<\/li><li>Die Reism\u00fchle dient dazu, braunen Reis zu wei\u00dfem Reis zu mahlen. Und dann kommen Sie zum Bewertungsbildschirm. Holen Sie sich schlie\u00dflich den qualifizierten wei\u00dfen Reis.<\/li><\/ol>    <figure class=\"wp-block-embed is-type-video is-provider-youtube wp-block-embed-youtube wp-embed-aspect-16-9 wp-has-aspect-ratio\"><div class=\"wp-block-embed__wrapper\"> <iframe loading=\"lazy\" title=\"20T\/D Reism\u00fchlenanlage, vollautomatische Reisverarbeitungsmaschine, integrierte Reism\u00fchlenanlage zu verkaufen\" width=\"500\" height=\"281\" src=\"https:\/\/www.youtube.com\/embed\/mmUFiYX-sAg?feature=oembed\" frameborder=\"0\" allow=\"accelerometer; autoplay; clipboard-write; encrypted-media; gyroscope; picture-in-picture; web-share\" referrerpolicy=\"strict-origin-when-cross-origin\" allowfullscreen><\/iframe> <\/div><\/figure>    <h2 class=\"wp-block-heading\" id=\"h-structure-of-20tpd-rice-mill-plant-for-sale\"><strong>Struktur einer 20TPD-Reism\u00fchlenanlage zum Verkauf<\/strong><\/h2>    <p>Diese 20-Tonnen-Reism\u00fchlenausr\u00fcstung besteht aus mehreren Teilen, die wie folgt aufgef\u00fchrt sind:<\/p>   <div class=\"wp-block-image\"> <figure class=\"aligncenter size-full\"><img loading=\"lazy\" decoding=\"async\" width=\"720\" height=\"540\" src=\"https:\/\/taizyagromachine.com\/wp-content\/uploads\/2022\/02\/structure-of-20tpd-rice-mill-plant.jpg\" alt=\"Struktur einer Reism\u00fchlenanlage mit 20 Tonnen pro Tag\" class=\"wp-image-2167\" srcset=\"https:\/\/taizyagromachine.com\/wp-content\/uploads\/2022\/02\/structure-of-20tpd-rice-mill-plant.jpg 720w, https:\/\/taizyagromachine.com\/wp-content\/uploads\/2022\/02\/structure-of-20tpd-rice-mill-plant-300x225.jpg 300w\" sizes=\"auto, (max-width: 720px) 100vw, 720px\" \/><figcaption>Struktur einer Reism\u00fchlenanlage mit 20 Tonnen pro Tag<\/figcaption><\/figure> <\/div>   <h2 class=\"wp-block-heading\" id=\"h-machine-details\"><strong>Maschinendetails von <\/strong><\/h2>    <figure class=\"wp-block-gallery aligncenter has-nested-images columns-default is-cropped wp-block-gallery-2 is-layout-flex wp-block-gallery-is-layout-flex\"> <figure class=\"wp-block-image size-large\"><img loading=\"lazy\" decoding=\"async\" width=\"720\" height=\"540\" data-id=\"1751\" src=\"https:\/\/taizyagromachine.com\/wp-content\/uploads\/2022\/01\/destoner-screen.jpg\" alt=\"Entsteinersieb\" class=\"wp-image-1751\"\/><figcaption>Entsteinersieb<\/figcaption><\/figure>    <figure class=\"wp-block-image size-large\"><img loading=\"lazy\" decoding=\"async\" width=\"720\" height=\"540\" data-id=\"1752\" src=\"https:\/\/taizyagromachine.com\/wp-content\/uploads\/2022\/01\/control-cabinet.jpg\" alt=\"Schaltschrank\" class=\"wp-image-1752\"\/><figcaption>Schaltschrank<\/figcaption><\/figure> <\/figure>    <h2 class=\"wp-block-heading\" id=\"h-features-of-20tpd-modern-rice-milling-plant\"><strong>Merkmale der modernen Reism\u00fchlenanlage 20TPD<\/strong><\/h2>    <ul class=\"wp-block-list\" type=\"1\"><li>Der Teil des Reinigungssiebs \u00fcbernimmt den Rotationsbetrieb, einen reibungslosen Reinigungsweg und eine lange Reinigungswirkung.<\/li><li>Der Entsteiner \u00fcbernimmt den einzigartigen \u00dcbertragungsmodus, lange Maschinenlebensdauer.<\/li><li>Der Reissch\u00e4ler wird \u00fcber einen Riemen angetrieben, die schr\u00e4ge Zahnoberfl\u00e4che ist umgekehrt, ger\u00e4uscharm und stabil in der Leistung.<\/li><li>Die Reism\u00fchle wird durch starken Luftzug angetrieben, der Gehalt an Reiskleiepulver ist gering, die Temperatur ist niedrig.<\/li><li>Ein kompletter Satz Reismahlausr\u00fcstung, bestehend aus Einzelmaschinen, wie Reissch\u00e4ler, Reism\u00fcller usw.<\/li><\/ul>    <h2 class=\"wp-block-heading\" id=\"h-finished-products-effect-of-automatic-rice-processing-plant\"><strong>Endprodukteffekt von automatischem R<\/strong><strong>Eis <\/strong><strong>P<\/strong><strong>Verarbeitung <\/strong><strong>P<\/strong><strong>lant<\/strong><strong><\/strong><\/h2>    <p>Aus den folgenden Bildern ist deutlich zu erkennen, dass der Rohreis nach einer Reihe von Verarbeitungsprozessen zu wei\u00dfem Reis wird.<\/p>   <div class=\"wp-block-image\"> <figure class=\"aligncenter size-full\"><img loading=\"lazy\" decoding=\"async\" width=\"720\" height=\"540\" src=\"https:\/\/taizyagromachine.com\/wp-content\/uploads\/2022\/01\/finished-products.jpg\" alt=\"fertige Produkte\" class=\"wp-image-1753\"\/><figcaption>fertige Produkte<\/figcaption><\/figure> <\/div>   <h2 class=\"wp-block-heading\" id=\"h-rice-mill-plant-applications\"><strong>Anwendungen in Reism\u00fchlenanlagen<\/strong><strong><\/strong><\/h2>    <ol class=\"wp-block-list\" type=\"1\"><li>Ackerland.<\/li><li>St\u00e4dte.<\/li><li>Getreideladen.<\/li><li>Spezialisierte Haushalte.<\/li><\/ol>    <h2 class=\"wp-block-heading\" id=\"h-differences-between-15t-rice-mill-plant-and-20t-rice-mill-plant\"><strong>Unterschiede zwischen der 15TPD-Reism\u00fchlenanlage und der 20TPD-Reism\u00fchlenanlage<\/strong><\/h2>    <p class=\"translation-block\">Bei <a href=\"https:\/\/taizyagromachine.com\/de\/\" target=\"_blank\" rel=\"noreferrer noopener\">Taizy Machinery Company<\/a> unterscheidet sich im Basistyp die 15-t-Reism\u00fchle von der 20-t-Reism\u00fchle.<\/p>    <ol class=\"wp-block-list\" type=\"1\"><li>Ausgabe. Es ist sehr deutlich, dass diese beiden Werke Produktionsunterschiede aufweisen. Eine komplette 15-Tonnen-Reism\u00fchlenanlage hat eine Leistung von 600\u2013700 kg pro Stunde, w\u00e4hrend eine 20-Tonnen-Automatikreism\u00fchlenanlage eine Leistung von 800\u20131000 kg pro Stunde hat.<\/li><li>Konfiguration. Im Vergleich zur integrierten 15-Tonnen-Reism\u00fchlen-Produktionslinie verf\u00fcgt die 20-Tonnen-Reism\u00fchlenanlage \u00fcber einen Reiniger und einen Schrank.<\/li><li>Gr\u00f6\u00dfe. Der 20-Tonnen-Komplettsatz der Reism\u00fchlenausr\u00fcstung hat eine gr\u00f6\u00dfere Abmessung.<\/li><\/ol>    <h2 class=\"wp-block-heading\" id=\"h-related-machines\"><strong>Verwandte Maschinen<\/strong><strong><\/strong><\/h2>    <figure class=\"wp-block-gallery aligncenter has-nested-images columns-default is-cropped wp-block-gallery-3 is-layout-flex wp-block-gallery-is-layout-flex\"> <figure class=\"wp-block-image size-large\"><img loading=\"lazy\" decoding=\"async\" width=\"720\" height=\"540\" data-id=\"1756\" src=\"https:\/\/taizyagromachine.com\/wp-content\/uploads\/2022\/01\/15tpd-rice-milling.jpg\" alt=\"Reism\u00fchle mit 15 Tonnen pro Tag\" class=\"wp-image-1756\"\/><figcaption>Reism\u00fchle mit 15 Tonnen pro Tag<\/figcaption><\/figure>    <figure class=\"wp-block-image size-large\"><img loading=\"lazy\" decoding=\"async\" width=\"720\" height=\"540\" data-id=\"1758\" src=\"https:\/\/taizyagromachine.com\/wp-content\/uploads\/2022\/01\/30tpd-rice-milling.jpg\" alt=\"Reismahlanlage mit 30 Tonnen pro Tag\" class=\"wp-image-1758\"\/><figcaption>Reismahlanlage mit 30 Tonnen pro Tag<\/figcaption><\/figure> <\/figure>","protected":false},"excerpt":{"rendered":"<p>20TPD rice milling plant\u00a0is processing the paddy rice into white rice, production of 20t per day. This is the basic type, including the feed hopper, elevator, destoner, rice huller, gravity separator, and rice miller. It\u2019s fully automatic rice milling plant, producing satisfied edible white rice. It\u2019s a basic production line for processing white rice, especially [&hellip;]<\/p>\n","protected":false},"author":1,"featured_media":2165,"parent":0,"template":"","tags":[49,35,56,37,57,48],"product-type":[18],"class_list":["post-1133","product","type-product","status-publish","has-post-thumbnail","hentry","tag-complete-rice-milling-plant","tag-rice-mill","tag-rice-mill-machine","tag-rice-mill-plant","tag-rice-milling-machine","tag-rice-milling-plant-for-sale","product-type-rice-mill"],"_links":{"self":[{"href":"https:\/\/taizyagromachine.com\/de\/wp-json\/wp\/v2\/product\/1133","targetHints":{"allow":["GET"]}}],"collection":[{"href":"https:\/\/taizyagromachine.com\/de\/wp-json\/wp\/v2\/product"}],"about":[{"href":"https:\/\/taizyagromachine.com\/de\/wp-json\/wp\/v2\/types\/product"}],"author":[{"embeddable":true,"href":"https:\/\/taizyagromachine.com\/de\/wp-json\/wp\/v2\/users\/1"}],"wp:featuredmedia":[{"embeddable":true,"href":"https:\/\/taizyagromachine.com\/de\/wp-json\/wp\/v2\/media\/2165"}],"wp:attachment":[{"href":"https:\/\/taizyagromachine.com\/de\/wp-json\/wp\/v2\/media?parent=1133"}],"wp:term":[{"taxonomy":"post_tag","embeddable":true,"href":"https:\/\/taizyagromachine.com\/de\/wp-json\/wp\/v2\/tags?post=1133"},{"taxonomy":"product-type","embeddable":true,"href":"https:\/\/taizyagromachine.com\/de\/wp-json\/wp\/v2\/product-type?post=1133"}],"curies":[{"name":"wp","href":"https:\/\/api.w.org\/{rel}","templated":true}]}}