{"id":1135,"date":"2021-12-02T03:26:04","date_gmt":"2021-12-02T03:26:04","guid":{"rendered":"https:\/\/taizyagromachine.com\/?p=1135"},"modified":"2022-11-22T10:32:14","modified_gmt":"2022-11-22T02:32:14","slug":"vegetable-seed-planter","status":"publish","type":"product","link":"https:\/\/taizyagromachine.com\/de\/product\/vegetable-seed-planter\/","title":{"rendered":"Pflanzgef\u00e4\u00df f\u00fcr Gem\u00fcsesamen"},"content":{"rendered":"<p class=\"translation-block\"><strong>Gem\u00fcse-Saatsaatgut<\/strong> wird zum Ausbringen verschiedenster Gem\u00fcsesamen verwendet. Seine Anwendungen decken fast alle Arten von Gem\u00fcsesamen ab, wie Rote-Bete-Samen, Gr\u00fcnkohl-Samen, Brokkoli-Samen, Senf-Samen usw. Dieser Gem\u00fcse-Saatgutplanter hat eine sehr einfache Struktur, leichte Bedienung und eine lange Lebensdauer. Au\u00dferdem ist es eine hochautomatische Aussaatmaschine. Aber eine Person sollte die Richtung halten. Je nach Bedarf k\u00f6nnen Sie die Zeilen ausw\u00e4hlen, die Sie m\u00f6chten. Wir k\u00f6nnen die Maschinenreihen auch an Ihre tats\u00e4chliche Situation anpassen. Die Reihen reichen von 1 bis 12. Und falls Sie eine Gem\u00fcsesaatmaschine kaufen, k\u00f6nnen Sie flexibel Reihen zum Pflanzen von Gem\u00fcsesamen ausw\u00e4hlen. So erhalten Sie den gew\u00fcnschten Platz. Kontaktieren Sie uns gerne f\u00fcr weitere Details!<\/p>    <h2 class=\"wp-block-heading\" id=\"working-video-of-vegetable-seeder-machine\"><strong>Arbeitsvideo der Pflanzmaschine f\u00fcr Gem\u00fcsesamen<\/strong>  <\/h2>    <figure class=\"wp-block-embed aligncenter is-type-video is-provider-youtube wp-block-embed-youtube\"><div class=\"wp-block-embed__wrapper\"> <iframe loading=\"lazy\" title=\"Pflanzgef\u00e4\u00df f\u00fcr Gem\u00fcsesamen\" width=\"500\" height=\"281\" src=\"https:\/\/www.youtube.com\/embed\/PG3LXZ-K9Bw?feature=oembed\" frameborder=\"0\" allow=\"accelerometer; autoplay; clipboard-write; encrypted-media; gyroscope; picture-in-picture; web-share\" referrerpolicy=\"strict-origin-when-cross-origin\" allowfullscreen><\/iframe> <\/div><\/figure>    <h2 class=\"wp-block-heading\" id=\"structure-of-vegetable-seeder-for-sale\"><strong>Struktur eines Pflanzgef\u00e4\u00dfes f\u00fcr Gem\u00fcsesamen zum Verkauf<\/strong><\/h2>    <p>Das Design dieser Pflanzmaschine f\u00fcr Gem\u00fcsesamen ist sehr benutzerfreundlich f\u00fcr Landwirte. Zum einen steht der Benzinmotor zur Verf\u00fcgung, der den Strom f\u00fcr die Aussaat von Gem\u00fcsesamen liefert. Au\u00dferdem m\u00fcssen Personen nur die Armlehne festhalten, um die Richtung zu steuern. Anschlie\u00dfend wird der Werkzeugkasten an der Maschine befestigt. Die Walze dient zum Einebnen des Bodens.<\/p>   <div class=\"wp-block-image\"> <figure class=\"aligncenter size-full\"><img loading=\"lazy\" decoding=\"async\" width=\"720\" height=\"540\" src=\"https:\/\/taizyagromachine.com\/wp-content\/uploads\/2022\/01\/structure-of-vegetable-seed-planter.jpg\" alt=\"Struktur des Pflanzgef\u00e4\u00dfes f\u00fcr Gem\u00fcsesamen\" class=\"wp-image-1711\"\/><figcaption class=\"wp-element-caption\">Struktur der Gem\u00fcses\u00e4maschine<\/figcaption><\/figure> <\/div>   <h2 class=\"wp-block-heading\" id=\"advantages-of-vegetable-seeding-machine\"><strong>Vorteile des zum Verkauf stehenden Gem\u00fcsesamen-Pflanzers<\/strong><\/h2>    <ul class=\"wp-block-list\" type=\"1\"> <li>Verschiedene Reihen zum Pflanzen von Gem\u00fcsesamen. Die Zeilen variieren zwischen 1 und 12. Sie k\u00f6nnen die Samen entsprechend Ihrer Bodensituation auss\u00e4en.<\/li>    <li>Benzinmotor. Dieser Benzinmotor liefert die Energie, die die Gem\u00fcsesaatmaschine ben\u00f6tigt.<\/li>    <li>Breite Anwendungen. Die Gem\u00fcses\u00e4maschine hat eine Vielzahl von Anwendungen, wie z. B. Sellerie, Amaranth, Bok Choi, Rucola, Yu Choi usw.<\/li>    <li>Ein Satz S\u00e4scheiben f\u00fcr alle Arten von Gem\u00fcsesamen. Dieses Set kann alle Ihre Probleme bei der Aussaat von Gem\u00fcsesamen l\u00f6sen.<\/li>    <li>Einfache Bedienung. Nur eine Person ist f\u00fcr die Regie verantwortlich, dann kann die Maschine sehr gut laufen.<\/li>    <li>Flexible Aussaat. Sie k\u00f6nnen die passenden Saatk\u00e4sten im erforderlichen Abstand ausw\u00e4hlen, um sie an Ihre Bodenbed\u00fcrfnisse anzupassen.<\/li> <\/ul>    <figure class=\"wp-block-gallery has-nested-images columns-default is-cropped wp-block-gallery-2 is-layout-flex wp-block-gallery-is-layout-flex\"> <figure class=\"wp-block-image size-large\"><img loading=\"lazy\" decoding=\"async\" width=\"1685\" height=\"1263\" data-id=\"1715\" src=\"https:\/\/taizyagromachine.com\/wp-content\/uploads\/2022\/01\/equipped-gasoline.jpg\" alt=\"Benzin ausgestattet f\u00fcr Gem\u00fcsesaatmaschine\" class=\"wp-image-1715\"\/><figcaption class=\"wp-element-caption\">Benzin ausgestattet<\/figcaption><\/figure>    <figure class=\"wp-block-image size-large\"><img loading=\"lazy\" decoding=\"async\" width=\"720\" height=\"540\" data-id=\"1716\" src=\"https:\/\/taizyagromachine.com\/wp-content\/uploads\/2022\/01\/seeding-disc.jpg\" alt=\"S\u00e4scheibe aus Gem\u00fcsesaatgef\u00e4\u00df\" class=\"wp-image-1716\"\/><figcaption class=\"wp-element-caption\">S\u00e4scheibe<\/figcaption><\/figure> <\/figure>    <h2 class=\"wp-block-heading\" id=\"wide-applications\"><strong>Vielf\u00e4ltige Anwendungsm\u00f6glichkeiten f\u00fcr Handpflanzgef\u00e4\u00dfe f\u00fcr Gem\u00fcsesamen<\/strong><\/h2>    <p class=\"translation-block\">Der Gem\u00fcse-S\u00e4er von <a href=\"https:\/\/taizyagromachine.com\/de\/\" target=\"_blank\" rel=\"noreferrer noopener\">Taizy Company<\/a> hat ein immenses Anwendungsspektrum. Gem\u00fcsesamen sind zum Beispiel Rote Bete, Gr\u00fcnkohl, Brokkoli, Senf, Sellerie, Amaranth, Bok Choi, Rucola, Yu Choi, Taiwan-Kohl, Spinat, Blattgr\u00fcn, Fr\u00fchlingszwiebeln, Schnittlauch, Koriander, Kan Kong (ong Choi)(Wasserbbl\u00e4tter), Napa-Kohl, Karotten, Rettich (Daikin und asiatische Sorten), Turnip, etc. Alle Arten von Gem\u00fcsesamen eignen sich f\u00fcr diese Gem\u00fcse-Saatgut-S\u00e4maschine. Falls Sie sich nicht sicher sind, kontaktieren Sie uns bald \u2013 wir k\u00f6nnen Ihnen professionelle L\u00f6sungen anbieten.<\/p>   <div class=\"wp-block-image\"> <figure class=\"aligncenter size-full\"><img loading=\"lazy\" decoding=\"async\" width=\"2100\" height=\"500\" src=\"https:\/\/taizyagromachine.com\/wp-content\/uploads\/2022\/01\/wide-applications-of-vegetable-seeder.jpg\" alt=\"breite Anwendungen der Gem\u00fcses\u00e4maschine\" class=\"wp-image-1717\"\/><figcaption class=\"wp-element-caption\">breite Anwendungen der Gem\u00fcses\u00e4maschine<\/figcaption><\/figure> <\/div>   <h2 class=\"wp-block-heading\" id=\"differences-between-standard-configuration-and-high-configuration\"><strong>Unterschiede zwischen Standardkonfiguration und hoher Konfiguration \u2013 Push-Gem\u00fcsesamenpflanzer<\/strong><\/h2>    <p>Der grundlegende Unterschied besteht in der Struktur des handgef\u00fchrten Pflanzgef\u00e4\u00dfes f\u00fcr Gem\u00fcsesamen.<\/p>    <p class=\"translation-block\"><strong>Standardkonfiguration<\/strong>: ein Achsen-Design. Alle Saatgutboxen sind durch eine Welle miteinander verbunden.<\/p>    <p class=\"translation-block\"><strong>Hohe Konfiguration<\/strong>: die Saatgutbox ist in der festen Position installiert, zum einfachen Demontieren.<\/p>    <p>Wenn Sie die S\u00e4scheibe austauschen m\u00f6chten, um verschiedene Samen zu s\u00e4en, m\u00fcssen Sie bei der Standardkonfiguration die gesamte Welle herausziehen, was umst\u00e4ndlicher ist.<\/p>    <figure class=\"wp-block-gallery has-nested-images columns-default is-cropped wp-block-gallery-3 is-layout-flex wp-block-gallery-is-layout-flex\"> <figure class=\"wp-block-image size-large\"><img loading=\"lazy\" decoding=\"async\" width=\"720\" height=\"540\" data-id=\"1718\" src=\"https:\/\/taizyagromachine.com\/wp-content\/uploads\/2022\/01\/standard-configuration.jpg\" alt=\"Standardkonfiguration\" class=\"wp-image-1718\"\/><figcaption class=\"wp-element-caption\">Standardkonfiguration<\/figcaption><\/figure>    <figure class=\"wp-block-image size-large\"><img loading=\"lazy\" decoding=\"async\" width=\"720\" height=\"540\" data-id=\"1719\" src=\"https:\/\/taizyagromachine.com\/wp-content\/uploads\/2022\/01\/high-configuration.jpg\" alt=\"hohe Konfiguration\" class=\"wp-image-1719\"\/><figcaption class=\"wp-element-caption\">hohe Konfiguration<\/figcaption><\/figure> <\/figure>    <h2 class=\"wp-block-heading\" id=\"package-and-shipping\"><strong>Verpackung und Versand von kleinen kommerziellen Pflanzgef\u00e4\u00dfen f\u00fcr Gem\u00fcsesamen<\/strong><\/h2>    <p class=\"translation-block\">Diese Gem\u00fcse-Saatgutplanter-Maschine wird auch in Fremdl\u00e4nder und -regionen exportiert. Nicht nur diese Maschine, wir exportieren auch den <a href=\"https:\/\/cornmachines.com\/corn-planter-machine\/\" target=\"_blank\" rel=\"noreferrer noopener\">Mais-Saatgutplanter<\/a>, <a href=\"https:\/\/taizyagromachine.com\/de\/wheat-planter\/\" target=\"_blank\" rel=\"noreferrer noopener\">Weizen-Saatgutplanter<\/a> usw. Vor dem Export verpacken wir die Maschine in Holzkisten. W\u00e4hrend des Versands erh\u00e4lt die Maschine Schutz, um St\u00f6\u00dfe zu vermeiden, die Sch\u00e4den verursachen k\u00f6nnten. &nbsp;<\/p>   <div class=\"wp-block-image\"> <figure class=\"aligncenter size-full\"><img loading=\"lazy\" decoding=\"async\" width=\"720\" height=\"540\" src=\"https:\/\/taizyagromachine.com\/wp-content\/uploads\/2022\/01\/packing-and-shipping-vegetable-seeder.jpg\" alt=\"Verpackung und Versand \u2013 Gem\u00fcses\u00e4maschine\" class=\"wp-image-1721\"\/><figcaption class=\"wp-element-caption\">Verpackung und Versand \u2013 Gem\u00fcses\u00e4maschine<\/figcaption><\/figure> <\/div>   <h2 class=\"wp-block-heading\"><strong>Technische Parameter des Pflanzgef\u00e4\u00dfes f\u00fcr Gem\u00fcsesaatreihen<\/strong><\/h2>    <figure class=\"wp-block-table\"><table><tbody><tr><td>Modell<\/td><td>SC-9<\/td><\/tr><tr><td>Reihen<\/td><td>1-14<\/td><\/tr><tr><td>Samen<\/td><td>Spinat, Karotte, Sellerie usw.<\/td><\/tr><tr><td>Leistung<\/td><td>Benzinmotor<\/td><\/tr><tr><td>Packma\u00df<\/td><td>116*126*87cm<\/td><\/tr><tr><td>Gewicht<\/td><td>160kg<\/td><\/tr><\/tbody><\/table><\/figure>","protected":false},"excerpt":{"rendered":"<p>Vegetable seed planter&nbsp;is designed for&nbsp;sowing various vegetable seeds. Its applications cover almost all kinds of vegetable seeds, such as beets seeds, kale seeds, broccoli seeds, mustard seeds, etc. This vegetable seed planter has very simple structure, easy operation, and long service life. Besides, it\u2019s a highly automatic sowing machine. But one person should hold the [&hellip;]<\/p>\n","protected":false},"author":1,"featured_media":2162,"parent":0,"template":"","tags":[],"product-type":[22],"class_list":["post-1135","product","type-product","status-publish","has-post-thumbnail","hentry","product-type-others"],"_links":{"self":[{"href":"https:\/\/taizyagromachine.com\/de\/wp-json\/wp\/v2\/product\/1135","targetHints":{"allow":["GET"]}}],"collection":[{"href":"https:\/\/taizyagromachine.com\/de\/wp-json\/wp\/v2\/product"}],"about":[{"href":"https:\/\/taizyagromachine.com\/de\/wp-json\/wp\/v2\/types\/product"}],"author":[{"embeddable":true,"href":"https:\/\/taizyagromachine.com\/de\/wp-json\/wp\/v2\/users\/1"}],"wp:featuredmedia":[{"embeddable":true,"href":"https:\/\/taizyagromachine.com\/de\/wp-json\/wp\/v2\/media\/2162"}],"wp:attachment":[{"href":"https:\/\/taizyagromachine.com\/de\/wp-json\/wp\/v2\/media?parent=1135"}],"wp:term":[{"taxonomy":"post_tag","embeddable":true,"href":"https:\/\/taizyagromachine.com\/de\/wp-json\/wp\/v2\/tags?post=1135"},{"taxonomy":"product-type","embeddable":true,"href":"https:\/\/taizyagromachine.com\/de\/wp-json\/wp\/v2\/product-type?post=1135"}],"curies":[{"name":"wp","href":"https:\/\/api.w.org\/{rel}","templated":true}]}}