{"id":1137,"date":"2021-12-02T01:28:02","date_gmt":"2021-12-02T01:28:02","guid":{"rendered":"https:\/\/taizyagromachine.com\/?p=1137"},"modified":"2025-01-02T13:56:04","modified_gmt":"2025-01-02T05:56:04","slug":"wheat-planter","status":"publish","type":"product","link":"https:\/\/taizyagromachine.com\/de\/product\/wheat-planter\/","title":{"rendered":"Weizenpflanzer"},"content":{"rendered":"<p class=\"translation-block\"><strong>Weizenpflanzmaschine<\/strong> ist eine S\u00e4maschine speziell f\u00fcr die Aussaat von <a href=\"https:\/\/en.wikipedia.org\/wiki\/Wheat\" target=\"_blank\" rel=\"noreferrer noopener\">Weizen<\/a>. Diese Weizens\u00e4maschine kann gleichzeitig s\u00e4en und d\u00fcngen. Nat\u00fcrlich k\u00f6nnen Sie auch nur s\u00e4en. Es h\u00e4ngt von Ihnen ab. Au\u00dferdem eignet sie sich zum S\u00e4en von Weizen, Luzerne, Getreide, Gerste, Trockenreis, Sesam usw. Die Maschinengr\u00f6\u00dfe variiert je nach Weizenaussaatmaschine mit unterschiedlichen Reihen. Sie sollte mit dem Traktor arbeiten, um die Weizenpflanzarbeit automatisch abzuschlie\u00dfen. Aber wie allgemein bekannt ist, wird diese Maschine auf dem vorbereiteten Feld eingesetzt. Wenn Sie Zweifel haben, kontaktieren Sie uns bitte so schnell wie m\u00f6glich f\u00fcr weitere Details!<\/p>    <h2 class=\"wp-block-heading\" id=\"h-wheat-planter-for-sale\"><strong>Weizenpflanzer zu verkaufen<\/strong><strong><\/strong><\/h2>    <p class=\"translation-block\">Bei <a href=\"https:\/\/taizyagromachine.com\/de\/\" target=\"_blank\" rel=\"noreferrer noopener\">Taizy Machine Company<\/a> bieten wir verschiedene Arten von Weizenpflanzmaschinen zum Verkauf an. Diese Maschinen der Serie 2BXF sind neue Modelle, die mit einem Getriebe zur Einstellung der Ausgabemenge ausgestattet sind. Die Haupttypen werden wie folgt beschrieben:<\/p>    <h3 class=\"wp-block-heading\" id=\"h-type-a\"><strong>2BFX-9 (9 Reihen) Weizenpflanzer zum Verkauf<\/strong><\/h3>    <p>Diese Art von S\u00e4maschine verf\u00fcgt \u00fcber 9 Reihen zur Aussaat von Weizen. Es adaptiert das 3-Punkt-Gest\u00e4nge und ist auf den Kleintraktor abgestimmt. W\u00e4hrend des Einsatzes kann es das Feld ebnen, Furchen schneiden, Erde bedecken usw.<\/p>   <div class=\"wp-block-image\"> <figure class=\"aligncenter size-full\"><img loading=\"lazy\" decoding=\"async\" width=\"720\" height=\"540\" src=\"https:\/\/taizyagromachine.com\/wp-content\/uploads\/2021\/12\/9-row-wheat-planting-machine.jpg\" alt=\"9-reihige Weizenpflanzmaschine\" class=\"wp-image-1731\"\/><figcaption class=\"wp-element-caption\">9-reihige Weizenpflanzmaschine<\/figcaption><\/figure> <\/div>   <h3 class=\"wp-block-heading\" id=\"h-type-b\"><strong> 2BFX-12 (12 Reihen) Weizenpflanzmaschine zu verkaufen<\/strong><\/h3>    <p>Die Weizenpflanzmaschine verf\u00fcgt \u00fcber 12 Arbeitsreihen. Alle Aufgaben k\u00f6nnen erledigt werden, einschlie\u00dflich Nivellieren, Boden\u00f6ffnen, D\u00fcngen, S\u00e4en, Abdecken und Pressen. Im Vergleich zu 2BXF-9 weist dieser eine h\u00f6here Arbeitseffizienz auf.<\/p>   <div class=\"wp-block-image\"> <figure class=\"aligncenter size-full\"><img loading=\"lazy\" decoding=\"async\" width=\"720\" height=\"540\" src=\"https:\/\/taizyagromachine.com\/wp-content\/uploads\/2022\/01\/12-row-wheat-seeder.jpg\" alt=\"12-reihige Weizens\u00e4maschine\" class=\"wp-image-1732\"\/><figcaption class=\"wp-element-caption\">12-reihige Weizens\u00e4maschine<\/figcaption><\/figure> <\/div>   <h3 class=\"wp-block-heading\" id=\"h-type-c\"><strong>2BFX-20 (20 Reihen) Weizenpflanzer zum Verkauf<\/strong><\/h3>    <p>Diese Weizenpflanzmaschine verf\u00fcgt \u00fcber 20 Reihen zur Durchf\u00fchrung der Aussaatarbeiten. Es kann mit dem passenden Traktor zusammenarbeiten und so die Effizienz der Bodenbearbeitung erheblich verbessern.<\/p>   <div class=\"wp-block-image\"> <figure class=\"aligncenter size-full\"><img loading=\"lazy\" decoding=\"async\" width=\"720\" height=\"540\" src=\"https:\/\/taizyagromachine.com\/wp-content\/uploads\/2022\/01\/20-row-wheat-seeder.jpg\" alt=\"20-reihige Weizenpflanzmaschine\" class=\"wp-image-1734\"\/><figcaption class=\"wp-element-caption\">20-reihige Weizenpflanzmaschine<\/figcaption><\/figure> <\/div>   <h2 class=\"wp-block-heading\" id=\"h-advantages-of-wheat-planter-machine\"><strong>Vorteile der Weizenpflanzmaschine<\/strong><strong><\/strong><\/h2>    <ul class=\"wp-block-list\" type=\"1\"> <li>Pr\u00e4zisere Aussaatmenge. Dank des neuen Modells kann die Maschine den Weizen pr\u00e4ziser s\u00e4en.<\/li>    <li>Der neue D\u00fcngerbeh\u00e4lter besteht aus Edelstahl. Dadurch ist es langlebiger und zuverl\u00e4ssiger im Einsatz.<\/li>    <li>Der Weizenpflanzer wird f\u00fcr kleine k\u00f6rnige Gegenst\u00e4nde wie Weizen, Reis, Luzerne, Gerste, Gras, Trockenreis, Gras usw. verwendet.<\/li>    <li>Diese Maschine kann mit Reihen von 6, 9, 12, 14, 16, 20 hergestellt werden.<\/li>    <li>Es verf\u00fcgt \u00fcber eine Aufh\u00e4ngungsverbindung mit dem Traktor und eine 3-Punkt-Verbindung.<\/li>    <li>Diese Maschine s\u00e4t und d\u00fcngt in derselben Furche.<\/li> <\/ul>    <h2 class=\"wp-block-heading\" id=\"h-machine-details\"><strong>Maschinendetails der Taizy-Weizenpflanzmaschine<\/strong><\/h2>    <p>Wie das Foto unten zeigt, zeigt der erste Teil, dass der Boden nach der Aussaat bedeckt ist. Eine andere zeigt, dass wir bei der Aussaat klar sehen k\u00f6nnen.<\/p>   <div class=\"wp-block-image\"> <figure class=\"aligncenter size-full\"><img loading=\"lazy\" decoding=\"async\" width=\"720\" height=\"720\" src=\"https:\/\/taizyagromachine.com\/wp-content\/uploads\/2022\/01\/wheat-machine-details.jpg\" alt=\"Einzelheiten zur Weizenmaschine\" class=\"wp-image-1736\"\/><figcaption class=\"wp-element-caption\">Einzelheiten zur Weizenmaschine<\/figcaption><\/figure> <\/div>   <h2 class=\"wp-block-heading\" id=\"h-questions-you-will-ask\"><strong>Fragen, die Sie bei der Auswahl eines Weizenpflanzgef\u00e4\u00dfes stellen werden <\/strong><\/h2>    <h3 class=\"wp-block-heading\" id=\"h-tractor-horsepower\"><strong>Traktor-PS<\/strong><\/h3>    <p>Aufgrund unterschiedlicher Weizens\u00e4maschinen sollte diese zum entsprechenden Traktor passen. Beispielsweise arbeitet eine 9-reihige Weizens\u00e4maschine mit einem kleinen Traktor, w\u00e4hrend die 20-reihige S\u00e4maschine einen leistungsst\u00e4rkeren Traktor ben\u00f6tigt.<\/p>    <h3 class=\"wp-block-heading\" id=\"h-planting-rows\"><strong>Reihen pflanzen<\/strong><\/h3>    <p>Wenn Sie die Pflanzreihen festlegen, k\u00f6nnen Sie sich auch f\u00fcr die Art der Weizens\u00e4maschine entscheiden. Es stehen Reihen mit 6, 9, 12, 14, 16 und 20 Reihen zur Verf\u00fcgung.<\/p>    <h3 class=\"wp-block-heading\" id=\"h-fertilizing-and-sowing-quantity\"><strong>D\u00fcnge- und Aussaatmenge<\/strong><\/h3>    <p>Dies h\u00e4ngt eng mit der Maschine zusammen, die \u00fcber D\u00fcnger- und Saatgutbeh\u00e4lter verf\u00fcgt. Achten Sie beim Einsatz dieser Maschine darauf, dass die D\u00fcngermenge mit der Aussaatmenge \u00fcbereinstimmt. Sie haben einen gewissen Anteil. Wenn Sie verwirrt sind, kontaktieren Sie uns bitte f\u00fcr Unterst\u00fctzung!<\/p>    <h2 class=\"wp-block-heading\" id=\"h-maintenance-of-wheat-seed-drill\"><strong>Wartung der Weizens\u00e4maschine<\/strong><strong><\/strong><\/h2>    <ol class=\"wp-block-list\" type=\"1\"> <li>Wenn die Maschine mit hoher Geschwindigkeit auf der Stra\u00dfe f\u00e4hrt, muss der Traktorheber verriegelt sein und es ist strengstens verboten, die Maschine zum Fahren zu ziehen.<\/li>    <li>\u00dcberpr\u00fcfen Sie vor dem Pflanzen die Befestigungs- und Verbindungselemente und ziehen Sie diese rechtzeitig fest, wenn sie locker sind.<\/li>    <li>W\u00e4hrend des Betriebs muss der Bediener die Regeln f\u00fcr einen sicheren Betrieb strikt befolgen, um unn\u00f6tigen Verschlei\u00df an den Werkzeugmaschinen zu vermeiden.<\/li>    <li>Entfernen Sie nach jeder Arbeitsschicht den Schmutz von allen Teilen der Maschine.<\/li>    <li>Nach viertelj\u00e4hrlichem Gebrauch rechtzeitig reinigen und warten. Reinigen Sie den D\u00fcnger, \u00fcberpr\u00fcfen Sie jedes Teil, f\u00fcgen Sie dann Korrosionsschutz\u00f6l hinzu und lagern Sie es schlie\u00dflich im Lager. &nbsp;<\/li> <\/ol>    <h2 class=\"wp-block-heading\" id=\"h-related-machines\"><strong>Verwandte Maschinen<\/strong><strong><\/strong><\/h2>    <p class=\"translation-block\">Als professionelles Unternehmen f\u00fcr Landmaschinen bieten wir nicht nur Weizenpflanzmaschinen mit mehreren Reihen an, sondern auch Maispflanzmaschinen und <a href=\"https:\/\/taizyagromachine.com\/de\/others\/vegetable-seed-planter\/\" target=\"_blank\" rel=\"noreferrer noopener\">Gem\u00fcsepflanzmaschinen<\/a>. Wenn Sie Interesse haben, kontaktieren Sie uns jederzeit.<\/p>    <figure class=\"wp-block-gallery aligncenter has-nested-images columns-default is-cropped wp-block-gallery-2 is-layout-flex wp-block-gallery-is-layout-flex\"> <figure class=\"wp-block-image size-large\"><img loading=\"lazy\" decoding=\"async\" width=\"720\" height=\"540\" data-id=\"1739\" src=\"https:\/\/taizyagromachine.com\/wp-content\/uploads\/2021\/12\/6-row-wheat-seeding-machine.jpg\" alt=\"6-reihige Weizens\u00e4maschine\" class=\"wp-image-1739\"\/><figcaption class=\"wp-element-caption\">6-reihige Weizens\u00e4maschine<\/figcaption><\/figure>    <figure class=\"wp-block-image size-large\"><img loading=\"lazy\" decoding=\"async\" width=\"720\" height=\"540\" data-id=\"1740\" src=\"https:\/\/taizyagromachine.com\/wp-content\/uploads\/2022\/01\/16-row-wheat-seeding-machine.jpg\" alt=\"16-reihige Weizens\u00e4maschine\" class=\"wp-image-1740\"\/><figcaption class=\"wp-element-caption\">16-reihige Weizens\u00e4maschine<\/figcaption><\/figure> <\/figure>","protected":false},"excerpt":{"rendered":"<p>Wheat planter&nbsp;is a seed drill specially for wheat sowing. This wheat seed drill can simultaneously seed and fertilize. Of course, you can choose only seeding. It depends on you. Besides, it is suitable for sowing wheat, alfalfa, grain, barley, dry-rice, sesame, etc. The machine size varies along with the wheat sowing machine of different rows. [&hellip;]<\/p>\n","protected":false},"author":1,"featured_media":2145,"parent":0,"template":"","tags":[],"product-type":[20],"class_list":["post-1137","product","type-product","status-publish","has-post-thumbnail","hentry","product-type-rice-and-wheat-machine"],"_links":{"self":[{"href":"https:\/\/taizyagromachine.com\/de\/wp-json\/wp\/v2\/product\/1137","targetHints":{"allow":["GET"]}}],"collection":[{"href":"https:\/\/taizyagromachine.com\/de\/wp-json\/wp\/v2\/product"}],"about":[{"href":"https:\/\/taizyagromachine.com\/de\/wp-json\/wp\/v2\/types\/product"}],"author":[{"embeddable":true,"href":"https:\/\/taizyagromachine.com\/de\/wp-json\/wp\/v2\/users\/1"}],"wp:featuredmedia":[{"embeddable":true,"href":"https:\/\/taizyagromachine.com\/de\/wp-json\/wp\/v2\/media\/2145"}],"wp:attachment":[{"href":"https:\/\/taizyagromachine.com\/de\/wp-json\/wp\/v2\/media?parent=1137"}],"wp:term":[{"taxonomy":"post_tag","embeddable":true,"href":"https:\/\/taizyagromachine.com\/de\/wp-json\/wp\/v2\/tags?post=1137"},{"taxonomy":"product-type","embeddable":true,"href":"https:\/\/taizyagromachine.com\/de\/wp-json\/wp\/v2\/product-type?post=1137"}],"curies":[{"name":"wp","href":"https:\/\/api.w.org\/{rel}","templated":true}]}}