{"id":1217,"date":"2021-12-04T01:18:15","date_gmt":"2021-12-04T01:18:15","guid":{"rendered":"https:\/\/taizyagromachine.com\/?p=1217"},"modified":"2022-09-29T13:59:15","modified_gmt":"2022-09-29T05:59:15","slug":"15tpd-rice-mill-plant-with-package","status":"publish","type":"product","link":"https:\/\/taizyagromachine.com\/de\/product\/15tpd-rice-mill-plant-with-package\/","title":{"rendered":"15TPD Reism\u00fchlenanlage mit Paket"},"content":{"rendered":"<p class=\"translation-block\"><strong>15TPD Reism\u00fchle mit Paket<\/strong> integriert Entsteinung, Reissch\u00e4lung, Rohreisabtrennung, erste Reisvermahlung, zweite Reisvermahlung, Wei\u00dfreisgradierung und Verpackung. Aus diesem Prozess ist klar ersichtlich, dass der Rohreis zweimal gemahlen wird. So k\u00f6nnen Sie hochwertigen Reis erhalten. Au\u00dferdem ist es eine komplette Reism\u00fchlenproduktionslinie, die Arbeitskr\u00e4fte und Zeit spart. Dar\u00fcber hinaus hat es eine hohe Arbeitseffizienz. F\u00fcr diese Reism\u00fchlenanlage betr\u00e4gt die Kapazit\u00e4t 15 Tonnen pro Tag, 600-700 kg pro Stunde. Es kann Ihre Gesch\u00e4ftsanforderungen erf\u00fcllen. Kontaktieren Sie uns, wir werden Ihnen sehr bald antworten!<\/p>    <h2 class=\"wp-block-heading\" id=\"h-structure-of-automatic-rice-mill-machine-for-sale\"><strong>Struktur der automatischen Reism\u00fchlenanlage mit Paket<\/strong><\/h2>    <p class=\"translation-block\"><a href=\"https:\/\/taizyagromachine.com\/de\/product\/15tpd-rice-mill-plant\/\" target=\"_blank\" rel=\"noreferrer noopener\">15TPD Reism\u00fchle mit Paket<\/a> besteht aus Steinabscheider, <a href=\"https:\/\/en.wikipedia.org\/wiki\/Rice_huller\" target=\"_blank\" rel=\"noreferrer noopener\">Reissch\u00e4lmaschine<\/a>, Rohreisabscheider, erster Reism\u00fchle, zweiter Reism\u00fchle, Wei\u00dfreisgrader und Verpackungsmaschine.<\/p>   <div class=\"wp-block-image\"> <figure class=\"aligncenter size-full\"><img loading=\"lazy\" decoding=\"async\" width=\"720\" height=\"540\" src=\"https:\/\/taizyagromachine.com\/wp-content\/uploads\/2022\/01\/structure-15tpd-with-package.jpg\" alt=\"Struktur\" class=\"wp-image-1775\"\/><figcaption>Struktur<\/figcaption><\/figure> <\/div>   <h2 class=\"wp-block-heading\" id=\"h-which-place-is-applicable\"><strong>Welcher Ort ist f\u00fcr eine Reism\u00fchlenanlage mit Paket geeignet?<\/strong><\/h2>    <ol class=\"wp-block-list\" type=\"1\"><li>Reisverteilungsstation<\/li><li>Bauernh\u00f6fe<\/li><li>Reisfabrik<\/li><li>Selbstst\u00e4ndige<\/li><\/ol>    <h2 class=\"wp-block-heading\" id=\"h-advantages-of-15t-integrated-rice-mill-plant\"><strong>Vorteile der integrierten 15-Tonnen-Reism\u00fchlenanlage mit Paket<\/strong><\/h2>    <ul class=\"wp-block-list\" type=\"1\"><li>Kompakte Struktur, attraktives Aussehen, richtige Gr\u00f6\u00dfe.<\/li><li>Super Qualit\u00e4t, stabile Leistung, geringer Wartungsaufwand.<\/li><li>Einfache Bedienung, hoher Automatisierungsgrad.<\/li><li>Hoher Ertrag, keine Umweltverschmutzung.<\/li><li>Hohe Geschwindigkeit beim Brechen der Schalen, geringe Vibration der gesamten Maschine, schnelle Reisausgabe.<\/li><\/ul>    <h2 class=\"wp-block-heading\" id=\"h-work-flow\"><strong>Arbeitsablauf der Reism\u00fchlenanlage mit Paket <\/strong><\/h2>    <p>Diese 15TPD-Reism\u00fchlenanlage mit Paket funktioniert wie folgt:<\/p>    <ol class=\"wp-block-list\" type=\"1\"><li>Geben Sie den Rohreis in den Trichter.<\/li><li>Anschlie\u00dfend gelangt der Rohreis zum Destoner. Das Gebl\u00e4se bl\u00e4st die leichten Verunreinigungen heraus. Durch das Sieb gelangen die Steine \u200b\u200bim Rohreis nach drau\u00dfen.<\/li><li>Und dann kommt der Rohreis durch den Doppelelevator zur Reissch\u00e4lmaschine. Der Reissch\u00e4ler dient dazu, die Schale vom Rohreis zu entfernen.<\/li><li>Der gesch\u00e4lte Rohreis erreicht den Rohreis-Separator. In drei Sorten aufteilen: brauner Reis, brauner Reis und Rohreis und Rohreis. Brauner Reis gelangt direkt zur Reism\u00fchle. W\u00e4hrend der braune Reis und der Rohreis durch den Doppelelevator zum Separator zur\u00fcckkommen. Zuletzt gelangt der Rohreis direkt zum Reissch\u00e4ler.<\/li><li>Die Reism\u00fchle mahlt den braunen Reis zu wei\u00dfem Reis. Au\u00dferdem ist es die erste Reism\u00fchle.<\/li><li>Dann beginnt die zweite Reism\u00fchle, um den Reis zu polieren und hochwertigen wei\u00dfen Reis zu erhalten.<\/li><li>Der Sortierer f\u00fcr wei\u00dfen Reis dient zum Sortieren von ganzem wei\u00dfem Reis und gebrochenem wei\u00dfem Reis.<\/li><li>Schlie\u00dflich wird der ganze wei\u00dfe Reis von der Verpackungsmaschine in Beutel mit einem Gewicht von 5 kg bis 50 kg verpackt.<\/li><\/ol>   <div class=\"wp-block-image\"> <figure class=\"aligncenter size-full\"><img loading=\"lazy\" decoding=\"async\" width=\"720\" height=\"320\" src=\"https:\/\/taizyagromachine.com\/wp-content\/uploads\/2022\/01\/working-scene-15tpd.jpg\" alt=\"Arbeitsszene\" class=\"wp-image-1777\"\/><figcaption>Arbeitsszene<\/figcaption><\/figure> <\/div>   <h2 class=\"wp-block-heading\" id=\"h-services-you-will-enjoy\"><strong>Dienstleistungen, die Ihnen gefallen werden<\/strong><strong><\/strong><\/h2>    <ol class=\"wp-block-list\" type=\"1\"><li>Professionelle Wissensunterst\u00fctzung.<\/li><li>Rechtzeitiger technischer Support.<\/li><li>Kundendienst.<\/li><li>Video- und Online-Anleitung.<\/li><li>Anpassung. Je nach Ihrem Unternehmen bieten wir die am besten geeigneten L\u00f6sungen.<\/li><\/ol>    <h2 class=\"wp-block-heading\" id=\"h-why-choose-us\"><strong>Warum uns w\u00e4hlen?<\/strong><strong><\/strong><\/h2>    <p class=\"translation-block\">Bei <a href=\"https:\/\/taizyagromachine.com\/de\/\" target=\"_blank\" rel=\"noreferrer noopener\">Taizy Company<\/a> liefern wir nicht nur die 15tpd Reism\u00fchle mit Paket, sondern auch andere Arten von Reism\u00fchlen. Wie z.B. 20TPD Reism\u00fchlen, 18t Reism\u00fchlenproduktionslinien usw. Im Vergleich zu anderen Herstellern und Lieferanten haben wir einzigartige St\u00e4rken im Vergleich zu anderen Herstellern und Lieferanten.<\/p>    <ol class=\"wp-block-list\" type=\"1\"><li>Reichhaltige Erfahrung. Wir sind seit mehr als Jahrzehnten tief in der Landwirtschaft t\u00e4tig.<\/li><li>Verschiedene Arten von Reism\u00fchlen. Au\u00dferdem verf\u00fcgen wir \u00fcber Reism\u00fchlenanlagen mit unterschiedlichen Kapazit\u00e4ten.<\/li><li>Exportiert in mehr als 80 L\u00e4nder und Regionen. Unsere Maschinen sind nach Nigeria, Burkina Faso, Vietnam, Malaysia, Kenia, Brasilien, Madagaskar, Peru usw. gekommen.<\/li><\/ol>   <div class=\"wp-block-image\"> <figure class=\"aligncenter size-full\"><img loading=\"lazy\" decoding=\"async\" width=\"720\" height=\"400\" src=\"https:\/\/taizyagromachine.com\/wp-content\/uploads\/2022\/01\/factory-display.jpg\" alt=\"Werksanzeige\" class=\"wp-image-1778\"\/><figcaption>Werksanzeige<\/figcaption><\/figure> <\/div>","protected":false},"excerpt":{"rendered":"<p>15TPD rice mill plant with package\u00a0integrates destoning, rice hulling, paddy rice separating, first rice milling, second rice milling, white rice grading, and packaging. From this process, it\u2019s clearly found that the paddy rice is milled twice. So, you can get high-quality rice. Besides, it\u2019s a complete rice milling production line, saving labor and time. Moreover, [&hellip;]<\/p>\n","protected":false},"author":1,"featured_media":1774,"parent":0,"template":"","tags":[51,50,52,35,37,38],"product-type":[18],"class_list":["post-1217","product","type-product","status-publish","has-post-thumbnail","hentry","tag-automatic-rice-mill-machine-for-sale","tag-integrated-rice-mill-plant","tag-package-machine","tag-rice-mill","tag-rice-mill-plant","tag-rice-mill-production-line","product-type-rice-mill"],"_links":{"self":[{"href":"https:\/\/taizyagromachine.com\/de\/wp-json\/wp\/v2\/product\/1217","targetHints":{"allow":["GET"]}}],"collection":[{"href":"https:\/\/taizyagromachine.com\/de\/wp-json\/wp\/v2\/product"}],"about":[{"href":"https:\/\/taizyagromachine.com\/de\/wp-json\/wp\/v2\/types\/product"}],"author":[{"embeddable":true,"href":"https:\/\/taizyagromachine.com\/de\/wp-json\/wp\/v2\/users\/1"}],"wp:featuredmedia":[{"embeddable":true,"href":"https:\/\/taizyagromachine.com\/de\/wp-json\/wp\/v2\/media\/1774"}],"wp:attachment":[{"href":"https:\/\/taizyagromachine.com\/de\/wp-json\/wp\/v2\/media?parent=1217"}],"wp:term":[{"taxonomy":"post_tag","embeddable":true,"href":"https:\/\/taizyagromachine.com\/de\/wp-json\/wp\/v2\/tags?post=1217"},{"taxonomy":"product-type","embeddable":true,"href":"https:\/\/taizyagromachine.com\/de\/wp-json\/wp\/v2\/product-type?post=1217"}],"curies":[{"name":"wp","href":"https:\/\/api.w.org\/{rel}","templated":true}]}}