{"id":1274,"date":"2021-12-04T07:34:00","date_gmt":"2021-12-04T07:34:00","guid":{"rendered":"https:\/\/taizyagromachine.com\/?p=1274"},"modified":"2022-12-16T18:00:22","modified_gmt":"2022-12-16T10:00:22","slug":"3-cylinder-hydraulic-silage-baler","status":"publish","type":"product","link":"https:\/\/taizyagromachine.com\/de\/product\/3-cylinder-hydraulic-silage-baler\/","title":{"rendered":"3-Zylinder-Hydraulik-Silagepresse"},"content":{"rendered":"<p class=\"translation-block\"><strong>3-Zylinder-Hydraulik-Siloballenpresse<\/strong> dient zur Verdichtung, B\u00fcndelung und Verpackung von Heu und Stroh in rechteckige Formen. Wie der Name schon sagt, verf\u00fcgt sie \u00fcber 3 Hydraulikzylinder zur Durchf\u00fchrung der Ballenarbeiten. F\u00fcr die Stromversorgung nutzt diese hydraulische Pressballenpresse jedoch nur einen Elektromotor. Au\u00dferdem betr\u00e4gt die Leistung des Elektromotors 22 kW. Die Ballengr\u00f6\u00dfe ist auch bei der <a href=\"https:\/\/silagebaler.com\/double-cylinder-hydraulic-silage-baler\/\" target=\"_blank\" rel=\"noreferrer noopener\">doppelzylindrigen hydraulischen Ballenpresse<\/a> gleich, 700*400*300mm. <\/p>    <p class=\"translation-block\">Dar\u00fcber hinaus verwenden Kunden immer PE- und PP-S\u00e4cke, um gepresste Strohballen zu verpacken. Das liegt daran, dass sie so l\u00e4nger haltbar sind. Diese <a href=\"https:\/\/taizyagromachine.com\/de\/silage-machine\/silage-baler-50-type\/\" target=\"_blank\" rel=\"noreferrer noopener\">Siloballenpresse<\/a> ist ein guter Partner f\u00fcr diejenigen, die Farmen, Futterpflanzen und Weiden usw. betreiben. Wir freuen uns auf Ihre Anfrage!<\/p>    <h2 class=\"wp-block-heading\" id=\"h-structure-of-3-cylinder-hydraulic-baler-for-sale\"><strong>Struktur einer hydraulischen 3-Zylinder-Ballenpresse zum Verkauf<\/strong><\/h2>    <p>Als professioneller Hersteller und Lieferant von Siliermaschinen fertigen wir die 3-Zylinder-Heuballenmaschine in tollem Design und ansprechender Optik. Es verf\u00fcgt \u00fcber Motor, Schaltschrank, \u00d6ltank, Einlass und Auslass. Tats\u00e4chlich ist der Aufbau sehr einfach zu verstehen. Der entscheidende Punkt besteht darin, bei der Verwendung der hydraulischen Silageballenpresse die Funktion jedes Teils klar zu verstehen.<\/p>   <div class=\"wp-block-image\"> <figure class=\"aligncenter size-full\"><img loading=\"lazy\" decoding=\"async\" width=\"720\" height=\"540\" src=\"https:\/\/taizyagromachine.com\/wp-content\/uploads\/2022\/01\/structure-3-cylinder-hydraulic-baler.jpg\" alt=\"Struktur-3-Zylinder-Hydraulik-Ballenpresse\" class=\"wp-image-1697\"\/><figcaption class=\"wp-element-caption\">Struktur-3-Zylinder-Hydraulikballenpresse<\/figcaption><\/figure> <\/div>  <div class=\"wp-block-image\"> <figure class=\"aligncenter size-full\"><img loading=\"lazy\" decoding=\"async\" width=\"720\" height=\"540\" src=\"https:\/\/taizyagromachine.com\/wp-content\/uploads\/2022\/01\/structure-3-cylinder-hydraulic-baling-machine.jpg\" alt=\"Struktur-3-Zylinder-Hydraulik-Ballenpresse\" class=\"wp-image-1698\"\/><figcaption class=\"wp-element-caption\">Struktur-3-Zylinder-Hydraulikballenpresse<\/figcaption><\/figure> <\/div>   <h2 class=\"wp-block-heading\" id=\"h-advantages-of-hydraulic-hay-baler\"><strong>Vorteile der hydraulischen Heuballenpresse<\/strong><strong><\/strong><\/h2>    <ul class=\"wp-block-list\" type=\"1\"> <li>Breite Anwendungen. Diese hydraulische 3-Zylinder-Silagepresse kann fast jede Art von Stroh, wie Maisstroh, Silage, Maisstroh, Heu, Gras, Sorghum, Weizenstroh usw., zu Ballen pressen.\u00a0<\/li>    <li>Hohe Arbeitseffizienz. Weil es 120-180 Pakete pro Stunde pressen kann.<\/li>    <li>Vollautomatisch. Diese hydraulische Ballenpresse f\u00fchrt das Verdichten, B\u00fcndeln und Ballenpressen automatisch in einem Vorgang durch.<\/li>    <li>Strapazierf\u00e4higes Material. Es besteht aus verschlei\u00dffestem Kohlenstoffstahl.<\/li>    <li>Lange Lagerdauer. Nat\u00fcrlich kann es 3 Jahre halten.<\/li> <\/ul>    <h2 class=\"wp-block-heading\" id=\"h-materials-to-be-baled\"><strong>Materialien, die mit einer Silagepresse gepresst werden sollen<\/strong><\/h2>    <p>Im Allgemeinen kann dieser 3-Zylinder-Hydraulik-Silageballenpressen Stroh, Heu, Maisst\u00e4ngel, Sorghum sowie Weizenstroh usw. verarbeiten. Nat\u00fcrlich sind die oben genannten Materialien enthalten, aber nicht darauf beschr\u00e4nkt. Wenn Sie Zweifel an einigen Materialien haben, die Sie zuvor nicht getroffen haben, k\u00f6nnen Sie uns zur Klassifizierung kontaktieren!<\/p>   <div class=\"wp-block-image\"> <figure class=\"aligncenter size-full\"><img loading=\"lazy\" decoding=\"async\" width=\"720\" height=\"540\" src=\"https:\/\/taizyagromachine.com\/wp-content\/uploads\/2022\/01\/materials.jpg\" alt=\"Ballenmaterialien\" class=\"wp-image-1700\"\/><figcaption class=\"wp-element-caption\">Ballenmaterialien<\/figcaption><\/figure> <\/div>   <h2 class=\"wp-block-heading\" id=\"h-applicable-animals\"><strong>Anwendbare Tiere werden durch Silage gez\u00fcchtet <\/strong><\/h2>    <p>Diese hydraulische 3-Zylinder-Silagepresse wird haupts\u00e4chlich zur Lagerung von Silage verwendet, deren Zweck darin besteht, verschiedene Tiere zu f\u00fcttern, und kann gro\u00dfen Viehzuchtbetrieben helfen. Im Allgemeinen k\u00f6nnen diese Silagen zur F\u00fctterung von Rindern, Pferden, Schafen, Kaninchen usw. verwendet werden. Silage kann verwendet werden, solange die Tiere Pflanzenfresser sind.<\/p>   <div class=\"wp-block-image\"> <figure class=\"aligncenter size-full\"><img loading=\"lazy\" decoding=\"async\" width=\"720\" height=\"540\" src=\"https:\/\/taizyagromachine.com\/wp-content\/uploads\/2022\/01\/application-range.jpg\" alt=\"anwendbare Tiere\" class=\"wp-image-1702\"\/><figcaption class=\"wp-element-caption\">anwendbare Tiere<\/figcaption><\/figure> <\/div>   <h2 class=\"wp-block-heading\" id=\"h-finished-products\"><strong>Fertige Produkte durch 3-Zylinder-Hydraulik-Silagepresse<\/strong><\/h2>    <p>Diese hydraulische 3-Zylinder-Silageballenpresse ist in der Lage, die Silage in quadratische Formen zu pressen. Die Lagerung der fertigen Produkte erfolgt \u00fcblicherweise in PE\/PP-Beuteln. Der Hauptzweck der Verwendung dieser Beutel zur Silageverpackung besteht darin, die Silage vor Feuchtigkeit und Schimmel zu sch\u00fctzen. Au\u00dferdem erm\u00f6glichen solche Ballen eine langfristige Lagerung der Silage, entsprechend der urspr\u00fcnglichen Absicht des Landwirts, sie zu lagern.<\/p>   <div class=\"wp-block-image\"> <figure class=\"aligncenter size-full\"><img loading=\"lazy\" decoding=\"async\" width=\"638\" height=\"478\" src=\"https:\/\/taizyagromachine.com\/wp-content\/uploads\/2022\/01\/finished-products-3-cylinder.jpg\" alt=\"fertige Produkte\" class=\"wp-image-1703\"\/><figcaption class=\"wp-element-caption\">fertige Produkte<\/figcaption><\/figure> <\/div>   <h2 class=\"wp-block-heading\" id=\"h-necessary-equipment\"><strong>Notwendige Ausr\u00fcstung f\u00fcr die hydraulische 3-Zylinder-Silagepresse <\/strong><\/h2>    <p class=\"translation-block\">Wenn Sie die hydraulische Ballenpresse von <a href=\"https:\/\/taizyagromachine.com\/de\/\" target=\"_blank\" rel=\"noreferrer noopener\">Taizy Company<\/a> kaufen, empfehlen wir aus unserer professionellen Sicht, auch den Zerkleinerer und F\u00f6rderer zu kaufen. Das liegt daran:<\/p>    <ol class=\"wp-block-list\" type=\"1\"> <li>Diese 3-Zylinder-Hydraulikballenpresse ist so hoch, dass es f\u00fcr Arbeiter sehr schwierig ist, Gras zu verteilen.<\/li>    <li>Auch die hydraulische Ballenpresse hat eine sehr hohe Leistung. Daher ist eine alleinige manuelle F\u00fctterung schwierig, seinen Bedarf zu decken.<\/li> <\/ol>   <div class=\"wp-block-image\"> <figure class=\"aligncenter size-full\"><img loading=\"lazy\" decoding=\"async\" width=\"720\" height=\"540\" src=\"https:\/\/taizyagromachine.com\/wp-content\/uploads\/2022\/01\/crusher-and-conveyor.jpg\" alt=\"Brecher und F\u00f6rderer\" class=\"wp-image-1705\"\/><figcaption class=\"wp-element-caption\">Brecher und F\u00f6rderer<\/figcaption><\/figure> <\/div>   <h2 class=\"wp-block-heading\" id=\"h-similarities-differences-of-hydraulic-press-baler\"><strong>\u00c4hnlichkeiten und Unterschiede der hydraulischen Silageballenpresse<\/strong><\/h2>    <p>Allgemein gesprochen gibt es in unserer Taizy Company die hydraulische Silageballenpresse mit 2 Zylindern und 3 Zylindern. Im Vergleich gibt es einige \u00c4hnlichkeiten und Unterschiede. Lassen Sie uns das klarstellen.<\/p>    <h3 class=\"wp-block-heading\" id=\"h-similarities\"><strong>\u00c4hnlichkeiten der hydraulischen Heuballenpresse<\/strong><\/h3>    <ol class=\"wp-block-list\" type=\"1\"> <li>Ballenform. Beide zu quadratischen Formen formen.<\/li>    <li>Ballengr\u00f6\u00dfe. Auch die Gr\u00f6\u00dfe ist gleich, 700*400*300mm.<\/li> <\/ol>    <h3 class=\"wp-block-heading\" id=\"h-differences\"><strong>Unterschiede der 2\/3-Zylinder-Hydraulik <strong>Silage<\/strong> Ballenpresse<\/strong><\/h3>    <ol class=\"wp-block-list\" type=\"1\"> <li>Leistung. Die hydraulische Doppelzylinder-Silagepresse verf\u00fcgt alternativ \u00fcber einen Dieselmotor und einen Elektromotor, bei der 3-Zylinder-Ballenpresse ist jedoch nur ein Elektromotor verf\u00fcgbar.<\/li>    <li>Ausgabe. Der Doppelzylinder kann 100\u2013120 S\u00e4cke pro Stunde produzieren, w\u00e4hrend der Dreizylinder 120\u2013180 S\u00e4cke pro Stunde zu Ballen pressen kann.<\/li> <\/ol>    <h2 class=\"wp-block-heading\"><strong>Arbeitsvideo der hydraulischen Silageballenpresse<\/strong><\/h2>    <figure class=\"wp-block-embed is-type-video is-provider-youtube wp-block-embed-youtube wp-embed-aspect-16-9 wp-has-aspect-ratio\"><div class=\"wp-block-embed__wrapper\"> <iframe loading=\"lazy\" title=\"Hydraulische Press-Silageballenpresse f\u00fcr quadratische Silageballen - Silageverpackungsmaschinen #silage\" width=\"500\" height=\"281\" src=\"https:\/\/www.youtube.com\/embed\/hkYSZuUMRCA?feature=oembed\" frameborder=\"0\" allow=\"accelerometer; autoplay; clipboard-write; encrypted-media; gyroscope; picture-in-picture; web-share\" referrerpolicy=\"strict-origin-when-cross-origin\" allowfullscreen><\/iframe> <\/div><\/figure>","protected":false},"excerpt":{"rendered":"<p>3 cylinder hydraulic silage baler\u00a0functions to compact, bundle, and pack hay straw into square shapes. From its name, it has 3 hydraulic cylinders to carry out the baling works. But for the power supply, this hydraulic press baler only utilizes the electric motor. Besides, the power of the electric motor is 22kW. Also, the bale [&hellip;]<\/p>\n","protected":false},"author":1,"featured_media":2146,"parent":0,"template":"","tags":[76,78,77,75],"product-type":[19],"class_list":["post-1274","product","type-product","status-publish","has-post-thumbnail","hentry","tag-hydraulic-silage-baler","tag-silage-baler-machine","tag-silage-baling-machine","tag-silage-machine","product-type-silage-machine"],"_links":{"self":[{"href":"https:\/\/taizyagromachine.com\/de\/wp-json\/wp\/v2\/product\/1274","targetHints":{"allow":["GET"]}}],"collection":[{"href":"https:\/\/taizyagromachine.com\/de\/wp-json\/wp\/v2\/product"}],"about":[{"href":"https:\/\/taizyagromachine.com\/de\/wp-json\/wp\/v2\/types\/product"}],"author":[{"embeddable":true,"href":"https:\/\/taizyagromachine.com\/de\/wp-json\/wp\/v2\/users\/1"}],"wp:featuredmedia":[{"embeddable":true,"href":"https:\/\/taizyagromachine.com\/de\/wp-json\/wp\/v2\/media\/2146"}],"wp:attachment":[{"href":"https:\/\/taizyagromachine.com\/de\/wp-json\/wp\/v2\/media?parent=1274"}],"wp:term":[{"taxonomy":"post_tag","embeddable":true,"href":"https:\/\/taizyagromachine.com\/de\/wp-json\/wp\/v2\/tags?post=1274"},{"taxonomy":"product-type","embeddable":true,"href":"https:\/\/taizyagromachine.com\/de\/wp-json\/wp\/v2\/product-type?post=1274"}],"curies":[{"name":"wp","href":"https:\/\/api.w.org\/{rel}","templated":true}]}}