{"id":1447,"date":"2021-12-07T07:35:01","date_gmt":"2021-12-07T07:35:01","guid":{"rendered":"https:\/\/taizyagromachine.com\/?p=1447"},"modified":"2022-09-29T09:26:12","modified_gmt":"2022-09-29T01:26:12","slug":"30tpd-rice-mill-production-line","status":"publish","type":"product","link":"https:\/\/taizyagromachine.com\/de\/product\/30tpd-rice-mill-production-line\/","title":{"rendered":"30TPD-Reism\u00fchlen-Produktionslinie"},"content":{"rendered":"<p class=\"translation-block\"><strong>30TPD-Reism\u00fchle Produktionslinie<\/strong> ist eine Produktionslinie mit hohem Durchsatz f\u00fcr die Reisverarbeitung. Diese Reism\u00fchlenanlage hat eine Kapazit\u00e4t von 30 t pro Tag. Au\u00dferdem ist sie eine <a href=\"https:\/\/taizyagromachine.com\/de\/product\/solutions\/\" target=\"_blank\" rel=\"noreferrer noopener\">vollautomatische Produktionslinie<\/a>, die Arbeitskr\u00e4fte und Zeit spart. Sie verf\u00fcgt auch \u00fcber zwei Plattformebenen: die obere dient der Inspektion und Wartung, die untere der Arbeit. Gleichzeitig hat sie eine hohe Arbeitseffizienz, die Ihre verschiedenen Gesch\u00e4ftsanforderungen erf\u00fcllen kann. Sie m\u00fcssen jedoch beachten, dass diese komplette 30-TPD-Reism\u00fchlen-Produktionslinie zwei oder drei Reism\u00fchlenmaschinen umfasst. Dies h\u00e4ngt von Ihren Anforderungen ab. Je nach Gr\u00f6\u00dfe Ihrer Reisfabrik k\u00f6nnen Sie flexibel w\u00e4hlen. Diese Reism\u00fchlenanlage kann Ihr Gesch\u00e4ft f\u00f6rdern, da sie Ihnen hilft, wei\u00dferen und qualitativ hochwertigeren Reis f\u00fcr den Verkauf zu erhalten. Ben\u00f6tigen Sie eine zur Erleichterung Ihres Gesch\u00e4fts? Kontaktieren Sie uns f\u00fcr weitere Informationen!<\/p>   <div class=\"wp-block-image\"> <figure class=\"aligncenter size-full\"><img loading=\"lazy\" decoding=\"async\" width=\"720\" height=\"540\" src=\"https:\/\/taizyagromachine.com\/wp-content\/uploads\/2022\/02\/30tpd-rice-mill-production-line.jpg\" alt=\"Produktionslinie f\u00fcr Reism\u00fchlen mit 30 Tonnen pro Tag\" class=\"wp-image-1936\" srcset=\"https:\/\/taizyagromachine.com\/wp-content\/uploads\/2022\/02\/30tpd-rice-mill-production-line.jpg 720w, https:\/\/taizyagromachine.com\/wp-content\/uploads\/2022\/02\/30tpd-rice-mill-production-line-300x225.jpg 300w\" sizes=\"auto, (max-width: 720px) 100vw, 720px\" \/><figcaption>Produktionslinie f\u00fcr Reism\u00fchlen mit 30 Tonnen pro Tag<\/figcaption><\/figure> <\/div>   <h2 class=\"wp-block-heading\" id=\"structure-of-30t-rice-mill-plant-for-sale\"><strong>Struktur einer 30-Tonnen-Reism\u00fchle zum Verkauf<\/strong><strong><\/strong><\/h2>    <p class=\"translation-block\">Kombinierter Reiniger, Entsteiner, Reish\u00e4cksler, <a href=\"https:\/\/taizyagromachine.com\/de\/product\/gravity-paddy-separator\/\" target=\"_blank\" rel=\"noreferrer noopener\">Paddy-Reistrenner<\/a>, erste Reism\u00fchle, zweite Reism\u00fchle, dritte Reism\u00fchle, Wei\u00dfreissortierer, Reiswasserpolierer, <a href=\"https:\/\/en.wikipedia.org\/wiki\/Colour_sorter\" target=\"_blank\" rel=\"noreferrer noopener\">Farbsortierer<\/a>, Verpackungsmaschine<\/p>   <div class=\"wp-block-image\"> <figure class=\"aligncenter size-full\"><img loading=\"lazy\" decoding=\"async\" width=\"720\" height=\"450\" src=\"https:\/\/taizyagromachine.com\/wp-content\/uploads\/2022\/02\/structure-30tpd-production-line.jpg\" alt=\"Struktur-30tpd-Produktionslinie\" class=\"wp-image-1937\" srcset=\"https:\/\/taizyagromachine.com\/wp-content\/uploads\/2022\/02\/structure-30tpd-production-line.jpg 720w, https:\/\/taizyagromachine.com\/wp-content\/uploads\/2022\/02\/structure-30tpd-production-line-300x188.jpg 300w\" sizes=\"auto, (max-width: 720px) 100vw, 720px\" \/><figcaption>Struktur<\/figcaption><\/figure> <\/div>   <h2 class=\"wp-block-heading\" id=\"features-of-complete-30t-rice-mill-machine-plant\"><strong>Merkmale der kompletten 30-Tonnen-Reism\u00fchlen-Maschinenanlage<\/strong><strong><\/strong><\/h2>    <ul class=\"wp-block-list\" type=\"1\"><li>Komplette, automatische Produktionslinie f\u00fcr Reism\u00fchlen mit 30 Tonnen pro Tag, hocheffiziente Produktion.<\/li><li>Tolles Design einer modernen Reism\u00fchle, einfach zu warten und zu bedienen.<\/li><li>Kompakte Struktur, stabile Leistung, hochwertiger wei\u00dfer Reis.<\/li><li>Die Reisproduktionsrate liegt bei etwa 701 TP3T und die Bruchreisrate bei 21 TP3T.<\/li><li>Geringer Stromverbrauch.<\/li><li>Die Reism\u00fchlenanlage kann an die Bed\u00fcrfnisse der Kunden angepasst werden.<\/li><\/ul>    <h2 class=\"wp-block-heading\" id=\"what-functions-of-combined-cleaner\"><strong>Welche Funktionen hat der Kombireiniger?<\/strong><strong><\/strong><\/h2>    <p>Im Vergleich zu anderen Produktionslinien, wie der 15-tdp-Reism\u00fchlen-Produktionslinie, verf\u00fcgt diese automatische 30-Tonnen-Reisverarbeitungsanlage \u00fcber den kombinierten Reiniger. Als professioneller Hersteller und Lieferant empfehlen wir den Kombireiniger f\u00fcr die gro\u00dfe Produktionslinie von Reism\u00fchlen. Die Hauptaufgabe besteht darin, gro\u00dfe und kleine Verunreinigungen zu entfernen. \u00a0Denn bei der Ernte gelangen einige Verunreinigungen in den Rohreis.<\/p>    <p>Das Funktionsprinzip beruht auf dem Sieb. Der Kombireiniger soll die Verunreinigungen entsprechend der Lochgr\u00f6\u00dfe des Siebes entfernen. &nbsp;<\/p>    <h2 class=\"wp-block-heading\" id=\"choose-multiple-rice-milling\"><strong>W\u00e4hlen Sie \u201eMehrfaches Mahlen von Reis\u201c.<\/strong><strong><\/strong><\/h2>    <p>F\u00fcr die gro\u00dfe Reism\u00fchlen-Produktionslinie verwendet das Reism\u00fchlenwerk immer mehrere Reismahlungen. Es gibt zwei Gr\u00fcnde:<\/p>    <ol class=\"wp-block-list\" type=\"1\"><li>Durch mehrfaches Mahlen von Reis kann die Bruchreisrate effizient reduziert und die Qualit\u00e4t des gesamten wei\u00dfen Reises sichergestellt werden.<\/li><li>Au\u00dferdem kann eine gro\u00dfe Leistung garantiert werden.<\/li><\/ol>    <p>Aus den oben genannten Gr\u00fcnden kann die gro\u00dfe Reism\u00fchlen-Produktionslinie, nicht nur die 30-tpd-Produktionslinie, das mehrfache Reismahlen nutzen, um das gew\u00fcnschte Ziel zu erreichen.<\/p>   <div class=\"wp-block-image\"> <figure class=\"aligncenter size-full\"><img loading=\"lazy\" decoding=\"async\" width=\"720\" height=\"400\" src=\"https:\/\/taizyagromachine.com\/wp-content\/uploads\/2022\/02\/multiple-rice-milling-30tpd.jpg\" alt=\"Mehrfach-Reismahlen\" class=\"wp-image-1939\" srcset=\"https:\/\/taizyagromachine.com\/wp-content\/uploads\/2022\/02\/multiple-rice-milling-30tpd.jpg 720w, https:\/\/taizyagromachine.com\/wp-content\/uploads\/2022\/02\/multiple-rice-milling-30tpd-300x167.jpg 300w\" sizes=\"auto, (max-width: 720px) 100vw, 720px\" \/><figcaption>mehrfaches Reismahlen<\/figcaption><\/figure> <\/div>   <h2 class=\"wp-block-heading\" id=\"why-use-air-compressor\"><strong>Warum einen Luftkompressor verwenden?<\/strong><strong><\/strong><\/h2>    <p>Wenn Sie die komplette Produktionslinie f\u00fcr eine Reism\u00fchle mit 30 Tonnen pro Tag kaufen, ist der Luftkompressor erforderlich. In dieser Produktionslinie sollten Farbsortierer, Reiswasserpolierer und Verpackungsmaschinen den Luftkompressor verwenden. Die Gr\u00fcnde sind wie folgt:<\/p>    <ol class=\"wp-block-list\" type=\"1\"><li>Nach der Farbsortierung bl\u00e4st der Luftkompressor den unqualifizierten Reis aus.<\/li><li>Beim Reiswasserpolierer erzeugt der Luftkompressor Wassernebel, k\u00fchlt ab und bl\u00e4st Staub weg.<\/li><li>Bei der Verpackungsmaschine bestehen zwei Funktionen des Luftkompressors darin, die Zuschnittmenge zu steuern und die Beutel zuzuschneiden.<\/li><\/ol>   <div class=\"wp-block-image\"> <figure class=\"aligncenter size-full\"><img loading=\"lazy\" decoding=\"async\" width=\"720\" height=\"400\" src=\"https:\/\/taizyagromachine.com\/wp-content\/uploads\/2022\/02\/air-compressor-30tpd.jpg\" alt=\"Luftkompressor-30tpd\" class=\"wp-image-1941\" srcset=\"https:\/\/taizyagromachine.com\/wp-content\/uploads\/2022\/02\/air-compressor-30tpd.jpg 720w, https:\/\/taizyagromachine.com\/wp-content\/uploads\/2022\/02\/air-compressor-30tpd-300x167.jpg 300w\" sizes=\"auto, (max-width: 720px) 100vw, 720px\" \/><figcaption>Luftkompressor<\/figcaption><\/figure> <\/div>   <h2 class=\"wp-block-heading\" id=\"which-places-are-applicable\"><strong>Welche Orte sind anwendbar?<\/strong><strong><\/strong><\/h2>    <ol class=\"wp-block-list\" type=\"1\"><li>Reisfabriken.<\/li><li>Ackerlandbesitzer.<\/li><li>Vertriebsh\u00e4ndler\/Agenten.<\/li><\/ol>    <h2 class=\"wp-block-heading\" id=\"related-production-line\"><strong>Zugeh\u00f6rige Produktionslinie<\/strong><strong><\/strong><\/h2>    <p class=\"translation-block\">In unserem <a href=\"https:\/\/taizyagromachine.com\/de\/\" target=\"_blank\" rel=\"noreferrer noopener\">Taizy Machine Company<\/a> liefern wir nicht nur 30-TPD-Reism\u00fchlen-Produktionslinien, sondern auch 15-TPD-Produktionslinien, 20-TPD-Produktionslinien usw.<\/p>","protected":false},"excerpt":{"rendered":"<p>30TPD rice mill production line&nbsp;is a large output production line for rice milling. This rice mill plant has the capacity of 30t per day. Besides, it\u2019s fully automatic production line, saving labor and time. It also has two layers of platforms: the upper is for check and maintenance, the lower is for work. At the [&hellip;]<\/p>\n","protected":false},"author":1,"featured_media":2082,"parent":0,"template":"","tags":[38],"product-type":[27],"class_list":["post-1447","product","type-product","status-publish","has-post-thumbnail","hentry","tag-rice-mill-production-line","product-type-solutions"],"_links":{"self":[{"href":"https:\/\/taizyagromachine.com\/de\/wp-json\/wp\/v2\/product\/1447","targetHints":{"allow":["GET"]}}],"collection":[{"href":"https:\/\/taizyagromachine.com\/de\/wp-json\/wp\/v2\/product"}],"about":[{"href":"https:\/\/taizyagromachine.com\/de\/wp-json\/wp\/v2\/types\/product"}],"author":[{"embeddable":true,"href":"https:\/\/taizyagromachine.com\/de\/wp-json\/wp\/v2\/users\/1"}],"wp:featuredmedia":[{"embeddable":true,"href":"https:\/\/taizyagromachine.com\/de\/wp-json\/wp\/v2\/media\/2082"}],"wp:attachment":[{"href":"https:\/\/taizyagromachine.com\/de\/wp-json\/wp\/v2\/media?parent=1447"}],"wp:term":[{"taxonomy":"post_tag","embeddable":true,"href":"https:\/\/taizyagromachine.com\/de\/wp-json\/wp\/v2\/tags?post=1447"},{"taxonomy":"product-type","embeddable":true,"href":"https:\/\/taizyagromachine.com\/de\/wp-json\/wp\/v2\/product-type?post=1447"}],"curies":[{"name":"wp","href":"https:\/\/api.w.org\/{rel}","templated":true}]}}