{"id":1496,"date":"2021-12-10T03:12:00","date_gmt":"2021-12-10T03:12:00","guid":{"rendered":"https:\/\/taizyagromachine.com\/?p=1496"},"modified":"2022-09-29T14:04:15","modified_gmt":"2022-09-29T06:04:15","slug":"38tpd-rice-mill-plant","status":"publish","type":"product","link":"https:\/\/taizyagromachine.com\/de\/product\/38tpd-rice-mill-plant\/","title":{"rendered":"38TPD Reisverarbeitungsanlage"},"content":{"rendered":"<p class=\"translation-block\"><strong>38TPD Reism\u00fchle<\/strong> ist eine ideale Anlage f\u00fcr die gro\u00dfe Leistung der Reismahlung. Da sie 38 t Wei\u00dfreis pro Tag produzieren kann, ist sie sehr effizient. Sie ist sehr gut f\u00fcr Reisfabriken, Landbesitzer usw. geeignet. Sie ist als vollautomatische und komplette Produktionslinie konzipiert. Nat\u00fcrlich k\u00f6nnen wir eine geeignete Reismahlanlage empfehlen, basierend auf Ihren Anforderungen. Diese 38-t-Reismahlanlage hat ein attraktives Aussehen, eine stabile Leistung sowie eine super Qualit\u00e4t. Au\u00dferdem verf\u00fcgt sie \u00fcber Plattformen. Die obere Plattform dient zur \u00dcberpr\u00fcfung und Wartung, w\u00e4hrend die untere als Arbeitsplattform dient. Wenn Sie Bedarf haben, kontaktieren Sie uns gerne f\u00fcr weitere Informationen!<\/p>    <h2 class=\"wp-block-heading\" id=\"working-flow-of-38t-production-line\"><strong>Arbeitsablauf der 38-Tonnen-Produktionslinie<\/strong><\/h2>    <p>Aus dem folgenden Prozessablauf k\u00f6nnen wir deutlich erkennen, wie die gesamte Reism\u00fchlenanlage funktioniert. Ablauf und Ablauf werden \u00fcbersichtlich dargestellt.<\/p>   <div class=\"wp-block-image\"> <figure class=\"aligncenter size-full\"><img loading=\"lazy\" decoding=\"async\" width=\"720\" height=\"540\" src=\"https:\/\/taizyagromachine.com\/wp-content\/uploads\/2022\/02\/work-flow-38tpd.jpg\" alt=\"Arbeitsablauf\" class=\"wp-image-1983\" srcset=\"https:\/\/taizyagromachine.com\/wp-content\/uploads\/2022\/02\/work-flow-38tpd.jpg 720w, https:\/\/taizyagromachine.com\/wp-content\/uploads\/2022\/02\/work-flow-38tpd-300x225.jpg 300w\" sizes=\"auto, (max-width: 720px) 100vw, 720px\" \/><figcaption>Arbeitsablauf<\/figcaption><\/figure> <\/div>   <h2 class=\"wp-block-heading\" id=\"structure-of-integrated-38tpd-rice-milling-plant-for-sale\"><strong>Struktur einer integrierten 38tpd-Reisverarbeitungsanlage zum Verkauf<\/strong><\/h2>    <p>Diese Struktur ist kompakt und sinnvoll, da die Arbeitsreihenfolge in Ordnung ist. Auf jeden Fall k\u00f6nnen diesem Verfahren mehrere Maschinen hinzugef\u00fcgt werden, um hochwertigen und besser essbaren wei\u00dfen Reis herzustellen.<\/p>   <div class=\"wp-block-image\"> <figure class=\"aligncenter size-full\"><img loading=\"lazy\" decoding=\"async\" width=\"720\" height=\"540\" src=\"https:\/\/taizyagromachine.com\/wp-content\/uploads\/2022\/02\/structure-38t-rice-milling-plant.jpg\" alt=\"Struktur einer Reisverarbeitungsanlage mit einer Kapazit\u00e4t von 38 Tonnen pro Tag\" class=\"wp-image-1984\" srcset=\"https:\/\/taizyagromachine.com\/wp-content\/uploads\/2022\/02\/structure-38t-rice-milling-plant.jpg 720w, https:\/\/taizyagromachine.com\/wp-content\/uploads\/2022\/02\/structure-38t-rice-milling-plant-300x225.jpg 300w\" sizes=\"auto, (max-width: 720px) 100vw, 720px\" \/><figcaption>Struktur einer Reisverarbeitungsanlage mit einer Kapazit\u00e4t von 38 Tonnen pro Tag<\/figcaption><\/figure> <\/div>   <h2 class=\"wp-block-heading\" id=\"features-of-complete-38tpd-rice-mill-plant\"><strong>Merkmale der kompletten 38tpd-Reism\u00fchlenanlage<\/strong><\/h2>    <ul class=\"wp-block-list\" type=\"1\"><li>Bequeme Installation, da diese nach dem geordneten Ablauf organisiert ist.<\/li><li>Attraktives Aussehen. Das Erscheinungsbild ist gepflegt und sch\u00f6n, spricht Menschen an und schafft ein angenehmes Gef\u00fchl.<\/li><li>Einfache Bedienung. Wir stellen die Bedienungsanleitung zur Verf\u00fcgung. Dar\u00fcber hinaus gibt es eine englische Beschreibung auf der Maschine.<\/li><li>Geringe Anforderung an die Werkstatt. Es ist die ideale Reisverarbeitungsausr\u00fcstung f\u00fcr Getreidestationen, Reisfabriken und Bauernh\u00f6fe.<\/li><li>Anpassung. Der Sortierer f\u00fcr wei\u00dfen Reis kann individuell an Ihre Bed\u00fcrfnisse angepasst werden.<\/li><\/ul>    <h2 class=\"wp-block-heading\" id=\"optional-equipment\"><strong>Optionale Ausr\u00fcstung f\u00fcr die Reisverarbeitungsanlage<\/strong><\/h2>    <p class=\"translation-block\">Als <a href=\"https:\/\/taizyagromachine.com\/de\/\" target=\"_blank\" rel=\"noreferrer noopener\">erfahrener Hersteller und Lieferant<\/a> k\u00f6nnen wir Ihnen eine geeignete Reismahlanlage anbieten, um Ihr Gesch\u00e4ft anzukurbeln. Zum Beispiel verf\u00fcgt die komplette 38tpd Reismahl-Produktionslinie \u00fcber Maschinen wie Entsteiner, <a href=\"https:\/\/en.wikipedia.org\/wiki\/Rice_huller\" target=\"_blank\" rel=\"noreferrer noopener\">Reish\u00e4cksler<\/a>, Sch\u00e4lreis-Trennsystem, Reism\u00fchle und Wei\u00dfreis-Sortierer.<\/p>   <div class=\"wp-block-image\"> <figure class=\"aligncenter size-full\"><img loading=\"lazy\" decoding=\"async\" width=\"720\" height=\"540\" src=\"https:\/\/taizyagromachine.com\/wp-content\/uploads\/2022\/02\/complete-rice-mill-plant-38t.jpg\" alt=\"komplette Reism\u00fchlenanlage\" class=\"wp-image-1987\" srcset=\"https:\/\/taizyagromachine.com\/wp-content\/uploads\/2022\/02\/complete-rice-mill-plant-38t.jpg 720w, https:\/\/taizyagromachine.com\/wp-content\/uploads\/2022\/02\/complete-rice-mill-plant-38t-300x225.jpg 300w\" sizes=\"auto, (max-width: 720px) 100vw, 720px\" \/><figcaption>komplette Reism\u00fchlenanlage<\/figcaption><\/figure> <\/div>   <p>Dar\u00fcber hinaus stehen weitere Hilfsmittel f\u00fcr die Zusammenarbeit zur Erreichung der gew\u00fcnschten Ziele zur Verf\u00fcgung. Zum Beispiel Farbsortierer, Reispolierer, Verpackungsmaschine, Lagerbeh\u00e4lter usw. Solange Sie uns Ihre Produktionsanforderungen mitteilen, bieten wir die perfekte L\u00f6sung. &nbsp;&nbsp;<\/p>    <p>Au\u00dferdem k\u00f6nnen Sie den Trockner ausw\u00e4hlen, der in die Produktionslinie integriert werden soll.<\/p>    <h2 class=\"wp-block-heading\" id=\"why-choose-us\"><strong>Warum uns w\u00e4hlen?<\/strong><strong><\/strong><\/h2>    <p>Wir sind ein professioneller Hersteller und Lieferant von Landmaschinen. Die Taizy Machine Company genie\u00dft im internationalen Agrarhandel ein hohes Ansehen. Abgesehen davon sind wir seit mehr als Jahrzehnten intensiv in diesem Bereich t\u00e4tig. Wir haben also reiche Erfahrungen. Und wir sind zuversichtlich, unseren Kunden die richtigen Landmaschinen empfehlen zu k\u00f6nnen.<\/p>   <div class=\"wp-block-image\"> <figure class=\"aligncenter size-full\"><img loading=\"lazy\" decoding=\"async\" width=\"720\" height=\"540\" src=\"https:\/\/taizyagromachine.com\/wp-content\/uploads\/2022\/02\/stregth-display-38t.jpg\" alt=\"Fabrikst\u00e4rke\" class=\"wp-image-1986\" srcset=\"https:\/\/taizyagromachine.com\/wp-content\/uploads\/2022\/02\/stregth-display-38t.jpg 720w, https:\/\/taizyagromachine.com\/wp-content\/uploads\/2022\/02\/stregth-display-38t-300x225.jpg 300w\" sizes=\"auto, (max-width: 720px) 100vw, 720px\" \/><figcaption>Fabrikst\u00e4rke<\/figcaption><\/figure> <\/div>   <p>Am Beispiel einer Reisverarbeitungsanlage mit 38 Tonnen pro Tag umfasst eine vollst\u00e4ndig komplette Produktionslinie Zufuhrtrichter, Trockner, kombinierten Reiniger, Entsteiner, Reissch\u00e4ler, Schwerkraftabscheider, Reism\u00fchlenmaschine (drei S\u00e4tze), Reispolierer, Sortierer f\u00fcr wei\u00dfen Reis, Farbsortierer, Lagerbeh\u00e4lter, Verpackungsmaschine. Unter diesen Maschinen k\u00f6nnen wir die Reism\u00fchlenhose je nach Bedarf zu dem kombinieren, was Sie ben\u00f6tigen.<\/p>    <h2 class=\"wp-block-heading\" id=\"related-machines\"><strong>Verwandte Maschinen<\/strong><strong><\/strong><\/h2>    <div class=\"wp-block-columns is-layout-flex wp-container-core-columns-is-layout-9d6595d7 wp-block-columns-is-layout-flex\"> <div class=\"wp-block-column is-layout-flow wp-block-column-is-layout-flow\"><div class=\"wp-block-image\"> <figure class=\"aligncenter size-full\"><img loading=\"lazy\" decoding=\"async\" width=\"720\" height=\"540\" src=\"https:\/\/taizyagromachine.com\/wp-content\/uploads\/2022\/01\/30tpd-rice-milling.jpg\" alt=\"Reismahlanlage mit 30 Tonnen pro Tag\" class=\"wp-image-1758\"\/><figcaption>Reismahlanlage mit 30 Tonnen pro Tag<\/figcaption><\/figure> <\/div><\/div>    <div class=\"wp-block-column is-layout-flow wp-block-column-is-layout-flow\"><div class=\"wp-block-image\"> <figure class=\"aligncenter size-full\"><a href=\"https:\/\/taizyagromachine.com\/de\/product\/20tpd-rice-mill-plant\/\"><img loading=\"lazy\" decoding=\"async\" width=\"720\" height=\"540\" src=\"https:\/\/taizyagromachine.com\/wp-content\/uploads\/2022\/01\/20t-rice-milling-standard-1.jpg\" alt=\"Reismahlanlage mit 20 Tonnen pro Tag\" class=\"wp-image-1768\"\/><\/a><figcaption>Reismahlanlage mit 20 Tonnen pro Tag<\/figcaption><\/figure> <\/div><\/div> <\/div>","protected":false},"excerpt":{"rendered":"<p>38TPD rice processing plant\u00a0is an ideal plant for the large output of rice milling. Because it can produce white rice for 38t per day, it has high efficiency. It\u2019s very suitable for rice factories, farm owners, etc. It\u2019s designed to be a fully automatic and complete production line. Of course, we can recommend a suitable [&hellip;]<\/p>\n","protected":false},"author":1,"featured_media":1981,"parent":0,"template":"","tags":[156,155,35,56,37,38,57,55],"product-type":[18],"class_list":["post-1496","product","type-product","status-publish","has-post-thumbnail","hentry","tag-38tpd-rice-mill-plant","tag-auto-rice-mill-plant","tag-rice-mill","tag-rice-mill-machine","tag-rice-mill-plant","tag-rice-mill-production-line","tag-rice-milling-machine","tag-rice-milling-plant","product-type-rice-mill"],"_links":{"self":[{"href":"https:\/\/taizyagromachine.com\/de\/wp-json\/wp\/v2\/product\/1496","targetHints":{"allow":["GET"]}}],"collection":[{"href":"https:\/\/taizyagromachine.com\/de\/wp-json\/wp\/v2\/product"}],"about":[{"href":"https:\/\/taizyagromachine.com\/de\/wp-json\/wp\/v2\/types\/product"}],"author":[{"embeddable":true,"href":"https:\/\/taizyagromachine.com\/de\/wp-json\/wp\/v2\/users\/1"}],"wp:featuredmedia":[{"embeddable":true,"href":"https:\/\/taizyagromachine.com\/de\/wp-json\/wp\/v2\/media\/1981"}],"wp:attachment":[{"href":"https:\/\/taizyagromachine.com\/de\/wp-json\/wp\/v2\/media?parent=1496"}],"wp:term":[{"taxonomy":"post_tag","embeddable":true,"href":"https:\/\/taizyagromachine.com\/de\/wp-json\/wp\/v2\/tags?post=1496"},{"taxonomy":"product-type","embeddable":true,"href":"https:\/\/taizyagromachine.com\/de\/wp-json\/wp\/v2\/product-type?post=1496"}],"curies":[{"name":"wp","href":"https:\/\/api.w.org\/{rel}","templated":true}]}}