{"id":1498,"date":"2021-12-10T03:12:22","date_gmt":"2021-12-10T03:12:22","guid":{"rendered":"https:\/\/taizyagromachine.com\/?p=1498"},"modified":"2023-02-09T10:40:33","modified_gmt":"2023-02-09T02:40:33","slug":"rice-milling-production-line","status":"publish","type":"product","link":"https:\/\/taizyagromachine.com\/de\/product\/rice-milling-production-line\/","title":{"rendered":"25TPD Integrierte Reismahl-Produktionslinie"},"content":{"rendered":"<p class=\"translation-block\">Die <strong>integrierte Reism\u00fchlen-Produktionslinie mit 25 t\/Tag<\/strong> ist eine spezielle Reissch\u00e4l-Ausr\u00fcstung f\u00fcr die Produktion von 25 t pro Tag. Sie dient dazu, Rohreis in Wei\u00dfreis zu verwandeln. Diese Reism\u00fchlenanlage verf\u00fcgt \u00fcber eine Arbeitsplattform, nur eine Ebene. Au\u00dferdem hat sie eine kompakte Struktur, geringen Verbrauch und einfache Bedienung. Wir als zuverl\u00e4ssiger Hersteller und Lieferant von Landmaschinen haben verschiedene Reism\u00fchlen-Produktionslinien mit unterschiedlichen Kapazit\u00e4ten zu verkaufen. Unterschiedliche Kapazit\u00e4ten k\u00f6nnen Ihre verschiedenen Anforderungen erf\u00fcllen. Sie ist eine ideale Wahl f\u00fcr kleine und mittelgro\u00dfe Reissch\u00e4l-Anlagen. Kontaktieren Sie uns f\u00fcr weitere Informationen!<\/p>   <div class=\"wp-block-image\"> <figure class=\"aligncenter size-full\"><img loading=\"lazy\" decoding=\"async\" width=\"720\" height=\"540\" src=\"https:\/\/taizyagromachine.com\/wp-content\/uploads\/2022\/02\/25TPD-rice-mill-production-line.jpg\" alt=\"25TPD-Reism\u00fchlen-Produktionslinie\" class=\"wp-image-1923\" srcset=\"https:\/\/taizyagromachine.com\/wp-content\/uploads\/2022\/02\/25TPD-rice-mill-production-line.jpg 720w, https:\/\/taizyagromachine.com\/wp-content\/uploads\/2022\/02\/25TPD-rice-mill-production-line-300x225.jpg 300w\" sizes=\"auto, (max-width: 720px) 100vw, 720px\" \/><figcaption class=\"wp-element-caption\">25TPD-Reism\u00fchlen-Produktionslinie<\/figcaption><\/figure> <\/div>   <h2 class=\"wp-block-heading\" id=\"structure-of-25tpd-rice-mill-plant-for-sale\"><strong>Struktur einer 25tpd-Reism\u00fchle zum Verkauf<\/strong><strong><\/strong><\/h2>    <p class=\"translation-block\">Diese integrierte Reism\u00fchlen-Produktionslinie umfasst 7 Aufz\u00fcge sowie die Verpackungsmaschine. Einzelne Maschinen bilden diese komplette Reism\u00fchlen-Produktionslinie, darunter der Steinscheider, die <a href=\"https:\/\/en.wikipedia.org\/wiki\/Rice_huller\" target=\"_blank\" rel=\"noreferrer noopener\">Reish\u00fclsenmaschine<\/a>, die zweifache Reism\u00fchle, die Farbsortiermaschine, die Reispolierer, die <a href=\"https:\/\/taizyagromachine.com\/de\/product\/rice-grader\/\" target=\"_blank\" rel=\"noreferrer noopener\">Wei\u00dfreis-Sortiermaschine<\/a> und die Verpackungsmaschine. Wir k\u00f6nnen verschiedene Konfigurationen nach Ihren Anforderungen erstellen.<\/p>   <div class=\"wp-block-image\"> <figure class=\"aligncenter size-full\"><img loading=\"lazy\" decoding=\"async\" width=\"720\" height=\"450\" src=\"https:\/\/taizyagromachine.com\/wp-content\/uploads\/2022\/02\/structure-25TPD-production-line.jpg\" alt=\"Struktur\" class=\"wp-image-1927\" srcset=\"https:\/\/taizyagromachine.com\/wp-content\/uploads\/2022\/02\/structure-25TPD-production-line.jpg 720w, https:\/\/taizyagromachine.com\/wp-content\/uploads\/2022\/02\/structure-25TPD-production-line-300x188.jpg 300w\" sizes=\"auto, (max-width: 720px) 100vw, 720px\" \/><figcaption class=\"wp-element-caption\">Struktur<\/figcaption><\/figure> <\/div>   <h2 class=\"wp-block-heading\" id=\"work-process-for-rice-milling-production-line\"><strong>Arbeitsprozess<\/strong> <strong>f\u00fcr die Reism\u00fchlen-Produktionslinie<\/strong><\/h2>    <p>Einf\u00fclltrichter\u2192Enttoner\u2192Reissch\u00e4ler\u2192Schwerkraftabscheider\u2192Reism\u00fchlenmaschine\u2192Reism\u00fchlenmaschine\u2192Farbsortierer\u2192Reispolierer\u2192Wei\u00dfreissortierer\u2192Verpackungsmaschine<\/p>   <div class=\"wp-block-image\"> <figure class=\"aligncenter size-full\"><img loading=\"lazy\" decoding=\"async\" width=\"720\" height=\"540\" src=\"https:\/\/taizyagromachine.com\/wp-content\/uploads\/2022\/02\/work-process-25TPD-production-line.jpg\" alt=\"Arbeitsprozess\" class=\"wp-image-1928\" srcset=\"https:\/\/taizyagromachine.com\/wp-content\/uploads\/2022\/02\/work-process-25TPD-production-line.jpg 720w, https:\/\/taizyagromachine.com\/wp-content\/uploads\/2022\/02\/work-process-25TPD-production-line-300x225.jpg 300w\" sizes=\"auto, (max-width: 720px) 100vw, 720px\" \/><figcaption class=\"wp-element-caption\">Arbeitsprozess<\/figcaption><\/figure> <\/div>   <h2 class=\"wp-block-heading\" id=\"features\"><strong>Merkmale der 25TPD Reismahl-Produktionslinie<\/strong><\/h2>    <ul class=\"wp-block-list\" type=\"1\"> <li>Gute Steinentfernungswirkung, schnelle Schalenbrechgeschwindigkeit und gute Korntrennwirkung.<\/li>    <li>Reis automatisch anheben, fortschrittliche internationale Standards.<\/li>    <li>Geringe Maschinenvibration, einfache Bedienung, schnelle Reisausgabe.<\/li>    <li>Vollautomatische komplette Reism\u00fchlenanlage, geringer Verbrauch.<\/li>    <li>Anpassung. Je nach Ihrem tats\u00e4chlichen Bedarf k\u00f6nnen wir verschiedene Reism\u00fchlenanlagen kombinieren.<\/li> <\/ul>    <h2 class=\"wp-block-heading\" id=\"services-you-ll-enjoy\"><strong>Dienstleistungen, die Sie an der zum Verkauf stehenden Reism\u00fchlenanlage genie\u00dfen werden<\/strong><\/h2>    <p class=\"translation-block\">Als <a href=\"https:\/\/taizyagromachine.com\/de\/\" target=\"_blank\" rel=\"noreferrer noopener\">professionelles Unternehmen<\/a> bieten wir viele Dienstleistungen an, um Sie zufriedenzustellen. Nun stellen wir haupts\u00e4chlich den Pre-Sales-Service, den On-Sales-Service und den After-Sales-Service vor.<\/p>    <h3 class=\"wp-block-heading\" id=\"pre-sale-service\"><strong>Vorverkaufsservice<\/strong><strong><\/strong><\/h3>    <p>Sie ben\u00f6tigen beispielsweise eine Produktionslinie f\u00fcr eine Reism\u00fchle mit 25 Tonnen pro Tag. Dann helfen wir Ihnen in diesem Prozess, die zum Verkauf stehende Reism\u00fchlenanlage zu verstehen. Dar\u00fcber hinaus leisten wir technischen Support.<\/p>    <h3 class=\"wp-block-heading\" id=\"on-sale-service\"><strong>Vorverkaufsservice<\/strong><strong><\/strong><\/h3>    <p>Wir stellen Ihnen Prozessbilder zur Verf\u00fcgung und machen Sie mit dem Bearbeitungsprozess vertraut. Au\u00dferdem sind wir davon \u00fcberzeugt, dass die Maschine vor der Auslieferung von hervorragender Qualit\u00e4t und in gutem Zustand ist.<\/p>    <h3 class=\"wp-block-heading\" id=\"after-sale-service\"><strong>Kundendienst<\/strong><strong><\/strong><\/h3>    <p>Online-Anleitung und Videounterst\u00fctzung sind die Grundlagen. Zusammen mit der Maschine erstellen wir auch das Handbuch und die Wartung.<\/p>    <h2 class=\"wp-block-heading\" id=\"packing-and-shipping\"><strong>Verpackung und Versand der Reism\u00fchlen-Produktionslinie<\/strong><\/h2>    <p>Bei der Lieferung der Maschine, die zu einer 25tpd-Reism\u00fchlen-Produktionslinie geh\u00f6rt, verpacken wir die Maschinen immer in Holzkisten, um einen Absturz w\u00e4hrend des Versands zu vermeiden. Denn es bietet viele Vorteile wie einfache Herstellung, geringes Gewicht, hohe Festigkeit, gute Haltbarkeit und einen relativ g\u00fcnstigen Preis.<\/p>   <div class=\"wp-block-image\"> <figure class=\"aligncenter size-full\"><img loading=\"lazy\" decoding=\"async\" width=\"720\" height=\"540\" src=\"https:\/\/taizyagromachine.com\/wp-content\/uploads\/2022\/01\/package.jpg\" alt=\"Paket\" class=\"wp-image-1765\"\/><figcaption class=\"wp-element-caption\">Paket<\/figcaption><\/figure> <\/div>   <h2 class=\"wp-block-heading\" id=\"related-machine\"><strong>Verwandte Maschine<\/strong><strong><\/strong><\/h2>    <div class=\"wp-block-columns is-layout-flex wp-container-core-columns-is-layout-9d6595d7 wp-block-columns-is-layout-flex\"> <div class=\"wp-block-column is-layout-flow wp-block-column-is-layout-flow\"><div class=\"wp-block-image\"> <figure class=\"aligncenter size-full\"><a href=\"https:\/\/taizyagromachine.com\/de\/product\/20tpd-rice-mill-plant\/\"><img loading=\"lazy\" decoding=\"async\" width=\"720\" height=\"540\" src=\"https:\/\/taizyagromachine.com\/wp-content\/uploads\/2022\/01\/20t-rice-milling-standard-1.jpg\" alt=\"Reismahlanlage mit 20 Tonnen pro Tag\" class=\"wp-image-1768\"\/><\/a><figcaption class=\"wp-element-caption\">Reismahlanlage mit 20 Tonnen pro Tag<\/figcaption><\/figure> <\/div><\/div>    <div class=\"wp-block-column is-layout-flow wp-block-column-is-layout-flow\"><div class=\"wp-block-image\"> <figure class=\"aligncenter size-full\"><img loading=\"lazy\" decoding=\"async\" width=\"720\" height=\"540\" src=\"https:\/\/taizyagromachine.com\/wp-content\/uploads\/2022\/01\/30tpd-rice-milling.jpg\" alt=\"Reismahlanlage mit 30 Tonnen pro Tag\" class=\"wp-image-1758\"\/><figcaption class=\"wp-element-caption\">Reismahlanlage mit 30 Tonnen pro Tag<\/figcaption><\/figure> <\/div><\/div> <\/div>","protected":false},"excerpt":{"rendered":"<p>25tpd integrated rice milling production line&nbsp;is special rice processing equipment for the production of 25t per day. It functions to turn paddy rice into white rice. This rice mill plant has the platform to work, only one layer. Besides, it has compact structure, low consumption, easy operation. We, as a reliable agricultural machine manufacturer and [&hellip;]<\/p>\n","protected":false},"author":1,"featured_media":2079,"parent":0,"template":"","tags":[59,49,60,35,56,37,38,57,48,61],"product-type":[27],"class_list":["post-1498","product","type-product","status-publish","has-post-thumbnail","hentry","tag-25tpd-rice-mill-producion-line","tag-complete-rice-milling-plant","tag-integrated-rice-milling-production-line","tag-rice-mill","tag-rice-mill-machine","tag-rice-mill-plant","tag-rice-mill-production-line","tag-rice-milling-machine","tag-rice-milling-plant-for-sale","tag-rice-milling-production-line","product-type-solutions"],"_links":{"self":[{"href":"https:\/\/taizyagromachine.com\/de\/wp-json\/wp\/v2\/product\/1498","targetHints":{"allow":["GET"]}}],"collection":[{"href":"https:\/\/taizyagromachine.com\/de\/wp-json\/wp\/v2\/product"}],"about":[{"href":"https:\/\/taizyagromachine.com\/de\/wp-json\/wp\/v2\/types\/product"}],"author":[{"embeddable":true,"href":"https:\/\/taizyagromachine.com\/de\/wp-json\/wp\/v2\/users\/1"}],"wp:featuredmedia":[{"embeddable":true,"href":"https:\/\/taizyagromachine.com\/de\/wp-json\/wp\/v2\/media\/2079"}],"wp:attachment":[{"href":"https:\/\/taizyagromachine.com\/de\/wp-json\/wp\/v2\/media?parent=1498"}],"wp:term":[{"taxonomy":"post_tag","embeddable":true,"href":"https:\/\/taizyagromachine.com\/de\/wp-json\/wp\/v2\/tags?post=1498"},{"taxonomy":"product-type","embeddable":true,"href":"https:\/\/taizyagromachine.com\/de\/wp-json\/wp\/v2\/product-type?post=1498"}],"curies":[{"name":"wp","href":"https:\/\/api.w.org\/{rel}","templated":true}]}}