{"id":1512,"date":"2021-12-13T07:19:45","date_gmt":"2021-12-13T07:19:45","guid":{"rendered":"https:\/\/taizyagromachine.com\/?p=1512"},"modified":"2024-02-06T10:28:46","modified_gmt":"2024-02-06T02:28:46","slug":"60tpd-rice-mill-plant","status":"publish","type":"product","link":"https:\/\/taizyagromachine.com\/de\/product\/60tpd-rice-mill-plant\/","title":{"rendered":"60TPD-Reism\u00fchlen-Verarbeitungsanlage"},"content":{"rendered":"<p class=\"translation-block\"><strong>60TPD Reism\u00fchlenanlage<\/strong> ist eine Reismandapparat mit einer Kapazit\u00e4t von 60 t pro Tag. Diese Reism\u00fchlen-Einheit bietet eine hohe Feinreismausbeute und eine geringe Bruchrate dank fortschrittlicher Technologie. Sie integriert Destonierung, Reissch\u00e4lung, Reism\u00fchlen, Reisklassifizierung, Farbsortierung und Verpackung. <\/p>    <p>Es handelt sich also um eine gro\u00dfartige Reism\u00fchlen-Maschinenanlage f\u00fcr Reism\u00fchlenfabriken und Farmbesitzer. Au\u00dferdem k\u00f6nnen wir eine komplette Reism\u00fchlenanlage mit einer Kapazit\u00e4t von 60 tpd entsprechend Ihren Anforderungen bereitstellen. Au\u00dferdem wird diese kommerzielle Reism\u00fchle direkt vom Werk geliefert, sodass die Qualit\u00e4t garantiert werden kann. <\/p>    <p>Haben Sie Interesse an Reismahlanlagen? F\u00fcr weitere Informationen k\u00f6nnen Sie uns gerne kontaktieren!<\/p>    <figure class=\"wp-block-embed is-type-video is-provider-youtube wp-block-embed-youtube wp-embed-aspect-16-9 wp-has-aspect-ratio\"><div class=\"wp-block-embed__wrapper\"> <iframe loading=\"lazy\" title=\"Enth\u00fcllung von Exzellenz: Pr\u00e4sentation und Demonstration einer 60-Tonnen-Reism\u00fchle! \ud83c\udf3e\u2728#ricemill #ricemilling\" width=\"500\" height=\"281\" src=\"https:\/\/www.youtube.com\/embed\/DFJ1pZxTMuU?feature=oembed\" frameborder=\"0\" allow=\"accelerometer; autoplay; clipboard-write; encrypted-media; gyroscope; picture-in-picture; web-share\" referrerpolicy=\"strict-origin-when-cross-origin\" allowfullscreen><\/iframe> <\/div><figcaption class=\"wp-element-caption\">Einf\u00fchrung in die Reism\u00fchle und Video zur Funktionsweise <\/figcaption><\/figure>    <h2 class=\"wp-block-heading\"><strong>Welche Maschine wird beim Reismahlen verwendet?<\/strong><\/h2>    <p>Unsere 60-tpd-Reism\u00fchlen-Verarbeitungsanlage ist in verschiedenen Konfigurationen erh\u00e4ltlich, wobei unterschiedliche Konfigurationen mit einer unterschiedlichen Anzahl von Maschinen gepaart sind, aber im Allgemeinen ist die Ausr\u00fcstung in der Mahleinheit ungef\u00e4hr gleich. <\/p>    <figure class=\"wp-block-gallery aligncenter has-nested-images columns-default is-cropped wp-block-gallery-2 is-layout-flex wp-block-gallery-is-layout-flex\"> <figure class=\"wp-block-image size-large\"><img loading=\"lazy\" decoding=\"async\" width=\"720\" height=\"540\" data-id=\"6384\" src=\"https:\/\/taizyagromachine.com\/wp-content\/uploads\/2021\/12\/auto-rice-mill-plant-with-3-rice-millers.webp\" alt=\"Automatische Reism\u00fchlenanlage mit 3 Reism\u00fchlen\" class=\"wp-image-6384\"\/><figcaption class=\"wp-element-caption\">Automatische Reism\u00fchlenanlage mit 3 Reism\u00fchlen<\/figcaption><\/figure>    <figure class=\"wp-block-image size-large\"><img loading=\"lazy\" decoding=\"async\" width=\"720\" height=\"540\" data-id=\"6385\" src=\"https:\/\/taizyagromachine.com\/wp-content\/uploads\/2021\/12\/industrial-rice-milling-machine-with-2-rice-millers.webp\" alt=\"Industrielle Reism\u00fchle mit 2 Reism\u00fchlen\" class=\"wp-image-6385\"\/><figcaption class=\"wp-element-caption\">Industrielle Reism\u00fchle mit 2 Reism\u00fchlen<\/figcaption><\/figure> <\/figure>    <p>Die Liste der in der Reism\u00fchle verwendeten Maschinen ist unten aufgef\u00fchrt:<\/p>    <p class=\"translation-block\"><strong>Voranreiniger &amp; Destoner<\/strong>: Entfernt Steine, Erde, Stroh, Grassamen und andere Verunreinigungen aus dem Reiskorn. Durch Sieben und Windsortierung wird sichergestellt, dass das in den n\u00e4chsten Prozess gelangende Reiskorn sauber und frei von Verunreinigungen ist.<\/p>    <p class=\"translation-block\"><strong>Reissch\u00e4ler<\/strong>: Trennt die \u00e4u\u00dfere Schale (Schale) vom inneren Kern (Braunreis) des Reiskorns mithilfe mechanischer Kraft, um den Entsch\u00e4lungsprozess zu realisieren.<\/p>    <p class=\"translation-block\"><strong>Gravity Paddy Separator<\/strong>: Trennt effektiv das nach dem Sch\u00e4len erhaltene Gemisch (Braunreis und Kleie), um den Braunreis von der Kleie zu trennen und die Reinheit des Brauns zu verbessern.<\/p>    <p class=\"translation-block\"><strong>Reism\u00fchle<\/strong>: Unter Anwendung des Schleifprinzips wird die Kleielage auf der Oberfl\u00e4che von Braunreis allm\u00e4hlich entfernt, ohne das Endosperm zu zerst\u00f6ren, und Wei\u00dfreis wird erhalten. Je nach Prozessanforderungen kann es notwendig sein, mehrere Polierprozesse durchzuf\u00fchren, um Qualit\u00e4t zu gew\u00e4hrleisten.<\/p>    <p class=\"translation-block\"><strong>Poliermaschine<\/strong>: Poliert den gesch\u00e4lten Reis weiter, entfernt das restliche mikroskopische Kleie und verleiht dem Reis ein glattes und gl\u00e4nzendes Aussehen, um seinen Handelswert zu erh\u00f6hen.<\/p>    <p class=\"translation-block\"><strong>Reisklassifizierer<\/strong>: Je nach Gr\u00f6\u00dfe, Form und Qualit\u00e4t der Reisk\u00f6rner werden Sieben und Klassifizierung durchgef\u00fchrt, um sicherzustellen, dass das Endprodukt eine einheitliche Spezifikation hat und die Anforderungen der verschiedenen M\u00e4rkte an die Reiskorngr\u00f6\u00dfe erf\u00fcllt.<\/p>    <p class=\"translation-block\"><strong>Farbsorter<\/strong>: Identifiziert und sortiert defekte Produkte wie unterschiedlich gef\u00e4rbte K\u00f6rner und krankheitsbefallene K\u00f6rner durch Fotodetektoren, um die Gesamtqualit\u00e4t und Lebensmittelsicherheit des fertigen Reises zu verbessern.<\/p>    <p class=\"translation-block\"><strong>Verpackungsmaschine<\/strong>: Automatisches Wiegen, Bef\u00fcllen, Versiegeln und Kennzeichnen, completing die standardisierte Verpackung der Produkte, was Transport, Lagerung und Verkauf erleichtert.<\/p>    <figure class=\"wp-block-gallery aligncenter has-nested-images columns-default is-cropped wp-block-gallery-3 is-layout-flex wp-block-gallery-is-layout-flex\"> <figure class=\"wp-block-image size-large\"><img loading=\"lazy\" decoding=\"async\" width=\"720\" height=\"540\" data-id=\"6391\" src=\"https:\/\/taizyagromachine.com\/wp-content\/uploads\/2021\/12\/complete-rice-milling-plant-machinery-in-the-rice-mill-factory.webp\" alt=\"komplette Reism\u00fchlenmaschinen in der Reism\u00fchlenfabrik\" class=\"wp-image-6391\"\/><figcaption class=\"wp-element-caption\">komplette Reism\u00fchlenmaschinen in der Reism\u00fchlenfabrik<\/figcaption><\/figure>    <figure class=\"wp-block-image size-large\"><img loading=\"lazy\" decoding=\"async\" width=\"720\" height=\"540\" data-id=\"6392\" src=\"https:\/\/taizyagromachine.com\/wp-content\/uploads\/2021\/12\/machine-for-rice-mill.webp\" alt=\"Maschine f\u00fcr Reism\u00fchle\" class=\"wp-image-6392\"\/><figcaption class=\"wp-element-caption\">Maschine f\u00fcr Reism\u00fchle<\/figcaption><\/figure> <\/figure>    <h2 class=\"wp-block-heading\"><strong>Technische Parameter einer modernen Reism\u00fchlenanlage<\/strong><\/h2>    <figure class=\"wp-block-table\"><table><tbody><tr><td>Marke<\/td><td>Taizy<\/td><\/tr><tr><td>Maschinenname<\/td><td>60TPD-Reism\u00fchlenanlage<\/td><\/tr><tr><td>Modell<\/td><td>MCTP60<\/td><\/tr><tr><td>Kapazit\u00e4t<\/td><td>2200\u20132600 kg\/h<\/td><\/tr><tr><td>Anwendbares Korn<\/td><td>Rohreis<\/td><\/tr><tr><td>Leistung<\/td><td>143 kW<\/td><\/tr><tr><td>Gr\u00f6\u00dfe<\/td><td>13500*2900*4500mm<\/td><\/tr><\/tbody><\/table><figcaption class=\"wp-element-caption\">Technische Parameter der zum Verkauf stehenden Reism\u00fchlen-Verarbeitungsanlage<\/figcaption><\/figure>    <h2 class=\"wp-block-heading\"><strong>Struktur einer automatischen Reism\u00fchlen-Verarbeitungsanlage mit 60 Tonnen pro Tag zum Verkauf<\/strong><\/h2>    <p>Die zum Verkauf stehende moderne Reism\u00fchlenanlage der Taizy Machine Company mit einer Leistung von 60 Tonnen pro Tag umfasst Reiniger, Entkerner, Reissch\u00e4ler, drei Reism\u00fchlenmaschinen und einen Sortierer f\u00fcr wei\u00dfen Reis.<\/p>   <div class=\"wp-block-image\"> <figure class=\"aligncenter size-full\"><img loading=\"lazy\" decoding=\"async\" width=\"720\" height=\"540\" src=\"https:\/\/taizyagromachine.com\/wp-content\/uploads\/2022\/02\/structure-of-60t.jpg\" alt=\"Struktur einer Reism\u00fchlenanlage mit 60 Tonnen pro Tag\" class=\"wp-image-2034\" srcset=\"https:\/\/taizyagromachine.com\/wp-content\/uploads\/2022\/02\/structure-of-60t.jpg 720w, https:\/\/taizyagromachine.com\/wp-content\/uploads\/2022\/02\/structure-of-60t-300x225.jpg 300w\" sizes=\"auto, (max-width: 720px) 100vw, 720px\" \/><figcaption class=\"wp-element-caption\">Struktur einer Verarbeitungsanlage f\u00fcr Reism\u00fchlen mit einer Kapazit\u00e4t von 60 Tonnen pro Tag<\/figcaption><\/figure> <\/div>   <h2 class=\"wp-block-heading\" id=\"process-flow-chart\"><strong>Prozessablaufdiagramm der Reism\u00fchlen-Verarbeitungsanlage<\/strong><\/h2>    <p>Anhand dieses Flussdiagramms k\u00f6nnen Sie sehen, wie die Reism\u00fchle funktioniert. Es hilft Ihnen erheblich, den Arbeitsprozess zu verstehen und sich mit der Maschinenanlage vertraut zu machen.<\/p>   <div class=\"wp-block-image\"> <figure class=\"aligncenter size-full\"><img loading=\"lazy\" decoding=\"async\" width=\"720\" height=\"540\" src=\"https:\/\/taizyagromachine.com\/wp-content\/uploads\/2022\/02\/work-flow-38tpd.jpg\" alt=\"Arbeitsablauf der Reism\u00fchle-Verarbeitungsanlage\" class=\"wp-image-1983\" srcset=\"https:\/\/taizyagromachine.com\/wp-content\/uploads\/2022\/02\/work-flow-38tpd.jpg 720w, https:\/\/taizyagromachine.com\/wp-content\/uploads\/2022\/02\/work-flow-38tpd-300x225.jpg 300w\" sizes=\"auto, (max-width: 720px) 100vw, 720px\" \/><figcaption class=\"wp-element-caption\">Arbeitsablauf der Reism\u00fchle-Verarbeitungsanlage<\/figcaption><\/figure> <\/div>   <h2 class=\"wp-block-heading\" id=\"advantages\"><strong>Vorteile der kombinierten Reism\u00fchlenmaschine<\/strong><\/h2>    <ul class=\"wp-block-list\"> <li>Einzelne Maschinen f\u00fcr die 60tdp-Reism\u00fchle werden in einer Reihe pr\u00e4sentiert, ordentlich und sch\u00f6n.<\/li>    <li>Der Reismahlteil der Ausr\u00fcstung nutzt fortschrittliche Reismahltechnologie, niedrige Reistemperatur, wenig Kleie und eine niedrige Bruchrate.<\/li>    <li>Der Hauptbetrieb konzentriert sich auf eine Seite und ist bequem zu bedienen.<\/li>    <li>Energieeinsparung, Umweltschutz, einfache Bedienung, bequeme Wartung und Langlebigkeit.<\/li>    <li>Gro\u00dfe Kapazit\u00e4t, hohe Geschwindigkeit, stabile Leistung.<\/li>    <li>Unterschiedliche Kollokation. Wir k\u00f6nnen Ihnen die richtige 60tpd-Reism\u00fchlenanlage empfehlen, die Ihren Anforderungen entspricht.<\/li> <\/ul>    <h2 class=\"wp-block-heading\" id=\"machines-that-can-be-equipped\"><strong>Optionale Maschinen f\u00fcr die komplette Reism\u00fchleneinheit<\/strong><\/h2>    <p>Die 60tpd-Reism\u00fchlen-Verarbeitungsanlage verf\u00fcgt \u00fcber verschiedene Zusammenstellungen, um Ihr gew\u00fcnschtes Ziel zu erreichen. Basierend auf dieser 60-tpd-Reism\u00fchlenanlage m\u00fcssen wir auch andere Maschinen zusammenstellen.<\/p>    <p class=\"translation-block\"><strong>Reiskonverter<\/strong><\/p>    <p>Diese Maschine wird in der Reism\u00fchlen-Produktionslinie eingesetzt und sorgt daf\u00fcr, dass der Reis wei\u00dfer und glatter wird.<\/p>    <p class=\"translation-block\"><strong>Farbsortierer<\/strong><\/p>    <p>Der Farbsortierer kann zwischen gutem wei\u00dfem Reis und schimmeligem, schwarzem Reis unterscheiden. F\u00fcr den hochwertigen wei\u00dfen Reis hilft es sehr.<\/p>    <p class=\"translation-block\"><strong>Verpackungsmaschine<\/strong><\/p>    <p>Da das Endziel darin besteht, wei\u00dfen Reis zu verkaufen, ist die Verpackung der notwendige Schritt. Diese Verpackungsmaschine f\u00fcr diese Reism\u00fchle hat ein Gewicht von 5 kg bis 50 kg. Daher ist es sehr praktisch.<\/p>    <p>Anhand des oben Gesagten k\u00f6nnen wir erkennen, dass eine zum Verkauf stehende komplette Reism\u00fchlen-Produktionslinie eine andere Zusammenstellung hat, um Ihren Gesch\u00e4ftsanforderungen gerecht zu werden.<\/p>   <div class=\"wp-block-image\"> <figure class=\"aligncenter size-full\"><img loading=\"lazy\" decoding=\"async\" width=\"720\" height=\"540\" src=\"https:\/\/taizyagromachine.com\/wp-content\/uploads\/2022\/02\/60tpd-complete-rice-mill-production-line.jpg\" alt=\"60 tpd komplette Reism\u00fchlen-Produktionslinie\" class=\"wp-image-2035\" srcset=\"https:\/\/taizyagromachine.com\/wp-content\/uploads\/2022\/02\/60tpd-complete-rice-mill-production-line.jpg 720w, https:\/\/taizyagromachine.com\/wp-content\/uploads\/2022\/02\/60tpd-complete-rice-mill-production-line-300x225.jpg 300w\" sizes=\"auto, (max-width: 720px) 100vw, 720px\" \/><figcaption class=\"wp-element-caption\">60 tpd komplette Reism\u00fchlen-Produktionslinie<\/figcaption><\/figure> <\/div>   <h2 class=\"wp-block-heading\"><strong>Service f\u00fcr kombinierte Reism\u00fchlen<\/strong><\/h2>    <p>F\u00fcr Reismahlanlagen k\u00f6nnen folgende Leistungen erbracht werden:<\/p>    <ul class=\"wp-block-list\"> <li><strong>Verkauf und Anpassung von Ger\u00e4ten<\/strong>: Bereitstellung kompletter Ausr\u00fcstungss\u00e4tze f\u00fcr Reism\u00fchlenverarbeitungsanlagen mit unterschiedlichen Leistungsskalen, wie z <a href=\"https:\/\/taizyagromachine.com\/de\/product\/15tpd-rice-mill-plant\/\">15TPD Reism\u00fchleneinheit<\/a>, 25TPD usw. und k\u00f6nnen Reism\u00fchlen mit speziellen Spezifikationen und Konfigurationen entsprechend Ihren Anforderungen anpassen.<\/li>    <li><strong>Technische Beratung und Design<\/strong>: Entsprechend Ihren spezifischen Anforderungen, Rohstoffeigenschaften und Standortbedingungen bieten wir professionelles Design von Reism\u00fchlen-Produktionslinien und technische Beratungsdienste.<\/li>    <li><strong>Kundendienst und Wartung<\/strong>: Kostenlose Reparatur oder Austausch fehlerhafter Teile w\u00e4hrend der Garantiezeit des Ger\u00e4ts; Bereitstellung zeitnaher technischer Unterst\u00fctzung und kostenpflichtiger Wartungsdienste au\u00dferhalb der Garantiezeit.<\/li>    <li><strong>Teileversorgung<\/strong>: Langfristige Lieferung aller Arten von Originalersatzteilen, die von der Reism\u00fchlenverarbeitungsanlage ben\u00f6tigt werden, um die Qualit\u00e4t und Kompatibilit\u00e4t der Ersatzteile sicherzustellen, die im Prozess der Nutzung der Ausr\u00fcstung ben\u00f6tigt werden.<\/li> <\/ul>    <figure class=\"wp-block-gallery aligncenter has-nested-images columns-default is-cropped wp-block-gallery-4 is-layout-flex wp-block-gallery-is-layout-flex\"> <figure class=\"wp-block-image size-large\"><img loading=\"lazy\" decoding=\"async\" width=\"720\" height=\"540\" data-id=\"6394\" src=\"https:\/\/taizyagromachine.com\/wp-content\/uploads\/2021\/12\/industrial-rice-milling-machine-for-sale.webp\" alt=\"Industrielle Reism\u00fchle zu verkaufen\" class=\"wp-image-6394\"\/><figcaption class=\"wp-element-caption\">Industrielle Reism\u00fchle zu verkaufen<\/figcaption><\/figure>    <figure class=\"wp-block-image size-large\"><img loading=\"lazy\" decoding=\"async\" width=\"720\" height=\"540\" data-id=\"6395\" src=\"https:\/\/taizyagromachine.com\/wp-content\/uploads\/2021\/12\/rice-mill-processing-plant-for-sale.webp\" alt=\"Reism\u00fchlen-Verarbeitungsanlage zu verkaufen\" class=\"wp-image-6395\"\/><figcaption class=\"wp-element-caption\">Reism\u00fchlen-Verarbeitungsanlage zu verkaufen<\/figcaption><\/figure> <\/figure>    <h2 class=\"wp-block-heading\"><strong>Starten Sie jetzt Ihr Reism\u00fchlengesch\u00e4ft!<\/strong><\/h2>    <p class=\"translation-block\">Beeilen Sie sich und kontaktieren Sie uns, wir entwerfen eine passende Maschinenkombination f\u00fcr Sie entsprechend Ihren spezifischen Bed\u00fcrfnissen, um die unterschiedlichen Anforderungen der <a href=\"https:\/\/en.wikipedia.org\/wiki\/Rice_mill\" target=\"_blank\" rel=\"noopener\">Reisverarbeitung<\/a> zu erf\u00fcllen.<\/p>","protected":false},"excerpt":{"rendered":"<p>Die 60TPD-Reism\u00fchlen-Verarbeitungsanlage soll wei\u00dfen essbaren Reis zum Verkauf mit einer Kapazit\u00e4t von 60 Tonnen pro Tag produzieren, vom Reismahlen bis zur Reisverpackung. Wir stellen alle in der Reism\u00fchle verwendeten Maschinen vor.<\/p>","protected":false},"author":1,"featured_media":2033,"parent":0,"template":"","tags":[],"product-type":[18],"class_list":["post-1512","product","type-product","status-publish","has-post-thumbnail","hentry","product-type-rice-mill"],"_links":{"self":[{"href":"https:\/\/taizyagromachine.com\/de\/wp-json\/wp\/v2\/product\/1512","targetHints":{"allow":["GET"]}}],"collection":[{"href":"https:\/\/taizyagromachine.com\/de\/wp-json\/wp\/v2\/product"}],"about":[{"href":"https:\/\/taizyagromachine.com\/de\/wp-json\/wp\/v2\/types\/product"}],"author":[{"embeddable":true,"href":"https:\/\/taizyagromachine.com\/de\/wp-json\/wp\/v2\/users\/1"}],"wp:featuredmedia":[{"embeddable":true,"href":"https:\/\/taizyagromachine.com\/de\/wp-json\/wp\/v2\/media\/2033"}],"wp:attachment":[{"href":"https:\/\/taizyagromachine.com\/de\/wp-json\/wp\/v2\/media?parent=1512"}],"wp:term":[{"taxonomy":"post_tag","embeddable":true,"href":"https:\/\/taizyagromachine.com\/de\/wp-json\/wp\/v2\/tags?post=1512"},{"taxonomy":"product-type","embeddable":true,"href":"https:\/\/taizyagromachine.com\/de\/wp-json\/wp\/v2\/product-type?post=1512"}],"curies":[{"name":"wp","href":"https:\/\/api.w.org\/{rel}","templated":true}]}}