{"id":1535,"date":"2021-12-14T06:35:13","date_gmt":"2021-12-14T06:35:13","guid":{"rendered":"https:\/\/taizyagromachine.com\/?p=1535"},"modified":"2022-09-29T11:16:10","modified_gmt":"2022-09-29T03:16:10","slug":"vibration-cleaner","status":"publish","type":"product","link":"https:\/\/taizyagromachine.com\/de\/product\/vibration-cleaner\/","title":{"rendered":"Vibrationsreiniger"},"content":{"rendered":"<p class=\"translation-block\"><strong>Vibrationsreiniger<\/strong> reinigt gro\u00dfe, kleine und leichte <a href=\"https:\/\/en.wikipedia.org\/wiki\/Impurity\" target=\"_blank\" rel=\"noreferrer noopener\">Verunreinigungen<\/a> von K\u00f6rnern. Insbesondere in gro\u00dfen, vollst\u00e4ndigen Reism\u00fchlenanlagen ist die Vibrationsreinigungsmaschine f\u00fcr Paddy der erste und notwendige Schritt. Sie ist nicht nur f\u00fcr Paddy-Reis, sondern auch f\u00fcr Weizen, Erdn\u00fcsse, Sesam, Sojabohnen usw. geeignet. Au\u00dferdem ist sie mit zwei Vibrationsmotoren ausgestattet. Manchmal wird sie zur Klassifizierung von halbfertigen oder fertigen Produkten verwendet. Alles in allem ist die Vibrationssiebmaschine f\u00fcr die komplette Reism\u00fchlenanlage notwendig. Wenn Sie Zweifel haben, kontaktieren Sie uns gerne f\u00fcr weitere Details!<\/p>    <h2 class=\"wp-block-heading\" id=\"structure-of-paddy-vibration-cleaner\"><strong>Struktur des Paddy Vibration Cleaner<\/strong><\/h2>    <p>Unsere Maschine verf\u00fcgt \u00fcber einen Einlass bzw. Auslass f\u00fcr Verunreinigungen und Rohreis sowie einen Vibrationsmotor.<\/p>   <div class=\"wp-block-image\"> <figure class=\"aligncenter size-full\"><img loading=\"lazy\" decoding=\"async\" width=\"720\" height=\"540\" src=\"https:\/\/taizyagromachine.com\/wp-content\/uploads\/2022\/01\/structure-of-vibration-cleaner.jpg\" alt=\"Struktur des Vibrationsreinigers\" class=\"wp-image-1869\"\/><figcaption>Struktur des Vibrationsreinigers<\/figcaption><\/figure> <\/div>   <h2 class=\"wp-block-heading\" id=\"advantages-of-vibrating-sieve-cleaner\"><strong>Vorteile des Vibrationssiebreinigers<\/strong><strong><\/strong><\/h2>    <ul class=\"wp-block-list\" type=\"1\"><li>Angemessene Struktur, super Qualit\u00e4t, stabile Leistung.<\/li><li>Hohe Reinigungseffizienz und geringer Energieverbrauch.<\/li><li>Kleine Maschinen, die wenig Platz beanspruchen.<\/li><li>Bekannte Marke auf den internationalen M\u00e4rkten.<\/li><li>Anpassung. Sie k\u00f6nnen die entsprechenden Siebe passend zu Rohreis bestellen.<\/li><\/ul>    <h2 class=\"wp-block-heading\" id=\"working-principle\"><strong>Funktionsprinzip<\/strong><strong><\/strong><\/h2>    <p class=\"translation-block\">Der Vibrationsreiniger f\u00fchrt seine Arbeit entsprechend der Lochgr\u00f6\u00dfe des Siebes aus. Zum Beispiel verwendet die Vibrationsreinigungsmaschine in der modernen <a href=\"https:\/\/taizyagromachine.com\/de\/product\/solutions\/\" target=\"_blank\" rel=\"noreferrer noopener\">Reism\u00fchlen-Produktionslinie zum Verkauf<\/a> ein zweischichtiges Sieb. Im Allgemeinen hat es drei Ausl\u00e4sse. Einer f\u00fcr die gro\u00dfen Verunreinigungen, einer f\u00fcr die kleinen und leichten Verunreinigungen und der andere f\u00fcr den Paddy-Reis. Das ist leicht zu verstehen. Wenn Sie Zweifel haben, kontaktieren Sie uns bitte f\u00fcr weitere Informationen!<\/p>    <figure class=\"wp-block-embed is-type-video is-provider-youtube wp-block-embed-youtube wp-embed-aspect-16-9 wp-has-aspect-ratio\"><div class=\"wp-block-embed__wrapper\"> <iframe loading=\"lazy\" title=\"Der Vibrationsreiniger reinigt den Rohreis in der Reism\u00fchle von Verunreinigungen.\" width=\"500\" height=\"281\" src=\"https:\/\/www.youtube.com\/embed\/L9lQfmDcAsw?feature=oembed\" frameborder=\"0\" allow=\"accelerometer; autoplay; clipboard-write; encrypted-media; gyroscope; picture-in-picture; web-share\" referrerpolicy=\"strict-origin-when-cross-origin\" allowfullscreen><\/iframe> <\/div><\/figure>","protected":false},"excerpt":{"rendered":"<p>Vibration cleaner\u00a0is cleaning the large, small, and light impurities from grains. Especially, in the large capacity complete rice mill plant, the paddy vibrating cleaner machine is the initial and necessary step. It\u2019s suitable for not only paddy rice but also wheat, peanuts, sesame, soybeans, etc. Besides, it is equipped with two vibration motors. Sometimes, it [&hellip;]<\/p>\n","protected":false},"author":1,"featured_media":1867,"parent":0,"template":"","tags":[],"product-type":[18],"class_list":["post-1535","product","type-product","status-publish","has-post-thumbnail","hentry","product-type-rice-mill"],"_links":{"self":[{"href":"https:\/\/taizyagromachine.com\/de\/wp-json\/wp\/v2\/product\/1535","targetHints":{"allow":["GET"]}}],"collection":[{"href":"https:\/\/taizyagromachine.com\/de\/wp-json\/wp\/v2\/product"}],"about":[{"href":"https:\/\/taizyagromachine.com\/de\/wp-json\/wp\/v2\/types\/product"}],"author":[{"embeddable":true,"href":"https:\/\/taizyagromachine.com\/de\/wp-json\/wp\/v2\/users\/1"}],"wp:featuredmedia":[{"embeddable":true,"href":"https:\/\/taizyagromachine.com\/de\/wp-json\/wp\/v2\/media\/1867"}],"wp:attachment":[{"href":"https:\/\/taizyagromachine.com\/de\/wp-json\/wp\/v2\/media?parent=1535"}],"wp:term":[{"taxonomy":"post_tag","embeddable":true,"href":"https:\/\/taizyagromachine.com\/de\/wp-json\/wp\/v2\/tags?post=1535"},{"taxonomy":"product-type","embeddable":true,"href":"https:\/\/taizyagromachine.com\/de\/wp-json\/wp\/v2\/product-type?post=1535"}],"curies":[{"name":"wp","href":"https:\/\/api.w.org\/{rel}","templated":true}]}}