{"id":1560,"date":"2021-12-15T08:25:49","date_gmt":"2021-12-15T08:25:49","guid":{"rendered":"https:\/\/taizyagromachine.com\/?p=1560"},"modified":"2025-01-02T13:54:13","modified_gmt":"2025-01-02T05:54:13","slug":"rice-grader","status":"publish","type":"product","link":"https:\/\/taizyagromachine.com\/de\/product\/rice-grader\/","title":{"rendered":"Reissortierer"},"content":{"rendered":"<p class=\"translation-block\"><strong>Reissortierer<\/strong> trennt ganzen wei\u00dfen Reis und gebrochenen wei\u00dfen Reis nach Gr\u00f6\u00dfe. Er geh\u00f6rt zur MMJP-Serie von Wei\u00dfreis-Sortierern und spielt eine wichtige Rolle in der Reism\u00fchle. Oft wird er in der <a href=\"https:\/\/taizyagromachine.com\/de\/product\/solutions\/\" target=\"_blank\" rel=\"noreferrer noopener\">vollautomatischen Reism\u00fchlen-Produktionslinie<\/a> eingesetzt. Im Allgemeinen haben sie unterschiedliche Durchmesser. Au\u00dferdem befindet sich ein Gummiball auf dem Sieb. Das liegt daran, dass der Ball zur Reinigung von <a href=\"https:\/\/en.wikipedia.org\/wiki\/Clog\" target=\"_blank\" rel=\"noreferrer noopener\">Siebverstopfungen<\/a> dient. In verschiedenen Reism\u00fchlen k\u00f6nnen Sie Reissortierer mit unterschiedlicher Kapazit\u00e4t einsetzen. Dar\u00fcber hinaus k\u00f6nnen der Reissortierer und die Farbsortiermaschine die Reihenfolge \u00e4ndern. Kontaktieren Sie uns gerne f\u00fcr weitere Details!<\/p>    <h2 class=\"wp-block-heading\" id=\"advantages-of-rice-grading-machine\"><strong>Vorteile des Reissortierers<\/strong><\/h2>    <ul class=\"wp-block-list\" type=\"1\"><li>Angemessener Aufbau, stabiler Lauf, super Qualit\u00e4t.<\/li><li>Hohe Arbeitseffizienz und geringer Energieverbrauch.<\/li><li>Aufgrund der automatischen Reinigungsausr\u00fcstung verstopfen Siebe nicht so leicht.<\/li><li>Lange Lebensdauer, einfache Bedienung und Wartung.<\/li><li>Es ist ein mehrschichtiges Sieb erh\u00e4ltlich, das f\u00fcr unterschiedliche Kapazit\u00e4ten der Reissortierung geeignet ist.<\/li><li>Geringer L\u00e4rm, starke Anpassungsf\u00e4higkeit, hohe Leistung.<\/li><\/ul>    <figure class=\"wp-block-gallery has-nested-images columns-default is-cropped wp-block-gallery-2 is-layout-flex wp-block-gallery-is-layout-flex\"> <figure class=\"wp-block-image size-large\"><img loading=\"lazy\" decoding=\"async\" width=\"720\" height=\"540\" data-id=\"1890\" src=\"https:\/\/taizyagromachine.com\/wp-content\/uploads\/2022\/02\/screen-rice-grader.jpg\" alt=\"Bildschirm\" class=\"wp-image-1890\"\/><figcaption>Bildschirm<\/figcaption><\/figure>    <figure class=\"wp-block-image size-large\"><img loading=\"lazy\" decoding=\"async\" width=\"720\" height=\"540\" data-id=\"1891\" src=\"https:\/\/taizyagromachine.com\/wp-content\/uploads\/2022\/02\/separating-rice.jpg\" alt=\"Reis sortieren\" class=\"wp-image-1891\"\/><figcaption>Reis sortieren<\/figcaption><\/figure> <\/figure>    <h2 class=\"wp-block-heading\" id=\"rice-grader-machine-price\"><strong>R<\/strong><strong>Eis <\/strong><strong>G<\/strong><strong>Rader <\/strong><strong>M<\/strong><strong>Maschine <\/strong><strong>P<\/strong><strong>Reis<\/strong><strong><\/strong><\/h2>    <p class=\"translation-block\">Als <a href=\"https:\/\/taizyagromachine.com\/de\/\" target=\"_blank\" rel=\"noreferrer noopener\">professioneller Hersteller und Lieferant von Reism\u00fchlen<\/a> haben wir verschiedene Reism\u00fchlen. Die komplette Reism\u00fchle ben\u00f6tigt einen entsprechenden Reissortierer. Die unterschiedliche Leistung erfordert jedoch einen entsprechenden Reisseparator. Der Preis f\u00fcr Reissortierger\u00e4te variiert. Teilen Sie uns also Ihre Anforderungen mit, und wir empfehlen Ihnen das passende Ger\u00e4t und senden Ihnen so schnell wie m\u00f6glich den besten Preis!<\/p>   <div class=\"wp-block-image\"> <figure class=\"aligncenter size-full\"><img loading=\"lazy\" decoding=\"async\" width=\"720\" height=\"540\" src=\"https:\/\/taizyagromachine.com\/wp-content\/uploads\/2022\/02\/functions-in-the-complete-ric-emill-plant.jpg\" alt=\"Funktionen in der kompletten Reism\u00fchlenanlage\" class=\"wp-image-1893\"\/><figcaption>Funktionen in der kompletten Reism\u00fchlenanlage<\/figcaption><\/figure> <\/div>","protected":false},"excerpt":{"rendered":"<p>Rice grader\u00a0is separating the whole white rice and broken white rice according to size. It belongs to MMJP series white rice grader, an important role in the rice processing plant. Often, it is used in the fully automatic rice mill plant production line. Generally speaking, there are diameters in their appearances. Besides, there is the [&hellip;]<\/p>\n","protected":false},"author":1,"featured_media":1889,"parent":0,"template":"","tags":[],"product-type":[18],"class_list":["post-1560","product","type-product","status-publish","has-post-thumbnail","hentry","product-type-rice-mill"],"_links":{"self":[{"href":"https:\/\/taizyagromachine.com\/de\/wp-json\/wp\/v2\/product\/1560","targetHints":{"allow":["GET"]}}],"collection":[{"href":"https:\/\/taizyagromachine.com\/de\/wp-json\/wp\/v2\/product"}],"about":[{"href":"https:\/\/taizyagromachine.com\/de\/wp-json\/wp\/v2\/types\/product"}],"author":[{"embeddable":true,"href":"https:\/\/taizyagromachine.com\/de\/wp-json\/wp\/v2\/users\/1"}],"wp:featuredmedia":[{"embeddable":true,"href":"https:\/\/taizyagromachine.com\/de\/wp-json\/wp\/v2\/media\/1889"}],"wp:attachment":[{"href":"https:\/\/taizyagromachine.com\/de\/wp-json\/wp\/v2\/media?parent=1560"}],"wp:term":[{"taxonomy":"post_tag","embeddable":true,"href":"https:\/\/taizyagromachine.com\/de\/wp-json\/wp\/v2\/tags?post=1560"},{"taxonomy":"product-type","embeddable":true,"href":"https:\/\/taizyagromachine.com\/de\/wp-json\/wp\/v2\/product-type?post=1560"}],"curies":[{"name":"wp","href":"https:\/\/api.w.org\/{rel}","templated":true}]}}