{"id":1601,"date":"2021-12-18T01:14:32","date_gmt":"2021-12-18T01:14:32","guid":{"rendered":"https:\/\/taizyagromachine.com\/?p=1601"},"modified":"2025-01-02T13:52:00","modified_gmt":"2025-01-02T05:52:00","slug":"emery-roller-rice-mill-machine","status":"publish","type":"product","link":"https:\/\/taizyagromachine.com\/de\/product\/emery-roller-rice-mill-machine\/","title":{"rendered":"Schmirgelwalzen-Reism\u00fchlenmaschine"},"content":{"rendered":"<p class=\"translation-block\"><strong>Reism\u00fchle mit Schmirgelwalze<\/strong> ist die ideale Ausr\u00fcstung f\u00fcr die Verarbeitung von braunem Reis zu wei\u00dfem Reis. Im Allgemeinen wird diese Reism\u00fchle mit Schmirgelwalze als MNMS-Serie bezeichnet. Diese Reism\u00fchle findet breite Anwendung in Reism\u00fchlen und <strong>Reism\u00fchlen-Produktionslinien<\/strong>. Au\u00dferdem hat sie die Vorteile einer einfachen Struktur, einfacher Bedienung und bequemer Wartung. Was noch wichtiger ist, sie eignet sich besser f\u00fcr langk\u00f6rnigen Reis. Kontaktieren Sie uns f\u00fcr weitere Details!<\/p>   <div class=\"wp-block-image\"> <figure class=\"aligncenter size-full\"><img loading=\"lazy\" decoding=\"async\" width=\"720\" height=\"540\" src=\"https:\/\/taizyagromachine.com\/wp-content\/uploads\/2022\/02\/emery-roller-rice-mill-machine.jpg\" alt=\"Schmirgelwalzen-Reism\u00fchlenmaschine\" class=\"wp-image-1903\"\/><figcaption>Schmirgelwalzen-Reism\u00fchlenmaschine<\/figcaption><\/figure> <\/div>   <h2 class=\"wp-block-heading\" id=\"structure-of-rice-milling-machine-for-sale\"><strong>Struktur der Reism\u00fchle zum Verkauf<\/strong><\/h2>   <div class=\"wp-block-image\"> <figure class=\"aligncenter size-full\"><img loading=\"lazy\" decoding=\"async\" width=\"720\" height=\"540\" src=\"https:\/\/taizyagromachine.com\/wp-content\/uploads\/2022\/02\/machine-structure-emery-roll-rice-mill-machine.jpg\" alt=\"Maschinenstruktur\" class=\"wp-image-1905\"\/><figcaption>Maschinenstruktur<\/figcaption><\/figure> <\/div>   <h2 class=\"wp-block-heading\" id=\"features\"><strong>Merkmale der Emery Roller Reism\u00fchle<\/strong><\/h2>    <ul class=\"wp-block-list\" type=\"1\"><li>Angemessene Struktur, gute Qualit\u00e4t, stabile Leistung.<\/li><li>Hohes Produktionsvolumen, weniger Bruchreis.<\/li><li>Einfache Steuerung und Einstellung f\u00fcr hochwertigen und pr\u00e4zisen Reis.<\/li><li>Feine Technologie und umfassende Praktikabilit\u00e4t.<\/li><li>Verschiedene Modelle passend zu Ihren Anforderungen.<\/li><\/ul>    <h2 class=\"wp-block-heading\" id=\"machine-details\"><strong>Maschinendetails<\/strong><strong><\/strong><\/h2>    <h3 class=\"wp-block-heading\" id=\"emery-roller\">Schmirgelrolle<\/h3>    <p>Diese Schmirgelrolle wird f\u00fcr die Reism\u00fchle zum Mahlen von braunem Reis verwendet. Es bietet die Vorteile eines geringen Stromverbrauchs, eines hohen Reisertrags und einer hohen Produktionseffizienz.<\/p>   <div class=\"wp-block-image\"> <figure class=\"aligncenter size-full\"><img loading=\"lazy\" decoding=\"async\" width=\"720\" height=\"450\" src=\"https:\/\/taizyagromachine.com\/wp-content\/uploads\/2022\/02\/emery-roller.jpg\" alt=\"Schmirgelrolle\" class=\"wp-image-1908\"\/><figcaption>Schmirgelrolle<\/figcaption><\/figure> <\/div>   <h3 class=\"wp-block-heading\" id=\"feed-hopper\">Futtertrichter<\/h3>    <p>Es verf\u00fcgt \u00fcber ein Sichtfenster, mit dem Sie bequem die Geschwindigkeit des braunen Reises beobachten k\u00f6nnen. Au\u00dferdem verf\u00fcgt es \u00fcber ein Dashboard. Auf dem Armaturenbrett k\u00f6nnen Sie den F\u00f6rderdruck genau beobachten.<\/p>    <h3 class=\"wp-block-heading\" id=\"blower\">Gebl\u00e4se<\/h3>    <p>Das Gebl\u00e4se besteht aus Aluminium und hat eine bessere Ausdehnung. Es verf\u00fcgt also \u00fcber eine gute mechanische Leistung.<\/p>   <div class=\"wp-block-image\"> <figure class=\"aligncenter size-full\"><img loading=\"lazy\" decoding=\"async\" width=\"720\" height=\"450\" src=\"https:\/\/taizyagromachine.com\/wp-content\/uploads\/2022\/02\/air-cleaner.jpg\" alt=\"Gebl\u00e4se\" class=\"wp-image-1907\"\/><figcaption>Gebl\u00e4se<\/figcaption><\/figure> <\/div>   <h3 class=\"wp-block-heading\" id=\"outlet\">Auslass<\/h3>    <p class=\"translation-block\">Vom Auslass aus k\u00f6nnen wir feststellen, ob es ein Problem mit der Reisqualit\u00e4t gibt, und es ist klar f\u00fcr die <strong>Reiskleie<\/strong>-Trennung.<\/p>    <h2 class=\"wp-block-heading\" id=\"functions-in-complete-rice-mill-plant\"><strong>Funktionen in der kompletten Reism\u00fchlenanlage<\/strong><strong><\/strong><\/h2>    <p>Die Schmirgelwalzen-Reismahlmaschine spielt in der integrierten Reismahleinheit eine sehr wichtige Rolle. Wie jeder wei\u00df, ist die Reismahlmaschine ein wesentlicher Schritt im Prozess. Die Hauptaufgabe besteht darin, den braunen Reis zu wei\u00dfem Reis zu mahlen. Und die Kapazit\u00e4t variiert je nach den verschiedenen Produktionslinien der Reism\u00fchle. Der Preis f\u00fcr Reism\u00fchlenanlagen ist also unterschiedlich. Wenn Sie keine Ahnung von der Reism\u00fchle haben, kontaktieren Sie uns bitte f\u00fcr Unterst\u00fctzung!<\/p>   <div class=\"wp-block-image\"> <figure class=\"aligncenter size-full\"><img loading=\"lazy\" decoding=\"async\" width=\"720\" height=\"540\" src=\"https:\/\/taizyagromachine.com\/wp-content\/uploads\/2022\/02\/functions-in-the-complete-ric-emill-plant.jpg\" alt=\"Funktionen in der kompletten Reism\u00fchlenanlage\" class=\"wp-image-1893\"\/><figcaption>Funktionen in der kompletten Reism\u00fchlenanlage<\/figcaption><\/figure> <\/div>","protected":false},"excerpt":{"rendered":"<p>Emery roller rice mill machine&nbsp;is the ideal equipment for processing brown rice into white rice. Generally, this emery roller rice milling equipment is called as MNMS series. This rice milling machine has wide applications in the rice milling plant and rice mill production line. Besides, it has the advantages of simple structure, easy operation, and [&hellip;]<\/p>\n","protected":false},"author":1,"featured_media":1903,"parent":0,"template":"","tags":[],"product-type":[18],"class_list":["post-1601","product","type-product","status-publish","has-post-thumbnail","hentry","product-type-rice-mill"],"_links":{"self":[{"href":"https:\/\/taizyagromachine.com\/de\/wp-json\/wp\/v2\/product\/1601","targetHints":{"allow":["GET"]}}],"collection":[{"href":"https:\/\/taizyagromachine.com\/de\/wp-json\/wp\/v2\/product"}],"about":[{"href":"https:\/\/taizyagromachine.com\/de\/wp-json\/wp\/v2\/types\/product"}],"author":[{"embeddable":true,"href":"https:\/\/taizyagromachine.com\/de\/wp-json\/wp\/v2\/users\/1"}],"wp:featuredmedia":[{"embeddable":true,"href":"https:\/\/taizyagromachine.com\/de\/wp-json\/wp\/v2\/media\/1903"}],"wp:attachment":[{"href":"https:\/\/taizyagromachine.com\/de\/wp-json\/wp\/v2\/media?parent=1601"}],"wp:term":[{"taxonomy":"post_tag","embeddable":true,"href":"https:\/\/taizyagromachine.com\/de\/wp-json\/wp\/v2\/tags?post=1601"},{"taxonomy":"product-type","embeddable":true,"href":"https:\/\/taizyagromachine.com\/de\/wp-json\/wp\/v2\/product-type?post=1601"}],"curies":[{"name":"wp","href":"https:\/\/api.w.org\/{rel}","templated":true}]}}