{"id":1622,"date":"2021-12-18T01:14:22","date_gmt":"2021-12-18T01:14:22","guid":{"rendered":"https:\/\/taizyagromachine.com\/?p=1622"},"modified":"2025-01-02T13:52:32","modified_gmt":"2025-01-02T05:52:32","slug":"gravity-paddy-separator","status":"publish","type":"product","link":"https:\/\/taizyagromachine.com\/de\/product\/gravity-paddy-separator\/","title":{"rendered":"Schwerkraft-Reisabscheider"},"content":{"rendered":"<p class=\"translation-block\">Der <strong>Schwerkraft-Reis-Separator<\/strong> teilt braunen Reis vom Rohreis anhand der Schwerkraft. Im Allgemeinen nennen wir ihn MGCZ-Serie. In der Reism\u00fchle verbessert er nicht nur den Ertrag an ganzem Reis erheblich, sondern steigert auch den wirtschaftlichen Nutzen enorm. Es gibt verschiedene Modelle von Schwerkraft-Reis-Separatoren zu verkaufen. F\u00fcr die Reism\u00fchle mit hoher Kapazit\u00e4t wird dieser Schwerkraft-Separator einzeln aufgestellt. Im Vergleich zur gro\u00dfen Reism\u00fchle wird der Schwerkraft-Separator f\u00fcr die Standardkonfiguration und geringe Kapazit\u00e4t immer im oberen Bereich der Reism\u00fchle platziert. Kontaktieren Sie uns f\u00fcr weitere Details!<\/p>    <h2 class=\"wp-block-heading\" id=\"gravity-separator-design\"><strong>Design des Schwerkraftabscheiders<\/strong><\/h2>    <p>Dieser Schwerkraft-Reistrenner hat ein einzigartiges und einfaches Design. Der Kupfermotor sorgt f\u00fcr die n\u00f6tige Energie, um diese Maschine beim Betrieb zu unterst\u00fctzen, und das Sieb sorgt f\u00fcr die Trennung von Rohreis und braunem Reis. Sie erg\u00e4nzen einander und sind unverzichtbar.<\/p>    <figure class=\"wp-block-gallery has-nested-images columns-default is-cropped wp-block-gallery-2 is-layout-flex wp-block-gallery-is-layout-flex\"> <figure class=\"wp-block-image size-large\"><img loading=\"lazy\" decoding=\"async\" width=\"720\" height=\"540\" data-id=\"1897\" src=\"https:\/\/taizyagromachine.com\/wp-content\/uploads\/2022\/02\/copper-motor-gravity-separator.jpg\" alt=\"Kupfermotor\" class=\"wp-image-1897\"\/><figcaption>Kupfermotor<\/figcaption><\/figure>    <figure class=\"wp-block-image size-large\"><img loading=\"lazy\" decoding=\"async\" width=\"720\" height=\"540\" data-id=\"1898\" src=\"https:\/\/taizyagromachine.com\/wp-content\/uploads\/2022\/02\/sieve-plate.jpg\" alt=\"Siebplatte\" class=\"wp-image-1898\"\/><figcaption>Siebplatte<\/figcaption><\/figure> <\/figure>    <h2 class=\"wp-block-heading\" id=\"features\"><strong>Merkmale<\/strong><strong><\/strong><\/h2>    <ul class=\"wp-block-list\" type=\"1\"><li>Einfache Bedienung, kompakte Bauweise und konstante Leistung.<\/li><li>Breite Anwendungen. Weil diese Maschine sowohl f\u00fcr langk\u00f6rnigen als auch f\u00fcr rundk\u00f6rnigen braunen Reis geeignet ist.<\/li><li>Das einzigartige Balance-Design sorgt f\u00fcr eine hervorragende Leistung des Mechanismus.<\/li><li>Niedriger mechanischer Schwerpunkt, angemessene Rotation, stabile Verarbeitungseigenschaft.<\/li><li>Verschiedene Modelle erf\u00fcllen die unterschiedlichen Anforderungen der Kunden.<\/li><\/ul>    <h2 class=\"wp-block-heading\" id=\"gravity-separator-working-principle\"><strong>Funktionsprinzip des Schwerkraftabscheiders<\/strong><strong><\/strong><\/h2>    <p class=\"translation-block\">In der integrierten, vollautomatischen Reism\u00fchle ist der Schwerkraft-Reis-Separator unerl\u00e4sslich. Aufgrund unterschiedlicher <a href=\"https:\/\/en.wikipedia.org\/wiki\/Gravity\" target=\"_blank\" rel=\"noreferrer noopener\">Schwerkraft<\/a> und Reibungskoeffizienten trennen sich Rohreis und brauner Reis entlang der Hin- und Herbewegung der Siebe.<\/p>    <h2 class=\"wp-block-heading\" id=\"conclusion\"><strong>Abschluss<\/strong><strong><\/strong><\/h2>    <p class=\"translation-block\">In der Taizy Company wird der Schwerkraft-Reis-Separator immer mit der <a href=\"https:\/\/taizyagromachine.com\/de\/product\/solutions\/\" target=\"_blank\" rel=\"noreferrer noopener\">Reism\u00fchlen-Produktionslinie<\/a> kombiniert. Unterschiedliche komplette Reism\u00fchlenlinien sollten mit dem entsprechenden Schwerkraft-Separator abgestimmt werden. Daher variiert der Preis des Schwerkraft-Separators je nach Kapazit\u00e4t der Reism\u00fchlenanlagen. Au\u00dferdem sind, wie beim Reissortierer, <a href=\"https:\/\/taizyagromachine.com\/de\/product\/vibration-cleaner\/\" target=\"_blank\" rel=\"noreferrer noopener\">Vibrationsreinigern<\/a> usw. Wie konfiguriere ich eine geeignete Reism\u00fchle f\u00fcr Ihr Gesch\u00e4ft? Sie k\u00f6nnen uns Ihre detaillierten Bed\u00fcrfnisse mitteilen, und dann wird unser professioneller Vertriebsleiter Ihnen die entsprechenden L\u00f6sungen anbieten, um Sie zufrieden zu stellen.<\/p>   <div class=\"wp-block-image\"> <figure class=\"aligncenter size-full\"><img loading=\"lazy\" decoding=\"async\" width=\"720\" height=\"540\" src=\"https:\/\/taizyagromachine.com\/wp-content\/uploads\/2022\/02\/functions-in-the-complete-ric-emill-plant.jpg\" alt=\"Funktionen in der kompletten Reism\u00fchlenanlage\" class=\"wp-image-1893\"\/><figcaption>Funktionen in der kompletten Reism\u00fchlenanlage<\/figcaption><\/figure> <\/div>","protected":false},"excerpt":{"rendered":"<p>Gravity paddy separator&nbsp;is to divide brown rice from the paddy rice according to gravity.&nbsp;Generally, we call it MGCZ series. In the rice processing plant, it not only improves whole rice output greatly, also promotes economic benefit enormously. There are various models of gravity paddy rice separator for sale. For the large capacity rice mill plant, [&hellip;]<\/p>\n","protected":false},"author":1,"featured_media":1896,"parent":0,"template":"","tags":[],"product-type":[18],"class_list":["post-1622","product","type-product","status-publish","has-post-thumbnail","hentry","product-type-rice-mill"],"_links":{"self":[{"href":"https:\/\/taizyagromachine.com\/de\/wp-json\/wp\/v2\/product\/1622","targetHints":{"allow":["GET"]}}],"collection":[{"href":"https:\/\/taizyagromachine.com\/de\/wp-json\/wp\/v2\/product"}],"about":[{"href":"https:\/\/taizyagromachine.com\/de\/wp-json\/wp\/v2\/types\/product"}],"author":[{"embeddable":true,"href":"https:\/\/taizyagromachine.com\/de\/wp-json\/wp\/v2\/users\/1"}],"wp:featuredmedia":[{"embeddable":true,"href":"https:\/\/taizyagromachine.com\/de\/wp-json\/wp\/v2\/media\/1896"}],"wp:attachment":[{"href":"https:\/\/taizyagromachine.com\/de\/wp-json\/wp\/v2\/media?parent=1622"}],"wp:term":[{"taxonomy":"post_tag","embeddable":true,"href":"https:\/\/taizyagromachine.com\/de\/wp-json\/wp\/v2\/tags?post=1622"},{"taxonomy":"product-type","embeddable":true,"href":"https:\/\/taizyagromachine.com\/de\/wp-json\/wp\/v2\/product-type?post=1622"}],"curies":[{"name":"wp","href":"https:\/\/api.w.org\/{rel}","templated":true}]}}