{"id":1646,"date":"2022-01-20T08:04:29","date_gmt":"2022-01-20T08:04:29","guid":{"rendered":"https:\/\/taizyagromachine.com\/"},"modified":"2025-01-02T13:54:01","modified_gmt":"2025-01-02T05:54:01","slug":"paddy-wheat-thresher-for-sorghum-rice-beans-rapeseed","status":"publish","type":"product","link":"https:\/\/taizyagromachine.com\/de\/product\/paddy-wheat-thresher-for-sorghum-rice-beans-rapeseed\/","title":{"rendered":"Reisweizendrescher f\u00fcr Sorghum, Reis, Bohnen, Raps"},"content":{"rendered":"<p class=\"translation-block\"><strong>Reis- und Weizendrescher<\/strong> dient haupts\u00e4chlich zum Dreschen von Reis und Weizen. Er eignet sich auch f\u00fcr <a href=\"https:\/\/en.wikipedia.org\/wiki\/Sorghum\" target=\"_blank\" rel=\"noreferrer noopener\">Sorghum<\/a> und Bohnen. Eine weitere wichtige Sache ist, dass wir die Maschine f\u00fcr das Bohnensch\u00e4len anpassen sollten. Das liegt an den unterschiedlichen Spindeldrehzahlen. Dar\u00fcber hinaus geh\u00f6rt dieser Reisdrescher zur Serie 5TD. Das heute vorgestellte Modell ist 5TD-125. Dieser Weizendrescher verwendet eine doppelte Luftreinigung, um Verunreinigungen zu entfernen. Aufgrund der gr\u00f6\u00dferen Kapazit\u00e4t k\u00f6nnen wir einen Elektromotor oder einen Dieselmotor als Antriebssystem ausstatten. Kontaktieren Sie uns f\u00fcr weitere Informationen! Wir werden sehr bald antworten!<\/p>    <h2 class=\"wp-block-heading\" id=\"h-characteristics-of-paddy-wheat-thresher\"><strong>Eigenschaften des Reisweizendreschers<\/strong><\/h2>    <ul class=\"wp-block-list\" type=\"1\"><li>Angemessene Struktur, hohe Druschrate, geringe Verlustrate.<\/li><li>Doppelte Luftreiniger. Entfernen Sie besser die Verunreinigungen, um den Rohreis und den Weizen sauberer zu machen.<\/li><li>Konfiguration basierend auf den Anforderungen der Kunden. Als <a href=\"https:\/\/taizyagromachine.com\/de\/\" target=\"_blank\" rel=\"noreferrer noopener\">ein erfahrenes und professionelles Unternehmen<\/a>Bei unserem Weizendrescher k\u00f6nnen die R\u00e4der, der Rahmen, die Zapfwelle usw. zusammengebaut werden. Nat\u00fcrlich ist der Preis f\u00fcr den Reisdrescher unterschiedlich.<\/li><li>Passen Sie die Reisdrescher individuell an, wenn es sich bei den Nutzpflanzen um Bohnen handelt. Aufgrund der unterschiedlichen Geschwindigkeit kann der Reisweizendrescher individuell angepasst werden.<\/li><li>Wechseln Sie das Sieb, um den entsprechenden Weizen oder Reis zu sch\u00e4len.<\/li><\/ul>    <h2 class=\"wp-block-heading\" id=\"h-paddy-wheat-thresher-structure\"><strong>Struktur einer Reisweizen-Dreschmaschine<\/strong><strong><\/strong><\/h2>    <p>Im Vergleich zum kleinen Weizendrescher verf\u00fcgt dieser Typ \u00fcber eine gro\u00dfe Kapazit\u00e4t. Es besteht aus Zufuhreinlass, Verunreinigungenauslass, Siebgewebe, Ventilatoren und Halterung. Alles in allem ist es leicht zu verstehen und zu bedienen.<\/p>    <figure class=\"wp-block-gallery aligncenter has-nested-images columns-default is-cropped wp-block-gallery-2 is-layout-flex wp-block-gallery-is-layout-flex\"> <figure class=\"wp-block-image size-large\"><img loading=\"lazy\" decoding=\"async\" width=\"720\" height=\"540\" data-id=\"1648\" src=\"https:\/\/taizyagromachine.com\/wp-content\/uploads\/2022\/01\/structure-125.jpg\" alt=\"Struktur der Reisweizendrescher\" class=\"wp-image-1648\"\/><figcaption>Struktur<\/figcaption><\/figure>    <figure class=\"wp-block-image size-large\"><img loading=\"lazy\" decoding=\"async\" width=\"720\" height=\"540\" data-id=\"1649\" src=\"https:\/\/taizyagromachine.com\/wp-content\/uploads\/2022\/01\/structure-side-125.jpg\" alt=\"Struktur mit Zapfwelle\" class=\"wp-image-1649\"\/><figcaption>Struktur mit Zapfwelle<\/figcaption><\/figure> <\/figure>    <h2 class=\"wp-block-heading\" id=\"h-applications-of-rice-thresher\"><strong>Anwendungen von Reisdreschern<\/strong><\/h2>    <p>Im Allgemeinen eignet sich der Rohrweizendrescher f\u00fcr Reis, Weizen, Sorghum, Bohnen, Raps usw. Mit Ausnahme von Bohnen ersetzen Sie bei anderen nur das Sieb und dreschen Sie dann die Ernte.<\/p>    <figure class=\"wp-block-gallery aligncenter has-nested-images columns-default is-cropped wp-block-gallery-3 is-layout-flex wp-block-gallery-is-layout-flex\"> <figure class=\"wp-block-image size-large\"><img loading=\"lazy\" decoding=\"async\" width=\"720\" height=\"300\" data-id=\"1650\" src=\"https:\/\/taizyagromachine.com\/wp-content\/uploads\/2022\/01\/applications-125.jpg\" alt=\"anwendbar Weizen, Reis\" class=\"wp-image-1650\"\/><figcaption>anwendbar Weizen, Reis<\/figcaption><\/figure> <\/figure>    <figure class=\"wp-block-gallery aligncenter has-nested-images columns-default is-cropped wp-block-gallery-4 is-layout-flex wp-block-gallery-is-layout-flex\"> <figure class=\"wp-block-image size-large\"><img loading=\"lazy\" decoding=\"async\" width=\"720\" height=\"300\" data-id=\"1651\" src=\"https:\/\/taizyagromachine.com\/wp-content\/uploads\/2022\/01\/applications-beans-125.jpg\" alt=\"anwendbare Bohnen\" class=\"wp-image-1651\"\/><figcaption>anwendbare Bohnen<\/figcaption><\/figure>    <figure class=\"wp-block-image size-large\"><img loading=\"lazy\" decoding=\"async\" width=\"720\" height=\"300\" data-id=\"1653\" src=\"https:\/\/taizyagromachine.com\/wp-content\/uploads\/2022\/01\/applications-rapeseed-125-1.jpg\" alt=\"anwendbarer Raps\" class=\"wp-image-1653\"\/><figcaption>anwendbarer Raps<\/figcaption><\/figure> <\/figure>    <h2 class=\"wp-block-heading\" id=\"h-successful-case-5td-125-paddy-thresher-exported-to-zimbabwe\"><strong>Erfolgreicher Fall: 5TD-125 Paddy Thresher nach Simbabwe exportiert<\/strong><strong><\/strong><\/h2>    <p>Ein Kunde aus Simbabwe erkundigte sich nach der Weizendrescher f\u00fcr seine Weizenfarmen. Er ben\u00f6tigte je nach Betriebsgr\u00f6\u00dfe eine gro\u00dfe Kapazit\u00e4t von 1200 kg pro Stunde. Daher empfahl ihm unsere Vertriebsleiterin Lena den 5TD-125. Dieser Reisweizendrescher kann mit gro\u00dfen R\u00e4dern, Halterungen und einer Zapfwelle zur Verbindung mit dem Traktor ausgestattet werden. Simbabwe-Kunde auch im Vergleich zu anderen Unternehmen. Schlie\u00dflich bestellte er bei uns, der Taizy Agro Machine Company. Und er schickte das unten aufgef\u00fchrte Feedback-Foto zur\u00fcck.<\/p>    <figure class=\"wp-block-gallery aligncenter has-nested-images columns-default is-cropped wp-block-gallery-5 is-layout-flex wp-block-gallery-is-layout-flex\"> <figure class=\"wp-block-image size-large\"><img loading=\"lazy\" decoding=\"async\" width=\"720\" height=\"300\" data-id=\"1654\" src=\"https:\/\/taizyagromachine.com\/wp-content\/uploads\/2022\/01\/check-scene.jpg\" alt=\"Kontrollszene\" class=\"wp-image-1654\"\/><figcaption>Schau dir die Szene an<\/figcaption><\/figure>    <figure class=\"wp-block-image size-large\"><img loading=\"lazy\" decoding=\"async\" width=\"720\" height=\"300\" data-id=\"1655\" src=\"https:\/\/taizyagromachine.com\/wp-content\/uploads\/2022\/01\/working-scene.jpg\" alt=\"Arbeitsszene\" class=\"wp-image-1655\"\/><figcaption>Arbeitsszene<\/figcaption><\/figure> <\/figure>    <figure class=\"wp-block-gallery aligncenter has-nested-images columns-default is-cropped wp-block-gallery-6 is-layout-flex wp-block-gallery-is-layout-flex\"> <figure class=\"wp-block-image size-large\"><img loading=\"lazy\" decoding=\"async\" width=\"720\" height=\"300\" data-id=\"1656\" src=\"https:\/\/taizyagromachine.com\/wp-content\/uploads\/2022\/01\/threshing-effect.jpg\" alt=\"Drescheffekt\" class=\"wp-image-1656\"\/><figcaption>Dreschwirkung<\/figcaption><\/figure> <\/figure>","protected":false},"excerpt":{"rendered":"<p>Paddy wheat thresher\u00a0is mainly to thresh the paddy rice and wheat. Also, it\u2019s suitable for sorghum and beans. One more thing needing attention is that we should customize the machine of shelling beans. That\u2019s because of the different spindle speeds. What\u2019s more, this rice thresher belongs to the 5TD series. The model introduced today is [&hellip;]<\/p>\n","protected":false},"author":1,"featured_media":2144,"parent":0,"template":"","tags":[],"product-type":[20],"class_list":["post-1646","product","type-product","status-publish","has-post-thumbnail","hentry","product-type-rice-and-wheat-machine"],"_links":{"self":[{"href":"https:\/\/taizyagromachine.com\/de\/wp-json\/wp\/v2\/product\/1646","targetHints":{"allow":["GET"]}}],"collection":[{"href":"https:\/\/taizyagromachine.com\/de\/wp-json\/wp\/v2\/product"}],"about":[{"href":"https:\/\/taizyagromachine.com\/de\/wp-json\/wp\/v2\/types\/product"}],"author":[{"embeddable":true,"href":"https:\/\/taizyagromachine.com\/de\/wp-json\/wp\/v2\/users\/1"}],"wp:featuredmedia":[{"embeddable":true,"href":"https:\/\/taizyagromachine.com\/de\/wp-json\/wp\/v2\/media\/2144"}],"wp:attachment":[{"href":"https:\/\/taizyagromachine.com\/de\/wp-json\/wp\/v2\/media?parent=1646"}],"wp:term":[{"taxonomy":"post_tag","embeddable":true,"href":"https:\/\/taizyagromachine.com\/de\/wp-json\/wp\/v2\/tags?post=1646"},{"taxonomy":"product-type","embeddable":true,"href":"https:\/\/taizyagromachine.com\/de\/wp-json\/wp\/v2\/product-type?post=1646"}],"curies":[{"name":"wp","href":"https:\/\/api.w.org\/{rel}","templated":true}]}}