{"id":1671,"date":"2022-01-21T08:59:57","date_gmt":"2022-01-21T08:59:57","guid":{"rendered":"https:\/\/taizyagromachine.com\/"},"modified":"2025-01-02T13:52:52","modified_gmt":"2025-01-02T05:52:52","slug":"groundnut-sheller","status":"publish","type":"product","link":"https:\/\/taizyagromachine.com\/de\/product\/groundnut-sheller\/","title":{"rendered":"Erdnusssch\u00e4ler"},"content":{"rendered":"<p class=\"translation-block\"><strong>Erdnusssch\u00e4lmaschine<\/strong> ist speziell f\u00fcr die Trennung von Erdnussschalen und Kernen konzipiert, ohne die Kerne zu besch\u00e4digen. Dieser Typ geh\u00f6rt zur Serie TBH, und das heute vorgestellte Modell ist TBH-800. Diese Erdnusssch\u00e4lmaschine kann einen Elektromotor, einen Benzinmotor oder einen Dieselmotor als Antriebssystem verwenden. Au\u00dferdem installiert diese zum Verkauf stehende Erdnusssch\u00e4lmaschine zwei Siebe im Inneren. Somit sind zwei L\u00fcfter verf\u00fcgbar. Dar\u00fcber hinaus kann diese Erdnusssch\u00e4lmaschine eine zweifache Sch\u00e4lung erreichen. Nat\u00fcrlich ist sie sehr praktisch. Wenn Sie Erdnussfelder haben, k\u00f6nnen Sie eine Erdnusssch\u00e4lmaschine f\u00fcr den Hausgebrauch kaufen. Wir freuen uns auf Ihre Anfragen!<\/p>   <div class=\"wp-block-image\"> <figure class=\"aligncenter size-full\"><img loading=\"lazy\" decoding=\"async\" width=\"720\" height=\"540\" src=\"https:\/\/taizyagromachine.com\/wp-content\/uploads\/2022\/01\/peanut-sheller.jpg\" alt=\"Erdnusssch\u00e4ler-Erdnusssch\u00e4ler\" class=\"wp-image-1672\"\/><figcaption class=\"wp-element-caption\">Erdnusssch\u00e4ler<\/figcaption><\/figure> <\/div>   <h2 class=\"wp-block-heading\" id=\"h-working-process-of-groundnut-sheller\"><strong>Arbeitsprozess des Erdnusssch\u00e4lers<\/strong><\/h2>    <ol class=\"wp-block-list\" type=\"1\"> <li>Geben Sie Erdn\u00fcsse durch den Einf\u00fclltrichter in die vordere Trommel.<\/li>    <li>Erdn\u00fcsse werden durch die Drehung der Aufh\u00e4ngungsh\u00fclse und die Reibkraft der konkaven Platte gesch\u00e4lt.<\/li>    <li>Der abgetrennte Erdnusskern und die Schale fallen herunter. Durch den Windkanal wird die Erdnussschale zur Prim\u00e4rselektion durch die Windkraft ausgeblasen.<\/li>    <li>Der Erdnusskern und die ungesch\u00e4lte Erdnuss gelangen gemeinsam zur Selektion in den Schwerkraftabscheider.<\/li>    <li>Die ausgew\u00e4hlten Erdnusskerne kommen aus dem Erdnusskernauslass heraus. W\u00e4hrend die ungesch\u00e4lte Erdnuss zum Windf\u00f6rderer zur\u00fcckkommt, bereiten Sie sich darauf vor, mit dem zweimaligen Sch\u00e4len zu beginnen.<\/li>    <li>Fahren Sie mit Schritt 3 fort, der Erdnusssch\u00e4ler erreicht schlie\u00dflich die vollst\u00e4ndige Schale.<\/li> <\/ol>    <h2 class=\"wp-block-heading\" id=\"h-advantages-of-peanut-sheller-for-sale\"><strong>Vorteile von Erdnussschalen zum Verkauf<\/strong><strong><\/strong><\/h2>    <ul class=\"wp-block-list\" type=\"1\"> <li>Automatisches Sch\u00e4len und Sieben von Erdn\u00fcssen. Die Erdn\u00fcsse automatisch sch\u00e4len und zweimal sch\u00e4len. Trennen Sie die schlechten Erdnusskerne heraus. &nbsp;<\/li>    <li>Kompakte Struktur, flexibler Betrieb, einfache Wartung.<\/li>    <li>Hohe Sch\u00e4leffizienz, hohe Leistung, Arbeitsersparnis.<\/li>    <li>Der gesamte Rahmen des Erdnusssch\u00e4lers besteht aus hochwertigem Stahl und ist langlebig.<\/li>    <li>Die Beschussrate kann \u226595% sein, au\u00dferdem betr\u00e4gt die Bruchrate \u22645%.<\/li> <\/ul>   <div class=\"wp-block-image\"> <figure class=\"aligncenter size-full\"><img loading=\"lazy\" decoding=\"async\" width=\"720\" height=\"150\" src=\"https:\/\/taizyagromachine.com\/wp-content\/uploads\/2022\/01\/features-of-peanut-husk-removing-machine.jpg\" alt=\"Walze, Sieb und andere\" class=\"wp-image-1673\"\/><figcaption class=\"wp-element-caption\">Walze, Sieb und andere<\/figcaption><\/figure> <\/div>   <h2 class=\"wp-block-heading\" id=\"h-groundnut-peeling-machine-design\"><strong>Design einer Erdnusssch\u00e4lmaschine<\/strong><\/h2>    <p class=\"translation-block\">Als <a href=\"https:\/\/taizyagromachine.com\/de\/\" target=\"_blank\" rel=\"noreferrer noopener\">professioneller Hersteller von Erdnusssch\u00e4lmaschinen<\/a> sind wir, die Taizy Company, vertrauensw\u00fcrdig. Die Erdnusssch\u00e4lmaschine umfasst einen Einf\u00fclltrichter, einen Auslass f\u00fcr Erdnusskerne und einen Auslass f\u00fcr Erdnussschalen.<\/p>   <div class=\"wp-block-image\"> <figure class=\"aligncenter size-full\"><img loading=\"lazy\" decoding=\"async\" width=\"720\" height=\"540\" src=\"https:\/\/taizyagromachine.com\/wp-content\/uploads\/2022\/01\/structure-of-peanut-shelling-machine.jpg\" alt=\"Struktur der Erdnusssch\u00e4lmaschine\" class=\"wp-image-1674\"\/><figcaption class=\"wp-element-caption\">Struktur der Erdnusssch\u00e4lmaschine<\/figcaption><\/figure> <\/div>   <h2 class=\"wp-block-heading\" id=\"h-conclusion\"><strong>Fazit \u2013 Anwendungen von Erdnusssch\u00e4ler<\/strong><\/h2>    <p class=\"translation-block\">Die Erdnussverarbeitungsanlage kann ganze Erdnussschalen und -kerne verarbeiten. Erdnusskerne k\u00f6nnen als Nahrungsmittel oder als Rohstoff f\u00fcr \u00d6lm\u00fchlen dienen. Erdnussschalen k\u00f6nnen auch zur <a href=\"https:\/\/cornmachines.com\/pellet-mill-machine\/\" target=\"_blank\" rel=\"noreferrer noopener\">Herstellung von Holzpellets<\/a> oder Holzkohlebriketts als Brennstoff verwendet werden.<\/p>    <p>Alles in allem eignet sich die Erdnusssch\u00e4lmaschine hervorragend f\u00fcr folgende Erdnusssch\u00e4larbeiten:<\/p>    <p class=\"translation-block\"><em><strong>einzelne Erdnussverarbeitungsbetriebe<\/strong><\/em><\/p>    <p class=\"translation-block\"><em><strong>Getreidelagerh\u00e4user<\/strong><\/em><\/p>    <p class=\"translation-block\"><em><strong>\u00d6lverarbeitungsanlagen und Lebensmittelindustrie<\/strong><\/em><\/p>    <p>Es handelt sich um eine gute Anlage zum Sch\u00e4len von Erdn\u00fcssen als Investition f\u00fcr gro\u00dfe Erdnussproduktionsgebiete und einzelne professionelle Haushalte.<\/p>   <div class=\"wp-block-image\"> <figure class=\"aligncenter size-full\"><img loading=\"lazy\" decoding=\"async\" width=\"720\" height=\"400\" src=\"https:\/\/taizyagromachine.com\/wp-content\/uploads\/2022\/01\/strength-machine-display.jpg\" alt=\"Fabrikst\u00e4rke\" class=\"wp-image-1675\"\/><figcaption class=\"wp-element-caption\">Fabrikst\u00e4rke<\/figcaption><\/figure> <\/div>   <h2 class=\"wp-block-heading\"><strong>Arbeitsvideo der Erdnusssch\u00e4lmaschine TBH-800<\/strong><\/h2>    <figure class=\"wp-block-embed is-type-video is-provider-youtube wp-block-embed-youtube wp-embed-aspect-16-9 wp-has-aspect-ratio\"><div class=\"wp-block-embed__wrapper\"> <iframe loading=\"lazy\" title=\"Hocheffizienter Erdnusssch\u00e4ler \u2013 beliebte Erdnusssch\u00e4lmaschine im Erdnussanbau #peanuts\" width=\"500\" height=\"281\" src=\"https:\/\/www.youtube.com\/embed\/3O-OeI0zGjE?feature=oembed\" frameborder=\"0\" allow=\"accelerometer; autoplay; clipboard-write; encrypted-media; gyroscope; picture-in-picture; web-share\" referrerpolicy=\"strict-origin-when-cross-origin\" allowfullscreen><\/iframe> <\/div><\/figure>","protected":false},"excerpt":{"rendered":"<p>Groundnut sheller&nbsp;is specially designed for separating peanut shells and kernels, without damage to kernels. This type belongs to TBH series, and today model introduced is TBH-800. This groundnut sheller can use the electric motor, gasoline engine, or diesel engine as the power system. Besides, this peanut shelling machine for sale installs two screens inside. Thus, [&hellip;]<\/p>\n","protected":false},"author":1,"featured_media":1672,"parent":0,"template":"","tags":[],"product-type":[21],"class_list":["post-1671","product","type-product","status-publish","has-post-thumbnail","hentry","product-type-peanut-machine"],"_links":{"self":[{"href":"https:\/\/taizyagromachine.com\/de\/wp-json\/wp\/v2\/product\/1671","targetHints":{"allow":["GET"]}}],"collection":[{"href":"https:\/\/taizyagromachine.com\/de\/wp-json\/wp\/v2\/product"}],"about":[{"href":"https:\/\/taizyagromachine.com\/de\/wp-json\/wp\/v2\/types\/product"}],"author":[{"embeddable":true,"href":"https:\/\/taizyagromachine.com\/de\/wp-json\/wp\/v2\/users\/1"}],"wp:featuredmedia":[{"embeddable":true,"href":"https:\/\/taizyagromachine.com\/de\/wp-json\/wp\/v2\/media\/1672"}],"wp:attachment":[{"href":"https:\/\/taizyagromachine.com\/de\/wp-json\/wp\/v2\/media?parent=1671"}],"wp:term":[{"taxonomy":"post_tag","embeddable":true,"href":"https:\/\/taizyagromachine.com\/de\/wp-json\/wp\/v2\/tags?post=1671"},{"taxonomy":"product-type","embeddable":true,"href":"https:\/\/taizyagromachine.com\/de\/wp-json\/wp\/v2\/product-type?post=1671"}],"curies":[{"name":"wp","href":"https:\/\/api.w.org\/{rel}","templated":true}]}}