{"id":1849,"date":"2022-01-25T07:19:19","date_gmt":"2022-01-25T07:19:19","guid":{"rendered":"https:\/\/taizyagromachine.com\/"},"modified":"2025-01-02T13:49:54","modified_gmt":"2025-01-02T05:49:54","slug":"combined-groundnut-sheller-and-cleaner-for-sale","status":"publish","type":"product","link":"https:\/\/taizyagromachine.com\/de\/product\/combined-groundnut-sheller-and-cleaner-for-sale\/","title":{"rendered":"Kombinierter Erdnusssch\u00e4ler und -reiniger zu verkaufen"},"content":{"rendered":"<p class=\"translation-block\"><strong>Erdnuss-Sch\u00e4l- und Reinigungsmaschine<\/strong> ist mit Reinigungs- und Dreschger\u00e4ten kombiniert, insbesondere f\u00fcr Erdn\u00fcsse. 6BHX-3500 wird heute vorgestellt. Diese <a href=\"https:\/\/taizyagromachine.com\/de\/product\/combined-groundnut-shelling-and-cleaning-machine\/\" target=\"_blank\" rel=\"noreferrer noopener\">Erdnuss-Sch\u00e4lamaschine<\/a> hat das neueste Design. Au\u00dferdem hat die kombinierte Erdnuss-Sch\u00e4lmaschine zum Verkauf die Vorteile von Direktvertrieb, hoher Sch\u00e4lrate und gro\u00dfer Kapazit\u00e4t. Auch geh\u00f6rt diese Erdnuss-Sch\u00e4lmaschine zu den umweltfreundlichen Modellen. In der Taizy Agro Machine Company hat diese Art von Erdnuss-Sch\u00e4lmaschine drei Siebe, um die Erdn\u00fcsse viel sauberer zu sch\u00e4len. Willkommen, uns f\u00fcr weitere Klassifikationen zu kontaktieren!<\/p>    <h2 class=\"wp-block-heading\" id=\"h-why-using-combined-groundnut-shelling-and-cleaning-machine\"><strong>Warum eine kombinierte Maschine zum Sch\u00e4len und Reinigen von Erdn\u00fcssen verwenden?<\/strong><strong><\/strong><\/h2>    <p class=\"translation-block\">Beim <a href=\"https:\/\/taizyagromachine.com\/de\/peanut-machine\/small-groundnut-harvester\/\" target=\"_blank\" rel=\"noreferrer noopener\">Ernten von Erdn\u00fcssen<\/a> enth\u00e4lt die Erdnussfrucht viele Klumpen, Steine, Erdnussbl\u00e4tter, Staub usw. Wenn sie nicht rechtzeitig gereinigt werden, verursacht dies nicht nur eine gro\u00dfe Anzahl von besch\u00e4digten Erdn\u00fcssen, sondern beeinflusst auch die Farbe der Erdn\u00fcsse. Wenn die Erdnuss-Sch\u00e4l- und Reinigungsmaschine arbeitet, k\u00f6nnen die Maschinenbauteile in unterschiedlichem Ma\u00dfe besch\u00e4digt werden.<\/p>   <div class=\"wp-block-image\"> <figure class=\"aligncenter size-full\"><img loading=\"lazy\" decoding=\"async\" width=\"720\" height=\"250\" src=\"https:\/\/taizyagromachine.com\/wp-content\/uploads\/2022\/01\/functions-3500.jpg\" alt=\"Funktionen\" class=\"wp-image-1857\"\/><figcaption class=\"wp-element-caption\">Funktionen<\/figcaption><\/figure> <\/div>   <h2 class=\"wp-block-heading\" id=\"h-features-of-groundnut-thresher-with-cleaner\"><strong>Merkmale des Erdnussdreschers mit Reiniger<\/strong><strong><\/strong><\/h2>    <ul class=\"wp-block-list\" type=\"1\"> <li>Hohe Sch\u00e4lrate und hohe Reinigungsrate.<\/li>    <li>Einfache Bedienung und effiziente Ausgabe.<\/li>    <li>Erdnusssch\u00e4ler mit gro\u00dfer Leistung, 1500\u20132200 kg pro Stunde.<\/li>    <li>Geringe Bruchrate und geringe Verlustrate.<\/li>    <li>Drei Siebe zum Einbau, Siebgr\u00f6\u00dfe entsprechend der Erdnussgr\u00f6\u00dfe ausw\u00e4hlen.<\/li> <\/ul>    <h2 class=\"wp-block-heading\" id=\"h-structure-of-groundnut-sheller-and-cleaner\"><strong>Struktur des Erdnusssch\u00e4lers und -reinigers<\/strong><strong><\/strong><\/h2>    <p class=\"translation-block\">Das Design der Erdnuss-Sch\u00e4lmaschine und die <a href=\"https:\/\/en.wikipedia.org\/wiki\/Manufacturing\" target=\"_blank\" rel=\"noreferrer noopener\">Fertigung<\/a> haben einzigartige Gedanken. Diese Maschine hat ein Reinigungssystem und ein Dreschsystem. Im Reinigungsteil entfernt der Reiniger die Verunreinigungen, die in den Erdn\u00fcssen vorhanden sind. Im Dreschteil ist der Erdnuss-Dekortikator der Kern. Er umfasst den Erdnuss-Einlass, den Erdnuss-Kern-Auslass und den Verunreinigungs-Auslass. Au\u00dferdem gibt es zwischen dem Reiniger und der Erdnuss-Sch\u00e4lmaschine einen F\u00f6rderlifter.<\/p>   <div class=\"wp-block-image\"> <figure class=\"aligncenter size-full\"><img loading=\"lazy\" decoding=\"async\" width=\"720\" height=\"540\" src=\"https:\/\/taizyagromachine.com\/wp-content\/uploads\/2022\/01\/structure-of-peanut-sheller-and-cleaner.jpg\" alt=\"Struktur von Erdnusssch\u00e4ler und -reiniger\" class=\"wp-image-1852\"\/><figcaption class=\"wp-element-caption\">Struktur von Erdnusssch\u00e4ler und -reiniger<\/figcaption><\/figure> <\/div>   <h2 class=\"wp-block-heading\" id=\"h-working-principle-of-groundnut-shelling-machine\"><strong>Funktionsprinzip der Erdnusssch\u00e4lmaschine<\/strong><strong><\/strong><\/h2>    <p>Die zum Verkauf stehende Erdnusssch\u00e4lmaschine arbeitet gem\u00e4\u00df den Verfahren und erh\u00e4lt schlie\u00dflich Erdnusskerne. Nachfolgend finden Sie den Vorgang zum Sch\u00e4len und Reinigen von Erdn\u00fcssen:<\/p>    <ol class=\"wp-block-list\" type=\"1\"> <li>Gie\u00dfen Sie die Erdnuss in den Einlass des Reinigers. Die Reinigungsmaschine entfernt Schmutz, Steine, Erdnussbl\u00e4tter, Staub und andere Verunreinigungen.<\/li>    <li>Gereinigte Erdn\u00fcsse werden mit dem Aufzug zum Erdnussknacker geliefert.<\/li>    <li>Die Erdnussdreschmaschine nutzt die Kombination aus geschlossenem Siebkasten und Spezialventilator, um das Sortieren und Sch\u00e4len der Suspension zu realisieren.<\/li>    <li>Nach sorgf\u00e4ltiger Auswahl und Sch\u00e4lung kommen die Erdnusskerne durch ein Sieb aus der Auswurf\u00f6ffnung heraus.<\/li> <\/ol>   <div class=\"wp-block-image\"> <figure class=\"aligncenter size-full\"><img loading=\"lazy\" decoding=\"async\" width=\"720\" height=\"540\" src=\"https:\/\/taizyagromachine.com\/wp-content\/uploads\/2022\/01\/working-process-model-3500.jpg\" alt=\"Arbeitsprozess des Erdnusssch\u00e4lers und -reinigers\" class=\"wp-image-1856\"\/><figcaption class=\"wp-element-caption\">Arbeitsprozess<\/figcaption><\/figure> <\/div>   <h2 class=\"wp-block-heading\"><strong>Video einer kombinierten Erdnusssch\u00e4l- und Reinigungsmaschine<\/strong><\/h2>    <figure class=\"wp-block-embed is-type-video is-provider-youtube wp-block-embed-youtube wp-embed-aspect-16-9 wp-has-aspect-ratio\"><div class=\"wp-block-embed__wrapper\"> <iframe loading=\"lazy\" title=\"Kombinierte Erdnusssch\u00e4lmaschine \u2013 Hocheffiziente Erdnusssch\u00e4lmaschine mit Reinigungsmaschine #peanuts\" width=\"500\" height=\"281\" src=\"https:\/\/www.youtube.com\/embed\/6I6Itc8PI9o?feature=oembed\" frameborder=\"0\" allow=\"accelerometer; autoplay; clipboard-write; encrypted-media; gyroscope; picture-in-picture; web-share\" referrerpolicy=\"strict-origin-when-cross-origin\" allowfullscreen><\/iframe> <\/div><\/figure>","protected":false},"excerpt":{"rendered":"<p>Groundnut sheller and cleaner&nbsp;is combined with cleaning and&nbsp;threshing equipment, especially for peanuts. 6BHX- 3500&nbsp;is introduced today. This peanut shelling machine unit&nbsp;has the latest design. Besides, the combined groundnut sheller for sale&nbsp;has the advantages of factory direct sales, high shelling rate, and large capacity.&nbsp;Also, this peanut sheller machine belongs to environmentally-friendly models. In Taizy Agro Machine [&hellip;]<\/p>\n","protected":false},"author":1,"featured_media":2153,"parent":0,"template":"","tags":[],"product-type":[21],"class_list":["post-1849","product","type-product","status-publish","has-post-thumbnail","hentry","product-type-peanut-machine"],"_links":{"self":[{"href":"https:\/\/taizyagromachine.com\/de\/wp-json\/wp\/v2\/product\/1849","targetHints":{"allow":["GET"]}}],"collection":[{"href":"https:\/\/taizyagromachine.com\/de\/wp-json\/wp\/v2\/product"}],"about":[{"href":"https:\/\/taizyagromachine.com\/de\/wp-json\/wp\/v2\/types\/product"}],"author":[{"embeddable":true,"href":"https:\/\/taizyagromachine.com\/de\/wp-json\/wp\/v2\/users\/1"}],"wp:featuredmedia":[{"embeddable":true,"href":"https:\/\/taizyagromachine.com\/de\/wp-json\/wp\/v2\/media\/2153"}],"wp:attachment":[{"href":"https:\/\/taizyagromachine.com\/de\/wp-json\/wp\/v2\/media?parent=1849"}],"wp:term":[{"taxonomy":"post_tag","embeddable":true,"href":"https:\/\/taizyagromachine.com\/de\/wp-json\/wp\/v2\/tags?post=1849"},{"taxonomy":"product-type","embeddable":true,"href":"https:\/\/taizyagromachine.com\/de\/wp-json\/wp\/v2\/product-type?post=1849"}],"curies":[{"name":"wp","href":"https:\/\/api.w.org\/{rel}","templated":true}]}}