{"id":1858,"date":"2022-01-26T07:17:33","date_gmt":"2022-01-26T07:17:33","guid":{"rendered":"https:\/\/taizyagromachine.com\/"},"modified":"2023-12-12T17:46:13","modified_gmt":"2023-12-12T09:46:13","slug":"4-row-groundnut-sowing-machine","status":"publish","type":"product","link":"https:\/\/taizyagromachine.com\/de\/product\/4-row-groundnut-sowing-machine\/","title":{"rendered":"Erdnusss\u00e4maschine f\u00fcr den Erdnussanbau"},"content":{"rendered":"<p class=\"translation-block\"><strong>Groundnut s\u00f0 sowing machine<\/strong>  ist f\u00fcr die Aussaat von Erdn\u00fcssen auf sandigem Boden, auf Weizenstrohboden und auf weichen B\u00f6den (ohne Steine) ausgelegt. Der Erdnuss-Pflanzer sollte mit dem Traktor von 40-70PS arbeiten und eine 3-Lenker-Federung verwenden. Da der Erdnuss-S\u00e4er selbst keine Kraft zum Antrieb hat. Der Saat der Erdnuss hat Vorteile wie pr\u00e4zise Pflanzung, hohe Effizienz und stabile Leistung. Im Vergleich zum <a href=\"https:\/\/taizyagromachine.com\/de\/rice-and-wheat-machine\/wheat-planter\/\" target=\"_blank\" rel=\"noreferrer noopener\">Weizenpflanzer<\/a> hat dieser Erdnuss-S\u00e4er 2- bzw. 6- und 8-Reihenvorrichtungen. Die Pflanzreihen richten sich nach den Kundenw\u00fcnschen. Wir freuen uns auf Ihre Anfragen\uff01<\/p>    <h2 class=\"wp-block-heading\"><strong>Verf\u00fcgbare Maschinentypen f\u00fcr Erdnusspflanzer<\/strong><\/h2>    <p>Unsere Erdnusss\u00e4maschine ist in verschiedenen Modellen erh\u00e4ltlich, darunter 2-reihig, 4-reihig, 6-reihig und 8-reihig usw. Diese verschiedenen Modelle von Erdnusss\u00e4maschinen eignen sich f\u00fcr Betriebe unterschiedlicher Gr\u00f6\u00dfe und erm\u00f6glichen Erdnussanbauern die gr\u00f6\u00dftm\u00f6gliche Auswahl geeignetes Modell f\u00fcr die Gr\u00f6\u00dfe und die Bed\u00fcrfnisse ihres landwirtschaftlichen Betriebs.<\/p>    <div class=\"wp-block-columns is-layout-flex wp-container-core-columns-is-layout-9d6595d7 wp-block-columns-is-layout-flex\"> <div class=\"wp-block-column is-layout-flow wp-block-column-is-layout-flow\"> <figure class=\"wp-block-image size-full\"><img loading=\"lazy\" decoding=\"async\" width=\"720\" height=\"540\" src=\"https:\/\/taizyagromachine.com\/wp-content\/uploads\/2023\/12\/twin-row-peanut-planter.webp\" alt=\"Zweireihiger Erdnusspflanzer\" class=\"wp-image-6147\"\/><figcaption class=\"wp-element-caption\">Zweireihiger Erdnusspflanzer<\/figcaption><\/figure> <\/div>    <div class=\"wp-block-column is-vertically-aligned-center is-layout-flow wp-block-column-is-layout-flow\"> <p class=\"has-text-align-center translation-block\"><strong>Zwei-Reihiger Peanut Planter<\/strong><\/p>    <p>Die 2-reihige Erdnusspflanzmaschine eignet sich f\u00fcr kleinere Betriebe und ist in der Lage, effizient zwei Reihen Erdnusssamen gleichzeitig zu s\u00e4en, was eine praktische und kosteng\u00fcnstige L\u00f6sung f\u00fcr die landwirtschaftliche Produktion in kleinem Ma\u00dfstab darstellt.<\/p> <\/div> <\/div>    <div class=\"wp-block-columns is-layout-flex wp-container-core-columns-is-layout-9d6595d7 wp-block-columns-is-layout-flex\"> <div class=\"wp-block-column is-vertically-aligned-center is-layout-flow wp-block-column-is-layout-flow\"> <p class=\"has-text-align-center translation-block\"><strong>4-Reihiger Peanut-Precision-Planter<\/strong><\/p>    <p>Unser 4-reihiger Erdnusspflanzer eignet sich f\u00fcr mittelgro\u00dfe Betriebe und ist in der Lage, vier Reihen Erdnusssamen gleichzeitig zu s\u00e4en, wodurch die Effizienz verbessert und gleichzeitig die Verwaltung vereinfacht wird.<\/p> <\/div>    <div class=\"wp-block-column is-layout-flow wp-block-column-is-layout-flow\"> <figure class=\"wp-block-image size-full\"><img loading=\"lazy\" decoding=\"async\" width=\"720\" height=\"540\" src=\"https:\/\/taizyagromachine.com\/wp-content\/uploads\/2023\/12\/4-row-peanut-precision-planter.webp\" alt=\"4-reihige Erdnuss-Pr\u00e4zisionspflanzmaschine\" class=\"wp-image-6149\"\/><figcaption class=\"wp-element-caption\">4-reihige Erdnuss-Pr\u00e4zisionspflanzmaschine<\/figcaption><\/figure> <\/div> <\/div>    <div class=\"wp-block-columns is-layout-flex wp-container-core-columns-is-layout-9d6595d7 wp-block-columns-is-layout-flex\"> <div class=\"wp-block-column is-layout-flow wp-block-column-is-layout-flow\"> <figure class=\"wp-block-image size-full\"><img loading=\"lazy\" decoding=\"async\" width=\"720\" height=\"540\" src=\"https:\/\/taizyagromachine.com\/wp-content\/uploads\/2023\/12\/6-row-groundnut-planter.webp\" alt=\"6-reihiger Erdnusspflanzer\" class=\"wp-image-6153\"\/><figcaption class=\"wp-element-caption\">6-reihiger Erdnusspflanzer<\/figcaption><\/figure> <\/div>    <div class=\"wp-block-column is-vertically-aligned-center is-layout-flow wp-block-column-is-layout-flow\"> <p class=\"has-text-align-center translation-block\"><strong>6-Reihiger Groundnut Planter<\/strong><\/p>    <p>Die f\u00fcr gr\u00f6\u00dfere landwirtschaftliche Betriebe konzipierte 6-reihige Erdnusssaatmaschine erm\u00f6glicht die gleichzeitige Aussaat von sechs Reihen Erdnusssamen auf ausgedehnten Erdnussfeldern, wodurch die Pflanzeffizienz erh\u00f6ht und die f\u00fcr den Erdnussanbau erforderliche Zeit verk\u00fcrzt wird.<\/p> <\/div> <\/div>    <div class=\"wp-block-columns is-layout-flex wp-container-core-columns-is-layout-9d6595d7 wp-block-columns-is-layout-flex\"> <div class=\"wp-block-column is-vertically-aligned-center is-layout-flow wp-block-column-is-layout-flow\"> <p class=\"has-text-align-center translation-block\"><strong>8-Reihiger Groundnut Seeder<\/strong><\/p>    <p>Die 8-reihige Erdnusss\u00e4maschine ist eine leistungsstarke L\u00f6sung f\u00fcr den gro\u00dffl\u00e4chigen Erdnussanbau. Sie ist in der Lage, acht Reihen Erdnusssamen gleichzeitig zu s\u00e4en, wodurch Effizienz und Produktivit\u00e4t maximiert werden, was sie zu einer ausgezeichneten Wahl f\u00fcr weitl\u00e4ufige Erdnussfelder und kommerzielle Agrarunternehmen macht.<\/p> <\/div>    <div class=\"wp-block-column is-layout-flow wp-block-column-is-layout-flow\"> <figure class=\"wp-block-image size-full\"><img loading=\"lazy\" decoding=\"async\" width=\"720\" height=\"540\" src=\"https:\/\/taizyagromachine.com\/wp-content\/uploads\/2023\/12\/8-row-groundnut-seed-sowing-machine.webp\" alt=\"8-reihige Erdnusssaatmaschine\" class=\"wp-image-6155\"\/><figcaption class=\"wp-element-caption\">8-reihige Erdnusssaatmaschine<\/figcaption><\/figure> <\/div> <\/div>    <h2 class=\"wp-block-heading\"><strong>Welche Funktionen hat der Erdnusspflanzer?<\/strong><\/h2>    <p>Die Erdnusss\u00e4maschine ist eine multifunktionale Landmaschine mit mehreren wichtigen Funktionen.<\/p>    <ul class=\"wp-block-list\"> <li><strong>Gratung<\/strong>: Es kann Dammarbeiten durchf\u00fchren, den Boden effektiv aufr\u00e4umen und ebnen und g\u00fcnstige Bedingungen f\u00fcr das Wachstum von Erdn\u00fcssen schaffen.<\/li>    <li><strong>Mulchen<\/strong>: Der Erdnusspflanzer ist au\u00dferdem mit der Mulchfunktion ausgestattet, die in der Lage ist, die Folie w\u00e4hrend des Saatvorgangs abzudecken, um die Bodentemperatur zu erh\u00f6hen, den Boden zu befeuchten und das Wachstum von Unkraut zu hemmen, was zur Verbesserung des Ertrags und der Qualit\u00e4t der Erdn\u00fcsse beitr\u00e4gt .<\/li>    <li><strong>Bew\u00e4sserung<\/strong>: Unsere Maschine ist auch in der Lage, Bew\u00e4sserungsvorg\u00e4nge durchzuf\u00fchren, um eine reibungslose Wurzelbildung und Keimung der Samen in feuchten B\u00f6den zu gew\u00e4hrleisten und ausreichend Wasser f\u00fcr das Erdnusswachstum bereitzustellen.<\/li> <\/ul>    <figure class=\"wp-block-gallery aligncenter has-nested-images columns-default is-cropped wp-block-gallery-2 is-layout-flex wp-block-gallery-is-layout-flex\"> <figure class=\"wp-block-image size-large\"><img loading=\"lazy\" decoding=\"async\" width=\"720\" height=\"540\" data-id=\"6165\" src=\"https:\/\/taizyagromachine.com\/wp-content\/uploads\/2022\/01\/normal-type-mounted-peanut-planter-for-tractor.webp\" alt=\"Normaler montierter Erdnusspflanzer f\u00fcr Traktor\" class=\"wp-image-6165\"\/><figcaption class=\"wp-element-caption\">Normaler montierter Erdnusspflanzer f\u00fcr Traktor<\/figcaption><\/figure>    <figure class=\"wp-block-image size-large\"><img loading=\"lazy\" decoding=\"async\" width=\"720\" height=\"540\" data-id=\"6166\" src=\"https:\/\/taizyagromachine.com\/wp-content\/uploads\/2022\/01\/peanut-seed-drill-planter-with-rigiding-function.webp\" alt=\"Erdnusss\u00e4maschine mit Versteifungsfunktion\" class=\"wp-image-6166\"\/><figcaption class=\"wp-element-caption\">Erdnusss\u00e4maschine mit Versteifungsfunktion<\/figcaption><\/figure> <\/figure>    <figure class=\"wp-block-gallery aligncenter has-nested-images columns-default is-cropped wp-block-gallery-3 is-layout-flex wp-block-gallery-is-layout-flex\"> <figure class=\"wp-block-image size-large\"><img loading=\"lazy\" decoding=\"async\" width=\"720\" height=\"540\" data-id=\"6167\" src=\"https:\/\/taizyagromachine.com\/wp-content\/uploads\/2022\/01\/groundnut-planter-with-watering-and-mulching.webp\" alt=\"Erdnusspflanzer mit Bew\u00e4sserung und Mulchen\" class=\"wp-image-6167\"\/><figcaption class=\"wp-element-caption\">Erdnusspflanzer mit Bew\u00e4sserung und Mulchen<\/figcaption><\/figure>    <figure class=\"wp-block-image size-large\"><img loading=\"lazy\" decoding=\"async\" width=\"720\" height=\"540\" data-id=\"6168\" src=\"https:\/\/taizyagromachine.com\/wp-content\/uploads\/2022\/01\/groundnut-sowing-machine-with-rigiding-and-baffle.webp\" alt=\"Erdnusss\u00e4maschine mit Versteifung und Prallblech\" class=\"wp-image-6168\"\/><figcaption class=\"wp-element-caption\">Erdnusss\u00e4maschine mit Versteifung und Prallblech<\/figcaption><\/figure> <\/figure>    <h2 class=\"wp-block-heading\" id=\"characteristics-pf-peanut-sowing-machine-for-sale\"><strong>Eigenschaften der zum Verkauf stehenden Erdnusss\u00e4maschine <\/strong><\/h2>    <ul class=\"wp-block-list\"> <li>Gro\u00dfer Gestaltungsraum. Die Erdnusss\u00e4maschine ist als Damm- und Flachsaatvariante erh\u00e4ltlich.\u00a0Die Erdnussanbaumaschine kann auch auf Stoppelfeldern eingesetzt werden.<\/li>    <li>Funktionen hinzugef\u00fcgt. Diese Maschine kann auch die Abdeckung mit Folie und Bew\u00e4sserung erg\u00e4nzen.<\/li>    <li>Anpassung des Pflanzenraums. Der Pflanzenraum kann durch Anpassen der Geschwindigkeit des Reglers angepasst werden.<\/li>    <li>F\u00fcr die Erdnusssaat muss die Erdnusspflanzmaschine an den Traktor angeschlossen werden.<\/li>    <li>Zuverl\u00e4ssiger Betrieb, weniger Wartungszeit, hohe Effizienz und lange Lebensdauer.<\/li> <\/ul>    <figure class=\"wp-block-gallery has-nested-images columns-default is-cropped wp-block-gallery-4 is-layout-flex wp-block-gallery-is-layout-flex\"> <figure class=\"wp-block-image size-full\"><img loading=\"lazy\" decoding=\"async\" width=\"720\" height=\"540\" data-id=\"1864\" src=\"https:\/\/taizyagromachine.com\/wp-content\/uploads\/2022\/01\/ridge.jpg\" alt=\"Grat der Erdnusss\u00e4maschine\" class=\"wp-image-1864\"\/><figcaption class=\"wp-element-caption\">Grat<\/figcaption><\/figure>    <figure class=\"wp-block-image size-full\"><img loading=\"lazy\" decoding=\"async\" width=\"720\" height=\"540\" data-id=\"1865\" src=\"https:\/\/taizyagromachine.com\/wp-content\/uploads\/2022\/01\/governor.jpg\" alt=\"Gouverneur\" class=\"wp-image-1865\"\/><figcaption class=\"wp-element-caption\">Gouverneur<\/figcaption><\/figure> <\/figure>    <h2 class=\"wp-block-heading\" id=\"advantages-of-groundnut-seeder-machine\"><strong>Vorteile der Erdnusss\u00e4maschine<\/strong><\/h2>    <ol class=\"wp-block-list\" style=\"list-style-type:1\"> <li>Das vorherige Anh\u00e4ufeln kann eine gleichm\u00e4\u00dfige Saattiefe und eine schnelle Keimung gew\u00e4hrleisten.<\/li>    <li>Im Vergleich zu herk\u00f6mmlichen Modellen kann die Erdnusss\u00e4maschine die Keimrate garantieren und den durchschnittlichen Ertrag steigern.<\/li>    <li>Nehmen Sie 65# an <a href=\"https:\/\/en.wikipedia.org\/wiki\/Mangalloy\" target=\"_blank\" rel=\"noreferrer noopener\">Manganstahl<\/a>, das eine hohe H\u00e4rte und gute Verschlei\u00dffestigkeit aufweist.<\/li>    <li>Das S\u00e4ger\u00e4t ist pr\u00e4ziser f\u00fcr die Aussaat, gleichm\u00e4\u00dfige Samen, weniger faule Samen und garantierter Pflanzraum.&nbsp;<\/li> <\/ol>    <h2 class=\"wp-block-heading\" id=\"peanut-planter-design\"><strong>P<\/strong><strong>Erdnuss <\/strong><strong>P<\/strong><strong>Laterne <\/strong><strong>D<\/strong><strong>Design<\/strong><strong><\/strong><\/h2>    <p class=\"translation-block\">Als <a href=\"https:\/\/taizyagromachine.com\/de\/about-us\/\" target=\"_blank\" rel=\"noreferrer noopener\">eines der f\u00fchrenden Agro-Maschinen-Unternehmen<\/a> geh\u00f6ren, hat unsere Peanut Planter Maschine zum Verkauf eine vern\u00fcnftige Struktur. Die Groundnut-Sowing-Maschine verf\u00fcgt \u00fcber eine D\u00fcngertrommel und eine Samenkammer, so dass D\u00fcngen und S\u00e4en gleichzeitig erfolgen. Die Rillenmaschine sorgt daf\u00fcr, Rillen zu erzeugen, um die Saat der Erdn\u00fcsse leichter zu machen.<\/p>   <div class=\"wp-block-image\"> <figure class=\"aligncenter size-full\"><img loading=\"lazy\" decoding=\"async\" width=\"720\" height=\"540\" src=\"https:\/\/taizyagromachine.com\/wp-content\/uploads\/2022\/01\/structure-of-4-row-peanut-planter.jpg\" alt=\"Struktur eines 4-reihigen Erdnusspflanzgef\u00e4\u00dfes\" class=\"wp-image-1863\"\/><figcaption class=\"wp-element-caption\">Struktur eines 4-reihigen Erdnusspflanzgef\u00e4\u00dfes<\/figcaption><\/figure> <\/div>   <h2 class=\"wp-block-heading\" id=\"working-process-of-peanut-sowing-machine\"><strong>Arbeitsprozess der Erdnusssamen-S\u00e4maschine<\/strong><\/h2>    <p>Nach dem Anbau an den Traktor beginnt die Erdnusspflanzmaschine mit der Arbeit. Der Vorgang ist sehr einfach: Zuerst d\u00fcngen, dann die Samen auss\u00e4en und zum Schluss Dammh\u00e4ute schneiden.<\/p>    <p>Von der Aussaat der Erdnusssamen \u00fcber den Anbau bis zur Ernte funktioniert die Erdnusss\u00e4maschine zun\u00e4chst. Daher ist es wichtig, den Umgang mit Erdnusssamen zu erlernen.<\/p>   <div class=\"wp-block-image\"> <figure class=\"aligncenter size-full\"><img loading=\"lazy\" decoding=\"async\" width=\"720\" height=\"540\" src=\"https:\/\/taizyagromachine.com\/wp-content\/uploads\/2022\/01\/peanut-seedinggrowing-and-harvesting.jpg\" alt=\"Erdn\u00fcsse s\u00e4en, anbauen und ernten\" class=\"wp-image-1861\"\/><figcaption class=\"wp-element-caption\">Erdn\u00fcsse s\u00e4en, anbauen und ernten<\/figcaption><\/figure> <\/div>   <h2 class=\"wp-block-heading\"><strong>Globale F\u00e4lle von Taizy-Erdnusssamen-Pflanzgef\u00e4\u00dfen <\/strong><\/h2>    <h3 class=\"wp-block-heading\" id=\"successful-case-4-row-peanut-planter-exported-to-myanmar\"><strong>Erfolgreicher Fall: 4-reihiger Erdnusspflanzer nach Myanmar exportiert<\/strong><\/h3>    <p class=\"translation-block\">Dieses Jahr erhielt unser Vertriebsleiter Coco eine Anfrage aus <a href=\"https:\/\/en.wikipedia.org\/wiki\/Myanmar\" target=\"_blank\" rel=\"noreferrer noopener\">Myanmar<\/a> \u00fcber die Groundnut-Sowing-Machine. Ein Kunde in Myanmar besitzt ein St\u00fcck Land, er wollte eine Groundnut-Sowing-Machine f\u00fcr die Landwirtschaft kaufen. Nachdem wir sein Budget und seine landwirtschaftlichen Bed\u00fcrfnisse abgefragt hatten, empfahl Coco die Peanut-Sowing-Machine mit vier Reihen Rillen. Die myanmarischen Kunden entschieden sich, von unserem Unternehmen zu kaufen. Beide Parteien best\u00e4tigten die Maschinen nacheinander und schlossen den Vertrag ab. Nach Erhalt der Maschine sandte er uns gutes Feedback und lobte unsere Maschinen.<\/p>   <div class=\"wp-block-image\"> <figure class=\"aligncenter size-full\"><img loading=\"lazy\" decoding=\"async\" width=\"720\" height=\"540\" src=\"https:\/\/taizyagromachine.com\/wp-content\/uploads\/2022\/01\/Myanmar-customized-4-row-geoundnut-seeder.jpg\" alt=\"Ma\u00dfgeschneiderte 4-reihige Erdnusss\u00e4maschine f\u00fcr einen Kunden aus Myanmar\" class=\"wp-image-1862\"\/><figcaption class=\"wp-element-caption\"> Ma\u00dfgeschneiderte 4-reihige Erdnusss\u00e4maschine f\u00fcr einen Kunden aus Myanmar<\/figcaption><\/figure> <\/div>   <h3 class=\"wp-block-heading\"><strong>Erfolgreicher Stroy: 6-reihiger Erdnusspflanzer nach D\u00e4nemark verkauft<\/strong><\/h3>    <p>Eine hochmoderne 6-reihige Erdnusss\u00e4maschine wurde k\u00fcrzlich erfolgreich nach D\u00e4nemark exportiert und bringt moderne L\u00f6sungen in die lokale landwirtschaftliche Produktion. Mit seiner effizienten 6-Reihen-Simultanpflanzfunktion bietet dieses Pflanzgef\u00e4\u00df eine schnellere und bequemere Option f\u00fcr die Erdnusspflanzung in D\u00e4nemark. Seine fortschrittliche Technologie verbessert nicht nur die Pflanzeffizienz, sondern erm\u00f6glicht d\u00e4nischen Landwirten auch eine bessere Anpassung an die lokale Pflanzumgebung. <\/p>    <figure class=\"wp-block-gallery aligncenter has-nested-images columns-default is-cropped wp-block-gallery-5 is-layout-flex wp-block-gallery-is-layout-flex\"> <figure class=\"wp-block-image size-large\"><img loading=\"lazy\" decoding=\"async\" width=\"720\" height=\"540\" data-id=\"6160\" src=\"https:\/\/taizyagromachine.com\/wp-content\/uploads\/2022\/01\/6-row-groundnut-planter-for-sale.webp\" alt=\"6-reihige Erdnusspflanzmaschine zu verkaufen\" class=\"wp-image-6160\"\/><figcaption class=\"wp-element-caption\">6-reihige Erdnusspflanzmaschine zu verkaufen<\/figcaption><\/figure>    <figure class=\"wp-block-image size-large\"><img loading=\"lazy\" decoding=\"async\" width=\"720\" height=\"540\" data-id=\"6161\" src=\"https:\/\/taizyagromachine.com\/wp-content\/uploads\/2022\/01\/customized-peanut-planter-equipment.webp\" alt=\"ma\u00dfgeschneiderte Erdnusspflanzerausr\u00fcstung\" class=\"wp-image-6161\"\/><figcaption class=\"wp-element-caption\">ma\u00dfgeschneiderte Erdnusspflanzerausr\u00fcstung<\/figcaption><\/figure> <\/figure>    <figure class=\"wp-block-gallery aligncenter has-nested-images columns-default is-cropped wp-block-gallery-6 is-layout-flex wp-block-gallery-is-layout-flex\"> <figure class=\"wp-block-image size-large\"><img loading=\"lazy\" decoding=\"async\" width=\"720\" height=\"540\" data-id=\"6163\" src=\"https:\/\/taizyagromachine.com\/wp-content\/uploads\/2022\/01\/package-groundnut-sowing-machine-in-wooden-cases.webp\" alt=\"Paket Erdnusss\u00e4maschine in Holzkisten\" class=\"wp-image-6163\"\/><figcaption class=\"wp-element-caption\">Paket Erdnusss\u00e4maschine in Holzkisten<\/figcaption><\/figure>    <figure class=\"wp-block-image size-large\"><img loading=\"lazy\" decoding=\"async\" width=\"720\" height=\"540\" data-id=\"6162\" src=\"https:\/\/taizyagromachine.com\/wp-content\/uploads\/2022\/01\/export-6-row-peanut-planter-to-Denmark.webp\" alt=\"Export einer 6-reihigen Erdnusspflanzmaschine nach D\u00e4nemark\" class=\"wp-image-6162\"\/><figcaption class=\"wp-element-caption\">Export einer 6-reihigen Erdnusspflanzmaschine nach D\u00e4nemark<\/figcaption><\/figure> <\/figure>    <p>Diese Exportveranstaltung ist nicht nur ein grenz\u00fcberschreitender Austausch landwirtschaftlicher Maschinentechnologie, sondern auch ein positiver Beitrag zur Modernisierung der d\u00e4nischen Landwirtschaft und f\u00fchrt zu fortschrittlicheren Saatger\u00e4ten f\u00fcr die lokale Landwirtschaft.<\/p>    <h2 class=\"wp-block-heading\"><strong>Video der Erdnusss\u00e4maschine von Taizy<\/strong><\/h2>    <figure class=\"wp-block-embed is-type-video is-provider-youtube wp-block-embed-youtube wp-embed-aspect-16-9 wp-has-aspect-ratio\"><div class=\"wp-block-embed__wrapper\"> <iframe loading=\"lazy\" title=\"Mehrreihige Erdnusspflanzmaschine \u2013 Erdnusspflanzmaschine von Taizy 2023 #planter #peanut #agricultural\" width=\"500\" height=\"281\" src=\"https:\/\/www.youtube.com\/embed\/rTrY3IFrM9Y?feature=oembed\" frameborder=\"0\" allow=\"accelerometer; autoplay; clipboard-write; encrypted-media; gyroscope; picture-in-picture; web-share\" referrerpolicy=\"strict-origin-when-cross-origin\" allowfullscreen><\/iframe> <\/div><\/figure>","protected":false},"excerpt":{"rendered":"<p>Groundnut sowing machine&nbsp;is designed for groundnuts planting in the sandy land, wheat stubble land, and soft lands(no stones). The groundnut planter should work with the tractor of 40-70HP, adopting a 3-linkage suspension. Because the peanut planter itself has no power to drive. The peanut seeder has advantages of precision planting, high efficiency, and stable performance. [&hellip;]<\/p>\n","protected":false},"author":1,"featured_media":2164,"parent":0,"template":"","tags":[154,45,46,149,40,39,42,152,151,43,153,44,150],"product-type":[21],"class_list":["post-1858","product","type-product","status-publish","has-post-thumbnail","hentry","tag-2-row-peanut-planter","tag-4-row-groundnut-sowing-machine","tag-4-row-peanut-sowing-machine","tag-double-row-planter","tag-groundnut-planter","tag-groundnut-sowing-machine","tag-peanut-planter","tag-peanut-planter-equipment","tag-peanut-planter-machine","tag-peanut-planting-machine","tag-peanut-seed-planter","tag-peanut-sowing-machine","tag-twin-row-peanut-planter-for-sale","product-type-peanut-machine"],"_links":{"self":[{"href":"https:\/\/taizyagromachine.com\/de\/wp-json\/wp\/v2\/product\/1858","targetHints":{"allow":["GET"]}}],"collection":[{"href":"https:\/\/taizyagromachine.com\/de\/wp-json\/wp\/v2\/product"}],"about":[{"href":"https:\/\/taizyagromachine.com\/de\/wp-json\/wp\/v2\/types\/product"}],"author":[{"embeddable":true,"href":"https:\/\/taizyagromachine.com\/de\/wp-json\/wp\/v2\/users\/1"}],"wp:featuredmedia":[{"embeddable":true,"href":"https:\/\/taizyagromachine.com\/de\/wp-json\/wp\/v2\/media\/2164"}],"wp:attachment":[{"href":"https:\/\/taizyagromachine.com\/de\/wp-json\/wp\/v2\/media?parent=1858"}],"wp:term":[{"taxonomy":"post_tag","embeddable":true,"href":"https:\/\/taizyagromachine.com\/de\/wp-json\/wp\/v2\/tags?post=1858"},{"taxonomy":"product-type","embeddable":true,"href":"https:\/\/taizyagromachine.com\/de\/wp-json\/wp\/v2\/product-type?post=1858"}],"curies":[{"name":"wp","href":"https:\/\/api.w.org\/{rel}","templated":true}]}}