{"id":1974,"date":"2022-02-08T06:54:20","date_gmt":"2022-02-08T06:54:20","guid":{"rendered":"https:\/\/taizyagromachine.com\/"},"modified":"2025-02-26T10:27:05","modified_gmt":"2025-02-26T02:27:05","slug":"automatic-sesame-seed-peeling-and-hulling-machine","status":"publish","type":"product","link":"https:\/\/taizyagromachine.com\/de\/product\/automatic-sesame-seed-peeling-and-hulling-machine\/","title":{"rendered":"Sesamsch\u00e4lmaschine | Automatische Sesamsch\u00e4lmaschine"},"content":{"rendered":"<p class=\"translation-block\"><strong>Sesamsch\u00e4lmaschine<\/strong> ist speziell f\u00fcr das Enth\u00fclsen von Sesam und K\u00fcrbiskernen f\u00fcr verschiedene Verwendungszwecke, haupts\u00e4chlich in der Lebensmittelindustrie, konzipiert. Diese Sesamsch\u00e4lmaschine kombiniert Reinigung und Entfernung der Sesamschale, um hochwertigen Sesam zu erhalten. Au\u00dferdem hat die Sesam-Enth\u00fclser-Maschine eine Enth\u00fclserate von 80 % - 85 %. Dar\u00fcber hinaus weist die automatische Sesamsch\u00e4l- und Enth\u00fclserungsmaschine die Vorteile der gr\u00fcndlichen Enth\u00fclsung, des perfekten Korns sowie der wei\u00dfen und hellen Farbe auf. <\/p>    <p>Dar\u00fcber hinaus verf\u00fcgt diese zum Verkauf stehende Sesamwasch- und Sch\u00e4lmaschine \u00fcber ein CE-Zertifikat. Dadurch k\u00f6nnen ausl\u00e4ndische Kunden es besser und einfacher akzeptieren. Daher ist unsere Sesam-Wasch- und Sch\u00e4lmaschine in vielen anderen L\u00e4ndern und Regionen wie Nigeria, Burkina Faso, Ghana, Tansania, Jemen usw. sehr beliebt. <\/p>    <p>Wenn Sie Interesse an der Samensch\u00e4lung im Nassverfahren haben, setzen Sie sich umgehend mit uns in Verbindung und wir werden uns umgehend bei Ihnen melden!<\/p>    <figure class=\"wp-block-embed is-type-video is-provider-youtube wp-block-embed-youtube wp-embed-aspect-16-9 wp-has-aspect-ratio\"><div class=\"wp-block-embed__wrapper\"> <iframe loading=\"lazy\" title=\"Samensch\u00e4l- und Waschmaschine f\u00fcr K\u00fcrbiskerne - Hersteller und Lieferant von Sesamsch\u00e4lmaschinen\" width=\"500\" height=\"281\" src=\"https:\/\/www.youtube.com\/embed\/z8xSX3G2aGU?feature=oembed\" frameborder=\"0\" allow=\"accelerometer; autoplay; clipboard-write; encrypted-media; gyroscope; picture-in-picture; web-share\" referrerpolicy=\"strict-origin-when-cross-origin\" allowfullscreen><\/iframe> <\/div><figcaption class=\"wp-element-caption\">Video einer Sesamsch\u00e4lmaschine im Nassverfahren<\/figcaption><\/figure>    <h2 class=\"wp-block-heading\"><strong>Technische Parameter der Sesamsch\u00e4lmaschine<\/strong><\/h2>    <figure class=\"wp-block-table\"><table><tbody><tr><td>Maschinenname<\/td><td>Sesamsch\u00e4lmaschine<\/td><\/tr><tr><td>Leistung<\/td><td>Sch\u00e4lmotor 2,2 kW,<br>Trennmotor 1,5 kW<\/td><\/tr><tr><td>Kapazit\u00e4t<\/td><td>400-500kg\/h<br>30\u201350 kg\/Fass<\/td><\/tr><tr><td>Sch\u00e4lrate<\/td><td>80%-85%<\/td><\/tr><tr><td>Gewicht<\/td><td>500kg<\/td><\/tr><tr><td>Gr\u00f6\u00dfe<\/td><td>1400*700*2000mm<\/td><\/tr><tr><td>Maschinenmaterial<\/td><td>Aus Edelstahl<\/td><\/tr><\/tbody><\/table><figcaption class=\"wp-element-caption\">Detaillierte Daten der Sesamsch\u00e4lmaschine<\/figcaption><\/figure>    <h2 class=\"wp-block-heading\" id=\"features-of-sesame-peeling-machine-for-sale\"><strong>Merkmale der Sesamsch\u00e4lmaschine zum Verkauf<\/strong><\/h2>    <ul class=\"wp-block-list\"> <li>Geringe Gr\u00f6\u00dfe, einfache Struktur, sch\u00f6nes Aussehen, einfache Bedienung und geringer Wartungsaufwand.<\/li>    <li>Edelstahlmaterialien, langlebig und umweltfreundlich.<\/li>    <li>Gute mechanische Eigenschaften, lange Lebensdauer.<\/li>    <li>Gute Korrosionsbest\u00e4ndigkeit und Verschlei\u00dffestigkeit.<\/li>    <li>Diese Sesamsch\u00e4lmaschine ist hell und sauber, hochwertig.<\/li> <\/ul>    <h2 class=\"wp-block-heading\" id=\"sesame-hulling-process\"><strong>Was ist der Sesamsch\u00e4lprozess?<\/strong><\/h2>   <div id=\"rank-math-howto\" class=\"rank-math-block\" > <div class=\"rank-math-howto-description\">  <p>Als professioneller Hersteller und Lieferant von Agrarmaschinen folgt die Sesamwasch- und Sch\u00e4lmaschine einem bestimmten Verfahren zum Sch\u00e4len von Sesam. Der Prozess ist wie folgt:<\/p>  <\/div>  <div class=\"rank-math-steps\"> <div id=\"howto-step-1704185703290\" class=\"rank-math-step\"> <h3 class=\"rank-math-step-title\"><strong>Vorbereitung und erster Peeling-Prozess<\/strong><\/h3> <div class=\"rank-math-step-content\"><p>Als professioneller Landmaschinenhersteller beginnen Sie in der Anfangsphase damit, rohe Sesamsamen mit etwa 201 TP3T Wasser zu mischen, um den Sch\u00e4lvorgang zu erleichtern. Sobald die Mischung ausreichend zubereitet ist, schalten Sie die Sesamsch\u00e4lmaschine ein.<\/p> <\/div> <\/div> <div id=\"howto-step-1704185761442\" class=\"rank-math-step\"> <h3 class=\"rank-math-step-title\"><strong>Peeling<\/strong><\/h3> <div class=\"rank-math-step-content\"><p>Nach der vorgesehenen Sch\u00e4ldauer erfolgt im n\u00e4chsten Schritt das Umf\u00fcllen der gesch\u00e4lten Sesamk\u00f6rner. \u00d6ffnen Sie die Auswurfklappe des Sch\u00e4lers und gie\u00dfen Sie die Samen vorsichtig in den Separator der Maschine. Dieser Teil der Maschine trennt den nun gesch\u00e4lten Sesam von seiner Schale.<\/p> <\/div> <\/div> <div id=\"howto-step-1704185934488\" class=\"rank-math-step\"> <h3 class=\"rank-math-step-title\"><strong>Trennung<\/strong><\/h3> <div class=\"rank-math-step-content\"><p>W\u00e4hrend des Trennvorgangs ist es wichtig, ein optimales Wasser-Sesam-Verh\u00e4ltnis von 3:1 einzuhalten. Dadurch wird sichergestellt, dass der Separator bei der Trennung der sauberen Sesamk\u00f6rner von ihren Schalen mit h\u00f6chster Effizienz arbeiten kann. \u00d6ffnen Sie gleichzeitig das Bodenventil des Abscheiders.<\/p> <\/div> <\/div> <\/div> <\/div>       <figure class=\"wp-block-embed is-type-video is-provider-youtube wp-block-embed-youtube wp-embed-aspect-16-9 wp-has-aspect-ratio\"><div class=\"wp-block-embed__wrapper\"> <iframe loading=\"lazy\" title=\"Anleitung zum korrekten Betrieb der Sesam -Samensch\u00e4ling -Maschine | Schwarz -Wei\u00df -Sesam -Waschen und Sch\u00e4len\" width=\"500\" height=\"281\" src=\"https:\/\/www.youtube.com\/embed\/23n8PzepCoA?feature=oembed\" frameborder=\"0\" allow=\"accelerometer; autoplay; clipboard-write; encrypted-media; gyroscope; picture-in-picture; web-share\" referrerpolicy=\"strict-origin-when-cross-origin\" allowfullscreen><\/iframe> <\/div><figcaption class=\"wp-element-caption\">Sesam -Samenwasch- und Sch\u00e4lenprozess<\/figcaption><\/figure>    <h2 class=\"wp-block-heading\" id=\"wide-applications-of-sesames\"><strong>Vielf\u00e4ltige Anwendungsm\u00f6glichkeiten von gesch\u00e4ltem Fleisch<\/strong> <strong>Sesam<\/strong> <\/h2>    <p>Durch das Sch\u00e4len des Sesams k\u00f6nnen wir hochwertige Sesamk\u00f6rner erhalten. Aber wo werden sie am h\u00e4ufigsten verwendet? Die Antwort liegt definitiv in der Lebensmittelindustrie.<\/p>   <div class=\"wp-block-image\"> <figure class=\"aligncenter size-full\"><img loading=\"lazy\" decoding=\"async\" width=\"720\" height=\"540\" src=\"https:\/\/taizyagromachine.com\/wp-content\/uploads\/2022\/02\/wide-applications-sesame-dehulling-machine.jpg\" alt=\"Sesamsch\u00e4lmaschine f\u00fcr breite Anwendungsbereiche\" class=\"wp-image-1976\" srcset=\"https:\/\/taizyagromachine.com\/wp-content\/uploads\/2022\/02\/wide-applications-sesame-dehulling-machine.jpg 720w, https:\/\/taizyagromachine.com\/wp-content\/uploads\/2022\/02\/wide-applications-sesame-dehulling-machine-300x225.jpg 300w\" sizes=\"auto, (max-width: 720px) 100vw, 720px\" \/><figcaption class=\"wp-element-caption\">breite Anwendungsm\u00f6glichkeiten von Sesamsamen-Sch\u00e4l- und Sch\u00e4lmaschinen<\/figcaption><\/figure> <\/div>   <ul class=\"wp-block-list\"> <li>F\u00fcgen Sie Sesamsamen zu Backwaren, Keksen und Desserts hinzu, um sie attraktiver und k\u00f6stlicher zu machen.<\/li>    <li>Als Rohstoff wird es zur Herstellung verwendet <a href=\"https:\/\/en.wikipedia.org\/wiki\/Tahini\" target=\"_blank\" rel=\"noreferrer noopener\">Tahini<\/a>.<\/li>    <li>Im Allgemeinen haben wir immer essbares Sesam\u00f6l, um das Essen duftender und k\u00f6stlicher zu machen. Au\u00dferdem ist Sesam\u00f6l gut f\u00fcr den Menschen.<\/li>    <li>Sesam\u00f6l eignet sich sowohl zur K\u00f6rpermassage als auch zur Gesundheitsbehandlung.<\/li> <\/ul>    <p>F\u00fcr alle oben genannten Produkte ist eine Sesamsch\u00e4lmaschine erforderlich. Z\u00f6gern Sie also nicht, uns f\u00fcr weitere Informationen zu kontaktieren!<\/p>    <h2 class=\"wp-block-heading\" id=\"how-does-sesame-peeling-machine-work\"><strong>Wie funktioniert die automatische Sesamsch\u00e4lmaschine?<\/strong><\/h2>    <p>In diesem Video werden die Arbeitszust\u00e4nde der Sesamsch\u00e4lmaschine detailliert beschrieben. Aus dem Video k\u00f6nnen Sie deutlich erkennen, dass die Sesamsch\u00e4lmaschine funktioniert, um essbaren Sesam zu erhalten.<\/p>    <figure class=\"wp-block-embed is-type-video is-provider-youtube wp-block-embed-youtube\"><div class=\"wp-block-embed__wrapper\"> <iframe loading=\"lazy\" title=\"Sesamsch\u00e4lmaschine | Sesamsch\u00e4lmaschine | Sesamsch\u00e4lmaschine |Sesamsch\u00e4lmaschine\" width=\"500\" height=\"281\" src=\"https:\/\/www.youtube.com\/embed\/3vg5t99RnuE?feature=oembed\" frameborder=\"0\" allow=\"accelerometer; autoplay; clipboard-write; encrypted-media; gyroscope; picture-in-picture; web-share\" referrerpolicy=\"strict-origin-when-cross-origin\" allowfullscreen><\/iframe> <\/div><figcaption class=\"wp-element-caption\">Video zur Funktionsweise der Sesamsch\u00e4lmaschine<\/figcaption><\/figure>    <h2 class=\"wp-block-heading\" id=\"attentions-during-operation\"><strong>Vorsicht beim Betrieb der Sesamsamen-Sch\u00e4l- und Sch\u00e4lmaschine<\/strong><\/h2>    <p>Wenn Sie die Sesamsch\u00e4lmaschine verwenden, sollten Sie Folgendes beachten:<\/p>    <ul class=\"wp-block-list\"> <li>Wenn der Sesam in der Sesamsch\u00e4lmaschine nicht vollst\u00e4ndig entladen wird, sp\u00fclen Sie ihn mit Wasser mit normaler Temperatur ab.<\/li>    <li>Bevor Sie die gesch\u00e4lten Sesamk\u00f6rner in den Separator geben, f\u00fcgen Sie 1\/3 Wasser hinzu, um zu verhindern, dass die Sesamschale das Sieb verstopft.<\/li>    <li>Die Zuflussmenge entspricht der Abflussmenge.\u00a0Es dauert etwa 5\u201310 Minuten, bis die Trennung abgeschlossen ist.<\/li> <\/ul>    <h2 class=\"wp-block-heading\" id=\"h-installation-maintenance\"><strong>Installation und Wartung einer Sesamsch\u00e4lmaschine<\/strong><\/h2>    <ul class=\"wp-block-list\"> <li>Bei der ersten Installation des Sesamsch\u00e4lers. die Ausr\u00fcstung reparieren. In der Umgebung sollten Wasser-, Strom- und gute Entw\u00e4sserungseinrichtungen vorhanden sein.<\/li>    <li>Schalten Sie den Strom ein und pr\u00fcfen Sie, ob sich das Ger\u00e4t richtig dreht.<\/li>    <li>Das Einlassrohr sollte mit der Wasserquelle verbunden sein. Wenn der Druck der Wasserquelle nicht ausreicht, m\u00fcssen Sie den Druck der Wasserpumpe erh\u00f6hen.<\/li>    <li>Reinigen Sie die Ger\u00e4ter\u00fcckst\u00e4nde nach dem Gebrauch t\u00e4glich. Sp\u00fclen Sie die Oberfl\u00e4che des Trennsiebs mit Wasser ab. Bei einer Verstopfung k\u00f6nnen Sie eine Hochdruck-Wasserpistole verwenden.<\/li>    <li>Das Reduzierst\u00fcck sollte regelm\u00e4\u00dfig durch \u00d6l ersetzt werden.<\/li> <\/ul>    <h2 class=\"wp-block-heading\" id=\"h-successful-case-4-sets-of-sesame-hulling-machine-exported-to-nigeria\"><strong>Erfolgreicher Fall: 4 S\u00e4tze Sesamsch\u00e4lmaschinen nach Nigeria exportiert  <\/strong><\/h2>    <p>Im M\u00e4rz dieses Jahres erhielten wir eine Anfrage von einem Kunden aus Nigeria zu einer Sesamsch\u00e4lmaschine. Er beliefert haupts\u00e4chlich einige Lebensmittelverarbeitungsbetriebe mit Sesamsamen guter Qualit\u00e4t. Deshalb wollte er einen Sesamsch\u00e4ler kaufen, um seine Effizienz zu verbessern und gleichzeitig die Qualit\u00e4t des Sesams sicherzustellen. <\/p>    <p>Da die Anforderung bereits klar war, stellte ihm unser Vertriebsleiter Coco die Leistung, Parameter, Konfiguration und Funktionen unserer Sesamsch\u00e4lmaschine vor und schickte ihm auch Fotos und Arbeitsvideos. Der nigerianische Kunde war zufrieden und bestellte gleich 4 Ger\u00e4te. Anschlie\u00dfend verpackten wir die Maschinen in Holzkisten und verschifften sie in sein Land.<\/p>    <figure class=\"wp-block-gallery aligncenter has-nested-images columns-default is-cropped wp-block-gallery-2 is-layout-flex wp-block-gallery-is-layout-flex\"> <figure class=\"wp-block-image size-full\"><img loading=\"lazy\" decoding=\"async\" width=\"720\" height=\"540\" data-id=\"2684\" src=\"https:\/\/taizyagromachine.com\/wp-content\/uploads\/2022\/05\/packing-sesame-seed-hulling-machine.jpg\" alt=\"Verpackungsmaschine zum Sch\u00e4len von Sesamk\u00f6rnern\" class=\"wp-image-2684\"\/><figcaption class=\"wp-element-caption\">Verpackungsmaschine zum Sch\u00e4len von Sesamk\u00f6rnern<\/figcaption><\/figure>    <figure class=\"wp-block-image size-full\"><img loading=\"lazy\" decoding=\"async\" width=\"720\" height=\"540\" data-id=\"2683\" src=\"https:\/\/taizyagromachine.com\/wp-content\/uploads\/2022\/05\/package.jpg\" alt=\"Paket\" class=\"wp-image-2683\"\/><figcaption class=\"wp-element-caption\">Paket<\/figcaption><\/figure> <\/figure>    <h2 class=\"wp-block-heading\" id=\"h-\"><strong>Preisanfrage f\u00fcr Sesamsch\u00e4lmaschine!<\/strong><\/h2>    <p class=\"translation-block\">W\u00fcnschen Sie eine schnelle und sichere Samensch\u00e4lung? Dies unterscheidet sich von der <a href=\"https:\/\/taizyagromachine.com\/de\/product\/multifunctional-thresher\/\">multifunktionalen Dreschmaschine<\/a>. Wenn Sie weitere Details w\u00fcnschen, kontaktieren Sie uns bitte. Wir empfehlen Ihnen die am besten geeignete Sesam-Sch\u00e4lmaschine und das beste Angebot f\u00fcr Ihre Bed\u00fcrfnisse.<\/p>","protected":false},"excerpt":{"rendered":"<p>Die Sesam-Peeling-Maschine ist speziell f\u00fcr das Enthullieren von Sesam ausgelegt, K\u00fcrbissamen mit einer Dehulling-Rate von 80%-85%.   Dieser Artikel beschreibt ausf\u00fchrlich die Parameter der Maschine, die Anwendung und die Verwendung des Sesam -Peeler.<\/p>","protected":false},"author":1,"featured_media":2161,"parent":0,"template":"","tags":[215],"product-type":[22],"class_list":["post-1974","product","type-product","status-publish","has-post-thumbnail","hentry","tag-sesame-peeling-machine","product-type-others"],"_links":{"self":[{"href":"https:\/\/taizyagromachine.com\/de\/wp-json\/wp\/v2\/product\/1974","targetHints":{"allow":["GET"]}}],"collection":[{"href":"https:\/\/taizyagromachine.com\/de\/wp-json\/wp\/v2\/product"}],"about":[{"href":"https:\/\/taizyagromachine.com\/de\/wp-json\/wp\/v2\/types\/product"}],"author":[{"embeddable":true,"href":"https:\/\/taizyagromachine.com\/de\/wp-json\/wp\/v2\/users\/1"}],"wp:featuredmedia":[{"embeddable":true,"href":"https:\/\/taizyagromachine.com\/de\/wp-json\/wp\/v2\/media\/2161"}],"wp:attachment":[{"href":"https:\/\/taizyagromachine.com\/de\/wp-json\/wp\/v2\/media?parent=1974"}],"wp:term":[{"taxonomy":"post_tag","embeddable":true,"href":"https:\/\/taizyagromachine.com\/de\/wp-json\/wp\/v2\/tags?post=1974"},{"taxonomy":"product-type","embeddable":true,"href":"https:\/\/taizyagromachine.com\/de\/wp-json\/wp\/v2\/product-type?post=1974"}],"curies":[{"name":"wp","href":"https:\/\/api.w.org\/{rel}","templated":true}]}}