{"id":1989,"date":"2022-02-09T06:55:47","date_gmt":"2022-02-09T06:55:47","guid":{"rendered":"https:\/\/taizyagromachine.com\/"},"modified":"2025-01-02T13:55:56","modified_gmt":"2025-01-02T05:55:56","slug":"watermelon-and-pumpkin-seed-harvester","status":"publish","type":"product","link":"https:\/\/taizyagromachine.com\/de\/product\/watermelon-and-pumpkin-seed-harvester\/","title":{"rendered":"Erntemaschine f\u00fcr Wassermelonen und K\u00fcrbiskerne"},"content":{"rendered":"<p class=\"translation-block\"><strong>K\u00fcrbiskernerntemaschine<\/strong> wird haupts\u00e4chlich f\u00fcr die Ernte und Entk\u00f6rnung von K\u00fcrbissen verwendet. Dieser K\u00fcrbiskernextraktor verf\u00fcgt \u00fcber drei Leistungsoptionen: POT, Motor und Dieselmotor. Kunden k\u00f6nnen je nach tats\u00e4chlicher Situation die passende ausw\u00e4hlen. Au\u00dferdem kann die K\u00fcrbiserntemaschine K\u00fcrbiskerne, K\u00fcrbiskerne, Melonenkerne usw. ernten. Auch unsere K\u00fcrbiskerntrennmaschine wird von vielen L\u00e4ndern und Regionen gut angenommen. Zum Beispiel Mexiko, die Vereinigten Staaten, Frankreich, Australien, die Philippinen, Marokko, Israel, S\u00fcdafrika, Kanada usw. Und wir haben erfolgreiche F\u00e4lle \u00fcber den K\u00fcrbiskerne-Kollektor in diesen L\u00e4ndern. Z\u00f6gern Sie nicht, uns zu kontaktieren!<\/p>    <h2 class=\"wp-block-heading\" id=\"h-type-1-small-size-melon-and-pumpkin-seed-extractor\"><strong>Typ 1: Kleiner Melonen- und K\u00fcrbiskernextraktor<\/strong><\/h2>    <p>Diese kleine K\u00fcrbiskern-Gewinnungsmaschine wird von einem 30-50 PS starken Traktor angetrieben und das gew\u00e4hlte Sieb variiert ebenso wie die Anzahl der zu verarbeitenden Melonen. Die Maschine verf\u00fcgt \u00fcber ein CE-Zertifikat. Au\u00dferdem verarbeitet die Maschine eine Vielzahl von Melonen mit einer Reinheit von 85% und einer Zerkleinerung von weniger als 5%. Bei Interesse nehmen Sie gerne Kontakt mit uns auf.<\/p>   <div class=\"wp-block-image\"> <figure class=\"aligncenter size-full\"><img loading=\"lazy\" decoding=\"async\" width=\"720\" height=\"540\" src=\"https:\/\/taizyagromachine.com\/wp-content\/uploads\/2022\/02\/pumpkin-seed-picker-machine.jpg\" alt=\"K\u00fcrbiskernpfl\u00fcckermaschine\" class=\"wp-image-2160\" srcset=\"https:\/\/taizyagromachine.com\/wp-content\/uploads\/2022\/02\/pumpkin-seed-picker-machine.jpg 720w, https:\/\/taizyagromachine.com\/wp-content\/uploads\/2022\/02\/pumpkin-seed-picker-machine-300x225.jpg 300w\" sizes=\"auto, (max-width: 720px) 100vw, 720px\" \/><figcaption>K\u00fcrbiskernpfl\u00fcckermaschine<\/figcaption><\/figure> <\/div>   <h3 class=\"wp-block-heading\"><strong>Struktur der K\u00fcrbiskernpfl\u00fcckermaschine<\/strong><\/h3>    <p class=\"translation-block\">Bei <a href=\"https:\/\/taizyagromachine.com\/de\/\" target=\"_blank\" rel=\"noreferrer noopener\">Taizy Agro Machine Co.<\/a> verf\u00fcgt unsere K\u00fcrbisernte-Maschine \u00fcber eine sehr einfache Struktur, einschlie\u00dflich Einlass, Ausl\u00e4sse f\u00fcr K\u00fcrbiskerne und K\u00fcrbisrinde. Daher ist sie leicht zu verstehen und zu bedienen.<\/p>   <div class=\"wp-block-image\"> <figure class=\"aligncenter size-full\"><img loading=\"lazy\" decoding=\"async\" width=\"720\" height=\"540\" src=\"https:\/\/taizyagromachine.com\/wp-content\/uploads\/2022\/02\/structure-of-pumpkin-seed-harvester.jpg\" alt=\"Struktur der K\u00fcrbiskernerntemaschine\" class=\"wp-image-1996\" srcset=\"https:\/\/taizyagromachine.com\/wp-content\/uploads\/2022\/02\/structure-of-pumpkin-seed-harvester.jpg 720w, https:\/\/taizyagromachine.com\/wp-content\/uploads\/2022\/02\/structure-of-pumpkin-seed-harvester-300x225.jpg 300w\" sizes=\"auto, (max-width: 720px) 100vw, 720px\" \/><figcaption>Struktur der K\u00fcrbiskernerntemaschine<\/figcaption><\/figure> <\/div>   <h3 class=\"wp-block-heading\"><strong>Parameter des Melonenkernernters <\/strong><\/h3>    <figure class=\"wp-block-table\"><table><tbody><tr><td>Modell<strong><\/strong><\/td><td>5TZ-500<\/td><\/tr><tr><td>Dimension<\/td><td>2500*2000*1800mm<\/td><\/tr><tr><td>Gewicht<\/td><td>400kg<\/td><\/tr><tr><td>Arbeitsgeschwindigkeit<\/td><td>4-6 km\/h<\/td><\/tr><tr><td>Kapazit\u00e4t<\/td><td>300-500kg\/h<\/td><\/tr><tr><td>Reinigungsrate<\/td><td>\u226585%<\/td><\/tr><tr><td>Bruchrate<\/td><td>\u22645%<\/td><\/tr><tr><td>Minimale Leistung<\/td><td>30 PS<\/td><\/tr><tr><td>Maximale Leistung<\/td><td>50 PS<\/td><\/tr><tr><td>U\/min<\/td><td>40<\/td><\/tr><tr><td>Weg verbinden<\/td><td>Dreipunktaufh\u00e4ngung<\/td><\/tr><\/tbody><\/table><\/figure>    <h2 class=\"wp-block-heading\"><strong>Typ 2: Gro\u00dfer K\u00fcrbiskernextraktor<\/strong><\/h2>    <p>Die K\u00fcrbiskernerntemaschine hat die Funktionen Pfl\u00fccken, Zerkleinern, Auspressen, Trennen, Reinigen, Lagern und Entladen. Und f\u00fcr die Ernte von Wassermelonen- und K\u00fcrbiskernen stehen verschiedene Trennnetze zur Auswahl. Dar\u00fcber hinaus wird die Maschine \u00fcber die Zapfwelle von einem Traktor angetrieben, was sich besonders f\u00fcr den einfachen landwirtschaftlichen Betrieb eignet. Es ist zu beachten, dass die Samengewinnungsmaschine nur f\u00fcr die Ernte reifer Wassermelonen und K\u00fcrbisse verwendet werden kann und ihre Leistung nicht optimal ist, wenn diese unreif oder faul sind.<\/p>    <p>Es handelt sich um eine vollautomatische Saatpickmaschine, die automatisch Melonen l\u00e4dt, vergleichbar mit zwei kleinen K\u00fcrbiskernerntemaschinen.<\/p>    <div class=\"wp-block-columns is-layout-flex wp-container-core-columns-is-layout-9d6595d7 wp-block-columns-is-layout-flex\"> <div class=\"wp-block-column is-layout-flow wp-block-column-is-layout-flow\"><div class=\"wp-block-image\"> <figure class=\"aligncenter size-full\"><img loading=\"lazy\" decoding=\"async\" width=\"720\" height=\"540\" src=\"https:\/\/taizyagromachine.com\/wp-content\/uploads\/2022\/05\/pumkin-seeds-extractor.jpg\" alt=\"K\u00fcrbiskernextraktor\" class=\"wp-image-2811\"\/><figcaption>K\u00fcrbiskernextraktor<\/figcaption><\/figure> <\/div><\/div>    <div class=\"wp-block-column is-layout-flow wp-block-column-is-layout-flow\"><div class=\"wp-block-image\"> <figure class=\"aligncenter size-full\"><img loading=\"lazy\" decoding=\"async\" width=\"720\" height=\"540\" src=\"https:\/\/taizyagromachine.com\/wp-content\/uploads\/2022\/05\/pumpkin-harvester.jpg\" alt=\"K\u00fcrbiserntemaschine\" class=\"wp-image-2812\"\/><figcaption>K\u00fcrbiserntemaschine<\/figcaption><\/figure> <\/div><\/div> <\/div>    <h3 class=\"wp-block-heading\"><strong>Struktur der K\u00fcrbiserntemaschine zum Verkauf<\/strong><\/h3>    <p>Der Wassermelonenkern-Ernte- und -Extraktor besteht aus einem Rahmen, einem Wassermelonenpfl\u00fcckfass, einem Samenextraktor, einem Zerkleinerungsbeh\u00e4lter, einem Reinigungsfass, einem Elevator, einem Samenvorratsbeh\u00e4lter, einem Getriebe, einem Reifen und einem Hydraulikschlauch.<\/p>    <figure class=\"wp-block-gallery aligncenter has-nested-images columns-default is-cropped wp-block-gallery-2 is-layout-flex wp-block-gallery-is-layout-flex\"> <figure class=\"wp-block-image size-large\"><img loading=\"lazy\" decoding=\"async\" width=\"720\" height=\"540\" data-id=\"2814\" src=\"https:\/\/taizyagromachine.com\/wp-content\/uploads\/2022\/05\/watermelon-seed-picker-structure.jpg\" alt=\"Wassermelonenkernpfl\u00fcckerstruktur\" class=\"wp-image-2814\"\/><figcaption>Struktur des Wassermelonenkernpfl\u00fcckers<\/figcaption><\/figure>    <figure class=\"wp-block-image size-large\"><img loading=\"lazy\" decoding=\"async\" width=\"720\" height=\"540\" data-id=\"2815\" src=\"https:\/\/taizyagromachine.com\/wp-content\/uploads\/2022\/05\/pumpkin-seed-pikcer-structure.jpg\" alt=\"K\u00fcrbiskern-Picker-Struktur\" class=\"wp-image-2815\"\/><figcaption>K\u00fcrbiskernpfl\u00fcckerstruktur<\/figcaption><\/figure>    <figure class=\"wp-block-image size-large\"><img loading=\"lazy\" decoding=\"async\" width=\"720\" height=\"540\" data-id=\"2816\" src=\"https:\/\/taizyagromachine.com\/wp-content\/uploads\/2022\/05\/seed-extraxtor-structure.jpg\" alt=\"Samen-Extraktor-Struktur\" class=\"wp-image-2816\"\/><figcaption>Struktur des Samenextraktors<\/figcaption><\/figure> <\/figure>    <h3 class=\"wp-block-heading\"><strong>Was sind die Parameter des K\u00fcrbiskernpfl\u00fcckers?<\/strong><\/h3>    <figure class=\"wp-block-table\"><table><tbody><tr><td>Modell<strong><\/strong><\/td><td>5TZ-1500<\/td><\/tr><tr><td>Gewicht<\/td><td>3388 kg<\/td><\/tr><tr><td>Arbeitsgeschwindigkeit<\/td><td>2-5 km\/h\u00a0\u00a0(6600 m<sup>2<\/sup>\/H)<\/td><\/tr><tr><td>Materialbeh\u00e4lter<\/td><td>1.288m\u00b3<\/td><\/tr><tr><td>Reinigungsrate<\/td><td>\u226585%<\/td><\/tr><tr><td>Bruchrate<\/td><td>\u22640,3%<\/td><\/tr><tr><td>Leistung<\/td><td>60-90 kW<\/td><\/tr><tr><td>Eingabegeschwindigkeit<\/td><td>540-720 U\/min<\/td><\/tr><tr><td>Weg verbinden<\/td><td>Dreipunktaufh\u00e4ngung<\/td><\/tr><\/tbody><\/table><\/figure>    <h2 class=\"wp-block-heading\" id=\"characteristics-of-pumpkin-seed-collecting-machine\"><strong>Eigenschaften der K\u00fcrbiskernsammelmaschine<\/strong><\/h2>    <ul class=\"wp-block-list\" type=\"1\"><li>Einfach zu bedienen, einfach zu bedienen, sicherer und zuverl\u00e4ssiger Betrieb.<\/li><li>Angemessene Struktur, stabile Leistung, super Qualit\u00e4t.<\/li><li>Drei Energiesysteme. Diese K\u00fcrbiskernerntemaschine kann Zapfwelle, Motor und Dieselmotor verwenden.<\/li><li>Starke Flexibilit\u00e4t. Da der Wassermelonenkernextraktor drei Stromquellen nutzen kann, eignet er sich f\u00fcr Feldeins\u00e4tze oder feste Anl\u00e4sse in ebenen Gebieten.<\/li><li>CE-Zertifikat. Die zum Verkauf stehende K\u00fcrbiserntemaschine verf\u00fcgt \u00fcber ein CE-Zertifikat und entspricht den Marktanforderungen.&nbsp;<\/li><\/ul>    <figure class=\"wp-block-gallery has-nested-images columns-default is-cropped wp-block-gallery-3 is-layout-flex wp-block-gallery-is-layout-flex\"> <figure class=\"wp-block-image size-full\"><img loading=\"lazy\" decoding=\"async\" width=\"720\" height=\"540\" data-id=\"1993\" src=\"https:\/\/taizyagromachine.com\/wp-content\/uploads\/2022\/02\/PTO-pumpkin-harvester.jpg\" alt=\"\" class=\"wp-image-1993\" srcset=\"https:\/\/taizyagromachine.com\/wp-content\/uploads\/2022\/02\/PTO-pumpkin-harvester.jpg 720w, https:\/\/taizyagromachine.com\/wp-content\/uploads\/2022\/02\/PTO-pumpkin-harvester-300x225.jpg 300w\" sizes=\"auto, (max-width: 720px) 100vw, 720px\" \/><figcaption>Zapfwelle<\/figcaption><\/figure>    <figure class=\"wp-block-image size-large\"><img loading=\"lazy\" decoding=\"async\" width=\"720\" height=\"540\" data-id=\"1995\" src=\"https:\/\/taizyagromachine.com\/wp-content\/uploads\/2022\/02\/motor-pumpkin-harvester.jpg\" alt=\"Motor\" class=\"wp-image-1995\" srcset=\"https:\/\/taizyagromachine.com\/wp-content\/uploads\/2022\/02\/motor-pumpkin-harvester.jpg 720w, https:\/\/taizyagromachine.com\/wp-content\/uploads\/2022\/02\/motor-pumpkin-harvester-300x225.jpg 300w\" sizes=\"auto, (max-width: 720px) 100vw, 720px\" \/><figcaption>Motor<\/figcaption><\/figure>    <figure class=\"wp-block-image size-full\"><img loading=\"lazy\" decoding=\"async\" width=\"720\" height=\"540\" data-id=\"1994\" src=\"https:\/\/taizyagromachine.com\/wp-content\/uploads\/2022\/02\/diesel-pumpkin-aeed-harvester.jpg\" alt=\"Dieselmotor\" class=\"wp-image-1994\" srcset=\"https:\/\/taizyagromachine.com\/wp-content\/uploads\/2022\/02\/diesel-pumpkin-aeed-harvester.jpg 720w, https:\/\/taizyagromachine.com\/wp-content\/uploads\/2022\/02\/diesel-pumpkin-aeed-harvester-300x225.jpg 300w\" sizes=\"auto, (max-width: 720px) 100vw, 720px\" \/><figcaption>Dieselmotor<\/figcaption><\/figure> <\/figure>    <h2 class=\"wp-block-heading\" id=\"wide-applications-of-watermelon-and-pumpkin-seeds-harvester\"><strong>Vielf\u00e4ltige Anwendungsm\u00f6glichkeiten f\u00fcr Wassermelonen- und K\u00fcrbiskernerntemaschinen<\/strong><\/h2>    <p>Generell l\u00e4sst sich sagen, dass diese Maschine zum Entfernen der Kerne von K\u00fcrbissen ein breites Anwendungsspektrum hat. Es k\u00f6nnen verschiedene Fruchtsamen gewonnen werden, wie zum Beispiel Wassermelonenkerne, Melonenkerne, K\u00fcrbiskerne und andere. Daher hat diese K\u00fcrbiskernerntemaschine ein gro\u00dfes Marktpotenzial. Im Zweifelsfall kontaktieren Sie uns bitte jederzeit zur Kl\u00e4rung\uff01<\/p>   <div class=\"wp-block-image\"> <figure class=\"aligncenter size-full\"><img loading=\"lazy\" decoding=\"async\" width=\"720\" height=\"540\" src=\"https:\/\/taizyagromachine.com\/wp-content\/uploads\/2022\/02\/applications-pumpkin-harvester.jpg\" alt=\"breite Anwendungen \u2013 K\u00fcrbiskernerntemaschine\" class=\"wp-image-1997\" srcset=\"https:\/\/taizyagromachine.com\/wp-content\/uploads\/2022\/02\/applications-pumpkin-harvester.jpg 720w, https:\/\/taizyagromachine.com\/wp-content\/uploads\/2022\/02\/applications-pumpkin-harvester-300x225.jpg 300w\" sizes=\"auto, (max-width: 720px) 100vw, 720px\" \/><figcaption>breite anwendungen<\/figcaption><\/figure> <\/div>   <h2 class=\"wp-block-heading\" id=\"usage-of-pumpkin-seeds\"><strong>Verwendung von K\u00fcrbiskernen<\/strong><strong><\/strong><\/h2>    <p>Die K\u00fcrbiskerne bekommen wir bekanntlich aus dem K\u00fcrbiskernschleuder. Aber welche Funktionen haben K\u00fcrbiskerne, sogar Wassermelonenkerne und andere Samen? Tats\u00e4chlich werden diese Samen h\u00e4ufig f\u00fcr Gesundheits- und Hautpflegeprodukte verwendet. Dar\u00fcber hinaus ernten wir K\u00fcrbiskerne zum Essen, Pflanzen usw. Die anderen Samen sind nat\u00fcrlich gleich.<\/p>    <h2 class=\"wp-block-heading\" id=\"h-how-are-pumpkin-seeds-shelled\"><strong>Wie werden K\u00fcrbiskerne gesch\u00e4lt?<\/strong><\/h2>    <p>Die Wassermelonen- und K\u00fcrbiserntemaschine kann bei der Arbeit mit dem Kleintraktor verbunden werden. Der Traktor treibt die Maschine \u00fcber die Zapfwelle an.<\/p>    <p>1. Die Wassermelonen- und K\u00fcrbiserntemaschine kann Wassermelonen oder K\u00fcrbisse in den Trichter aufnehmen (die gro\u00dfe K\u00fcrbiskernerntemaschine pfl\u00fcckt automatisch, die kleine K\u00fcrbiskernerntemaschine manuell). &nbsp;<\/p>    <p>2. Die Maschine zerkleinert die Wassermelone oder den K\u00fcrbis mit einer Brechwelle.<\/p>    <p>3. Zerkleinerte Wassermelonen oder K\u00fcrbisse gelangen in die Trenntrommel.<\/p>    <p>4.\u00a0Bei laufender Welle werden Wassermelonen- oder K\u00fcrbisschale und -fleisch aus der Trenntrommel entnommen und Wassermelonen- oder K\u00fcrbiskerne werden in die Reinigungstrommel gesaugt.<\/p>    <p>5. Bei laufendem Reinigungsschacht werden Wassermelonen- oder K\u00fcrbiskerne gereinigt und wieder getrennt.<\/p>    <p>6. Das Saatgut wird durch Drehen der Reinigungswelle ausgeworfen.<\/p>    <h2 class=\"wp-block-heading\" id=\"equipment-used-with-pumpkin-seed-harvesting-machine\"><strong>Ausr\u00fcstung, die mit der K\u00fcrbiskernerntemaschine verwendet wird<\/strong><strong><\/strong><\/h2>    <p>Dies ist auch eine Erntemaschine f\u00fcr K\u00fcrbis und Wassermelone. Es kann die St\u00e4ngel von K\u00fcrbissen oder Wassermelonen abbrechen, K\u00fcrbisse oder Wassermelonen einsammeln und beiseite legen. Diese Ausr\u00fcstung hilft den Betrieben also, Zeit zu sparen. Au\u00dferdem funktioniert es im Allgemeinen mit der K\u00fcrbiskernerntemaschine. Wir freuen uns auf Ihre Anfrage!<\/p>   <div class=\"wp-block-image\"> <figure class=\"aligncenter size-full\"><img loading=\"lazy\" decoding=\"async\" width=\"720\" height=\"500\" src=\"https:\/\/taizyagromachine.com\/wp-content\/uploads\/2022\/02\/harvesting-machine-for-pumpkin.jpg\" alt=\"Erntemaschine f\u00fcr K\u00fcrbis, Wassermelone usw\" class=\"wp-image-1998\" srcset=\"https:\/\/taizyagromachine.com\/wp-content\/uploads\/2022\/02\/harvesting-machine-for-pumpkin.jpg 720w, https:\/\/taizyagromachine.com\/wp-content\/uploads\/2022\/02\/harvesting-machine-for-pumpkin-300x208.jpg 300w\" sizes=\"auto, (max-width: 720px) 100vw, 720px\" \/><figcaption>Erntemaschine f\u00fcr K\u00fcrbis, Wassermelone usw<\/figcaption><\/figure> <\/div>   <h2 class=\"wp-block-heading\" id=\"successful-case-pumpkin-seed-collector-sold-to-france\"><strong>Erfolgreicher Fall: K\u00fcrbiskernerntemaschine nach Frankreich verkauft<\/strong><\/h2>    <p>Unsere Vertriebsleiterin Winnie erhielt von einem franz\u00f6sischen Kunden eine Anfrage zu einer Saatguterntemaschine. Er besch\u00e4ftigt sich seit vielen Jahren mit dem Pflanzen. Und er hat eine gro\u00dfe Fl\u00e4che mit K\u00fcrbisfeldern bewirtschaftet und haupts\u00e4chlich K\u00fcrbiskerne zur Herstellung von Gesundheitsprodukten verkauft. Er sah unseren K\u00fcrbiskern-Ernteautomaten auf der Website und dachte, dass er f\u00fcr ihn sehr n\u00fctzlich sei, also ergriff er die Initiative und kontaktierte uns f\u00fcr eine Anfrage zum Preis des K\u00fcrbiskern-Ernteers. Unser Verkaufsleiter Winnie schickte das Bild und das Arbeitsvideo, er war sehr zufrieden. Beide Seiten unterzeichneten den Vertrag. <\/p>    <p class=\"translation-block\">Sp\u00e4ter wurde bei der Auswahl der Reinigungstrommel die vom franz\u00f6sischen Kunden zu sammelnde K\u00fcrbiskerne gemessen und mit dem passenden Siebgewebe abgeglichen. Schlie\u00dflich wurde sie erfolgreich per Seefracht nach Frankreich verschickt. Wir bieten auch die <a href=\"https:\/\/taizyagromachine.com\/de\/product\/automatic-sesame-seed-peeling-and-hulling-machine\/\" target=\"_blank\" rel=\"noreferrer noopener\">Sesamsch\u00e4lmaschine<\/a>, \u00d6lm\u00fchle und andere verschiedene Agrarmaschinen an. <\/p>    <figure class=\"wp-block-gallery has-nested-images columns-default is-cropped wp-block-gallery-4 is-layout-flex wp-block-gallery-is-layout-flex\"> <figure class=\"wp-block-image size-large\"><img loading=\"lazy\" decoding=\"async\" width=\"720\" height=\"540\" data-id=\"1999\" src=\"https:\/\/taizyagromachine.com\/wp-content\/uploads\/2022\/02\/machien-parts-to-pack.jpg\" alt=\"Maschinenteile zum Verpacken\" class=\"wp-image-1999\" srcset=\"https:\/\/taizyagromachine.com\/wp-content\/uploads\/2022\/02\/machien-parts-to-pack.jpg 720w, https:\/\/taizyagromachine.com\/wp-content\/uploads\/2022\/02\/machien-parts-to-pack-300x225.jpg 300w\" sizes=\"auto, (max-width: 720px) 100vw, 720px\" \/><figcaption>Maschinenteile zum Verpacken<\/figcaption><\/figure>    <figure class=\"wp-block-image size-large\"><img loading=\"lazy\" decoding=\"async\" width=\"1024\" height=\"768\" data-id=\"2000\" src=\"https:\/\/taizyagromachine.com\/wp-content\/uploads\/2022\/02\/measure-seed-size-1024x768.jpg\" alt=\"Saatgr\u00f6\u00dfe messen\" class=\"wp-image-2000\" srcset=\"https:\/\/taizyagromachine.com\/wp-content\/uploads\/2022\/02\/measure-seed-size-1024x768.jpg 1024w, https:\/\/taizyagromachine.com\/wp-content\/uploads\/2022\/02\/measure-seed-size-300x225.jpg 300w, https:\/\/taizyagromachine.com\/wp-content\/uploads\/2022\/02\/measure-seed-size-768x576.jpg 768w, https:\/\/taizyagromachine.com\/wp-content\/uploads\/2022\/02\/measure-seed-size.jpg 1080w\" sizes=\"auto, (max-width: 1024px) 100vw, 1024px\" \/><figcaption>Saatgr\u00f6\u00dfe messen<\/figcaption><\/figure> <\/figure>    <h2 class=\"wp-block-heading\" id=\"h-faq\"><strong>FAQ zur Wassermelonen- und K\u00fcrbiskernerntemaschine<\/strong><\/h2>   <div id=\"rank-math-faq\" class=\"rank-math-block\"> <div class=\"rank-math-list\"> <div id=\"faq-question-1665562690660\" class=\"rank-math-list-item\"> <h3 class=\"rank-math-question\"><strong>F: Wie kann man die Gr\u00f6\u00dfe von Melonenkernen best\u00e4tigen?<\/strong><\/h3> <div class=\"rank-math-answer\">  <p>A: Messen Sie die L\u00e4nge und Breite der Melonenkerne.<\/p>  <\/div> <\/div> <div id=\"faq-question-1665562695862\" class=\"rank-math-list-item\"> <h3 class=\"rank-math-question\"><strong>F: Wie w\u00e4re es mit der Traktor-Zwischenwelle?<\/strong><\/h3> <div class=\"rank-math-answer\">  <p>A: 6 oder 8.<\/p>  <\/div> <\/div> <div id=\"faq-question-1665562704903\" class=\"rank-math-list-item\"> <h3 class=\"rank-math-question\"><strong>F: Welche Samen eignen sich?<\/strong><\/h3> <div class=\"rank-math-answer\">  <p class=\"translation-block\">A: <a href=\"https:\/\/en.wikipedia.org\/wiki\/Zucchini\" target=\"_blank\" rel=\"noreferrer noopener\">Zucchini<\/a>, Wassermelone, K\u00fcrbis, Gurke, Melone (Australien).<\/p>  <\/div> <\/div> <\/div> <\/div>","protected":false},"excerpt":{"rendered":"<p>Pumpkin seed harvester&nbsp;is mainly used for harvesting and deseeding pumpkins. This pumpkin seed extractor has three options for power, respectively POT, motor, and diesel engine. Customers can choose the suitable one based on the actual situation. Besides, the pumpkin harvester machine can harvest the cantaloupe seed, gourd seed, melon seed, etc. Also, our pumpkin seed [&hellip;]<\/p>\n","protected":false},"author":1,"featured_media":2813,"parent":0,"template":"","tags":[112,114,109,113,111,110,115],"product-type":[22],"class_list":["post-1989","product","type-product","status-publish","has-post-thumbnail","hentry","tag-melon-seed-harvester","tag-pumpkin-seed-collector","tag-pumpkin-seed-harvester","tag-pumpkin-seed-picker","tag-seed-extractor","tag-watermelon-seed-harvester","tag-watermelon-seed-picker-machine","product-type-others"],"_links":{"self":[{"href":"https:\/\/taizyagromachine.com\/de\/wp-json\/wp\/v2\/product\/1989","targetHints":{"allow":["GET"]}}],"collection":[{"href":"https:\/\/taizyagromachine.com\/de\/wp-json\/wp\/v2\/product"}],"about":[{"href":"https:\/\/taizyagromachine.com\/de\/wp-json\/wp\/v2\/types\/product"}],"author":[{"embeddable":true,"href":"https:\/\/taizyagromachine.com\/de\/wp-json\/wp\/v2\/users\/1"}],"wp:featuredmedia":[{"embeddable":true,"href":"https:\/\/taizyagromachine.com\/de\/wp-json\/wp\/v2\/media\/2813"}],"wp:attachment":[{"href":"https:\/\/taizyagromachine.com\/de\/wp-json\/wp\/v2\/media?parent=1989"}],"wp:term":[{"taxonomy":"post_tag","embeddable":true,"href":"https:\/\/taizyagromachine.com\/de\/wp-json\/wp\/v2\/tags?post=1989"},{"taxonomy":"product-type","embeddable":true,"href":"https:\/\/taizyagromachine.com\/de\/wp-json\/wp\/v2\/product-type?post=1989"}],"curies":[{"name":"wp","href":"https:\/\/api.w.org\/{rel}","templated":true}]}}