{"id":2002,"date":"2022-02-10T08:13:22","date_gmt":"2022-02-10T08:13:22","guid":{"rendered":"https:\/\/taizyagromachine.com\/"},"modified":"2025-04-27T14:16:30","modified_gmt":"2025-04-27T06:16:30","slug":"two-wheel-drive-walking-type-tractor","status":"publish","type":"product","link":"https:\/\/taizyagromachine.com\/de\/product\/two-wheel-drive-walking-type-tractor\/","title":{"rendered":"Einachsschlepper mit Zweiradantrieb"},"content":{"rendered":"<p class=\"translation-block\"><strong>Geh-Traktor<\/strong> ist ein wesentlicher 2-Rad-Bauernhof-Geh-Traktor, der in der Lage ist, viele verschiedene Anbauger\u00e4te zu betreiben. Der Geh-Traktor liefert die Energiequellen und wird weltweit eingesetzt. Der Handtraktor zeichnet sich durch Multifunktionalit\u00e4t, einfache Bedienung und kompakte Bauweise aus. Au\u00dferdem kann dieser Geh-Traktor mit verschiedenen Ger\u00e4ten wie Pflug, Eggen, <a href=\"https:\/\/cornmachines.com\/corn-planter-machine\/\" target=\"_blank\" rel=\"noreferrer noopener\">S\u00e4maschine<\/a>, Wasserpumpe usw. kombiniert werden. Die Anbauger\u00e4te f\u00fcr den Geh-Traktor k\u00f6nnen vielf\u00e4ltig sein. Aufgrund seines g\u00fcnstigen Preises wird der Zweirad-Traktor in S\u00fcdafrika, Mauritius, Amerika, Simbabwe, Uganda usw. gut angenommen. Wenn Sie Interesse haben, kontaktieren Sie uns jederzeit.<\/p>    <h2 class=\"wp-block-heading\" id=\"features-of-walking-type-tractor\"><strong>Merkmale des Einachsschleppers<\/strong><strong><\/strong><\/h2>    <ul class=\"wp-block-list\"> <li>Einfache Struktur, gute Qualit\u00e4t, stabile Leistung.<\/li>    <li>Wettbewerbsf\u00e4higer Preis auf dem Markt. Der Preis f\u00fcr einen Lauftraktor ist f\u00fcr die Menschen in den meisten L\u00e4ndern, wie zum Beispiel Kenia, erschwinglich.<\/li>    <li>Mehrere Funktionen. Dieser Zweiradtraktor kann mit verschiedenen Maschinentypen arbeiten, um Grabenarbeiten, S\u00e4arbeiten, Dammarbeiten, Erntearbeiten usw. durchzuf\u00fchren.<\/li>    <li>In viele L\u00e4nder und Regionen exportiert. Aufgrund seiner Preisst\u00e4rke wurde dieser handgef\u00fchrte Traktor h\u00e4ufig nach Afrika exportiert. Wie Lesotho, Ghana, S\u00fcdafrika, Kenia, Simbabwe, Nigeria, Jemen, Somalia, Botswana usw.<\/li>    <li>Starke Praktikabilit\u00e4t. Dieser Ackerschlepper schafft viel angenehmere Bedingungen f\u00fcr Menschen, die sich in einer schlechten Situation befinden.<\/li> <\/ul>    <h2 class=\"wp-block-heading\" id=\"working-video-of-walking-type-tractor-implements\"><strong>Arbeitsvideo von Anbauger\u00e4ten f\u00fcr Schreittraktoren<\/strong><\/h2>    <p>Dieser kleine und einfache Einachstraktor bietet je nach Kundenwunsch viele M\u00f6glichkeiten. Das folgende Video zeigt ausreichend mehrere M\u00f6glichkeiten und Funktionen.<\/p>    <figure class=\"wp-block-embed is-type-video is-provider-youtube wp-block-embed-youtube\"><div class=\"wp-block-embed__wrapper\"> <iframe loading=\"lazy\" title=\"Wandertraktor | Handtraktor | Einachsschlepper mit zwei R\u00e4dern | handgef\u00fchrter Traktor mit Dieselger\u00e4t\" width=\"500\" height=\"281\" src=\"https:\/\/www.youtube.com\/embed\/TQMlzGjxFTs?feature=oembed\" frameborder=\"0\" allow=\"accelerometer; autoplay; clipboard-write; encrypted-media; gyroscope; picture-in-picture; web-share\" referrerpolicy=\"strict-origin-when-cross-origin\" allowfullscreen><\/iframe> <\/div><\/figure>    <h2 class=\"wp-block-heading\" id=\"functional-diversification-of-walking-tractor\"><strong>Funktionelle Diversifizierung von Walking-Traktoren<\/strong><strong><\/strong><\/h2>    <p class=\"translation-block\">Da dieser Zweirad-Traktor nur die Energiequelle bereitstellt, kann er mit vielen Landmaschinen kombiniert werden, um verschiedene Funktionen zu erf\u00fcllen. Zum Beispiel kann ein Geh-Traktor mit einem Pflug das Land f\u00fcr die nachfolgende Kultivierung bearbeiten. Der Handtraktor mit einer S\u00e4maschine, wie z. B. einer Mais- oder <a href=\"https:\/\/taizyagromachine.com\/de\/product\/wheat-planter\/\" target=\"_blank\" rel=\"noreferrer noopener\">Weizens\u00e4maschine<\/a>, kann gleichzeitig s\u00e4en und d\u00fcngen. Au\u00dferdem kann der Geh-Traktor mit einem Anh\u00e4nger Gegenst\u00e4nde laden. Dar\u00fcber hinaus kann er normale R\u00e4der durch Reisfeldr\u00e4der f\u00fcr Reisfelder ersetzen. Alles in allem kann dieser 2-Rad-Antriebstraktor durch die Kombination mit vielen Maschinen mehrere Funktionen erf\u00fcllen. Wir freuen uns auf Ihre Anfrage!<\/p>    <figure class=\"wp-block-gallery has-nested-images columns-default is-cropped wp-block-gallery-2 is-layout-flex wp-block-gallery-is-layout-flex\"> <figure class=\"wp-block-image size-large\"><img loading=\"lazy\" decoding=\"async\" width=\"720\" height=\"540\" data-id=\"2008\" src=\"https:\/\/taizyagromachine.com\/wp-content\/uploads\/2022\/02\/2-wheel-tractor-with-corn-planter.jpg\" alt=\"2-Rad-Traktor mit Maispflanzmaschine\" class=\"wp-image-2008\" srcset=\"https:\/\/taizyagromachine.com\/wp-content\/uploads\/2022\/02\/2-wheel-tractor-with-corn-planter.jpg 720w, https:\/\/taizyagromachine.com\/wp-content\/uploads\/2022\/02\/2-wheel-tractor-with-corn-planter-300x225.jpg 300w\" sizes=\"auto, (max-width: 720px) 100vw, 720px\" \/><figcaption class=\"wp-element-caption\">2-Rad-Traktor mit Maispflanzmaschine<\/figcaption><\/figure>    <figure class=\"wp-block-image size-large\"><img loading=\"lazy\" decoding=\"async\" width=\"720\" height=\"540\" data-id=\"2011\" src=\"https:\/\/taizyagromachine.com\/wp-content\/uploads\/2022\/02\/walk-behind-tractor-with-wheat-planter.jpg\" alt=\"handgef\u00fchrter Traktor mit Weizens\u00e4maschine\" class=\"wp-image-2011\" srcset=\"https:\/\/taizyagromachine.com\/wp-content\/uploads\/2022\/02\/walk-behind-tractor-with-wheat-planter.jpg 720w, https:\/\/taizyagromachine.com\/wp-content\/uploads\/2022\/02\/walk-behind-tractor-with-wheat-planter-300x225.jpg 300w\" sizes=\"auto, (max-width: 720px) 100vw, 720px\" \/><figcaption class=\"wp-element-caption\">handgef\u00fchrter Traktor mit Weizens\u00e4maschine<\/figcaption><\/figure>    <figure class=\"wp-block-image size-large\"><img loading=\"lazy\" decoding=\"async\" width=\"720\" height=\"540\" data-id=\"2013\" src=\"https:\/\/taizyagromachine.com\/wp-content\/uploads\/2022\/02\/walking-trator-trailer.jpg\" alt=\"Wander-Traktor-Anh\u00e4nger\" class=\"wp-image-2013\" srcset=\"https:\/\/taizyagromachine.com\/wp-content\/uploads\/2022\/02\/walking-trator-trailer.jpg 720w, https:\/\/taizyagromachine.com\/wp-content\/uploads\/2022\/02\/walking-trator-trailer-300x225.jpg 300w\" sizes=\"auto, (max-width: 720px) 100vw, 720px\" \/><figcaption class=\"wp-element-caption\">Anh\u00e4nger<\/figcaption><\/figure> <\/figure>    <figure class=\"wp-block-gallery has-nested-images columns-default is-cropped wp-block-gallery-3 is-layout-flex wp-block-gallery-is-layout-flex\"> <figure class=\"wp-block-image size-large\"><img loading=\"lazy\" decoding=\"async\" width=\"720\" height=\"540\" data-id=\"2014\" src=\"https:\/\/taizyagromachine.com\/wp-content\/uploads\/2022\/02\/electric-start-device-walking-tractor.jpg\" alt=\"Elektrostartvorrichtung \u2013 Einachsschlepper\" class=\"wp-image-2014\" srcset=\"https:\/\/taizyagromachine.com\/wp-content\/uploads\/2022\/02\/electric-start-device-walking-tractor.jpg 720w, https:\/\/taizyagromachine.com\/wp-content\/uploads\/2022\/02\/electric-start-device-walking-tractor-300x225.jpg 300w\" sizes=\"auto, (max-width: 720px) 100vw, 720px\" \/><figcaption class=\"wp-element-caption\">Elektrostartvorrichtung \u2013 Einachsschlepper<\/figcaption><\/figure>    <figure class=\"wp-block-image size-large\"><img loading=\"lazy\" decoding=\"async\" width=\"720\" height=\"540\" data-id=\"2012\" src=\"https:\/\/taizyagromachine.com\/wp-content\/uploads\/2022\/02\/water-pump-hand-tractor.jpg\" alt=\"Wasserpumpe\" class=\"wp-image-2012\" srcset=\"https:\/\/taizyagromachine.com\/wp-content\/uploads\/2022\/02\/water-pump-hand-tractor.jpg 720w, https:\/\/taizyagromachine.com\/wp-content\/uploads\/2022\/02\/water-pump-hand-tractor-300x225.jpg 300w\" sizes=\"auto, (max-width: 720px) 100vw, 720px\" \/><figcaption class=\"wp-element-caption\">Wasserpumpe<\/figcaption><\/figure> <\/figure>    <h2 class=\"wp-block-heading\" id=\"walking-tractor-attachments\">Anbauger\u00e4te f\u00fcr Einachsschlepper<\/h2>    <p>Als professioneller Hersteller und Lieferant von Landmaschinen k\u00f6nnen wir Ihnen verschiedene Kollokationen zeigen.<\/p>    <h3 class=\"wp-block-heading\" id=\"walking-type-tractor-with-rovatator\">Einachsschlepper mit Rotovator<\/h3>    <p>Wenn diese beiden zusammenwirken, ist es f\u00fcr wasserhaltige Felder und Ackerland geeignet. Auf dem Bild k\u00f6nnen wir auch deutlich erkennen, dass es sich um ein Sitzdesign handelt, das bequeme Bedingungen f\u00fcr die Benutzer schafft.<\/p>   <div class=\"wp-block-image\"> <figure class=\"aligncenter size-full\"><img loading=\"lazy\" decoding=\"async\" width=\"720\" height=\"540\" src=\"https:\/\/taizyagromachine.com\/wp-content\/uploads\/2022\/02\/walking-type-tractor-with-rotavator.jpg\" alt=\"Schreittraktor mit Rotovator\" class=\"wp-image-2006\" srcset=\"https:\/\/taizyagromachine.com\/wp-content\/uploads\/2022\/02\/walking-type-tractor-with-rotavator.jpg 720w, https:\/\/taizyagromachine.com\/wp-content\/uploads\/2022\/02\/walking-type-tractor-with-rotavator-300x225.jpg 300w\" sizes=\"auto, (max-width: 720px) 100vw, 720px\" \/><figcaption class=\"wp-element-caption\">Schreittraktor mit Rotovator<\/figcaption><\/figure> <\/div>   <h3 class=\"wp-block-heading\" id=\"2-wheel-drive-tractor-with-double-disc-plough\">Traktor mit Zweiradantrieb und Doppelscheibenpflug<\/h3>    <p>Doppelscheibenpfl\u00fcge dienen haupts\u00e4chlich der Bodenbearbeitung von Trockengebieten. Diese Kombination bietet die Vorteile einer einfachen Bedienung, einer hohen Geschwindigkeit und einer hohen Effizienz.<\/p>   <div class=\"wp-block-image\"> <figure class=\"aligncenter size-full\"><img loading=\"lazy\" decoding=\"async\" width=\"720\" height=\"540\" src=\"https:\/\/taizyagromachine.com\/wp-content\/uploads\/2022\/02\/2-wheel-rive-tractor-with-double-disc-plough.jpg\" alt=\"Traktor mit Zweiradantrieb und Doppelscheibenpflug\" class=\"wp-image-2007\" srcset=\"https:\/\/taizyagromachine.com\/wp-content\/uploads\/2022\/02\/2-wheel-rive-tractor-with-double-disc-plough.jpg 720w, https:\/\/taizyagromachine.com\/wp-content\/uploads\/2022\/02\/2-wheel-rive-tractor-with-double-disc-plough-300x225.jpg 300w\" sizes=\"auto, (max-width: 720px) 100vw, 720px\" \/><figcaption class=\"wp-element-caption\">Traktor mit Zweiradantrieb und Doppelscheibenpflug<\/figcaption><\/figure> <\/div>   <h3 class=\"wp-block-heading\" id=\"hand-tractor-with-double-plough\">Handschlepper mit Doppelpflug<\/h3>    <p>Der Handschlepper mit Doppelpflug wird h\u00e4ufig auf trockenen Feldern zum Wenden und Auflockern des Bodens eingesetzt.<\/p>   <div class=\"wp-block-image\"> <figure class=\"aligncenter size-full\"><img loading=\"lazy\" decoding=\"async\" width=\"720\" height=\"540\" src=\"https:\/\/taizyagromachine.com\/wp-content\/uploads\/2022\/02\/hand-tractor-with-double-plough.jpg\" alt=\"Handschlepper mit Doppelpflug\" class=\"wp-image-2009\" srcset=\"https:\/\/taizyagromachine.com\/wp-content\/uploads\/2022\/02\/hand-tractor-with-double-plough.jpg 720w, https:\/\/taizyagromachine.com\/wp-content\/uploads\/2022\/02\/hand-tractor-with-double-plough-300x225.jpg 300w\" sizes=\"auto, (max-width: 720px) 100vw, 720px\" \/><figcaption class=\"wp-element-caption\">Handschlepper mit Doppelpflug<\/figcaption><\/figure> <\/div>   <h3 class=\"wp-block-heading\" id=\"two-wheel-drive-tractor-with-paddy-wheel\">Traktor mit Zweiradantrieb und Paddy-Rad<\/h3>    <p>Diese Art von Einachstraktor mit Reisrad ist haupts\u00e4chlich f\u00fcr die Reisfelder geeignet. Dieses Reisrad eignet sich hervorragend f\u00fcr das Gehen auf wasserreichen Feldern und ist nicht im Gel\u00e4nde steckengeblieben.<\/p>   <div class=\"wp-block-image\"> <figure class=\"aligncenter size-full\"><img loading=\"lazy\" decoding=\"async\" width=\"720\" height=\"540\" src=\"https:\/\/taizyagromachine.com\/wp-content\/uploads\/2022\/02\/two-whell-drive-tractor-with-paddy-wheel.jpg\" alt=\"Traktor mit Zweiradantrieb und Paddy-Rad\" class=\"wp-image-2010\" srcset=\"https:\/\/taizyagromachine.com\/wp-content\/uploads\/2022\/02\/two-whell-drive-tractor-with-paddy-wheel.jpg 720w, https:\/\/taizyagromachine.com\/wp-content\/uploads\/2022\/02\/two-whell-drive-tractor-with-paddy-wheel-300x225.jpg 300w\" sizes=\"auto, (max-width: 720px) 100vw, 720px\" \/><figcaption class=\"wp-element-caption\">Traktor mit Zweiradantrieb und Paddy-Rad<\/figcaption><\/figure> <\/div>   <h2 class=\"wp-block-heading\" id=\"successful-case-hand-tractor-exported-to-mauritius-and-south-africa\"><strong>Erfolgreicher Fall: Handtraktor nach Mauritius und S\u00fcdafrika exportiert<\/strong><strong><\/strong><\/h2>    <p>Tats\u00e4chlich ist dieser handgef\u00fchrte Traktor auf der ganzen Welt sehr beliebt. Aufgrund der Einfachheit hat der Zweiradtraktor seine Preisst\u00e4rke. Dar\u00fcber hinaus verf\u00fcgt es \u00fcber mehrere Funktionen mit unterschiedlichen Maschinen. Es gibt also breite M\u00e4rkte. Unsere Vertriebsleiterin Coco bekam Angebotseinladungen aus Mauritius bzw. S\u00fcdafrika. Da Schreittraktoren als Antriebsquelle dienen und mit unterschiedlichen Maschinen arbeiten k\u00f6nnen, bestellten Kunden in Mauritius und S\u00fcdafrika nicht nur Handtraktoren, sondern auch Wasserpumpen, Pfl\u00fcge, H\u00e4ufler, Paddy-R\u00e4der, elektrische Feueranz\u00fcnder usw. Wir packten Maschinen hinein Holzkisten wurden in Holzkisten verpackt, in Container verladen und auf dem Seeweg nach Mauritius und S\u00fcdafrika exportiert. Gerne k\u00f6nnen Sie uns f\u00fcr weitere Informationen kontaktieren!<\/p>   <div class=\"wp-block-image\"> <figure class=\"aligncenter size-full\"><img loading=\"lazy\" decoding=\"async\" width=\"720\" height=\"540\" src=\"https:\/\/taizyagromachine.com\/wp-content\/uploads\/2022\/02\/pack-walking-tractor-into-wooden-cases.jpg\" alt=\"Packen Sie den Handtraktor in Holzkisten\" class=\"wp-image-2004\" srcset=\"https:\/\/taizyagromachine.com\/wp-content\/uploads\/2022\/02\/pack-walking-tractor-into-wooden-cases.jpg 720w, https:\/\/taizyagromachine.com\/wp-content\/uploads\/2022\/02\/pack-walking-tractor-into-wooden-cases-300x225.jpg 300w\" sizes=\"auto, (max-width: 720px) 100vw, 720px\" \/><figcaption class=\"wp-element-caption\">Laden Sie den Handtraktor in Holzkisten in den Container<\/figcaption><\/figure> <\/div>   <figure class=\"wp-block-embed is-type-video is-provider-youtube wp-block-embed-youtube wp-embed-aspect-16-9 wp-has-aspect-ratio\"><div class=\"wp-block-embed__wrapper\"> <iframe loading=\"lazy\" title=\"Handgef\u00fchrter Traktor mit Erntemaschine f\u00fcr die Ernte von Erdn\u00fcssen und Kartoffeln | Erdnussernteausr\u00fcstung\" width=\"500\" height=\"281\" src=\"https:\/\/www.youtube.com\/embed\/DzLEq9Kn4m4?feature=oembed\" frameborder=\"0\" allow=\"accelerometer; autoplay; clipboard-write; encrypted-media; gyroscope; picture-in-picture; web-share\" referrerpolicy=\"strict-origin-when-cross-origin\" allowfullscreen><\/iframe> <\/div><figcaption class=\"wp-element-caption\">Video von Handtraktor mit Erntemaschine<\/figcaption><\/figure>","protected":false},"excerpt":{"rendered":"<p>Walking type tractor&nbsp;is an essential 2 wheel farm walking tractor, capable of operating many different implements. Walk-behind tractor supplies the power sources, widely used worldwide. The hand tractor has advantages of multi functions, easy operation, compact structure. Besides, this walking tractor can match with the different equipment, like plough, ridger, planter, water pump, etc. The [&hellip;]<\/p>\n","protected":false},"author":1,"featured_media":2159,"parent":0,"template":"","tags":[],"product-type":[22],"class_list":["post-2002","product","type-product","status-publish","has-post-thumbnail","hentry","product-type-others"],"_links":{"self":[{"href":"https:\/\/taizyagromachine.com\/de\/wp-json\/wp\/v2\/product\/2002","targetHints":{"allow":["GET"]}}],"collection":[{"href":"https:\/\/taizyagromachine.com\/de\/wp-json\/wp\/v2\/product"}],"about":[{"href":"https:\/\/taizyagromachine.com\/de\/wp-json\/wp\/v2\/types\/product"}],"author":[{"embeddable":true,"href":"https:\/\/taizyagromachine.com\/de\/wp-json\/wp\/v2\/users\/1"}],"wp:featuredmedia":[{"embeddable":true,"href":"https:\/\/taizyagromachine.com\/de\/wp-json\/wp\/v2\/media\/2159"}],"wp:attachment":[{"href":"https:\/\/taizyagromachine.com\/de\/wp-json\/wp\/v2\/media?parent=2002"}],"wp:term":[{"taxonomy":"post_tag","embeddable":true,"href":"https:\/\/taizyagromachine.com\/de\/wp-json\/wp\/v2\/tags?post=2002"},{"taxonomy":"product-type","embeddable":true,"href":"https:\/\/taizyagromachine.com\/de\/wp-json\/wp\/v2\/product-type?post=2002"}],"curies":[{"name":"wp","href":"https:\/\/api.w.org\/{rel}","templated":true}]}}