{"id":2019,"date":"2022-02-11T06:41:24","date_gmt":"2022-02-11T06:41:24","guid":{"rendered":"https:\/\/taizyagromachine.com\/"},"modified":"2025-01-02T13:52:41","modified_gmt":"2025-01-02T05:52:41","slug":"small-groundnut-harvester","status":"publish","type":"product","link":"https:\/\/taizyagromachine.com\/de\/product\/small-groundnut-harvester\/","title":{"rendered":"Erdnusserntemaschine | Erdnussernteausr\u00fcstung"},"content":{"rendered":"<p class=\"translation-block\"><strong>Erdnuss-Erntemaschine<\/strong> ist die ideale Ausr\u00fcstung zur Trennung von Erdnussfr\u00fcchten vom Boden. \u00dcblicherweise wird die Erdnuss-Erntemaschine am Traktor montiert und bearbeitet die Felder. Au\u00dferdem hat diese Erdnuss-Erntemaschine eine gute Kapazit\u00e4t von 0,3-0,5 Hektar pro Stunde. Die Pfl\u00fcckrate der Erdnuss-Erntemaschine betr\u00e4gt ebenfalls \u226598%, w\u00e4hrend die Bruchrate \u22641% betr\u00e4gt. Wir alle wissen, dass die Erdnuss unter der Erde mit etwas Erde verbunden ist. Und die Erdnuss-Erntemaschine hat eine Reinigungsrate von \u00fcber 95%. Daher ist dieser Erdnuss-Ausgr\u00e4ber auf dem Markt f\u00fcr Erdnussmaschinen beliebt. Wir freuen uns auf Ihre Anfrage!<\/p>    <h2 class=\"wp-block-heading\" id=\"characteristics-of-peanut-harvester-for-sale\"><strong>Eigenschaften der zum Verkauf stehenden Erdnussernteausr\u00fcstung<\/strong><\/h2>    <ul class=\"wp-block-list\" type=\"1\"> <li>Einfache Struktur, einfache Bedienung, hohe Effizienz.<\/li>    <li>Die Walze sch\u00fctzt die Erdnusspflanzen vor dem Einsinken im Boden und erleichtert das Umgraben.<\/li>    <li>Der Abschr\u00e4gungswinkel kann Erdn\u00fcsse auf einer Seite versprechen.<\/li>    <li>Die Gelenkwelle der Erdnusserntemaschine wird mit dem Aufh\u00e4ngungsgest\u00e4nge am Traktor befestigt und verf\u00fcgt \u00fcber eine Richtungsverstellung, um die S\u00e4gez\u00e4hne anzutreiben.<\/li>    <li>Die \u00dcbertragungswelle dient der \u00dcbertragung der Erdnussfr\u00fcchte.<\/li> <\/ul>    <figure class=\"wp-block-gallery has-nested-images columns-default is-cropped wp-block-gallery-2 is-layout-flex wp-block-gallery-is-layout-flex\"> <figure class=\"wp-block-image size-full\"><img loading=\"lazy\" decoding=\"async\" width=\"720\" height=\"540\" data-id=\"2025\" src=\"https:\/\/taizyagromachine.com\/wp-content\/uploads\/2022\/02\/transmission-shaft-ground-nut-harvesting-machine.jpg\" alt=\"Getriebewelle\" class=\"wp-image-2025\" srcset=\"https:\/\/taizyagromachine.com\/wp-content\/uploads\/2022\/02\/transmission-shaft-ground-nut-harvesting-machine.jpg 720w, https:\/\/taizyagromachine.com\/wp-content\/uploads\/2022\/02\/transmission-shaft-ground-nut-harvesting-machine-300x225.jpg 300w\" sizes=\"auto, (max-width: 720px) 100vw, 720px\" \/><figcaption class=\"wp-element-caption\">Getriebewelle<\/figcaption><\/figure>    <figure class=\"wp-block-image size-large\"><img loading=\"lazy\" decoding=\"async\" width=\"720\" height=\"540\" data-id=\"2023\" src=\"https:\/\/taizyagromachine.com\/wp-content\/uploads\/2022\/02\/vebel-angle-and-roller-peanut-harvest.jpg\" alt=\"Fasenwinkel und Rolle\" class=\"wp-image-2023\" srcset=\"https:\/\/taizyagromachine.com\/wp-content\/uploads\/2022\/02\/vebel-angle-and-roller-peanut-harvest.jpg 720w, https:\/\/taizyagromachine.com\/wp-content\/uploads\/2022\/02\/vebel-angle-and-roller-peanut-harvest-300x225.jpg 300w\" sizes=\"auto, (max-width: 720px) 100vw, 720px\" \/><figcaption class=\"wp-element-caption\">Fasenwinkel und Rolle<\/figcaption><\/figure> <\/figure>    <h2 class=\"wp-block-heading\" id=\"principle-of-groundnut-harvesting-machine\"><strong>Prinzip der Erdnusserntemaschine<\/strong><\/h2>    <p>Diese neue Art von Erdnusserntemaschine nutzt das Vibrationssiebprinzip, sch\u00fcttelt den Boden sauber und legt die Erdn\u00fcsse sauber auf eine Seite. Diese Erdnusserntemaschine erf\u00fcllt also den Zweck, die Erdnuss vom Boden zu trennen und den Erdnusskeimling ordentlich auf einer Seite auszusortieren. &nbsp;<\/p>   <div class=\"wp-block-image\"> <figure class=\"aligncenter size-full\"><img loading=\"lazy\" decoding=\"async\" width=\"720\" height=\"540\" src=\"https:\/\/taizyagromachine.com\/wp-content\/uploads\/2022\/02\/vibratimg-screen-peanut-harvester.jpg\" alt=\"Vibrationssieb\" class=\"wp-image-2021\" srcset=\"https:\/\/taizyagromachine.com\/wp-content\/uploads\/2022\/02\/vibratimg-screen-peanut-harvester.jpg 720w, https:\/\/taizyagromachine.com\/wp-content\/uploads\/2022\/02\/vibratimg-screen-peanut-harvester-300x225.jpg 300w\" sizes=\"auto, (max-width: 720px) 100vw, 720px\" \/><figcaption class=\"wp-element-caption\">Vibrationssieb<\/figcaption><\/figure> <\/div>   <h2 class=\"wp-block-heading\" id=\"advantages-of-groundnut-harvester\"><strong>Vorteile der Erdnusserntemaschine<\/strong><\/h2>    <ol class=\"wp-block-list\" type=\"1\"> <li>Diese automatische Erdnusserntemaschine hat eine hohe Ernterate von \u226598% und ist daher hocheffizient.<\/li>    <li>Unser kleiner Erdnussgr\u00e4ber verf\u00fcgt \u00fcber zwei Patente, ein Gebrauchsmuster und ein vom National genehmigtes Au\u00dfendesign&nbsp;<a href=\"https:\/\/en.wikipedia.org\/wiki\/Patent_office\" target=\"_blank\" rel=\"noreferrer noopener\">Patentamt<\/a>.<\/li>    <li>Bei der von einem Erdnusstraktor angetriebenen Erntemaschine l\u00e4uft der Traktor schneller als selbstfahrend, ohne zu zittern, kann schnell gestapelt und entladen werden und wird nicht durch Gr\u00e4ser blockiert.<\/li> <\/ol>    <h2 class=\"wp-block-heading\" id=\"successful-case-hanging-peanut-harvest-equipment-to-botswana\"><strong>Erfolgreicher Fall: H\u00e4ngende Erdnuss-Ernteausr\u00fcstung nach Botswana verschifft<\/strong> <\/h2>    <p class=\"translation-block\">Ein Kunde aus Botswana kontaktierte uns, nachdem er einen Artikel auf unserer Taizy Agro Machine Website gelesen hatte. Unsere professionelle Vertriebsleiterin Emily beantwortete ihn. Durch die Kommunikation erfuhren wir, dass er ein gro\u00dfes Feld mit Erdn\u00fcssen gepflanzt hatte und seine Anforderung eine Traktor-Erdnuss-Erntemaschine war. Also empfahl ihm Emily diese kleine Erdnuss-Erntemaschine, die 0,3-0,5 Hektar pro Stunde ernten kann. Er bestellte sofort bei uns, nachdem er das Video und die Bilder der Erdnuss-Erntemaschine gesehen hatte. Au\u00dferdem haben wir Erdnuss-Aussaatmaschinen, Erdnuss-Pfl\u00fccker und <a href=\"https:\/\/taizyagromachine.com\/de\/peanut-machine\/peanut-sheller\/\" target=\"_blank\" rel=\"noreferrer noopener\">Erdnuss-Sch\u00e4lmaschinen<\/a> zum Verkauf. Er kann je nach Bedarf w\u00e4hlen. Zum Schluss verpackten wir die Maschine und sie erreichte ihr Ziel auf dem Seeweg.<\/p>   <div class=\"wp-block-image\"> <figure class=\"aligncenter size-full\"><img loading=\"lazy\" decoding=\"async\" width=\"720\" height=\"220\" src=\"https:\/\/taizyagromachine.com\/wp-content\/uploads\/2022\/02\/packing-loading-shipping-groundnut-harvester.jpg\" alt=\"Verpackung, Verladung, Versand \u2013 Erdnusserntemaschine\" class=\"wp-image-2022\" srcset=\"https:\/\/taizyagromachine.com\/wp-content\/uploads\/2022\/02\/packing-loading-shipping-groundnut-harvester.jpg 720w, https:\/\/taizyagromachine.com\/wp-content\/uploads\/2022\/02\/packing-loading-shipping-groundnut-harvester-300x92.jpg 300w\" sizes=\"auto, (max-width: 720px) 100vw, 720px\" \/><figcaption class=\"wp-element-caption\">Verpackung, Verladung, Versand <\/figcaption><\/figure> <\/div>   <h2 class=\"wp-block-heading\"><strong>Video der Erdnuss-Erdnuss-Erntemaschine<\/strong><\/h2>    <figure class=\"wp-block-embed is-type-video is-provider-youtube wp-block-embed-youtube wp-embed-aspect-16-9 wp-has-aspect-ratio\"><div class=\"wp-block-embed__wrapper\"> <iframe loading=\"lazy\" title=\"Erdnuss-Erntemaschine \u2013 Ernteausr\u00fcstung f\u00fcr Erdn\u00fcsse zu verkaufen, 2023 #peanut\" width=\"500\" height=\"281\" src=\"https:\/\/www.youtube.com\/embed\/SPkTTtFYb6k?feature=oembed\" frameborder=\"0\" allow=\"accelerometer; autoplay; clipboard-write; encrypted-media; gyroscope; picture-in-picture; web-share\" referrerpolicy=\"strict-origin-when-cross-origin\" allowfullscreen><\/iframe> <\/div><\/figure>","protected":false},"excerpt":{"rendered":"<p>Groundnut harvester&nbsp;is the ideal equipment for the purpose of separating peanut fruit from the soil. Commonly, the peanut harvester is mounted with the tractor, working the fields. Besides, this peanut harvesting machine has a good capacity of 0.3-0.5 acres per hour. Also, the picking rate of the groundnut harvesting machine is \u226598%, while the breaking [&hellip;]<\/p>\n","protected":false},"author":1,"featured_media":2151,"parent":0,"template":"","tags":[],"product-type":[21],"class_list":["post-2019","product","type-product","status-publish","has-post-thumbnail","hentry","product-type-peanut-machine"],"_links":{"self":[{"href":"https:\/\/taizyagromachine.com\/de\/wp-json\/wp\/v2\/product\/2019","targetHints":{"allow":["GET"]}}],"collection":[{"href":"https:\/\/taizyagromachine.com\/de\/wp-json\/wp\/v2\/product"}],"about":[{"href":"https:\/\/taizyagromachine.com\/de\/wp-json\/wp\/v2\/types\/product"}],"author":[{"embeddable":true,"href":"https:\/\/taizyagromachine.com\/de\/wp-json\/wp\/v2\/users\/1"}],"wp:featuredmedia":[{"embeddable":true,"href":"https:\/\/taizyagromachine.com\/de\/wp-json\/wp\/v2\/media\/2151"}],"wp:attachment":[{"href":"https:\/\/taizyagromachine.com\/de\/wp-json\/wp\/v2\/media?parent=2019"}],"wp:term":[{"taxonomy":"post_tag","embeddable":true,"href":"https:\/\/taizyagromachine.com\/de\/wp-json\/wp\/v2\/tags?post=2019"},{"taxonomy":"product-type","embeddable":true,"href":"https:\/\/taizyagromachine.com\/de\/wp-json\/wp\/v2\/product-type?post=2019"}],"curies":[{"name":"wp","href":"https:\/\/api.w.org\/{rel}","templated":true}]}}