{"id":2028,"date":"2022-02-14T07:07:09","date_gmt":"2022-02-14T07:07:09","guid":{"rendered":"https:\/\/taizyagromachine.com\/"},"modified":"2024-01-03T17:49:47","modified_gmt":"2024-01-03T09:49:47","slug":"animal-feed-pellet-machine","status":"publish","type":"product","link":"https:\/\/taizyagromachine.com\/de\/product\/animal-feed-pellet-machine\/","title":{"rendered":"Tierfutterpelletmaschine f\u00fcr Rinder, H\u00fchnervieh"},"content":{"rendered":"<p class=\"translation-block\"><strong>Futtermittel-Pelletmaschine<\/strong> produziert speziell Futtermittel f\u00fcr Rinder, Ziegen und Gefl\u00fcgel wie H\u00fchner und Enten. Diese Pelletpresse hat eine einfache Struktur, stabile Leistung und einfache Bedienung. Au\u00dferdem sind die Rohstoffe f\u00fcr die Futtermittel-Pelletmaschine Gras und Getreide wie Mais, Sojabohnen, Reish\u00fclsen und andere. <\/p>    <p>Dar\u00fcber hinaus wurde unsere Futterpelletm\u00fchle in viele L\u00e4nder und Regionen exportiert und erfreut sich bei unseren Kunden gro\u00dfer Beliebtheit. Aufgrund der kleinen Futterpelletmaschine sind beliebte L\u00e4nder die Philippinen, Nigeria, Pakistan, Malaysia, Nepal, Australien, Ghana usw. Wir freuen uns auf Ihre Anfragen!<\/p>    <figure class=\"wp-block-embed is-type-video is-provider-youtube wp-block-embed-youtube wp-embed-aspect-16-9 wp-has-aspect-ratio\"><div class=\"wp-block-embed__wrapper\"> <iframe loading=\"lazy\" title=\"Pelletm\u00fchle f\u00fcr Tierfutter \u2013 Wie kann man trockenes Gras zur Herstellung von Pellets als Tierfutter verwenden? #animalfeed #Pellets\" width=\"500\" height=\"281\" src=\"https:\/\/www.youtube.com\/embed\/0ziMguB0ahU?feature=oembed\" frameborder=\"0\" allow=\"accelerometer; autoplay; clipboard-write; encrypted-media; gyroscope; picture-in-picture; web-share\" referrerpolicy=\"strict-origin-when-cross-origin\" allowfullscreen><\/iframe> <\/div><figcaption class=\"wp-element-caption\">Video zur Tierfutterherstellungsmaschine<\/figcaption><\/figure>    <h2 class=\"wp-block-heading\" id=\"technical-specifications-of-animal-feed-pellet-machine\"><strong>Technische Spezifikationen der Futterpelletmaschine<\/strong><\/h2>    <p>Der Preis f\u00fcr die Maschine zur Herstellung von Tierfutter variiert je nach Konfiguration. Wir klassifizieren das Maschinenmodell nach dem Durchmesser der Formanlage. Zusammen mit der gr\u00f6\u00dferen Formplatte erh\u00f6ht sich die Kapazit\u00e4t. <\/p>    <p>Au\u00dferdem empfehlen wir bei gr\u00f6\u00dferer Kapazit\u00e4t den Elektromotor oder Dieselmotor. F\u00fcr weitere Informationen k\u00f6nnen Sie uns kontaktieren. Wir werden uns sehr bald bei Ihnen melden.<\/p>    <figure class=\"wp-block-table is-style-stripes\"><table><tbody><tr><td>Modell&nbsp;<\/td><td>Kapazit\u00e4t<\/td><td>Leistung<\/td><td>Formplattendurchmesser<\/td><td>Gr\u00f6\u00dfe<\/td><td>Gewicht<\/td><\/tr><tr><td>KL-120<\/td><td>120kg\/h<\/td><td>3 kW<\/td><td>120mm<\/td><td>750*320*610mm<\/td><td>100kg<\/td><\/tr><tr><td>KL-150<\/td><td>150kg\/h<\/td><td>3 kW<\/td><td>150mm<\/td><td>750*350*650mm<\/td><td>190kg<\/td><\/tr><tr><td>KL-210<\/td><td>400kg\/h<\/td><td>7,5 kW<\/td><td>210mm<\/td><td>1000*450*960mm<\/td><td>230kg<\/td><\/tr><tr><td>KBL-260<\/td><td>800kg\/h<\/td><td>15 kW<\/td><td>260mm<\/td><td>1460*460*1150mm<\/td><td>360kg<\/td><\/tr><tr><td>KBL-300<\/td><td>1000-1200 kg\/h<\/td><td>22 kW<\/td><td>300mm<\/td><td>1360*570*1150mm<\/td><td>450kg<\/td><\/tr><\/tbody><\/table><figcaption class=\"wp-element-caption\">Technische Parameter der Tierfutterherstellungsmaschine<\/figcaption><\/figure>    <figure class=\"wp-block-embed is-type-video is-provider-youtube wp-block-embed-youtube wp-embed-aspect-16-9 wp-has-aspect-ratio\"><div class=\"wp-block-embed__wrapper\"> <iframe loading=\"lazy\" title=\"Hot Sale Futterpelletm\u00fchle f\u00fcr Gefl\u00fcgelfutter, Viehfutter, Kaninchenfutter: Maschine zur Herstellung von Tierfutter\" width=\"500\" height=\"281\" src=\"https:\/\/www.youtube.com\/embed\/9AQQHeaSnsM?start=11&#038;feature=oembed\" frameborder=\"0\" allow=\"accelerometer; autoplay; clipboard-write; encrypted-media; gyroscope; picture-in-picture; web-share\" referrerpolicy=\"strict-origin-when-cross-origin\" allowfullscreen><\/iframe> <\/div><figcaption class=\"wp-element-caption\">Arbeitsvideo zur Pelletmaschine f\u00fcr Tierfutter<\/figcaption><\/figure>    <h2 class=\"wp-block-heading\" id=\"reasonable-structure-of-feed-pelleting-machine\"><strong>Angemessene Struktur der Futterpelletmaschine<\/strong><\/h2>    <p>Als professioneller Hersteller und Lieferant von Futterpelletmaschinen entwickeln Techniker die Futterpelletmaschine f\u00fcr den Markt. Es besteht aus dem Einf\u00fclltrichter, der Arbeitskammer, dem Antriebssystem und dem Getriebe.<\/p>    <p>In der Arbeitskammer sind die Walze und die Formplatte die Verschlei\u00dfteile.<\/p>   <div class=\"wp-block-image\"> <figure class=\"aligncenter size-full\"><img loading=\"lazy\" decoding=\"async\" width=\"720\" height=\"540\" src=\"https:\/\/taizyagromachine.com\/wp-content\/uploads\/2022\/02\/structure-animal-feed-pellet-mill.jpg\" alt=\"Struktur-H\u00fchnerfutter-Pelletm\u00fchle zu verkaufen\" class=\"wp-image-2051\" srcset=\"https:\/\/taizyagromachine.com\/wp-content\/uploads\/2022\/02\/structure-animal-feed-pellet-mill.jpg 720w, https:\/\/taizyagromachine.com\/wp-content\/uploads\/2022\/02\/structure-animal-feed-pellet-mill-300x225.jpg 300w\" sizes=\"auto, (max-width: 720px) 100vw, 720px\" \/><figcaption class=\"wp-element-caption\">Struktur einer Pelletm\u00fchle f\u00fcr Tierfutter zu verkaufen<\/figcaption><\/figure> <\/div>   <h2 class=\"wp-block-heading\" id=\"working-principle-of-animal-feed-pellet-machine\"><strong>Funktionsprinzip der Tierfutterpelletmaschine<\/strong><strong><\/strong><\/h2>    <p>Die Arbeitskammer ist der Geist des Tierfuttergranulators. Es verf\u00fcgt \u00fcber eine Andruckrolle, eine Formplatte und einen Schneider. Der Mahlvorschub und die Pelletl\u00e4nge k\u00f6nnen angepasst werden.<\/p>   <div class=\"wp-block-image\"> <figure class=\"aligncenter size-full\"><img loading=\"lazy\" decoding=\"async\" width=\"720\" height=\"540\" src=\"https:\/\/taizyagromachine.com\/wp-content\/uploads\/2022\/02\/roller-and-mill-plate-of-animal-feed-pelllet-machine.jpg\" alt=\"Walzen-und-M\u00fchle-Platte-von-Tierfutter-Pellet-Maschine\" class=\"wp-image-2056\" srcset=\"https:\/\/taizyagromachine.com\/wp-content\/uploads\/2022\/02\/roller-and-mill-plate-of-animal-feed-pelllet-machine.jpg 720w, https:\/\/taizyagromachine.com\/wp-content\/uploads\/2022\/02\/roller-and-mill-plate-of-animal-feed-pelllet-machine-300x225.jpg 300w\" sizes=\"auto, (max-width: 720px) 100vw, 720px\" \/><figcaption class=\"wp-element-caption\">Walze und Mahlplatte<\/figcaption><\/figure> <\/div>   <p>Geben Sie zun\u00e4chst die Rohstoffe in den Futterbeh\u00e4lter. Sie fallen auf einen Satz rotierender Rollen \u00fcber der Formplatte.<\/p>    <p>Anschlie\u00dfend werden die Materialien zwischen der Oberfl\u00e4che der Formplatte und den rotierenden Walzen zusammengedr\u00fcckt. Pellets kommen aus der Matrize und werden mit einem scharfen Messer in bestimmte L\u00e4ngen geschnitten. &nbsp;<\/p>    <figure class=\"wp-block-embed is-type-video is-provider-youtube wp-block-embed-youtube wp-embed-aspect-16-9 wp-has-aspect-ratio\"><div class=\"wp-block-embed__wrapper\"> <iframe loading=\"lazy\" title=\"Verwandeln Sie Maisk\u00f6rner in Premium-Tierfutterpellets! \ud83c\udf3d\ud83d\udc13 Pelletmaschine f\u00fcr Tierfutter zu verkaufen\" width=\"500\" height=\"281\" src=\"https:\/\/www.youtube.com\/embed\/F8roiuXcgoc?feature=oembed\" frameborder=\"0\" allow=\"accelerometer; autoplay; clipboard-write; encrypted-media; gyroscope; picture-in-picture; web-share\" referrerpolicy=\"strict-origin-when-cross-origin\" allowfullscreen><\/iframe> <\/div><figcaption class=\"wp-element-caption\">Herstellung von Tierfutter aus Mais<\/figcaption><\/figure>    <h2 class=\"wp-block-heading\" id=\"features-of-animal-feed-pellet-machine\"><strong>Merkmale der zum Verkauf stehenden Tierfutterpelletmaschine<\/strong><\/h2>    <ul class=\"wp-block-list\"> <li><strong>Drei Stromquellen<\/strong>. Es stehen Elektromotor, Dieselmotor und Benzinmotor zur Verf\u00fcgung. Diese Flachmatrizen-Pelletm\u00fchle kann \u00fcberall auf der Welt eingesetzt werden, besonders beliebt in Gebieten mit knapper Stromversorgung.<\/li>    <li><strong>Einfach zu bedienen und zu reinigen<\/strong>. Nur\u00a01\u00a0oder\u00a02\u00a0Mitarbeiter\u00a0reichen aus.<\/li>    <li>Ersatzteile sind einfach auszutauschen und die Kosten f\u00fcr Walze und Matrizen sind geringer.<\/li>    <li>Kompakte Struktur und geringes Gewicht, bequem zu bewegen und f\u00fcr die Produktion kleiner Pellets geeignet.<\/li>    <li>Einheitliche Pelletzusammensetzung und saubere Form.\u00a0Der Partikeldurchmesser kann unterteilt werden in: \u03c62, \u03c62,5, \u03c63, \u03c63,5, \u03c64, \u03c65, \u03c66, \u03c67, \u03c68 usw.<\/li> <\/ul>    <figure class=\"wp-block-gallery has-nested-images columns-default is-cropped wp-block-gallery-2 is-layout-flex wp-block-gallery-is-layout-flex\"> <figure class=\"wp-block-image size-large\"><img loading=\"lazy\" decoding=\"async\" width=\"720\" height=\"540\" data-id=\"2052\" src=\"https:\/\/taizyagromachine.com\/wp-content\/uploads\/2022\/02\/animal-feed-pellet-machine-with-motor.jpg\" alt=\"Futterpelletm\u00fchle mit Motor\" class=\"wp-image-2052\" srcset=\"https:\/\/taizyagromachine.com\/wp-content\/uploads\/2022\/02\/animal-feed-pellet-machine-with-motor.jpg 720w, https:\/\/taizyagromachine.com\/wp-content\/uploads\/2022\/02\/animal-feed-pellet-machine-with-motor-300x225.jpg 300w\" sizes=\"auto, (max-width: 720px) 100vw, 720px\" \/><figcaption class=\"wp-element-caption\">Futterpelletm\u00fchle mit Motor<\/figcaption><\/figure>    <figure class=\"wp-block-image size-large\"><img loading=\"lazy\" decoding=\"async\" width=\"720\" height=\"540\" data-id=\"2053\" src=\"https:\/\/taizyagromachine.com\/wp-content\/uploads\/2022\/02\/feed-pellet-mill-with-diesel.jpg\" alt=\"Futterpelletm\u00fchle mit Dieselmotor\" class=\"wp-image-2053\" srcset=\"https:\/\/taizyagromachine.com\/wp-content\/uploads\/2022\/02\/feed-pellet-mill-with-diesel.jpg 720w, https:\/\/taizyagromachine.com\/wp-content\/uploads\/2022\/02\/feed-pellet-mill-with-diesel-300x225.jpg 300w\" sizes=\"auto, (max-width: 720px) 100vw, 720px\" \/><figcaption class=\"wp-element-caption\">Futterpelletm\u00fchle mit Dieselmotor<\/figcaption><\/figure> <\/figure>    <h2 class=\"wp-block-heading\" id=\"applications-of-animal-feed-pelleting-machine\"><strong>Anwendungen der Pelletiermaschine f\u00fcr Tierfutter<\/strong><strong><\/strong><\/h2>    <p>Diese Maschine zur Herstellung von Futterpellets kann Mais, Reish\u00fclsen, Baumwollst\u00e4ngel, Baumwollsamenh\u00e4ute, Weizenkleie und alle Arten von Getreidepulver usw. verwenden. Nach der Verarbeitung durch diese Maschine zur Herstellung von Futterpellets kann sie zur Zucht von Rindern, Ziegen, Schweinen, H\u00fchnern usw. verwendet werden. Ente usw. <\/p>    <p>Sehen Sie sich beispielsweise die Formel f\u00fcr Viehfutterpellets an, dann wissen Sie genau, wie die Rohstoffe gemischt werden m\u00fcssen. Und dann mit dieser Maschine die ben\u00f6tigten Pellets herstellen.<\/p>   <div class=\"wp-block-image\"> <figure class=\"aligncenter size-full\"><img loading=\"lazy\" decoding=\"async\" width=\"720\" height=\"400\" src=\"https:\/\/taizyagromachine.com\/wp-content\/uploads\/2022\/02\/applications-of-animal-feed-mill.jpg\" alt=\"Anwendungen-der-Tierfutterm\u00fchle\" class=\"wp-image-2054\" srcset=\"https:\/\/taizyagromachine.com\/wp-content\/uploads\/2022\/02\/applications-of-animal-feed-mill.jpg 720w, https:\/\/taizyagromachine.com\/wp-content\/uploads\/2022\/02\/applications-of-animal-feed-mill-300x167.jpg 300w\" sizes=\"auto, (max-width: 720px) 100vw, 720px\" \/><figcaption class=\"wp-element-caption\">Anwendungen der Tierfutterm\u00fchle<\/figcaption><\/figure> <\/div>   <h2 class=\"wp-block-heading\" id=\"working-principle-of-animal-feed-pellet-machine\"><strong>Funktionsprinzip der Tierfutterpelletmaschine<\/strong><strong><\/strong><\/h2>    <p>Die Arbeitskammer ist der Geist des Tierfuttergranulators. Es verf\u00fcgt \u00fcber eine Andruckrolle, eine Formplatte und einen Schneider. Der Mahlvorschub und die Pelletl\u00e4nge k\u00f6nnen angepasst werden.<\/p>   <div class=\"wp-block-image\"> <figure class=\"aligncenter size-full\"><img loading=\"lazy\" decoding=\"async\" width=\"720\" height=\"540\" src=\"https:\/\/taizyagromachine.com\/wp-content\/uploads\/2022\/02\/roller-and-mill-plate-of-animal-feed-pelllet-machine.jpg\" alt=\"Walzen-und-M\u00fchle-Platte-von-Tierfutter-Pellet-Maschine\" class=\"wp-image-2056\" srcset=\"https:\/\/taizyagromachine.com\/wp-content\/uploads\/2022\/02\/roller-and-mill-plate-of-animal-feed-pelllet-machine.jpg 720w, https:\/\/taizyagromachine.com\/wp-content\/uploads\/2022\/02\/roller-and-mill-plate-of-animal-feed-pelllet-machine-300x225.jpg 300w\" sizes=\"auto, (max-width: 720px) 100vw, 720px\" \/><figcaption class=\"wp-element-caption\">Walze und Mahlplatte<\/figcaption><\/figure> <\/div>   <p>Geben Sie zun\u00e4chst die Rohstoffe in den Futterbeh\u00e4lter. Sie fallen auf einen Satz rotierender Rollen \u00fcber der Formplatte.<\/p>    <p>Anschlie\u00dfend werden die Materialien zwischen der Oberfl\u00e4che der Formplatte und den rotierenden Walzen zusammengedr\u00fcckt. Pellets kommen aus der Matrize und werden mit einem scharfen Messer in bestimmte L\u00e4ngen geschnitten. &nbsp;<\/p>    <h2 class=\"wp-block-heading\" id=\"advantages-of-pellets-processed-by-feed-pellet-mill\"><strong>Vorteile von Pellets, die in der Futterpelletm\u00fchle verarbeitet werden<\/strong><strong><\/strong><\/h2>    <p>W\u00e4hrend der Verarbeitung betr\u00e4gt die Temperatur etwa 70\u00b0C, wodurch das Protein gefriert. Der N\u00e4hrwert erh\u00f6ht sich und die Aufnahme f\u00fcr Tiere ist einfacher. Bei Pellets, die mit der Tierfutterpelletmaschine hergestellt werden, ist das Innere reif, das \u00c4u\u00dfere ist steif genug. Aufgrund dieser Eigenschaften ist es f\u00fcr die Langzeitlagerung geeignet.<\/p>    <h2 class=\"wp-block-heading\"><strong>Futterpelletanlage f\u00fcr die Massenproduktion von Tierfutter<\/strong><\/h2>    <p>Wir liefern Kompletts\u00e4tze von Flachmatrizen-Pelletm\u00fchlen f\u00fcr die Herstellung von Tierfutterpellets und bieten Komplettl\u00f6sungen f\u00fcr unterschiedliche Leistungsstufen von 500 kg, 1000 kg und 2000 kg. <\/p>    <figure class=\"wp-block-gallery aligncenter has-nested-images columns-default is-cropped wp-block-gallery-3 is-layout-flex wp-block-gallery-is-layout-flex\"> <figure class=\"wp-block-image size-large\"><img loading=\"lazy\" decoding=\"async\" width=\"720\" height=\"540\" data-id=\"6374\" src=\"https:\/\/taizyagromachine.com\/wp-content\/uploads\/2022\/02\/small-animal-feed-pellet-machine-plant.webp\" alt=\"Kleintierfutter-Pellet-Maschinenanlage\" class=\"wp-image-6374\"\/><figcaption class=\"wp-element-caption\">Kleintierfutter-Pellet-Maschinenanlage<\/figcaption><\/figure>    <figure class=\"wp-block-image size-large\"><img loading=\"lazy\" decoding=\"async\" width=\"720\" height=\"540\" data-id=\"6373\" src=\"https:\/\/taizyagromachine.com\/wp-content\/uploads\/2022\/02\/animal-feed-pellet-processing-line.webp\" alt=\"Verarbeitungslinie f\u00fcr Tierfutterpellets\" class=\"wp-image-6373\"\/><figcaption class=\"wp-element-caption\">Verarbeitungslinie f\u00fcr Tierfutterpellets<\/figcaption><\/figure> <\/figure>    <p>Vom Zerkleinern des Rohmaterials \u00fcber das Mischen bis hin zum Pelletpressen und K\u00fchlverpacken realisiert es eine hocheffiziente automatisierte Produktion und erf\u00fcllt die Anforderungen aller Arten landwirtschaftlicher Betriebe.<\/p>    <figure class=\"wp-block-gallery aligncenter has-nested-images columns-default is-cropped wp-block-gallery-4 is-layout-flex wp-block-gallery-is-layout-flex\"> <figure class=\"wp-block-image size-large\"><img loading=\"lazy\" decoding=\"async\" width=\"720\" height=\"540\" data-id=\"6376\" src=\"https:\/\/taizyagromachine.com\/wp-content\/uploads\/2022\/02\/large-feed-pellet-machine-plant.webp\" alt=\"Gro\u00dfe Futterpelletmaschinenanlage\" class=\"wp-image-6376\"\/><figcaption class=\"wp-element-caption\">Gro\u00dfe Futterpelletmaschinenanlage<\/figcaption><\/figure>    <figure class=\"wp-block-image size-large\"><img loading=\"lazy\" decoding=\"async\" width=\"720\" height=\"540\" data-id=\"6375\" src=\"https:\/\/taizyagromachine.com\/wp-content\/uploads\/2022\/02\/feed-pellet-mill-for-mass-animal-feed-production.webp\" alt=\"Futterpelletm\u00fchle f\u00fcr die Massenproduktion von Tierfutter\" class=\"wp-image-6375\"\/><figcaption class=\"wp-element-caption\">Futterpelletm\u00fchle f\u00fcr die Massenproduktion von Tierfutter<\/figcaption><\/figure> <\/figure>    <h2 class=\"wp-block-heading\"><strong>Service f\u00fcr die Pelletfabrik f\u00fcr Tierfutter<\/strong><\/h2>    <p class=\"translation-block\">Als bekannter Hersteller von Futtermittel-Pelletmaschinen bieten wir Ihnen eine vollst\u00e4ndige Palette von Dienstleistungen f\u00fcr die Produktion von Futtermitteln f\u00fcr Nutztiere, haupts\u00e4chlich einschlie\u00dflich der folgenden:<\/p>    <ul class=\"wp-block-list\"> <li><strong>Ausr\u00fcstungslieferung<\/strong>: Wir bieten Flachmatrizen-Pelletm\u00fchlen mit verschiedenen Spezifikationen und Kapazit\u00e4ten (120\u20131200 kg\/h) an, einschlie\u00dflich kompletter Ausr\u00fcstungss\u00e4tze f\u00fcr die Futtermittelproduktion mit unterschiedlichen Leistungsstufen, z. B. 500 kg, 1000 kg und 2000 kg.<\/li>    <li><strong>Qualit\u00e4tssicherung<\/strong>: Alle Produkte haben strenge Qualit\u00e4tspr\u00fcfungen bestanden, um sicherzustellen, dass die Futterpelletm\u00fchle \u00fcber \u00fcberlegene Leistung, Haltbarkeit und Zuverl\u00e4ssigkeit verf\u00fcgt und den Kunden hilft, die Wirtschaftlichkeit zu verbessern.<\/li>    <li><strong>Ma\u00dfgeschneiderte L\u00f6sungen<\/strong>: Ma\u00dfgeschneiderte Designl\u00f6sungen f\u00fcr Tierfutterpelletmaschinen oder Produktionslinien entsprechend Ihren spezifischen Anforderungen und dem landwirtschaftlichen Ma\u00dfstab, um einen effizienten und stabilen Produktionsprozess f\u00fcr Tierfutterpellets sicherzustellen.<\/li>    <li><strong>Technische Unterst\u00fctzung<\/strong>: Ausgestattet mit einem professionellen technischen Team bieten wir die Installation und Inbetriebnahme der Ger\u00e4te, Betriebsschulungen, Wartung und andere umfassende technische Supportleistungen.<\/li>    <li><strong>Anleitung zur Rohstoffformel<\/strong>: Wir kooperieren mit Branchenexperten, erforschen und entwickeln f\u00fcr Sie Futtermittelrezepturen, die den Ern\u00e4hrungsbed\u00fcrfnissen der Tiere gerecht werden, und beraten Sie professionell bei der Auswahl der Rohstoffe.<\/li>    <li><strong>Kundendienst<\/strong>: Taizy hat ein perfektes Kundendienstsystem eingerichtet, um eine schnelle Reaktion auf Ihre Bed\u00fcrfnisse zu gew\u00e4hrleisten und alle Arten von Problemen im Prozess des Ger\u00e4tebetriebs umgehend zu l\u00f6sen.<\/li> <\/ul>    <h2 class=\"wp-block-heading\" id=\"related-machines\"><strong>Verwandte Maschinen<\/strong><\/h2>    <p class=\"translation-block\">Eine weitere Sache, die zu erw\u00e4hnen ist: Wir haben die Maschine f\u00fcr Fischfutter, die sogenannte <a href=\"https:\/\/taizyagromachine.com\/de\/product\/fish-feed-extruder\/\" target=\"_blank\" rel=\"noreferrer noopener\">Fischfutter-Pelletmaschine<\/a>. Au\u00dferdem bieten wir die Futtermittel-Pelletproduktionslinie an, einschlie\u00dflich des H\u00e4ckslers, Zerkleinerers, Mischers und der Futtermittel-Pelletmaschine. Wenn Sie die Maschine kaufen m\u00f6chten, kontaktieren Sie uns bitte. Wir empfehlen Ihnen die am besten geeignete basierend auf Ihren tats\u00e4chlichen Anforderungen.<\/p>    <h2 class=\"wp-block-heading\"><strong>Anfrage zur Pelletmaschine f\u00fcr Tierfutter!<\/strong><\/h2>    <p class=\"translation-block\">M\u00f6chten Sie alle Arten von <a href=\"https:\/\/en.wikipedia.org\/wiki\/Animal_feed\" target=\"_blank\" rel=\"noopener\">Tierfutter<\/a> produzieren? Wir haben eine breite Palette von Flanschpelletpressen, um Ihre Bed\u00fcrfnisse zu erf\u00fcllen. Kontaktieren Sie uns, wir entwerfen die beste L\u00f6sung f\u00fcr Sie und bieten Ihnen das beste Angebot.<\/p>","protected":false},"excerpt":{"rendered":"<p>Die Tierfutter-Pelletmaschine dient speziell zur Herstellung von Viehfutter f\u00fcr Rinder, Ziegen, Gefl\u00fcgel, Kaninchen usw. mit einer Kapazit\u00e4t von 120\u20131200 kg\/h. In diesem Artikel werden die verschiedenen Modelle von Flachmatrizen-Pelletm\u00fchlen und die verschiedenen Dienstleistungen, die wir anbieten k\u00f6nnen, vorgestellt. Gerne k\u00f6nnen Sie sich hierzu beraten lassen.<\/p>","protected":false},"author":1,"featured_media":2157,"parent":0,"template":"","tags":[72,68,63,64,71,70,67,69,62,65,74,66,73],"product-type":[29],"class_list":["post-2028","product","type-product","status-publish","has-post-thumbnail","hentry","tag-animal-feed-granulator","tag-animal-feed-making-machine-price","tag-animal-feed-pellet-machine","tag-animal-feed-pellet-mill","tag-applications-of-animal-feed-pelleting-machine","tag-cattle-feed-pellet-formula","tag-feed-pellet-machine","tag-feed-pellet-making-machine","tag-feed-pellet-mill","tag-feed-pellet-mill-machine","tag-feed-pellet-mill-production-line","tag-feed-pelleting-machine","tag-fish-feed-pellet-machine","product-type-feed-pellet-machine"],"_links":{"self":[{"href":"https:\/\/taizyagromachine.com\/de\/wp-json\/wp\/v2\/product\/2028","targetHints":{"allow":["GET"]}}],"collection":[{"href":"https:\/\/taizyagromachine.com\/de\/wp-json\/wp\/v2\/product"}],"about":[{"href":"https:\/\/taizyagromachine.com\/de\/wp-json\/wp\/v2\/types\/product"}],"author":[{"embeddable":true,"href":"https:\/\/taizyagromachine.com\/de\/wp-json\/wp\/v2\/users\/1"}],"wp:featuredmedia":[{"embeddable":true,"href":"https:\/\/taizyagromachine.com\/de\/wp-json\/wp\/v2\/media\/2157"}],"wp:attachment":[{"href":"https:\/\/taizyagromachine.com\/de\/wp-json\/wp\/v2\/media?parent=2028"}],"wp:term":[{"taxonomy":"post_tag","embeddable":true,"href":"https:\/\/taizyagromachine.com\/de\/wp-json\/wp\/v2\/tags?post=2028"},{"taxonomy":"product-type","embeddable":true,"href":"https:\/\/taizyagromachine.com\/de\/wp-json\/wp\/v2\/product-type?post=2028"}],"curies":[{"name":"wp","href":"https:\/\/api.w.org\/{rel}","templated":true}]}}