{"id":2029,"date":"2022-02-14T05:56:23","date_gmt":"2022-02-14T05:56:23","guid":{"rendered":"https:\/\/taizyagromachine.com\/"},"modified":"2025-01-02T13:53:53","modified_gmt":"2025-01-02T05:53:53","slug":"paddy-dryer","status":"publish","type":"product","link":"https:\/\/taizyagromachine.com\/de\/product\/paddy-dryer\/","title":{"rendered":"Reistrockner f\u00fcr Getreide, Mais, Reis, Weizen"},"content":{"rendered":"<p class=\"translation-block\"><strong>Reis-Trockner<\/strong> ist eine ideale Ausr\u00fcstung, die haupts\u00e4chlich zum Trocknen verschiedener Getreidesorten wie Mais, Reis, Weizen, Sojabohnen usw. dient. Der Getreidetrockner geh\u00f6rt zur Chargenumlauftrocknung, ist energiesparend und arbeitet bei niedrigen Temperaturen. Er hat eine vern\u00fcnftige Struktur, einfache Bedienung und geringe Ger\u00e4uschentwicklung. <\/p>    <p>Im Allgemeinen sind bei den von Taizy Company zum Verkauf stehenden Getreidetrocknern 5H-15 und 5H-32 verf\u00fcgbar. Au\u00dferdem ist die Heizmethode optional. F\u00fcr den gewerblichen Einsatz ist der Turmtrockner \u00fcblich. <\/p>    <p>In der Reism\u00fchlenanlage wird diese Maschine beispielsweise als Reistrockner verwendet, um satten Rohreis zu erhalten. Nach der gleichen Theorie kann es auch als Maistrockner eingesetzt werden. F\u00fcr weitere Informationen nehmen Sie gerne Kontakt mit uns auf!<\/p>    <figure class=\"wp-block-embed is-type-video is-provider-youtube wp-block-embed-youtube wp-embed-aspect-16-9 wp-has-aspect-ratio\"><div class=\"wp-block-embed__wrapper\"> <iframe loading=\"lazy\" title=\"Industrieller vertikaler Getreidetrockner f\u00fcr Rohreis, Weizen, Mais, Sojabohnen, Sorghum, Raps usw\" width=\"500\" height=\"281\" src=\"https:\/\/www.youtube.com\/embed\/7hceHg7rS_k?feature=oembed\" frameborder=\"0\" allow=\"accelerometer; autoplay; clipboard-write; encrypted-media; gyroscope; picture-in-picture; web-share\" referrerpolicy=\"strict-origin-when-cross-origin\" allowfullscreen><\/iframe> <\/div><figcaption class=\"wp-element-caption\">Video zum Betrieb eines Reistrockners<\/figcaption><\/figure>    <h2 class=\"wp-block-heading\"><strong>Technische Parameter des zum Verkauf stehenden Reistrockners<\/strong><\/h2>    <figure class=\"wp-block-table\"><table><tbody><tr><td>Modell<\/td><td>5H-15<\/td><td>5H-32<\/td><\/tr><tr><td>Trocknungskapazit\u00e4t<\/td><td>15-20t\u00b7%\/h<\/td><td>25-35t\u00b7%\/h<\/td><\/tr><tr><td>F\u00fctterungszeit<\/td><td>Etwa 63 Minuten<\/td><td>Etwa 58 Minuten<\/td><\/tr><tr><td>Entladezeit<\/td><td>Etwa 69 Minuten<\/td><td>Etwa 64 Minuten<\/td><\/tr><tr><td>Leistung<\/td><td>6,5 kW (82\/3 PS)<\/td><td>12,65 kW<\/td><\/tr><tr><td>Gesamtgewicht<\/td><td>3200kg<\/td><td>7500 kg<\/td><\/tr><\/tbody><\/table><figcaption class=\"wp-element-caption\">Technische Daten des Getreidetrockners<\/figcaption><\/figure>    <figure class=\"wp-block-gallery aligncenter has-nested-images columns-default is-cropped wp-block-gallery-2 is-layout-flex wp-block-gallery-is-layout-flex\"> <figure class=\"wp-block-image size-large\"><img loading=\"lazy\" decoding=\"async\" width=\"640\" height=\"640\" data-id=\"6420\" src=\"https:\/\/taizyagromachine.com\/wp-content\/uploads\/2022\/02\/corn-dryer-for-sale.webp\" alt=\"Maistrockner zu verkaufen\" class=\"wp-image-6420\"\/><figcaption class=\"wp-element-caption\">Maistrockner zu verkaufen<\/figcaption><\/figure>    <figure class=\"wp-block-image size-large\"><img loading=\"lazy\" decoding=\"async\" width=\"640\" height=\"640\" data-id=\"6421\" src=\"https:\/\/taizyagromachine.com\/wp-content\/uploads\/2022\/02\/grain-dryer-for-sale.webp\" alt=\"Getreidetrockner zu verkaufen\" class=\"wp-image-6421\"\/><figcaption class=\"wp-element-caption\">Getreidetrockner zu verkaufen<\/figcaption><\/figure>    <figure class=\"wp-block-image size-large\"><img loading=\"lazy\" decoding=\"async\" width=\"640\" height=\"640\" data-id=\"6422\" src=\"https:\/\/taizyagromachine.com\/wp-content\/uploads\/2022\/02\/paddy-dryer-in-batches.webp\" alt=\"Reistrockner in Chargen\" class=\"wp-image-6422\"\/><figcaption class=\"wp-element-caption\">Reistrockner in Chargen<\/figcaption><\/figure> <\/figure>    <h2 class=\"wp-block-heading\" id=\"machine-details\"><strong>Design eines kreisf\u00f6rmigen Reistrockners mit niedriger Temperatur<\/strong><\/h2>    <div class=\"wp-block-columns is-layout-flex wp-container-core-columns-is-layout-9d6595d7 wp-block-columns-is-layout-flex\"> <div class=\"wp-block-column is-layout-flow wp-block-column-is-layout-flow\"> <figure class=\"wp-block-image size-full\"><img loading=\"lazy\" decoding=\"async\" width=\"720\" height=\"540\" src=\"https:\/\/taizyagromachine.com\/wp-content\/uploads\/2022\/02\/PLC-tower-grain-dryer.jpg\" alt=\"SPS-Schaltschrank\" class=\"wp-image-2042\" srcset=\"https:\/\/taizyagromachine.com\/wp-content\/uploads\/2022\/02\/PLC-tower-grain-dryer.jpg 720w, https:\/\/taizyagromachine.com\/wp-content\/uploads\/2022\/02\/PLC-tower-grain-dryer-300x225.jpg 300w\" sizes=\"auto, (max-width: 720px) 100vw, 720px\" \/><figcaption class=\"wp-element-caption\">SPS-Schaltschrank<\/figcaption><\/figure> <\/div>    <div class=\"wp-block-column is-vertically-aligned-center is-layout-flow wp-block-column-is-layout-flow\"> <p class=\"has-text-align-center translation-block\"><strong>SPS-Schaltschrank<\/strong><\/p>    <p>Siemens elektrisch, Touchscreen-Bedienung, genaue Fehleranzeige<\/p> <\/div> <\/div>    <div class=\"wp-block-columns is-layout-flex wp-container-core-columns-is-layout-9d6595d7 wp-block-columns-is-layout-flex\"> <div class=\"wp-block-column is-vertically-aligned-center is-layout-flow wp-block-column-is-layout-flow\"> <p class=\"has-text-align-center translation-block\"><strong>Heizmethoden<\/strong><\/p>    <p>Verschiedene W\u00e4rmequellen stehen zur Auswahl: Biomasse-Heisswindofen, Dieselofen, Erdgas, Elektrobrenner. Wenn Sie sich f\u00fcr eines entscheiden, maximieren Sie Ihren Nutzen.&nbsp;&nbsp;<\/p> <\/div>    <div class=\"wp-block-column is-layout-flow wp-block-column-is-layout-flow\"> <figure class=\"wp-block-image size-full\"><img loading=\"lazy\" decoding=\"async\" width=\"720\" height=\"540\" src=\"https:\/\/taizyagromachine.com\/wp-content\/uploads\/2022\/02\/heating-method-grain-dryer.jpg\" alt=\"Heizmethoden des Getreidetrockners\" class=\"wp-image-2043\" srcset=\"https:\/\/taizyagromachine.com\/wp-content\/uploads\/2022\/02\/heating-method-grain-dryer.jpg 720w, https:\/\/taizyagromachine.com\/wp-content\/uploads\/2022\/02\/heating-method-grain-dryer-300x225.jpg 300w\" sizes=\"auto, (max-width: 720px) 100vw, 720px\" \/><figcaption class=\"wp-element-caption\">Heizmethoden des Getreidetrockners<\/figcaption><\/figure> <\/div> <\/div>    <div class=\"wp-block-columns is-layout-flex wp-container-core-columns-is-layout-9d6595d7 wp-block-columns-is-layout-flex\"> <div class=\"wp-block-column is-layout-flow wp-block-column-is-layout-flow\"> <figure class=\"wp-block-image size-full\"><img loading=\"lazy\" decoding=\"async\" width=\"720\" height=\"540\" src=\"https:\/\/taizyagromachine.com\/wp-content\/uploads\/2022\/02\/elevator-corn-dryer.jpg\" alt=\"Aufzug des Maistrockners\" class=\"wp-image-2044\" srcset=\"https:\/\/taizyagromachine.com\/wp-content\/uploads\/2022\/02\/elevator-corn-dryer.jpg 720w, https:\/\/taizyagromachine.com\/wp-content\/uploads\/2022\/02\/elevator-corn-dryer-300x225.jpg 300w\" sizes=\"auto, (max-width: 720px) 100vw, 720px\" \/><figcaption class=\"wp-element-caption\">Aufzug des Maistrockners<\/figcaption><\/figure> <\/div>    <div class=\"wp-block-column is-vertically-aligned-center is-layout-flow wp-block-column-is-layout-flow\"> <p class=\"has-text-align-center translation-block\"><strong>Aufzug<\/strong><\/p>    <p>Der G\u00fcrtel besteht aus reinem Nylon-Canvas-G\u00fcrtel, der Eimer besteht aus reinem Nylon-Kunststoff mit guter Z\u00e4higkeit und ohne Spr\u00f6digkeit.<\/p> <\/div> <\/div>    <div class=\"wp-block-columns is-layout-flex wp-container-core-columns-is-layout-9d6595d7 wp-block-columns-is-layout-flex\"> <div class=\"wp-block-column is-vertically-aligned-center is-layout-flow wp-block-column-is-layout-flow\"> <p class=\"has-text-align-center translation-block\"><strong>Berechnung der Konstruktion des Reis-Trockners<\/strong><\/p>    <p>Winkelaufnahme, erleichtert das Trocknen der K\u00f6rner. &nbsp;&nbsp;<\/p> <\/div>    <div class=\"wp-block-column is-layout-flow wp-block-column-is-layout-flow\"> <figure class=\"wp-block-image size-full\"><img loading=\"lazy\" decoding=\"async\" width=\"750\" height=\"416\" src=\"https:\/\/taizyagromachine.com\/wp-content\/uploads\/2022\/02\/circulation-drying-dryer.jpg\" alt=\"Umlauftrocknung des Getreidetrockners\" class=\"wp-image-2045\" srcset=\"https:\/\/taizyagromachine.com\/wp-content\/uploads\/2022\/02\/circulation-drying-dryer.jpg 750w, https:\/\/taizyagromachine.com\/wp-content\/uploads\/2022\/02\/circulation-drying-dryer-300x166.jpg 300w\" sizes=\"auto, (max-width: 750px) 100vw, 750px\" \/><figcaption class=\"wp-element-caption\">Umlauftrocknung des Getreidetrockners<\/figcaption><\/figure> <\/div> <\/div>    <p><\/p>    <h2 class=\"wp-block-heading\" id=\"advantages-of-rice-dryer-for-sale\"><strong>Vorteile des Reistrockners zum Verkauf<\/strong><\/h2>    <ul class=\"wp-block-list\"> <li><strong>Bequeme Nutzung<\/strong>. Da dieser Reistrockner keine Teile austauschen muss, eignet er sich direkt zum Trocknen von Mais, Reis, Weizen, Raps, Sojabohnen usw.<\/li>    <li><strong>Fortschrittliche Getreidetrocknungstechnologie<\/strong>. Diese Technologie erhitzt die K\u00f6rner gleichm\u00e4\u00dfig, sorgt f\u00fcr eine schnelle Entw\u00e4sserungsrate und niedrige Trocknungskosten.<\/li>    <li><strong>Edelstahlmaterial<\/strong>. Wichtige Teile des Getreidetrockners im Inneren bestehen aus Edelstahlmaterialien, wodurch die Lebensdauer der Ausr\u00fcstung effektiv verl\u00e4ngert wird.<\/li>    <li>Der Maistrockner hat seine <strong>eigenes K\u00fchlluftverteilungssystem<\/strong>, was die Qualit\u00e4t des getrockneten Getreides wirksam sicherstellen und die Konservierung des Getreides erleichtern kann.<\/li>    <li>Einfache Bedienung, hohe Trocknungseffizienz, schadstofffrei.<\/li>    <li><strong>Optionale Heizmethoden<\/strong>. Biomasse-Winderhitzer, Dieselofen, Erdgas, Elektrobrenner\u00a0sind verf\u00fcgbar.<\/li> <\/ul>    <h2 class=\"wp-block-heading\" id=\"wide-applications-of-vertical-grain-dryer\"><strong>Breite Anwendungen des vertikalen Getreidetrockners<\/strong><\/h2>    <p class=\"translation-block\">Dieser vertikale Getreidetrockner hat eine Vielzahl von Anwendungen. Er kann Getreide wie <strong>Reis, Weizen, Mais, Sojabohnen, Sorghum, Hirse, Raps, Sonnenblumenkerne<\/strong> usw. chargenweise trocknen. <\/p>   <div class=\"wp-block-image\"> <figure class=\"aligncenter size-full\"><img loading=\"lazy\" decoding=\"async\" width=\"720\" height=\"540\" src=\"https:\/\/taizyagromachine.com\/wp-content\/uploads\/2022\/02\/applications-tower-grain-dryer.jpg\" alt=\"Anwendung des Reistrockners\" class=\"wp-image-2046\" srcset=\"https:\/\/taizyagromachine.com\/wp-content\/uploads\/2022\/02\/applications-tower-grain-dryer.jpg 720w, https:\/\/taizyagromachine.com\/wp-content\/uploads\/2022\/02\/applications-tower-grain-dryer-300x225.jpg 300w\" sizes=\"auto, (max-width: 720px) 100vw, 720px\" \/><figcaption class=\"wp-element-caption\">Anwendung des Reistrockners<\/figcaption><\/figure> <\/div>   <h2 class=\"wp-block-heading\" id=\"how-does-a-paddy-dryer-work\"><strong>Wie funktioniert ein Rohrohrtrockner?<\/strong><\/h2>   <div id=\"rank-math-howto\" class=\"rank-math-block\" > <div class=\"rank-math-howto-description\">  <\/div>  <div class=\"rank-math-steps\"> <div id=\"howto-step-1704706129384\" class=\"rank-math-step\"> <h3 class=\"rank-math-step-title\"><strong>F\u00fctterungsphase<\/strong><\/h3> <div class=\"rank-math-step-content\"><p>Bevor mit dem Reistrocknungsprozess begonnen wird, wird das geerntete nasse Reis vom Bereitstellungsbereich zun\u00e4chst \u00fcber die Hebeausr\u00fcstung (z. B. Becherwerk oder Bandf\u00f6rderer) zum Einlass des Reistrockners gef\u00fchrt, um die erste Beladung mit Getreide abzuschlie\u00dfen.<\/p> <\/div> <\/div> <div id=\"howto-step-1704706148500\" class=\"rank-math-step\"> <h3 class=\"rank-math-step-title\"><strong>Vorbereitung zum Vorw\u00e4rmen<\/strong><\/h3> <div class=\"rank-math-step-content\"><p>Bevor der Trockner vollst\u00e4ndig mit Reis gef\u00fcllt ist, muss der Bediener den Brenner im Trockner einschalten. Abh\u00e4ngig von der Art der Ausr\u00fcstung k\u00f6nnen \u00d6l, Gas, Biomasse oder andere Energieformen verwendet werden, um sicherzustellen, dass der Brenner gleichm\u00e4\u00dfig brennt und ausreichend W\u00e4rme erzeugt, um eine W\u00e4rmequelle f\u00fcr den Trocknungsvorgang bereitzustellen.<\/p> <\/div> <\/div> <div id=\"howto-step-1704706186044\" class=\"rank-math-step\"> <h3 class=\"rank-math-step-title\"><strong>Kreisf\u00f6rmiger Trocknungsprozess<\/strong><\/h3> <div class=\"rank-math-step-content\"><p>Wenn der Verbrennungsofen eine vorgegebene Temperatur erreicht und beginnt, gleichm\u00e4\u00dfig W\u00e4rme zuzuf\u00fchren, wird das Umw\u00e4lzsystem des Trockners gestartet. <br \/>Der W\u00e4rmeaustausch mit dem Reis erfolgt haupts\u00e4chlich \u00fcber die in der Ofenkammer erzeugte W\u00e4rme. Die hei\u00dfe Luft zirkuliert im Inneren des Trockners und erw\u00e4rmt das Reisfeld gleichm\u00e4\u00dfig durch die mehrschichtigen Trocknungsplatten oder speziell entwickelten Trocknungskan\u00e4le, um ihm die Feuchtigkeit zu entziehen.<\/p> <\/div> <\/div> <div id=\"howto-step-1704706222538\" class=\"rank-math-step\"> <h3 class=\"rank-math-step-title\"><strong>Ende der Trocknung und Entladung<\/strong><\/h3> <div class=\"rank-math-step-content\"><p>Der Trocknungsvorgang ist abgeschlossen, wenn die Feuchtigkeit im Reis auf einen f\u00fcr die Lagerung geeigneten Standard reduziert ist. Schalten Sie den Verbrennungsofen aus, stellen Sie die Austragsvorrichtung des Trockners ein und steuern Sie, dass der Reis entsprechend der eingestellten Geschwindigkeit ordnungsgem\u00e4\u00df vom Boden des Trockners oder vom spezifischen Auslass ausgetragen wird. <br \/>Nach dem Trocknen ist der Reis abgek\u00fchlt und bereit f\u00fcr den n\u00e4chsten Schritt der Lagerung oder Verarbeitung.<\/p> <\/div> <\/div> <\/div> <\/div>       <figure class=\"wp-block-gallery aligncenter has-nested-images columns-default is-cropped wp-block-gallery-3 is-layout-flex wp-block-gallery-is-layout-flex\"> <figure class=\"wp-block-image size-large\"><img loading=\"lazy\" decoding=\"async\" width=\"640\" height=\"640\" data-id=\"6424\" src=\"https:\/\/taizyagromachine.com\/wp-content\/uploads\/2022\/02\/paddy-dryer-machine-for-corn.webp\" alt=\"Reistrockner f\u00fcr Mais\" class=\"wp-image-6424\"\/><figcaption class=\"wp-element-caption\">Reistrockner f\u00fcr Mais<\/figcaption><\/figure>    <figure class=\"wp-block-image size-large\"><img loading=\"lazy\" decoding=\"async\" width=\"640\" height=\"640\" data-id=\"6425\" src=\"https:\/\/taizyagromachine.com\/wp-content\/uploads\/2022\/02\/rice-dryer-on-site.webp\" alt=\"Reistrockner vor Ort\" class=\"wp-image-6425\"\/><figcaption class=\"wp-element-caption\">Reistrockner vor Ort<\/figcaption><\/figure> <\/figure>    <h2 class=\"wp-block-heading\" id=\"four-questions-we-should-confirm\"><strong>H\u00e4ufig gestellte Fragen zum Kauf eines Getreidetrockners<\/strong><\/h2>   <div id=\"rank-math-faq\" class=\"rank-math-block\"> <div class=\"rank-math-list\"> <div id=\"faq-question-1704705433446\" class=\"rank-math-list-item\"> <h3 class=\"rank-math-question\"><strong>Welche Art von Getreide m\u00f6chten Sie trocknen? Reis, Mais, Sorghum, Weizen oder andere Getreidearten?<\/strong><\/h3> <div class=\"rank-math-answer\">  <p>Unser Getreidetrockner kann alles oben genannte trocknen.<\/p>  <\/div> <\/div> <div id=\"faq-question-1704705476297\" class=\"rank-math-list-item\"> <h3 class=\"rank-math-question\"><strong>Wie viele Tonnen m\u00f6chten Sie pro Charge oder Tag trocknen?<\/strong><\/h3> <div class=\"rank-math-answer\">  <p>Unsere Getreidetrocknungsmaschine arbeitet in Chargen, normalerweise 15 Tonnen\/Charge oder 32 Tonnen\/Charge. Wenn Sie eine gr\u00f6\u00dfere Kapazit\u00e4t ben\u00f6tigen, k\u00f6nnen wir diese auch f\u00fcr Sie ausr\u00fcsten.<\/p>  <\/div> <\/div> <div id=\"faq-question-1704705577780\" class=\"rank-math-list-item\"> <h3 class=\"rank-math-question\"><strong>Wie hoch ist die Luftfeuchtigkeit vor dem Trocknen? Welche Luftfeuchtigkeit soll nach dem Trocknen erreicht werden?<\/strong><\/h3> <div class=\"rank-math-answer\">  <p>Normalerweise betr\u00e4gt die Luftfeuchtigkeit vor dem Trocknen 40%;\u00a0Nach dem Trocknen soll es 20% sein.<\/p>  <\/div> <\/div> <div id=\"faq-question-1704705597446\" class=\"rank-math-list-item\"> <h3 class=\"rank-math-question\"><strong>F\u00fcr den Verbrennungsofen k\u00f6nnen Sie als Brennstoff Kohle, Diesel und Biomasse w\u00e4hlen. Welches bevorzugen Sie?\u00a0<\/strong><\/h3> <div class=\"rank-math-answer\">  <p>Unser Maistrockner kann all das nutzen.<\/p>  <\/div> <\/div> <\/div> <\/div>   <p>Bei den oben genannten vier Fragen handelt es sich um grundlegende Informationen, die uns helfen sollen, Ihre Anforderungen besser zu verstehen. Wir k\u00f6nnen Ihnen einen passenden Gewerbe-Reistrockner f\u00fcr Ihr Unternehmen empfehlen. Nehmen Sie Kontakt mit uns auf und wir werden uns so schnell wie m\u00f6glich bei Ihnen melden!<\/p>    <figure class=\"wp-block-gallery aligncenter has-nested-images columns-default is-cropped wp-block-gallery-4 is-layout-flex wp-block-gallery-is-layout-flex\"> <figure class=\"wp-block-image size-large\"><img loading=\"lazy\" decoding=\"async\" width=\"3000\" height=\"4000\" data-id=\"6427\" src=\"https:\/\/taizyagromachine.com\/wp-content\/uploads\/2022\/02\/grain-drying-machine-in-stock.webp\" alt=\"Getreidetrocknungsmaschine auf Lager\" class=\"wp-image-6427\"\/><figcaption class=\"wp-element-caption\">Getreidetrocknungsmaschine auf Lager<\/figcaption><\/figure>    <figure class=\"wp-block-image size-large\"><img loading=\"lazy\" decoding=\"async\" width=\"3000\" height=\"4000\" data-id=\"6428\" src=\"https:\/\/taizyagromachine.com\/wp-content\/uploads\/2022\/02\/paddy-grain-dryer.webp\" alt=\"Reiskorntrockner\" class=\"wp-image-6428\"\/><figcaption class=\"wp-element-caption\">Reiskorntrockner<\/figcaption><\/figure>    <figure class=\"wp-block-image size-large\"><img loading=\"lazy\" decoding=\"async\" width=\"3000\" height=\"4000\" data-id=\"6429\" src=\"https:\/\/taizyagromachine.com\/wp-content\/uploads\/2022\/02\/paddy-rice-dryer-factory.webp\" alt=\"Rohreis-Trocknerfabrik\" class=\"wp-image-6429\"\/><figcaption class=\"wp-element-caption\">Rohreis-Trocknerfabrik<\/figcaption><\/figure> <\/figure>    <h2 class=\"wp-block-heading\"><strong>Kontaktieren Sie uns f\u00fcr den Preis eines Getreidetrockners!<\/strong><\/h2>    <p class=\"translation-block\">Kommen Sie und kontaktieren Sie uns f\u00fcr den Trockner f\u00fcr <a href=\"https:\/\/en.wikipedia.org\/wiki\/Maize\" target=\"_blank\" rel=\"noopener\">Mais<\/a>, Reis, Weizen und Sojabohnen! Unsere Mais-Trocknungsmaschine kann Ihnen helfen, Ihr Getreide schnell und chargenweise zu trocknen. Und unsere Maschine hat einen wettbewerbsf\u00e4higen Preis, der Sie anzieht! <\/p>","protected":false},"excerpt":{"rendered":"<p>Paddy dryer&nbsp;is ideal equipment that mainly functions to dry various grains, such as corn, rice, wheat, soybean, etc. The grain dryer belongs to batch circulation dryer, low temperature, and energy saving. It has a reasonable structure, easy operation, and low noise. Generally speaking, grain dryers for sale from Taizy Company have 5H-15 and 5H-32 available. [&hellip;]<\/p>\n","protected":false},"author":1,"featured_media":2158,"parent":0,"template":"","tags":[223],"product-type":[30],"class_list":["post-2029","product","type-product","status-publish","has-post-thumbnail","hentry","tag-grain-drying","product-type-grain-dryer"],"_links":{"self":[{"href":"https:\/\/taizyagromachine.com\/de\/wp-json\/wp\/v2\/product\/2029","targetHints":{"allow":["GET"]}}],"collection":[{"href":"https:\/\/taizyagromachine.com\/de\/wp-json\/wp\/v2\/product"}],"about":[{"href":"https:\/\/taizyagromachine.com\/de\/wp-json\/wp\/v2\/types\/product"}],"author":[{"embeddable":true,"href":"https:\/\/taizyagromachine.com\/de\/wp-json\/wp\/v2\/users\/1"}],"wp:featuredmedia":[{"embeddable":true,"href":"https:\/\/taizyagromachine.com\/de\/wp-json\/wp\/v2\/media\/2158"}],"wp:attachment":[{"href":"https:\/\/taizyagromachine.com\/de\/wp-json\/wp\/v2\/media?parent=2029"}],"wp:term":[{"taxonomy":"post_tag","embeddable":true,"href":"https:\/\/taizyagromachine.com\/de\/wp-json\/wp\/v2\/tags?post=2029"},{"taxonomy":"product-type","embeddable":true,"href":"https:\/\/taizyagromachine.com\/de\/wp-json\/wp\/v2\/product-type?post=2029"}],"curies":[{"name":"wp","href":"https:\/\/api.w.org\/{rel}","templated":true}]}}