{"id":2030,"date":"2022-02-14T03:22:31","date_gmt":"2022-02-14T03:22:31","guid":{"rendered":"https:\/\/taizyagromachine.com\/"},"modified":"2025-12-18T15:04:00","modified_gmt":"2025-12-18T07:04:00","slug":"single-row-corn-harvester","status":"publish","type":"product","link":"https:\/\/taizyagromachine.com\/de\/product\/single-row-corn-harvester\/","title":{"rendered":"Einreihige Maiserntemaschine"},"content":{"rendered":"<p class=\"translation-block\"><strong>Einzeiliger Maisvollernter<\/strong> ist eine selbstfahrende Maisernteausr\u00fcstung, die haupts\u00e4chlich auf kleinen Maisfeldern in kleinen Landparzellen, Bergregionen und h\u00fcgeligen Gebieten eingesetzt wird. Es ist ein kleiner Maisernter, der von einem Diesel- oder Benzinmotor angetrieben wird. Au\u00dferdem verf\u00fcgt der einzeilige Maispfl\u00fccker \u00fcber Funktionen zum Maispfl\u00fccken und zum Zerkleinern von St\u00e4ngeln. Die zerkleinerten St\u00e4ngel werden auf das Feld zur\u00fcckgef\u00fchrt. <\/p>    <p class=\"translation-block\">Au\u00dferdem ist die Stoppelh\u00f6he der Maisst\u00e4ngel je nach Ihren Anforderungen einstellbar. Dar\u00fcber hinaus ist der Ernteteil dieser Maschine unabh\u00e4ngig konzipiert und kann entfernt werden. Und der verbleibende Teil kann als Kleinstbodenbearbeitungsmaschine verwendet werden. Nach der Maisernte k\u00f6nnen Sie eine <a href=\"https:\/\/taizyagromachine.com\/de\/corn-machine\/maize-thresher\/\" target=\"_blank\" rel=\"noreferrer noopener\">Maisdreschmaschine<\/a> verwenden, um Maisk\u00f6rner zu gewinnen. Haben Sie Interesse an diesem Maispfl\u00fccker? Bitte kontaktieren Sie uns so schnell wie m\u00f6glich!<\/p>    <h2 class=\"wp-block-heading\" id=\"structure-of-one-row-maize-harvester-for-sale\"><strong>Struktur einer einreihigen Maiserntemaschine zum Verkauf<\/strong><\/h2>    <p>Um ehrlich zu sein, hat diese einreihige Maiserntermaschine eine einfache und kompakte Struktur. Sie hat eine Armlehne zur Steuerung der Maschine. Auch aus ihrer Struktur k\u00f6nnen wir erkennen, dass sie einfach zu bedienen ist und sehr benutzerfreundlich ist.<\/p>   <div class=\"wp-block-image\"> <figure class=\"aligncenter size-full\"><img loading=\"lazy\" decoding=\"async\" width=\"720\" height=\"540\" src=\"https:\/\/taizyagromachine.com\/wp-content\/uploads\/2022\/02\/structure-1-row-corn-harvester.jpg\" alt=\"Struktur-einreihige Maiserntemaschine\" class=\"wp-image-2037\" srcset=\"https:\/\/taizyagromachine.com\/wp-content\/uploads\/2022\/02\/structure-1-row-corn-harvester.jpg 720w, https:\/\/taizyagromachine.com\/wp-content\/uploads\/2022\/02\/structure-1-row-corn-harvester-300x225.jpg 300w\" sizes=\"auto, (max-width: 720px) 100vw, 720px\" \/><figcaption class=\"wp-element-caption\">Struktur<\/figcaption><\/figure> <\/div>   <h2 class=\"wp-block-heading\" id=\"features-of-corn-reaper\"><strong>Merkmale der einreihigen Maiserntemaschine zum Verkauf<\/strong><\/h2>    <ul class=\"wp-block-list\"> <li>Mehrere Funktionen. Mit diesem einreihigen Maispfl\u00fccker k\u00f6nnen Sie gleichzeitig den Mais pfl\u00fccken und die St\u00e4ngel zur\u00fcck auf die Felder zerkleinern.<\/li>    <li>Starke Anpassungsf\u00e4higkeit. Einreihige Maiserntemaschinen k\u00f6nnen Arbeiten in bergigen und h\u00fcgeligen Gebieten sowie auf kleinen Feldern durchf\u00fchren.<\/li>    <li>Hohe Effizienz. Ein erfahrener Bediener kann 0,03\u20130,06\u00a0Hektar pro Stunde erreichen.<\/li>    <li>Einfache Bedienung. Die Menschen brauchen kein Fachwissen und trainieren zu viel.<\/li>    <li>Flexibler Betrieb, kleine Maiserntemaschine, einfacher Aufbau.<\/li>    <li>Geringer \u00d6lverbrauch, kosteng\u00fcnstig, dadurch geringe Kosten.<\/li> <\/ul>    <h2 class=\"wp-block-heading\" id=\"working-principles-of-single-row-corn-picker\"><strong>Funktionsprinzipien des einreihigen Maispfl\u00fcckers<\/strong><\/h2>    <p>Diese selbstfahrende Maiserntemaschine ist mit dem entsprechenden Motor ausgestattet und liefert die Kraft \u00fcber das Getriebe. Die Laufr\u00e4der werden mit Strom betrieben, der \u00fcber ein Getriebe zugef\u00fchrt wird. Bei einem weiteren Getriebe treibt es zwei Ernter\u00e4der und einen Zerkleinerungsmessersatz an. Wenn der Maisschneider um eine Reihe vorr\u00fcckt, ziehen Sie den Maisst\u00e4ngel in den Ernteeinlass. Und dann zieht das Ernterad den Maisst\u00e4ngel nach unten. Aufgrund der Gr\u00f6\u00dfe der K\u00f6rner kann der Mais jedoch w\u00e4hrend des Abstiegs in die Erntescheune gezogen werden. Die Maisst\u00e4ngel werden durch den Brechmessersatz zerkleinert.<\/p>    <h2 class=\"wp-block-heading\" id=\"successful-cases-of-single-row-corn-harvesting-machine\"><strong>Erfolgreiche F\u00e4lle einer einreihigen Maiserntemaschine<\/strong><\/h2>    <p>In diesem Jahr erhielt unser Verkaufsleiter Winne eine Anfrage bez\u00fcglich eines Einreihigen Mais-Erntemaschinen aus Nigeria. Er kaufte es f\u00fcr seine Maisfarmen. Aber seine Farmen lagen in den h\u00fcgeligen Regionen. Daher empfahl Winne ihm diese Art von selbstfahrendem Mais-Erntemaschinen. Nat\u00fcrlich fragte er auch andere Hersteller und Lieferanten. Im Vergleich zu diesen Unternehmen stellten wir fest, dass wir ein professionelles und zuverl\u00e4ssiges Unternehmen sind. Daher bestellte er 30 Einreihige Mais-Erntemaschinen von unserer Taizy Firma. Nach Erhalt der Maschinen schickte er uns positives Feedback und hoffte, dass wir erneut zusammenarbeiten k\u00f6nnten.<\/p>    <figure class=\"wp-block-gallery has-nested-images columns-default is-cropped wp-block-gallery-2 is-layout-flex wp-block-gallery-is-layout-flex\"> <figure class=\"wp-block-image size-full\"><img loading=\"lazy\" decoding=\"async\" width=\"720\" height=\"540\" data-id=\"2040\" src=\"https:\/\/taizyagromachine.com\/wp-content\/uploads\/2022\/02\/pack-in-the-woooden-case-1-row-corn-harvester.jpg\" alt=\"In der Holzkiste verpacken\" class=\"wp-image-2040\" srcset=\"https:\/\/taizyagromachine.com\/wp-content\/uploads\/2022\/02\/pack-in-the-woooden-case-1-row-corn-harvester.jpg 720w, https:\/\/taizyagromachine.com\/wp-content\/uploads\/2022\/02\/pack-in-the-woooden-case-1-row-corn-harvester-300x225.jpg 300w\" sizes=\"auto, (max-width: 720px) 100vw, 720px\" \/><figcaption class=\"wp-element-caption\">In der Holzkiste verpacken<\/figcaption><\/figure>    <figure class=\"wp-block-image size-full\"><img loading=\"lazy\" decoding=\"async\" width=\"720\" height=\"540\" data-id=\"2039\" src=\"https:\/\/taizyagromachine.com\/wp-content\/uploads\/2022\/02\/load-into-the-container-1-rowcorn-harvester.jpg\" alt=\"in den Container laden\" class=\"wp-image-2039\" srcset=\"https:\/\/taizyagromachine.com\/wp-content\/uploads\/2022\/02\/load-into-the-container-1-rowcorn-harvester.jpg 720w, https:\/\/taizyagromachine.com\/wp-content\/uploads\/2022\/02\/load-into-the-container-1-rowcorn-harvester-300x225.jpg 300w\" sizes=\"auto, (max-width: 720px) 100vw, 720px\" \/><figcaption class=\"wp-element-caption\">in den Container laden<\/figcaption><\/figure> <\/figure>    <h2 class=\"wp-block-heading\" id=\"faq\"><strong>FAQ zur einreihigen Maiserntemaschine<\/strong><\/h2>   <div id=\"rank-math-faq\" class=\"rank-math-block\"> <div class=\"rank-math-list\"> <div id=\"faq-question-1663830814557\" class=\"rank-math-list-item\"> <h3 class=\"rank-math-question\"><strong>F: Kann diese Erntemaschine die Schale von Mais sch\u00e4len?<\/strong><\/h3> <div class=\"rank-math-answer\">  <p>A: Nein, das geht nicht.<\/p>  <\/div> <\/div> <div id=\"faq-question-1663830821594\" class=\"rank-math-list-item\"> <h3 class=\"rank-math-question\"><strong>F: Wo sind die Maisst\u00e4ngel nach der Ernte?<\/strong><\/h3> <div class=\"rank-math-answer\">  <p>A: Die Maisst\u00e4ngel gelangen zur\u00fcck auf die Felder, nachdem sie durch die 10 Messer am Boden der Maschine zerkleinert wurden.<\/p>  <\/div> <\/div> <div id=\"faq-question-1663830840907\" class=\"rank-math-list-item\"> <h3 class=\"rank-math-question\"><strong>F: Wie w\u00e4re es mit der Stoppelh\u00f6he?<\/strong><\/h3> <div class=\"rank-math-answer\">  <p>A: Sie ist verstellbar, aber die minimale H\u00f6he betr\u00e4gt 10 cm.<\/p>  <\/div> <\/div> <div id=\"faq-question-1663830861138\" class=\"rank-math-list-item\"> <h3 class=\"rank-math-question\"><strong>F: Kann die Klinge leicht besch\u00e4digt werden? Wie lange kann ich es verwenden?<\/strong><\/h3> <div class=\"rank-math-answer\">  <p>A: Ja, die Klingen brechen leicht, insbesondere wenn sie auf gro\u00dfe Steine \u200b\u200boder andere sehr harte Hindernisse sto\u00dfen. Die Lebensdauer betr\u00e4gt in der Regel ein Jahr. Wir senden Ihnen bei der Lieferung zus\u00e4tzlich 1 Einheit (10 St\u00fcck) kostenlos mit der Maiserntemaschine zu.<\/p>  <\/div> <\/div> <div id=\"faq-question-1663830876948\" class=\"rank-math-list-item\"> <h3 class=\"rank-math-question\"><strong>F:\u00a0Welche Leistung verbraucht diese Maiserntemaschine?<\/strong><\/h3> <div class=\"rank-math-answer\">  <p>A: 188F-Benzinmotor oder 188F-Dieselmotor mit Luftk\u00fchlung.<\/p>  <\/div> <\/div> <div id=\"faq-question-1663830896543\" class=\"rank-math-list-item\"> <h3 class=\"rank-math-question\"><strong>F: Wird es Mais geben, der nicht geerntet werden kann?<\/strong><\/h3> <div class=\"rank-math-answer\">  <p>A: Mit Praxiserfahrung betr\u00e4gt die Maisernterate mehr als 98%.<\/p>  <\/div> <\/div> <div id=\"faq-question-1663830913428\" class=\"rank-math-list-item\"> <h3 class=\"rank-math-question\">F: Wie viele K\u00f6rner k\u00f6nnen in der Scheune neben der Maschine gesammelt werden?<\/h3> <div class=\"rank-math-answer\">  <p>A: H\u00e4ngt von der Maisgr\u00f6\u00dfe ab, normalerweise k\u00f6nnen 30-50 St\u00fcck gesammelt werden.<\/p>  <\/div> <\/div> <\/div> <\/div>   <h2 class=\"wp-block-heading\"><strong>Video einer einreihigen Maiserntemaschine<\/strong><\/h2>    <figure class=\"wp-block-embed is-type-video is-provider-youtube wp-block-embed-youtube wp-embed-aspect-16-9 wp-has-aspect-ratio\"><div class=\"wp-block-embed__wrapper\"> <iframe loading=\"lazy\" title=\"Handgeschobene einreihige Maiserntemaschine | Gro\u00dfhandel mit 1-reihigem Maispfl\u00fccker zum Verkauf #corn\" width=\"500\" height=\"281\" src=\"https:\/\/www.youtube.com\/embed\/oWVc9HTAemk?feature=oembed\" frameborder=\"0\" allow=\"accelerometer; autoplay; clipboard-write; encrypted-media; gyroscope; picture-in-picture; web-share\" referrerpolicy=\"strict-origin-when-cross-origin\" allowfullscreen><\/iframe> <\/div><\/figure>","protected":false},"excerpt":{"rendered":"<p>Single row corn harvester&nbsp;is self-propelled maize reaping equipment, mostly used in the small cornfields in small land blocks, mountainous regions, hilly grounds. It\u2019s small maize harvester, powered by diesel engine or gasoline engine. Besides, the one-row corn picker has functions of corn picking and stalks crushing. The crushed stalks get back to the field. Also, [&hellip;]<\/p>\n","protected":false},"author":1,"featured_media":2143,"parent":0,"template":"","tags":[],"product-type":[17],"class_list":["post-2030","product","type-product","status-publish","has-post-thumbnail","hentry","product-type-corn-machine"],"_links":{"self":[{"href":"https:\/\/taizyagromachine.com\/de\/wp-json\/wp\/v2\/product\/2030","targetHints":{"allow":["GET"]}}],"collection":[{"href":"https:\/\/taizyagromachine.com\/de\/wp-json\/wp\/v2\/product"}],"about":[{"href":"https:\/\/taizyagromachine.com\/de\/wp-json\/wp\/v2\/types\/product"}],"author":[{"embeddable":true,"href":"https:\/\/taizyagromachine.com\/de\/wp-json\/wp\/v2\/users\/1"}],"wp:featuredmedia":[{"embeddable":true,"href":"https:\/\/taizyagromachine.com\/de\/wp-json\/wp\/v2\/media\/2143"}],"wp:attachment":[{"href":"https:\/\/taizyagromachine.com\/de\/wp-json\/wp\/v2\/media?parent=2030"}],"wp:term":[{"taxonomy":"post_tag","embeddable":true,"href":"https:\/\/taizyagromachine.com\/de\/wp-json\/wp\/v2\/tags?post=2030"},{"taxonomy":"product-type","embeddable":true,"href":"https:\/\/taizyagromachine.com\/de\/wp-json\/wp\/v2\/product-type?post=2030"}],"curies":[{"name":"wp","href":"https:\/\/api.w.org\/{rel}","templated":true}]}}