{"id":2057,"date":"2022-02-14T08:10:31","date_gmt":"2022-02-14T08:10:31","guid":{"rendered":"https:\/\/taizyagromachine.com\/"},"modified":"2025-01-02T13:53:35","modified_gmt":"2025-01-02T05:53:35","slug":"multifunctional-thresher","status":"publish","type":"product","link":"https:\/\/taizyagromachine.com\/de\/product\/multifunctional-thresher\/","title":{"rendered":"Multifunktionale Dreschmaschine"},"content":{"rendered":"<p>Die multifunktionale Dreschmaschine ist eine verbesserte Ausr\u00fcstung auf der Basis der Maisdreschmaschine und eignet sich f\u00fcr Mais, Sorghum, Sojabohnen und Hirse.\u00a0Es kann mit einem Dieselmotor, einem Benzinmotor oder einem Elektromotor als Antriebseinheit kombiniert werden. Au\u00dferdem sollten Sie die verschiedenen Bildschirme f\u00fcr die entsprechenden Kulturen ausw\u00e4hlen. Unsere multifunktionalen Dreschmaschinen sind im Ausland sehr bekannt und werden von Menschen in Indonesien, Simbabwe, Benin, Nigeria, Botswana und vielen anderen L\u00e4ndern geliebt.<\/p>    <h2 class=\"wp-block-heading\" id=\"why-call-it-multipurpose-thresher\"><strong>Warum es nennen <a href=\"https:\/\/cornmachines.com\/multifunctional-thresher-machine\/\" target=\"_blank\" rel=\"noreferrer noopener\">Mehrzweck-Dreschmaschine<\/a>?<\/strong>&nbsp;<\/h2>    <p>Die Gr\u00fcnde sind wie folgt:<\/p>    <ol class=\"wp-block-list\" type=\"1\"> <li><strong>Breitere Anwendungen<\/strong>. Im Vergleich zum Maisdrescher kann die multifunktionale Maisdreschmaschine auch Sorghum, Sojabohnen und Hirse sch\u00e4len.<\/li>    <li><strong>Mehr Funktionen<\/strong>. Diese multifunktionale Sorghum-Dreschmaschine kann gleichzeitig sch\u00e4len und dreschen.<\/li> <\/ol>    <h2 class=\"wp-block-heading\" id=\"h-hot-sell-multi-corn-threshing-machine-for-sale\"><strong>Hei\u00dfer Verkauf Multi-Mais-Dreschmaschine zum Verkauf<\/strong><\/h2>    <p class=\"translation-block\">Als <a href=\"https:\/\/taizyagromachine.com\/de\/\" target=\"_blank\" rel=\"noreferrer noopener\">spezialisiertes Unternehmen f\u00fcr Landmaschinen<\/a> verf\u00fcgen wir \u00fcber eine breite Palette von Maschinenmarken. Was die multifunktionale Druschmaschine betrifft, so haben wir zwei Modelle, den MT-860 und den MT-1200, die kosteng\u00fcnstig, einfach zu bedienen und vielseitig sind. Die Mehrfrucht-Druschmaschine ist leistungsf\u00e4higer als die Maisdruschmaschine. Daher ist diese Maschine auch auf dem Markt f\u00fcr Landmaschinen beliebter.<\/p>    <figure class=\"wp-block-gallery aligncenter has-nested-images columns-default is-cropped wp-block-gallery-2 is-layout-flex wp-block-gallery-is-layout-flex\"> <figure class=\"wp-block-image size-large\"><img loading=\"lazy\" decoding=\"async\" width=\"720\" height=\"540\" data-id=\"2489\" src=\"https:\/\/taizyagromachine.com\/wp-content\/uploads\/2022\/04\/multi-crop-thresher-machine.jpg\" alt=\"Mehrfrucht-Dreschmaschine\" class=\"wp-image-2489\" srcset=\"https:\/\/taizyagromachine.com\/wp-content\/uploads\/2022\/04\/multi-crop-thresher-machine.jpg 720w, https:\/\/taizyagromachine.com\/wp-content\/uploads\/2022\/04\/multi-crop-thresher-machine-300x225.jpg 300w\" sizes=\"auto, (max-width: 720px) 100vw, 720px\" \/><figcaption class=\"wp-element-caption\">Mehrfrucht-Dreschmaschine<\/figcaption><\/figure>    <figure class=\"wp-block-image size-full\"><img loading=\"lazy\" decoding=\"async\" width=\"720\" height=\"540\" data-id=\"2615\" src=\"https:\/\/taizyagromachine.com\/wp-content\/uploads\/2022\/05\/multifunctional-corn-thresher-machine.jpg\" alt=\"Multifunktions-Maisdreschmaschine\" class=\"wp-image-2615\"\/><figcaption class=\"wp-element-caption\">multifunktionale Maisdreschmaschine<\/figcaption><\/figure> <\/figure>    <h2 class=\"wp-block-heading\" id=\"structure-of-multi-purpose-maize-sheller\"><strong>Struktur des Mehrzweck-Maissch\u00e4lers<\/strong><strong><\/strong><\/h2>    <p>Der Markttendenz entsprechend verf\u00fcgt die multifunktionale Dreschmaschine \u00fcber ein schlichtes Design. Diese Dreschmaschine besteht aus Einlass, Maisk\u00f6rnerauslass, Auslass f\u00fcr Verunreinigungen und Sauggebl\u00e4se. Zu beachten ist der Einzelzugventilator und der Doppelzugventilator f\u00fcr diesen kleinen Getreidedrescher. Bei der Maschine mit Doppelzuggebl\u00e4se sind die Saatk\u00f6rner viel sauberer. &nbsp;<\/p>   <div class=\"wp-block-image\"> <figure class=\"aligncenter size-full\"><img loading=\"lazy\" decoding=\"async\" width=\"720\" height=\"350\" src=\"https:\/\/taizyagromachine.com\/wp-content\/uploads\/2022\/02\/structure-multi-thresher-MT860.jpg\" alt=\"Struktur-Mehrfachdrescher-MT860\" class=\"wp-image-2059\" srcset=\"https:\/\/taizyagromachine.com\/wp-content\/uploads\/2022\/02\/structure-multi-thresher-MT860.jpg 720w, https:\/\/taizyagromachine.com\/wp-content\/uploads\/2022\/02\/structure-multi-thresher-MT860-300x146.jpg 300w\" sizes=\"auto, (max-width: 720px) 100vw, 720px\" \/><figcaption class=\"wp-element-caption\">Struktur<\/figcaption><\/figure> <\/div>   <h2 class=\"wp-block-heading\" id=\"h-technical-parameters\"><strong>Technische Parameter der multifunktionalen Dreschmaschine<\/strong><\/h2>    <p>Wie Sie der Parametertabelle entnehmen k\u00f6nnen, hat der Multifunktionsdrescher MT-860 eine Kapazit\u00e4t von 1,5 bis 2 Tonnen pro Stunde, w\u00e4hrend die Kapazit\u00e4t des MT-1200 je nach Erntegut variiert. Erstere k\u00f6nnen dar\u00fcber hinaus mit einem Diesel-, Elektro- oder Benzinmotor angetrieben werden, w\u00e4hrend letztere in der Regel mit einem Dieselmotor ausgestattet sind. Dennoch ist das Einsatzspektrum bei beiden gleich: Gedroschen werden Sorghum, Sojabohnen, Mais und Hirse.<\/p>    <figure class=\"wp-block-table\"><table><tbody><tr><td>Modell<\/td><td>Leistung<\/td><td>Kapazit\u00e4t<\/td><td>Gewicht<\/td><td>Gr\u00f6\u00dfe<\/td><td>Anwendung<\/td><\/tr><tr><td>MT-860<\/td><td>Dieselmotor, Benzinmotor, Elektromotor<\/td><td>1,5-2t\/h<\/td><td>112kg<\/td><td>1150*860<em>*<\/em>1160 mm<\/td><td>Sorghum, Hirse, Mais, Sojabohne<\/td><\/tr><tr><td>MT-1200<\/td><td>10-12 PS Dieselmotor<\/td><td>Mais 3t\/h,<br>Sojabohnen 2t\/h<br>Sorghum, Hirse, Weizen, Reis 1,5 t\/h<\/td><td>200kg<\/td><td>2100*1700*1400mm<\/td><td>Sorghum, Hirse, Mais, Sojabohne<\/td><\/tr><\/tbody><\/table><\/figure>    <h2 class=\"wp-block-heading\" id=\"characteristics-of-combined-peeler-and-thresher-machine\"><strong>Eigenschaften der kombinierten Sch\u00e4l- und Dreschmaschine<\/strong><strong><\/strong><\/h2>    <ul class=\"wp-block-list\" type=\"1\"> <li>Es hat den Vorteil einer hohen Effizienz, eines geringen Bruchs und einer geringen Verunreinigung.<\/li>    <li>Es stehen drei Leistungsger\u00e4te zur Verf\u00fcgung. Dieselmotor, Benzinmotor und Elektromotor sind alle geeignet, um kleine multifunktionale Dreschmaschinen zur Arbeit zu transportieren.<\/li>    <li>Bildschirme. Diese Maschine kann Mais, Sorghum, Hirse und Bohnen sch\u00e4len und sch\u00e4len. Die Gr\u00f6\u00dfe dieser Feldfr\u00fcchte ist unterschiedlich, daher sollten die Siebe zu den Feldfr\u00fcchten passen.<\/li>    <li>Humanisiertes Design. Kleine R\u00e4der sind ausgestattet und leicht zu bewegen. Und die Maschinenh\u00f6he ist f\u00fcr die K\u00f6rpergr\u00f6\u00dfe des Menschen geeignet und erleichtert das Einf\u00fcllen von K\u00f6rnern.<\/li>    <li>Kosteng\u00fcnstig. Die armen Bauern k\u00f6nnen sich die Maschine leisten und Geld sparen. Au\u00dferdem ist die Maschine multifunktional.<\/li> <\/ul>   <div class=\"wp-block-image\"> <figure class=\"aligncenter size-full\"><img loading=\"lazy\" decoding=\"async\" width=\"720\" height=\"250\" src=\"https:\/\/taizyagromachine.com\/wp-content\/uploads\/2022\/02\/three-engines-MT860.jpg\" alt=\"drei Motoren\" class=\"wp-image-2061\" srcset=\"https:\/\/taizyagromachine.com\/wp-content\/uploads\/2022\/02\/three-engines-MT860.jpg 720w, https:\/\/taizyagromachine.com\/wp-content\/uploads\/2022\/02\/three-engines-MT860-300x104.jpg 300w\" sizes=\"auto, (max-width: 720px) 100vw, 720px\" \/><figcaption class=\"wp-element-caption\">drei Motoren<\/figcaption><\/figure> <\/div>   <h2 class=\"wp-block-heading\" id=\"what-screens-are-suitable\"><strong>Welche Bildschirme sind geeignet?<\/strong><\/h2>    <p>F\u00fcr den Multifunktionsdrescher sollten Sie die passenden Siebe zum Dreschen des Ernteguts verwenden.<\/p>    <p>Mais dreschen, \u00d820-Sieb und Hammer installieren, unteres Sieb verwendet \u00d8 6.&nbsp;<\/p>    <p>Sch\u00e4len Sie Sorghum, installieren Sie ein \u00d88-Sieb und eine Dreschklaue, das untere Sieb verwendet \u00d86.<\/p>    <p>Hirse dreschen, \u00d85-Sieb installieren, unteres Sieb verwendet 1,5*1,5.<\/p>   <div class=\"wp-block-image\"> <figure class=\"aligncenter size-full\"><img loading=\"lazy\" decoding=\"async\" width=\"720\" height=\"540\" src=\"https:\/\/taizyagromachine.com\/wp-content\/uploads\/2022\/02\/matched-screen-multi-thresher.jpg\" alt=\"Matched-Screen-Mehrfachdrescher\" class=\"wp-image-2060\" srcset=\"https:\/\/taizyagromachine.com\/wp-content\/uploads\/2022\/02\/matched-screen-multi-thresher.jpg 720w, https:\/\/taizyagromachine.com\/wp-content\/uploads\/2022\/02\/matched-screen-multi-thresher-300x225.jpg 300w\" sizes=\"auto, (max-width: 720px) 100vw, 720px\" \/><figcaption class=\"wp-element-caption\">passender Bildschirm<\/figcaption><\/figure> <\/div>   <h2 class=\"wp-block-heading\" id=\"comparison-of-maize-thresher-and-multifunctional-thresher\"><strong>Vergleich von Maisdrescher und Multifunktionsdrescher<\/strong><strong><\/strong><\/h2>    <ol class=\"wp-block-list\" type=\"1\"> <li>Anwendungsbereich. Der <a href=\"https:\/\/taizyagromachine.com\/de\/corn-machine\/maize-thresher\/\" target=\"_blank\" rel=\"noreferrer noopener\">Maisdrescher<\/a> ist nur f\u00fcr die H\u00fchneraugen. W\u00e4hrend dieser kleine Getreidedrescher f\u00fcr Mais, Sorghum, Hirse und Sojabohnen geeignet ist.<\/li>    <li>Verschiedene Funktionen. Der Maissch\u00e4ler kann den Mais sch\u00e4lenfrei dreschen. Aber die multifunktionale Dreschmaschine kann das Erntegut sch\u00e4len und sch\u00e4len.<\/li>    <li>Kapazit\u00e4t. Der Maissch\u00e4ler hat eine Kapazit\u00e4t von 6 Tonnen pro Stunde und eine gro\u00dfe Kapazit\u00e4t. Die Dreschmaschine f\u00fcr Mais, Sojabohnen, Hirse und Sorghum hat nur 1,5-2t pro Stunde.<\/li> <\/ol>    <figure class=\"wp-block-gallery has-nested-images columns-default is-cropped wp-block-gallery-3 is-layout-flex wp-block-gallery-is-layout-flex\"> <figure class=\"wp-block-image size-large\"><img loading=\"lazy\" decoding=\"async\" width=\"720\" height=\"500\" data-id=\"2062\" src=\"https:\/\/taizyagromachine.com\/wp-content\/uploads\/2022\/02\/applications-multi-function-thresher.jpg\" alt=\"Mais und Sorghum\" class=\"wp-image-2062\" srcset=\"https:\/\/taizyagromachine.com\/wp-content\/uploads\/2022\/02\/applications-multi-function-thresher.jpg 720w, https:\/\/taizyagromachine.com\/wp-content\/uploads\/2022\/02\/applications-multi-function-thresher-300x208.jpg 300w\" sizes=\"auto, (max-width: 720px) 100vw, 720px\" \/><figcaption class=\"wp-element-caption\">Mais und Sorghum<\/figcaption><\/figure>    <figure class=\"wp-block-image size-large\"><img loading=\"lazy\" decoding=\"async\" width=\"720\" height=\"500\" data-id=\"2063\" src=\"https:\/\/taizyagromachine.com\/wp-content\/uploads\/2022\/02\/applications-multifunctional-thresher.jpg\" alt=\"Bohnen und Hirse\" class=\"wp-image-2063\" srcset=\"https:\/\/taizyagromachine.com\/wp-content\/uploads\/2022\/02\/applications-multifunctional-thresher.jpg 720w, https:\/\/taizyagromachine.com\/wp-content\/uploads\/2022\/02\/applications-multifunctional-thresher-300x208.jpg 300w\" sizes=\"auto, (max-width: 720px) 100vw, 720px\" \/><figcaption class=\"wp-element-caption\">Bohnen und Hirse<\/figcaption><\/figure> <\/figure>    <h2 class=\"wp-block-heading\" id=\"h-successful-case-multi-corn-thresher-machine-exported-to-zimbabwe\"><strong>Erfolgreicher Fall: Multi-Mais-Dreschmaschine nach Simbabwe exportiert<\/strong><\/h2>    <p id=\"h-zimbabwe-is-a-large-agricultural-country-with-vast-plains-where-maize-can-be-grown-and-where-the-local-people-eat-three-meals-a-day-based-on-maize-flour-our-sales-manager-grace-received-an-enquiry-from-a-customer-in-zimbabwe-he-wanted-to-buy-a-maize-threshing-machine-for-threshing-maize-after-understanding-his-needs-grace-recommended-this-multifunctional-thresher-as-it-was-more-versatile-and-cost-effective-than-the-others-the-zimbabwean-customer-was-so-pleased-with-the-parameters-and-the-video-that-he-placed-an-order-immediately\" class=\"translation-block\">Simbabwe ist ein gro\u00dfes Agrarland mit weiten Ebenen, auf denen Mais angebaut werden kann und wo die lokale Bev\u00f6lkerung drei Mahlzeiten am Tag auf Basis von Maismehl zu sich nimmt. Unsere Verkaufsleiterin Grace erhielt eine Anfrage von einem Kunden aus Simbabwe. Er wollte eine Maisdruschmaschine zum Dreschen von Mais kaufen. Nach dem Verst\u00e4ndnis seiner Bed\u00fcrfnisse empfahl Grace diese multifunktionale Druschmaschine, da sie vielseitiger und kosteng\u00fcnstiger war als andere. Der simbabwische Kunde war mit den Parametern und dem Video so zufrieden, dass er sofort eine Bestellung aufgab.<\/p>    <h2 class=\"wp-block-heading\" id=\"faq\"><strong>FAQ zur multifunktionalen Dreschmaschine<\/strong><\/h2>   <div id=\"rank-math-faq\" class=\"rank-math-block\"> <div class=\"rank-math-list\"> <div id=\"faq-question-1663830468690\" class=\"rank-math-list-item\"> <h3 class=\"rank-math-question\"><strong>F: Wie sch\u00e4lt man verschiedene Feldfr\u00fcchte?<\/strong><\/h3> <div class=\"rank-math-answer\">  <p>A: \u00d6ffnen Sie die Abdeckung und wechseln Sie dann den Bildschirm. Entfernen Sie beim Dreschen von Mais die vier Walzen im Inneren.<\/p>  <\/div> <\/div> <div id=\"faq-question-1663830506354\" class=\"rank-math-list-item\"> <h3 class=\"rank-math-question\"><strong>F: Was soll ich tun, wenn ich keine Ahnung von der Verwendung der Maschine habe?<\/strong><\/h3> <div class=\"rank-math-answer\">  <p>A: Mach dir keine Sorgen. Zusammen mit der Maschine stellen wir Handb\u00fccher und Videos zur Installation, Bedienung, Siebwechsel usw. zur Verf\u00fcgung.<\/p>  <\/div> <\/div> <div id=\"faq-question-1663830517291\" class=\"rank-math-list-item\"> <h3 class=\"rank-math-question\"><strong>F: Ist es bequem, umzuziehen?<\/strong><\/h3> <div class=\"rank-math-answer\">  <p>A: Selbstverst\u00e4ndlich verf\u00fcgt die multifunktionale Maisdreschmaschine \u00fcber R\u00e4der und Deichselstangen, die sich leicht bewegen lassen.<\/p>  <\/div> <\/div> <div id=\"faq-question-1663830529940\" class=\"rank-math-list-item\"> <h3 class=\"rank-math-question\"><strong>F: F\u00fcr welche Kulturen kann diese multifunktionale Dreschmaschine verwendet werden?<\/strong><\/h3> <div class=\"rank-math-answer\">  <p>A: Mais, Sorghum, Hirse, Sojabohnen.<\/p>  <\/div> <\/div> <div id=\"faq-question-1663830545523\" class=\"rank-math-list-item\"> <h3 class=\"rank-math-question\"><strong>F: Wie w\u00e4re es mit der Leistung des MT-860?<\/strong><\/h3> <div class=\"rank-math-answer\">  <p>A: 2,2-3-kW-Elektromotor, 6-8-PS-Dieselmotor, 170-F-Benzinmotor.<\/p>  <\/div> <\/div> <div id=\"faq-question-1663830561860\" class=\"rank-math-list-item\"> <h3 class=\"rank-math-question\"><strong>F: Welche Kapazit\u00e4t hat dieser Getreidedrescher MT-860? Dreschleistung?<\/strong><\/h3> <div class=\"rank-math-answer\">  <p>A: Jeweils 1,5\u20132 t pro Stunde, \u2265951 TP3T.\u00a0<\/p>  <\/div> <\/div> <\/div> <\/div>   <h2 class=\"wp-block-heading\"><strong>Video einer multifunktionalen Dreschmaschine zum Dreschen von Mais, Bohnen, Sorghum und Hirse<\/strong><\/h2>    <figure class=\"wp-block-embed is-type-video is-provider-youtube wp-block-embed-youtube wp-embed-aspect-16-9 wp-has-aspect-ratio\"><div class=\"wp-block-embed__wrapper\"> <iframe loading=\"lazy\" title=\"Multifunktionale Dreschmaschine | Dreschen von Mais, Hirse, Benas, Sorghum #Mais #Hirse\" width=\"500\" height=\"281\" src=\"https:\/\/www.youtube.com\/embed\/Nz2M6Ba3iqo?feature=oembed\" frameborder=\"0\" allow=\"accelerometer; autoplay; clipboard-write; encrypted-media; gyroscope; picture-in-picture; web-share\" referrerpolicy=\"strict-origin-when-cross-origin\" allowfullscreen><\/iframe> <\/div><\/figure>    <p><\/p>    <p><\/p>","protected":false},"excerpt":{"rendered":"<p>The multifunctional&nbsp;thresher is upgraded equipment based on the maize thresher, suitable for corns, sorghum, soybeans, millet.&nbsp;It can collocate with the diesel engine, gasoline engine, or electric motor as the power device. Besides, you should choose the different screens for the corresponding crops. Our multifunctional threshing machines are very well known abroad and loved by people [&hellip;]<\/p>\n","protected":false},"author":1,"featured_media":2142,"parent":0,"template":"","tags":[],"product-type":[17],"class_list":["post-2057","product","type-product","status-publish","has-post-thumbnail","hentry","product-type-corn-machine"],"_links":{"self":[{"href":"https:\/\/taizyagromachine.com\/de\/wp-json\/wp\/v2\/product\/2057","targetHints":{"allow":["GET"]}}],"collection":[{"href":"https:\/\/taizyagromachine.com\/de\/wp-json\/wp\/v2\/product"}],"about":[{"href":"https:\/\/taizyagromachine.com\/de\/wp-json\/wp\/v2\/types\/product"}],"author":[{"embeddable":true,"href":"https:\/\/taizyagromachine.com\/de\/wp-json\/wp\/v2\/users\/1"}],"wp:featuredmedia":[{"embeddable":true,"href":"https:\/\/taizyagromachine.com\/de\/wp-json\/wp\/v2\/media\/2142"}],"wp:attachment":[{"href":"https:\/\/taizyagromachine.com\/de\/wp-json\/wp\/v2\/media?parent=2057"}],"wp:term":[{"taxonomy":"post_tag","embeddable":true,"href":"https:\/\/taizyagromachine.com\/de\/wp-json\/wp\/v2\/tags?post=2057"},{"taxonomy":"product-type","embeddable":true,"href":"https:\/\/taizyagromachine.com\/de\/wp-json\/wp\/v2\/product-type?post=2057"}],"curies":[{"name":"wp","href":"https:\/\/api.w.org\/{rel}","templated":true}]}}