{"id":2064,"date":"2022-02-14T09:37:14","date_gmt":"2022-02-14T09:37:14","guid":{"rendered":"https:\/\/taizyagromachine.com\/"},"modified":"2025-04-14T16:20:07","modified_gmt":"2025-04-14T08:20:07","slug":"maize-thresher","status":"publish","type":"product","link":"https:\/\/taizyagromachine.com\/de\/product\/maize-thresher\/","title":{"rendered":"Kommerzielle Maisdrescher zum Maissch\u00e4len"},"content":{"rendered":"<p class=\"translation-block\"><strong>Maisdrescher <\/strong>ist professionell f\u00fcr Mais konzipiert, der Mais von Maiskolben und Maisk\u00f6rnern trennt, mit einer Kapazit\u00e4t von 6 t pro Stunde. Die Maiskolben und K\u00f6rner bleiben ganz, ohne Bruch. Au\u00dferdem ist es ein automatischer Maiskolbensch\u00e4ler mit gro\u00dfer Kapazit\u00e4t. <\/p>    <p>Die Maisdreschmaschine kann mit einem Dieselmotor oder einem Elektromotor angetrieben werden. Mittlerweile hat sich diese Art von Maissch\u00e4lern basierend auf den Anforderungen der Kunden weiterentwickelt. Bei mittelgro\u00dfen und gro\u00dfen landwirtschaftlichen Betrieben erfreut es sich deutlich gr\u00f6\u00dferer Beliebtheit. Wir freuen uns auf Ihre Anfragen!<\/p>    <figure class=\"wp-block-embed is-type-video is-provider-youtube wp-block-embed-youtube wp-embed-aspect-16-9 wp-has-aspect-ratio\"><div class=\"wp-block-embed__wrapper\"> <iframe loading=\"lazy\" title=\"Maisdrescher mit gro\u00dfer Kapazit\u00e4t | Mais-Mais-Dreschmaschine von Taizy 2022 #corn #maize\" width=\"500\" height=\"281\" src=\"https:\/\/www.youtube.com\/embed\/do6M5uIGU_U?feature=oembed\" frameborder=\"0\" allow=\"accelerometer; autoplay; clipboard-write; encrypted-media; gyroscope; picture-in-picture; web-share\" referrerpolicy=\"strict-origin-when-cross-origin\" allowfullscreen><\/iframe> <\/div><figcaption class=\"wp-element-caption\">Video zum Betrieb einer gro\u00dfen Mais-Dreschmaschine<\/figcaption><\/figure>    <h2 class=\"wp-block-heading\"><strong>Arten von Maissch\u00e4lern zum Verkauf<\/strong><\/h2>    <p>Um Ihren sich \u00e4ndernden Anforderungen gerecht zu werden, liefern wir zwei Arten von gro\u00dfen Maissch\u00e4lmaschinen, die sich beide durch ihre hervorragende Druschleistung und Stabilit\u00e4t auszeichnen: <\/p>    <ul class=\"wp-block-list\"> <li>Eines ist ein hocheffizientes vollautomatisches Modell, das mit einem intelligenten Zuf\u00fchrsystem ausgestattet ist und f\u00fcr den Dauerbetrieb in gro\u00dfem Ma\u00dfstab geeignet ist. <\/li>    <li>Das andere ist ein flexibles, tragbares Modell mit innovativem Faltdesign, das einfach zu installieren und zu transportieren sowie an mehreren Standorten zu betreiben ist.<\/li> <\/ul>    <h3 class=\"wp-block-heading\"><strong>Gro\u00dfe Art von Maisdreschmaschine<\/strong><\/h3>    <p>Diese Maissch\u00e4lmaschine ist eine Art hocheffiziente landwirtschaftliche Maschine und Ausr\u00fcstung, die haupts\u00e4chlich f\u00fcr die Chargenverarbeitung von Maiskolben nach einer Weile des Trocknens verwendet wird.<\/p>    <figure class=\"wp-block-gallery aligncenter has-nested-images columns-default is-cropped wp-block-gallery-2 is-layout-flex wp-block-gallery-is-layout-flex\"> <figure class=\"wp-block-image size-large\"><img loading=\"lazy\" decoding=\"async\" width=\"720\" height=\"540\" data-id=\"6328\" src=\"https:\/\/taizyagromachine.com\/wp-content\/uploads\/2022\/02\/big-size-corn-sheller.webp\" alt=\"gro\u00dfer Maissch\u00e4ler\" class=\"wp-image-6328\"\/><figcaption class=\"wp-element-caption\">gro\u00dfer Maissch\u00e4ler<\/figcaption><\/figure>    <figure class=\"wp-block-image size-large\"><img loading=\"lazy\" decoding=\"async\" width=\"720\" height=\"540\" data-id=\"6329\" src=\"https:\/\/taizyagromachine.com\/wp-content\/uploads\/2022\/02\/large-maize-shelling-machine.webp\" alt=\"gro\u00dfe Maissch\u00e4lmaschine\" class=\"wp-image-6329\"\/><figcaption class=\"wp-element-caption\">gro\u00dfe Maissch\u00e4lmaschine<\/figcaption><\/figure> <\/figure>    <p>Es trennt die Maisk\u00f6rner von den Maiskolben durch die Struktur einer Axialwalze oder einer vertikalen Dreschscheibe und ist mit einem automatischen oder halbautomatischen Ladesystem ausgestattet, das den Dreschvorgang gro\u00dfer Maismengen schnell abschlie\u00dfen kann. Gleichzeitig zeichnet es sich durch einen geringen Energieverbrauch, einen stabilen Betrieb und eine einfache Wartung aus, was die Effizienz der Maisernte und -verarbeitung erheblich verbessert.<\/p>    <figure class=\"wp-block-gallery aligncenter has-nested-images columns-default is-cropped wp-block-gallery-3 is-layout-flex wp-block-gallery-is-layout-flex\"> <figure class=\"wp-block-image size-large\"><img loading=\"lazy\" decoding=\"async\" width=\"720\" height=\"540\" data-id=\"6330\" src=\"https:\/\/taizyagromachine.com\/wp-content\/uploads\/2022\/02\/industrial-corn-thresher-machine.webp\" alt=\"Industrielle Maisdreschmaschine\" class=\"wp-image-6330\"\/><figcaption class=\"wp-element-caption\">Industrielle Maisdreschmaschine<\/figcaption><\/figure>    <figure class=\"wp-block-image size-large\"><img loading=\"lazy\" decoding=\"async\" width=\"720\" height=\"540\" data-id=\"6331\" src=\"https:\/\/taizyagromachine.com\/wp-content\/uploads\/2022\/02\/Taizy-maize-thresher-for-sale.webp\" alt=\"Taizy Maisdrescher zu verkaufen\" class=\"wp-image-6331\"\/><figcaption class=\"wp-element-caption\">Taizy Maisdrescher zu verkaufen<\/figcaption><\/figure> <\/figure>    <p class=\"translation-block\"><strong>Maisdrescher-Design<\/strong><\/p>    <p>Der Maissch\u00e4ler hat einen einfachen Aufbau. Es besteht aus Maiseinlass, Maiskolbenauslass, Maisk\u00f6rnerauslass, Staubauslass, F\u00f6rderband und Rohren.<\/p>   <div class=\"wp-block-image\"> <figure class=\"aligncenter size-full\"><img loading=\"lazy\" decoding=\"async\" width=\"720\" height=\"400\" src=\"https:\/\/taizyagromachine.com\/wp-content\/uploads\/2022\/02\/structure-maize-thresher.jpg\" alt=\"Struktur-Mais-Drescher\" class=\"wp-image-2066\" srcset=\"https:\/\/taizyagromachine.com\/wp-content\/uploads\/2022\/02\/structure-maize-thresher.jpg 720w, https:\/\/taizyagromachine.com\/wp-content\/uploads\/2022\/02\/structure-maize-thresher-300x167.jpg 300w\" sizes=\"auto, (max-width: 720px) 100vw, 720px\" \/><figcaption class=\"wp-element-caption\">Struktur<\/figcaption><\/figure> <\/div>   <h3 class=\"wp-block-heading\"><strong>Neuartiger Maisdrescher<\/strong><\/h3>    <figure class=\"wp-block-embed is-type-video is-provider-youtube wp-block-embed-youtube wp-embed-aspect-16-9 wp-has-aspect-ratio\"><div class=\"wp-block-embed__wrapper\"> <iframe loading=\"lazy\" title=\"Revolution\u00e4res Maisdreschen: Maissch\u00e4ler der neuen Generation in Aktion! Maisdrescher zum guten Preis zu verkaufen\" width=\"500\" height=\"281\" src=\"https:\/\/www.youtube.com\/embed\/8jyFGYTMc4U?feature=oembed\" frameborder=\"0\" allow=\"accelerometer; autoplay; clipboard-write; encrypted-media; gyroscope; picture-in-picture; web-share\" referrerpolicy=\"strict-origin-when-cross-origin\" allowfullscreen><\/iframe> <\/div><figcaption class=\"wp-element-caption\">Video einer neuen Maisdreschmaschine<\/figcaption><\/figure>    <p>Die neueste Maisbek\u00e4mpfung von Taizy ist ein innovatives Faltungsdesign, das kompakt und einfach zu installieren und zu transportieren ist. Die Maschine beh\u00e4lt eine hohe Dreschleistung bei und optimiert gleichzeitig den Raum und die Flexibilit\u00e4t. <\/p>    <figure class=\"wp-block-gallery aligncenter has-nested-images columns-default is-cropped wp-block-gallery-4 is-layout-flex wp-block-gallery-is-layout-flex\"> <figure class=\"wp-block-image size-large\"><img loading=\"lazy\" decoding=\"async\" width=\"720\" height=\"540\" data-id=\"6321\" src=\"https:\/\/taizyagromachine.com\/wp-content\/uploads\/2022\/02\/diesel-powered-corn-shelling-machine.webp\" alt=\"dieselbetriebene Maissch\u00e4lmaschine\" class=\"wp-image-6321\"\/><figcaption class=\"wp-element-caption\">dieselbetriebene Maissch\u00e4lmaschine<\/figcaption><\/figure>    <figure class=\"wp-block-image size-large\"><img loading=\"lazy\" decoding=\"async\" width=\"720\" height=\"540\" data-id=\"6322\" src=\"https:\/\/taizyagromachine.com\/wp-content\/uploads\/2022\/02\/maize-thresher-machine-with-folded-conveyor.webp\" alt=\"Maisdreschmaschine mit gefaltetem F\u00f6rderband\" class=\"wp-image-6322\"\/><figcaption class=\"wp-element-caption\">Maisdreschmaschine mit gefaltetem F\u00f6rderband<\/figcaption><\/figure>    <figure class=\"wp-block-image size-large\"><img loading=\"lazy\" decoding=\"async\" width=\"720\" height=\"540\" data-id=\"6323\" src=\"https:\/\/taizyagromachine.com\/wp-content\/uploads\/2022\/02\/totally-display-of-Taizy-corn-sheller-machine.webp\" alt=\"Vollst\u00e4ndige Ausstellung der Maissch\u00e4lmaschine von Taizy\" class=\"wp-image-6323\"\/><figcaption class=\"wp-element-caption\">Vollst\u00e4ndige Ausstellung der Maissch\u00e4lmaschine von Taizy<\/figcaption><\/figure> <\/figure>    <p>Als Benutzer k\u00f6nnen Sie die Maschine einfach zerlegen, transportieren und lagern, was die Verarbeitung von Mais nach der Ernte erheblich vereinfacht und einen hervorragenden Komfort und praktische Anwendbarkeit beweist.<\/p>    <figure class=\"wp-block-gallery aligncenter has-nested-images columns-default is-cropped wp-block-gallery-5 is-layout-flex wp-block-gallery-is-layout-flex\"> <figure class=\"wp-block-image size-large\"><img loading=\"lazy\" decoding=\"async\" width=\"720\" height=\"540\" data-id=\"6324\" src=\"https:\/\/taizyagromachine.com\/wp-content\/uploads\/2022\/02\/maize-shelling-machine-in-stock.webp\" alt=\"Maissch\u00e4lmaschine auf Lager\" class=\"wp-image-6324\"\/><figcaption class=\"wp-element-caption\">Maissch\u00e4lmaschine auf Lager<\/figcaption><\/figure>    <figure class=\"wp-block-image size-large\"><img loading=\"lazy\" decoding=\"async\" width=\"720\" height=\"540\" data-id=\"6325\" src=\"https:\/\/taizyagromachine.com\/wp-content\/uploads\/2022\/02\/maize-thresher-machine-for-sale.webp\" alt=\"Maisdreschmaschine zu verkaufen\" class=\"wp-image-6325\"\/><figcaption class=\"wp-element-caption\">Maisdreschmaschine zu verkaufen<\/figcaption><\/figure> <\/figure>    <h2 class=\"wp-block-heading\" id=\"advantages-of-maize-sheller\"><strong>Vorteile des Maissch\u00e4lers zum Verkauf<\/strong><\/h2>    <ul class=\"wp-block-list\"> <li>Der Sch\u00e4lanteil bei Mais kann bis zu 99,51 TP3T betragen, wodurch Mais effektiv gesch\u00e4lt wird.<\/li>    <li>F\u00f6rderband zum arbeitssparenden Transport von Mais.<\/li>    <li>Hohe Arbeitseffizienz, die Kapazit\u00e4t betr\u00e4gt ca. 6 t\/h.<\/li>    <li>Das Gebl\u00e4se bl\u00e4st die Verunreinigungen weg und garantiert so, dass die Maissamen sehr sauber sind.<\/li>    <li>Dieselmotoren oder Elektromotoren sind eine gute Wahl f\u00fcr Bereiche, in denen es an Strom mangelt.<\/li>    <li>Durch die Deichsel und R\u00e4der leicht zu bewegen.<\/li> <\/ul>    <h2 class=\"wp-block-heading\" id=\"working-process-of-maize-thresher\"><strong>Arbeitsablauf der Maisdreschmaschine Taizy<\/strong><\/h2>   <div id=\"rank-math-howto\" class=\"rank-math-block\" > <div class=\"rank-math-howto-description\">  <p class=\"translation-block\">Als professionelles Agrarunternehmen ist diese Maiskolben-Sch\u00e4lmaschine ein kommerzieller <a href=\"https:\/\/taizyagromachine.com\/de\/product\/corn-threshing-machine\/\">Maiskolbensch\u00e4ler<\/a>. Lernen wir den Prozess des Maisdreschers besser kennen.<\/p>  <\/div>  <div class=\"rank-math-steps\"> <div id=\"howto-step-1704181461787\" class=\"rank-math-step\"> <h3 class=\"rank-math-step-title\">Maisverladung und -transport per F\u00f6rderband<\/h3> <div class=\"rank-math-step-content\"><p>F\u00fchren Sie den Mais durch das F\u00f6rderband, bis die K\u00f6rner die Dreschkammer erreichen.<\/p> <\/div> <\/div> <div id=\"howto-step-1704181510328\" class=\"rank-math-step\"> <h3 class=\"rank-math-step-title\">Dreschen und Entfernen von Verunreinigungen<\/h3> <div class=\"rank-math-step-content\"><p>Nach dem Dreschen und Trennen werden die leichten Verunreinigungen aus dem Staubauslass ausgeblasen.<\/p> <\/div> <\/div> <div id=\"howto-step-1704181531183\" class=\"rank-math-step\"> <h3 class=\"rank-math-step-title\">Maiskolbenauswurf und Maissamensammlung<\/h3> <div class=\"rank-math-step-content\"><img loading=\"lazy\" decoding=\"async\" width=\"720\" height=\"540\" src=\"https:\/\/taizyagromachine.com\/wp-content\/uploads\/2022\/02\/working-screne-of-corn-thresher.jpg\" class=\"attachment-full size-full\" alt=\"Arbeitssieb einer Maisdreschmaschine\" srcset=\"https:\/\/taizyagromachine.com\/wp-content\/uploads\/2022\/02\/working-screne-of-corn-thresher.jpg 720w, https:\/\/taizyagromachine.com\/wp-content\/uploads\/2022\/02\/working-screne-of-corn-thresher-300x225.jpg 300w\" sizes=\"auto, (max-width: 720px) 100vw, 720px\" \/><p>Der ganze Maiskolben kommt aus dem Maiskolbenauslass heraus, gleichzeitig werden die Maisk\u00f6rner aus dem entsprechenden Auslass ausgegeben.<\/p> <\/div> <\/div> <\/div> <\/div>       <h2 class=\"wp-block-heading\" id=\"optional-equipment\"><strong>Optionale Ausr\u00fcstung f\u00fcr gro\u00dfe Maisdreschmaschine<\/strong><\/h2>    <p id=\"optional-equipment\" class=\"translation-block\"><strong>1. F\u00f6rderband<\/strong><\/p>    <p>Dieses F\u00f6rderband dient zum Transport von Mais. Es wird f\u00fcr die Maisdreschmaschine verwendet, um Arbeitsersparnis und hohe Effizienz zu gew\u00e4hrleisten.<\/p>    <p class=\"translation-block\"><strong>2. Rohr f\u00fcr den Transport der Maisk\u00f6rner<\/strong><\/p>    <p>Den Landwirten kommt das Ger\u00e4t zugute, da es direkt zum gro\u00dfen Beh\u00e4lter zur Lagerung der Maissamen gelangen kann.<\/p>    <p>Bitte beachten Sie, dass der Preis f\u00fcr die Maisdreschmaschine je nach Standort variiert.<\/p>   <div class=\"wp-block-image\"> <figure class=\"aligncenter size-full\"><img loading=\"lazy\" decoding=\"async\" width=\"720\" height=\"540\" src=\"https:\/\/taizyagromachine.com\/wp-content\/uploads\/2022\/02\/optional-conveyor-and-pipe-corn-thresher.jpg\" alt=\"optionale-F\u00f6rderband-und-Rohr-Maisdrescher\" class=\"wp-image-2068\" srcset=\"https:\/\/taizyagromachine.com\/wp-content\/uploads\/2022\/02\/optional-conveyor-and-pipe-corn-thresher.jpg 720w, https:\/\/taizyagromachine.com\/wp-content\/uploads\/2022\/02\/optional-conveyor-and-pipe-corn-thresher-300x225.jpg 300w\" sizes=\"auto, (max-width: 720px) 100vw, 720px\" \/><figcaption class=\"wp-element-caption\">optionales F\u00f6rderband und Rohr<\/figcaption><\/figure> <\/div>   <h2 class=\"wp-block-heading\"><strong>Faktoren, die den Preis f\u00fcr Maisdrescher beeinflussen<\/strong><\/h2>    <p>Es gibt viele Faktoren, die den Preis einer Maisdreschmaschine beeinflussen. Wir listen lediglich einige Faktoren als Referenz auf.<\/p>    <ul class=\"wp-block-list\"> <li><strong>Optionale Ausstattung<\/strong>. Wie oben erw\u00e4hnt, stehen f\u00fcr diese gro\u00dfe Maisdreschmaschine verschiedene Konfigurationen zur Verf\u00fcgung. Ohne Rohr und F\u00f6rderband und mit Rohr und F\u00f6rderband sind v\u00f6llig unterschiedliche Preise.<\/li>    <li><strong>Leistung der Maschine<\/strong>. Die Maisdreschmaschine kann mit einem Dieselmotor oder einem Elektromotor angetrieben werden. Der Preis ist beim Dieselmotor oder beim Elektromotor unterschiedlich. <\/li>    <li><strong>Qualit\u00e4t der Maschine<\/strong>. Die Hersteller und Lieferanten von Mais Dreschmaschinen sind auf dem Markt zahlreich. Vielleicht haben einige Lieferanten die Maschine zu einem g\u00fcnstigeren Preis im Vergleich zu unserem Maisdreiser, aber Sie sollten auch auf die Qualit\u00e4t der Maschine aufmerksam machen. <\/li> <\/ul>    <h2 class=\"wp-block-heading\"><strong>St\u00e4rken von Taizy - die zuverl\u00e4ssigen Mais -Dreierhersteller &amp; Lieferanten<\/strong><\/h2>    <ol class=\"wp-block-list\"> <li><strong>Wettbewerbsf\u00e4higer Preis<\/strong>. Da wir sowohl Hersteller als auch Produzent sind, verf\u00fcgen wir \u00fcber einen Preisvorteil, ohne dass sich die Kosten f\u00fcr die Maschine erh\u00f6hen.<\/li>    <li><strong>CE-Zertifikat<\/strong>. Unsere Maisdreschmaschinen sind von der zust\u00e4ndigen Beh\u00f6rde zertifiziert, die Qualit\u00e4t der Maschine ist garantiert und die Lebensdauer ist lang.<\/li>    <li><strong>Kundendienst<\/strong>. Unsere Mitarbeiter bieten Ihnen einen professionellen Kundendienst, der speziell darauf ausgerichtet ist, alle Fragen zu beantworten, die im Zusammenhang mit der Verwendung der Maisdreschmaschine auftreten k\u00f6nnen.<\/li>    <li><strong>Online-Service, Videoanleitung usw<\/strong>. Zum Zeitpunkt des Erhalts der Maschine sind Sie zwangsl\u00e4ufig nicht mit der Maschine vertraut. Zu diesem Zeitpunkt bieten wir eine Online-Anleitung oder ein Video an, damit sich Kunden so schnell wie m\u00f6glich mit der Verwendung der Maschine vertraut machen k\u00f6nnen.<\/li> <\/ol>   <div class=\"wp-block-image\"> <figure class=\"aligncenter size-full\"><img loading=\"lazy\" decoding=\"async\" width=\"720\" height=\"540\" src=\"https:\/\/taizyagromachine.com\/wp-content\/uploads\/2022\/04\/strong-strength-Taizy-Argo-Machine.jpg\" alt=\"Starke St\u00e4rke \u2013 Taizy Argo Machine\" class=\"wp-image-2452\" srcset=\"https:\/\/taizyagromachine.com\/wp-content\/uploads\/2022\/04\/strong-strength-Taizy-Argo-Machine.jpg 720w, https:\/\/taizyagromachine.com\/wp-content\/uploads\/2022\/04\/strong-strength-Taizy-Argo-Machine-300x225.jpg 300w\" sizes=\"auto, (max-width: 720px) 100vw, 720px\" \/><figcaption class=\"wp-element-caption\">Starke St\u00e4rke \u2013 Taizy Argo Machine<\/figcaption><\/figure> <\/div>   <h2 class=\"wp-block-heading\" id=\"several-things-to-clarify\"><strong>F\u00fcr die Maissch\u00e4lmaschine sind einige Dinge zu kl\u00e4ren<\/strong><\/h2>   <div id=\"rank-math-faq\" class=\"rank-math-block\"> <div class=\"rank-math-list\"> <div id=\"faq-question-1668158967005\" class=\"rank-math-list-item\"> <h3 class=\"rank-math-question\"><strong><strong>Ist diese Maschine nur f\u00fcr Mais?<\/strong><\/strong>? Wenn andere Nutzpflanzen wie Hirse usw <strong><strong>Sorghum, ist diese Maschine anwendbar?<\/strong><\/strong><\/h3> <div class=\"rank-math-answer\">  <p>Dieser Maisdrescher kann nur zum Sch\u00e4len von trockenem Mais verwendet werden. Andere Kulturen k\u00f6nnen andere Dreschmaschinen w\u00e4hlen. So kann beispielsweise Sorghum mit der multifunktionalen Dreschmaschine angebaut werden.<\/p>  <\/div> <\/div> <div id=\"faq-question-1668158977898\" class=\"rank-math-list-item\"> <h3 class=\"rank-math-question\"><strong><strong>Kann der Maisdrescher die Maisschale sch\u00e4len?<\/strong><\/strong><\/h3> <div class=\"rank-math-answer\">  <p>Nein, diese Maisdreschmaschine ist f\u00fcr Mais ohne Spelzen geeignet.<\/p>  <\/div> <\/div> <div id=\"faq-question-1668158995127\" class=\"rank-math-list-item\"> <h3 class=\"rank-math-question\"><strong><strong>Kann dieser Maissch\u00e4ler Zuckermais zum Dreschen verwenden?<\/strong><\/strong><\/h3> <div class=\"rank-math-answer\">  <p>Der zum Verkauf stehende Maissch\u00e4ler unterscheidet sich vom Zuckermaisdrescher. Diese Maschine drischt trockenen Mais. Wenn Sie den Zuckermais dreschen m\u00f6chten, ist die Zuckermaissch\u00e4lmaschine die bessere Wahl.<\/p>  <\/div> <\/div> <\/div> <\/div>   <h2 class=\"wp-block-heading\"><strong>Technische Parameter des Maisdreschers Big Taizy<\/strong><\/h2>    <figure class=\"wp-block-table\"><table><tbody><tr><td>Modell<\/td><td>5TY-80D<\/td><\/tr><tr><td>Leistung<\/td><td>15-PS-Dieselmotor oder 7,5-kW-Motor<\/td><\/tr><tr><td>Kapazit\u00e4t<\/td><td>6t\/h (Maissamen)<\/td><\/tr><tr><td>Dreschgeschwindigkeit<\/td><td>\u226599,5%<\/td><\/tr><tr><td>Verlustrate<\/td><td>\u22642,0%<\/td><\/tr><tr><td>Bruchrate<\/td><td>\u22641,5%<\/td><\/tr><tr><td>Verunreinigungsrate<\/td><td>\u22641,0%<\/td><\/tr><tr><td>Gewicht<\/td><td>350kg<\/td><\/tr><tr><td>Gr\u00f6\u00dfe<\/td><td>3860*1360*2480\u00a0mm<\/td><\/tr><\/tbody><\/table><figcaption class=\"wp-element-caption\">Parameter der Maisdreschmaschine<\/figcaption><\/figure>    <h2 class=\"wp-block-heading\"><strong>Beginnen Sie jetzt mit dem Dreschen von Mais!<\/strong><\/h2>    <p class=\"translation-block\">Starten Sie Ihre <a href=\"https:\/\/en.wikipedia.org\/wiki\/Maize\" target=\"_blank\" rel=\"noopener\">Mais<\/a>-Ernte-Reise sofort! W\u00e4hlen Sie unseren gro\u00dfen Maisdrescher, effizient und bequem, ein Knopf zum \u00d6ffnen des Stapel-Maisdreschmodus. Kontaktieren Sie uns sofort f\u00fcr weitere Details und den besten Preis f\u00fcr Maisdrescher!<\/p>    <figure class=\"wp-block-embed is-type-video is-provider-youtube wp-block-embed-youtube wp-embed-aspect-16-9 wp-has-aspect-ratio\"><div class=\"wp-block-embed__wrapper\"> <iframe loading=\"lazy\" title=\"Hochvolumen Mais -Schalmer -Maschine f\u00fcr Mais -Dreschen | Mais -Driseur f\u00fcr Maisbesch\u00e4ftigung mit 6T\/h\" width=\"500\" height=\"281\" src=\"https:\/\/www.youtube.com\/embed\/ZE9BoK5BwqM?feature=oembed\" frameborder=\"0\" allow=\"accelerometer; autoplay; clipboard-write; encrypted-media; gyroscope; picture-in-picture; web-share\" referrerpolicy=\"strict-origin-when-cross-origin\" allowfullscreen><\/iframe> <\/div><figcaption class=\"wp-element-caption\">Video der Mais -Dreschmaschine<\/figcaption><\/figure>","protected":false},"excerpt":{"rendered":"<p>Mais Thresher dient speziell zum Trennen von Mais in Maisk\u00f6rner und Maisschobter mit einer gro\u00dfen Kapazit\u00e4t von 6 t pro Stunde, deren Typ F\u00f6rderer gefaltet ist! Wir beschreiben die neuesten Arten von Mais -Threshern zusammen mit Maschinenparametern f\u00fcr Ihre Referenz bei der Auswahl.<\/p>","protected":false},"author":1,"featured_media":2141,"parent":0,"template":"","tags":[],"product-type":[17],"class_list":["post-2064","product","type-product","status-publish","has-post-thumbnail","hentry","product-type-corn-machine"],"_links":{"self":[{"href":"https:\/\/taizyagromachine.com\/de\/wp-json\/wp\/v2\/product\/2064","targetHints":{"allow":["GET"]}}],"collection":[{"href":"https:\/\/taizyagromachine.com\/de\/wp-json\/wp\/v2\/product"}],"about":[{"href":"https:\/\/taizyagromachine.com\/de\/wp-json\/wp\/v2\/types\/product"}],"author":[{"embeddable":true,"href":"https:\/\/taizyagromachine.com\/de\/wp-json\/wp\/v2\/users\/1"}],"wp:featuredmedia":[{"embeddable":true,"href":"https:\/\/taizyagromachine.com\/de\/wp-json\/wp\/v2\/media\/2141"}],"wp:attachment":[{"href":"https:\/\/taizyagromachine.com\/de\/wp-json\/wp\/v2\/media?parent=2064"}],"wp:term":[{"taxonomy":"post_tag","embeddable":true,"href":"https:\/\/taizyagromachine.com\/de\/wp-json\/wp\/v2\/tags?post=2064"},{"taxonomy":"product-type","embeddable":true,"href":"https:\/\/taizyagromachine.com\/de\/wp-json\/wp\/v2\/product-type?post=2064"}],"curies":[{"name":"wp","href":"https:\/\/api.w.org\/{rel}","templated":true}]}}