{"id":2092,"date":"2022-02-17T09:56:31","date_gmt":"2022-02-17T09:56:31","guid":{"rendered":"https:\/\/taizyagromachine.com\/"},"modified":"2025-05-07T11:30:30","modified_gmt":"2025-05-07T03:30:30","slug":"automatic-groundnut-oil-sunflower-oil-making-machine","status":"publish","type":"product","link":"https:\/\/taizyagromachine.com\/de\/product\/automatic-groundnut-oil-sunflower-oil-making-machine\/","title":{"rendered":"Erdnuss\u00f6l-Herstellungsmaschine | Erdnuss\u00f6l-Pressmaschine"},"content":{"rendered":"<p class=\"translation-block\">Taizy <strong>Erdnuss\u00f6l-Herstellungsmaschine<\/strong> spezialisiert auf die Extraktion von \u00d6l und Fett aus Erdnusskernen mit oder ohne Schale durch Schneckenpressen mit Hei\u00dfpressung. Es ist eine Schnecken\u00f6lpresse, die auch f\u00fcr Sonnenblumenkerne, Sojabohnen usw. geeignet ist. Ihre Leistung betr\u00e4gt 40\u2013600 kg\/h.<\/p>    <p>Diese Erdnuss\u00f6lpressmaschine hat eine \u00d6lextraktionsrate von 43-54%. Die Temperatur f\u00fcr gepresste Erdn\u00fcsse erreicht 100-200\u2103 und die Temperatur der Maschine liegt bei etwa 180\u2103.<\/p>    <p>Es zeichnet sich durch einfache Struktur, einfache Bedienung und hohe \u00d6lausbeute aus und wird h\u00e4ufig in kleinen \u00d6lh\u00e4usern und Familienwerkst\u00e4tten eingesetzt. Wenn Sie weitere Informationen w\u00fcnschen, kontaktieren Sie mich bitte f\u00fcr weitere Maschinendetails!<\/p>    <figure class=\"wp-block-embed is-type-video is-provider-youtube wp-block-embed-youtube wp-embed-aspect-16-9 wp-has-aspect-ratio\"><div class=\"wp-block-embed__wrapper\"> <iframe loading=\"lazy\" title=\"Wie extrahiert man Erdnuss\u00f6l durch Kalt- und Hei\u00df\u00f6lpresse? \u00d6lextraktionsmaschine f\u00fcr Erdnusskernschalen\" width=\"500\" height=\"281\" src=\"https:\/\/www.youtube.com\/embed\/drwu4FR4itc?feature=oembed\" frameborder=\"0\" allow=\"accelerometer; autoplay; clipboard-write; encrypted-media; gyroscope; picture-in-picture; web-share\" referrerpolicy=\"strict-origin-when-cross-origin\" allowfullscreen><\/iframe> <\/div><figcaption class=\"wp-element-caption\">Video einer Schnecken\u00f6lpressmaschine<\/figcaption><\/figure>    <h2 class=\"wp-block-heading\" id=\"features-of-groundnut-oil-processing-machine\"><strong>Merkmale der Erdnuss\u00f6l-Extraktionsmaschine von Taizy<\/strong>&nbsp;<\/h2>    <ul class=\"wp-block-list\"> <li>Diese Maschine verf\u00fcgt \u00fcber eine gro\u00dfe Auswahl an <strong>Kapazit\u00e4t von 40-600 kg\/h<\/strong>, was sehr effizient ist.<\/li>    <li>Es hat eine <strong>hohe \u00d6lausbeute von 43-54%<\/strong>, zum Vorteil Ihres Unternehmens.<\/li>    <li>Die Ausr\u00fcstung ist nicht nur anwendbar auf <strong>Erdn\u00fcsse<\/strong>, kann aber auch f\u00fcr verwendet werden <strong>Sonnenblumenkerne, Sojabohnen<\/strong> und andere \u00d6lpflanzen.<\/li>    <li>Die Erdnuss\u00f6lverarbeitungsmaschine kann sein <strong>ausgestattet mit Vakuumfiltern<\/strong>, um mehr hochwertiges Speise\u00f6l zu erhalten.<\/li>    <li>Die Schraube ist eine <strong>Dreistufenpresse<\/strong>, Materialien einmal einlegen und das endg\u00fcltige Speise\u00f6l erhalten.<\/li>    <li>Es hat eine einfache Struktur, <strong>einfach zu bedienen<\/strong>.<\/li>    <li>Diese Erdnuss\u00f6lpressmaschine ist <strong>Hergestellt aus hochwertigen Materialien<\/strong>und hat eine stabile Leistung und eine lange Lebensdauer.<\/li> <\/ul>    <figure class=\"wp-block-gallery aligncenter has-nested-images columns-default is-cropped wp-block-gallery-2 is-layout-flex wp-block-gallery-is-layout-flex\"> <figure class=\"wp-block-image size-large\"><img loading=\"lazy\" decoding=\"async\" width=\"950\" height=\"540\" data-id=\"7116\" src=\"https:\/\/taizyagromachine.com\/wp-content\/uploads\/2022\/02\/peanut-oil-expeller-machine-for-groundnut-oil.webp\" alt=\"Erdnuss\u00f6l-Vertreibermaschine f\u00fcr Erdnuss\u00f6l\" class=\"wp-image-7116\" srcset=\"https:\/\/taizyagromachine.com\/wp-content\/uploads\/2022\/02\/peanut-oil-expeller-machine-for-groundnut-oil.webp 950w, https:\/\/taizyagromachine.com\/wp-content\/uploads\/2022\/02\/peanut-oil-expeller-machine-for-groundnut-oil-18x10.webp 18w\" sizes=\"auto, (max-width: 950px) 100vw, 950px\" \/><figcaption class=\"wp-element-caption\">Erdnuss\u00f6l-Vertreibermaschine f\u00fcr Erdnuss\u00f6l<\/figcaption><\/figure> <\/figure>    <h2 class=\"wp-block-heading\"><strong>Technische Parameter der Erdnuss\u00f6l-Herstellungsmaschine<\/strong><\/h2>    <figure class=\"wp-block-table\"><table class=\"has-fixed-layout\"><tbody><tr><td>Modell<\/td><td>6YL-60<\/td><td>6YL-70<\/td><td>6YL-100<\/td><td>6YL-125<\/td><td>6YL-150<\/td><\/tr><tr><td>Kapazit\u00e4t (kg\/h)<\/td><td>40-60<\/td><td>45-70<\/td><td>150-230<\/td><td>300-400<\/td><td>500-600<\/td><\/tr><tr><td>Schraubendurchmesser (mm)<\/td><td>\u03a660<\/td><td>\u03c670<\/td><td>\u03a6100<\/td><td>\u03a6125<\/td><td>\u03a6150<\/td><\/tr><tr><td>Schneckengeschwindigkeit (U\/min)<\/td><td>64<\/td><td>37<\/td><td>37<\/td><td>35<\/td><td>35<\/td><\/tr><tr><td>Motorleistung (kW)<\/td><td>2.5<\/td><td>3<\/td><td>7.5<\/td><td>15<\/td><td>30<\/td><\/tr><tr><td>Gewicht (kg)<\/td><td>240<\/td><td>320<\/td><td>1100<\/td><td>1320<\/td><td>1420<\/td><\/tr><tr><td>Gr\u00f6\u00dfe (mm)<\/td><td>1020*780*1100<\/td><td>1450*870*1180<\/td><td>1800*1200*1550<\/td><td>2100*1400*1700<\/td><td>2300*1400*1700<\/td><\/tr><\/tbody><\/table><figcaption class=\"wp-element-caption\">Technische Daten der Erdnuss\u00f6l-Extraktionsmaschine<\/figcaption><\/figure>    <h2 class=\"wp-block-heading\" id=\"structure-of-groundnut-oil-extraction\"><strong>Aufbau einer Erdnuss\u00f6l-Herstellungsmaschine<\/strong><\/h2>    <p>Insgesamt ist der Aufbau einfach. Es besteht haupts\u00e4chlich aus f\u00fcnf Teilen: elektrischem Steuerteil, Heiz- und Pressteil, Einstellteil, Getriebeteil und Vakuum\u00f6lfilter. <\/p>    <ul class=\"wp-block-list\"> <li>Bei einer Maschine zur Herstellung von Erdnuss\u00f6l steuert der elektrische Steuerteil den Stromkreis der gesamten Maschine. <\/li>    <li>Der Erhitzungs- und Pressteil ist der Kern, der das Material haupts\u00e4chlich in Speise\u00f6l umwandelt. <\/li>    <li>Der Einstell- und \u00dcbertragungsteil ist ebenfalls ein unverzichtbarer Bestandteil. <\/li>    <li>Der Vakuum\u00f6lfilterteil filtert haupts\u00e4chlich das Speise\u00f6l durch das Vakuum.<\/li> <\/ul>   <div class=\"wp-block-image\"> <figure class=\"aligncenter size-full\"><img loading=\"lazy\" decoding=\"async\" width=\"720\" height=\"540\" src=\"https:\/\/taizyagromachine.com\/wp-content\/uploads\/2022\/02\/structure-of-groundnut-oil-processing-machine.jpg\" alt=\"Struktur der Erdnuss\u00f6lverarbeitungsmaschine\" class=\"wp-image-2094\" srcset=\"https:\/\/taizyagromachine.com\/wp-content\/uploads\/2022\/02\/structure-of-groundnut-oil-processing-machine.jpg 720w, https:\/\/taizyagromachine.com\/wp-content\/uploads\/2022\/02\/structure-of-groundnut-oil-processing-machine-300x225.jpg 300w\" sizes=\"auto, (max-width: 720px) 100vw, 720px\" \/><figcaption class=\"wp-element-caption\">Struktur der Erdnuss\u00f6lverarbeitungsmaschine<\/figcaption><\/figure> <\/div>   <figure class=\"wp-block-table is-style-stripes\"><table><tbody><tr><td>1. Temperaturregler<\/td><td>7. Futtereinlass<\/td><\/tr><tr><td>2. Rauchabzug<\/td><td>8. Einstellbereich<\/td><\/tr><tr><td>3. Stromverteilerschrank<\/td><td>9. Heizelement<\/td><\/tr><tr><td>4. \u00d6lposition<\/td><td>10. Teil aus\u00f6len<\/td><\/tr><tr><td>5. Reduzierst\u00fcck<\/td><td>11. Teil dr\u00fccken<\/td><\/tr><tr><td>6. Motor<\/td><td>12. Vakuum\u00f6lfilter<\/td><\/tr><\/tbody><\/table><figcaption class=\"wp-element-caption\">Namensliste der Erdnuss\u00f6lpressmaschine<\/figcaption><\/figure>    <h2 class=\"wp-block-heading\" id=\"how-to-do-extraction-of-oil-from-groundnut-seed\"><strong>Wie extrahiert man Erdnuss\u00f6l aus Erdn\u00fcssen?<\/strong><\/h2>   <div class=\"wp-block-image\"> <figure class=\"aligncenter size-full\"><img loading=\"lazy\" decoding=\"async\" width=\"720\" height=\"540\" src=\"https:\/\/taizyagromachine.com\/wp-content\/uploads\/2022\/02\/screw-sunflower-oil-press.jpg\" alt=\"schrauben\" class=\"wp-image-2100\" srcset=\"https:\/\/taizyagromachine.com\/wp-content\/uploads\/2022\/02\/screw-sunflower-oil-press.jpg 720w, https:\/\/taizyagromachine.com\/wp-content\/uploads\/2022\/02\/screw-sunflower-oil-press-300x225.jpg 300w\" sizes=\"auto, (max-width: 720px) 100vw, 720px\" \/><figcaption class=\"wp-element-caption\">schrauben<\/figcaption><\/figure> <\/div>   <p class=\"translation-block\">Diese Erdnuss\u00f6l-Herstellungsmaschine ist eine <a href=\"https:\/\/taizyagromachine.com\/de\/product\/oil-press-machine-cold-oil-press-hot-oil-press-machine\/\">Schnecken\u00f6lpresse<\/a>, die eine Schneckenwelle zur \u00d6lextraktion hat. Wie stellt man also Erdnuss\u00f6l her? Sehen Sie sich die folgenden Schritte an.<\/p>    <ol class=\"wp-block-list\"> <li><strong>Rohstoffaufbereitung<\/strong> <ul class=\"wp-block-list\"> <li>Reinigen und Entfernen von Verunreinigungen: Reinigen Sie die Erdn\u00fcsse, entfernen Sie Erde, Steine, Verunreinigungen usw.<\/li>    <li>R\u00f6sten: Um die \u00d6lausbeute zu erh\u00f6hen, r\u00f6sten Sie die gereinigten Erdn\u00fcsse. Die Temperatur erreicht 100-120\u2103, was f\u00fcr die anschlie\u00dfende Hei\u00df\u00f6lpressung besser ist. <\/li> <\/ul> <\/li>    <li><strong>\u00d6lpresse vorheizen<\/strong> <ul class=\"wp-block-list\"> <li>Starten Sie die Maschine: Starten Sie vor der formellen \u00d6lf\u00f6rderung die Schnecken\u00f6lpresse und f\u00fchren Sie den entsprechenden Vorw\u00e4rmvorgang durch. Stellen Sie sicher, dass die Erdnuss\u00f6lmaschine die Betriebstemperatur erreicht, damit das Erdnuss\u00f6l leichter ausflie\u00dfen kann.<\/li>    <li>\u00dcberpr\u00fcfen Sie die Futter\u00f6ffnung: Stellen Sie sicher, dass die Futter\u00f6ffnung frei und frei von Verstopfungen ist und mit der F\u00fctterung beginnen kann.<\/li> <\/ul> <\/li>    <li><strong>F\u00fctterung und \u00d6lgewinnung<\/strong> <ul class=\"wp-block-list\"> <li>Gleichm\u00e4\u00dfige Zuf\u00fchrung: Geben Sie die Erdn\u00fcsse langsam und gleichm\u00e4\u00dfig in die Einf\u00fcll\u00f6ffnung der Schneckenpresse.<\/li>    <li>Schneckenpressen: Die Schnecken\u00f6lextraktionsmaschine \u00fcbt durch die Drehung der Schneckenwelle Druck auf die Erdn\u00fcsse aus. Die Erdn\u00fcsse werden nach und nach zerkleinert, unter Druck gesetzt und mit \u00d6l versetzt.<\/li>    <li>\u00d6l-Bodensatz-Trennung: \u00d6l und Bodensatz werden w\u00e4hrend des Pressvorgangs getrennt. Das Erdnuss\u00f6l flie\u00dft am Auslass ab, w\u00e4hrend der R\u00fcckstand (Erdnusskuchen) am anderen Ende abgef\u00fchrt wird.<\/li> <\/ul> <\/li>    <li><strong>Filtration von \u00d6l und Fett<\/strong> <ul class=\"wp-block-list\"> <li>Filtration: Das hei\u00dfgepresste Erdnuss\u00f6l enth\u00e4lt einige R\u00fcckst\u00e4nde, die durch Filtration vom gr\u00f6\u00dften Teil des \u00d6lr\u00fcckstands getrennt werden k\u00f6nnen.<\/li> <\/ul> <\/li>    <li><strong>\u00d6lsammlung und -lagerung<\/strong> <ul class=\"wp-block-list\"> <li>Sammlung von Erdnuss\u00f6l: Sammeln Sie das gefilterte Erdnuss\u00f6l in einem sauberen Beh\u00e4lter. Vermeiden Sie den Kontakt mit Verunreinigungen oder Feuchtigkeit, um die Reinheit des \u00d6ls zu erhalten.<\/li>    <li>Lagerung: Erdnuss\u00f6l sollte in einem luftdichten Beh\u00e4lter an einem k\u00fchlen, trockenen Ort aufbewahrt werden, um die Haltbarkeit zu verl\u00e4ngern.<\/li> <\/ul> <\/li>    <li><strong>R\u00fcckstandsbehandlung<\/strong> <ul class=\"wp-block-list\"> <li>Entsorgung von Erdnusskuchen: Erdnusskuchen kann nach dem Pressen als Tierfutter oder f\u00fcr andere industrielle Zwecke verwendet werden, ohne dass Rohstoffe verschwendet werden.<\/li> <\/ul> <\/li> <\/ol>    <figure class=\"wp-block-embed is-type-video is-provider-youtube wp-block-embed-youtube wp-embed-aspect-16-9 wp-has-aspect-ratio\"><div class=\"wp-block-embed__wrapper\"> <iframe loading=\"lazy\" title=\"Schnecken\u00f6lpresse f\u00fcr Erdn\u00fcsse, Sonnenblumenkerne und Sesam | Wie funktioniert eine \u00d6lf\u00f6rdermaschine?\" width=\"500\" height=\"281\" src=\"https:\/\/www.youtube.com\/embed\/Z-tnbuRlQzc?feature=oembed\" frameborder=\"0\" allow=\"accelerometer; autoplay; clipboard-write; encrypted-media; gyroscope; picture-in-picture; web-share\" referrerpolicy=\"strict-origin-when-cross-origin\" allowfullscreen><\/iframe> <\/div><figcaption class=\"wp-element-caption\">Video zur \u00d6lgewinnung<\/figcaption><\/figure>    <h2 class=\"wp-block-heading\"><strong>Wie erh\u00e4lt man im Extraktionsprozess hochwertiges essbares Erdnuss\u00f6l?<\/strong><\/h2>    <p>Bei der Gewinnung von Speise\u00f6l sind die Kunden vor allem auf die Qualit\u00e4t des \u00d6ls bedacht. Wie erh\u00e4lt man also hochwertiges Speise\u00f6l?<\/p>    <p>Der Einsatz der \u00d6lfiltrationstechnologie kann die Qualit\u00e4t von Speise\u00f6len effektiv verbessern, indem Verunreinigungen und Fehlaromen entfernt werden, was zu klareren, reineren \u00d6len f\u00fchrt. Daher ist unsere Maschine zur Herstellung von Erdnuss\u00f6l normalerweise mit \u00d6lfiltertrommeln ausgestattet, die den Kunden bei der Verwirklichung dieses Ziels helfen k\u00f6nnen.<\/p>    <figure class=\"wp-block-gallery has-nested-images columns-default is-cropped wp-block-gallery-3 is-layout-flex wp-block-gallery-is-layout-flex\"> <figure class=\"wp-block-image size-large\"><img loading=\"lazy\" decoding=\"async\" width=\"720\" height=\"540\" data-id=\"7109\" src=\"https:\/\/taizyagromachine.com\/wp-content\/uploads\/2022\/02\/new-groundnut-oil-making-machine-with-oil-filter.webp\" alt=\"Neue Erdnuss\u00f6l-Herstellungsmaschine mit \u00d6lfilter\" class=\"wp-image-7109\" srcset=\"https:\/\/taizyagromachine.com\/wp-content\/uploads\/2022\/02\/new-groundnut-oil-making-machine-with-oil-filter.webp 720w, https:\/\/taizyagromachine.com\/wp-content\/uploads\/2022\/02\/new-groundnut-oil-making-machine-with-oil-filter-16x12.webp 16w\" sizes=\"auto, (max-width: 720px) 100vw, 720px\" \/><figcaption class=\"wp-element-caption\">Neue Erdnuss\u00f6l-Herstellungsmaschine mit \u00d6lfilter<\/figcaption><\/figure>    <figure class=\"wp-block-image size-large\"><img loading=\"lazy\" decoding=\"async\" width=\"720\" height=\"540\" data-id=\"7110\" src=\"https:\/\/taizyagromachine.com\/wp-content\/uploads\/2022\/02\/oil-filtering-drum.webp\" alt=\"\u00d6lfiltertrommel\" class=\"wp-image-7110\" srcset=\"https:\/\/taizyagromachine.com\/wp-content\/uploads\/2022\/02\/oil-filtering-drum.webp 720w, https:\/\/taizyagromachine.com\/wp-content\/uploads\/2022\/02\/oil-filtering-drum-16x12.webp 16w\" sizes=\"auto, (max-width: 720px) 100vw, 720px\" \/><figcaption class=\"wp-element-caption\">\u00d6lfiltertrommel<\/figcaption><\/figure> <\/figure>    <h2 class=\"wp-block-heading\" id=\"what-materials-is-suitable-for-peanut-oil-press-machine\"><strong>Rohstoffe, die f\u00fcr Erdnuss\u00f6l-Herstellungsmaschinen geeignet sind<\/strong><\/h2>    <p>Diese industrielle Maschine zur Herstellung von Erdnuss\u00f6l eignet sich f\u00fcr:<\/p>    <p class=\"translation-block\"><strong>Soja, Erdnuss, Baumwollsamen, <a href=\"https:\/\/en.wikipedia.org\/wiki\/Rapeseed\" target=\"_blank\" rel=\"noopener\">Raps<\/a>, Sonnenblumenkerne, Pfeffersamen<\/strong> usw.<\/p>    <p>Deshalb nennen wir es auch Sonnenblumen\u00f6l-Herstellungsmaschine oder Baumwollsamen\u00f6lpresse. F\u00fcr Einzelheiten kontaktieren Sie uns bitte f\u00fcr eine Beratung.<\/p>   <div class=\"wp-block-image\"> <figure class=\"aligncenter size-full\"><img loading=\"lazy\" decoding=\"async\" width=\"720\" height=\"540\" src=\"https:\/\/taizyagromachine.com\/wp-content\/uploads\/2022\/02\/application-of-screw-groudnut-oil-extraction.jpg\" alt=\"Anwendung der Schrauben-Erdnuss-\u00d6l-Extraktion\" class=\"wp-image-2135\" srcset=\"https:\/\/taizyagromachine.com\/wp-content\/uploads\/2022\/02\/application-of-screw-groudnut-oil-extraction.jpg 720w, https:\/\/taizyagromachine.com\/wp-content\/uploads\/2022\/02\/application-of-screw-groudnut-oil-extraction-300x225.jpg 300w\" sizes=\"auto, (max-width: 720px) 100vw, 720px\" \/><figcaption class=\"wp-element-caption\">Anwendung der Schnecken-Erdnuss\u00f6lextraktion<\/figcaption><\/figure> <\/div>   <p>Aufgrund des unterschiedlichen \u00d6lgehalts der \u00d6lsorten sowie der unterschiedlichen Betriebstechnologie und \u00d6lvorbehandlung dienen die Daten in der folgenden Tabelle als Referenz.<\/p>    <figure class=\"wp-block-table is-style-stripes\"><table><tbody><tr><td>Rohstoffe<\/td><td>\u00d6lf\u00f6rderrate<\/td><td>Rest\u00f6lanteil im \u00d6lkuchen<\/td><\/tr><tr><td>Sesam<\/td><td>45-55%<\/td><td>\u22646%<\/td><\/tr><tr><td>Erdnuss<\/td><td>43-54%<\/td><td>\u22647%<\/td><\/tr><tr><td>Raps<\/td><td>32-44%<\/td><td>\u22647%<\/td><\/tr><tr><td>Sonnenblume<\/td><td>32-43%<\/td><td>\u22647%<\/td><\/tr><tr><td>Sojabohne<\/td><td>12-18%<\/td><td>\u22646%<\/td><\/tr><\/tbody><\/table><figcaption class=\"wp-element-caption\">\u00d6lausbeutetabelle<\/figcaption><\/figure>   <div class=\"wp-block-image\"> <figure class=\"aligncenter size-large\"><img loading=\"lazy\" decoding=\"async\" width=\"803\" height=\"450\" src=\"https:\/\/taizyagromachine.com\/wp-content\/uploads\/2022\/02\/high-quality-edible-oil.webp\" alt=\"hochwertiges Speise\u00f6l\" class=\"wp-image-7115\" srcset=\"https:\/\/taizyagromachine.com\/wp-content\/uploads\/2022\/02\/high-quality-edible-oil.webp 803w, https:\/\/taizyagromachine.com\/wp-content\/uploads\/2022\/02\/high-quality-edible-oil-18x10.webp 18w\" sizes=\"auto, (max-width: 803px) 100vw, 803px\" \/><figcaption class=\"wp-element-caption\">hochwertiges Speise\u00f6l<\/figcaption><\/figure> <\/div>   <h2 class=\"wp-block-heading\"><strong>Passende Ausr\u00fcstung f\u00fcr Erdnuss\u00f6l-Herstellungsmaschine<\/strong><\/h2>    <p class=\"translation-block\"><strong>Erdnuss\u00f6lpressmaschine mit R\u00f6stmaschine<\/strong><\/p>    <p>Diese Maschine zur Herstellung von Erdnuss\u00f6l erm\u00f6glicht das Hei\u00dfpressen von Erdn\u00fcssen, sodass die R\u00f6stmaschine eingesetzt wird, bevor sie zum Expeller gelangt.<\/p>    <figure class=\"wp-block-gallery aligncenter has-nested-images columns-default is-cropped wp-block-gallery-4 is-layout-flex wp-block-gallery-is-layout-flex\"> <figure class=\"wp-block-image size-full\"><img loading=\"lazy\" decoding=\"async\" width=\"720\" height=\"540\" data-id=\"2097\" src=\"https:\/\/taizyagromachine.com\/wp-content\/uploads\/2022\/02\/peanut-oil-extraction-with-the-roaster-machine.jpg\" alt=\"\u00d6lgewinnung mit der R\u00f6stmaschine\" class=\"wp-image-2097\" srcset=\"https:\/\/taizyagromachine.com\/wp-content\/uploads\/2022\/02\/peanut-oil-extraction-with-the-roaster-machine.jpg 720w, https:\/\/taizyagromachine.com\/wp-content\/uploads\/2022\/02\/peanut-oil-extraction-with-the-roaster-machine-300x225.jpg 300w\" sizes=\"auto, (max-width: 720px) 100vw, 720px\" \/><figcaption class=\"wp-element-caption\"> \u00d6lgewinnung mit der R\u00f6stmaschine<\/figcaption><\/figure>    <figure class=\"wp-block-image size-full\"><img loading=\"lazy\" decoding=\"async\" width=\"720\" height=\"540\" data-id=\"7118\" src=\"https:\/\/taizyagromachine.com\/wp-content\/uploads\/2022\/02\/roaster-machine.webp\" alt=\"R\u00f6stmaschine\" class=\"wp-image-7118\" srcset=\"https:\/\/taizyagromachine.com\/wp-content\/uploads\/2022\/02\/roaster-machine.webp 720w, https:\/\/taizyagromachine.com\/wp-content\/uploads\/2022\/02\/roaster-machine-16x12.webp 16w\" sizes=\"auto, (max-width: 720px) 100vw, 720px\" \/><figcaption class=\"wp-element-caption\">R\u00f6stmaschine<\/figcaption><\/figure> <\/figure>    <p>Wenn Sie mehr \u00fcber diese Art von \u00d6lpresse erfahren m\u00f6chten, nehmen Sie jederzeit Kontakt zu uns auf! Wir bieten die am besten geeignete L\u00f6sung zum Nutzen Ihres \u00d6lgesch\u00e4fts!<\/p>","protected":false},"excerpt":{"rendered":"<p>Die Maschine zur Herstellung von Erdnuss\u00f6l von Taizy ist auf die Gewinnung von \u00d6l und Fett aus Erdn\u00fcssen durch Schneckenpressen und Hei\u00dfpressen spezialisiert. Die Leistung betr\u00e4gt 40\u2013600 kg\/h.<\/p>","protected":false},"author":1,"featured_media":2156,"parent":0,"template":"","tags":[163,166,158,159,161,157,165,167,162,164],"product-type":[21],"class_list":["post-2092","product","type-product","status-publish","has-post-thumbnail","hentry","tag-groundnut-oil-making-machine","tag-groundnut-oil-rxtraction","tag-oil-expeller","tag-oil-extraction-machine","tag-oil-press","tag-oil-press-machine","tag-oil-pressing-machine","tag-peanut-oil-extraction","tag-peanut-oil-making-machine","tag-sunflower-oil-making-machine","product-type-peanut-machine"],"_links":{"self":[{"href":"https:\/\/taizyagromachine.com\/de\/wp-json\/wp\/v2\/product\/2092","targetHints":{"allow":["GET"]}}],"collection":[{"href":"https:\/\/taizyagromachine.com\/de\/wp-json\/wp\/v2\/product"}],"about":[{"href":"https:\/\/taizyagromachine.com\/de\/wp-json\/wp\/v2\/types\/product"}],"author":[{"embeddable":true,"href":"https:\/\/taizyagromachine.com\/de\/wp-json\/wp\/v2\/users\/1"}],"wp:featuredmedia":[{"embeddable":true,"href":"https:\/\/taizyagromachine.com\/de\/wp-json\/wp\/v2\/media\/2156"}],"wp:attachment":[{"href":"https:\/\/taizyagromachine.com\/de\/wp-json\/wp\/v2\/media?parent=2092"}],"wp:term":[{"taxonomy":"post_tag","embeddable":true,"href":"https:\/\/taizyagromachine.com\/de\/wp-json\/wp\/v2\/tags?post=2092"},{"taxonomy":"product-type","embeddable":true,"href":"https:\/\/taizyagromachine.com\/de\/wp-json\/wp\/v2\/product-type?post=2092"}],"curies":[{"name":"wp","href":"https:\/\/api.w.org\/{rel}","templated":true}]}}