{"id":2242,"date":"2022-03-18T08:12:32","date_gmt":"2022-03-18T08:12:32","guid":{"rendered":"https:\/\/taizyagromachine.com\/"},"modified":"2023-12-29T16:37:07","modified_gmt":"2023-12-29T08:37:07","slug":"wheat-thresher","status":"publish","type":"product","link":"https:\/\/taizyagromachine.com\/de\/product\/wheat-thresher\/","title":{"rendered":"Multifunktionaler Weizendrescher f\u00fcr Rohreisweizen, Gerste, Sojabohnen"},"content":{"rendered":"<p class=\"translation-block\">Der <strong>Weizendrescher<\/strong> wird haupts\u00e4chlich zum Dreschen von Gerste, Weizen, Reis und anderem Getreide (wie Sorghum, Getreide, Sojabohnen usw.) verwendet. Er hat eine Kapazit\u00e4t von 500-1200 kg\/h und eine Verlust- und Besch\u00e4digungsrate von \u22641,5 %.<\/p>    <p>Diese Dreschmaschine f\u00fcr Reisweizen wird haupts\u00e4chlich zum Dreschen von Feldfr\u00fcchten eingesetzt und eignet sich besonders f\u00fcr das gro\u00dffl\u00e4chige Dreschen nach der Ernte auf Ackerland. Daher ist es f\u00fcr Mehlverarbeitungsbetriebe oder Investitionsunternehmer eine gute Wahl, um Gewinne zu erzielen.<\/p>    <p>Unsere Reisweizen-Dreschmaschine erfreut sich in vielen L\u00e4ndern gro\u00dfer Beliebtheit. L\u00e4nder wie Peru, Nigeria, USA, Sierra Leone, Oman, Ghana, Gambia, Trinidad und Tobago. Wenn Sie also Interesse haben, kontaktieren Sie mich jederzeit!<\/p>    <figure class=\"wp-block-embed is-type-video is-provider-youtube wp-block-embed-youtube wp-embed-aspect-16-9 wp-has-aspect-ratio\"><div class=\"wp-block-embed__wrapper\"> <iframe loading=\"lazy\" title=\"Rohreis-Weizendrescher f\u00fcr Reis, Weizen, Sorghum, Hirse, Bohnen, Raps #Thresher\" width=\"500\" height=\"281\" src=\"https:\/\/www.youtube.com\/embed\/VCyiJiKC3Fo?feature=oembed\" frameborder=\"0\" allow=\"accelerometer; autoplay; clipboard-write; encrypted-media; gyroscope; picture-in-picture; web-share\" referrerpolicy=\"strict-origin-when-cross-origin\" allowfullscreen><\/iframe> <\/div><figcaption class=\"wp-element-caption\">Reis- und Weizendrescher f\u00fcr verschiedene Getreidearten<\/figcaption><\/figure>    <h2 class=\"wp-block-heading\"><strong>Verf\u00fcgbare Weizendreschmaschine zum Verkauf<\/strong><\/h2>    <p>Die Funktionen unserer Weizendreschmaschine sind:<\/p>    <ul class=\"wp-block-list\"> <li><strong>Dreschen<\/strong>: Trennen Sie die K\u00f6rner mechanisch vom Stroh an den \u00c4hren von Reis und Weizen.<\/li>    <li><strong>Reinigung<\/strong>: Synchronisierte Reinigung im Dreschprozess, Entfernung von Schmutz, entleerten K\u00f6rnern, Strohfragmenten usw., um die Reinheit des Saatguts sicherzustellen.<\/li>    <li><strong>Anti-Mischung<\/strong>: Stellen Sie mit einer guten Anti-Mischungsleistung sicher, dass sich die Samen verschiedener Sorten nicht vermischen.<\/li> <\/ul>    <p>Es stehen vier Modelle von Getreidedreschern zur Verf\u00fcgung. Die technischen Parameter sind unten als Referenz aufgef\u00fchrt.<\/p>    <figure class=\"wp-block-table\"><table><tbody><tr><td>Modell<\/td><td>Out-Dimension<\/td><td>Passende Leistung<br>(<strong>Elektromotor<\/strong>)<\/td><td>Passende Leistung<br><strong>(Dieselmotor<\/strong>)<\/td><td>Gesamtgewicht<\/td><td>Arbeitseffizienz<\/td><td>Walzenrotationsgeschwindigkeit<\/td><td>L\u00fcfterdrehzahl<\/td><td>H\u00e4ufigkeit\u00a0von&nbsp;<br>Vibrationssieb<\/td><td>Gesamtverlustrate<\/td><td>Gesamtschadensrate<\/td><\/tr><tr><td>5TD-50<\/td><td>1400\u00d7900\u00d71050mm<\/td><td>2,2-3 kW<\/td><td>6-8 PS<\/td><td>150kg<\/td><td>500\u2013800 kg\/h<\/td><td>1400 U\/min<\/td><td>2500 U\/min<\/td><td>580 Mal\/Min<\/td><td>\u22643,0%<\/td><td>\u22641,5%<\/td><\/tr><tr><td>5TD-75<\/td><td>1070\u00d72060\u00d71340mm<\/td><td>7,5 kW<\/td><td>12-15 PS<\/td><td>260kg<\/td><td>700-1000kg\/h<\/td><td>1200 U\/min<\/td><td>2400 U\/min<\/td><td>320 Mal\/Min<\/td><td>\u22643,0%<\/td><td>\u22641,5%<\/td><\/tr><tr><td>5TD-90<\/td><td>2300\u00d72000\u00d71500mm<\/td><td>7,5\u201311 kW<\/td><td>18-20 PS<\/td><td>420kg<\/td><td>1000-1500 kg\/h<\/td><td>1060 U\/min<\/td><td>2500 U\/min<\/td><td>320 Mal\/Min<\/td><td>\u22641,5%<\/td><td>\u22641,5%<\/td><\/tr><tr><td>5TD-125<\/td><td>2400\u00d72490\u00d71530mm<\/td><td>11-13 kW<\/td><td>24-25 PS<\/td><td>450kg<\/td><td>1500\u20132000 kg\/h<\/td><td>1000 U\/min<\/td><td>2500 U\/min<\/td><td>&nbsp;240 Mal\/Min<\/td><td>\u22641,5%<\/td><td>\u22641,5%<\/td><\/tr><\/tbody><\/table><figcaption class=\"wp-element-caption\">4 Arten von Weizen-Reis-Dreschmaschinen-Parametern<\/figcaption><\/figure>    <figure class=\"wp-block-gallery aligncenter has-nested-images columns-2 is-cropped wp-block-gallery-2 is-layout-flex wp-block-gallery-is-layout-flex\"> <figure class=\"wp-block-image size-full\"><img loading=\"lazy\" decoding=\"async\" width=\"720\" height=\"540\" data-id=\"2254\" src=\"https:\/\/taizyagromachine.com\/wp-content\/uploads\/2022\/03\/soybean-thresher-5TD-50.jpg\" alt=\"Sojabohnendrescher-5TD-50\" class=\"wp-image-2254\" srcset=\"https:\/\/taizyagromachine.com\/wp-content\/uploads\/2022\/03\/soybean-thresher-5TD-50.jpg 720w, https:\/\/taizyagromachine.com\/wp-content\/uploads\/2022\/03\/soybean-thresher-5TD-50-300x225.jpg 300w\" sizes=\"auto, (max-width: 720px) 100vw, 720px\" \/><figcaption class=\"wp-element-caption\">Sojabohnendrescher-5TD-50<\/figcaption><\/figure>    <figure class=\"wp-block-image size-large\"><img loading=\"lazy\" decoding=\"async\" width=\"720\" height=\"540\" data-id=\"2255\" src=\"https:\/\/taizyagromachine.com\/wp-content\/uploads\/2022\/03\/sorghum-thresher-5TD-75.jpg\" alt=\"Sorghum-Thresher-5TD-75\" class=\"wp-image-2255\" srcset=\"https:\/\/taizyagromachine.com\/wp-content\/uploads\/2022\/03\/sorghum-thresher-5TD-75.jpg 720w, https:\/\/taizyagromachine.com\/wp-content\/uploads\/2022\/03\/sorghum-thresher-5TD-75-300x225.jpg 300w\" sizes=\"auto, (max-width: 720px) 100vw, 720px\" \/><figcaption class=\"wp-element-caption\">Sorghum-Dreschmaschine-5TD-75<\/figcaption><\/figure>    <figure class=\"wp-block-image size-full\"><img loading=\"lazy\" decoding=\"async\" width=\"720\" height=\"540\" data-id=\"2257\" src=\"https:\/\/taizyagromachine.com\/wp-content\/uploads\/2022\/03\/rice-thresher-5TD-90.jpg\" alt=\"Reisdrescher-5TD-90\" class=\"wp-image-2257\" srcset=\"https:\/\/taizyagromachine.com\/wp-content\/uploads\/2022\/03\/rice-thresher-5TD-90.jpg 720w, https:\/\/taizyagromachine.com\/wp-content\/uploads\/2022\/03\/rice-thresher-5TD-90-300x225.jpg 300w\" sizes=\"auto, (max-width: 720px) 100vw, 720px\" \/><figcaption class=\"wp-element-caption\">Reisdrescher-5TD-90<\/figcaption><\/figure>    <figure class=\"wp-block-image size-large\"><img loading=\"lazy\" decoding=\"async\" width=\"720\" height=\"540\" data-id=\"2258\" src=\"https:\/\/taizyagromachine.com\/wp-content\/uploads\/2022\/03\/wehat-thresher-5TD-125.jpg\" alt=\"wehat-thresher-5TD-125\" class=\"wp-image-2258\" srcset=\"https:\/\/taizyagromachine.com\/wp-content\/uploads\/2022\/03\/wehat-thresher-5TD-125.jpg 720w, https:\/\/taizyagromachine.com\/wp-content\/uploads\/2022\/03\/wehat-thresher-5TD-125-300x225.jpg 300w\" sizes=\"auto, (max-width: 720px) 100vw, 720px\" \/><figcaption class=\"wp-element-caption\">Wehat Dreschmaschine-5TD-125<\/figcaption><\/figure> <\/figure>    <h2 class=\"wp-block-heading\" id=\"h-what-materials-are-threshed-by-soybean-thresher\"><strong>Welche Materialien werden mit dem Sojabohnendrescher gedroschen?<\/strong><\/h2>    <p>Reis und Mehl sind im t\u00e4glichen Leben sehr h\u00e4ufig.  Sie werden im t\u00e4glichen Leben und in der Familie eines jeden Menschen sehr h\u00e4ufig gegessen. Die Dreschmaschine ist also notwendig, um Weizen und Reisreiz zu dreschen.<\/p>    <p>Au\u00dferdem k\u00f6nnen Sorghum und Sojabohnen gesch\u00e4lt werden. Sie sind reich an N\u00e4hrstoffen f\u00fcr die menschliche Gesundheit. Sojabohnen und Sorghum haben die Funktion, die Verdauung zu f\u00f6rdern, Blutzucker und Lipide zu senken, die Haut aufzuhellen und die Immunit\u00e4t zu st\u00e4rken. <\/p>    <figure class=\"wp-block-gallery has-nested-images columns-default is-cropped wp-block-gallery-3 is-layout-flex wp-block-gallery-is-layout-flex\"> <figure class=\"wp-block-image size-full\"><img loading=\"lazy\" decoding=\"async\" width=\"540\" height=\"720\" data-id=\"2261\" src=\"https:\/\/taizyagromachine.com\/wp-content\/uploads\/2022\/03\/applicable-materials.jpg\" alt=\"Anwendbare Materialien\" class=\"wp-image-2261\" srcset=\"https:\/\/taizyagromachine.com\/wp-content\/uploads\/2022\/03\/applicable-materials.jpg 540w, https:\/\/taizyagromachine.com\/wp-content\/uploads\/2022\/03\/applicable-materials-225x300.jpg 225w\" sizes=\"auto, (max-width: 540px) 100vw, 540px\" \/><figcaption class=\"wp-element-caption\">anwendbare Materialien<\/figcaption><\/figure>    <figure class=\"wp-block-image size-full\"><img loading=\"lazy\" decoding=\"async\" width=\"540\" height=\"720\" data-id=\"2260\" src=\"https:\/\/taizyagromachine.com\/wp-content\/uploads\/2022\/03\/threshed-materials.jpg\" alt=\"gedroschene Materialien\" class=\"wp-image-2260\" srcset=\"https:\/\/taizyagromachine.com\/wp-content\/uploads\/2022\/03\/threshed-materials.jpg 540w, https:\/\/taizyagromachine.com\/wp-content\/uploads\/2022\/03\/threshed-materials-225x300.jpg 225w\" sizes=\"auto, (max-width: 540px) 100vw, 540px\" \/><figcaption class=\"wp-element-caption\">gedroschene Materialien<\/figcaption><\/figure> <\/figure>    <h2 class=\"wp-block-heading\" id=\"h-advantages-of-sorghum-thresher\"><strong>Strukturvorteile der Getreidedrescher f\u00fcr Weizenreis<\/strong><\/h2>    <ul class=\"wp-block-list\"> <li><strong>Starke Praktikabilit\u00e4t<\/strong>. F\u00fcr unterschiedliche Kulturen werden unterschiedliche Siebe verwendet, und es k\u00f6nnen viele K\u00f6rner gedroschen werden.<\/li>    <li><strong>Gro\u00dfe R\u00e4der und Halterungen<\/strong>. Diese Dreschmaschine ist leicht zu bewegen und die Konstruktion ist bei afrikanischen Kunden sehr beliebt.<\/li>    <li><strong>Energiesystem<\/strong>. Es kann mit einem Dieselmotor und einem Motor ausgestattet werden, und die Reisdrescher 5TD-50 kann auch einen Benzinmotor verwenden, wodurch das Problem unzureichender Leistung gel\u00f6st wird.<\/li>    <li><strong>Ma\u00dfgeschneiderter Service<\/strong>. F\u00fcr diese kleine Weizendreschmaschine bieten wir je nach Bedarf verschiedene Modelle an, um Ihren Anforderungen gerecht zu werden.<\/li> <\/ul>    <h2 class=\"wp-block-heading\"><strong>Scheinwerfer der Reisdreschmaschine<\/strong><\/h2>    <ul class=\"wp-block-list\"> <li><strong>Hohe Effizienz und Stabilit\u00e4t<\/strong>: Diese Reis-Mehrfrucht-Dreschmaschine kann die Dreschaufgabe schnell und effizient erledigen und verf\u00fcgt \u00fcber eine starke Anpassungsf\u00e4higkeit an den trockenen und nassen Zustand des Ernteguts, wodurch eine stabile Dreschwirkung aufrechterhalten wird.<\/li>    <li><strong>Niedrige Verlustquote<\/strong>: Weniger Kornverlust beim Dreschen, verbesserte Ernteeffizienz und wirtschaftliche Vorteile.<\/li>    <li><strong>Komfortable Bedienung<\/strong>: Einfacher Aufbau, einfach zu bedienen, ein Teil des Modells kann durch Austausch des Siebes auf verschiedene Arten des Getreidedreschens angewendet werden.<\/li>    <li><strong>Breites Anwendungsspektrum<\/strong>: Nicht nur f\u00fcr Reis und Weizen, sondern kann auch f\u00fcr eine Vielzahl von Getreidedrescharbeiten eingesetzt werden.<\/li>    <li><strong>Starke Flexibilit\u00e4t<\/strong>: F\u00fcr eine kleine elektrische Dreschmaschine im Labor kann sie f\u00fcr eine einzelne Spitze bis zu einer bestimmten Anzahl von Spitzenproben f\u00fcr die Feindreschverarbeitung verwendet werden.<\/li>    <li><strong>Gute Haltbarkeit<\/strong>: Der K\u00f6rper der Rohreis-Dreschmaschine besteht aus korrosionsbest\u00e4ndigen Materialien, ist langlebig und in der Lage, den Anforderungen langfristiger landwirtschaftlicher T\u00e4tigkeiten gerecht zu werden.<\/li> <\/ul>    <h2 class=\"wp-block-heading\" id=\"h-wheat-thresher-machine-benefits-and-price-analysis\"><strong>Vorteile und Preisanalyse einer Weizendreschmaschine<\/strong><\/h2>    <p class=\"translation-block\"><strong>Vorteilsanalyse von Weizendreschern zum Verkauf<\/strong><\/p>    <p class=\"translation-block\">Es gibt eine gro\u00dfe Bev\u00f6lkerung auf der Welt, und fast alle ern\u00e4hren sich von Reis und Mehl, egal ob westliches oder chinesisches Essen. Insgesamt ist der Markt f\u00fcr Reis und Mehl sehr breit. Der Weizendrescher kann eine Vielzahl von Getreidesorten dreschen, was seine hohe Praktikabilit\u00e4t zeigt. Nehmen wir das Dreschen von Reis als Beispiel: Nach der Verwendung des Reism Dreschers erhalten Sie Rohreis, dann k\u00f6nnen Sie die <a href=\"https:\/\/taizyagromachine.com\/de\/product\/rice-mill\/\" target=\"_blank\" rel=\"noreferrer noopener\">Reism\u00fchle<\/a> verwenden und schlie\u00dflich Speisereis erhalten. <\/p>    <p>Auch diese Dreschmaschine f\u00fcr Weizen und Reis, Hirse, Sorghum und Bohnen ist mit gro\u00dfen R\u00e4dern und Tabletts ausgestattet. Diese Art von Dreschmaschine ist in Afrika sehr beliebt. <\/p>    <p class=\"translation-block\"><strong>Analyse der Weizendrescherpreise<\/strong><\/p>    <p>Wir haben vier Modelle zur Verf\u00fcgung. Und jedes Modell verf\u00fcgt \u00fcber die entsprechende Kapazit\u00e4t, passende Leistung und mehr. Dar\u00fcber hinaus wird der Preis einer Reisdreschmaschine durch Zeitaufwand, Arbeitskosten, Produktion usw. beeinflusst. Sie k\u00f6nnen uns Ihre detaillierten Anforderungen mitteilen, wir k\u00f6nnen Ihnen als Referenz professionelle Ratschl\u00e4ge zur Reisdreschmaschine geben.<\/p>    <h2 class=\"wp-block-heading\" id=\"h-how-to-choose-proper-place-to-put-wheat-thresher\"><strong>Wie w\u00e4hlt man den richtigen Standort f\u00fcr die Weizendreschmaschine aus?<\/strong><\/h2>    <ol class=\"wp-block-list\"> <li>Bestimmen Sie einen relativ gro\u00dfen, geh\u00e4rteten Boden entsprechend dem Arbeitsaufwand, den Sie zum Entweizen ben\u00f6tigen.<\/li>    <li>Der Abstand muss relativ frei von Hindernissen eingehalten werden.<\/li>    <li>M\u00f6glichst weit entfernt von Wohngebieten sollte es nicht unter der Strom\u00fcbertragungsleitung liegen.<\/li>    <li>Es m\u00fcssen geeignete Brandschutzeinrichtungen wie Sandhaufen und mit Wasser gef\u00fcllte Wassertanks oder Feuerl\u00f6scher vorhanden sein.<\/li>    <li>Bei Nachtarbeiten sollte eine geeignete Beleuchtung vorhanden sein.<\/li>    <li>Die Richtung des Grasauswurfs sollte m\u00f6glichst mit der Windrichtung \u00fcbereinstimmen.<\/li>    <li>Wenn der Motor als Strom verwendet wird, m\u00fcssen die am Standort verwendeten elektrischen Ger\u00e4te und Leitungen den Bestimmungen der nationalen Stromnorm entsprechen und das Messer sollte an einem Ort installiert werden, den der Bediener sofort erreichen kann, damit die Maschine dies tun kann rechtzeitig gestoppt werden.<\/li>    <li>Wenn der Dieselmotor als Stromquelle verwendet wird, sollte der Benutzer den Schornstein mit dem Dieselauspuffrohr verbinden und das Feuer auf den Boden leiten, um die Anforderungen zu erf\u00fcllen, dass keine Brandgefahr besteht.<\/li> <\/ol>    <h2 class=\"wp-block-heading\" id=\"h-maintennace-of-commercial-thresher\"><strong>Wartung einer kommerziellen Weizendreschmaschine<\/strong><\/h2>    <ol class=\"wp-block-list\"> <li>\u00dcberpr\u00fcfen Sie alle 40 Arbeitsstunden die Walzen- und L\u00fcfterlager und geben Sie eine entsprechende Menge Butter hinzu.<\/li>    <li>Am Ende jedes Einsatzes sollte die Dreschmaschine 5 Minuten lang leer laufen, um das restliche Futter in der Maschine zu entfernen.<\/li>    <li>\u00dcberpr\u00fcfen Sie am Ende der Arbeiten den Zustand der Maschinenteile und f\u00fchren Sie die Wartung durch.<\/li> <\/ol>    <h2 class=\"wp-block-heading\" id=\"h-successful-case-rice-wheat-thresher-exported-to-pakistan\"><strong>Erfolgreicher Fall: Reisweizendrescher nach Pakistan exportiert<\/strong><\/h2>    <p>Im Januar dieses Jahres erhielt unsere Vertriebsleiterin Coco eine Anfrage aus Pakistan. Dieser pakistanische Kunde erkundigte sich nach einer Dreschmaschine. Nachdem er erfahren hatte, dass er Sorghum dreschen wollte, empfahl Coco ihm diese Dreschmaschine. Au\u00dferdem schickte Coco ihm die Arbeitsvideos und Bilder. <\/p>    <p>Im Vergleich zum Weizendrescherpreis in Pakistan entscheiden sich pakistanische Kunden f\u00fcr den Kauf bei uns. Beide Parteien best\u00e4tigten nacheinander die Details der Maschine und unterzeichneten dann den Vertrag. Und die Maschine wird im M\u00e4rz dieses Jahres erfolgreich nach Pakistan verschifft.<\/p>   <div class=\"wp-block-image\"> <figure class=\"aligncenter size-full\"><img loading=\"lazy\" decoding=\"async\" width=\"720\" height=\"540\" src=\"https:\/\/taizyagromachine.com\/wp-content\/uploads\/2022\/03\/package-wheat-thresher-machine.jpg\" alt=\"Paket-Weizen-Dreschmaschine\" class=\"wp-image-2263\" srcset=\"https:\/\/taizyagromachine.com\/wp-content\/uploads\/2022\/03\/package-wheat-thresher-machine.jpg 720w, https:\/\/taizyagromachine.com\/wp-content\/uploads\/2022\/03\/package-wheat-thresher-machine-300x225.jpg 300w\" sizes=\"auto, (max-width: 720px) 100vw, 720px\" \/><figcaption class=\"wp-element-caption\">Paketweizendreschmaschine<\/figcaption><\/figure> <\/div>   <h2 class=\"wp-block-heading\"><strong>Kundenfeedback zur Dreschmaschine f\u00fcr Reis und Weizen<\/strong><\/h2>    <p class=\"translation-block\"><strong>Traktor-Weizendrescher-Feedback von afrikanischem Kunden<\/strong><\/p>    <p>Nach dem Einsatz der Dreschmaschine f\u00fcr Weizen teilten afrikanische Benutzer ihre praktischen Erfahrungen in Videos. Sie lobten die Rohreismaschine f\u00fcr ihre hohe Effizienz und Haltbarkeit, ihre hervorragende Leistung bei wechselnden Wetterbedingungen, die deutliche Verbesserung der Effizienz der lokalen Ackerlandernte, die deutliche Reduzierung der Arbeitsintensit\u00e4t der Landwirte und die gute Akzeptanz bei der Mehrheit der Landwirte.<\/p>    <figure class=\"wp-block-embed is-type-video is-provider-youtube wp-block-embed-youtube wp-embed-aspect-16-9 wp-has-aspect-ratio\"><div class=\"wp-block-embed__wrapper\"> <iframe loading=\"lazy\" title=\"Hocheffiziente Dreschmaschine f\u00fcr Reis und Weizen: Dreschen von afrikanischer Hirse, Reis, Weizen und Raps\" width=\"500\" height=\"281\" src=\"https:\/\/www.youtube.com\/embed\/cN2OVH9_M58?feature=oembed\" frameborder=\"0\" allow=\"accelerometer; autoplay; clipboard-write; encrypted-media; gyroscope; picture-in-picture; web-share\" referrerpolicy=\"strict-origin-when-cross-origin\" allowfullscreen><\/iframe> <\/div><figcaption class=\"wp-element-caption\">Feedback zur Reisweizendreschmaschine aus Afrika<\/figcaption><\/figure>    <p class=\"translation-block\"><strong>Dreschmaschinen-Feedback aus Ghana<\/strong><\/p>    <p>Kunden aus Ghana zeigten den tats\u00e4chlichen Anwendungseffekt des Weizendreises auf dem lokalen Markt durch Video -Feedback. Sie sprachen hoch \u00fcber die hervorragende Dreschleistung, den einfachen Betrieb und die gute Anpassungsf\u00e4higkeit der Ausr\u00fcstung und waren der Ansicht, dass sie das Problem der Reis- und Weizenernte in Ghana effektiv l\u00f6ste, die landwirtschaftliche Produktivit\u00e4t erheblich verbessert, und freuten sich auf weitere Zusammenarbeit und F\u00f6rderung.<\/p>    <figure class=\"wp-block-embed is-type-video is-provider-youtube wp-block-embed-youtube wp-embed-aspect-16-9 wp-has-aspect-ratio\"><div class=\"wp-block-embed__wrapper\"> <iframe loading=\"lazy\" title=\"Tolle Dreschwirkung der Weizendreschmaschine. Feedback aus Ghana: Dreschmaschine f\u00fcr Reis, Weizen, Mais\" width=\"500\" height=\"281\" src=\"https:\/\/www.youtube.com\/embed\/tgtGHWs_AUM?feature=oembed\" frameborder=\"0\" allow=\"accelerometer; autoplay; clipboard-write; encrypted-media; gyroscope; picture-in-picture; web-share\" referrerpolicy=\"strict-origin-when-cross-origin\" allowfullscreen><\/iframe> <\/div><figcaption class=\"wp-element-caption\">Feedback zur Weizendreschmaschine aus Ghana<\/figcaption><\/figure>    <h2 class=\"wp-block-heading\"><strong>Beginnen Sie jetzt mit dem Getreidedreschen!<\/strong><\/h2>    <p class=\"translation-block\">M\u00f6chten Sie einfach mit dem <a href=\"https:\/\/en.wikipedia.org\/wiki\/Grain\" target=\"_blank\" rel=\"noopener\">Getreide<\/a>dreschen beginnen? Kontaktieren Sie uns jetzt, um den besten Preis f\u00fcr die Dreschmaschine f\u00fcr Reis und Weizen zu erhalten. Wir k\u00f6nnen die beste L\u00f6sung anbieten, um Ihnen zu helfen, die Mechanisierung der Getreideernte einfach zu erreichen.<\/p>","protected":false},"excerpt":{"rendered":"<p>Weizen -Dreier dient es f\u00fcr Gerste, Weizen, Reis, Sorghum, Getreide, Sojabohnen und Hirse. Wir geben an, dass diese Getreide -Dreiertypen, Vorteile, Kundenfeedback usw. Wenn Sie diese Maschine w\u00fcnschen, kontaktieren Sie uns rechtzeitig.<\/p>","protected":false},"author":1,"featured_media":2265,"parent":0,"template":"","tags":[205,204],"product-type":[20],"class_list":["post-2242","product","type-product","status-publish","has-post-thumbnail","hentry","tag-rice-wheat-thresher","tag-wheat-thresher","product-type-rice-and-wheat-machine"],"_links":{"self":[{"href":"https:\/\/taizyagromachine.com\/de\/wp-json\/wp\/v2\/product\/2242","targetHints":{"allow":["GET"]}}],"collection":[{"href":"https:\/\/taizyagromachine.com\/de\/wp-json\/wp\/v2\/product"}],"about":[{"href":"https:\/\/taizyagromachine.com\/de\/wp-json\/wp\/v2\/types\/product"}],"author":[{"embeddable":true,"href":"https:\/\/taizyagromachine.com\/de\/wp-json\/wp\/v2\/users\/1"}],"wp:featuredmedia":[{"embeddable":true,"href":"https:\/\/taizyagromachine.com\/de\/wp-json\/wp\/v2\/media\/2265"}],"wp:attachment":[{"href":"https:\/\/taizyagromachine.com\/de\/wp-json\/wp\/v2\/media?parent=2242"}],"wp:term":[{"taxonomy":"post_tag","embeddable":true,"href":"https:\/\/taizyagromachine.com\/de\/wp-json\/wp\/v2\/tags?post=2242"},{"taxonomy":"product-type","embeddable":true,"href":"https:\/\/taizyagromachine.com\/de\/wp-json\/wp\/v2\/product-type?post=2242"}],"curies":[{"name":"wp","href":"https:\/\/api.w.org\/{rel}","templated":true}]}}