{"id":2280,"date":"2022-03-24T07:51:15","date_gmt":"2022-03-24T07:51:15","guid":{"rendered":"https:\/\/taizyagromachine.com\/?post_type=product&#038;p=2280"},"modified":"2024-10-16T13:46:28","modified_gmt":"2024-10-16T05:46:28","slug":"fish-feed-extruder","status":"publish","type":"product","link":"https:\/\/taizyagromachine.com\/de\/product\/fish-feed-extruder\/","title":{"rendered":"Schwimmende Fischfutter-Extrudermaschine f\u00fcr Aquarien"},"content":{"rendered":"<p class=\"translation-block\">Unsere <strong>Fischfutter-Extruder<\/strong>, auch bekannt als schwimmende Fischfutter-Pelletmaschine, k\u00f6nnen Fischfutter-Pellets durch Erhitzen und Aufbl\u00e4hen mit einem bestimmten Anteil verschiedener Arten von Maismehl, Fischmehl, Mehl und anderen Mischungen herstellen. Diese Fischfutter-Pellet-Herstellungsmaschine kann nicht nur Futter f\u00fcr Wassertiere wie Fische, sondern auch Tierfutter wie Hunde und Katzen herstellen. <\/p>    <p>Dar\u00fcber hinaus kann diese Pelletiermaschine f\u00fcr Fischfutter einen Elektromotor oder einen Dieselmotor verwenden, um schwimmendes und sinkendes Material zu produzieren. Dazu muss lediglich die Schneckenh\u00fclse ausgetauscht werden. Die Kapazit\u00e4t betr\u00e4gt 40\u2013450 kg pro Stunde. Die Gr\u00f6\u00dfe der Futterpellets reicht von 1 bis 13 mm, und wir k\u00f6nnen die Gr\u00f6\u00dfe und Form f\u00fcr Sie anpassen.<\/p>    <p>Unsere Fischfutterpelletmaschine verkauft sich gut im In- und Ausland, beispielsweise in Peru, Ghana, Niger, Angola, Malaysia, Belgien usw. Wenn Sie Fischfutterpellets herstellen m\u00f6chten, k\u00f6nnen Sie uns jederzeit kontaktieren.<\/p>    <figure class=\"wp-block-embed is-type-video is-provider-youtube wp-block-embed-youtube wp-embed-aspect-16-9 wp-has-aspect-ratio\"><div class=\"wp-block-embed__wrapper\"> <iframe loading=\"lazy\" title=\"Maschine zur Herstellung von Fischfutterpellets f\u00fcr die effiziente Herstellung schwimmender Fischfutterpellets\ud83d\udc1f\ud83c\udf1f#Fischfuttermaschine\" width=\"500\" height=\"281\" src=\"https:\/\/www.youtube.com\/embed\/rAkP9XOblyA?feature=oembed\" frameborder=\"0\" allow=\"accelerometer; autoplay; clipboard-write; encrypted-media; gyroscope; picture-in-picture; web-share\" referrerpolicy=\"strict-origin-when-cross-origin\" allowfullscreen><\/iframe> <\/div><figcaption class=\"wp-element-caption\">Arbeitsvideo der schwimmenden Fischfutterpelletmaschine<\/figcaption><\/figure>    <h2 class=\"wp-block-heading\"><strong><strong>Was sind die Parameter der Fischfutter-Pelletmaschine?<\/strong><\/strong><\/h2>    <p>Der folgenden Tabelle k\u00f6nnen Sie entnehmen, dass es verschiedene Typen gibt. Wenn Sie diese Fischfutter-Extrudermaschine ben\u00f6tigen, teilen Sie uns bitte Ihre Anforderungen, Maschinenkapazit\u00e4t, Maschinenkonfiguration, Maschinenleistung usw. mit. Unser Vertriebsleiter wird Ihnen mit Fachwissen den am besten geeigneten Plan zur Verf\u00fcgung stellen.<\/p>    <figure class=\"wp-block-table\"><table><tbody><tr><td>Modell<\/td><td>Kapazit\u00e4t<\/td><td>Hauptstrom<\/td><td>Schneidleistung<\/td><td>Versorgungsstrom einspeisen<\/td><td>Schraubendurchmesser<\/td><td>Gr\u00f6\u00dfe<\/td><td>Gewicht<\/td><\/tr><tr><td>DGP-40<\/td><td>40-50kg\/h<\/td><td>7,5 kW<\/td><td>0,4 kW<\/td><td>0,4 kW<\/td><td>40mm<\/td><td>1260*860*1250mm<\/td><td>290kg<\/td><\/tr><tr><td>DGP-60<\/td><td>150kg\/h<\/td><td>15 kW<\/td><td>0,4 kW<\/td><td>0,4 kW<\/td><td>60mm<\/td><td>1450*950*1430mm<\/td><td>480kg<\/td><\/tr><tr><td>DGP-70<\/td><td>180\u2013250 kg\/h<\/td><td>18,5 kW<\/td><td>0,4 kW<\/td><td>0,4 kW<\/td><td>70mm<\/td><td>1600*1400*1450mm<\/td><td>600kg<\/td><\/tr><tr><td>DGP-80<\/td><td>300-350kg\/h<\/td><td>22 kW<\/td><td>0,4 kW<\/td><td>0,4 kW<\/td><td>80mm<\/td><td>1850*1470*1500mm<\/td><td>800kg<\/td><\/tr><tr><td>DGP-100<\/td><td>400-450kg\/h<\/td><td>37 kW<\/td><td>1,1 kW<\/td><td>1,5 kW<\/td><td>100mm<\/td><td>2000*1600*1600mm<\/td><td>1500 kg<\/td><\/tr><\/tbody><\/table><figcaption class=\"wp-element-caption\">Technische Parameter der schwimmenden Fischfutter-Extrudermaschine<\/figcaption><\/figure>    <h2 class=\"wp-block-heading\" id=\"h-floating-fish-feed-extruder-machine-for-sale\"><strong>Schwimmende Fischfutter-Extrudermaschine zu verkaufen<\/strong><\/h2>    <p>Als professionelles Landmaschinenunternehmen haben wir verschiedene schwimmende Fischfuttermaschinen zum Verkauf. Im Allgemeinen haben wir BIP-40, BIP-60, BIP-70, BIP-80, BIP-100, BIP-100. Wenn Sie eine gr\u00f6\u00dfere Kapazit\u00e4t ben\u00f6tigen, steht Ihnen die Produktionslinie f\u00fcr Fischfutter zur Verf\u00fcgung. Gerne k\u00f6nnen Sie uns f\u00fcr weitere Informationen kontaktieren!<\/p>    <figure class=\"wp-block-gallery aligncenter has-nested-images columns-default is-cropped wp-block-gallery-2 is-layout-flex wp-block-gallery-is-layout-flex\"> <figure class=\"wp-block-image size-full\"><img loading=\"lazy\" decoding=\"async\" width=\"720\" height=\"540\" data-id=\"3925\" src=\"https:\/\/taizyagromachine.com\/wp-content\/uploads\/2022\/11\/electric-motor-fish-feed-extruder-machine.webp\" alt=\"Elektromotor-Fischfutter-Extruder-Maschine\" class=\"wp-image-3925\"\/><figcaption class=\"wp-element-caption\">Fischfutter-Extrudermaschine mit Elektromotor<\/figcaption><\/figure>    <figure class=\"wp-block-image size-full\"><img loading=\"lazy\" decoding=\"async\" width=\"720\" height=\"540\" data-id=\"3929\" src=\"https:\/\/taizyagromachine.com\/wp-content\/uploads\/2022\/11\/diesel-engine-fish-feed-extruder-machinel.webp\" alt=\"Fischfutter-Extrudermaschine mit Dieselmotor\" class=\"wp-image-3929\"\/><figcaption class=\"wp-element-caption\">Fischfutter-Extruder mit Dieselmotor<\/figcaption><\/figure> <\/figure>    <h2 class=\"wp-block-heading\" id=\"h-progress-video-for-producing-floating-fish-feed\"><strong>Fortschrittsvideo zur Herstellung von schwimmendem Fischfutter<\/strong><\/h2>    <p>Von der Mischung der Rohstoffe bis zur Herstellung des Tierfutters ist jeder Schritt sehr klar beschrieben. Und am Ende, nach Abschluss der Produktion, erkl\u00e4rt das Video, wie man die Maschine reinigt. In diesem Video erfahren Sie, wie Sie mit dem Fischfutter-Extruder die gew\u00fcnschten Futterpellets herstellen.<\/p>    <figure class=\"wp-block-embed aligncenter is-type-video is-provider-youtube wp-block-embed-youtube wp-embed-aspect-16-9 wp-has-aspect-ratio\"><div class=\"wp-block-embed__wrapper\"> <iframe loading=\"lazy\" title=\"Fischfutterherstellungsmaschine f\u00fcr schwimmende Pellets |  Tierfutterpelletmaschine f\u00fcr Rinder, Wels, Ziegen ...\" width=\"500\" height=\"281\" src=\"https:\/\/www.youtube.com\/embed\/5P-SJe4C0-I?feature=oembed\" frameborder=\"0\" allow=\"accelerometer; autoplay; clipboard-write; encrypted-media; gyroscope; picture-in-picture; web-share\" referrerpolicy=\"strict-origin-when-cross-origin\" allowfullscreen><\/iframe> <\/div><figcaption class=\"wp-element-caption\">Verfahren zur Herstellung von schwimmendem Fischfutter<\/figcaption><\/figure>    <p>Nachdem Sie eine bestimmte Menge Fischfutterpellets hergestellt haben, kann es sein, dass sich die Form mit Zutaten verstopft. Zu diesem Zeitpunkt m\u00fcssen Sie die Form der Maschine zur Herstellung von Fischfutterpellets reinigen. Der genaue Reinigungsprozess wird im Video gezeigt:<\/p>    <figure class=\"wp-block-embed is-type-video is-provider-youtube wp-block-embed-youtube wp-embed-aspect-16-9 wp-has-aspect-ratio\"><div class=\"wp-block-embed__wrapper\"> <iframe loading=\"lazy\" title=\"Effiziente Schimmelreinigung nach dem Einsatz der Fischfutter-Pelletmaschine! Schwimmende Fischfutter-Pelletmaschine\" width=\"500\" height=\"281\" src=\"https:\/\/www.youtube.com\/embed\/ulpNlVMb1d0?feature=oembed\" frameborder=\"0\" allow=\"accelerometer; autoplay; clipboard-write; encrypted-media; gyroscope; picture-in-picture; web-share\" referrerpolicy=\"strict-origin-when-cross-origin\" allowfullscreen><\/iframe> <\/div><figcaption class=\"wp-element-caption\">Reinigungsprozess f\u00fcr Fischfutterformen<\/figcaption><\/figure>    <h2 class=\"wp-block-heading\" id=\"h-what-are-the-parameters-of-the-fish-feed-machine\"><strong>Anwendungen des Fischfutterextruders<\/strong><\/h2>    <p>Die schwimmende Fischfutterpelletmaschine von Taizy kann verschiedene Futterpellets produzieren, die f\u00fcr verschiedene Bereiche verwendet werden. Mit dieser Maschine k\u00f6nnen verschiedene Futterpellets f\u00fcr Tiere, Wasserfutter, Tierfutter usw. hergestellt werden. Beispielsweise f\u00fcr alle Arten von Fischen, Schildkr\u00f6ten, V\u00f6geln, Hunden und Katzen usw. Bei Interesse k\u00f6nnen Sie sich gerne an uns wenden!<\/p>    <figure class=\"wp-block-gallery aligncenter has-nested-images columns-default is-cropped wp-block-gallery-3 is-layout-flex wp-block-gallery-is-layout-flex\"> <figure class=\"wp-block-image size-full\"><img loading=\"lazy\" decoding=\"async\" width=\"720\" height=\"540\" data-id=\"6258\" src=\"https:\/\/taizyagromachine.com\/wp-content\/uploads\/2023\/12\/applications-of-small-floating-fish-feed-machine.webp\" alt=\"Anwendungen von kleinen schwimmenden Fischfuttermaschinen\" class=\"wp-image-6258\"\/><figcaption class=\"wp-element-caption\">Anwendungen von kleinen schwimmenden Fischfuttermaschinen<\/figcaption><\/figure>    <figure class=\"wp-block-image size-large\"><img loading=\"lazy\" decoding=\"async\" width=\"720\" height=\"450\" data-id=\"2303\" src=\"https:\/\/taizyagromachine.com\/wp-content\/uploads\/2022\/03\/wide-applications-fish-feed-extruder.jpg\" alt=\"breite Anwendungen \u2013 Fischfutter-Extruder\" class=\"wp-image-2303\" srcset=\"https:\/\/taizyagromachine.com\/wp-content\/uploads\/2022\/03\/wide-applications-fish-feed-extruder.jpg 720w, https:\/\/taizyagromachine.com\/wp-content\/uploads\/2022\/03\/wide-applications-fish-feed-extruder-300x188.jpg 300w\" sizes=\"auto, (max-width: 720px) 100vw, 720px\" \/><figcaption class=\"wp-element-caption\">breite Anwendungen \u2013 Fischfutter-Extruder<\/figcaption><\/figure> <\/figure>    <h2 class=\"wp-block-heading\" id=\"h-fish-feed-extruder-design-and-parts\"><strong>Design und Teile von Fischfutter-Extrudern<\/strong><\/h2>    <p>Um ehrlich zu sein, bestehen die Maschinen zur Herstellung von Fischfutter aus drei Teilen: Zuf\u00fchrung, Extrusionsger\u00e4t und elektronisches Steuerungssystem. <\/p>    <p>Unter ihnen ist die Extrusions-Puffvorrichtung das Herzst\u00fcck des Extruders. Je nach Verwendungszweck wird die entsprechende Kombination ausgew\u00e4hlt. Das hei\u00dft, es werden unterschiedliche Materialien extrudiert und unterschiedliche Austragsmethoden angewendet.<\/p>    <p>Die elektronische Steuerung ist separat befestigt. Je nach Leistungsgr\u00f6\u00dfe des Wirts und der F\u00fctterungsform ist auch die Konfiguration unterschiedlich.<\/p>   <div class=\"wp-block-image\"> <figure class=\"aligncenter size-full\"><img loading=\"lazy\" decoding=\"async\" width=\"720\" height=\"450\" src=\"https:\/\/taizyagromachine.com\/wp-content\/uploads\/2022\/03\/structure-of-fish-feed-pellet-mill.jpg\" alt=\"Struktur der Fischfutter-Pelletm\u00fchle\" class=\"wp-image-2301\" srcset=\"https:\/\/taizyagromachine.com\/wp-content\/uploads\/2022\/03\/structure-of-fish-feed-pellet-mill.jpg 720w, https:\/\/taizyagromachine.com\/wp-content\/uploads\/2022\/03\/structure-of-fish-feed-pellet-mill-300x188.jpg 300w\" sizes=\"auto, (max-width: 720px) 100vw, 720px\" \/><figcaption class=\"wp-element-caption\">Struktur der Fischfutter-Pelletm\u00fchle<\/figcaption><\/figure> <\/div>   <h2 class=\"wp-block-heading\" id=\"h-spotlights-of-floating-fish-feed-machine\"><strong>Spotlights der schwimmenden Fischfuttermaschine<\/strong><\/h2>    <ol class=\"wp-block-list\"> <li><strong>Starke Anpassungsf\u00e4higkeit<\/strong>. Dieser Trocken-Nass-Fischfutter-Extruder kann an unterschiedliche Produktionsanforderungen angepasst werden, von kleinen kleinen elektrischen Fischfutter-Extrudern bis hin zur gro\u00dfen Futterproduktion. Gro\u00dfe und mittelgro\u00dfe Floating-Feed-Extrudermaschinen k\u00f6nnen die Maschine f\u00fcr die Rohstoffverarbeitung oder die Produktion von Spezialfuttermitteln nutzen.<\/li>    <li><strong>Breites Anwendungsspektrum<\/strong>. Zum Beispiel die Entgiftung von gepufften Vollfett-Sojabohnen, gepufftem Mais, Baumwollmehl (oder Rapsmehl) oder gepufftem Tierfutter, Wasserfutter, Fuchsfutter oder anderen Spezialfuttermitteln.<\/li>    <li><strong>Anwendbar auf verschiedene Materialien<\/strong>. Diese Maschine ist mit einer automatischen Geschwindigkeitsanpassung des Einzugs ausgestattet und die Einzugsmenge kann je nach Situation ge\u00e4ndert werden.<\/li>    <li>Einfache Struktur, gro\u00dfe Praktikabilit\u00e4t, exquisites Aussehen.<\/li>    <li>Einfache Bedienung, bequeme Wartung.<\/li> <\/ol>   <div class=\"wp-block-image\"> <figure class=\"aligncenter size-full\"><img loading=\"lazy\" decoding=\"async\" width=\"720\" height=\"540\" src=\"https:\/\/taizyagromachine.com\/wp-content\/uploads\/2022\/03\/dry-type-fish-feed-extruder-DGP-80.jpg\" alt=\"Trockenfischfutter-Extruder-DGP-80\" class=\"wp-image-2291\" srcset=\"https:\/\/taizyagromachine.com\/wp-content\/uploads\/2022\/03\/dry-type-fish-feed-extruder-DGP-80.jpg 720w, https:\/\/taizyagromachine.com\/wp-content\/uploads\/2022\/03\/dry-type-fish-feed-extruder-DGP-80-300x225.jpg 300w\" sizes=\"auto, (max-width: 720px) 100vw, 720px\" \/><figcaption class=\"wp-element-caption\">Trockenfischfutter-Extruder-DGP-80<\/figcaption><\/figure> <\/div>   <h2 class=\"wp-block-heading\" id=\"h-what-affects-fish-feed-extruder-machine-price\"><strong>Was beeinflusst den Preis einer Fischfutter-Extrudermaschine?<\/strong><\/h2>    <p class=\"translation-block\"><strong>Konfigurationen<\/strong>. Da die Konfiguration der Pelletmaschine variiert. Leistung, Strom usw. k\u00f6nnen die Konfiguration der Fischfutter-Pelletmaschine beeinflussen. Zum Beispiel ist der Preis einer kleinen elektrischen Fischfutter-Extruder-Maschine g\u00fcnstiger als der einer gro\u00dfen.<\/p>    <p class=\"translation-block\"><strong>Funktionen<\/strong>. Diese schwimmende Fischfutter-Pellet-Herstellungsmaschine ist voll funktionsf\u00e4hig und kann verschiedene Futterpellets herstellen. Die Produktion verschiedener Partikel erfordert entsprechende Formen. Dies ist ebenfalls ein Faktor, der den Preis beeinflusst.<\/p>    <figure class=\"wp-block-gallery aligncenter has-nested-images columns-default is-cropped wp-block-gallery-4 is-layout-flex wp-block-gallery-is-layout-flex\"> <figure class=\"wp-block-image size-large\"><img loading=\"lazy\" decoding=\"async\" width=\"715\" height=\"954\" data-id=\"2298\" src=\"https:\/\/taizyagromachine.com\/wp-content\/uploads\/2022\/03\/nolds-of-floating-fish-feed-extruder-machine.jpg\" alt=\"Formen-von-schwimmendem-Fischfutter-Extruder-Maschine\" class=\"wp-image-2298\" srcset=\"https:\/\/taizyagromachine.com\/wp-content\/uploads\/2022\/03\/nolds-of-floating-fish-feed-extruder-machine.jpg 715w, https:\/\/taizyagromachine.com\/wp-content\/uploads\/2022\/03\/nolds-of-floating-fish-feed-extruder-machine-225x300.jpg 225w\" sizes=\"auto, (max-width: 715px) 100vw, 715px\" \/><figcaption class=\"wp-element-caption\">Formen<\/figcaption><\/figure>    <figure class=\"wp-block-image size-large\"><img loading=\"lazy\" decoding=\"async\" width=\"540\" height=\"720\" data-id=\"2299\" src=\"https:\/\/taizyagromachine.com\/wp-content\/uploads\/2022\/03\/various-types-of-animal-feed.jpg\" alt=\"verschiedene Arten von Tierfutter\" class=\"wp-image-2299\" srcset=\"https:\/\/taizyagromachine.com\/wp-content\/uploads\/2022\/03\/various-types-of-animal-feed.jpg 540w, https:\/\/taizyagromachine.com\/wp-content\/uploads\/2022\/03\/various-types-of-animal-feed-225x300.jpg 225w\" sizes=\"auto, (max-width: 540px) 100vw, 540px\" \/><figcaption class=\"wp-element-caption\">verschiedene Arten von Tierfutter<\/figcaption><\/figure> <\/figure>    <p class=\"translation-block\"><strong>Materialien<\/strong>. Diese Maschine verwendet hochwertige Materialien, daher hat die Maschine eine hohe Qualit\u00e4t und eine lange Lebensdauer, und der Preis wird entsprechend h\u00f6her sein.<\/p>    <h2 class=\"wp-block-heading\" id=\"h-why-is-taizy-agro-the-top-choice\"><strong>Warum ist Taizy Agro die erste Wahl f\u00fcr den schwimmenden Fischfutter-Extruder? <\/strong><\/h2>    <ul class=\"wp-block-list\"> <li><strong>CE-Zertifikat<\/strong>. Unsere schwimmende Fischfutterm\u00fchle verf\u00fcgt \u00fcber das CE-Zertifikat, das besagt, dass die Maschine von guter Qualit\u00e4t ist. Und es entspricht den einschl\u00e4gigen Vorschriften und Regeln.<\/li>    <li><strong>Professionelles Personal<\/strong>. Die in unserem Unternehmen t\u00e4tigen Personen verf\u00fcgen \u00fcber Fachwissen und k\u00f6nnen die besten L\u00f6sungen anbieten. Unsere Vertriebsleiter finden immer die am besten geeignete L\u00f6sung, um Ihr Gesch\u00e4ft zu erleichtern.<\/li>    <li><strong>Kundendienst<\/strong>. Tats\u00e4chlich ist nach Erhalt der Maschine auch der Kundendienst sehr wichtig. Wir bieten einen 24-Stunden-Service, sodass Sie uns jederzeit finden k\u00f6nnen.<\/li> <\/ul>   <div class=\"wp-block-image\"> <figure class=\"aligncenter size-full\"><img loading=\"lazy\" decoding=\"async\" width=\"720\" height=\"540\" src=\"https:\/\/taizyagromachine.com\/wp-content\/uploads\/2022\/03\/professional-team.jpg\" alt=\"professionelles Team\" class=\"wp-image-2304\" srcset=\"https:\/\/taizyagromachine.com\/wp-content\/uploads\/2022\/03\/professional-team.jpg 720w, https:\/\/taizyagromachine.com\/wp-content\/uploads\/2022\/03\/professional-team-300x225.jpg 300w\" sizes=\"auto, (max-width: 720px) 100vw, 720px\" \/><figcaption class=\"wp-element-caption\">professionelles Team<\/figcaption><\/figure> <\/div>   <h2 class=\"wp-block-heading\" id=\"h-operation-precautions\"><strong>Vorsichtsma\u00dfnahmen f\u00fcr den Betrieb der Trockenfischfutter-Extrudermaschine<\/strong><\/h2>    <ol class=\"wp-block-list\"> <li>W\u00e4hrend der Produktion ist es verboten, sich vor der Austritts\u00f6ffnung des Extruders aufzuhalten.<\/li>    <li>Bediener sollten hochtemperaturbest\u00e4ndige Handschuhe tragen, um Verbrennungen zu vermeiden.<\/li>    <li>Bevor Sie das Ger\u00e4t in Betrieb nehmen, sollten Sie sicherstellen, dass die Werkzeuge und anderen Gegenst\u00e4nde aus dem Extruder entfernt wurden.<\/li>    <li>W\u00e4hrend des Betriebs des Ger\u00e4ts sollte der Bediener regelm\u00e4\u00dfig den Betrieb des gesamten Ger\u00e4ts \u00fcberpr\u00fcfen und es rechtzeitig anpassen, wenn eine Anomalie festgestellt wird.<\/li>    <li>Achten Sie nach dem Anhalten der Maschine beim Zerlegen des Auslasskastens darauf, dass sich niemand vor dem Maschinenkopf aufh\u00e4lt, um Verbrennungen durch den Dampf in der Maschine zu vermeiden.<\/li> <\/ol>    <h2 class=\"wp-block-heading\"><strong>Erfolgreicher Fall: Schwimmende Maschine zur Herstellung von Fischfutter f\u00fcr den Weltmarkt<\/strong><\/h2>    <p class=\"translation-block\"><strong>Fischfutter-Pelletmaschine exportiert nach Nigeria<\/strong><\/p>    <p id=\"h-\">In diesem Jahr erhielt unsere Vertriebsleiterin Grace eine Kundenanfrage zum Preis einer Fischfutter-Extrudermaschine in Nigeria. Er betreibt eine kleine Futterm\u00fchle und m\u00f6chte eine Extrudermaschine f\u00fcr Fischfutter kaufen. Also schickte Grace relevante Arbeitsvideos und Fotos. <\/p>    <p id=\"h-\">Tats\u00e4chlich war er sehr besorgt \u00fcber die Gr\u00f6\u00dfe der Fischfutterpellets. Grace erkl\u00e4rte es ihm. Die Durchmesser unserer Serien f\u00fcr Maschinenauslassl\u00f6cher sind \u03c61 mm, \u03c61,5 mm, \u03c62 mm, \u03c63 mm, \u03c63,5 mm, \u03c64 mm, \u03c65 mm, \u03c66,8 mm. Benutzer k\u00f6nnen daraus w\u00e4hlen. Danach unterzeichnete der nigerianische Kunde einen Vertrag mit uns und leistete eine Anzahlung. Auch nach Erhalt der Maschine war er sehr zufrieden.<\/p>   <div class=\"wp-block-image\"> <figure class=\"aligncenter size-full\"><img loading=\"lazy\" decoding=\"async\" width=\"720\" height=\"540\" src=\"https:\/\/taizyagromachine.com\/wp-content\/uploads\/2022\/03\/packaging-and-shipping-fish-pellet-making-machine.jpg\" alt=\"Verpackungs- und Versandmaschine zur Herstellung von Fischpellets\" class=\"wp-image-2307\" srcset=\"https:\/\/taizyagromachine.com\/wp-content\/uploads\/2022\/03\/packaging-and-shipping-fish-pellet-making-machine.jpg 720w, https:\/\/taizyagromachine.com\/wp-content\/uploads\/2022\/03\/packaging-and-shipping-fish-pellet-making-machine-300x225.jpg 300w\" sizes=\"auto, (max-width: 720px) 100vw, 720px\" \/><figcaption class=\"wp-element-caption\">Verpackungs- und Versandmaschine zur Herstellung von Fischpellets<\/figcaption><\/figure> <\/div>   <p class=\"translation-block\"><strong>Kleine schwimmende Fischfuttermaschine f\u00fcr Kamerun<\/strong><\/p>    <p>Die von uns eingef\u00fchrte dieselbetriebene Fischfutterpelletmaschine wurde erfolgreich nach Kamerun verkauft. Diese Maschine hat aufgrund ihrer starken Leistung und effizienten Produktionsleistung die Gunst der \u00f6rtlichen Landwirte gewonnen. Es kann alle Arten von Fischfutterzutaten in nahrhafte Pellets umwandeln, was die Entwicklung der kamerunischen Fischereiindustrie unterst\u00fctzt und die Vorteile der Landwirtschaft steigert.<\/p>    <figure class=\"wp-block-gallery aligncenter has-nested-images columns-default is-cropped wp-block-gallery-5 is-layout-flex wp-block-gallery-is-layout-flex\"> <figure class=\"wp-block-image size-large\"><img loading=\"lazy\" decoding=\"async\" width=\"720\" height=\"540\" data-id=\"6263\" src=\"https:\/\/taizyagromachine.com\/wp-content\/uploads\/2022\/03\/diesel-engined-fish-feed-pellet-machine.webp\" alt=\"Fischfutter-Pelletmaschine mit Dieselmotor\" class=\"wp-image-6263\"\/><figcaption class=\"wp-element-caption\">Fischfutter-Pelletmaschine mit Dieselmotor<\/figcaption><\/figure>    <figure class=\"wp-block-image size-large\"><img loading=\"lazy\" decoding=\"async\" width=\"720\" height=\"540\" data-id=\"6264\" src=\"https:\/\/taizyagromachine.com\/wp-content\/uploads\/2022\/03\/floating-feed-making-machine-for-sale.webp\" alt=\"Schwimmende Futtermaschine zu verkaufen\" class=\"wp-image-6264\"\/><figcaption class=\"wp-element-caption\">Schwimmende Futtermaschine zu verkaufen<\/figcaption><\/figure> <\/figure>    <p>Wir haben viele erfolgreiche F\u00e4lle. Nachfolgend sind einige aufgef\u00fchrt:<\/p>    <p><strong><a href=\"https:\/\/taizyagromachine.com\/de\/info\/fish-pellet-machine-mozambique\/\">Beliebte Pelletiermaschine f\u00fcr Fischfutter nach Mosambik verkauft&nbsp;<\/a><\/strong><\/p>    <p><a href=\"https:\/\/taizyagromachine.com\/de\/info\/fish-feed-extruder-machine-bukifaso\/\"><strong>Neuartige schwimmende Fischfutterpelletmaschine f\u00fcr Burkina Faso<\/strong><\/a><\/p>    <h2 class=\"wp-block-heading\"><strong>Anfrage zur schwimmenden Fischfutter-Extrudermaschine!<\/strong><\/h2>    <p class=\"translation-block\">Wissen Sie, wie man hochwertiges<a href=\"https:\/\/en.wikipedia.org\/wiki\/Aquarium_fish_feed\" target=\"_blank\" rel=\"noopener\"> Fischfutter<\/a> herstellt? Beeilen Sie sich und kontaktieren Sie uns! Wir werden Ihnen die am besten geeignete L\u00f6sung und das beste Angebot unterbreiten.<\/p>","protected":false},"excerpt":{"rendered":"<p>Unser Fischfutterextruder kann Fischfutterpellets von 1 bis 13 mm mit einer Leistung von 40 bis 450 kg\/h herstellen. Dar\u00fcber hinaus k\u00f6nnen wir ihn auch individuell anpassen. In diesem Artikel werden haupts\u00e4chlich die Art der zum Verkauf stehenden Fischfutter-Pelletmaschine, der Produktionsprozess, das Fischfutter, das hergestellt werden kann, und die erfolgreichen F\u00e4lle als Referenz beschrieben.<\/p>","protected":false},"author":1,"featured_media":3923,"parent":0,"template":"","tags":[147,139,148,143,135,137,142,138,140,146,144,136,145,141],"product-type":[29],"class_list":["post-2280","product","type-product","status-publish","has-post-thumbnail","hentry","tag-animal-feed-extruder","tag-extruder-fish-feed-machine","tag-feed-pellets","tag-fish-feed-extruder","tag-fish-feed-machine","tag-fish-feed-machine-price","tag-fish-feed-pelleting-machine","tag-fish-feeding-machine-for-aquarium","tag-fish-floating-feed-machine","tag-fish-pellet-making-machine","tag-floating-fish-feed","tag-floating-fish-feed-machine","tag-floating-fish-feed-mill","tag-sinking-fish-feed-machine","product-type-feed-pellet-machine"],"_links":{"self":[{"href":"https:\/\/taizyagromachine.com\/de\/wp-json\/wp\/v2\/product\/2280","targetHints":{"allow":["GET"]}}],"collection":[{"href":"https:\/\/taizyagromachine.com\/de\/wp-json\/wp\/v2\/product"}],"about":[{"href":"https:\/\/taizyagromachine.com\/de\/wp-json\/wp\/v2\/types\/product"}],"author":[{"embeddable":true,"href":"https:\/\/taizyagromachine.com\/de\/wp-json\/wp\/v2\/users\/1"}],"wp:featuredmedia":[{"embeddable":true,"href":"https:\/\/taizyagromachine.com\/de\/wp-json\/wp\/v2\/media\/3923"}],"wp:attachment":[{"href":"https:\/\/taizyagromachine.com\/de\/wp-json\/wp\/v2\/media?parent=2280"}],"wp:term":[{"taxonomy":"post_tag","embeddable":true,"href":"https:\/\/taizyagromachine.com\/de\/wp-json\/wp\/v2\/tags?post=2280"},{"taxonomy":"product-type","embeddable":true,"href":"https:\/\/taizyagromachine.com\/de\/wp-json\/wp\/v2\/product-type?post=2280"}],"curies":[{"name":"wp","href":"https:\/\/api.w.org\/{rel}","templated":true}]}}