{"id":2333,"date":"2022-03-31T01:53:37","date_gmt":"2022-03-31T01:53:37","guid":{"rendered":"https:\/\/taizyagromachine.com\/?post_type=product&#038;p=2333"},"modified":"2022-11-16T10:28:06","modified_gmt":"2022-11-16T02:28:06","slug":"hand-corn-planter-walk-behind-corn-planter-1-row-corn-planter","status":"publish","type":"product","link":"https:\/\/taizyagromachine.com\/de\/product\/hand-corn-planter-walk-behind-corn-planter-1-row-corn-planter\/","title":{"rendered":"Handmaispflanzer | Handgef\u00fchrter Maispflanzer | 1-reihiger Maispflanzer"},"content":{"rendered":"<p class=\"translation-block\">Mais ist eine der wichtigsten Nutzpflanzen der Welt. Daher ist sie vom Beginn der Aussaat bis zur Ernte untrennbar mit den entsprechenden Maismaschinen verbunden. Die heute vorzustellende <strong>Hand-Maisleger<\/strong> ist speziell f\u00fcr die Maisaussaat konzipiert. Nat\u00fcrlich kann sie auch Weizen, Erdn\u00fcsse, Bohnen, Sorghum, Raps, Baumwolle usw. s\u00e4en. Diese handgef\u00fchrte Maislegemaschine eignet sich f\u00fcr die Aussaat in H\u00fcgeln, Bergen usw. Unser handgef\u00fchrter Reihenleger ist in Nigeria, Kenia und anderen Regionen sehr beliebt. Wir freuen uns auf Ihre Beratung.<\/p>    <h2 class=\"wp-block-heading\" id=\"h-type-one-walk-behind-corn-planter\"><strong>Typ eins: Handgef\u00fchrter Maispflanzer<\/strong><\/h2>    <p class=\"translation-block\">Diese Art von Hand-Maisleger hat eine sehr einfache Struktur und einfache Bedienung. Tats\u00e4chlich ben\u00f6tigt dieser<a href=\"https:\/\/cornmachines.com\/manual-seed-planter\/\" target=\"_blank\" rel=\"noreferrer noopener\"> Einreihenleger<\/a> zwei Personen, die zusammenarbeiten. Eine Person zieht das Seil und bewegt sich vorw\u00e4rts, und eine andere Person h\u00e4lt den Maisleger, um ihn zu bewegen. Aus seiner Struktur k\u00f6nnen wir klar erkennen, dass die handgef\u00fchrte Maislegemaschine d\u00fcngen und s\u00e4en kann, aber nicht gleichzeitig. Dieser kleine Maisleger verbraucht keine Energie, nur Arbeitskraft. Daher eignet er sich besonders f\u00fcr Hilfsprojekte in einigen L\u00e4ndern und bringt den Menschen in armen Gebieten Komfort.<\/p>   <div class=\"wp-block-image\"> <figure class=\"aligncenter size-full\"><img loading=\"lazy\" decoding=\"async\" width=\"720\" height=\"540\" src=\"https:\/\/taizyagromachine.com\/wp-content\/uploads\/2022\/03\/walk-behind-corn-planter.jpg\" alt=\"Gehen Sie hinter der Maispflanzmaschine her\" class=\"wp-image-2369\" srcset=\"https:\/\/taizyagromachine.com\/wp-content\/uploads\/2022\/03\/walk-behind-corn-planter.jpg 720w, https:\/\/taizyagromachine.com\/wp-content\/uploads\/2022\/03\/walk-behind-corn-planter-300x225.jpg 300w\" sizes=\"auto, (max-width: 720px) 100vw, 720px\" \/><figcaption class=\"wp-element-caption\">Gehen Sie hinter der Maispflanzmaschine her<\/figcaption><\/figure> <\/div>   <h3 class=\"wp-block-heading\"><strong>Arbeitsvideo von Handmaispflanzern zum Verkauf<\/strong><\/h3>    <figure class=\"wp-block-embed aligncenter is-type-video is-provider-youtube wp-block-embed-youtube wp-embed-aspect-16-9 wp-has-aspect-ratio\"><div class=\"wp-block-embed__wrapper\"> <iframe loading=\"lazy\" title=\"Manuelle Maiss\u00e4maschine, handbetriebene Maissaat-Pflanzmaschine, Erdnuss-Weizen-Bohnen-Sorghum-Raps-Pflanzmaschine\" width=\"500\" height=\"281\" src=\"https:\/\/www.youtube.com\/embed\/1PT06n0p09I?feature=oembed\" frameborder=\"0\" allow=\"accelerometer; autoplay; clipboard-write; encrypted-media; gyroscope; picture-in-picture; web-share\" referrerpolicy=\"strict-origin-when-cross-origin\" allowfullscreen><\/iframe> <\/div><\/figure>    <h3 class=\"wp-block-heading\"><strong>Technische Spezifikationen<\/strong><\/h3>    <figure class=\"wp-block-table\"><table><tbody><tr><td>Modell<\/td><td>TZY-100<\/td><\/tr><tr><td>Kapazit\u00e4t<\/td><td>0,5 Acre\/h<\/td><\/tr><tr><td>Gr\u00f6\u00dfe<\/td><td>1370*420*900mm<\/td><\/tr><tr><td>Gewicht<\/td><td>12kg<\/td><\/tr><\/tbody><\/table><\/figure>    <h2 class=\"wp-block-heading\"><strong>Typ Zwei: 1-reihiger Maispflanzer mit Benzinmotor<\/strong><\/h2>    <p>Diese manuelle Maispflanzmaschine ist eine Weiterentwicklung der altmodischen Saatpflanzmaschine, ausgestattet mit einem Benzinmotor. Diese Handmaispflanzmaschine kann von einer Person ges\u00e4t werden und verf\u00fcgt \u00fcber einen Benzinmotor als Antrieb, wodurch Arbeitskraft erheblich eingespart und die Effizienz verbessert werden kann. <\/p>   <div class=\"wp-block-image\"> <figure class=\"aligncenter size-full\"><img loading=\"lazy\" decoding=\"async\" width=\"720\" height=\"540\" src=\"https:\/\/taizyagromachine.com\/wp-content\/uploads\/2022\/03\/gasoline-engine-equipped-walk-behind-planter.jpg\" alt=\"Handmaispflanzer mit Benzinmotor\" class=\"wp-image-2371\" srcset=\"https:\/\/taizyagromachine.com\/wp-content\/uploads\/2022\/03\/gasoline-engine-equipped-walk-behind-planter.jpg 720w, https:\/\/taizyagromachine.com\/wp-content\/uploads\/2022\/03\/gasoline-engine-equipped-walk-behind-planter-300x225.jpg 300w\" sizes=\"auto, (max-width: 720px) 100vw, 720px\" \/><figcaption class=\"wp-element-caption\">Handmaispflanzer mit Benzinmotor<\/figcaption><\/figure> <\/div>   <p>Im Vergleich zur Maschine vom Typ 1 ist der Rest bis auf den Benzinmotor grunds\u00e4tzlich gleich. Bei Fragen k\u00f6nnen Sie uns jederzeit kontaktieren.<\/p>    <h3 class=\"wp-block-heading\"><strong>Ausgestattet mit Benzinmotor<\/strong><\/h3>    <p>In unserer Fabrik gibt es zwei Arten von Benzinmotoren. Einer ist ein 170F-Benzinmotor und der andere ist ein 152F-Benzinmotor. Die spezifische Form der Maschine ist in der folgenden Abbildung dargestellt.<\/p>   <div class=\"wp-block-image\"> <figure class=\"aligncenter size-full\"><img loading=\"lazy\" decoding=\"async\" width=\"720\" height=\"540\" src=\"https:\/\/taizyagromachine.com\/wp-content\/uploads\/2022\/03\/1-row-corn-planter-with-the-gasoline-engine.jpg\" alt=\"handgef\u00fchrte Pflanzmaschine mit Benzinmotor\" class=\"wp-image-2373\" srcset=\"https:\/\/taizyagromachine.com\/wp-content\/uploads\/2022\/03\/1-row-corn-planter-with-the-gasoline-engine.jpg 720w, https:\/\/taizyagromachine.com\/wp-content\/uploads\/2022\/03\/1-row-corn-planter-with-the-gasoline-engine-300x225.jpg 300w\" sizes=\"auto, (max-width: 720px) 100vw, 720px\" \/><figcaption class=\"wp-element-caption\">zwei verschiedene Benzinmotoren<\/figcaption><\/figure> <\/div>   <h2 class=\"wp-block-heading\"><strong>Typ Drei: Einreihiger manueller Maispflanzer<\/strong><\/h2>    <p>Die Handmaispflanzmaschine verf\u00fcgt \u00fcber einen Entenschnabel, der durch Wechsel des S\u00e4rades f\u00fcr die entsprechenden Kulturen genutzt werden kann. Es gibt insgesamt 8 Arten von S\u00e4r\u00e4dern. Dar\u00fcber hinaus bestimmt die Anzahl der Entenschn\u00e4bel die Gr\u00f6\u00dfe des Pflanzenabstands. Je mehr Entenschn\u00e4bel vorhanden sind, desto kleiner ist der Pflanzenabstand. Und es sind h\u00f6chstens 12 Entenschn\u00e4bel. Die Saattiefe betr\u00e4gt 3,5\u20137,8 cm. Wir haben einen kleinen Schrank dieser Maschine nach Sambia exportiert.<\/p>   <div class=\"wp-block-image\"> <figure class=\"aligncenter size-large\"><img loading=\"lazy\" decoding=\"async\" width=\"1024\" height=\"384\" src=\"https:\/\/taizyagromachine.com\/wp-content\/uploads\/2022\/03\/different-colors-of-1-row-hand-corn-planter-1024x384.jpg\" alt=\"Verschiedene Farben des 1-reihigen Maispflanzers\" class=\"wp-image-2376\" srcset=\"https:\/\/taizyagromachine.com\/wp-content\/uploads\/2022\/03\/different-colors-of-1-row-hand-corn-planter-1024x384.jpg 1024w, https:\/\/taizyagromachine.com\/wp-content\/uploads\/2022\/03\/different-colors-of-1-row-hand-corn-planter-300x113.jpg 300w, https:\/\/taizyagromachine.com\/wp-content\/uploads\/2022\/03\/different-colors-of-1-row-hand-corn-planter-768x288.jpg 768w, https:\/\/taizyagromachine.com\/wp-content\/uploads\/2022\/03\/different-colors-of-1-row-hand-corn-planter.jpg 1440w\" sizes=\"auto, (max-width: 1024px) 100vw, 1024px\" \/><figcaption class=\"wp-element-caption\">Verschiedene Farben des 1-reihigen Maispflanzers<\/figcaption><\/figure> <\/div>   <h3 class=\"wp-block-heading\"><strong>Struktur des Maisreihenpflanzers<\/strong><\/h3>    <p>Eigentlich gibt es eine Armlehne zum Vorschieben. Der Saatkasten dient dazu, die Samen aufzunehmen und dann durch den Entenschnabel zu s\u00e4en. Das Rad soll den Boden bedecken. Au\u00dferdem haben wir f\u00fcr diesen Handmaispflanzer verschiedene Farben. Sie k\u00f6nnen w\u00e4hlen, was Sie bevorzugen.<\/p>   <div class=\"wp-block-image\"> <figure class=\"aligncenter size-full\"><img loading=\"lazy\" decoding=\"async\" width=\"720\" height=\"540\" src=\"https:\/\/taizyagromachine.com\/wp-content\/uploads\/2022\/03\/structure-of-hand-pushed-corn-seeder.jpg\" alt=\"Struktur der handgeschobenen Maiss\u00e4maschine\" class=\"wp-image-2379\" srcset=\"https:\/\/taizyagromachine.com\/wp-content\/uploads\/2022\/03\/structure-of-hand-pushed-corn-seeder.jpg 720w, https:\/\/taizyagromachine.com\/wp-content\/uploads\/2022\/03\/structure-of-hand-pushed-corn-seeder-300x225.jpg 300w\" sizes=\"auto, (max-width: 720px) 100vw, 720px\" \/><figcaption class=\"wp-element-caption\">Struktur der handgeschobenen Maiss\u00e4maschine<\/figcaption><\/figure> <\/div>   <h3 class=\"wp-block-heading\"><strong>Technische Parameter<\/strong><\/h3>    <figure class=\"wp-block-table\"><table><tbody><tr><td>Saattiefe<\/td><td>3,5\u20137,8 cm<\/td><\/tr><tr><td>Aussaatmenge<\/td><td>1-3 St\u00fcck, verstellbar<\/td><\/tr><tr><td>Entenschnabel<\/td><td>Max. 12 Stk<\/td><\/tr><tr><td>Gewicht<\/td><td>11 kg<\/td><\/tr><tr><td>Packma\u00df<\/td><td>58*58*25\u00a0mm<\/td><\/tr><\/tbody><\/table><\/figure>    <h2 class=\"wp-block-heading\" id=\"h-highlights-of-single-row-walk-behind-corn-planter\"><strong>Highlights des einreihigen handgef\u00fchrten Maispflanzers<\/strong> <\/h2>    <ol class=\"wp-block-list\"> <li>Einfache Bedienung, einfacher Aufbau, gute Qualit\u00e4t.<\/li>    <li>Leicht, leicht zu bewegen.<\/li>    <li>Geeignet f\u00fcr h\u00fcgelige, bergige Gebiete.<\/li>    <li>Praktisch f\u00fcr die Aussaat verschiedener Kulturen wie Weizen, Baumwolle, Sorghum, Weizen, Bohnen, Mais, Raps usw.<\/li>    <li>Umweltschutz. Manueller Betrieb, umweltfreundlich.<\/li> <\/ol>    <h2 class=\"wp-block-heading\" id=\"h-why-choose-taizy-as-top-choice\"><strong>Warum Taizy als erste Wahl w\u00e4hlen?<\/strong><\/h2>    <p class=\"translation-block\"><strong>ISO-Zertifikat<\/strong>. Unser handgef\u00fchrter Maisleger verf\u00fcgt \u00fcber das ISO-Zertifikat und entspricht den relevanten Vorschriften und Regeln. Daher sind die Maschinen von guter Qualit\u00e4t und entsprechen den nationalen Standards. <\/p>    <p class=\"translation-block\"><strong>Reiche Exporterfahrung<\/strong>. Wir haben unsere verschiedenen Landmaschinen, wie Maisernter, <a href=\"https:\/\/taizyagromachine.com\/de\/product\/maize-thresher\/\" target=\"_blank\" rel=\"noreferrer noopener\">Maisdrescher<\/a> in viele L\u00e4nder und Regionen exportiert. Zum Beispiel Sambia, Afrika, S\u00fcdamerika, Nigeria, Peru usw. Daher haben wir viele Erfahrungen im Export. <\/p>    <p class=\"translation-block\"><strong>Sorgf\u00e4ltiger Kundendienst.<\/strong> Nach Erhalt der Maschinen verfolgen wir weiterhin die Situation unserer Kunden. Dar\u00fcber hinaus bieten wir einen 24-Stunden-Online-Service, um alle Anfragen von Kunden zu beantworten.\u00aa <\/p>   <div class=\"wp-block-image\"> <figure class=\"aligncenter size-full\"><img loading=\"lazy\" decoding=\"async\" width=\"720\" height=\"540\" src=\"https:\/\/taizyagromachine.com\/wp-content\/uploads\/2022\/03\/professional-team.jpg\" alt=\"professionelles Team\" class=\"wp-image-2304\" srcset=\"https:\/\/taizyagromachine.com\/wp-content\/uploads\/2022\/03\/professional-team.jpg 720w, https:\/\/taizyagromachine.com\/wp-content\/uploads\/2022\/03\/professional-team-300x225.jpg 300w\" sizes=\"auto, (max-width: 720px) 100vw, 720px\" \/><figcaption class=\"wp-element-caption\">professionelles Team<\/figcaption><\/figure> <\/div>   <h2 class=\"wp-block-heading\"><strong>Erfolgreicher Fall: Handbetriebener Maispflanzer nach Peru exportiert<\/strong><\/h2>    <p>Wir haben den Kommentar von unserer Google-Website erhalten. Unser peruanischer Kunde sagte, er wolle 20 St\u00fcck einreihige Maiss\u00e4maschinen mit Benzinmotor. Da er ein gro\u00dfer Farmbesitzer ist, wollte er etwas f\u00fcr seine Arbeit kaufen. Unsere Vertriebsleiterin Coco betreute ihn. Der peruanische Kunde bestellte einmal 20 St\u00fcck und machte sich Sorgen \u00fcber die Lieferzeit. Coco erkl\u00e4rte ihm, dass unsere Fabrik die Maschine p\u00fcnktlich produzieren w\u00fcrde und erstellte einen Fortschrittsplan f\u00fcr ihn. Au\u00dferdem w\u00fcrde Coco ihm den Fortschritt schicken. Nachdem der peruanische Kunde dies gelesen hatte, f\u00fchlte er sich wohl, unterzeichnete einen Vertrag und zahlte schnell den vollst\u00e4ndigen Betrag.<\/p>    <h2 class=\"wp-block-heading\"><strong>FAQ zum Handmaispflanzer<\/strong><\/h2>   <div id=\"rank-math-faq\" class=\"rank-math-block\"> <div class=\"rank-math-list\"> <div id=\"faq-question-1668565608199\" class=\"rank-math-list-item\"> <h3 class=\"rank-math-question\"><strong>F: Wie viele St\u00fcck sollten einmal bestellt werden?<\/strong><\/h3> <div class=\"rank-math-answer\">  <p>A: Die Mindestbestellmenge betr\u00e4gt 20 St\u00fcck.<\/p>  <\/div> <\/div> <div id=\"faq-question-1668565613558\" class=\"rank-math-list-item\"> <h3 class=\"rank-math-question\"><strong>F: Welche Pflanzen k\u00f6nnen mit diesem Pflanzgef\u00e4\u00df gepflanzt werden?<\/strong><\/h3> <div class=\"rank-math-answer\">  <p>A: Es stehen viele Nutzpflanzen zur Verf\u00fcgung. Zum Beispiel Weizen, Baumwolle, Sorghum, Erdn\u00fcsse, Bohnen, Raps usw.<\/p>  <\/div> <\/div> <div id=\"faq-question-1668565623984\" class=\"rank-math-list-item\"> <h3 class=\"rank-math-question\"><strong>F: Wie garantieren Sie die Produktion, wenn Sie einmal 100 St\u00fcck bestellen?<\/strong><\/h3> <div class=\"rank-math-answer\">  <p>A: Wir sind integrierte Fertigung und Handel. Daher haben wir die starke F\u00e4higkeit, die von Ihnen ben\u00f6tigten Waren p\u00fcnktlich zu produzieren. Au\u00dferdem werden wir einen Fortschrittsplan erstellen, um Ihre Rechte zu gew\u00e4hrleisten.<\/p>  <\/div> <\/div> <div id=\"faq-question-1668565639991\" class=\"rank-math-list-item\"> <h3 class=\"rank-math-question\"><strong>F: Wie lange k\u00f6nnen Sie Maschinen liefern?<\/strong><\/h3> <div class=\"rank-math-answer\">  <p>A: Im Allgemeinen ben\u00f6tigen wir nach Erhalt der Anzahlung eine Woche, um die Ware zu arrangieren. Wenn also alles reibungslos verl\u00e4uft, beginnen wir nach einer Woche mit der Auslieferung der Maschinen.<\/p>  <\/div> <\/div> <div id=\"faq-question-1668565653725\" class=\"rank-math-list-item\"> <h3 class=\"rank-math-question\"><strong>F: Welche Transportmethode verwenden Sie?<\/strong><\/h3> <div class=\"rank-math-answer\">  <p>A: Normalerweise auf dem Seeweg. Wenn Sie andere Anforderungen haben, informieren Sie uns bitte. Und wir arrangieren die am besten geeignete Transportmethode.<\/p>  <\/div> <\/div> <\/div> <\/div>   <p><\/p>","protected":false},"excerpt":{"rendered":"<p>Corn is one of the most important crops in the world. Therefore, from the beginning of planting to harvesting, it is inseparable from the relevant corn machinery. The hand corn planter to be introduced today is specially designed for corn sowing. Of course, it can also sow wheat, peanuts, beans, sorghum, rape, cotton, etc. This [&hellip;]<\/p>\n","protected":false},"author":1,"featured_media":2368,"parent":0,"template":"","tags":[],"product-type":[17],"class_list":["post-2333","product","type-product","status-publish","has-post-thumbnail","hentry","product-type-corn-machine"],"_links":{"self":[{"href":"https:\/\/taizyagromachine.com\/de\/wp-json\/wp\/v2\/product\/2333","targetHints":{"allow":["GET"]}}],"collection":[{"href":"https:\/\/taizyagromachine.com\/de\/wp-json\/wp\/v2\/product"}],"about":[{"href":"https:\/\/taizyagromachine.com\/de\/wp-json\/wp\/v2\/types\/product"}],"author":[{"embeddable":true,"href":"https:\/\/taizyagromachine.com\/de\/wp-json\/wp\/v2\/users\/1"}],"wp:featuredmedia":[{"embeddable":true,"href":"https:\/\/taizyagromachine.com\/de\/wp-json\/wp\/v2\/media\/2368"}],"wp:attachment":[{"href":"https:\/\/taizyagromachine.com\/de\/wp-json\/wp\/v2\/media?parent=2333"}],"wp:term":[{"taxonomy":"post_tag","embeddable":true,"href":"https:\/\/taizyagromachine.com\/de\/wp-json\/wp\/v2\/tags?post=2333"},{"taxonomy":"product-type","embeddable":true,"href":"https:\/\/taizyagromachine.com\/de\/wp-json\/wp\/v2\/product-type?post=2333"}],"curies":[{"name":"wp","href":"https:\/\/api.w.org\/{rel}","templated":true}]}}