{"id":2416,"date":"2022-04-06T09:36:20","date_gmt":"2022-04-06T09:36:20","guid":{"rendered":"https:\/\/taizyagromachine.com\/?post_type=product&#038;p=2416"},"modified":"2025-01-02T13:53:45","modified_gmt":"2025-01-02T05:53:45","slug":"oil-press-machine-cold-oil-press-hot-oil-press-machine","status":"publish","type":"product","link":"https:\/\/taizyagromachine.com\/de\/product\/oil-press-machine-cold-oil-press-hot-oil-press-machine\/","title":{"rendered":"\u00d6lpressmaschine | \u00d6lf\u00f6rdermaschine"},"content":{"rendered":"<p class=\"translation-block\">Speise\u00f6l ist untrennbar mit dem t\u00e4glichen Leben der Menschen verbunden. Speise\u00f6l ben\u00f6tigt eine \u00d6lpresse zur Extraktion. Daher kann die Investition in eine <strong>\u00d6lpresse<\/strong> den Investoren enorme Gewinne bringen. Als professioneller Hersteller und Lieferant von \u00d6lpresse deckt unsere \u00d6lpresse fast alle Sorten auf dem Markt ab. Dar\u00fcber hinaus verf\u00fcgt unsere \u00d6lextraktionsmaschine \u00fcber Hei\u00dfpressung und Kaltpressung. Sie k\u00f6nnen je nach Ihren gesch\u00e4ftlichen Bed\u00fcrfnissen w\u00e4hlen. Au\u00dferdem werden unsere automatischen \u00d6lpresse auch nach Mali, Angola, Nigeria, Burkina Faso, Thailand usw. exportiert. Alles in allem kann die \u00d6lpresse Einkommen f\u00fcr ihren Besitzer generieren.<\/p>    <h2 class=\"wp-block-heading\" id=\"h-type-one-automatic-screw-hot-oil-press-machine\"><strong>Typ eins: Automatische Schnecken-Hei\u00df\u00f6lpressmaschine<\/strong><\/h2>    <p class=\"translation-block\">Als eine der meistverkauften automatischen \u00d6lextraktionsmaschinen zeichnet sich die <a href=\"https:\/\/taizyagromachine.com\/de\/product\/automatic-groundnut-oil-sunflower-oil-making-machine\/\" target=\"_blank\" rel=\"noreferrer noopener\">Schrauben\u00f6lpresse<\/a> durch ein einzigartiges Design, ein attraktives Aussehen und eine gute Leistung aus. Diese Maschine ist mit einem Motor ausgestattet und verwendet ein Hei\u00dfpressverfahren, da der \u00d6lgehalt hoch und das \u00d6l duftend ist. Dar\u00fcber hinaus verf\u00fcgt die automatische Extraktionsmaschine \u00fcber zwei Vakuumfilterf\u00e4sser, die die Leistung der Maschine erheblich gew\u00e4hrleisten. <\/p>    <p>Dar\u00fcber hinaus sind die verwendeten Rohstoffe sehr breit gef\u00e4chert. Zum Beispiel Sojabohnen, Erdn\u00fcsse, Baumwollsamen, Raps, Sonnenblumenkerne, Pfeffersamen usw. Bei Fragen k\u00f6nnen Sie sich jederzeit zur Kl\u00e4rung an uns wenden.<\/p>   <div class=\"wp-block-image\"> <figure class=\"aligncenter size-full\"><img loading=\"lazy\" decoding=\"async\" width=\"720\" height=\"540\" src=\"https:\/\/taizyagromachine.com\/wp-content\/uploads\/2022\/04\/hot-screw-oil-press-machine.jpg\" alt=\"Hei\u00dfschnecken-\u00d6lpressmaschine\" class=\"wp-image-2418\" srcset=\"https:\/\/taizyagromachine.com\/wp-content\/uploads\/2022\/04\/hot-screw-oil-press-machine.jpg 720w, https:\/\/taizyagromachine.com\/wp-content\/uploads\/2022\/04\/hot-screw-oil-press-machine-300x225.jpg 300w\" sizes=\"auto, (max-width: 720px) 100vw, 720px\" \/><figcaption class=\"wp-element-caption\">Hei\u00dfschnecken-\u00d6lpressmaschine<\/figcaption><\/figure> <\/div>   <h3 class=\"wp-block-heading\" id=\"h-reasonable-structure-of-electric-oil-press-machine\"><strong>Angemessener Aufbau der elektrischen \u00d6lpresse <\/strong><\/h3>    <p>Es verf\u00fcgt \u00fcber ein sehr einzigartiges und einfaches Design, Zufuhreinlass, Schaltschrank, Schnecke und Vakuumfilter. <\/p>   <div class=\"wp-block-image\"> <figure class=\"aligncenter size-full\"><img loading=\"lazy\" decoding=\"async\" width=\"720\" height=\"540\" src=\"https:\/\/taizyagromachine.com\/wp-content\/uploads\/2022\/02\/structure-of-groundnut-oil-processing-machine.jpg\" alt=\"Struktur der Erdnuss\u00f6lverarbeitungsmaschine\" class=\"wp-image-2094\" srcset=\"https:\/\/taizyagromachine.com\/wp-content\/uploads\/2022\/02\/structure-of-groundnut-oil-processing-machine.jpg 720w, https:\/\/taizyagromachine.com\/wp-content\/uploads\/2022\/02\/structure-of-groundnut-oil-processing-machine-300x225.jpg 300w\" sizes=\"auto, (max-width: 720px) 100vw, 720px\" \/><figcaption class=\"wp-element-caption\">Struktur der Erdnuss\u00f6lverarbeitungsmaschine<\/figcaption><\/figure> <\/div>   <figure class=\"wp-block-table\"><table><tbody><tr><td>1. Temperaturregler<\/td><td>7. Futtereinlass<\/td><\/tr><tr><td>2. Rauchabzug<\/td><td>8. Einstellbereich<\/td><\/tr><tr><td>3. Stromverteilerschrank<\/td><td>9. Heizelement<\/td><\/tr><tr><td>4. \u00d6lposition<\/td><td>10. Teil aus\u00f6len<\/td><\/tr><tr><td>5. Reduzierst\u00fcck<\/td><td>11. Teil dr\u00fccken<\/td><\/tr><tr><td>6. Motor<\/td><td>12. Vakuum\u00f6lfilter<\/td><\/tr><\/tbody><\/table><\/figure>    <h3 class=\"wp-block-heading\"><strong>Funktionsprinzip der Edelstahl-Schrauben-Hei\u00df\u00f6l-Extraktionsmaschine<\/strong><\/h3>    <p>Wie der Name schon sagt, verwendet diese Maschine haupts\u00e4chlich die Schnecke, um \u00d6l aus Rohstoffen zu pressen. Somit ist die Schraube das Herzst\u00fcck. Anschlie\u00dfend wird das gepresste \u00d6l durch den Vakuumfilter gefiltert. Unsere Schraube besteht aus hochwertigem Edelstahl mit Anforderungen an die Lebensmittelqualit\u00e4t.<\/p>   <div class=\"wp-block-image\"> <figure class=\"aligncenter size-full\"><img loading=\"lazy\" decoding=\"async\" width=\"720\" height=\"540\" src=\"https:\/\/taizyagromachine.com\/wp-content\/uploads\/2022\/02\/screw-sunflower-oil-press.jpg\" alt=\"schrauben\" class=\"wp-image-2100\" srcset=\"https:\/\/taizyagromachine.com\/wp-content\/uploads\/2022\/02\/screw-sunflower-oil-press.jpg 720w, https:\/\/taizyagromachine.com\/wp-content\/uploads\/2022\/02\/screw-sunflower-oil-press-300x225.jpg 300w\" sizes=\"auto, (max-width: 720px) 100vw, 720px\" \/><figcaption class=\"wp-element-caption\">schrauben<\/figcaption><\/figure> <\/div>   <h3 class=\"wp-block-heading\"><strong>Technische Parameter<\/strong><\/h3>    <p>Wir haben verschiedene Typen f\u00fcr Sie zur Auswahl. Sie sollten wissen, dass wir das Modell nach seinem Schraubendurchmesser klassifizieren. So k\u00f6nnen Sie die Kapazit\u00e4t genau erkennen. Die folgenden Daten geben deutlich die Hauptleistung, die Kapazit\u00e4t, das Gewicht, die Gr\u00f6\u00dfe usw. an. Wenn Sie immer noch Zweifel haben, k\u00f6nnen Sie sich jederzeit an uns wenden.<\/p>    <figure class=\"wp-block-table\"><table><tbody><tr><td>Modell<\/td><td>6YL-60<\/td><td>6YL-70<\/td><td>6YL-80<\/td><td>6YL-100<\/td><td>6YL-125<\/td><\/tr><tr><td>Schraubendurchmesser (mm)<\/td><td>\u03a655<\/td><td>\u03a665<\/td><td>\u03a680<\/td><td>\u03a6100<\/td><td>\u03a6125<\/td><\/tr><tr><td>Schraubendrehgeschwindigkeit (U\/min)<\/td><td>64<\/td><td>38<\/td><td>35<\/td><td>37<\/td><td>34<\/td><\/tr><tr><td>Hauptleistung (kW)<\/td><td>2.2<\/td><td>3<\/td><td>4<\/td><td>7.5<\/td><td>15<\/td><\/tr><tr><td>Vakuumpumpenleistung (kW)<\/td><td>0.75<\/td><td>0.75<\/td><td>0.55<\/td><td>0.75<\/td><td>0.75<\/td><\/tr><tr><td>Heizleistung (kW)<\/td><td>0.9<\/td><td>1.8<\/td><td>2.2<\/td><td>3<\/td><td>3.75<\/td><\/tr><tr><td>Kapazit\u00e4t (kg\/h)<\/td><td>40-60<\/td><td>50-70<\/td><td>80-120<\/td><td>150-230<\/td><td>300-350<\/td><\/tr><tr><td>Gewicht (kg)<\/td><td>220<\/td><td>280<\/td><td>880<\/td><td>1100<\/td><td>1400<\/td><\/tr><tr><td>Gr\u00f6\u00dfe (mm)<\/td><td>1200*480*1100<\/td><td>1400*500*1200<\/td><td>1700*110*1600<\/td><td>1900*1200*1300<\/td><td>2600*1300*2300<\/td><\/tr><\/tbody><\/table><\/figure>    <h2 class=\"wp-block-heading\" id=\"h-type-two-commercial-oil-hydraulic-press-machine\"><strong>Typ Zwei: Kommerzielle hydraulische \u00d6lpressmaschine<\/strong><\/h2>    <p>Im Vergleich zu Typ 1 hat diese Hydraulik\u00f6l-Absaugmaschine eine geringere Kapazit\u00e4t. Daher wird diese Maschine \u00fcblicherweise zur Sesam\u00f6lproduktion eingesetzt. Auf jeden Fall \u00fcbernimmt es die Hei\u00dfpresse. Und wir nutzen den Separator, um eine hochwertige Sesam\u00f6lproduktion sicherzustellen. Au\u00dferdem k\u00f6nnen die Sesamr\u00fcckst\u00e4nde zerkleinert und als Futter verwendet werden. <\/p>    <p>Dar\u00fcber hinaus k\u00f6nnen Sesam, Walnuss und N\u00fcsse mit dieser Maschine verarbeitet werden. Es ist zu beachten, dass Waln\u00fcsse zun\u00e4chst auf Sesamgr\u00f6\u00dfe zerkleinert und gebraten werden sollten.<\/p>    <figure class=\"wp-block-gallery aligncenter has-nested-images columns-default is-cropped wp-block-gallery-2 is-layout-flex wp-block-gallery-is-layout-flex\"> <figure class=\"wp-block-image size-large\"><img loading=\"lazy\" decoding=\"async\" width=\"720\" height=\"540\" data-id=\"2419\" src=\"https:\/\/taizyagromachine.com\/wp-content\/uploads\/2022\/04\/hydraulic-oil-expeller.jpg\" alt=\"Hydraulik\u00f6lvertreiber\" class=\"wp-image-2419\" srcset=\"https:\/\/taizyagromachine.com\/wp-content\/uploads\/2022\/04\/hydraulic-oil-expeller.jpg 720w, https:\/\/taizyagromachine.com\/wp-content\/uploads\/2022\/04\/hydraulic-oil-expeller-300x225.jpg 300w\" sizes=\"auto, (max-width: 720px) 100vw, 720px\" \/><figcaption class=\"wp-element-caption\">Hydraulik\u00f6lvertreiber<\/figcaption><\/figure>    <figure class=\"wp-block-image size-large\"><img loading=\"lazy\" decoding=\"async\" width=\"720\" height=\"540\" data-id=\"2420\" src=\"https:\/\/taizyagromachine.com\/wp-content\/uploads\/2022\/04\/machine-display.jpg\" alt=\"Maschinenanzeige\" class=\"wp-image-2420\" srcset=\"https:\/\/taizyagromachine.com\/wp-content\/uploads\/2022\/04\/machine-display.jpg 720w, https:\/\/taizyagromachine.com\/wp-content\/uploads\/2022\/04\/machine-display-300x225.jpg 300w\" sizes=\"auto, (max-width: 720px) 100vw, 720px\" \/><figcaption class=\"wp-element-caption\">Maschinenanzeige<\/figcaption><\/figure> <\/figure>    <h3 class=\"wp-block-heading\" id=\"h-hydraulic-hot-oil-press-structure\"><strong>Struktur der hydraulischen Hei\u00df\u00f6lpresse<\/strong><\/h3>    <p>Dieser Maschinentyp ben\u00f6tigt wenig Platz. Der Hauptarbeitsteil ist der Zylinder, einschlie\u00dflich des Separators usw. Er verf\u00fcgt auch \u00fcber den Sockel zur Unterst\u00fctzung der Maschine.<\/p>   <div class=\"wp-block-image\"> <figure class=\"aligncenter size-full\"><img loading=\"lazy\" decoding=\"async\" width=\"720\" height=\"500\" src=\"https:\/\/taizyagromachine.com\/wp-content\/uploads\/2022\/04\/structure-of-hydraulic-oil-press-machine.jpg\" alt=\"Struktur der hydraulischen \u00d6lpressmaschine\" class=\"wp-image-2421\" srcset=\"https:\/\/taizyagromachine.com\/wp-content\/uploads\/2022\/04\/structure-of-hydraulic-oil-press-machine.jpg 720w, https:\/\/taizyagromachine.com\/wp-content\/uploads\/2022\/04\/structure-of-hydraulic-oil-press-machine-300x208.jpg 300w\" sizes=\"auto, (max-width: 720px) 100vw, 720px\" \/><figcaption class=\"wp-element-caption\">Struktur der hydraulischen \u00d6lpressmaschine<\/figcaption><\/figure> <\/div>   <h3 class=\"wp-block-heading\" id=\"h-hydraulic-oil-press-machine-specifications\"><strong>Technische Daten der Hydraulik\u00f6lpresse<\/strong><\/h3>    <p>In unserem Unternehmen gibt es noch viele Arten. Sie k\u00f6nnen anhand der folgenden Daten ein geeignetes ausw\u00e4hlen. Wenn Sie keine Ahnung haben, k\u00f6nnen Sie uns gerne kontaktieren. Unser professioneller Vertriebsleiter ber\u00e4t Sie technisch. <\/p>    <figure class=\"wp-block-table\"><table><tbody><tr><td>Modell<\/td><td>6YZ-180<\/td><td>6YZ-230<\/td><td>6YZ-260<\/td><td>6YZ-320<\/td><\/tr><tr><td>Gr\u00f6\u00dfe (mm)<\/td><td>920*480*1190<\/td><td>1065*540*1550<\/td><td>900*1000*1560<\/td><td>980*1050*1680<\/td><\/tr><tr><td>Gewicht (kg)<\/td><td>450<\/td><td>880<\/td><td>1250<\/td><td>1680<\/td><\/tr><tr><td>Kg-Druck (kn)<\/td><td>1600<\/td><td>2200<\/td><td>2600<\/td><td>3000<\/td><\/tr><tr><td>Maximaler Arbeitsdruck<\/td><td>55 MPa<\/td><td>55 MPa<\/td><td>55 MPa<\/td><td>55 MPa<\/td><\/tr><tr><td>Elektrische Heizleistung<\/td><td>1<\/td><td>1<\/td><td>1.2<\/td><td>2<\/td><\/tr><tr><td>Gewicht der Sesamk\u00f6rner (jedes Mal)<\/td><td>&nbsp;2-4 &nbsp;&nbsp;&nbsp;&nbsp;&nbsp;&nbsp;<\/td><td>5 -8<\/td><td>&nbsp;6-10<\/td><td>&nbsp;7-18<\/td><\/tr><tr><td>Leistung (kW)<\/td><td>3 (220 V)<\/td><td>1.5<\/td><td>1.5<\/td><td>2.2<\/td><\/tr><\/tbody><\/table><\/figure>    <h2 class=\"wp-block-heading\"><strong>Typ Drei: Beste Kalt- und Hei\u00df\u00f6lpressmaschine zum Verkauf<\/strong><\/h2>    <p>Anhand des Namens k\u00f6nnen wir leicht erkennen, dass diese Art von \u00d6lauspresser die Hei\u00df- oder Kalt\u00f6lpresse verwenden kann. Dem Aussehen nach verf\u00fcgt es \u00fcber einen Aufzug. Daher ist es leicht zu unterscheiden. <\/p>    <p>Wenn Sie eine Hei\u00df\u00f6lpresse verwenden, hat das \u00d6l eine tiefe Farbe und eine hohe Leistung.<\/p>    <p>Wenn Sie eine Kalt\u00f6lpresse verwenden, hat das \u00d6l eine helle Farbe.<\/p>   <div class=\"wp-block-image\"> <figure class=\"aligncenter size-full\"><img loading=\"lazy\" decoding=\"async\" width=\"720\" height=\"540\" src=\"https:\/\/taizyagromachine.com\/wp-content\/uploads\/2022\/04\/cold-and-hot-oil-press-machine.jpg\" alt=\"Kalt- und Hei\u00df\u00f6lpressmaschine\" class=\"wp-image-2422\" srcset=\"https:\/\/taizyagromachine.com\/wp-content\/uploads\/2022\/04\/cold-and-hot-oil-press-machine.jpg 720w, https:\/\/taizyagromachine.com\/wp-content\/uploads\/2022\/04\/cold-and-hot-oil-press-machine-300x225.jpg 300w\" sizes=\"auto, (max-width: 720px) 100vw, 720px\" \/><figcaption class=\"wp-element-caption\">Kalt- und Hei\u00df\u00f6lpressmaschine<\/figcaption><\/figure> <\/div>   <h3 class=\"wp-block-heading\" id=\"h-technical-parameters\"><strong>Technische Parameter<\/strong><\/h3>    <p>Verschiedene Typen haben unterschiedliche Kapazit\u00e4ten. Nat\u00fcrlich sollte es \u00fcber den entsprechenden Motor, die entsprechende Gr\u00f6\u00dfe und das entsprechende Gewicht verf\u00fcgen.<\/p>    <figure class=\"wp-block-table\"><table><tbody><tr><td>Modell<\/td><td>ZY-125<\/td><td>ZY -150<\/td><\/tr><tr><td>Motor<\/td><td>&nbsp;15 kW<\/td><td>37 kW<\/td><\/tr><tr><td>Vakuumpumpenmotor<\/td><td>1,5 kW<\/td><td>2,2 kW<\/td><\/tr><tr><td>Kapazit\u00e4t<\/td><td>150-200kg\/h<\/td><td>300-350kg\/h<\/td><\/tr><tr><td>Gewicht<\/td><td>986kg<\/td><td>2500kg<\/td><\/tr><tr><td>Gr\u00f6\u00dfe<\/td><td>1900*1100*1500mm<\/td><td>2100*1300*1700mm<\/td><\/tr><\/tbody><\/table><\/figure>    <h2 class=\"wp-block-heading\"><strong>Typ vier: Manuelle \u00d6lpressmaschine im Gro\u00dfhandel f\u00fcr Ausschreibungsprojekte<\/strong><\/h2>    <p>Der gr\u00f6\u00dfte Vorteil dieser halbautomatischen \u00d6lpressmaschine ist der verf\u00fcgbare Dieselmotor. Und es ist sehr einfach und leicht zu bedienen. Denn es muss nur die Schraube arbeiten, die das Speise\u00f6l produziert.<\/p>    <p>Dar\u00fcber hinaus wird diese Maschine haupts\u00e4chlich f\u00fcr Ausschreibungsprojekte f\u00fcr afrikanische Kunden eingesetzt. <\/p>   <div class=\"wp-block-image\"> <figure class=\"aligncenter size-full\"><img loading=\"lazy\" decoding=\"async\" width=\"720\" height=\"540\" src=\"https:\/\/taizyagromachine.com\/wp-content\/uploads\/2022\/04\/semi-automatic-oil-extraction-machine.jpg\" alt=\"halbautomatische \u00d6lextraktionsmaschine\" class=\"wp-image-2423\" srcset=\"https:\/\/taizyagromachine.com\/wp-content\/uploads\/2022\/04\/semi-automatic-oil-extraction-machine.jpg 720w, https:\/\/taizyagromachine.com\/wp-content\/uploads\/2022\/04\/semi-automatic-oil-extraction-machine-300x225.jpg 300w\" sizes=\"auto, (max-width: 720px) 100vw, 720px\" \/><figcaption class=\"wp-element-caption\">halbautomatische \u00d6lextraktionsmaschine<\/figcaption><\/figure> <\/div>   <h2 class=\"wp-block-heading\"><strong>Breite Anwendungen <\/strong><\/h2>    <p class=\"translation-block\">F\u00fcr die \u00d6lpressmaschine gibt es eine Vielzahl von Anwendungen. Zum Beispiel Bohnen, Erdn\u00fcsse, Baumwollsamen, Raps, Sonnenblumenkerne, Pfeffersamen, Sesam, <a href=\"https:\/\/en.wikipedia.org\/wiki\/Walnut\" target=\"_blank\" rel=\"noreferrer noopener\">Walnuss<\/a>, N\u00fcsse usw. <\/p>   <div class=\"wp-block-image\"> <figure class=\"aligncenter size-full\"><img loading=\"lazy\" decoding=\"async\" width=\"720\" height=\"540\" src=\"https:\/\/taizyagromachine.com\/wp-content\/uploads\/2022\/02\/application-of-screw-groudnut-oil-extraction.jpg\" alt=\"Anwendung der Schrauben-Erdnuss-\u00d6l-Extraktion\" class=\"wp-image-2135\" srcset=\"https:\/\/taizyagromachine.com\/wp-content\/uploads\/2022\/02\/application-of-screw-groudnut-oil-extraction.jpg 720w, https:\/\/taizyagromachine.com\/wp-content\/uploads\/2022\/02\/application-of-screw-groudnut-oil-extraction-300x225.jpg 300w\" sizes=\"auto, (max-width: 720px) 100vw, 720px\" \/><figcaption class=\"wp-element-caption\">Anwendung<\/figcaption><\/figure> <\/div>   <h2 class=\"wp-block-heading\" id=\"h-working-video-of-oil-press-machine\"><strong>Arbeitsvideo der \u00d6lpresse<\/strong><\/h2>    <figure class=\"wp-block-embed is-type-video is-provider-youtube wp-block-embed-youtube wp-embed-aspect-16-9 wp-has-aspect-ratio\"><div class=\"wp-block-embed__wrapper\"> <iframe loading=\"lazy\" title=\"Erdnuss\u00f6l-Herstellungsmaschine | Erdnuss\u00f6lextraktion | Maschine zur Herstellung von Sonnenblumen- und Baumwollsamen\u00f6l\" width=\"500\" height=\"281\" src=\"https:\/\/www.youtube.com\/embed\/o5xYWrWoEQg?feature=oembed\" frameborder=\"0\" allow=\"accelerometer; autoplay; clipboard-write; encrypted-media; gyroscope; picture-in-picture; web-share\" referrerpolicy=\"strict-origin-when-cross-origin\" allowfullscreen><\/iframe> <\/div><\/figure>    <h2 class=\"wp-block-heading\"><strong>Was sind die St\u00e4rken von Taizy Agro Machine Co., Ltd?<\/strong><\/h2>    <p class=\"translation-block\"><strong>Vollst\u00e4ndige Modelle<\/strong>. Wenn Sie diesen gesamten Artikel durchlesen, erfahren Sie, dass unsere \u00d6lpressmaschine fast alle auf dem Markt erh\u00e4ltlichen Modelle abdeckt. Von uns erfahren Sie also die vollst\u00e4ndigen Typen auf einmal, sehr einfach und bequem.<\/p>    <p class=\"translation-block\"><strong>Professioneller Vertriebsleiter<\/strong>. Unsere Vertriebsleiter verf\u00fcgen \u00fcber reiche Erfahrung und ein gutes Verst\u00e4ndnis der Maschine. Aus Ihrer Diskussion k\u00f6nnen sie klar erkennen, was Sie brauchen, und die perfekten L\u00f6sungen anbieten.<\/p>    <p class=\"translation-block\"><strong>R\u00fccksichtsvoller After-Sales-Service<\/strong>. Unser Unternehmen bietet Online-Service und auch Video-Unterst\u00fctzung. Wann immer Sie Hilfe ben\u00f6tigen, sind wir immer bei Ihnen.<\/p>    <h2 class=\"wp-block-heading\"><strong>Wartung der Taizy-\u00d6lpresse<\/strong><\/h2>    <ol class=\"wp-block-list\"> <li>Wenn die Pressmenge nachl\u00e4sst und der R\u00fcckstands- oder \u00d6laussto\u00df anormal ist, ziehen Sie die Schneckenwelle heraus und \u00fcberpr\u00fcfen Sie den Verschlei\u00df der Schraube, der Pressstange und des R\u00fcckstandsrings. Die verschlissenen Teile sollten rechtzeitig ausgetauscht werden.<\/li>    <li>Nach jeder Schicht sollte der restliche Kuchen in der Maschine entfernt und Staub und Fett auf der Oberfl\u00e4che der Maschine abgewischt werden.<\/li>    <li>Bei l\u00e4ngerer Lagerung nach der Produktionssaison sollten Wartungsarbeiten durchgef\u00fchrt und die gepressten Schnecken, gepressten Stangen und R\u00fcckstandsringe zerlegt, gewaschen und erneut ge\u00f6lt und an einem trockenen Ort aufbewahrt werden.<\/li> <\/ol>    <h2 class=\"wp-block-heading\"><strong>Erfolgreicher Fall:<\/strong> <strong>Vollautomatische Hei\u00dfschrauben-\u00d6lpresse nach Thailand verkauft<\/strong><\/h2>    <p>Unsere Vertriebsleiterin Winne erhielt eine Anfrage von einem thail\u00e4ndischen Kunden. Dieser thail\u00e4ndische Kunde betreibt eine Erdnuss\u00f6lverarbeitungsanlage. Er m\u00f6chte die Ausr\u00fcstung auf den neuesten Stand bringen. Durch Kommunikation verkauft ein thail\u00e4ndischer Kunde eine gro\u00dfe Auswahl an Alt\u00f6len. Wie Erdnuss\u00f6l, Raps\u00f6l, Sonnenblumen\u00f6l usw. Deshalb empfiehlt Winne seine vollautomatische Schneckenpresse. Dann empfahl Winne entsprechend seinem t\u00e4glichen Verkaufsvolumen den Typ 60. Da er \u00d6l verkauft und mehr Klarheit haben m\u00f6chte, m\u00f6chte er auch einen Zentrifugal\u00f6lfilter. Nachdem er sich ein detailliertes Bild von der Leistung, den Parametern, den Arbeitsvideos usw. der Maschine gemacht hatte, kam er zu einer Zusammenarbeit mit uns.<\/p>   <div class=\"wp-block-image\"> <figure class=\"aligncenter size-full\"><img loading=\"lazy\" decoding=\"async\" width=\"720\" height=\"280\" src=\"https:\/\/taizyagromachine.com\/wp-content\/uploads\/2022\/04\/order-details-fully-automatic-screw-oil-press-machine.jpg\" alt=\"Bestelldetails \u2013 vollautomatische Schnecken\u00f6lpressmaschine\" class=\"wp-image-2426\" srcset=\"https:\/\/taizyagromachine.com\/wp-content\/uploads\/2022\/04\/order-details-fully-automatic-screw-oil-press-machine.jpg 720w, https:\/\/taizyagromachine.com\/wp-content\/uploads\/2022\/04\/order-details-fully-automatic-screw-oil-press-machine-300x117.jpg 300w\" sizes=\"auto, (max-width: 720px) 100vw, 720px\" \/><figcaption class=\"wp-element-caption\">Bestelldetails \u2013 vollautomatische Schnecken\u00f6lpressmaschine<\/figcaption><\/figure> <\/div>   <h2 class=\"wp-block-heading\" id=\"h-\"><strong> <\/strong><\/h2>","protected":false},"excerpt":{"rendered":"<p>Edible oil is inseparable from people&#8217;s daily life. Edible oil requires an oil press for extraction. Therefore, investing in oil press machine can bring huge profits to investors. As a professional oil press manufacturer and supplier, our oil expeller covers almost all varieties on the market. Besides, our oil extraction machine has hot pressing and [&hellip;]<\/p>\n","protected":false},"author":1,"featured_media":2417,"parent":0,"template":"","tags":[],"product-type":[22],"class_list":["post-2416","product","type-product","status-publish","has-post-thumbnail","hentry","product-type-others"],"_links":{"self":[{"href":"https:\/\/taizyagromachine.com\/de\/wp-json\/wp\/v2\/product\/2416","targetHints":{"allow":["GET"]}}],"collection":[{"href":"https:\/\/taizyagromachine.com\/de\/wp-json\/wp\/v2\/product"}],"about":[{"href":"https:\/\/taizyagromachine.com\/de\/wp-json\/wp\/v2\/types\/product"}],"author":[{"embeddable":true,"href":"https:\/\/taizyagromachine.com\/de\/wp-json\/wp\/v2\/users\/1"}],"wp:featuredmedia":[{"embeddable":true,"href":"https:\/\/taizyagromachine.com\/de\/wp-json\/wp\/v2\/media\/2417"}],"wp:attachment":[{"href":"https:\/\/taizyagromachine.com\/de\/wp-json\/wp\/v2\/media?parent=2416"}],"wp:term":[{"taxonomy":"post_tag","embeddable":true,"href":"https:\/\/taizyagromachine.com\/de\/wp-json\/wp\/v2\/tags?post=2416"},{"taxonomy":"product-type","embeddable":true,"href":"https:\/\/taizyagromachine.com\/de\/wp-json\/wp\/v2\/product-type?post=2416"}],"curies":[{"name":"wp","href":"https:\/\/api.w.org\/{rel}","templated":true}]}}