{"id":2431,"date":"2022-04-08T09:50:52","date_gmt":"2022-04-08T09:50:52","guid":{"rendered":"https:\/\/taizyagromachine.com\/?post_type=product&#038;p=2431"},"modified":"2025-04-28T16:51:17","modified_gmt":"2025-04-28T08:51:17","slug":"groundnut-shelling-machine-groundnut-shell-removing-machine","status":"publish","type":"product","link":"https:\/\/taizyagromachine.com\/de\/product\/groundnut-shelling-machine-groundnut-shell-removing-machine\/","title":{"rendered":"Erdnusssch\u00e4lmaschine zum Entfernen von Erdnussschalen"},"content":{"rendered":"<p class=\"translation-block\"><strong>Erdnusssch\u00e4lmaschine<\/strong> entfernt leicht die Erdnusshaut und liefert saubere und ganze Erdnusskerne. Diese Art von Erdnusssch\u00e4lmaschine hat eine Kapazit\u00e4t von 200\u2013800 kg\/h mit den Vorteilen flexibler Stromversorgungssysteme, einer hohen Sch\u00e4lrate und einer niedrigen Bruchrate.<\/p>    <p>Erdn\u00fcsse sind reich an N\u00e4hrstoffen. Nicht nur f\u00fcr die \u00d6lf\u00f6rderung, sondern auch f\u00fcr die Lebensmittelindustrie. Dar\u00fcber hinaus kann es auch direkt verzehrt werden. Deshalb verwenden wir den Erdnusssch\u00e4ler. Dar\u00fcber hinaus verf\u00fcgt unser Erdnusssch\u00e4ler \u00fcber ein CE-Zertifikat. <\/p>    <p>Au\u00dferdem erfreut sich unsere Erdnusssch\u00e4lmaschine in vielen L\u00e4ndern und Regionen gro\u00dfer Beliebtheit. Wie Senegal, Nigeria, Kenia, Kongo, Simbabwe, Gambia, Griechenland usw.<\/p>    <figure class=\"wp-block-embed is-type-video is-provider-youtube wp-block-embed-youtube wp-embed-aspect-16-9 wp-has-aspect-ratio\"><div class=\"wp-block-embed__wrapper\"> <iframe loading=\"lazy\" title=\"Kosteng\u00fcnstige Erdnussschalenmaschine zum Entfernen von Nussschalen | Wie funktioniert eine industrielle Erdnussschalenmaschine?\" width=\"500\" height=\"281\" src=\"https:\/\/www.youtube.com\/embed\/laJ9QAIVMf0?feature=oembed\" frameborder=\"0\" allow=\"accelerometer; autoplay; clipboard-write; encrypted-media; gyroscope; picture-in-picture; web-share\" referrerpolicy=\"strict-origin-when-cross-origin\" allowfullscreen><\/iframe> <\/div><figcaption class=\"wp-element-caption\">Video von einer Erdnusssch\u00e4lmaschine<\/figcaption><\/figure>    <h2 class=\"wp-block-heading\" id=\"h-industrial-automatic-peanut-shelling-machine-for-sale\"><strong>Industrielle automatische Erdnusssch\u00e4lmaschine zu verkaufen<\/strong><\/h2>    <p>Als f\u00fchrender und professioneller Landmaschinenhersteller und -lieferant verf\u00fcgen wir \u00fcber verschiedene Modelle, um Ihren Anforderungen gerecht zu werden. Nat\u00fcrlich hat jedes Modell eines Erdnusssch\u00e4lers seine St\u00e4rken und Eigenschaften. Ich stelle sie Ihnen einzeln vor.<\/p>    <h3 class=\"wp-block-heading\"><strong>TBH-200 Kleine Erdnusssch\u00e4lmaschine<\/strong><\/h3>    <p>Diese Art von Erdnusssch\u00e4ler kann mit Dieselmotor, Motor und Benzinmotor betrieben werden. In dieser Sch\u00e4lmaschine wird ein Sieb verwendet. Wir werden jedoch zwei Siebe zusammen mit der Maschine anordnen. <\/p>    <p>Sie k\u00f6nnen das Sieb auch an die Erdnussform anpassen. Diese Art von Maschine zum Entfernen von Erdnussschalen bietet die Vorteile einer hohen Effizienz, eines geringen Schadens und einer hohen Sch\u00e4lrate. Es handelt sich also um eine Erdnusssch\u00e4lmaschine f\u00fcr Privatanwender und kleine Unternehmen.<\/p>   <div class=\"wp-block-image\"> <figure class=\"aligncenter size-full\"><img loading=\"lazy\" decoding=\"async\" width=\"720\" height=\"540\" src=\"https:\/\/taizyagromachine.com\/wp-content\/uploads\/2022\/04\/peanut-shelling-machine-TBH-200.jpg\" alt=\"Erdnusssch\u00e4lmaschine-TBH-200\" class=\"wp-image-2433\" srcset=\"https:\/\/taizyagromachine.com\/wp-content\/uploads\/2022\/04\/peanut-shelling-machine-TBH-200.jpg 720w, https:\/\/taizyagromachine.com\/wp-content\/uploads\/2022\/04\/peanut-shelling-machine-TBH-200-300x225.jpg 300w\" sizes=\"auto, (max-width: 720px) 100vw, 720px\" \/><figcaption class=\"wp-element-caption\">Erdnusssch\u00e4lmaschine-TBH-200<\/figcaption><\/figure> <\/div>   <figure class=\"wp-block-embed is-type-video is-provider-youtube wp-block-embed-youtube wp-embed-aspect-16-9 wp-has-aspect-ratio\"><div class=\"wp-block-embed__wrapper\"> <iframe loading=\"lazy\" title=\"Wie funktioniert ein Erdnusssch\u00e4ler? Wie werden die Erdnussschalen entfernt?\" width=\"500\" height=\"281\" src=\"https:\/\/www.youtube.com\/embed\/ItqAlwJXEL8?feature=oembed\" frameborder=\"0\" allow=\"accelerometer; autoplay; clipboard-write; encrypted-media; gyroscope; picture-in-picture; web-share\" referrerpolicy=\"strict-origin-when-cross-origin\" allowfullscreen><\/iframe> <\/div><figcaption class=\"wp-element-caption\">Video zur Funktionsweise der Erdnusssch\u00e4lmaschine<\/figcaption><\/figure>    <h3 class=\"wp-block-heading\"><strong>TBH-400 Automatischer Erdnussschalenentferner <\/strong><\/h3>    <p>Der Erdnusssch\u00e4ler verf\u00fcgt \u00fcber ein \u00e4hnliches Antriebssystem wie der TBH-200, es stehen drei Antriebsger\u00e4te zur Verf\u00fcgung.  Au\u00dferdem sind zwei Siebe vorhanden und nur eines ist installiert. Das Gebl\u00e4se entfernt Verunreinigungen. Es wird eine Gummiwalze verwendet. <\/p>    <p>Im Vergleich zur oben genannten Maschine verf\u00fcgt diese industrielle Erdnusssch\u00e4lmaschine \u00fcber eine gr\u00f6\u00dfere Kapazit\u00e4t.<\/p>    <figure class=\"wp-block-gallery aligncenter has-nested-images columns-default is-cropped wp-block-gallery-2 is-layout-flex wp-block-gallery-is-layout-flex\"> <figure class=\"wp-block-image size-large\"><img loading=\"lazy\" decoding=\"async\" width=\"540\" height=\"720\" data-id=\"2435\" src=\"https:\/\/taizyagromachine.com\/wp-content\/uploads\/2022\/04\/groundnut-sheller-TBH-400.jpg\" alt=\"Erdnusssch\u00e4ler-TBH-400\" class=\"wp-image-2435\" srcset=\"https:\/\/taizyagromachine.com\/wp-content\/uploads\/2022\/04\/groundnut-sheller-TBH-400.jpg 540w, https:\/\/taizyagromachine.com\/wp-content\/uploads\/2022\/04\/groundnut-sheller-TBH-400-225x300.jpg 225w\" sizes=\"auto, (max-width: 540px) 100vw, 540px\" \/><figcaption class=\"wp-element-caption\">Erdnusssch\u00e4ler-TBH-400<\/figcaption><\/figure>    <figure class=\"wp-block-image size-full\"><img loading=\"lazy\" decoding=\"async\" width=\"540\" height=\"720\" data-id=\"2436\" src=\"https:\/\/taizyagromachine.com\/wp-content\/uploads\/2022\/04\/peanut-shell-removing-machine-TBH-400.jpg\" alt=\"Erdnussschalen-Entfernungsmaschine-TBH-400\" class=\"wp-image-2436\" srcset=\"https:\/\/taizyagromachine.com\/wp-content\/uploads\/2022\/04\/peanut-shell-removing-machine-TBH-400.jpg 540w, https:\/\/taizyagromachine.com\/wp-content\/uploads\/2022\/04\/peanut-shell-removing-machine-TBH-400-225x300.jpg 225w\" sizes=\"auto, (max-width: 540px) 100vw, 540px\" \/><figcaption class=\"wp-element-caption\">Erdnussschalen-Entfernungsmaschine-TBH-400<\/figcaption><\/figure> <\/figure>    <figure class=\"wp-block-gallery aligncenter has-nested-images columns-default is-cropped wp-block-gallery-3 is-layout-flex wp-block-gallery-is-layout-flex\"> <figure class=\"wp-block-image size-full\"><img loading=\"lazy\" decoding=\"async\" width=\"720\" height=\"540\" data-id=\"2434\" src=\"https:\/\/taizyagromachine.com\/wp-content\/uploads\/2022\/04\/rubber-roller.jpg\" alt=\"Gummiwalze\" class=\"wp-image-2434\" srcset=\"https:\/\/taizyagromachine.com\/wp-content\/uploads\/2022\/04\/rubber-roller.jpg 720w, https:\/\/taizyagromachine.com\/wp-content\/uploads\/2022\/04\/rubber-roller-300x225.jpg 300w\" sizes=\"auto, (max-width: 720px) 100vw, 720px\" \/><figcaption class=\"wp-element-caption\">Gummiwalze<\/figcaption><\/figure> <\/figure>    <h3 class=\"wp-block-heading\"><strong>Kommerzielle Erdnusssch\u00e4lmaschine TBH-800<\/strong>  <\/h3>    <p>Die Erdnuss-Entkernungsmaschine kann drei Leistungsger\u00e4te verwenden. Und es hat die Vorteile, dass zwei Gebl\u00e4se und zwei Siebe installiert sind. Die Eisenwalze wird zum Dreschen von Erdn\u00fcssen eingesetzt. <\/p>    <p>Au\u00dferdem kann diese automatische Erdnusssch\u00e4lmaschine Erdn\u00fcsse zweimal sch\u00e4len, was zu viel saubereren Erdnusskernen f\u00fchrt.<\/p>   <div class=\"wp-block-image\"> <figure class=\"aligncenter size-full\"><img loading=\"lazy\" decoding=\"async\" width=\"720\" height=\"540\" src=\"https:\/\/taizyagromachine.com\/wp-content\/uploads\/2022\/04\/peanut-skin-remover-TBH-800.jpg\" alt=\"Erdnusshautentferner-TBH-800\" class=\"wp-image-2438\" srcset=\"https:\/\/taizyagromachine.com\/wp-content\/uploads\/2022\/04\/peanut-skin-remover-TBH-800.jpg 720w, https:\/\/taizyagromachine.com\/wp-content\/uploads\/2022\/04\/peanut-skin-remover-TBH-800-300x225.jpg 300w\" sizes=\"auto, (max-width: 720px) 100vw, 720px\" \/><figcaption class=\"wp-element-caption\">Erdnusshautentferner-TBH-800<\/figcaption><\/figure> <\/div>   <h3 class=\"wp-block-heading\"><strong>6BHD-800D Erdnusssch\u00e4lmaschine f\u00fcr Projekt<\/strong><\/h3>    <p>Dieses Erdnusssch\u00e4lger\u00e4t ist dem TBH-800 sehr \u00e4hnlich. Aber diese Maschine kann mit gro\u00dfen R\u00e4dern ausgestattet werden. Afrikanische Kunden m\u00f6gen diese Art von tragbaren Erdnusssch\u00e4lern sehr. Wenn Sie also Projekte in Afrika haben, k\u00f6nnen Sie uns kontaktieren, um dieses Modell zu w\u00e4hlen und Ihr Gesch\u00e4ft zu erleichtern.<\/p>   <div class=\"wp-block-image\"> <figure class=\"aligncenter size-full\"><img loading=\"lazy\" decoding=\"async\" width=\"720\" height=\"540\" src=\"https:\/\/taizyagromachine.com\/wp-content\/uploads\/2022\/04\/groundnut-shell-removing-machine-6BHD-800B.jpg\" alt=\"Erdnussschalen-Entfernungsmaschine-6BHD-800B\" class=\"wp-image-2439\" srcset=\"https:\/\/taizyagromachine.com\/wp-content\/uploads\/2022\/04\/groundnut-shell-removing-machine-6BHD-800B.jpg 720w, https:\/\/taizyagromachine.com\/wp-content\/uploads\/2022\/04\/groundnut-shell-removing-machine-6BHD-800B-300x225.jpg 300w\" sizes=\"auto, (max-width: 720px) 100vw, 720px\" \/><figcaption class=\"wp-element-caption\">Erdnussschalen-Entfernungsmaschine-6BHD-800B<\/figcaption><\/figure> <\/div>   <h2 class=\"wp-block-heading\"><strong>Technische Parameter der Erdnusssch\u00e4lmaschine<\/strong><\/h2>    <figure class=\"wp-block-table\"><table><tbody><tr><td>Modell<\/td><td>Kapazit\u00e4t<\/td><td>Leistung<\/td><td>Gewicht<\/td><td>Gr\u00f6\u00dfe<\/td><\/tr><tr><td>TBH-200<\/td><td>200kg\/h<\/td><td>2,2-kW-Motor, 170F-Benzinmotor, 6-PS-Dieselmotor<\/td><td>40kg<\/td><td>650*<em>560<\/em>*1000mm<\/td><\/tr><tr><td>TBH-400<\/td><td>300-400kg\/h<\/td><td>3-kW-Motor, 170F-Benzinmotor, 8-PS-Dieselmotor<\/td><td>\/<\/td><td>\/<\/td><\/tr><tr><td>TBH-800<\/td><td>600\u2013800 kg\/h<\/td><td>3-kW-Motor ODER 170F-Benzinmotor, 8-PS-Dieselmotor<\/td><td>160kg<\/td><td>1330*750*1570mm<\/td><\/tr><tr><td>6BHD-800B<\/td><td>600\u2013800 kg\/h<\/td><td>2,2\u20133,0 kW Motor<\/td><td>160kg<\/td><td>1330*750*1570mm<\/td><\/tr><\/tbody><\/table><figcaption class=\"wp-element-caption\">Technische Parameter des Erdnusssch\u00e4lers<\/figcaption><\/figure>    <h2 class=\"wp-block-heading\" id=\"h-highlights-of-groundnut-shell-removing-machine\"><strong>Highlights der Erdnussschalen-Entfernungsmaschine<\/strong><\/h2>    <ul class=\"wp-block-list\"> <li><strong>Es stehen drei Antriebssysteme zur Verf\u00fcgung<\/strong>. Bei diesen vier Modellen k\u00f6nnen Dieselmotor, Elektromotor und Benzinmotor zum Einsatz kommen. Daher haben Sie viel Auswahlraum.<\/li>    <li><strong>Siebe k\u00f6nnen individuell angepasst werden<\/strong>. Tats\u00e4chlich haben wir zusammen mit der Erdnusssch\u00e4lmaschine gen\u00fcgend Siebe zusammengestellt. Wir k\u00f6nnen das Sieb jedoch immer noch an die Erdnussform anpassen.<\/li>    <li><strong>Verschiedene Kapazit\u00e4ten k\u00f6nnen Ihren Anforderungen gerecht werden<\/strong>. Unser Erdnussschalen-Entferner sch\u00e4lt Erdnussschalen mit einer Leistung von 200 kg pro Stunde bis 800 kg pro Stunde. Daher kann dies Ihren verschiedenen Gesch\u00e4ftsgr\u00f6\u00dfen gerecht werden.<\/li>    <li>Einfache Struktur, einfache Bedienung und stabile Leistung.<\/li>    <li>Hohe Beschussrate, niedrige Schadensrate.<\/li> <\/ul>   <div class=\"wp-block-image\"> <figure class=\"aligncenter size-full\"><img loading=\"lazy\" decoding=\"async\" width=\"720\" height=\"400\" src=\"https:\/\/taizyagromachine.com\/wp-content\/uploads\/2022\/04\/sieve.jpg\" alt=\"Sieb\" class=\"wp-image-2440\" srcset=\"https:\/\/taizyagromachine.com\/wp-content\/uploads\/2022\/04\/sieve.jpg 720w, https:\/\/taizyagromachine.com\/wp-content\/uploads\/2022\/04\/sieve-300x167.jpg 300w\" sizes=\"auto, (max-width: 720px) 100vw, 720px\" \/><figcaption class=\"wp-element-caption\">Sieb<\/figcaption><\/figure> <\/div>   <h2 class=\"wp-block-heading\"><strong>Design und Herstellung von Erdnusssch\u00e4lmaschinen<\/strong><\/h2>    <p>In unserem Unternehmen sind die Konstruktion und Herstellung der Erdnusssch\u00e4lmaschinen im Wesentlichen benutzerfreundlich. Vom Trichter bis zum Einlauf ist der gesamte Aufbau sehr leicht zu verstehen. <\/p>    <p>Es umfasst den Einlass und den Auslass. Zu den Maschinendetails geh\u00f6ren eine Gummiwalze, ein Filtersieb, die Welle des Steuerleitblechs und ein L\u00fcfter. Am Beispiel von TBH-400 wird wie folgt gezeigt:<\/p>    <figure class=\"wp-block-gallery aligncenter has-nested-images columns-default is-cropped wp-block-gallery-4 is-layout-flex wp-block-gallery-is-layout-flex\"> <figure class=\"wp-block-image size-full\"><img loading=\"lazy\" decoding=\"async\" width=\"720\" height=\"540\" data-id=\"2441\" src=\"https:\/\/taizyagromachine.com\/wp-content\/uploads\/2022\/04\/structure-of-groundnut-skin-remover.jpg\" alt=\"Struktur-Erdnussschalen-Entferner\" class=\"wp-image-2441\" srcset=\"https:\/\/taizyagromachine.com\/wp-content\/uploads\/2022\/04\/structure-of-groundnut-skin-remover.jpg 720w, https:\/\/taizyagromachine.com\/wp-content\/uploads\/2022\/04\/structure-of-groundnut-skin-remover-300x225.jpg 300w\" sizes=\"auto, (max-width: 720px) 100vw, 720px\" \/><figcaption class=\"wp-element-caption\">Struktur des Erdnussschalenentferners<\/figcaption><\/figure>    <figure class=\"wp-block-image size-full\"><img loading=\"lazy\" decoding=\"async\" width=\"720\" height=\"540\" data-id=\"2442\" src=\"https:\/\/taizyagromachine.com\/wp-content\/uploads\/2022\/04\/machine-details-groundnut-shelling-machine.jpg\" alt=\"Maschinendetails-Erdnusssch\u00e4lmaschine\" class=\"wp-image-2442\" srcset=\"https:\/\/taizyagromachine.com\/wp-content\/uploads\/2022\/04\/machine-details-groundnut-shelling-machine.jpg 720w, https:\/\/taizyagromachine.com\/wp-content\/uploads\/2022\/04\/machine-details-groundnut-shelling-machine-300x225.jpg 300w\" sizes=\"auto, (max-width: 720px) 100vw, 720px\" \/><figcaption class=\"wp-element-caption\">Maschinendetails <\/figcaption><\/figure> <\/figure>    <h2 class=\"wp-block-heading\"><strong>Funktionsprinzip der industriellen Erdnusssch\u00e4lmaschine<\/strong><\/h2>    <ol class=\"wp-block-list\"> <li>Geben Sie Erdn\u00fcsse in den Trichter. Und dann, abh\u00e4ngig von der Drehung der Aufh\u00e4ngungsh\u00fclse und der Reibkraft der konkaven Platte, werden die Erdnussschale und die Kerne vollst\u00e4ndig getrennt.<\/li>    <li>Beginnen Sie dann mit der zweiten Auswahl gem\u00e4\u00df dem Schwerkrafttrennsieb.<\/li>    <li>Die Kerne kommen durch den Auslass heraus. <\/li> <\/ol>    <h2 class=\"wp-block-heading\"><strong>Warum sollten Sie sich f\u00fcr Taizy als Top-Hersteller von Erdnusssch\u00e4lmaschinen entscheiden?<\/strong><\/h2>    <ol class=\"wp-block-list\"> <li><strong>CE-Zertifikat<\/strong>. Unsere Erdnusssch\u00e4lmaschine verf\u00fcgt \u00fcber ein CE-Zertifikat. <\/li>    <li><strong>Reichhaltige Erfahrung<\/strong>. Unsere Vertriebsleiter verf\u00fcgen \u00fcber umfassende Produktkenntnisse und Erfahrung im Export.  <\/li>    <li><strong>Ber\u00fchmte Marke<\/strong>. Seit unserer Gr\u00fcndung im Jahr 2011 haben wir Maschinen in mehr als 80 L\u00e4nder geliefert. Wie zum Beispiel <strong>Nigeria, Kenia, Uganda, Angola, Simbabwe, Kolumbien, Ghana, Singapur<\/strong>, usw.<\/li> <\/ol>    <h2 class=\"wp-block-heading\"><strong>Erfolgreicher Fall: 4 S\u00e4tze Erdnussschalen nach Nigeria exportiert<\/strong><\/h2>    <p>Dieser nigerianische Kunde hat einen gro\u00dfen Bauernhof, auf dem Erdn\u00fcsse angebaut werden, und m\u00f6chte daher eine Erdnusssch\u00e4lmaschine kaufen. Und weil er Arbeitskr\u00e4fte einstellen wollte, brauchte er mehrere Maschinen. Unser Vertriebsleiter wusste durch die Mitteilung, dass er 4 Maschinen wollte und die Leistung bei etwa 700 kg lag. <\/p>    <p class=\"translation-block\">Auf Anfrage eines nigerianischen Kunden empfahl Winne die <a href=\"https:\/\/taizyagromachine.com\/de\/product\/groundnut-sheller\/\">TBH-800 Industrie-Erdnusssch\u00e4lmaschine<\/a>. Sie schickte eine detaillierte Einf\u00fchrung \u00fcber Maschinenparameter, Leistung, Konfiguration usw. und das Arbeitsvideo. Er war nach dem Ansehen sehr zufrieden und unterzeichnete einen Vertrag mit uns.<\/p>    <h2 class=\"wp-block-heading\"><strong>Kontaktieren Sie uns f\u00fcr den Preis der Taizy-Erdnusssch\u00e4lmaschine!<\/strong><\/h2>    <p class=\"translation-block\">M\u00f6chten Sie schnell eine <a href=\"https:\/\/en.wikipedia.org\/wiki\/Peanut\" target=\"_blank\" rel=\"noopener\">Erdnuss<\/a> sch\u00e4len? Kontaktieren Sie uns und wir k\u00f6nnen Ihnen die optimale L\u00f6sung und ein Angebot unterbreiten.<\/p>    <p><\/p>","protected":false},"excerpt":{"rendered":"<p>Die Erdnusssch\u00e4lmaschine dient zum Entfernen der Pranusshaut und erh\u00e4lt saubere und ganze Erdnusskerne mit einer Kapazit\u00e4t von 400\u2013800 kg\/h. In diesem Artikel stellen wir als Referenz vier Arten von Erdnusssch\u00e4lern vor, es gibt immer eine f\u00fcr Ihre Bed\u00fcrfnisse.<\/p>","protected":false},"author":1,"featured_media":2432,"parent":0,"template":"","tags":[],"product-type":[21],"class_list":["post-2431","product","type-product","status-publish","has-post-thumbnail","hentry","product-type-peanut-machine"],"_links":{"self":[{"href":"https:\/\/taizyagromachine.com\/de\/wp-json\/wp\/v2\/product\/2431","targetHints":{"allow":["GET"]}}],"collection":[{"href":"https:\/\/taizyagromachine.com\/de\/wp-json\/wp\/v2\/product"}],"about":[{"href":"https:\/\/taizyagromachine.com\/de\/wp-json\/wp\/v2\/types\/product"}],"author":[{"embeddable":true,"href":"https:\/\/taizyagromachine.com\/de\/wp-json\/wp\/v2\/users\/1"}],"wp:featuredmedia":[{"embeddable":true,"href":"https:\/\/taizyagromachine.com\/de\/wp-json\/wp\/v2\/media\/2432"}],"wp:attachment":[{"href":"https:\/\/taizyagromachine.com\/de\/wp-json\/wp\/v2\/media?parent=2431"}],"wp:term":[{"taxonomy":"post_tag","embeddable":true,"href":"https:\/\/taizyagromachine.com\/de\/wp-json\/wp\/v2\/tags?post=2431"},{"taxonomy":"product-type","embeddable":true,"href":"https:\/\/taizyagromachine.com\/de\/wp-json\/wp\/v2\/product-type?post=2431"}],"curies":[{"name":"wp","href":"https:\/\/api.w.org\/{rel}","templated":true}]}}