{"id":2457,"date":"2022-04-15T10:28:05","date_gmt":"2022-04-15T10:28:05","guid":{"rendered":"https:\/\/taizyagromachine.com\/?post_type=product&#038;p=2457"},"modified":"2025-02-11T16:31:15","modified_gmt":"2025-02-11T08:31:15","slug":"vegetable-transplanter","status":"publish","type":"product","link":"https:\/\/taizyagromachine.com\/de\/product\/vegetable-transplanter\/","title":{"rendered":"Gem\u00fcsepflanzer | Pflanzmaschine f\u00fcr Gem\u00fcsesetzlinge | S\u00e4mlingspflanzmaschine"},"content":{"rendered":"<p class=\"translation-block\">Wie der Name schon sagt, ist der <strong>Gem\u00fcsepflanzer<\/strong> speziell f\u00fcr das Verpflanzen verschiedener Gem\u00fcse-, Obst- und Blumenkeimlinge konzipiert. <a href=\"https:\/\/nurseryseedingmachine.com\/vegetable-transplanter\/\" target=\"_blank\" rel=\"noreferrer noopener\">Pflanzmaschinen f\u00fcr Setzlinge<\/a> sind in einer Vielzahl von Reihen erh\u00e4ltlich, von 2-12 Reihen. Dies ist eine kundenspezifische Maschine, die genau auf Ihre Bed\u00fcrfnisse zugeschnitten werden kann. Die Stromversorgung erfolgt in der Regel \u00fcber einen Benzinmotor, kann aber auch nach Ihren W\u00fcnschen ge\u00e4ndert werden. Dar\u00fcber hinaus kann unser Gem\u00fcse-Pflanzmaschine viele Funktionen hinzuf\u00fcgen, wie z. B. Tropfbew\u00e4sserung, Folienabdeckung, Bodenlockerung usw. Dies h\u00e4ngt von Ihren spezifischen Anforderungen ab. Gerne k\u00f6nnen Sie sich jederzeit erkundigen.<\/p>    <p class=\"translation-block\"><br>Als <a href=\"https:\/\/taizyagromachine.com\/de\/\" target=\"_blank\" rel=\"noreferrer noopener\">ein anerkannter Maschinenhersteller und -lieferant<\/a> sind unsere Maschinen CE-zertifiziert und werden h\u00e4ufig nach <strong>Kolumbien, in die Vereinigten Staaten, nach Finnland, Marokko, Australien<\/strong> und in andere L\u00e4nder und Regionen exportiert.<\/p>    <h2 class=\"wp-block-heading\" id=\"h-working-video-of-tractor-driven-vegetable-transplanter-machine\"><strong>Arbeitsvideo einer traktorbetriebenen Gem\u00fcsepflanzmaschine<\/strong><\/h2>    <figure class=\"wp-block-embed is-type-video is-provider-youtube wp-block-embed-youtube wp-embed-aspect-16-9 wp-has-aspect-ratio\"><div class=\"wp-block-embed__wrapper\"> <iframe loading=\"lazy\" title=\"Der Gem\u00fcsepflanzer vom Traktortyp arbeitet auf flachen Feldern und bietet auch die Funktion einer Folienabdeckung.\" width=\"500\" height=\"281\" src=\"https:\/\/www.youtube.com\/embed\/u7n76TRlcD8?feature=oembed\" frameborder=\"0\" allow=\"accelerometer; autoplay; clipboard-write; encrypted-media; gyroscope; picture-in-picture; web-share\" referrerpolicy=\"strict-origin-when-cross-origin\" allowfullscreen><\/iframe> <\/div><\/figure>    <h2 class=\"wp-block-heading\" id=\"h-fully-automatic-vegetable-transplanter-for-sale\"><strong>Vollautomatische Gem\u00fcsepflanzmaschine zu verkaufen<\/strong><\/h2>    <p><br>Jede Gem\u00fcsepflanzmaschine hat ihre eigenen Vorteile und Merkmale und alle sind Maschinen, die an Ihre Bed\u00fcrfnisse angepasst werden k\u00f6nnen.<\/p>    <h3 class=\"wp-block-heading\"><br><strong>Typ 1: Selbstfahrende Pflanzmaschine<\/strong><\/h3>    <p><br>Diese Pflanzmaschine hat nur 2 und 4 Reihen und der Pflanz- und Reihenabstand ist gering. Als Antrieb dient ein Benzinmotor. Geeignet f\u00fcr alle Gem\u00fcsesorten wie Zwiebeln, Tomaten, Salat, Auberginen usw. Diese Maschine ist sehr sparsam und praktisch. Es kann auf flachen oder geriffelten Feldern eingesetzt werden. Dies ist eine Direktsaat-Gem\u00fcsepflanzmaschine.<\/p>   <div class=\"wp-block-image\"> <figure class=\"aligncenter size-full\"><img loading=\"lazy\" decoding=\"async\" width=\"720\" height=\"540\" src=\"https:\/\/taizyagromachine.com\/wp-content\/uploads\/2022\/04\/self-propelled-transplanter-machine.jpg\" alt=\"selbstfahrende Pflanzmaschine\" class=\"wp-image-2462\" srcset=\"https:\/\/taizyagromachine.com\/wp-content\/uploads\/2022\/04\/self-propelled-transplanter-machine.jpg 720w, https:\/\/taizyagromachine.com\/wp-content\/uploads\/2022\/04\/self-propelled-transplanter-machine-300x225.jpg 300w\" sizes=\"auto, (max-width: 720px) 100vw, 720px\" \/><figcaption class=\"wp-element-caption\">selbstfahrende Pflanzmaschine<\/figcaption><\/figure> <\/div>   <h4 class=\"wp-block-heading\"><strong>Design eines handgehaltenen Gem\u00fcsepflanzers<\/strong><\/h4>    <p>Das gr\u00f6\u00dfte Merkmal dieser Art von Pflanzmaschine besteht darin, dass sie mit der Hand gehalten werden muss, um die Vorschubrichtung zu steuern. Andere Strukturen sind \u00e4hnlich, einschlie\u00dflich Tabletts, Setzlingsbecher, Sitze und Dukctills.<\/p>   <div class=\"wp-block-image\"> <figure class=\"aligncenter size-full\"><img loading=\"lazy\" decoding=\"async\" width=\"720\" height=\"540\" src=\"https:\/\/taizyagromachine.com\/wp-content\/uploads\/2022\/04\/strcture-of-self-propelled-vegetable-transplanter-machine.jpg\" alt=\"Struktur einer selbstfahrenden Gem\u00fcsepflanzmaschine\" class=\"wp-image-2459\" srcset=\"https:\/\/taizyagromachine.com\/wp-content\/uploads\/2022\/04\/strcture-of-self-propelled-vegetable-transplanter-machine.jpg 720w, https:\/\/taizyagromachine.com\/wp-content\/uploads\/2022\/04\/strcture-of-self-propelled-vegetable-transplanter-machine-300x225.jpg 300w\" sizes=\"auto, (max-width: 720px) 100vw, 720px\" \/><figcaption class=\"wp-element-caption\">Struktur einer selbstfahrenden Gem\u00fcsepflanzmaschine<\/figcaption><\/figure> <\/div>   <h4 class=\"wp-block-heading\" id=\"h-technical-parameters\"><strong>Technische Parameter von selbstfahrten Transplanter<\/strong><\/h4>    <figure class=\"wp-block-table\"><table><tbody><tr><td>Modell<\/td><td>2ZBZ-2<\/td><td>2ZBZ-4<\/td><\/tr><tr><td>Pflanzenabstand<\/td><td>200-500mm<\/td><td>200-500mm<\/td><\/tr><tr><td>Reihenabstand<\/td><td>300-500mm<\/td><td>150\u2013300 mm<\/td><\/tr><tr><td>Kapazit\u00e4t<\/td><td>1000-1400\u33a1\/h<\/td><td>1400-2000\u33a1\/h<\/td><\/tr><tr><td>Reihe<\/td><td>2<\/td><td>4<\/td><\/tr><tr><td>Leistung<\/td><td>4,05 kW<\/td><td>4,05 kW<\/td><\/tr><\/tbody><\/table><\/figure>    <h4 class=\"wp-block-heading\"><strong>Operationen Video der selbstfahrenden Transplantationsmaschine<\/strong><\/h4>    <figure class=\"wp-block-embed is-type-video is-provider-youtube wp-block-embed-youtube wp-embed-aspect-16-9 wp-has-aspect-ratio\"><div class=\"wp-block-embed__wrapper\"> <iframe loading=\"lazy\" title=\"Leitfaden f\u00fcr selbstgedruckte Transplanter-Bediener: Einfache Tipps f\u00fcr effizientes Pflanzen! S\u00e4mlingspflanzer\" width=\"500\" height=\"281\" src=\"https:\/\/www.youtube.com\/embed\/_AfuL5t-4YM?feature=oembed\" frameborder=\"0\" allow=\"accelerometer; autoplay; clipboard-write; encrypted-media; gyroscope; picture-in-picture; web-share\" referrerpolicy=\"strict-origin-when-cross-origin\" allowfullscreen><\/iframe> <\/div><figcaption class=\"wp-element-caption\">mechanischer Transplanter<\/figcaption><\/figure>    <h3 class=\"wp-block-heading\"><strong>Typ 2: Raupen-Pflanzmaschine f\u00fcr Gem\u00fcsesetzlinge<\/strong><\/h3>    <p>Der Pflanzenpflanzer \u00fcbernimmt die Raupenspur, wie ein Panzer, um sich vorw\u00e4rts zu bewegen.  Die Anzahl der Reihen betr\u00e4gt 4-12 (gerade Reihen). Der verwendete Benzinmotor ist gr\u00f6\u00dfer als die selbstfahrende Pflanzmaschine. Dar\u00fcber hinaus kann er durch einen Dieselmotor ersetzt werden. Diese Maschine verf\u00fcgt \u00fcber einen kleinen Einstellbereich f\u00fcr Pflanzen- und Reihenabstand. Es k\u00f6nnen jedoch die Funktionen Folienabdeckung und Tropfbew\u00e4sserung hinzugef\u00fcgt werden. Die H\u00f6he des Firsts kann innerhalb von 20 cm liegen.<\/p>   <div class=\"wp-block-image\"> <figure class=\"aligncenter size-full\"><img loading=\"lazy\" decoding=\"async\" width=\"720\" height=\"540\" src=\"https:\/\/taizyagromachine.com\/wp-content\/uploads\/2022\/04\/crawler-type-transplanter.jpg\" alt=\"Raupenpflanzmaschine\" class=\"wp-image-2463\" srcset=\"https:\/\/taizyagromachine.com\/wp-content\/uploads\/2022\/04\/crawler-type-transplanter.jpg 720w, https:\/\/taizyagromachine.com\/wp-content\/uploads\/2022\/04\/crawler-type-transplanter-300x225.jpg 300w\" sizes=\"auto, (max-width: 720px) 100vw, 720px\" \/><figcaption class=\"wp-element-caption\">Raupenpflanzmaschine<\/figcaption><\/figure> <\/div>   <h4 class=\"wp-block-heading\"><strong>Aufbau einer Direktsaat-Gem\u00fcsepflanzmaschine<\/strong><\/h4>    <p>Der gr\u00f6\u00dfte Unterschied besteht darin, dass es Schienen gibt und es einen Sitz gibt, der speziell f\u00fcr die Person konzipiert ist, die die gesamte Maschine steuert. Der Rest ist gleich.<\/p>   <div class=\"wp-block-image\"> <figure class=\"aligncenter size-full\"><img loading=\"lazy\" decoding=\"async\" width=\"720\" height=\"540\" src=\"https:\/\/taizyagromachine.com\/wp-content\/uploads\/2022\/04\/strucutre-of-cralwer-vegetable-transplanter-machine.jpg\" alt=\"Struktur der Gem\u00fcsepflanzmaschine von Cralwer\" class=\"wp-image-2460\" srcset=\"https:\/\/taizyagromachine.com\/wp-content\/uploads\/2022\/04\/strucutre-of-cralwer-vegetable-transplanter-machine.jpg 720w, https:\/\/taizyagromachine.com\/wp-content\/uploads\/2022\/04\/strucutre-of-cralwer-vegetable-transplanter-machine-300x225.jpg 300w\" sizes=\"auto, (max-width: 720px) 100vw, 720px\" \/><figcaption class=\"wp-element-caption\">Struktur der Raupen-Gem\u00fcsepflanzmaschine<\/figcaption><\/figure> <\/div>   <h4 class=\"wp-block-heading\" id=\"h-technical-parameters-1\"><strong>Technische Parameter von S\u00e4mlingen Transplanter<\/strong><\/h4>    <figure class=\"wp-block-table\"><table><tbody><tr><td>Modell<\/td><td>2ZBLZ-4<\/td><td>2ZBLZ-6<\/td><td>2ZBLZ-8<\/td><td>2ZBLZ-10<\/td><td>2ZBLZ-12<\/td><\/tr><tr><td>Pflanzenabstand<\/td><td>200\u2013450 mm<\/td><td>80-200mm<\/td><td>80-200mm<\/td><td>80-200mm<\/td><td>80-200mm<\/td><\/tr><tr><td>Reihenabstand<\/td><td>100mm<\/td><td>150-200mm<\/td><td>100-200mm<\/td><td>150mm<\/td><td>100-150mm<\/td><\/tr><tr><td>Reihe<\/td><td>4<\/td><td>6<\/td><td>8<\/td><td>10<\/td><td>12<\/td><\/tr><tr><td>Leistung<\/td><td>4,05 kW<\/td><td>7,5 kW<\/td><td>7,5 kW<\/td><td>7,5 kW<\/td><td>7,5 kW<\/td><\/tr><\/tbody><\/table><\/figure>    <h3 class=\"wp-block-heading\"><strong>Typ 3: S\u00e4mlingspflanzmaschine mit Traktorantrieb<\/strong><\/h3>    <p>Diese Pflanzmaschine verf\u00fcgt \u00fcber einen Traktorantrieb.  Die Verpflanzungsreihen reichen von 2 bis 12 (gerade Reihen). Aber die meisten Funktionen sind verf\u00fcgbar, wie zum Beispiel D\u00fcngung, Bodenbearbeitung, Damm, Aussaat, Tropfbew\u00e4sserung, Folienabdeckung und Bew\u00e4sserung. Wenn Sie Bedarf haben, k\u00f6nnen Sie uns jederzeit kontaktieren.<\/p>   <div class=\"wp-block-image\"> <figure class=\"aligncenter size-full\"><img loading=\"lazy\" decoding=\"async\" width=\"720\" height=\"540\" src=\"https:\/\/taizyagromachine.com\/wp-content\/uploads\/2022\/04\/tractor-driven-type-tranaplanter-machine-.jpg\" alt=\"Tranaplanter-Maschine mit Traktorantrieb \" class=\"wp-image-2464\" srcset=\"https:\/\/taizyagromachine.com\/wp-content\/uploads\/2022\/04\/tractor-driven-type-tranaplanter-machine-.jpg 720w, https:\/\/taizyagromachine.com\/wp-content\/uploads\/2022\/04\/tractor-driven-type-tranaplanter-machine--300x225.jpg 300w\" sizes=\"auto, (max-width: 720px) 100vw, 720px\" \/><figcaption class=\"wp-element-caption\">Tranaplanter-Maschine mit Traktorantrieb <\/figcaption><\/figure> <\/div>   <h4 class=\"wp-block-heading\"><strong>Bau von traktorgetriebenen Pflanzmaschinen<\/strong><\/h4>    <p>Diese Gem\u00fcsepflanzmaschine verf\u00fcgt \u00fcber einen Traktor, ein Bediener sollte verf\u00fcgbar sein. Die anderen haben eine \u00e4hnliche Struktur wie die beiden oben genannten Arten.<\/p>   <div class=\"wp-block-image\"> <figure class=\"aligncenter size-full\"><img loading=\"lazy\" decoding=\"async\" width=\"720\" height=\"540\" src=\"https:\/\/taizyagromachine.com\/wp-content\/uploads\/2022\/04\/structure-of-tractor-type-vegetable-transplanter-machine.jpg\" alt=\"Aufbau einer traktorartigen Gem\u00fcsepflanzmaschine\" class=\"wp-image-2458\" srcset=\"https:\/\/taizyagromachine.com\/wp-content\/uploads\/2022\/04\/structure-of-tractor-type-vegetable-transplanter-machine.jpg 720w, https:\/\/taizyagromachine.com\/wp-content\/uploads\/2022\/04\/structure-of-tractor-type-vegetable-transplanter-machine-300x225.jpg 300w\" sizes=\"auto, (max-width: 720px) 100vw, 720px\" \/><figcaption class=\"wp-element-caption\">Aufbau einer Pflanzmaschine vom Traktortyp<\/figcaption><\/figure> <\/div>   <h4 class=\"wp-block-heading\" id=\"h-technical-parameters-2\"><strong>Technische Parameter der Traktor-gesteuerten Keimlings-Transplantationsmaschine<\/strong><\/h4>    <figure class=\"wp-block-table\"><table><tbody><tr><td>Modell<\/td><td>2ZBX-2<\/td><td>2ZBX-4<\/td><td>2ZBX-6<\/td><td>2ZBX-8<\/td><td>2ZBX-10<\/td><td>2ZBX-12<\/td><\/tr><tr><td>Pflanzenabstand<\/td><td>200-500mm<\/td><td>200-500mm<\/td><td>100\u2013400 mm<\/td><td>100\u2013400 mm<\/td><td>100\u2013400 mm<\/td><td>100\u2013400 mm<\/td><\/tr><tr><td>Reihenabstand<\/td><td>250\u2013500 mm<\/td><td>250-300mm<\/td><td>150\u2013300 mm<\/td><td>150\u2013300 mm<\/td><td>150\u2013300 mm<\/td><td>150\u2013300 mm<\/td><\/tr><tr><td>Kapazit\u00e4t<\/td><td>1000-1700\u33a1\/h<\/td><td>1000-2700\u33a1\/h<\/td><td>1400-3400\u33a1\/h<\/td><td>2000-4000\u33a1\/h<\/td><td>2700-5400\u33a1\/h<\/td><td>3700-6700\u33a1\/h<\/td><\/tr><tr><td>Reihe<\/td><td>2<\/td><td>4<\/td><td>6<\/td><td>8<\/td><td>10<\/td><td>12<\/td><\/tr><tr><td>Leistung<\/td><td>\u226530<\/td><td>\u226550<\/td><td>\u226560<\/td><td>\u226560<\/td><td>\u226560<\/td><td>\u226560<\/td><\/tr><\/tbody><\/table><\/figure>    <h2 class=\"wp-block-heading\"><strong>Breite Anwendungen von Gem\u00fcses\u00e4mlingspflanzger\u00e4ten<\/strong><\/h2>    <p>Diese Maschine hat eine Vielzahl von Anwendungen, darunter Gem\u00fcse, Melonen, Blumen und andere.<\/p>    <p>Gem\u00fcse wie Zwiebeln, Tomaten, Salat, Kohl, Auberginen, Paprika, Gurken usw.<br>Melonen wie Wassermelone, Melone, K\u00fcrbis, Zucchini usw.<br>Blumen wie Pfingstrose, Jasmin usw.<br>Andere wie Hanf, Tabak usw.<\/p>    <p>Wir freuen uns auf Ihre Anfragen und werden uns zeitnah bei Ihnen melden.<\/p>   <div class=\"wp-block-image\"> <figure class=\"aligncenter size-full\"><img loading=\"lazy\" decoding=\"async\" width=\"720\" height=\"540\" src=\"https:\/\/taizyagromachine.com\/wp-content\/uploads\/2022\/04\/wide-applications.jpg\" alt=\"breite anwendungen\" class=\"wp-image-2461\" srcset=\"https:\/\/taizyagromachine.com\/wp-content\/uploads\/2022\/04\/wide-applications.jpg 720w, https:\/\/taizyagromachine.com\/wp-content\/uploads\/2022\/04\/wide-applications-300x225.jpg 300w\" sizes=\"auto, (max-width: 720px) 100vw, 720px\" \/><figcaption class=\"wp-element-caption\">breite anwendungen<\/figcaption><\/figure> <\/div>   <h2 class=\"wp-block-heading\"><strong>Vergleich von selbstfahrenden Pflanzmaschinen und Raupenpflanzmaschinen<\/strong><\/h2>    <p class=\"translation-block\">1. <strong>Unterschiedliche anwendbare Reihen<\/strong><\/p>    <p>Die manuelle Pflanzmaschine eignet sich f\u00fcr die kleine Arbeitsreihe, z. B. 2 Reihen und 4 Reihen. Wenn Sie mehr als 4 Reihen pflanzen, wechseln Sie bitte zu anderen Typen. W\u00e4hrend der Raupentyp 4\u201312 Reihen hat, ist er bei der Arbeit wie ein Tank durch einen speziellen Rahmen stabiler.<\/p>    <p class=\"translation-block\">2. <strong>Pflanzenabstand und Reihenabstand<\/strong><\/p>    <p>Wenn der Pflanzraum weniger als 15 cm betr\u00e4gt, ist der Kauf des selbstfahrenden Typs keine gute Wahl. <\/p>    <p>Der Raupentyp hat einen schmalen Pflanzraum und einen engen Reihenabstand, z. B. 10 x 10 cm, mit hoher Pflanzdichte. \u00a0Pflanzenreihen k\u00f6nnen 2 bis 12 Reihen umfassen. \u00a0Wir empfehlen eine Raupenpflanzmaschine.<\/p>    <p class=\"translation-block\">3. <strong>Arbeitsbereich<\/strong><\/p>    <p>Selbstfahrende Maschinen arbeiten haupts\u00e4chlich auf kleinen Feldern wie Gew\u00e4chsh\u00e4usern, Bergmassiven und h\u00fcgeligen Gebieten. Auch die Arbeit in den zerkl\u00fcfteten Feldern ist gut. Es ist klein und einfach zu bedienen.<\/p>    <p>Der Raupentyp funktioniert haupts\u00e4chlich auf gro\u00dfen Ackerfl\u00e4chen und flachem Land. Arbeiten ohne H\u00fcgel sind besser. Es hat eine hohe Arbeitseffizienz.<\/p>    <h2 class=\"wp-block-heading\"><strong>Erfolgreicher Fall: Automatische Gem\u00fcsepflanzmaschine nach Kolumbien exportiert<\/strong><\/h2>    <p>Dieser kolumbianische Kunde ist bereit, Salat zu verpflanzen und verf\u00fcgt bereits \u00fcber eine Maschine zum Z\u00fcchten von Salats\u00e4mlingen. Nachdem er also von der Google-Website zu uns kam, war der Zweck ganz klar, n\u00e4mlich die Verpflanzung von Salat. Als wir also \u00fcber die Details sprachen, wusste unser Verkaufsleiter, dass er auf ebenem Boden pflanzte, und zwar in vier Reihen. Aus diesem Grund empfahl ihm unser Vertriebsleiter die selbstfahrende Pflanzmaschine. Nachdem wir die relevanten Maschinenleistungen, Parameter, Arbeitsvideos usw. verstanden hatten, kamen wir dieses Jahr zu einer Zusammenarbeit. Und im April haben wir die Maschine vorbereitet und auch an seinen Bestimmungsort verschifft.<\/p>    <h2 class=\"wp-block-heading\"><strong>FAQ zum Gem\u00fcsepflanzer<\/strong><\/h2>   <div id=\"rank-math-faq\" class=\"rank-math-block\"> <div class=\"rank-math-list\"> <div id=\"faq-question-1665561421755\" class=\"rank-math-list-item\"> <h3 class=\"rank-math-question\"><strong>F: Wo ist Ihre Fabrik?<\/strong><\/h3> <div class=\"rank-math-answer\">  <p>A: Stadt Qingzhou, Provinz Shangdong. Es ist die Fabrikstadt.<\/p>  <\/div> <\/div> <div id=\"faq-question-1665561428575\" class=\"rank-math-list-item\"> <h3 class=\"rank-math-question\"><strong>F: Welche Gem\u00fcsesorten eignen sich zum Umpflanzen mit dieser Maschine?<\/strong><a href=\"\/de\/What vegetables are suitable for this machine to transplant\/\"><\/a><\/h3> <div class=\"rank-math-answer\">  <p>A: Tomaten, Salat, Chinakohl, Wei\u00dfkohl, Zuckermais, K\u00fcrbis, Hanfsamen, Okraschoten, Gurken, Auberginen, Melonen, Wassermelonen, Paprika, Chili, Bohnen usw.\u00a0<\/p>  <\/div> <\/div> <div id=\"faq-question-1665561446928\" class=\"rank-math-list-item\"> <h3 class=\"rank-math-question\"><strong>F: Welche Kapazit\u00e4t hat eine traktorbetriebene Gem\u00fcsepflanzmaschine?<\/strong><\/h3> <div class=\"rank-math-answer\">  <p>A: 3600 Pflanzen\/Stunde.<\/p>  <\/div> <\/div> <div id=\"faq-question-1665561466160\" class=\"rank-math-list-item\"> <h3 class=\"rank-math-question\"><strong>F: Kann dieses Ger\u00e4t eine Filmfunktion haben?<\/strong><\/h3> <div class=\"rank-math-answer\">  <p>A: Nat\u00fcrlich ist das sowohl beim Raupentyp als auch beim Traktortyp m\u00f6glich.<\/p>  <\/div> <\/div> <div id=\"faq-question-1665561479407\" class=\"rank-math-list-item\"> <h3 class=\"rank-math-question\"><strong>F: Wie w\u00e4re es mit der Rillenfunktion?<\/strong><\/h3> <div class=\"rank-math-answer\">  <p>A: Es sind nur Pflanzmaschinen mit Traktorantrieb erh\u00e4ltlich.<\/p>  <\/div> <\/div> <div id=\"faq-question-1665561496575\" class=\"rank-math-list-item\"> <h3 class=\"rank-math-question\"><strong>F: Wie sieht es mit Garantie und Kundendienst aus?<\/strong><\/h3> <div class=\"rank-math-answer\">  <p>A: 2 Jahre Garantie. Wir bieten Teile der Maschine, Videos zur Installation der Maschine und einen Online-Service f\u00fcr Techniker.<\/p>  <\/div> <\/div> <div id=\"faq-question-1665561509407\" class=\"rank-math-list-item\"> <h3 class=\"rank-math-question\"><strong>F: Welcher ist der n\u00e4chstgelegene Flughafen?<\/strong><\/h3> <div class=\"rank-math-answer\">  <p>A: Flughafen Qingdao. Vom Flughafen bis zur Fabrik dauert die Fahrt mit dem Auto 3 Stunden.<\/p>  <\/div> <\/div> <\/div> <\/div>   <h2 class=\"wp-block-heading\"><strong>Video einer 4-reihigen Gem\u00fcsepflanzmaschine<\/strong><\/h2>    <figure class=\"wp-block-embed is-type-video is-provider-youtube wp-block-embed-youtube wp-embed-aspect-16-9 wp-has-aspect-ratio\"><div class=\"wp-block-embed__wrapper\"> <iframe loading=\"lazy\" title=\"Wie funktioniert die 4-reihige Pflanzmaschine f\u00fcr Gem\u00fcsesetzlinge mit Traktorantrieb? | Umpflanzmaschine #replant\" width=\"500\" height=\"281\" src=\"https:\/\/www.youtube.com\/embed\/-hwDno985Kk?feature=oembed\" frameborder=\"0\" allow=\"accelerometer; autoplay; clipboard-write; encrypted-media; gyroscope; picture-in-picture; web-share\" referrerpolicy=\"strict-origin-when-cross-origin\" allowfullscreen><\/iframe> <\/div><\/figure>","protected":false},"excerpt":{"rendered":"<p>As the name suggests, the vegetable transplanter is specially transplanting various vegetables, fruits, and flower seedlings. Seed transplanter machines are available in a wide range of rows, from 2-12 rows. This is a custom machine that can exactly fit your needs. The power is usually a gasoline engine, but it can also be changed according [&hellip;]<\/p>\n","protected":false},"author":1,"featured_media":2465,"parent":0,"template":"","tags":[],"product-type":[31],"class_list":["post-2457","product","type-product","status-publish","has-post-thumbnail","hentry","product-type-nursery-transplanter"],"_links":{"self":[{"href":"https:\/\/taizyagromachine.com\/de\/wp-json\/wp\/v2\/product\/2457","targetHints":{"allow":["GET"]}}],"collection":[{"href":"https:\/\/taizyagromachine.com\/de\/wp-json\/wp\/v2\/product"}],"about":[{"href":"https:\/\/taizyagromachine.com\/de\/wp-json\/wp\/v2\/types\/product"}],"author":[{"embeddable":true,"href":"https:\/\/taizyagromachine.com\/de\/wp-json\/wp\/v2\/users\/1"}],"wp:featuredmedia":[{"embeddable":true,"href":"https:\/\/taizyagromachine.com\/de\/wp-json\/wp\/v2\/media\/2465"}],"wp:attachment":[{"href":"https:\/\/taizyagromachine.com\/de\/wp-json\/wp\/v2\/media?parent=2457"}],"wp:term":[{"taxonomy":"post_tag","embeddable":true,"href":"https:\/\/taizyagromachine.com\/de\/wp-json\/wp\/v2\/tags?post=2457"},{"taxonomy":"product-type","embeddable":true,"href":"https:\/\/taizyagromachine.com\/de\/wp-json\/wp\/v2\/product-type?post=2457"}],"curies":[{"name":"wp","href":"https:\/\/api.w.org\/{rel}","templated":true}]}}