{"id":2551,"date":"2022-05-07T02:48:46","date_gmt":"2022-05-07T02:48:46","guid":{"rendered":"https:\/\/taizyagromachine.com\/?post_type=product&#038;p=2551"},"modified":"2025-01-06T14:21:19","modified_gmt":"2025-01-06T06:21:19","slug":"chaff-cutter-and-grain-grinder","status":"publish","type":"product","link":"https:\/\/taizyagromachine.com\/de\/product\/chaff-cutter-and-grain-grinder\/","title":{"rendered":"Spreuschneider und Getreidem\u00fchle"},"content":{"rendered":"<p>Diese H\u00e4cksel- und Getreidem\u00fchle ist unser verbessertes Produkt zum Grasschneiden und Getreidemahlen. Die Maschinen der 9ZRF-Serie zeichnen sich durch einen einfachen Aufbau, ein vern\u00fcnftiges Design und eine einfache Bedienung aus. Diese Strohschneide- und Getreidebrechmaschine kann ein breites Spektrum an Erntestroh verarbeiten und ist f\u00fcr den Einsatz gr\u00f6\u00dferer Reihentiere wie Rinder, Schweine, G\u00e4nse und Pferde geeignet. Die Maschine kann Stroh und Gras in weiche, gleichm\u00e4\u00dfig lange Streifen schneiden. Es kann auch Getreide als Tierfutter f\u00fcr Gefl\u00fcgel gemahlen werden. Bei Interesse k\u00f6nnen Sie sich gerne an uns wenden.<\/p>    <h2 class=\"wp-block-heading\" id=\"h-working-video-of-combined-grass-grain-grinder-machine\"><strong>Arbeitsvideo einer kombinierten Gras-Getreidem\u00fchle<\/strong><\/h2>    <figure class=\"wp-block-embed is-type-video is-provider-youtube wp-block-embed-youtube wp-embed-aspect-16-9 wp-has-aspect-ratio\"><div class=\"wp-block-embed__wrapper\"> <iframe loading=\"lazy\" title=\"Grasschneide- und Getreidezerkleinerer \u2013 Wie hackt man Gras und Halme und mahlt Mais? #h\u00e4cksler #silage\" width=\"500\" height=\"281\" src=\"https:\/\/www.youtube.com\/embed\/G5bzZxbTA6I?feature=oembed\" frameborder=\"0\" allow=\"accelerometer; autoplay; clipboard-write; encrypted-media; gyroscope; picture-in-picture; web-share\" referrerpolicy=\"strict-origin-when-cross-origin\" allowfullscreen><\/iframe> <\/div><\/figure>    <figure class=\"wp-block-embed is-type-video is-provider-youtube wp-block-embed-youtube wp-embed-aspect-16-9 wp-has-aspect-ratio\"><div class=\"wp-block-embed__wrapper\"> <iframe loading=\"lazy\" title=\"H\u00e4cksler und Getreidem\u00fchle | kombinierter Gras-Getreidezerkleinerer | Strohschneider und Getreidem\u00fchle\" width=\"500\" height=\"281\" src=\"https:\/\/www.youtube.com\/embed\/cF8y2xCfVfk?feature=oembed\" frameborder=\"0\" allow=\"accelerometer; autoplay; clipboard-write; encrypted-media; gyroscope; picture-in-picture; web-share\" referrerpolicy=\"strict-origin-when-cross-origin\" allowfullscreen><\/iframe> <\/div><\/figure>    <h2 class=\"wp-block-heading\"><strong>Struktur der H\u00e4cksler- und Getreidem\u00fchlenmaschine <\/strong><\/h2>    <p>Diese zum Verkauf stehende Grasschleifmaschine verf\u00fcgt \u00fcber ein sehr benutzerfreundliches Design. Weil es entsprechend der landwirtschaftlichen Entwicklung hergestellt wird. Zun\u00e4chst gelangen Gras und Getreide aus verschiedenen Zul\u00e4ufen in den Boden. Dar\u00fcber hinaus kann die L\u00e4nge des geschnittenen Grases angepasst werden. Au\u00dferdem gibt es den Zyklon, der mit einem Stoffbeutel darunter befestigt werden kann, um Staub zu reduzieren. Im Allgemeinen verwendet die kombinierte Gras-Getreidem\u00fchle einen Elektromotor, sie kann jedoch auch mit einem Dieselmotor ausgestattet werden, um ausreichend Leistung f\u00fcr den Betrieb der Maschine bereitzustellen.<\/p>   <div class=\"wp-block-image\"> <figure class=\"aligncenter size-full\"><img loading=\"lazy\" decoding=\"async\" width=\"720\" height=\"540\" src=\"https:\/\/taizyagromachine.com\/wp-content\/uploads\/2022\/05\/structure-of-chaff-cutter-and-grinder.jpg\" alt=\"Aufbau von H\u00e4cksler und Schleifer\" class=\"wp-image-2555\"\/><figcaption class=\"wp-element-caption\">Aufbau von H\u00e4cksler und Schleifer<\/figcaption><\/figure> <\/div>   <h2 class=\"wp-block-heading\"><strong>Technische Parameter des H\u00e4ckslers und der Getreidem\u00fchle<\/strong><\/h2>    <p>Die H\u00e4cksler- und Getreidem\u00fchlenmaschine ist in verschiedenen Ergiebigkeiten erh\u00e4ltlich, sodass Sie die f\u00fcr Sie passende ausw\u00e4hlen k\u00f6nnen. Obwohl die Anzahl der Klingen gleich ist, sind die Klingen nicht gleich lang, wodurch die Leistung unterschiedlich ist.<\/p>    <figure class=\"wp-block-table\"><table><tbody><tr><td>Modell<\/td><td>Leistung<\/td><td>Kapazit\u00e4t<\/td><td>Klingenl\u00e4nge<\/td><td>Klingenmenge<\/td><td>Gesamtgr\u00f6\u00dfe<\/td><\/tr><tr><td>9ZRF-3.8<\/td><td>zweiphasig 4,5 kW, dreiphasig 3 kW<\/td><td>3800 kg\/h<\/td><td>220*70*6mm<\/td><td>5<\/td><td>1700*1200*1500mm<\/td><\/tr><tr><td>9ZRF-4.8<\/td><td>zweiphasig 4,5 kW, dreiphasig 3 kW<\/td><td>4000 kg\/h<\/td><td>280*70*6mm<\/td><td>5<\/td><td>1950*1200*1800mm<\/td><\/tr><\/tbody><\/table><\/figure>    <h2 class=\"wp-block-heading\" id=\"h-spotlights-of-straw-cutter-and-grain-grinder\"><strong>Spotlights von Strohschneider und Getreidem\u00fchle<\/strong><\/h2>    <ul class=\"wp-block-list\"> <li>Automatische F\u00fctterung. Legen Sie das nasse oder trockene Gras in den Eingang und das Gras gelangt automatisch in den Arbeitsraum, was sehr praktisch und schnell ist und Zeit spart.<\/li>    <li>Die Klingen sind verschlei\u00dffest und langlebig. Dieser H\u00e4cksler und Getreidewolf ist mit hochwertigen Klingen f\u00fcr eine lange Lebensdauer gefertigt.<\/li>    <li>Das Luftgebl\u00e4se erm\u00f6glicht einen schnellen und effizienten Auswurf von Gras und Getreide.<\/li>    <li>Vielseitig. Diese Grasschneide- und Maismahlmaschine kann nicht nur Gras schneiden, sondern auch Getreide mahlen.<\/li>    <li>Ausgestattet mit drei Arten von Klingen. Wenn das Material in die Werkstatt gelangt, macht das Messer das geschnittene Gras weicher und feiner.<\/li> <\/ul>    <figure class=\"wp-block-gallery aligncenter has-nested-images columns-default is-cropped wp-block-gallery-2 is-layout-flex wp-block-gallery-is-layout-flex\"> <figure class=\"wp-block-image size-large\"><img loading=\"lazy\" decoding=\"async\" width=\"720\" height=\"540\" data-id=\"2562\" src=\"https:\/\/taizyagromachine.com\/wp-content\/uploads\/2022\/05\/automatic-feeding.jpg\" alt=\"automatische F\u00fctterung\" class=\"wp-image-2562\"\/><figcaption class=\"wp-element-caption\">automatische F\u00fctterung<\/figcaption><\/figure>    <figure class=\"wp-block-image size-full\"><img loading=\"lazy\" decoding=\"async\" width=\"720\" height=\"540\" data-id=\"2561\" src=\"https:\/\/taizyagromachine.com\/wp-content\/uploads\/2022\/05\/internal-blades.jpg\" alt=\"Innenklingen\" class=\"wp-image-2561\"\/><figcaption class=\"wp-element-caption\">Innenliegende Klingen<\/figcaption><\/figure>    <figure class=\"wp-block-image size-full\"><img loading=\"lazy\" decoding=\"async\" width=\"720\" height=\"540\" data-id=\"2560\" src=\"https:\/\/taizyagromachine.com\/wp-content\/uploads\/2022\/05\/blower.jpg\" alt=\"Gebl\u00e4se\" class=\"wp-image-2560\"\/><figcaption class=\"wp-element-caption\">Gebl\u00e4se<\/figcaption><\/figure> <\/figure>    <h2 class=\"wp-block-heading\"><strong>Welche Anwendungen von Tierfutter-H\u00e4ckslermaschinen?<\/strong><\/h2>    <p class=\"translation-block\">Als <a href=\"https:\/\/taizyagromachine.com\/de\/\" target=\"_blank\" rel=\"noreferrer noopener\">professioneller Hersteller und Lieferant von Landmaschinen<\/a> haben wir eine vielf\u00e4ltige Produktpalette. Diese Art von H\u00e4ckselmaschine f\u00fcr die Landwirtschaft ist multifunktional. Diese Maschine kann Gras zerkleinern und Getreide mahlen. Trockene und feuchte Gr\u00e4ser wie Luzerne, Polei, Maisst\u00e4ngel, lila Polei, Weizenstroh, Weidegras usw. Getreide wie Mais, Sojabohnen, Hafer, Hirse, Erdnussschalen, Maiskolben usw. Tats\u00e4chlich ist das Anwendungsspektrum sehr breit. Es ist eine sehr gute Maschine zum Kauf.<\/p>    <div class=\"wp-block-columns is-layout-flex wp-container-core-columns-is-layout-9d6595d7 wp-block-columns-is-layout-flex\"> <div class=\"wp-block-column is-layout-flow wp-block-column-is-layout-flow\"><div class=\"wp-block-image\"> <figure class=\"aligncenter size-full\"><img loading=\"lazy\" decoding=\"async\" width=\"720\" height=\"540\" src=\"https:\/\/taizyagromachine.com\/wp-content\/uploads\/2022\/05\/applicable-grass.jpg\" alt=\"anwendbares Gras\" class=\"wp-image-2558\"\/><figcaption class=\"wp-element-caption\">anwendbares Gras<\/figcaption><\/figure> <\/div><\/div>    <div class=\"wp-block-column is-layout-flow wp-block-column-is-layout-flow\"><div class=\"wp-block-image\"> <figure class=\"aligncenter size-full\"><img loading=\"lazy\" decoding=\"async\" width=\"720\" height=\"540\" src=\"https:\/\/taizyagromachine.com\/wp-content\/uploads\/2022\/05\/various-grains.jpg\" alt=\"verschiedene K\u00f6rner\" class=\"wp-image-2559\"\/><figcaption class=\"wp-element-caption\">verschiedene K\u00f6rner<\/figcaption><\/figure> <\/div><\/div> <\/div>    <h2 class=\"wp-block-heading\" id=\"h-working-principle-of-grass-cutting-and-grain-crushing-machine\"><strong>Funktionsprinzip der Grasschneide- und Getreidezerkleinerungsmaschine<\/strong><\/h2>    <p>Grasmaterialien werden von Hand in den Einlauf gegeben und automatisch gef\u00f6rdert. Durch die gemeinsame Wirkung der schnell rotierenden Klingen und des durch das Paddel (Windblatt) verursachten Luftstroms gelangen die Materialien in die Werkstatt und werden von den beweglichen Klingen und festen Klingen gehackt, geschnitten, zerrissen und zu lockerer und gebrochener Seide geknetet Streifen, die vom Windfl\u00fcgel aus der Maschine geschleudert werden.<br>Getreidematerialien haben das Gleiche, au\u00dfer dass sie das Sieb passieren und durch den Auslass ausgetragen werden.<\/p>   <div class=\"wp-block-image\"> <figure class=\"aligncenter size-full\"><img loading=\"lazy\" decoding=\"async\" width=\"720\" height=\"540\" src=\"https:\/\/taizyagromachine.com\/wp-content\/uploads\/2022\/05\/combined-straw-cutter-and-grinder-machine.jpg\" alt=\"kombinierte Strohschneide- und Zerkleinerungsmaschine\" class=\"wp-image-2571\"\/><figcaption class=\"wp-element-caption\">kombinierte Strohschneide- und Zerkleinerungsmaschine<\/figcaption><\/figure> <\/div>   <h2 class=\"wp-block-heading\"><strong>Warum sollten Sie sich f\u00fcr den von Taizy Machinery anerkannten Hersteller und Lieferanten von Spreuzyttern und Getreidem\u00fchlen entscheiden?<\/strong><\/h2>    <ol class=\"wp-block-list\"> <li><strong>Kosteng\u00fcnstig<\/strong>. Da wir ein integrierter Fabrik- und Handelsbetrieb sind, handelt es sich bei den Maschinenpreisen um Fabrikpreise, sodass wir im Vergleich einen Preisvorteil haben. Gleichzeitig ist die Qualit\u00e4t unserer Maschinen sehr gut.<\/li>    <li><strong>Erfahrung im Export<\/strong>. Wir sind seit mehr als zehn Jahren in der Au\u00dfenhandelsbranche t\u00e4tig, sodass unsere Mitarbeiter bequemer und schneller mit dem Au\u00dfenhandelsprozess vertraut sind.<\/li>    <li><strong>Solide Fachkenntnisse<\/strong>. Unsere Mitarbeiter sind mit unseren Landmaschinenprodukten bestens vertraut und verstehen sie. Ben\u00f6tigen Sie beispielsweise eine H\u00e4ckslermaschine, besorgen Ihnen unsere Vertriebsmitarbeiter die passende Maschine entsprechend Ihrem Bedarf.<\/li> <\/ol>    <h2 class=\"wp-block-heading\"><strong>Aufmerksamkeit und Vorsichtsma\u00dfnahmen f\u00fcr den H\u00e4cksler und die Getreidem\u00fchle<\/strong><\/h2>    <ol class=\"wp-block-list\"> <li>Beim Betrieb der H\u00e4cksler- und Getreidem\u00fchlenmaschine muss eine vollst\u00e4ndige Sicherheitsausr\u00fcstung vorhanden sein.<\/li>    <li>Der Bediener muss die Leistung der Maschine vollst\u00e4ndig verstehen und es ist strengstens verboten, die Maschine nach dem Trinken, bei Krankheit oder \u00fcberm\u00e4\u00dfiger M\u00fcdigkeit zu starten. <\/li>    <li>Der Arbeitsplatz sollte ger\u00e4umig und mit Brandschutzausr\u00fcstung ausgestattet sein.<\/li>    <li>Die Guillotine muss mit der vorgeschriebenen Geschwindigkeit arbeiten und es ist strengstens verboten, mit \u00fcberm\u00e4\u00dfiger Geschwindigkeit oder \u00dcberlastung zu arbeiten.<\/li>    <li>Die Menge der Materialzufuhr sollte angemessen sein, da eine zu gro\u00dfe Menge leicht zu \u00dcberlastungsstopps f\u00fchren kann. Nat\u00fcrlich nicht zu wenig, zu wenig wirkt sich negativ auf die Schneidleistung aus.<\/li>    <li>Bevor Sie mit der Arbeit aufh\u00f6ren, sollten Sie den variablen Griff in die 0-Position ziehen, die Maschine etwa 2 Minuten lang im Leerlauf laufen lassen und dann anhalten, nachdem Sie den Staub und das Unkraut in das Innere der Maschine geblasen haben.<\/li> <\/ol>    <h2 class=\"wp-block-heading\"><strong>Erfolgreicher Fall: Kommerzielle H\u00e4cksler- und Getreidem\u00fchlenmaschine nach Keyna exportiert<\/strong><\/h2>    <p class=\"translation-block\">Im Februar dieses Jahres erkundigte sich ein Kunde aus Kenia nach Gras-Schneide- und Zerkleinerungsmaschinen. Er hat eine gro\u00dfe landwirtschaftliche Anlage mit Rindern, Schafen und H\u00fchnern. Daher wird t\u00e4glich eine gro\u00dfe Menge Futter ben\u00f6tigt. Nach dem Verst\u00e4ndnis der Situation empfahl unser Verkaufsleiter Coco ihm eine kombinierte Strohschneider- und M\u00fchle. Dies liegt daran, dass die Maschine sowohl zum Schneiden von Gras als auch zum Mahlen von Getreide verwendet werden kann. Sie ist sehr praktisch. Coco schickte auch Videos und Fotos der Maschine. Danach gab der kenianische Kunde sofort eine Bestellung auf. Wir lieferten die Maschine im Container per Seefracht an sein Ziel. Zwei Wochen sp\u00e4ter kaufte er eine weitere <a href=\"https:\/\/taizyagromachine.com\/de\/product\/silage-baler\/\">Ballenpresse und Wickelmaschine<\/a>.<\/p>   <div class=\"wp-block-image\"> <figure class=\"aligncenter size-full\"><img loading=\"lazy\" decoding=\"async\" width=\"720\" height=\"540\" src=\"https:\/\/taizyagromachine.com\/wp-content\/uploads\/2022\/04\/load-into-the-container-maize-grits-milling-machine.jpg\" alt=\"Maisgrie\u00df-Mahlmaschine zum Laden in den Container\" class=\"wp-image-2385\" srcset=\"https:\/\/taizyagromachine.com\/wp-content\/uploads\/2022\/04\/load-into-the-container-maize-grits-milling-machine.jpg 720w, https:\/\/taizyagromachine.com\/wp-content\/uploads\/2022\/04\/load-into-the-container-maize-grits-milling-machine-300x225.jpg 300w\" sizes=\"auto, (max-width: 720px) 100vw, 720px\" \/><figcaption class=\"wp-element-caption\">in den Container laden <\/figcaption><\/figure> <\/div>   <h2 class=\"wp-block-heading\"><strong>FAQ<\/strong><\/h2>   <div id=\"rank-math-faq\" class=\"rank-math-block\"> <div class=\"rank-math-list\"> <div id=\"faq-question-1666246457624\" class=\"rank-math-list-item\"> <h3 class=\"rank-math-question\"><strong>F: Ist Zubeh\u00f6r verf\u00fcgbar?<\/strong><\/h3> <div class=\"rank-math-answer\">  <p>A: Sie k\u00f6nnen zus\u00e4tzliche Klingen kaufen.<\/p>  <\/div> <\/div> <div id=\"faq-question-1666246461628\" class=\"rank-math-list-item\"> <h3 class=\"rank-math-question\"><strong>F: Kann der H\u00e4cksler und die Getreidem\u00fchle Zuckerrohr zerkleinern?<\/strong><\/h3> <div class=\"rank-math-answer\">  <p>A: Ja, aber die Klingen verschlei\u00dfen.<\/p>  <\/div> <\/div> <div id=\"faq-question-1666246478374\" class=\"rank-math-list-item\"> <h3 class=\"rank-math-question\"><strong>F: Kann es mit einem Dieselmotor ausgestattet werden?<\/strong><\/h3> <div class=\"rank-math-answer\">  <p>A: Ja, passen Sie einfach den entsprechenden Dieselmotor an seinen Leistungsbedarf an.<\/p>  <\/div> <\/div> <div id=\"faq-question-1666246494123\" class=\"rank-math-list-item\"> <h3 class=\"rank-math-question\"><strong>F: Was ist der Unterschied zwischen den dreien im Vergleich zum H\u00e4cksler und Brecher?<\/strong><\/h3> <div class=\"rank-math-answer\">  <p class=\"translation-block\">A: Die <a href=\"https:\/\/silagebaler.com\/chaff-chopper-corn-stalk-cutter\/\" target=\"_blank\" rel=\"noreferrer noopener\">H\u00e4ckselmaschine<\/a> schneidet das Gras in kleine St\u00fccke; die H\u00e4cksel- und Getreidem\u00fchle schneidet das Gras in weichere und feinere St\u00fccke; die H\u00e4cksel- und Getreidem\u00fchle kann nicht nur Gras schneiden, sondern auch Getreide mahlen.<\/p>  <\/div> <\/div> <div id=\"faq-question-1666246509069\" class=\"rank-math-list-item\"> <h3 class=\"rank-math-question\"><strong>F: Wie sieht es mit der Garantiezeit f\u00fcr den H\u00e4cksler und die Getreidem\u00fchle aus?<\/strong><\/h3> <div class=\"rank-math-answer\">  <p>A: 1 Jahr.<\/p>  <\/div> <\/div> <div id=\"faq-question-1666246532341\" class=\"rank-math-list-item\"> <h3 class=\"rank-math-question\"><strong>F: Wie benutzt man den Strohschneider und die Brechmaschine?<\/strong><\/h3> <div class=\"rank-math-answer\">  <p>A: Die Bedienung ist sehr einfach und wir stellen bei Bedarf Videohilfe und Online-Anleitung zur Verf\u00fcgung.<\/p>  <\/div> <\/div> <\/div> <\/div>","protected":false},"excerpt":{"rendered":"<p>This chaff cutter and grain grinder machine is our upgraded product for grass cutting and grain grinding. 9ZRF series machines are simple in structure, reasonable in design and easy to operate. This straw cutter and grain crusher machine can carry out the processing of a wide range of crop straws and is suitable for the [&hellip;]<\/p>\n","protected":false},"author":1,"featured_media":2574,"parent":0,"template":"","tags":[],"product-type":[19],"class_list":["post-2551","product","type-product","status-publish","has-post-thumbnail","hentry","product-type-silage-machine"],"_links":{"self":[{"href":"https:\/\/taizyagromachine.com\/de\/wp-json\/wp\/v2\/product\/2551","targetHints":{"allow":["GET"]}}],"collection":[{"href":"https:\/\/taizyagromachine.com\/de\/wp-json\/wp\/v2\/product"}],"about":[{"href":"https:\/\/taizyagromachine.com\/de\/wp-json\/wp\/v2\/types\/product"}],"author":[{"embeddable":true,"href":"https:\/\/taizyagromachine.com\/de\/wp-json\/wp\/v2\/users\/1"}],"wp:featuredmedia":[{"embeddable":true,"href":"https:\/\/taizyagromachine.com\/de\/wp-json\/wp\/v2\/media\/2574"}],"wp:attachment":[{"href":"https:\/\/taizyagromachine.com\/de\/wp-json\/wp\/v2\/media?parent=2551"}],"wp:term":[{"taxonomy":"post_tag","embeddable":true,"href":"https:\/\/taizyagromachine.com\/de\/wp-json\/wp\/v2\/tags?post=2551"},{"taxonomy":"product-type","embeddable":true,"href":"https:\/\/taizyagromachine.com\/de\/wp-json\/wp\/v2\/product-type?post=2551"}],"curies":[{"name":"wp","href":"https:\/\/api.w.org\/{rel}","templated":true}]}}